{"id":6093,"date":"2025-03-01T13:00:05","date_gmt":"2025-03-01T13:00:05","guid":{"rendered":"https:\/\/360scooters.com\/pt\/?post_type=product&#038;p=6093"},"modified":"2025-03-01T13:00:51","modified_gmt":"2025-03-01T13:00:51","slug":"vinilo-xiaomi-m365-pro-mi3-naruto","status":"publish","type":"product","link":"https:\/\/360scooters.com\/pt\/producto\/vinilo-xiaomi-m365-pro-mi3-naruto\/","title":{"rendered":"Vinilo Xiaomi M365 \/ PRO \/ Mi3 Naruto"},"content":{"rendered":"<h2>Vinilo Personalizado para Xiaomi Naruto<\/h2>\n<p>Modelo Motorsport colores claros y vivos para personalizar y proteger tu patiente el\u00e9ctrico de peque\u00f1os golpes y ara\u00f1azos.<br \/>\nNuevo dise\u00f1o para tu Xiaomi m365 Motorsport maxima adherencia en el aluminio del patinete el\u00e9ctrico Xiaomi m365.<\/p>\n<p>No es necesario desmontar nada. vinilos patinete xiaomi bmw<\/p>\n<p>Personaliza tu patinete Xiaomi electrico con nuestras pegatinas patinete\u00a0 Xiaomi , desarrollado especialmente por Stylish Scootes.<\/p>\n<p>Dise\u00f1o realizado por\u00a0<strong>Stylish Scooters.<\/strong><\/p>\n<h2>\u00a1Vinilo Motorsport Xiaomi m365!<\/h2>\n<ul>\n<li>V\u00e1lido para todos los modelos Xioami M365<\/li>\n<\/ul>\n<ul>\n<li>V\u00e1lido para patinete xiaomi m365 Pro<\/li>\n<\/ul>\n<ul>\n<li>V\u00e1lido para Xiaomi scooters m365 S1<\/li>\n<\/ul>\n<ul>\n<li>Vinilo alto agarre laminado satinado<\/li>\n<\/ul>\n<ul>\n<li>No deja residuo al retirarlo.<\/li>\n<\/ul>\n<ul>\n<li>No necesitan calor para colocarlos.<\/li>\n<\/ul>\n<ul>\n<li>F\u00e1cil colocaci\u00f3n.<\/li>\n<\/ul>\n<ul>\n<li>Stickers de regalo con cada kit.<\/li>\n<li>\n<div class=\"suggested-keyphrase suggested-keyphrase-2\">vinilos patinete xiaomi bmw<\/div>\n<\/li>\n<\/ul>\n","protected":false},"excerpt":{"rendered":"<p><span style=\"color: #ff6600;\"><em>Este producto puede sufrir retrasos en su entrega por producci\u00f3n<\/em><\/span><\/p>\n<p>Vinilo para pat\u00edn Xiaomi personalizado Naruto. Nuevos gr\u00e1ficos para Xiaomi m\u00e1xima adherencia, para un m\u00e1ximo agarre.<\/p>\n","protected":false},"featured_media":6170,"comment_status":"open","ping_status":"closed","template":"","meta":{"_acf_changed":false},"product_brand":[],"product_cat":[135],"product_tag":[],"class_list":{"0":"post-6093","1":"product","2":"type-product","3":"status-publish","4":"has-post-thumbnail","6":"product_cat-vinils-xiaomi-m365-pro-1s-essential-pro2-mi3","8":"first","9":"instock","10":"sale","11":"taxable","12":"shipping-taxable","13":"purchasable","14":"product-type-simple"},"acf":[],"yoast_head":"<!-- This site is optimized with the Yoast SEO plugin v26.9 - https:\/\/yoast.com\/product\/yoast-seo-wordpress\/ -->\n<title>Vinilo Xiaomi M365 \/ PRO \/ Mi3 Naruto - 360Scooters Portugal<\/title>\n<meta name=\"robots\" content=\"index, follow, max-snippet:-1, max-image-preview:large, max-video-preview:-1\" \/>\n<link rel=\"canonical\" href=\"https:\/\/360scooters.com\/pt\/producto\/vinilo-xiaomi-m365-pro-mi3-naruto\/\" \/>\n<meta property=\"og:locale\" content=\"pt_PT\" \/>\n<meta property=\"og:type\" content=\"article\" \/>\n<meta property=\"og:title\" content=\"Vinilo Xiaomi M365 \/ PRO \/ Mi3 Naruto - 360Scooters Portugal\" \/>\n<meta property=\"og:description\" content=\"Este producto puede sufrir retrasos en su entrega por producci\u00f3n  Vinilo para pat\u00edn Xiaomi personalizado Naruto. Nuevos gr\u00e1ficos para Xiaomi m\u00e1xima adherencia, para un m\u00e1ximo agarre.\" \/>\n<meta property=\"og:url\" content=\"https:\/\/360scooters.com\/pt\/producto\/vinilo-xiaomi-m365-pro-mi3-naruto\/\" \/>\n<meta property=\"og:site_name\" content=\"360Scooters Portugal\" \/>\n<meta property=\"article:modified_time\" content=\"2025-03-01T13:00:51+00:00\" \/>\n<meta name=\"twitter:card\" content=\"summary_large_image\" \/>\n<meta name=\"twitter:label1\" content=\"Tempo estimado de leitura\" \/>\n\t<meta name=\"twitter:data1\" content=\"1 minuto\" \/>\n<script type=\"application\/ld+json\" class=\"yoast-schema-graph\">{\"@context\":\"https:\/\/schema.org\",\"@graph\":[{\"@type\":\"WebPage\",\"@id\":\"https:\/\/360scooters.com\/pt\/producto\/vinilo-xiaomi-m365-pro-mi3-naruto\/\",\"url\":\"https:\/\/360scooters.com\/pt\/producto\/vinilo-xiaomi-m365-pro-mi3-naruto\/\",\"name\":\"Vinilo Xiaomi M365 \/ PRO \/ Mi3 Naruto - 360Scooters Portugal\",\"isPartOf\":{\"@id\":\"https:\/\/360scooters.com\/pt\/#website\"},\"primaryImageOfPage\":{\"@id\":\"https:\/\/360scooters.com\/pt\/producto\/vinilo-xiaomi-m365-pro-mi3-naruto\/#primaryimage\"},\"image\":{\"@id\":\"https:\/\/360scooters.com\/pt\/producto\/vinilo-xiaomi-m365-pro-mi3-naruto\/#primaryimage\"},\"thumbnailUrl\":\"https:\/\/360scooters.com\/pt\/wp-content\/uploads\/sites\/5\/2025\/03\/stylish-scooters-vinilo-para-xiaomi-m365-naruto-343124-1.webp\",\"datePublished\":\"2025-03-01T13:00:05+00:00\",\"dateModified\":\"2025-03-01T13:00:51+00:00\",\"breadcrumb\":{\"@id\":\"https:\/\/360scooters.com\/pt\/producto\/vinilo-xiaomi-m365-pro-mi3-naruto\/#breadcrumb\"},\"inLanguage\":\"pt-PT\",\"potentialAction\":[{\"@type\":\"ReadAction\",\"target\":[\"https:\/\/360scooters.com\/pt\/producto\/vinilo-xiaomi-m365-pro-mi3-naruto\/\"]}]},{\"@type\":\"ImageObject\",\"inLanguage\":\"pt-PT\",\"@id\":\"https:\/\/360scooters.com\/pt\/producto\/vinilo-xiaomi-m365-pro-mi3-naruto\/#primaryimage\",\"url\":\"https:\/\/360scooters.com\/pt\/wp-content\/uploads\/sites\/5\/2025\/03\/stylish-scooters-vinilo-para-xiaomi-m365-naruto-343124-1.webp\",\"contentUrl\":\"https:\/\/360scooters.com\/pt\/wp-content\/uploads\/sites\/5\/2025\/03\/stylish-scooters-vinilo-para-xiaomi-m365-naruto-343124-1.webp\",\"width\":1680,\"height\":1647},{\"@type\":\"BreadcrumbList\",\"@id\":\"https:\/\/360scooters.com\/pt\/producto\/vinilo-xiaomi-m365-pro-mi3-naruto\/#breadcrumb\",\"itemListElement\":[{\"@type\":\"ListItem\",\"position\":1,\"name\":\"In\u00edcio\",\"item\":\"https:\/\/360scooters.com\/pt\/\"},{\"@type\":\"ListItem\",\"position\":2,\"name\":\"Produtos\",\"item\":\"https:\/\/360scooters.com\/pt\/shop\/\"},{\"@type\":\"ListItem\",\"position\":3,\"name\":\"Vinilo Xiaomi M365 \/ PRO \/ Mi3 Naruto\"}]},{\"@type\":\"WebSite\",\"@id\":\"https:\/\/360scooters.com\/pt\/#website\",\"url\":\"https:\/\/360scooters.com\/pt\/\",\"name\":\"360Scooters Portugal\",\"description\":\"\",\"potentialAction\":[{\"@type\":\"SearchAction\",\"target\":{\"@type\":\"EntryPoint\",\"urlTemplate\":\"https:\/\/360scooters.com\/pt\/?s={search_term_string}\"},\"query-input\":{\"@type\":\"PropertyValueSpecification\",\"valueRequired\":true,\"valueName\":\"search_term_string\"}}],\"inLanguage\":\"pt-PT\"}]}<\/script>\n<!-- \/ Yoast SEO plugin. -->","yoast_head_json":{"title":"Vinilo Xiaomi M365 \/ PRO \/ Mi3 Naruto - 360Scooters Portugal","robots":{"index":"index","follow":"follow","max-snippet":"max-snippet:-1","max-image-preview":"max-image-preview:large","max-video-preview":"max-video-preview:-1"},"canonical":"https:\/\/360scooters.com\/pt\/producto\/vinilo-xiaomi-m365-pro-mi3-naruto\/","og_locale":"pt_PT","og_type":"article","og_title":"Vinilo Xiaomi M365 \/ PRO \/ Mi3 Naruto - 360Scooters Portugal","og_description":"Este producto puede sufrir retrasos en su entrega por producci\u00f3n  Vinilo para pat\u00edn Xiaomi personalizado Naruto. Nuevos gr\u00e1ficos para Xiaomi m\u00e1xima adherencia, para un m\u00e1ximo agarre.","og_url":"https:\/\/360scooters.com\/pt\/producto\/vinilo-xiaomi-m365-pro-mi3-naruto\/","og_site_name":"360Scooters Portugal","article_modified_time":"2025-03-01T13:00:51+00:00","twitter_card":"summary_large_image","twitter_misc":{"Tempo estimado de leitura":"1 minuto"},"schema":{"@context":"https:\/\/schema.org","@graph":[{"@type":"WebPage","@id":"https:\/\/360scooters.com\/pt\/producto\/vinilo-xiaomi-m365-pro-mi3-naruto\/","url":"https:\/\/360scooters.com\/pt\/producto\/vinilo-xiaomi-m365-pro-mi3-naruto\/","name":"Vinilo Xiaomi M365 \/ PRO \/ Mi3 Naruto - 360Scooters Portugal","isPartOf":{"@id":"https:\/\/360scooters.com\/pt\/#website"},"primaryImageOfPage":{"@id":"https:\/\/360scooters.com\/pt\/producto\/vinilo-xiaomi-m365-pro-mi3-naruto\/#primaryimage"},"image":{"@id":"https:\/\/360scooters.com\/pt\/producto\/vinilo-xiaomi-m365-pro-mi3-naruto\/#primaryimage"},"thumbnailUrl":"https:\/\/360scooters.com\/pt\/wp-content\/uploads\/sites\/5\/2025\/03\/stylish-scooters-vinilo-para-xiaomi-m365-naruto-343124-1.webp","datePublished":"2025-03-01T13:00:05+00:00","dateModified":"2025-03-01T13:00:51+00:00","breadcrumb":{"@id":"https:\/\/360scooters.com\/pt\/producto\/vinilo-xiaomi-m365-pro-mi3-naruto\/#breadcrumb"},"inLanguage":"pt-PT","potentialAction":[{"@type":"ReadAction","target":["https:\/\/360scooters.com\/pt\/producto\/vinilo-xiaomi-m365-pro-mi3-naruto\/"]}]},{"@type":"ImageObject","inLanguage":"pt-PT","@id":"https:\/\/360scooters.com\/pt\/producto\/vinilo-xiaomi-m365-pro-mi3-naruto\/#primaryimage","url":"https:\/\/360scooters.com\/pt\/wp-content\/uploads\/sites\/5\/2025\/03\/stylish-scooters-vinilo-para-xiaomi-m365-naruto-343124-1.webp","contentUrl":"https:\/\/360scooters.com\/pt\/wp-content\/uploads\/sites\/5\/2025\/03\/stylish-scooters-vinilo-para-xiaomi-m365-naruto-343124-1.webp","width":1680,"height":1647},{"@type":"BreadcrumbList","@id":"https:\/\/360scooters.com\/pt\/producto\/vinilo-xiaomi-m365-pro-mi3-naruto\/#breadcrumb","itemListElement":[{"@type":"ListItem","position":1,"name":"In\u00edcio","item":"https:\/\/360scooters.com\/pt\/"},{"@type":"ListItem","position":2,"name":"Produtos","item":"https:\/\/360scooters.com\/pt\/shop\/"},{"@type":"ListItem","position":3,"name":"Vinilo Xiaomi M365 \/ PRO \/ Mi3 Naruto"}]},{"@type":"WebSite","@id":"https:\/\/360scooters.com\/pt\/#website","url":"https:\/\/360scooters.com\/pt\/","name":"360Scooters Portugal","description":"","potentialAction":[{"@type":"SearchAction","target":{"@type":"EntryPoint","urlTemplate":"https:\/\/360scooters.com\/pt\/?s={search_term_string}"},"query-input":{"@type":"PropertyValueSpecification","valueRequired":true,"valueName":"search_term_string"}}],"inLanguage":"pt-PT"}]}},"_links":{"self":[{"href":"https:\/\/360scooters.com\/pt\/wp-json\/wp\/v2\/product\/6093","targetHints":{"allow":["GET"]}}],"collection":[{"href":"https:\/\/360scooters.com\/pt\/wp-json\/wp\/v2\/product"}],"about":[{"href":"https:\/\/360scooters.com\/pt\/wp-json\/wp\/v2\/types\/product"}],"replies":[{"embeddable":true,"href":"https:\/\/360scooters.com\/pt\/wp-json\/wp\/v2\/comments?post=6093"}],"version-history":[{"count":1,"href":"https:\/\/360scooters.com\/pt\/wp-json\/wp\/v2\/product\/6093\/revisions"}],"predecessor-version":[{"id":6171,"href":"https:\/\/360scooters.com\/pt\/wp-json\/wp\/v2\/product\/6093\/revisions\/6171"}],"wp:featuredmedia":[{"embeddable":true,"href":"https:\/\/360scooters.com\/pt\/wp-json\/wp\/v2\/media\/6170"}],"wp:attachment":[{"href":"https:\/\/360scooters.com\/pt\/wp-json\/wp\/v2\/media?parent=6093"}],"wp:term":[{"taxonomy":"product_brand","embeddable":true,"href":"https:\/\/360scooters.com\/pt\/wp-json\/wp\/v2\/product_brand?post=6093"},{"taxonomy":"product_cat","embeddable":true,"href":"https:\/\/360scooters.com\/pt\/wp-json\/wp\/v2\/product_cat?post=6093"},{"taxonomy":"product_tag","embeddable":true,"href":"https:\/\/360scooters.com\/pt\/wp-json\/wp\/v2\/product_tag?post=6093"}],"curies":[{"name":"wp","href":"https:\/\/api.w.org\/{rel}","templated":true}]}}