{"id":6087,"date":"2025-03-01T13:00:00","date_gmt":"2025-03-01T13:00:00","guid":{"rendered":"https:\/\/360scooters.com\/pt\/?post_type=product&#038;p=6087"},"modified":"2025-03-01T13:00:39","modified_gmt":"2025-03-01T13:00:39","slug":"vinilo-xiaomi-m365-pro-mi3-ferrari","status":"publish","type":"product","link":"https:\/\/360scooters.com\/pt\/producto\/vinilo-xiaomi-m365-pro-mi3-ferrari\/","title":{"rendered":"Vinilo Xiaomi M365 \/ PRO \/ Mi3 Ferrari"},"content":{"rendered":"<div class=\"electro-description clearfix\">\n<h2>Vinilo Personalizado para Xiaomi Ferrari<\/h2>\n<p>Vinilo Ferrari para Xiaomi.<br \/>\nUsamos los mejores materiales son pegatinas vinilo para el Xiaomi vinilo reflectante de alta calidad con colores vivos y duraderos al exterior, con un laminado mate para una protecci\u00f3n extra, resistente al agua, barro.<\/p>\n<p>Dale personalidad a tu patienete electrico con colores vivos y laminados para mayor protecci\u00f3n.<\/p>\n<ul>\n<li>F\u00e1cil de pegar<\/li>\n<li>No deja residuos al retirarlos<\/li>\n<li>Video de colocaci\u00f3n.<\/li>\n<li>Gran adherencia<\/li>\n<li>No hace falta desmontar nada<\/li>\n<li>Valido para todos los modelos Xioami<\/li>\n<\/ul>\n<\/div>\n","protected":false},"excerpt":{"rendered":"<p><span style=\"color: #ff6600;\"><em>Este producto puede sufrir retrasos en su entrega por producci\u00f3n<\/em><\/span><\/p>\n<p>Vinilo para patinete el\u00e9ctrico Xiaomi. V\u00e1lido para todos los modelos de primera y segunda generaci\u00f3n. Usamos materiales reflectante de alta reflectancia con homologado para automoci\u00f3n, impresi\u00f3n con colores vivos y duraderos al exterior, con un laminado mate para una protecci\u00f3n extra, resistente al agua, barro.<\/p>\n","protected":false},"featured_media":6155,"comment_status":"open","ping_status":"closed","template":"","meta":{"_acf_changed":false},"product_brand":[],"product_cat":[135],"product_tag":[],"class_list":{"0":"post-6087","1":"product","2":"type-product","3":"status-publish","4":"has-post-thumbnail","6":"product_cat-vinils-xiaomi-m365-pro-1s-essential-pro2-mi3","8":"first","9":"instock","10":"sale","11":"taxable","12":"shipping-taxable","13":"purchasable","14":"product-type-simple"},"acf":[],"yoast_head":"<!-- This site is optimized with the Yoast SEO plugin v26.9 - https:\/\/yoast.com\/product\/yoast-seo-wordpress\/ -->\n<title>Vinilo Xiaomi M365 \/ PRO \/ Mi3 Ferrari - 360Scooters Portugal<\/title>\n<meta name=\"robots\" content=\"index, follow, max-snippet:-1, max-image-preview:large, max-video-preview:-1\" \/>\n<link rel=\"canonical\" href=\"https:\/\/360scooters.com\/pt\/producto\/vinilo-xiaomi-m365-pro-mi3-ferrari\/\" \/>\n<meta property=\"og:locale\" content=\"pt_PT\" \/>\n<meta property=\"og:type\" content=\"article\" \/>\n<meta property=\"og:title\" content=\"Vinilo Xiaomi M365 \/ PRO \/ Mi3 Ferrari - 360Scooters Portugal\" \/>\n<meta property=\"og:description\" content=\"Este producto puede sufrir retrasos en su entrega por producci\u00f3n  Vinilo para patinete el\u00e9ctrico Xiaomi. V\u00e1lido para todos los modelos de primera y segunda generaci\u00f3n. Usamos materiales reflectante de alta reflectancia con homologado para automoci\u00f3n, impresi\u00f3n con colores vivos y duraderos al exterior, con un laminado mate para una protecci\u00f3n extra, resistente al agua, barro.\" \/>\n<meta property=\"og:url\" content=\"https:\/\/360scooters.com\/pt\/producto\/vinilo-xiaomi-m365-pro-mi3-ferrari\/\" \/>\n<meta property=\"og:site_name\" content=\"360Scooters Portugal\" \/>\n<meta property=\"article:modified_time\" content=\"2025-03-01T13:00:39+00:00\" \/>\n<meta name=\"twitter:card\" content=\"summary_large_image\" \/>\n<script type=\"application\/ld+json\" class=\"yoast-schema-graph\">{\"@context\":\"https:\/\/schema.org\",\"@graph\":[{\"@type\":\"WebPage\",\"@id\":\"https:\/\/360scooters.com\/pt\/producto\/vinilo-xiaomi-m365-pro-mi3-ferrari\/\",\"url\":\"https:\/\/360scooters.com\/pt\/producto\/vinilo-xiaomi-m365-pro-mi3-ferrari\/\",\"name\":\"Vinilo Xiaomi M365 \/ PRO \/ Mi3 Ferrari - 360Scooters Portugal\",\"isPartOf\":{\"@id\":\"https:\/\/360scooters.com\/pt\/#website\"},\"primaryImageOfPage\":{\"@id\":\"https:\/\/360scooters.com\/pt\/producto\/vinilo-xiaomi-m365-pro-mi3-ferrari\/#primaryimage\"},\"image\":{\"@id\":\"https:\/\/360scooters.com\/pt\/producto\/vinilo-xiaomi-m365-pro-mi3-ferrari\/#primaryimage\"},\"thumbnailUrl\":\"https:\/\/360scooters.com\/pt\/wp-content\/uploads\/sites\/5\/2025\/03\/vinilo-para-patinete-electrico-xiaomi-m365-835511-1.webp\",\"datePublished\":\"2025-03-01T13:00:00+00:00\",\"dateModified\":\"2025-03-01T13:00:39+00:00\",\"breadcrumb\":{\"@id\":\"https:\/\/360scooters.com\/pt\/producto\/vinilo-xiaomi-m365-pro-mi3-ferrari\/#breadcrumb\"},\"inLanguage\":\"pt-PT\",\"potentialAction\":[{\"@type\":\"ReadAction\",\"target\":[\"https:\/\/360scooters.com\/pt\/producto\/vinilo-xiaomi-m365-pro-mi3-ferrari\/\"]}]},{\"@type\":\"ImageObject\",\"inLanguage\":\"pt-PT\",\"@id\":\"https:\/\/360scooters.com\/pt\/producto\/vinilo-xiaomi-m365-pro-mi3-ferrari\/#primaryimage\",\"url\":\"https:\/\/360scooters.com\/pt\/wp-content\/uploads\/sites\/5\/2025\/03\/vinilo-para-patinete-electrico-xiaomi-m365-835511-1.webp\",\"contentUrl\":\"https:\/\/360scooters.com\/pt\/wp-content\/uploads\/sites\/5\/2025\/03\/vinilo-para-patinete-electrico-xiaomi-m365-835511-1.webp\",\"width\":1200,\"height\":1200},{\"@type\":\"BreadcrumbList\",\"@id\":\"https:\/\/360scooters.com\/pt\/producto\/vinilo-xiaomi-m365-pro-mi3-ferrari\/#breadcrumb\",\"itemListElement\":[{\"@type\":\"ListItem\",\"position\":1,\"name\":\"In\u00edcio\",\"item\":\"https:\/\/360scooters.com\/pt\/\"},{\"@type\":\"ListItem\",\"position\":2,\"name\":\"Produtos\",\"item\":\"https:\/\/360scooters.com\/pt\/shop\/\"},{\"@type\":\"ListItem\",\"position\":3,\"name\":\"Vinilo Xiaomi M365 \/ PRO \/ Mi3 Ferrari\"}]},{\"@type\":\"WebSite\",\"@id\":\"https:\/\/360scooters.com\/pt\/#website\",\"url\":\"https:\/\/360scooters.com\/pt\/\",\"name\":\"360Scooters Portugal\",\"description\":\"\",\"potentialAction\":[{\"@type\":\"SearchAction\",\"target\":{\"@type\":\"EntryPoint\",\"urlTemplate\":\"https:\/\/360scooters.com\/pt\/?s={search_term_string}\"},\"query-input\":{\"@type\":\"PropertyValueSpecification\",\"valueRequired\":true,\"valueName\":\"search_term_string\"}}],\"inLanguage\":\"pt-PT\"}]}<\/script>\n<!-- \/ Yoast SEO plugin. -->","yoast_head_json":{"title":"Vinilo Xiaomi M365 \/ PRO \/ Mi3 Ferrari - 360Scooters Portugal","robots":{"index":"index","follow":"follow","max-snippet":"max-snippet:-1","max-image-preview":"max-image-preview:large","max-video-preview":"max-video-preview:-1"},"canonical":"https:\/\/360scooters.com\/pt\/producto\/vinilo-xiaomi-m365-pro-mi3-ferrari\/","og_locale":"pt_PT","og_type":"article","og_title":"Vinilo Xiaomi M365 \/ PRO \/ Mi3 Ferrari - 360Scooters Portugal","og_description":"Este producto puede sufrir retrasos en su entrega por producci\u00f3n  Vinilo para patinete el\u00e9ctrico Xiaomi. V\u00e1lido para todos los modelos de primera y segunda generaci\u00f3n. Usamos materiales reflectante de alta reflectancia con homologado para automoci\u00f3n, impresi\u00f3n con colores vivos y duraderos al exterior, con un laminado mate para una protecci\u00f3n extra, resistente al agua, barro.","og_url":"https:\/\/360scooters.com\/pt\/producto\/vinilo-xiaomi-m365-pro-mi3-ferrari\/","og_site_name":"360Scooters Portugal","article_modified_time":"2025-03-01T13:00:39+00:00","twitter_card":"summary_large_image","schema":{"@context":"https:\/\/schema.org","@graph":[{"@type":"WebPage","@id":"https:\/\/360scooters.com\/pt\/producto\/vinilo-xiaomi-m365-pro-mi3-ferrari\/","url":"https:\/\/360scooters.com\/pt\/producto\/vinilo-xiaomi-m365-pro-mi3-ferrari\/","name":"Vinilo Xiaomi M365 \/ PRO \/ Mi3 Ferrari - 360Scooters Portugal","isPartOf":{"@id":"https:\/\/360scooters.com\/pt\/#website"},"primaryImageOfPage":{"@id":"https:\/\/360scooters.com\/pt\/producto\/vinilo-xiaomi-m365-pro-mi3-ferrari\/#primaryimage"},"image":{"@id":"https:\/\/360scooters.com\/pt\/producto\/vinilo-xiaomi-m365-pro-mi3-ferrari\/#primaryimage"},"thumbnailUrl":"https:\/\/360scooters.com\/pt\/wp-content\/uploads\/sites\/5\/2025\/03\/vinilo-para-patinete-electrico-xiaomi-m365-835511-1.webp","datePublished":"2025-03-01T13:00:00+00:00","dateModified":"2025-03-01T13:00:39+00:00","breadcrumb":{"@id":"https:\/\/360scooters.com\/pt\/producto\/vinilo-xiaomi-m365-pro-mi3-ferrari\/#breadcrumb"},"inLanguage":"pt-PT","potentialAction":[{"@type":"ReadAction","target":["https:\/\/360scooters.com\/pt\/producto\/vinilo-xiaomi-m365-pro-mi3-ferrari\/"]}]},{"@type":"ImageObject","inLanguage":"pt-PT","@id":"https:\/\/360scooters.com\/pt\/producto\/vinilo-xiaomi-m365-pro-mi3-ferrari\/#primaryimage","url":"https:\/\/360scooters.com\/pt\/wp-content\/uploads\/sites\/5\/2025\/03\/vinilo-para-patinete-electrico-xiaomi-m365-835511-1.webp","contentUrl":"https:\/\/360scooters.com\/pt\/wp-content\/uploads\/sites\/5\/2025\/03\/vinilo-para-patinete-electrico-xiaomi-m365-835511-1.webp","width":1200,"height":1200},{"@type":"BreadcrumbList","@id":"https:\/\/360scooters.com\/pt\/producto\/vinilo-xiaomi-m365-pro-mi3-ferrari\/#breadcrumb","itemListElement":[{"@type":"ListItem","position":1,"name":"In\u00edcio","item":"https:\/\/360scooters.com\/pt\/"},{"@type":"ListItem","position":2,"name":"Produtos","item":"https:\/\/360scooters.com\/pt\/shop\/"},{"@type":"ListItem","position":3,"name":"Vinilo Xiaomi M365 \/ PRO \/ Mi3 Ferrari"}]},{"@type":"WebSite","@id":"https:\/\/360scooters.com\/pt\/#website","url":"https:\/\/360scooters.com\/pt\/","name":"360Scooters Portugal","description":"","potentialAction":[{"@type":"SearchAction","target":{"@type":"EntryPoint","urlTemplate":"https:\/\/360scooters.com\/pt\/?s={search_term_string}"},"query-input":{"@type":"PropertyValueSpecification","valueRequired":true,"valueName":"search_term_string"}}],"inLanguage":"pt-PT"}]}},"_links":{"self":[{"href":"https:\/\/360scooters.com\/pt\/wp-json\/wp\/v2\/product\/6087","targetHints":{"allow":["GET"]}}],"collection":[{"href":"https:\/\/360scooters.com\/pt\/wp-json\/wp\/v2\/product"}],"about":[{"href":"https:\/\/360scooters.com\/pt\/wp-json\/wp\/v2\/types\/product"}],"replies":[{"embeddable":true,"href":"https:\/\/360scooters.com\/pt\/wp-json\/wp\/v2\/comments?post=6087"}],"version-history":[{"count":1,"href":"https:\/\/360scooters.com\/pt\/wp-json\/wp\/v2\/product\/6087\/revisions"}],"predecessor-version":[{"id":6156,"href":"https:\/\/360scooters.com\/pt\/wp-json\/wp\/v2\/product\/6087\/revisions\/6156"}],"wp:featuredmedia":[{"embeddable":true,"href":"https:\/\/360scooters.com\/pt\/wp-json\/wp\/v2\/media\/6155"}],"wp:attachment":[{"href":"https:\/\/360scooters.com\/pt\/wp-json\/wp\/v2\/media?parent=6087"}],"wp:term":[{"taxonomy":"product_brand","embeddable":true,"href":"https:\/\/360scooters.com\/pt\/wp-json\/wp\/v2\/product_brand?post=6087"},{"taxonomy":"product_cat","embeddable":true,"href":"https:\/\/360scooters.com\/pt\/wp-json\/wp\/v2\/product_cat?post=6087"},{"taxonomy":"product_tag","embeddable":true,"href":"https:\/\/360scooters.com\/pt\/wp-json\/wp\/v2\/product_tag?post=6087"}],"curies":[{"name":"wp","href":"https:\/\/api.w.org\/{rel}","templated":true}]}}