{"id":6077,"date":"2025-03-01T12:59:56","date_gmt":"2025-03-01T12:59:56","guid":{"rendered":"https:\/\/360scooters.com\/pt\/?post_type=product&#038;p=6077"},"modified":"2025-03-01T13:00:20","modified_gmt":"2025-03-01T13:00:20","slug":"kit-vinilo-para-xiaomi-modelo-sticker-bomb","status":"publish","type":"product","link":"https:\/\/360scooters.com\/pt\/producto\/kit-vinilo-para-xiaomi-modelo-sticker-bomb\/","title":{"rendered":"Kit vinilo para Xiaomi modelo Sticker Bomb"},"content":{"rendered":"<div class=\"electro-description clearfix\">\n<p>Dale personalidad a tu patienete electrico con colores vivos y laminados para mayor protecci\u00f3n.<\/p>\n<ul>\n<li>F\u00e1cil de pegar<\/li>\n<li>No deja residuos al retirarlos<\/li>\n<li>Video de colocaci\u00f3n.<\/li>\n<li>Gran adherencia<\/li>\n<li>No hace falta desmontar nada<\/li>\n<li>Valido para todos los modelos Xioami<\/li>\n<\/ul>\n<\/div>\n","protected":false},"excerpt":{"rendered":"<p><span style=\"color: #ff6600;\"><em>Este producto puede sufrir retrasos en su entrega por producci\u00f3n<\/em><\/span><\/p>\n<h2>Vinilo Personalizado para Xiaomi Sticker Bomb<\/h2>\n<p>Decoraci\u00f3n sticker bomb, efecto de muchos adhesivos pegados.<br \/>\nSticker Bomb es una decoraci\u00f3n con muchos stickers en uno solo.<br \/>\nUsamos los mejores materiales son pegatinas vinilo para el Xiaomi vinilo reflectante de alta calidad con colores vivos y duraderos al exterior, con un laminado mate para una protecci\u00f3n extra, resistente al agua, barro.<\/p>\n","protected":false},"featured_media":6120,"comment_status":"open","ping_status":"closed","template":"","meta":{"_acf_changed":false},"product_brand":[],"product_cat":[135],"product_tag":[],"class_list":{"0":"post-6077","1":"product","2":"type-product","3":"status-publish","4":"has-post-thumbnail","6":"product_cat-vinils-xiaomi-m365-pro-1s-essential-pro2-mi3","8":"first","9":"instock","10":"sale","11":"taxable","12":"shipping-taxable","13":"purchasable","14":"product-type-simple"},"acf":[],"yoast_head":"<!-- This site is optimized with the Yoast SEO plugin v26.9 - https:\/\/yoast.com\/product\/yoast-seo-wordpress\/ -->\n<title>Kit vinilo para Xiaomi modelo Sticker Bomb - 360Scooters Portugal<\/title>\n<meta name=\"robots\" content=\"index, follow, max-snippet:-1, max-image-preview:large, max-video-preview:-1\" \/>\n<link rel=\"canonical\" href=\"https:\/\/360scooters.com\/pt\/producto\/kit-vinilo-para-xiaomi-modelo-sticker-bomb\/\" \/>\n<meta property=\"og:locale\" content=\"pt_PT\" \/>\n<meta property=\"og:type\" content=\"article\" \/>\n<meta property=\"og:title\" content=\"Kit vinilo para Xiaomi modelo Sticker Bomb - 360Scooters Portugal\" \/>\n<meta property=\"og:description\" content=\"Este producto puede sufrir retrasos en su entrega por producci\u00f3n Vinilo Personalizado para Xiaomi Sticker Bomb Decoraci\u00f3n sticker bomb, efecto de muchos adhesivos pegados. Sticker Bomb es una decoraci\u00f3n con muchos stickers en uno solo. Usamos los mejores materiales son pegatinas vinilo para el Xiaomi vinilo reflectante de alta calidad con colores vivos y duraderos al exterior, con un laminado mate para una protecci\u00f3n extra, resistente al agua, barro.\" \/>\n<meta property=\"og:url\" content=\"https:\/\/360scooters.com\/pt\/producto\/kit-vinilo-para-xiaomi-modelo-sticker-bomb\/\" \/>\n<meta property=\"og:site_name\" content=\"360Scooters Portugal\" \/>\n<meta property=\"article:modified_time\" content=\"2025-03-01T13:00:20+00:00\" \/>\n<meta name=\"twitter:card\" content=\"summary_large_image\" \/>\n<script type=\"application\/ld+json\" class=\"yoast-schema-graph\">{\"@context\":\"https:\/\/schema.org\",\"@graph\":[{\"@type\":\"WebPage\",\"@id\":\"https:\/\/360scooters.com\/pt\/producto\/kit-vinilo-para-xiaomi-modelo-sticker-bomb\/\",\"url\":\"https:\/\/360scooters.com\/pt\/producto\/kit-vinilo-para-xiaomi-modelo-sticker-bomb\/\",\"name\":\"Kit vinilo para Xiaomi modelo Sticker Bomb - 360Scooters Portugal\",\"isPartOf\":{\"@id\":\"https:\/\/360scooters.com\/pt\/#website\"},\"primaryImageOfPage\":{\"@id\":\"https:\/\/360scooters.com\/pt\/producto\/kit-vinilo-para-xiaomi-modelo-sticker-bomb\/#primaryimage\"},\"image\":{\"@id\":\"https:\/\/360scooters.com\/pt\/producto\/kit-vinilo-para-xiaomi-modelo-sticker-bomb\/#primaryimage\"},\"thumbnailUrl\":\"https:\/\/360scooters.com\/pt\/wp-content\/uploads\/sites\/5\/2025\/03\/vinilo-sticker-bomb-para-scooter-xiaomi-m365-305932-1.webp\",\"datePublished\":\"2025-03-01T12:59:56+00:00\",\"dateModified\":\"2025-03-01T13:00:20+00:00\",\"breadcrumb\":{\"@id\":\"https:\/\/360scooters.com\/pt\/producto\/kit-vinilo-para-xiaomi-modelo-sticker-bomb\/#breadcrumb\"},\"inLanguage\":\"pt-PT\",\"potentialAction\":[{\"@type\":\"ReadAction\",\"target\":[\"https:\/\/360scooters.com\/pt\/producto\/kit-vinilo-para-xiaomi-modelo-sticker-bomb\/\"]}]},{\"@type\":\"ImageObject\",\"inLanguage\":\"pt-PT\",\"@id\":\"https:\/\/360scooters.com\/pt\/producto\/kit-vinilo-para-xiaomi-modelo-sticker-bomb\/#primaryimage\",\"url\":\"https:\/\/360scooters.com\/pt\/wp-content\/uploads\/sites\/5\/2025\/03\/vinilo-sticker-bomb-para-scooter-xiaomi-m365-305932-1.webp\",\"contentUrl\":\"https:\/\/360scooters.com\/pt\/wp-content\/uploads\/sites\/5\/2025\/03\/vinilo-sticker-bomb-para-scooter-xiaomi-m365-305932-1.webp\",\"width\":1200,\"height\":1200},{\"@type\":\"BreadcrumbList\",\"@id\":\"https:\/\/360scooters.com\/pt\/producto\/kit-vinilo-para-xiaomi-modelo-sticker-bomb\/#breadcrumb\",\"itemListElement\":[{\"@type\":\"ListItem\",\"position\":1,\"name\":\"In\u00edcio\",\"item\":\"https:\/\/360scooters.com\/pt\/\"},{\"@type\":\"ListItem\",\"position\":2,\"name\":\"Produtos\",\"item\":\"https:\/\/360scooters.com\/pt\/shop\/\"},{\"@type\":\"ListItem\",\"position\":3,\"name\":\"Kit vinilo para Xiaomi modelo Sticker Bomb\"}]},{\"@type\":\"WebSite\",\"@id\":\"https:\/\/360scooters.com\/pt\/#website\",\"url\":\"https:\/\/360scooters.com\/pt\/\",\"name\":\"360Scooters Portugal\",\"description\":\"\",\"potentialAction\":[{\"@type\":\"SearchAction\",\"target\":{\"@type\":\"EntryPoint\",\"urlTemplate\":\"https:\/\/360scooters.com\/pt\/?s={search_term_string}\"},\"query-input\":{\"@type\":\"PropertyValueSpecification\",\"valueRequired\":true,\"valueName\":\"search_term_string\"}}],\"inLanguage\":\"pt-PT\"}]}<\/script>\n<!-- \/ Yoast SEO plugin. -->","yoast_head_json":{"title":"Kit vinilo para Xiaomi modelo Sticker Bomb - 360Scooters Portugal","robots":{"index":"index","follow":"follow","max-snippet":"max-snippet:-1","max-image-preview":"max-image-preview:large","max-video-preview":"max-video-preview:-1"},"canonical":"https:\/\/360scooters.com\/pt\/producto\/kit-vinilo-para-xiaomi-modelo-sticker-bomb\/","og_locale":"pt_PT","og_type":"article","og_title":"Kit vinilo para Xiaomi modelo Sticker Bomb - 360Scooters Portugal","og_description":"Este producto puede sufrir retrasos en su entrega por producci\u00f3n Vinilo Personalizado para Xiaomi Sticker Bomb Decoraci\u00f3n sticker bomb, efecto de muchos adhesivos pegados. Sticker Bomb es una decoraci\u00f3n con muchos stickers en uno solo. Usamos los mejores materiales son pegatinas vinilo para el Xiaomi vinilo reflectante de alta calidad con colores vivos y duraderos al exterior, con un laminado mate para una protecci\u00f3n extra, resistente al agua, barro.","og_url":"https:\/\/360scooters.com\/pt\/producto\/kit-vinilo-para-xiaomi-modelo-sticker-bomb\/","og_site_name":"360Scooters Portugal","article_modified_time":"2025-03-01T13:00:20+00:00","twitter_card":"summary_large_image","schema":{"@context":"https:\/\/schema.org","@graph":[{"@type":"WebPage","@id":"https:\/\/360scooters.com\/pt\/producto\/kit-vinilo-para-xiaomi-modelo-sticker-bomb\/","url":"https:\/\/360scooters.com\/pt\/producto\/kit-vinilo-para-xiaomi-modelo-sticker-bomb\/","name":"Kit vinilo para Xiaomi modelo Sticker Bomb - 360Scooters Portugal","isPartOf":{"@id":"https:\/\/360scooters.com\/pt\/#website"},"primaryImageOfPage":{"@id":"https:\/\/360scooters.com\/pt\/producto\/kit-vinilo-para-xiaomi-modelo-sticker-bomb\/#primaryimage"},"image":{"@id":"https:\/\/360scooters.com\/pt\/producto\/kit-vinilo-para-xiaomi-modelo-sticker-bomb\/#primaryimage"},"thumbnailUrl":"https:\/\/360scooters.com\/pt\/wp-content\/uploads\/sites\/5\/2025\/03\/vinilo-sticker-bomb-para-scooter-xiaomi-m365-305932-1.webp","datePublished":"2025-03-01T12:59:56+00:00","dateModified":"2025-03-01T13:00:20+00:00","breadcrumb":{"@id":"https:\/\/360scooters.com\/pt\/producto\/kit-vinilo-para-xiaomi-modelo-sticker-bomb\/#breadcrumb"},"inLanguage":"pt-PT","potentialAction":[{"@type":"ReadAction","target":["https:\/\/360scooters.com\/pt\/producto\/kit-vinilo-para-xiaomi-modelo-sticker-bomb\/"]}]},{"@type":"ImageObject","inLanguage":"pt-PT","@id":"https:\/\/360scooters.com\/pt\/producto\/kit-vinilo-para-xiaomi-modelo-sticker-bomb\/#primaryimage","url":"https:\/\/360scooters.com\/pt\/wp-content\/uploads\/sites\/5\/2025\/03\/vinilo-sticker-bomb-para-scooter-xiaomi-m365-305932-1.webp","contentUrl":"https:\/\/360scooters.com\/pt\/wp-content\/uploads\/sites\/5\/2025\/03\/vinilo-sticker-bomb-para-scooter-xiaomi-m365-305932-1.webp","width":1200,"height":1200},{"@type":"BreadcrumbList","@id":"https:\/\/360scooters.com\/pt\/producto\/kit-vinilo-para-xiaomi-modelo-sticker-bomb\/#breadcrumb","itemListElement":[{"@type":"ListItem","position":1,"name":"In\u00edcio","item":"https:\/\/360scooters.com\/pt\/"},{"@type":"ListItem","position":2,"name":"Produtos","item":"https:\/\/360scooters.com\/pt\/shop\/"},{"@type":"ListItem","position":3,"name":"Kit vinilo para Xiaomi modelo Sticker Bomb"}]},{"@type":"WebSite","@id":"https:\/\/360scooters.com\/pt\/#website","url":"https:\/\/360scooters.com\/pt\/","name":"360Scooters Portugal","description":"","potentialAction":[{"@type":"SearchAction","target":{"@type":"EntryPoint","urlTemplate":"https:\/\/360scooters.com\/pt\/?s={search_term_string}"},"query-input":{"@type":"PropertyValueSpecification","valueRequired":true,"valueName":"search_term_string"}}],"inLanguage":"pt-PT"}]}},"_links":{"self":[{"href":"https:\/\/360scooters.com\/pt\/wp-json\/wp\/v2\/product\/6077","targetHints":{"allow":["GET"]}}],"collection":[{"href":"https:\/\/360scooters.com\/pt\/wp-json\/wp\/v2\/product"}],"about":[{"href":"https:\/\/360scooters.com\/pt\/wp-json\/wp\/v2\/types\/product"}],"replies":[{"embeddable":true,"href":"https:\/\/360scooters.com\/pt\/wp-json\/wp\/v2\/comments?post=6077"}],"version-history":[{"count":1,"href":"https:\/\/360scooters.com\/pt\/wp-json\/wp\/v2\/product\/6077\/revisions"}],"predecessor-version":[{"id":6121,"href":"https:\/\/360scooters.com\/pt\/wp-json\/wp\/v2\/product\/6077\/revisions\/6121"}],"wp:featuredmedia":[{"embeddable":true,"href":"https:\/\/360scooters.com\/pt\/wp-json\/wp\/v2\/media\/6120"}],"wp:attachment":[{"href":"https:\/\/360scooters.com\/pt\/wp-json\/wp\/v2\/media?parent=6077"}],"wp:term":[{"taxonomy":"product_brand","embeddable":true,"href":"https:\/\/360scooters.com\/pt\/wp-json\/wp\/v2\/product_brand?post=6077"},{"taxonomy":"product_cat","embeddable":true,"href":"https:\/\/360scooters.com\/pt\/wp-json\/wp\/v2\/product_cat?post=6077"},{"taxonomy":"product_tag","embeddable":true,"href":"https:\/\/360scooters.com\/pt\/wp-json\/wp\/v2\/product_tag?post=6077"}],"curies":[{"name":"wp","href":"https:\/\/api.w.org\/{rel}","templated":true}]}}