{"id":5820,"date":"2024-10-31T12:56:34","date_gmt":"2024-10-31T12:56:34","guid":{"rendered":"https:\/\/360scooters.com\/pt\/?post_type=product&#038;p=5820"},"modified":"2024-11-11T23:01:31","modified_gmt":"2024-11-11T23:01:31","slug":"candado-de-cable-con-contrasena-ewheel-11m","status":"publish","type":"product","link":"https:\/\/360scooters.com\/pt\/producto\/candado-de-cable-con-contrasena-ewheel-11m\/","title":{"rendered":"Candado de cable con contrase\u00f1a [Ewheel] &#8211; 1,1M"},"content":{"rendered":"<p>Protege tu patinete el\u00e9ctrico o bicicleta con el candado de cable con contrase\u00f1a de <strong>Ewheel<\/strong>. Este robusto sistema de seguridad cuenta con una longitud de 1,1 metros, ideal para asegurar tu veh\u00edculo en cualquier entorno urbano. Fabricado en cable de acero flexible y recubierto de material resistente al desgaste, su dise\u00f1o ligero y duradero permite f\u00e1cil transporte. La combinaci\u00f3n de contrase\u00f1a personalizable elimina la necesidad de llaves, haciendo que proteger tu veh\u00edculo sea m\u00e1s c\u00f3modo y r\u00e1pido.<\/p>\n","protected":false},"excerpt":{"rendered":"<p>Candado de cable con contrase\u00f1a, resistente y f\u00e1cil de transportar ya que viene incluido un soporte para bicicletas y otro para patines.<\/p>\n","protected":false},"featured_media":5906,"comment_status":"open","ping_status":"closed","template":"","meta":{"_acf_changed":false},"product_brand":[],"product_cat":[93],"product_tag":[],"class_list":{"0":"post-5820","1":"product","2":"type-product","3":"status-publish","4":"has-post-thumbnail","6":"product_cat-cadeados","8":"first","9":"instock","10":"taxable","11":"shipping-taxable","12":"purchasable","13":"product-type-simple"},"acf":[],"yoast_head":"<!-- This site is optimized with the Yoast SEO plugin v26.9 - https:\/\/yoast.com\/product\/yoast-seo-wordpress\/ -->\n<title>Candado de cable con contrase\u00f1a [Ewheel] - 1,1M - 360Scooters Portugal<\/title>\n<meta name=\"robots\" content=\"index, follow, max-snippet:-1, max-image-preview:large, max-video-preview:-1\" \/>\n<link rel=\"canonical\" href=\"https:\/\/360scooters.com\/pt\/producto\/candado-de-cable-con-contrasena-ewheel-11m\/\" \/>\n<meta property=\"og:locale\" content=\"pt_PT\" \/>\n<meta property=\"og:type\" content=\"article\" \/>\n<meta property=\"og:title\" content=\"Candado de cable con contrase\u00f1a [Ewheel] - 1,1M - 360Scooters Portugal\" \/>\n<meta property=\"og:description\" content=\"Candado de cable con contrase\u00f1a, resistente y f\u00e1cil de transportar ya que viene incluido un soporte para bicicletas y otro para patines.\" \/>\n<meta property=\"og:url\" content=\"https:\/\/360scooters.com\/pt\/producto\/candado-de-cable-con-contrasena-ewheel-11m\/\" \/>\n<meta property=\"og:site_name\" content=\"360Scooters Portugal\" \/>\n<meta property=\"article:modified_time\" content=\"2024-11-11T23:01:31+00:00\" \/>\n<meta name=\"twitter:card\" content=\"summary_large_image\" \/>\n<script type=\"application\/ld+json\" class=\"yoast-schema-graph\">{\"@context\":\"https:\/\/schema.org\",\"@graph\":[{\"@type\":\"WebPage\",\"@id\":\"https:\/\/360scooters.com\/pt\/producto\/candado-de-cable-con-contrasena-ewheel-11m\/\",\"url\":\"https:\/\/360scooters.com\/pt\/producto\/candado-de-cable-con-contrasena-ewheel-11m\/\",\"name\":\"Candado de cable con contrase\u00f1a [Ewheel] - 1,1M - 360Scooters Portugal\",\"isPartOf\":{\"@id\":\"https:\/\/360scooters.com\/pt\/#website\"},\"primaryImageOfPage\":{\"@id\":\"https:\/\/360scooters.com\/pt\/producto\/candado-de-cable-con-contrasena-ewheel-11m\/#primaryimage\"},\"image\":{\"@id\":\"https:\/\/360scooters.com\/pt\/producto\/candado-de-cable-con-contrasena-ewheel-11m\/#primaryimage\"},\"thumbnailUrl\":\"https:\/\/360scooters.com\/pt\/wp-content\/uploads\/sites\/5\/2024\/10\/ACA-001.png\",\"datePublished\":\"2024-10-31T12:56:34+00:00\",\"dateModified\":\"2024-11-11T23:01:31+00:00\",\"breadcrumb\":{\"@id\":\"https:\/\/360scooters.com\/pt\/producto\/candado-de-cable-con-contrasena-ewheel-11m\/#breadcrumb\"},\"inLanguage\":\"pt-PT\",\"potentialAction\":[{\"@type\":\"ReadAction\",\"target\":[\"https:\/\/360scooters.com\/pt\/producto\/candado-de-cable-con-contrasena-ewheel-11m\/\"]}]},{\"@type\":\"ImageObject\",\"inLanguage\":\"pt-PT\",\"@id\":\"https:\/\/360scooters.com\/pt\/producto\/candado-de-cable-con-contrasena-ewheel-11m\/#primaryimage\",\"url\":\"https:\/\/360scooters.com\/pt\/wp-content\/uploads\/sites\/5\/2024\/10\/ACA-001.png\",\"contentUrl\":\"https:\/\/360scooters.com\/pt\/wp-content\/uploads\/sites\/5\/2024\/10\/ACA-001.png\",\"width\":1080,\"height\":1080},{\"@type\":\"BreadcrumbList\",\"@id\":\"https:\/\/360scooters.com\/pt\/producto\/candado-de-cable-con-contrasena-ewheel-11m\/#breadcrumb\",\"itemListElement\":[{\"@type\":\"ListItem\",\"position\":1,\"name\":\"In\u00edcio\",\"item\":\"https:\/\/360scooters.com\/pt\/\"},{\"@type\":\"ListItem\",\"position\":2,\"name\":\"Produtos\",\"item\":\"https:\/\/360scooters.com\/pt\/shop\/\"},{\"@type\":\"ListItem\",\"position\":3,\"name\":\"Candado de cable con contrase\u00f1a [Ewheel] &#8211; 1,1M\"}]},{\"@type\":\"WebSite\",\"@id\":\"https:\/\/360scooters.com\/pt\/#website\",\"url\":\"https:\/\/360scooters.com\/pt\/\",\"name\":\"360Scooters Portugal\",\"description\":\"\",\"potentialAction\":[{\"@type\":\"SearchAction\",\"target\":{\"@type\":\"EntryPoint\",\"urlTemplate\":\"https:\/\/360scooters.com\/pt\/?s={search_term_string}\"},\"query-input\":{\"@type\":\"PropertyValueSpecification\",\"valueRequired\":true,\"valueName\":\"search_term_string\"}}],\"inLanguage\":\"pt-PT\"}]}<\/script>\n<!-- \/ Yoast SEO plugin. -->","yoast_head_json":{"title":"Candado de cable con contrase\u00f1a [Ewheel] - 1,1M - 360Scooters Portugal","robots":{"index":"index","follow":"follow","max-snippet":"max-snippet:-1","max-image-preview":"max-image-preview:large","max-video-preview":"max-video-preview:-1"},"canonical":"https:\/\/360scooters.com\/pt\/producto\/candado-de-cable-con-contrasena-ewheel-11m\/","og_locale":"pt_PT","og_type":"article","og_title":"Candado de cable con contrase\u00f1a [Ewheel] - 1,1M - 360Scooters Portugal","og_description":"Candado de cable con contrase\u00f1a, resistente y f\u00e1cil de transportar ya que viene incluido un soporte para bicicletas y otro para patines.","og_url":"https:\/\/360scooters.com\/pt\/producto\/candado-de-cable-con-contrasena-ewheel-11m\/","og_site_name":"360Scooters Portugal","article_modified_time":"2024-11-11T23:01:31+00:00","twitter_card":"summary_large_image","schema":{"@context":"https:\/\/schema.org","@graph":[{"@type":"WebPage","@id":"https:\/\/360scooters.com\/pt\/producto\/candado-de-cable-con-contrasena-ewheel-11m\/","url":"https:\/\/360scooters.com\/pt\/producto\/candado-de-cable-con-contrasena-ewheel-11m\/","name":"Candado de cable con contrase\u00f1a [Ewheel] - 1,1M - 360Scooters Portugal","isPartOf":{"@id":"https:\/\/360scooters.com\/pt\/#website"},"primaryImageOfPage":{"@id":"https:\/\/360scooters.com\/pt\/producto\/candado-de-cable-con-contrasena-ewheel-11m\/#primaryimage"},"image":{"@id":"https:\/\/360scooters.com\/pt\/producto\/candado-de-cable-con-contrasena-ewheel-11m\/#primaryimage"},"thumbnailUrl":"https:\/\/360scooters.com\/pt\/wp-content\/uploads\/sites\/5\/2024\/10\/ACA-001.png","datePublished":"2024-10-31T12:56:34+00:00","dateModified":"2024-11-11T23:01:31+00:00","breadcrumb":{"@id":"https:\/\/360scooters.com\/pt\/producto\/candado-de-cable-con-contrasena-ewheel-11m\/#breadcrumb"},"inLanguage":"pt-PT","potentialAction":[{"@type":"ReadAction","target":["https:\/\/360scooters.com\/pt\/producto\/candado-de-cable-con-contrasena-ewheel-11m\/"]}]},{"@type":"ImageObject","inLanguage":"pt-PT","@id":"https:\/\/360scooters.com\/pt\/producto\/candado-de-cable-con-contrasena-ewheel-11m\/#primaryimage","url":"https:\/\/360scooters.com\/pt\/wp-content\/uploads\/sites\/5\/2024\/10\/ACA-001.png","contentUrl":"https:\/\/360scooters.com\/pt\/wp-content\/uploads\/sites\/5\/2024\/10\/ACA-001.png","width":1080,"height":1080},{"@type":"BreadcrumbList","@id":"https:\/\/360scooters.com\/pt\/producto\/candado-de-cable-con-contrasena-ewheel-11m\/#breadcrumb","itemListElement":[{"@type":"ListItem","position":1,"name":"In\u00edcio","item":"https:\/\/360scooters.com\/pt\/"},{"@type":"ListItem","position":2,"name":"Produtos","item":"https:\/\/360scooters.com\/pt\/shop\/"},{"@type":"ListItem","position":3,"name":"Candado de cable con contrase\u00f1a [Ewheel] &#8211; 1,1M"}]},{"@type":"WebSite","@id":"https:\/\/360scooters.com\/pt\/#website","url":"https:\/\/360scooters.com\/pt\/","name":"360Scooters Portugal","description":"","potentialAction":[{"@type":"SearchAction","target":{"@type":"EntryPoint","urlTemplate":"https:\/\/360scooters.com\/pt\/?s={search_term_string}"},"query-input":{"@type":"PropertyValueSpecification","valueRequired":true,"valueName":"search_term_string"}}],"inLanguage":"pt-PT"}]}},"_links":{"self":[{"href":"https:\/\/360scooters.com\/pt\/wp-json\/wp\/v2\/product\/5820","targetHints":{"allow":["GET"]}}],"collection":[{"href":"https:\/\/360scooters.com\/pt\/wp-json\/wp\/v2\/product"}],"about":[{"href":"https:\/\/360scooters.com\/pt\/wp-json\/wp\/v2\/types\/product"}],"replies":[{"embeddable":true,"href":"https:\/\/360scooters.com\/pt\/wp-json\/wp\/v2\/comments?post=5820"}],"version-history":[{"count":0,"href":"https:\/\/360scooters.com\/pt\/wp-json\/wp\/v2\/product\/5820\/revisions"}],"wp:featuredmedia":[{"embeddable":true,"href":"https:\/\/360scooters.com\/pt\/wp-json\/wp\/v2\/media\/5906"}],"wp:attachment":[{"href":"https:\/\/360scooters.com\/pt\/wp-json\/wp\/v2\/media?parent=5820"}],"wp:term":[{"taxonomy":"product_brand","embeddable":true,"href":"https:\/\/360scooters.com\/pt\/wp-json\/wp\/v2\/product_brand?post=5820"},{"taxonomy":"product_cat","embeddable":true,"href":"https:\/\/360scooters.com\/pt\/wp-json\/wp\/v2\/product_cat?post=5820"},{"taxonomy":"product_tag","embeddable":true,"href":"https:\/\/360scooters.com\/pt\/wp-json\/wp\/v2\/product_tag?post=5820"}],"curies":[{"name":"wp","href":"https:\/\/api.w.org\/{rel}","templated":true}]}}