{"id":5801,"date":"2024-10-31T12:56:26","date_gmt":"2024-10-31T12:56:26","guid":{"rendered":"https:\/\/360scooters.com\/pt\/?post_type=product&#038;p=5801"},"modified":"2024-10-31T12:56:50","modified_gmt":"2024-10-31T12:56:50","slug":"cargador-premium-48v2a-conector-gx16","status":"publish","type":"product","link":"https:\/\/360scooters.com\/pt\/producto\/cargador-premium-48v2a-conector-gx16\/","title":{"rendered":"Cargador premium 48V2A conector GX16"},"content":{"rendered":"","protected":false},"excerpt":{"rendered":"<p>Cargador premium con refrigeraci\u00f3n por ventilador. Dise\u00f1ado para trabajar 24h seguidas. Recomendado para bater\u00edas con capacidad de 4 a 15 Ah siendo los tiempos de carga entre 2 y 8 horas dependiendo de la bater\u00eda.<\/p>\n<p>Voltaje m\u00e1ximo: 54,6V<br \/>\nCorriente de carga: 2A<br \/>\nConector:\u00a0GX16<\/p>\n","protected":false},"featured_media":5837,"comment_status":"open","ping_status":"closed","template":"","meta":{"_acf_changed":false},"product_brand":[],"product_cat":[95],"product_tag":[],"class_list":{"0":"post-5801","1":"product","2":"type-product","3":"status-publish","4":"has-post-thumbnail","6":"product_cat-carregadores","8":"first","9":"outofstock","10":"sale","11":"taxable","12":"shipping-taxable","13":"purchasable","14":"product-type-simple"},"acf":[],"yoast_head":"<!-- This site is optimized with the Yoast SEO plugin v26.9 - https:\/\/yoast.com\/product\/yoast-seo-wordpress\/ -->\n<title>Cargador premium 48V2A conector GX16 - 360Scooters Portugal<\/title>\n<meta name=\"robots\" content=\"index, follow, max-snippet:-1, max-image-preview:large, max-video-preview:-1\" \/>\n<link rel=\"canonical\" href=\"https:\/\/360scooters.com\/pt\/producto\/cargador-premium-48v2a-conector-gx16\/\" \/>\n<meta property=\"og:locale\" content=\"pt_PT\" \/>\n<meta property=\"og:type\" content=\"article\" \/>\n<meta property=\"og:title\" content=\"Cargador premium 48V2A conector GX16 - 360Scooters Portugal\" \/>\n<meta property=\"og:description\" content=\"Cargador premium con refrigeraci\u00f3n por ventilador. Dise\u00f1ado para trabajar 24h seguidas. Recomendado para bater\u00edas con capacidad de 4 a 15 Ah siendo los tiempos de carga entre 2 y 8 horas dependiendo de la bater\u00eda.  Voltaje m\u00e1ximo: 54,6V Corriente de carga: 2A Conector:\u00a0GX16\" \/>\n<meta property=\"og:url\" content=\"https:\/\/360scooters.com\/pt\/producto\/cargador-premium-48v2a-conector-gx16\/\" \/>\n<meta property=\"og:site_name\" content=\"360Scooters Portugal\" \/>\n<meta property=\"article:modified_time\" content=\"2024-10-31T12:56:50+00:00\" \/>\n<meta name=\"twitter:card\" content=\"summary_large_image\" \/>\n<script type=\"application\/ld+json\" class=\"yoast-schema-graph\">{\"@context\":\"https:\/\/schema.org\",\"@graph\":[{\"@type\":\"WebPage\",\"@id\":\"https:\/\/360scooters.com\/pt\/producto\/cargador-premium-48v2a-conector-gx16\/\",\"url\":\"https:\/\/360scooters.com\/pt\/producto\/cargador-premium-48v2a-conector-gx16\/\",\"name\":\"Cargador premium 48V2A conector GX16 - 360Scooters Portugal\",\"isPartOf\":{\"@id\":\"https:\/\/360scooters.com\/pt\/#website\"},\"primaryImageOfPage\":{\"@id\":\"https:\/\/360scooters.com\/pt\/producto\/cargador-premium-48v2a-conector-gx16\/#primaryimage\"},\"image\":{\"@id\":\"https:\/\/360scooters.com\/pt\/producto\/cargador-premium-48v2a-conector-gx16\/#primaryimage\"},\"thumbnailUrl\":\"https:\/\/360scooters.com\/pt\/wp-content\/uploads\/sites\/5\/2024\/10\/Cargador-48V2A-conector-GX16.jpg\",\"datePublished\":\"2024-10-31T12:56:26+00:00\",\"dateModified\":\"2024-10-31T12:56:50+00:00\",\"breadcrumb\":{\"@id\":\"https:\/\/360scooters.com\/pt\/producto\/cargador-premium-48v2a-conector-gx16\/#breadcrumb\"},\"inLanguage\":\"pt-PT\",\"potentialAction\":[{\"@type\":\"ReadAction\",\"target\":[\"https:\/\/360scooters.com\/pt\/producto\/cargador-premium-48v2a-conector-gx16\/\"]}]},{\"@type\":\"ImageObject\",\"inLanguage\":\"pt-PT\",\"@id\":\"https:\/\/360scooters.com\/pt\/producto\/cargador-premium-48v2a-conector-gx16\/#primaryimage\",\"url\":\"https:\/\/360scooters.com\/pt\/wp-content\/uploads\/sites\/5\/2024\/10\/Cargador-48V2A-conector-GX16.jpg\",\"contentUrl\":\"https:\/\/360scooters.com\/pt\/wp-content\/uploads\/sites\/5\/2024\/10\/Cargador-48V2A-conector-GX16.jpg\",\"width\":800,\"height\":800},{\"@type\":\"BreadcrumbList\",\"@id\":\"https:\/\/360scooters.com\/pt\/producto\/cargador-premium-48v2a-conector-gx16\/#breadcrumb\",\"itemListElement\":[{\"@type\":\"ListItem\",\"position\":1,\"name\":\"In\u00edcio\",\"item\":\"https:\/\/360scooters.com\/pt\/\"},{\"@type\":\"ListItem\",\"position\":2,\"name\":\"Produtos\",\"item\":\"https:\/\/360scooters.com\/pt\/shop\/\"},{\"@type\":\"ListItem\",\"position\":3,\"name\":\"Cargador premium 48V2A conector GX16\"}]},{\"@type\":\"WebSite\",\"@id\":\"https:\/\/360scooters.com\/pt\/#website\",\"url\":\"https:\/\/360scooters.com\/pt\/\",\"name\":\"360Scooters Portugal\",\"description\":\"\",\"potentialAction\":[{\"@type\":\"SearchAction\",\"target\":{\"@type\":\"EntryPoint\",\"urlTemplate\":\"https:\/\/360scooters.com\/pt\/?s={search_term_string}\"},\"query-input\":{\"@type\":\"PropertyValueSpecification\",\"valueRequired\":true,\"valueName\":\"search_term_string\"}}],\"inLanguage\":\"pt-PT\"}]}<\/script>\n<!-- \/ Yoast SEO plugin. -->","yoast_head_json":{"title":"Cargador premium 48V2A conector GX16 - 360Scooters Portugal","robots":{"index":"index","follow":"follow","max-snippet":"max-snippet:-1","max-image-preview":"max-image-preview:large","max-video-preview":"max-video-preview:-1"},"canonical":"https:\/\/360scooters.com\/pt\/producto\/cargador-premium-48v2a-conector-gx16\/","og_locale":"pt_PT","og_type":"article","og_title":"Cargador premium 48V2A conector GX16 - 360Scooters Portugal","og_description":"Cargador premium con refrigeraci\u00f3n por ventilador. Dise\u00f1ado para trabajar 24h seguidas. Recomendado para bater\u00edas con capacidad de 4 a 15 Ah siendo los tiempos de carga entre 2 y 8 horas dependiendo de la bater\u00eda.  Voltaje m\u00e1ximo: 54,6V Corriente de carga: 2A Conector:\u00a0GX16","og_url":"https:\/\/360scooters.com\/pt\/producto\/cargador-premium-48v2a-conector-gx16\/","og_site_name":"360Scooters Portugal","article_modified_time":"2024-10-31T12:56:50+00:00","twitter_card":"summary_large_image","schema":{"@context":"https:\/\/schema.org","@graph":[{"@type":"WebPage","@id":"https:\/\/360scooters.com\/pt\/producto\/cargador-premium-48v2a-conector-gx16\/","url":"https:\/\/360scooters.com\/pt\/producto\/cargador-premium-48v2a-conector-gx16\/","name":"Cargador premium 48V2A conector GX16 - 360Scooters Portugal","isPartOf":{"@id":"https:\/\/360scooters.com\/pt\/#website"},"primaryImageOfPage":{"@id":"https:\/\/360scooters.com\/pt\/producto\/cargador-premium-48v2a-conector-gx16\/#primaryimage"},"image":{"@id":"https:\/\/360scooters.com\/pt\/producto\/cargador-premium-48v2a-conector-gx16\/#primaryimage"},"thumbnailUrl":"https:\/\/360scooters.com\/pt\/wp-content\/uploads\/sites\/5\/2024\/10\/Cargador-48V2A-conector-GX16.jpg","datePublished":"2024-10-31T12:56:26+00:00","dateModified":"2024-10-31T12:56:50+00:00","breadcrumb":{"@id":"https:\/\/360scooters.com\/pt\/producto\/cargador-premium-48v2a-conector-gx16\/#breadcrumb"},"inLanguage":"pt-PT","potentialAction":[{"@type":"ReadAction","target":["https:\/\/360scooters.com\/pt\/producto\/cargador-premium-48v2a-conector-gx16\/"]}]},{"@type":"ImageObject","inLanguage":"pt-PT","@id":"https:\/\/360scooters.com\/pt\/producto\/cargador-premium-48v2a-conector-gx16\/#primaryimage","url":"https:\/\/360scooters.com\/pt\/wp-content\/uploads\/sites\/5\/2024\/10\/Cargador-48V2A-conector-GX16.jpg","contentUrl":"https:\/\/360scooters.com\/pt\/wp-content\/uploads\/sites\/5\/2024\/10\/Cargador-48V2A-conector-GX16.jpg","width":800,"height":800},{"@type":"BreadcrumbList","@id":"https:\/\/360scooters.com\/pt\/producto\/cargador-premium-48v2a-conector-gx16\/#breadcrumb","itemListElement":[{"@type":"ListItem","position":1,"name":"In\u00edcio","item":"https:\/\/360scooters.com\/pt\/"},{"@type":"ListItem","position":2,"name":"Produtos","item":"https:\/\/360scooters.com\/pt\/shop\/"},{"@type":"ListItem","position":3,"name":"Cargador premium 48V2A conector GX16"}]},{"@type":"WebSite","@id":"https:\/\/360scooters.com\/pt\/#website","url":"https:\/\/360scooters.com\/pt\/","name":"360Scooters Portugal","description":"","potentialAction":[{"@type":"SearchAction","target":{"@type":"EntryPoint","urlTemplate":"https:\/\/360scooters.com\/pt\/?s={search_term_string}"},"query-input":{"@type":"PropertyValueSpecification","valueRequired":true,"valueName":"search_term_string"}}],"inLanguage":"pt-PT"}]}},"_links":{"self":[{"href":"https:\/\/360scooters.com\/pt\/wp-json\/wp\/v2\/product\/5801","targetHints":{"allow":["GET"]}}],"collection":[{"href":"https:\/\/360scooters.com\/pt\/wp-json\/wp\/v2\/product"}],"about":[{"href":"https:\/\/360scooters.com\/pt\/wp-json\/wp\/v2\/types\/product"}],"replies":[{"embeddable":true,"href":"https:\/\/360scooters.com\/pt\/wp-json\/wp\/v2\/comments?post=5801"}],"version-history":[{"count":0,"href":"https:\/\/360scooters.com\/pt\/wp-json\/wp\/v2\/product\/5801\/revisions"}],"wp:featuredmedia":[{"embeddable":true,"href":"https:\/\/360scooters.com\/pt\/wp-json\/wp\/v2\/media\/5837"}],"wp:attachment":[{"href":"https:\/\/360scooters.com\/pt\/wp-json\/wp\/v2\/media?parent=5801"}],"wp:term":[{"taxonomy":"product_brand","embeddable":true,"href":"https:\/\/360scooters.com\/pt\/wp-json\/wp\/v2\/product_brand?post=5801"},{"taxonomy":"product_cat","embeddable":true,"href":"https:\/\/360scooters.com\/pt\/wp-json\/wp\/v2\/product_cat?post=5801"},{"taxonomy":"product_tag","embeddable":true,"href":"https:\/\/360scooters.com\/pt\/wp-json\/wp\/v2\/product_tag?post=5801"}],"curies":[{"name":"wp","href":"https:\/\/api.w.org\/{rel}","templated":true}]}}