{"id":5800,"date":"2024-10-31T12:56:26","date_gmt":"2024-10-31T12:56:26","guid":{"rendered":"https:\/\/360scooters.com\/pt\/?post_type=product&#038;p=5800"},"modified":"2024-10-31T12:56:46","modified_gmt":"2024-10-31T12:56:46","slug":"candado-de-cable-con-llave-ewheel-110cm","status":"publish","type":"product","link":"https:\/\/360scooters.com\/pt\/producto\/candado-de-cable-con-llave-ewheel-110cm\/","title":{"rendered":"Candado de cable con llave [Ewheel] -110cm"},"content":{"rendered":"<p>Asegura tu patinete el\u00e9ctrico o bicicleta con el candado de cable con llave de <strong>Ewheel<\/strong>. Con una longitud de 110 cm, este candado de acero flexible ofrece gran versatilidad para anclar tu veh\u00edculo en diversos puntos. Su recubrimiento protector evita rayones en el cuadro, mientras que su mecanismo de llave proporciona una seguridad sencilla y confiable. Compacto y f\u00e1cil de llevar, es la soluci\u00f3n ideal para proteger tu veh\u00edculo en tus trayectos diarios.<\/p>\n","protected":false},"excerpt":{"rendered":"<p>Candado seguro y c\u00f3modo que cuenta con llave propia y debido a su material es muy resistente, poco pesado y f\u00e1cil de transportar ya que cuenta con un soporte para patines y otro para bicicletas.<\/p>\n","protected":false},"featured_media":5833,"comment_status":"open","ping_status":"closed","template":"","meta":{"_acf_changed":false},"product_brand":[],"product_cat":[93],"product_tag":[94],"class_list":{"0":"post-5800","1":"product","2":"type-product","3":"status-publish","4":"has-post-thumbnail","6":"product_cat-cadeados","7":"product_tag-candados","9":"first","10":"instock","11":"sale","12":"taxable","13":"shipping-taxable","14":"purchasable","15":"product-type-simple"},"acf":[],"yoast_head":"<!-- This site is optimized with the Yoast SEO plugin v26.9 - https:\/\/yoast.com\/product\/yoast-seo-wordpress\/ -->\n<title>Candado de cable con llave [Ewheel] -110cm - 360Scooters Portugal<\/title>\n<meta name=\"robots\" content=\"index, follow, max-snippet:-1, max-image-preview:large, max-video-preview:-1\" \/>\n<link rel=\"canonical\" href=\"https:\/\/360scooters.com\/pt\/producto\/candado-de-cable-con-llave-ewheel-110cm\/\" \/>\n<meta property=\"og:locale\" content=\"pt_PT\" \/>\n<meta property=\"og:type\" content=\"article\" \/>\n<meta property=\"og:title\" content=\"Candado de cable con llave [Ewheel] -110cm - 360Scooters Portugal\" \/>\n<meta property=\"og:description\" content=\"Candado seguro y c\u00f3modo que cuenta con llave propia y debido a su material es muy resistente, poco pesado y f\u00e1cil de transportar ya que cuenta con un soporte para patines y otro para bicicletas.\" \/>\n<meta property=\"og:url\" content=\"https:\/\/360scooters.com\/pt\/producto\/candado-de-cable-con-llave-ewheel-110cm\/\" \/>\n<meta property=\"og:site_name\" content=\"360Scooters Portugal\" \/>\n<meta property=\"article:modified_time\" content=\"2024-10-31T12:56:46+00:00\" \/>\n<meta name=\"twitter:card\" content=\"summary_large_image\" \/>\n<script type=\"application\/ld+json\" class=\"yoast-schema-graph\">{\"@context\":\"https:\/\/schema.org\",\"@graph\":[{\"@type\":\"WebPage\",\"@id\":\"https:\/\/360scooters.com\/pt\/producto\/candado-de-cable-con-llave-ewheel-110cm\/\",\"url\":\"https:\/\/360scooters.com\/pt\/producto\/candado-de-cable-con-llave-ewheel-110cm\/\",\"name\":\"Candado de cable con llave [Ewheel] -110cm - 360Scooters Portugal\",\"isPartOf\":{\"@id\":\"https:\/\/360scooters.com\/pt\/#website\"},\"primaryImageOfPage\":{\"@id\":\"https:\/\/360scooters.com\/pt\/producto\/candado-de-cable-con-llave-ewheel-110cm\/#primaryimage\"},\"image\":{\"@id\":\"https:\/\/360scooters.com\/pt\/producto\/candado-de-cable-con-llave-ewheel-110cm\/#primaryimage\"},\"thumbnailUrl\":\"https:\/\/360scooters.com\/pt\/wp-content\/uploads\/sites\/5\/2024\/10\/ACA-002.png\",\"datePublished\":\"2024-10-31T12:56:26+00:00\",\"dateModified\":\"2024-10-31T12:56:46+00:00\",\"breadcrumb\":{\"@id\":\"https:\/\/360scooters.com\/pt\/producto\/candado-de-cable-con-llave-ewheel-110cm\/#breadcrumb\"},\"inLanguage\":\"pt-PT\",\"potentialAction\":[{\"@type\":\"ReadAction\",\"target\":[\"https:\/\/360scooters.com\/pt\/producto\/candado-de-cable-con-llave-ewheel-110cm\/\"]}]},{\"@type\":\"ImageObject\",\"inLanguage\":\"pt-PT\",\"@id\":\"https:\/\/360scooters.com\/pt\/producto\/candado-de-cable-con-llave-ewheel-110cm\/#primaryimage\",\"url\":\"https:\/\/360scooters.com\/pt\/wp-content\/uploads\/sites\/5\/2024\/10\/ACA-002.png\",\"contentUrl\":\"https:\/\/360scooters.com\/pt\/wp-content\/uploads\/sites\/5\/2024\/10\/ACA-002.png\",\"width\":1080,\"height\":1080},{\"@type\":\"BreadcrumbList\",\"@id\":\"https:\/\/360scooters.com\/pt\/producto\/candado-de-cable-con-llave-ewheel-110cm\/#breadcrumb\",\"itemListElement\":[{\"@type\":\"ListItem\",\"position\":1,\"name\":\"In\u00edcio\",\"item\":\"https:\/\/360scooters.com\/pt\/\"},{\"@type\":\"ListItem\",\"position\":2,\"name\":\"Produtos\",\"item\":\"https:\/\/360scooters.com\/pt\/shop\/\"},{\"@type\":\"ListItem\",\"position\":3,\"name\":\"Candado de cable con llave [Ewheel] -110cm\"}]},{\"@type\":\"WebSite\",\"@id\":\"https:\/\/360scooters.com\/pt\/#website\",\"url\":\"https:\/\/360scooters.com\/pt\/\",\"name\":\"360Scooters Portugal\",\"description\":\"\",\"potentialAction\":[{\"@type\":\"SearchAction\",\"target\":{\"@type\":\"EntryPoint\",\"urlTemplate\":\"https:\/\/360scooters.com\/pt\/?s={search_term_string}\"},\"query-input\":{\"@type\":\"PropertyValueSpecification\",\"valueRequired\":true,\"valueName\":\"search_term_string\"}}],\"inLanguage\":\"pt-PT\"}]}<\/script>\n<!-- \/ Yoast SEO plugin. -->","yoast_head_json":{"title":"Candado de cable con llave [Ewheel] -110cm - 360Scooters Portugal","robots":{"index":"index","follow":"follow","max-snippet":"max-snippet:-1","max-image-preview":"max-image-preview:large","max-video-preview":"max-video-preview:-1"},"canonical":"https:\/\/360scooters.com\/pt\/producto\/candado-de-cable-con-llave-ewheel-110cm\/","og_locale":"pt_PT","og_type":"article","og_title":"Candado de cable con llave [Ewheel] -110cm - 360Scooters Portugal","og_description":"Candado seguro y c\u00f3modo que cuenta con llave propia y debido a su material es muy resistente, poco pesado y f\u00e1cil de transportar ya que cuenta con un soporte para patines y otro para bicicletas.","og_url":"https:\/\/360scooters.com\/pt\/producto\/candado-de-cable-con-llave-ewheel-110cm\/","og_site_name":"360Scooters Portugal","article_modified_time":"2024-10-31T12:56:46+00:00","twitter_card":"summary_large_image","schema":{"@context":"https:\/\/schema.org","@graph":[{"@type":"WebPage","@id":"https:\/\/360scooters.com\/pt\/producto\/candado-de-cable-con-llave-ewheel-110cm\/","url":"https:\/\/360scooters.com\/pt\/producto\/candado-de-cable-con-llave-ewheel-110cm\/","name":"Candado de cable con llave [Ewheel] -110cm - 360Scooters Portugal","isPartOf":{"@id":"https:\/\/360scooters.com\/pt\/#website"},"primaryImageOfPage":{"@id":"https:\/\/360scooters.com\/pt\/producto\/candado-de-cable-con-llave-ewheel-110cm\/#primaryimage"},"image":{"@id":"https:\/\/360scooters.com\/pt\/producto\/candado-de-cable-con-llave-ewheel-110cm\/#primaryimage"},"thumbnailUrl":"https:\/\/360scooters.com\/pt\/wp-content\/uploads\/sites\/5\/2024\/10\/ACA-002.png","datePublished":"2024-10-31T12:56:26+00:00","dateModified":"2024-10-31T12:56:46+00:00","breadcrumb":{"@id":"https:\/\/360scooters.com\/pt\/producto\/candado-de-cable-con-llave-ewheel-110cm\/#breadcrumb"},"inLanguage":"pt-PT","potentialAction":[{"@type":"ReadAction","target":["https:\/\/360scooters.com\/pt\/producto\/candado-de-cable-con-llave-ewheel-110cm\/"]}]},{"@type":"ImageObject","inLanguage":"pt-PT","@id":"https:\/\/360scooters.com\/pt\/producto\/candado-de-cable-con-llave-ewheel-110cm\/#primaryimage","url":"https:\/\/360scooters.com\/pt\/wp-content\/uploads\/sites\/5\/2024\/10\/ACA-002.png","contentUrl":"https:\/\/360scooters.com\/pt\/wp-content\/uploads\/sites\/5\/2024\/10\/ACA-002.png","width":1080,"height":1080},{"@type":"BreadcrumbList","@id":"https:\/\/360scooters.com\/pt\/producto\/candado-de-cable-con-llave-ewheel-110cm\/#breadcrumb","itemListElement":[{"@type":"ListItem","position":1,"name":"In\u00edcio","item":"https:\/\/360scooters.com\/pt\/"},{"@type":"ListItem","position":2,"name":"Produtos","item":"https:\/\/360scooters.com\/pt\/shop\/"},{"@type":"ListItem","position":3,"name":"Candado de cable con llave [Ewheel] -110cm"}]},{"@type":"WebSite","@id":"https:\/\/360scooters.com\/pt\/#website","url":"https:\/\/360scooters.com\/pt\/","name":"360Scooters Portugal","description":"","potentialAction":[{"@type":"SearchAction","target":{"@type":"EntryPoint","urlTemplate":"https:\/\/360scooters.com\/pt\/?s={search_term_string}"},"query-input":{"@type":"PropertyValueSpecification","valueRequired":true,"valueName":"search_term_string"}}],"inLanguage":"pt-PT"}]}},"_links":{"self":[{"href":"https:\/\/360scooters.com\/pt\/wp-json\/wp\/v2\/product\/5800","targetHints":{"allow":["GET"]}}],"collection":[{"href":"https:\/\/360scooters.com\/pt\/wp-json\/wp\/v2\/product"}],"about":[{"href":"https:\/\/360scooters.com\/pt\/wp-json\/wp\/v2\/types\/product"}],"replies":[{"embeddable":true,"href":"https:\/\/360scooters.com\/pt\/wp-json\/wp\/v2\/comments?post=5800"}],"version-history":[{"count":0,"href":"https:\/\/360scooters.com\/pt\/wp-json\/wp\/v2\/product\/5800\/revisions"}],"wp:featuredmedia":[{"embeddable":true,"href":"https:\/\/360scooters.com\/pt\/wp-json\/wp\/v2\/media\/5833"}],"wp:attachment":[{"href":"https:\/\/360scooters.com\/pt\/wp-json\/wp\/v2\/media?parent=5800"}],"wp:term":[{"taxonomy":"product_brand","embeddable":true,"href":"https:\/\/360scooters.com\/pt\/wp-json\/wp\/v2\/product_brand?post=5800"},{"taxonomy":"product_cat","embeddable":true,"href":"https:\/\/360scooters.com\/pt\/wp-json\/wp\/v2\/product_cat?post=5800"},{"taxonomy":"product_tag","embeddable":true,"href":"https:\/\/360scooters.com\/pt\/wp-json\/wp\/v2\/product_tag?post=5800"}],"curies":[{"name":"wp","href":"https:\/\/api.w.org\/{rel}","templated":true}]}}