{"id":5737,"date":"2024-10-19T16:14:00","date_gmt":"2024-10-19T15:14:00","guid":{"rendered":"https:\/\/360scooters.com\/pt\/?post_type=product&#038;p=5737"},"modified":"2024-10-19T16:15:39","modified_gmt":"2024-10-19T15:15:39","slug":"limpador-de-trotinetes-biodegradavel-500ml-360detail","status":"publish","type":"product","link":"https:\/\/360scooters.com\/pt\/producto\/limpador-de-trotinetes-biodegradavel-500ml-360detail\/","title":{"rendered":"Limpador de trotinetes biodegrad\u00e1vel 500ml [360Detail]"},"content":{"rendered":"<h2><strong>360Scooters Limpador de trotinetes el\u00e9trico 360Detail &#8211; 500 ml<\/strong><\/h2>\n<p>Se se pergunta como limpar a sua scooter el\u00e9trica de forma eficaz e segura, o 360Detail Cleaner da 360Scooters \u00e9 a solu\u00e7\u00e3o perfeita. Este produto de limpeza biodegrad\u00e1vel, desenvolvido especificamente para scooters el\u00e9tricas, permite manter o seu ve\u00edculo impec\u00e1vel e ao mesmo tempo cuidar do ambiente.<\/p>\n<p>Com o uso di\u00e1rio, a sua scooter el\u00e9trica acumula p\u00f3, sujidade e gordura que afetam n\u00e3o s\u00f3 a sua apar\u00eancia, mas tamb\u00e9m o seu desempenho. Para limpar a sua scooter el\u00e9trica de forma eficiente, a 360Detail desenvolveu uma f\u00f3rmula que remove facilmente estes res\u00edduos sem danificar os materiais. Al\u00e9m disso, sendo biodegrad\u00e1vel, \u00e9 totalmente seguro para superf\u00edcies de metal, pl\u00e1stico e borracha, garantindo que pode limpar qualquer parte da sua scooter sem se preocupar com os efeitos a longo prazo.<\/p>\n<p>A aplica\u00e7\u00e3o do produto de limpeza 360Detail \u00e9 muito simples: basta pulverizar o produto nas zonas afetadas, esperar alguns minutos e passar um pano macio ou uma esponja. A sua f\u00f3rmula penetra na sujidade, libertando res\u00edduos e gorduras para que desapare\u00e7am sem esfor\u00e7o. Isto torna a limpeza da sua scooter el\u00e9trica r\u00e1pida e confort\u00e1vel, sem a necessidade de produtos agressivos que podem danificar as pe\u00e7as do seu ve\u00edculo.<\/p>\n<p><strong>Principais benef\u00edcios do produto de limpeza 360Detail:<\/strong><\/p>\n<ul>\n<li><strong>Ideal para a limpeza de trotinetes el\u00e9tricas<\/strong>: Concebido para remover eficazmente o p\u00f3, a gordura e a sujidade acumulada.<\/li>\n<li><strong>Biodegrad\u00e1vel e seguro<\/strong>: Este produto \u00e9 ecol\u00f3gico e n\u00e3o cont\u00e9m produtos qu\u00edmicos agressivos.<\/li>\n<li><strong>F\u00e1cil aplica\u00e7\u00e3o<\/strong>: Basta pulverizar, deixar repousar e passar um pano macio.<\/li>\n<li><strong>Seguro para todas as superf\u00edcies<\/strong>: Adequado para utiliza\u00e7\u00e3o em metal, pl\u00e1stico, borracha e outras superf\u00edcies comuns em trotinetes el\u00e9tricas.<\/li>\n<li><strong>Pr\u00e1tico formato de 500 ml<\/strong>: Ideal para diversas aplica\u00e7\u00f5es, mantendo sempre a sua scooter nas melhores condi\u00e7\u00f5es.<\/li>\n<\/ul>\n<p><strong>Ao limpar regularmente a sua scooter el\u00e9ctrica com 360Detail<\/strong>, n\u00e3o s\u00f3 melhora a sua apar\u00eancia, como tamb\u00e9m ajuda a prolongar a sua vida \u00fatil. A acumula\u00e7\u00e3o de sujidade e gordura pode afetar o desempenho das pe\u00e7as m\u00f3veis, como os trav\u00f5es e o motor. Manter a sua scooter limpa reduz o desgaste e melhora o seu desempenho.<\/p>\n<p>Quer utilize a sua scooter para se deslocar pela cidade ou apenas para viagens ocasionais, ter o<strong> limpador de scooters el\u00e9trico 360Detail da 360Scooters<\/strong> \u00e0 m\u00e3o garante que o seu ve\u00edculo est\u00e1 sempre limpo, protegido e pronto para qualquer aventura. Fa\u00e7a da limpeza parte da sua rotina e prolongue a vida \u00fatil da sua scooter!<\/p>\n","protected":false},"excerpt":{"rendered":"<p>Mantenha a sua scooter el\u00e9trica limpa e protegida com o 360Detail Cleaner da 360Scooters. A sua f\u00f3rmula biodegrad\u00e1vel remove facilmente o p\u00f3, a gordura e a sujidade sem danificar as superf\u00edcies. Ideal para a limpeza de trotinetes el\u00e9tricas, \u00e9 de f\u00e1cil aplica\u00e7\u00e3o e amigo do ambiente.<\/p>\n","protected":false},"featured_media":5738,"comment_status":"open","ping_status":"closed","template":"","meta":{"_acf_changed":false},"product_brand":[],"product_cat":[83],"product_tag":[],"class_list":{"0":"post-5737","1":"product","2":"type-product","3":"status-publish","4":"has-post-thumbnail","6":"product_cat-360detail","7":"pa_brands-360detail","9":"first","10":"instock","11":"taxable","12":"shipping-taxable","13":"purchasable","14":"product-type-simple"},"acf":[],"yoast_head":"<!-- This site is optimized with the Yoast SEO plugin v26.9 - https:\/\/yoast.com\/product\/yoast-seo-wordpress\/ -->\n<title>Limpador de trotinetes biodegrad\u00e1vel 500ml [360Detail] - 360Scooters Portugal<\/title>\n<meta name=\"robots\" content=\"index, follow, max-snippet:-1, max-image-preview:large, max-video-preview:-1\" \/>\n<link rel=\"canonical\" href=\"https:\/\/360scooters.com\/pt\/producto\/limpador-de-trotinetes-biodegradavel-500ml-360detail\/\" \/>\n<meta property=\"og:locale\" content=\"pt_PT\" \/>\n<meta property=\"og:type\" content=\"article\" \/>\n<meta property=\"og:title\" content=\"Limpador de trotinetes biodegrad\u00e1vel 500ml [360Detail] - 360Scooters Portugal\" \/>\n<meta property=\"og:description\" content=\"Mantenha a sua scooter el\u00e9trica limpa e protegida com o 360Detail Cleaner da 360Scooters. A sua f\u00f3rmula biodegrad\u00e1vel remove facilmente o p\u00f3, a gordura e a sujidade sem danificar as superf\u00edcies. Ideal para a limpeza de trotinetes el\u00e9tricas, \u00e9 de f\u00e1cil aplica\u00e7\u00e3o e amigo do ambiente.\" \/>\n<meta property=\"og:url\" content=\"https:\/\/360scooters.com\/pt\/producto\/limpador-de-trotinetes-biodegradavel-500ml-360detail\/\" \/>\n<meta property=\"og:site_name\" content=\"360Scooters Portugal\" \/>\n<meta property=\"article:modified_time\" content=\"2024-10-19T15:15:39+00:00\" \/>\n<meta property=\"og:image\" content=\"https:\/\/360scooters.com\/pt\/wp-content\/uploads\/sites\/5\/2024\/10\/Imagen-de-WhatsApp-2024-09-13-a-las-19.24.32_7e568f9a.jpg\" \/>\n\t<meta property=\"og:image:width\" content=\"1512\" \/>\n\t<meta property=\"og:image:height\" content=\"2016\" \/>\n\t<meta property=\"og:image:type\" content=\"image\/jpeg\" \/>\n<meta name=\"twitter:card\" content=\"summary_large_image\" \/>\n<meta name=\"twitter:label1\" content=\"Tempo estimado de leitura\" \/>\n\t<meta name=\"twitter:data1\" content=\"3 minutos\" \/>\n<script type=\"application\/ld+json\" class=\"yoast-schema-graph\">{\"@context\":\"https:\/\/schema.org\",\"@graph\":[{\"@type\":\"WebPage\",\"@id\":\"https:\/\/360scooters.com\/pt\/producto\/limpador-de-trotinetes-biodegradavel-500ml-360detail\/\",\"url\":\"https:\/\/360scooters.com\/pt\/producto\/limpador-de-trotinetes-biodegradavel-500ml-360detail\/\",\"name\":\"Limpador de trotinetes biodegrad\u00e1vel 500ml [360Detail] - 360Scooters Portugal\",\"isPartOf\":{\"@id\":\"https:\/\/360scooters.com\/pt\/#website\"},\"primaryImageOfPage\":{\"@id\":\"https:\/\/360scooters.com\/pt\/producto\/limpador-de-trotinetes-biodegradavel-500ml-360detail\/#primaryimage\"},\"image\":{\"@id\":\"https:\/\/360scooters.com\/pt\/producto\/limpador-de-trotinetes-biodegradavel-500ml-360detail\/#primaryimage\"},\"thumbnailUrl\":\"https:\/\/360scooters.com\/pt\/wp-content\/uploads\/sites\/5\/2024\/10\/Imagen-de-WhatsApp-2024-09-13-a-las-19.24.32_7e568f9a.jpg\",\"datePublished\":\"2024-10-19T15:14:00+00:00\",\"dateModified\":\"2024-10-19T15:15:39+00:00\",\"breadcrumb\":{\"@id\":\"https:\/\/360scooters.com\/pt\/producto\/limpador-de-trotinetes-biodegradavel-500ml-360detail\/#breadcrumb\"},\"inLanguage\":\"pt-PT\",\"potentialAction\":[{\"@type\":\"ReadAction\",\"target\":[\"https:\/\/360scooters.com\/pt\/producto\/limpador-de-trotinetes-biodegradavel-500ml-360detail\/\"]}]},{\"@type\":\"ImageObject\",\"inLanguage\":\"pt-PT\",\"@id\":\"https:\/\/360scooters.com\/pt\/producto\/limpador-de-trotinetes-biodegradavel-500ml-360detail\/#primaryimage\",\"url\":\"https:\/\/360scooters.com\/pt\/wp-content\/uploads\/sites\/5\/2024\/10\/Imagen-de-WhatsApp-2024-09-13-a-las-19.24.32_7e568f9a.jpg\",\"contentUrl\":\"https:\/\/360scooters.com\/pt\/wp-content\/uploads\/sites\/5\/2024\/10\/Imagen-de-WhatsApp-2024-09-13-a-las-19.24.32_7e568f9a.jpg\",\"width\":1512,\"height\":2016,\"caption\":\"Limpador de trotinetes biodegrad\u00e1vel 500ml\"},{\"@type\":\"BreadcrumbList\",\"@id\":\"https:\/\/360scooters.com\/pt\/producto\/limpador-de-trotinetes-biodegradavel-500ml-360detail\/#breadcrumb\",\"itemListElement\":[{\"@type\":\"ListItem\",\"position\":1,\"name\":\"In\u00edcio\",\"item\":\"https:\/\/360scooters.com\/pt\/\"},{\"@type\":\"ListItem\",\"position\":2,\"name\":\"Produtos\",\"item\":\"https:\/\/360scooters.com\/pt\/shop\/\"},{\"@type\":\"ListItem\",\"position\":3,\"name\":\"Limpador de trotinetes biodegrad\u00e1vel 500ml [360Detail]\"}]},{\"@type\":\"WebSite\",\"@id\":\"https:\/\/360scooters.com\/pt\/#website\",\"url\":\"https:\/\/360scooters.com\/pt\/\",\"name\":\"360Scooters Portugal\",\"description\":\"\",\"potentialAction\":[{\"@type\":\"SearchAction\",\"target\":{\"@type\":\"EntryPoint\",\"urlTemplate\":\"https:\/\/360scooters.com\/pt\/?s={search_term_string}\"},\"query-input\":{\"@type\":\"PropertyValueSpecification\",\"valueRequired\":true,\"valueName\":\"search_term_string\"}}],\"inLanguage\":\"pt-PT\"}]}<\/script>\n<!-- \/ Yoast SEO plugin. -->","yoast_head_json":{"title":"Limpador de trotinetes biodegrad\u00e1vel 500ml [360Detail] - 360Scooters Portugal","robots":{"index":"index","follow":"follow","max-snippet":"max-snippet:-1","max-image-preview":"max-image-preview:large","max-video-preview":"max-video-preview:-1"},"canonical":"https:\/\/360scooters.com\/pt\/producto\/limpador-de-trotinetes-biodegradavel-500ml-360detail\/","og_locale":"pt_PT","og_type":"article","og_title":"Limpador de trotinetes biodegrad\u00e1vel 500ml [360Detail] - 360Scooters Portugal","og_description":"Mantenha a sua scooter el\u00e9trica limpa e protegida com o 360Detail Cleaner da 360Scooters. A sua f\u00f3rmula biodegrad\u00e1vel remove facilmente o p\u00f3, a gordura e a sujidade sem danificar as superf\u00edcies. Ideal para a limpeza de trotinetes el\u00e9tricas, \u00e9 de f\u00e1cil aplica\u00e7\u00e3o e amigo do ambiente.","og_url":"https:\/\/360scooters.com\/pt\/producto\/limpador-de-trotinetes-biodegradavel-500ml-360detail\/","og_site_name":"360Scooters Portugal","article_modified_time":"2024-10-19T15:15:39+00:00","og_image":[{"width":1512,"height":2016,"url":"https:\/\/360scooters.com\/pt\/wp-content\/uploads\/sites\/5\/2024\/10\/Imagen-de-WhatsApp-2024-09-13-a-las-19.24.32_7e568f9a.jpg","type":"image\/jpeg"}],"twitter_card":"summary_large_image","twitter_misc":{"Tempo estimado de leitura":"3 minutos"},"schema":{"@context":"https:\/\/schema.org","@graph":[{"@type":"WebPage","@id":"https:\/\/360scooters.com\/pt\/producto\/limpador-de-trotinetes-biodegradavel-500ml-360detail\/","url":"https:\/\/360scooters.com\/pt\/producto\/limpador-de-trotinetes-biodegradavel-500ml-360detail\/","name":"Limpador de trotinetes biodegrad\u00e1vel 500ml [360Detail] - 360Scooters Portugal","isPartOf":{"@id":"https:\/\/360scooters.com\/pt\/#website"},"primaryImageOfPage":{"@id":"https:\/\/360scooters.com\/pt\/producto\/limpador-de-trotinetes-biodegradavel-500ml-360detail\/#primaryimage"},"image":{"@id":"https:\/\/360scooters.com\/pt\/producto\/limpador-de-trotinetes-biodegradavel-500ml-360detail\/#primaryimage"},"thumbnailUrl":"https:\/\/360scooters.com\/pt\/wp-content\/uploads\/sites\/5\/2024\/10\/Imagen-de-WhatsApp-2024-09-13-a-las-19.24.32_7e568f9a.jpg","datePublished":"2024-10-19T15:14:00+00:00","dateModified":"2024-10-19T15:15:39+00:00","breadcrumb":{"@id":"https:\/\/360scooters.com\/pt\/producto\/limpador-de-trotinetes-biodegradavel-500ml-360detail\/#breadcrumb"},"inLanguage":"pt-PT","potentialAction":[{"@type":"ReadAction","target":["https:\/\/360scooters.com\/pt\/producto\/limpador-de-trotinetes-biodegradavel-500ml-360detail\/"]}]},{"@type":"ImageObject","inLanguage":"pt-PT","@id":"https:\/\/360scooters.com\/pt\/producto\/limpador-de-trotinetes-biodegradavel-500ml-360detail\/#primaryimage","url":"https:\/\/360scooters.com\/pt\/wp-content\/uploads\/sites\/5\/2024\/10\/Imagen-de-WhatsApp-2024-09-13-a-las-19.24.32_7e568f9a.jpg","contentUrl":"https:\/\/360scooters.com\/pt\/wp-content\/uploads\/sites\/5\/2024\/10\/Imagen-de-WhatsApp-2024-09-13-a-las-19.24.32_7e568f9a.jpg","width":1512,"height":2016,"caption":"Limpador de trotinetes biodegrad\u00e1vel 500ml"},{"@type":"BreadcrumbList","@id":"https:\/\/360scooters.com\/pt\/producto\/limpador-de-trotinetes-biodegradavel-500ml-360detail\/#breadcrumb","itemListElement":[{"@type":"ListItem","position":1,"name":"In\u00edcio","item":"https:\/\/360scooters.com\/pt\/"},{"@type":"ListItem","position":2,"name":"Produtos","item":"https:\/\/360scooters.com\/pt\/shop\/"},{"@type":"ListItem","position":3,"name":"Limpador de trotinetes biodegrad\u00e1vel 500ml [360Detail]"}]},{"@type":"WebSite","@id":"https:\/\/360scooters.com\/pt\/#website","url":"https:\/\/360scooters.com\/pt\/","name":"360Scooters Portugal","description":"","potentialAction":[{"@type":"SearchAction","target":{"@type":"EntryPoint","urlTemplate":"https:\/\/360scooters.com\/pt\/?s={search_term_string}"},"query-input":{"@type":"PropertyValueSpecification","valueRequired":true,"valueName":"search_term_string"}}],"inLanguage":"pt-PT"}]}},"_links":{"self":[{"href":"https:\/\/360scooters.com\/pt\/wp-json\/wp\/v2\/product\/5737","targetHints":{"allow":["GET"]}}],"collection":[{"href":"https:\/\/360scooters.com\/pt\/wp-json\/wp\/v2\/product"}],"about":[{"href":"https:\/\/360scooters.com\/pt\/wp-json\/wp\/v2\/types\/product"}],"replies":[{"embeddable":true,"href":"https:\/\/360scooters.com\/pt\/wp-json\/wp\/v2\/comments?post=5737"}],"version-history":[{"count":0,"href":"https:\/\/360scooters.com\/pt\/wp-json\/wp\/v2\/product\/5737\/revisions"}],"wp:featuredmedia":[{"embeddable":true,"href":"https:\/\/360scooters.com\/pt\/wp-json\/wp\/v2\/media\/5738"}],"wp:attachment":[{"href":"https:\/\/360scooters.com\/pt\/wp-json\/wp\/v2\/media?parent=5737"}],"wp:term":[{"taxonomy":"product_brand","embeddable":true,"href":"https:\/\/360scooters.com\/pt\/wp-json\/wp\/v2\/product_brand?post=5737"},{"taxonomy":"product_cat","embeddable":true,"href":"https:\/\/360scooters.com\/pt\/wp-json\/wp\/v2\/product_cat?post=5737"},{"taxonomy":"product_tag","embeddable":true,"href":"https:\/\/360scooters.com\/pt\/wp-json\/wp\/v2\/product_tag?post=5737"}],"curies":[{"name":"wp","href":"https:\/\/api.w.org\/{rel}","templated":true}]}}