{"id":5687,"date":"2024-09-10T09:11:13","date_gmt":"2024-09-10T08:11:13","guid":{"rendered":"https:\/\/360scooters.com\/pt\/?post_type=product&#038;p=5687"},"modified":"2024-10-19T12:45:44","modified_gmt":"2024-10-19T11:45:44","slug":"scooter-eletrica-ecoxtrem-bison","status":"publish","type":"product","link":"https:\/\/360scooters.com\/pt\/producto\/scooter-eletrica-ecoxtrem-bison\/","title":{"rendered":"Scooter el\u00e9trica Ecoxtrem Bison"},"content":{"rendered":"<h2><strong>Ecoxtrem Bison 800W &#8211; <\/strong>Procura uma scooter el\u00e9trica r\u00e1pida, segura e totalmente legal?<\/h2>\n<p>Se pretende velocidade e seguran\u00e7a, a scooter Ecoxtrem Bison \u00e9 a op\u00e7\u00e3o para si. Ir\u00e1 surpreend\u00ea-lo com o seu incr\u00edvel design e excelentes funcionalidades, agora homologadas pela Dire\u00e7\u00e3o Geral de Tr\u00e2nsito (DGT).<\/p>\n<p>Est\u00e1 dispon\u00edvel em diversas cores e cada cor \u00e9 diferente no chassis.<\/p>\n<p>Tem um design bastante estilizado, principalmente no seu chassis que \u00e9 feito de liga de alum\u00ednio. Al\u00e9m disso, a \u00e1rea do apoio para os p\u00e9s \u00e9 forrada com borracha dura com o log\u00f3tipo EcoXtrem.<\/p>\n<h3><strong>Velocidade, design e pot\u00eancia da scooter Ecoxtrem Bison 800w \u2013 100% cool<\/strong><\/h3>\n<p>Em termos de desempenho, a scooter Bison \u00e9 muito equilibrada. Incorpora um motor de pot\u00eancia m\u00e1xima de 800W e uma bateria de 48V-13Ah localizada sob o apoio para os p\u00e9s, agora homologada pela DGT.<\/p>\n<p>A combina\u00e7\u00e3o destes 2 componentes \u00e9 excepcional, pois ter\u00e1 pot\u00eancia e velocidade suficientes ao mesmo tempo. Pode at\u00e9 escolher a velocidade que pretende, pois tem 2 velocidades.<\/p>\n<p>E n\u00e3o ter\u00e1 de se preocupar com a performance, basta carregar totalmente a scooter, o que demora entre 4 a 6 horas para ter bateria durante horas e poder percorrer at\u00e9 40 km, cumprindo todas as normas em vigor.<\/p>\n<h3><strong>Adaptado para terrenos mistos \u2013 Bison Ecoxtrem<\/strong><\/h3>\n<p>Os pneus da scooter Bison Ecoxtrem s\u00e3o de borracha dura de 25 cm com c\u00e2mara de ar, resistentes a furos e tamb\u00e9m protegidos por guarda-lamas para evitar o contacto com po\u00e7as de \u00e1gua. Gra\u00e7as \u00e0 sua dupla suspens\u00e3o e rodas mistas poder\u00e1 desfrutar da scooter em terrenos mistos, com total legalidade.<\/p>\n<p>Para al\u00e9m do design est\u00e9tico, a scooter est\u00e1 equipada com a mais recente tecnologia do setor, uma vez que incorpora um mini ecr\u00e3 LCD com indicadores de bateria, quilometragem e velocidade, todos homologados pela DGT.<\/p>\n<p>No punho esquerdo est\u00e3o os 3 bot\u00f5es que servem para ligar as luzes, selecionar a velocidade e configurar a scooter.<\/p>\n<p>Algo muito not\u00e1vel s\u00e3o as suas faixas de LED nas laterais do apoio para os p\u00e9s e a dupla luz LED frontal, s\u00e3o ideais para iluminar as suas viagens noturnas e ao mesmo tempo aumentar a sua seguran\u00e7a para que esteja sempre vis\u00edvel, cumprindo as normas de seguran\u00e7a exigido pela DGT. Todas as luzes da trotineta acender\u00e3o e apagar\u00e3o ao mesmo tempo.<\/p>\n<p>Incorpora ainda outros componentes essenciais como buzina manual, reflectores dianteiros, trav\u00f5es de disco, descanso e 2 suspens\u00f5es dianteiras e 1 suspens\u00e3o traseira que servir\u00e3o para amortecer qualquer zona irregular, o que torna esta scooter homologada pela DGT. A scooter Ecoxtrem Bison 800W tem excelentes cr\u00edticas positivas sobre o seu desempenho!<\/p>\n<h3><strong>Conforto e seguran\u00e7a<\/strong><\/h3>\n<p>Por outro lado, o sistema de dobragem \u00e9 ainda melhor, tem um fecho r\u00e1pido e f\u00e1cil. Desta forma, poder\u00e1 guard\u00e1-lo em qualquer canto da sua casa e transport\u00e1-lo para todo o lado, com a tranquilidade de estar a cumprir a legisla\u00e7\u00e3o em vigor.<\/p>\n<p>Embora a scooter n\u00e3o seja muito leve devido \u00e0 sua robustez, proporcionar-lhe-\u00e1 uma excelente pot\u00eancia e autonomia e sobretudo estabilidade e seguran\u00e7a. Possui chave de igni\u00e7\u00e3o dupla e a cablagem que se encontra no chassis \u00e9 protegida por tecido para uma melhor prote\u00e7\u00e3o, tudo de acordo com as normas de seguran\u00e7a da DGT.<\/p>\n<p>Em suma, a scooter el\u00e9trica Bison mant\u00e9m componentes de elevada qualidade que proporcionam a seguran\u00e7a necess\u00e1ria para se poder movimentar, vai tornar-se o seu maior aliado no seu dia a dia, adaptando-se \u00e0s suas necessidades, e tudo isto aprovado e legalizado pela Dire\u00e7\u00e3o Geral de Tr\u00e2nsito.<\/p>\n","protected":false},"excerpt":{"rendered":"<p><strong>NOVA Scooter El\u00e9trica Bison. Condu\u00e7\u00e3o 100% legal e segura.<\/strong><\/p>\n<table>\n<tbody>\n<tr>\n<td><strong>Pot\u00eancia nominal<\/strong><\/td>\n<td>800W<\/td>\n<\/tr>\n<tr>\n<td><strong>Bateria<\/strong><\/td>\n<td>48v \u2013 13Ah<\/td>\n<\/tr>\n<tr>\n<td><strong>Velocidade<\/strong><\/td>\n<td>At\u00e9 25 km\/h. Delimit\u00e1vel<\/td>\n<\/tr>\n<tr>\n<td><strong>Autonomia<\/strong><\/td>\n<td>At\u00e9 40 km<\/td>\n<\/tr>\n<tr>\n<td><strong>Peso<\/strong><\/td>\n<td>22Kg<\/td>\n<\/tr>\n<tr>\n<td><strong>Tempo de carga<\/strong><\/td>\n<td>4-6H<\/td>\n<\/tr>\n<tr>\n<td><strong>Frenos<\/strong><\/td>\n<td>Freno de disco trasero e delantero<\/td>\n<\/tr>\n<\/tbody>\n<\/table>\n","protected":false},"featured_media":5688,"comment_status":"open","ping_status":"closed","template":"","meta":{"_acf_changed":false},"product_brand":[],"product_cat":[48],"product_tag":[],"class_list":{"0":"post-5687","1":"product","2":"type-product","3":"status-publish","4":"has-post-thumbnail","6":"product_cat-gama-pro","7":"product_shipping_class-envio-de-scooters","9":"first","10":"instock","11":"sale","12":"taxable","13":"shipping-taxable","14":"purchasable","15":"product-type-simple"},"acf":[],"yoast_head":"<!-- This site is optimized with the Yoast SEO plugin v26.9 - https:\/\/yoast.com\/product\/yoast-seo-wordpress\/ -->\n<title>Scooter el\u00e9trica Ecoxtrem Bison Portugal<\/title>\n<meta name=\"description\" content=\"Procura o Scooter el\u00e9trica Ecoxtrem Bison? Na 360Scooters pode encontrar a sua Scooter el\u00e9trica Ecoxtrem Bison ao melhor pre\u00e7o de todo o Portugal\" \/>\n<meta name=\"robots\" content=\"index, follow, max-snippet:-1, max-image-preview:large, max-video-preview:-1\" \/>\n<link rel=\"canonical\" href=\"https:\/\/360scooters.com\/pt\/producto\/scooter-eletrica-ecoxtrem-bison\/\" \/>\n<meta property=\"og:locale\" content=\"pt_PT\" \/>\n<meta property=\"og:type\" content=\"article\" \/>\n<meta property=\"og:title\" content=\"Scooter el\u00e9trica Ecoxtrem Bison Portugal\" \/>\n<meta property=\"og:description\" content=\"Procura o Scooter el\u00e9trica Ecoxtrem Bison? Na 360Scooters pode encontrar a sua Scooter el\u00e9trica Ecoxtrem Bison ao melhor pre\u00e7o de todo o Portugal\" \/>\n<meta property=\"og:url\" content=\"https:\/\/360scooters.com\/pt\/producto\/scooter-eletrica-ecoxtrem-bison\/\" \/>\n<meta property=\"og:site_name\" content=\"360Scooters Portugal\" \/>\n<meta property=\"article:modified_time\" content=\"2024-10-19T11:45:44+00:00\" \/>\n<meta property=\"og:image\" content=\"https:\/\/360scooters.com\/pt\/wp-content\/uploads\/sites\/5\/2024\/09\/patinete-electrico-bison-homologado-dgt.png\" \/>\n\t<meta property=\"og:image:width\" content=\"800\" \/>\n\t<meta property=\"og:image:height\" content=\"800\" \/>\n\t<meta property=\"og:image:type\" content=\"image\/png\" \/>\n<meta name=\"twitter:card\" content=\"summary_large_image\" \/>\n<meta name=\"twitter:label1\" content=\"Tempo estimado de leitura\" \/>\n\t<meta name=\"twitter:data1\" content=\"4 minutos\" \/>\n<script type=\"application\/ld+json\" class=\"yoast-schema-graph\">{\"@context\":\"https:\/\/schema.org\",\"@graph\":[{\"@type\":\"WebPage\",\"@id\":\"https:\/\/360scooters.com\/pt\/producto\/scooter-eletrica-ecoxtrem-bison\/\",\"url\":\"https:\/\/360scooters.com\/pt\/producto\/scooter-eletrica-ecoxtrem-bison\/\",\"name\":\"Scooter el\u00e9trica Ecoxtrem Bison Portugal\",\"isPartOf\":{\"@id\":\"https:\/\/360scooters.com\/pt\/#website\"},\"primaryImageOfPage\":{\"@id\":\"https:\/\/360scooters.com\/pt\/producto\/scooter-eletrica-ecoxtrem-bison\/#primaryimage\"},\"image\":{\"@id\":\"https:\/\/360scooters.com\/pt\/producto\/scooter-eletrica-ecoxtrem-bison\/#primaryimage\"},\"thumbnailUrl\":\"https:\/\/360scooters.com\/pt\/wp-content\/uploads\/sites\/5\/2024\/09\/patinete-electrico-bison-homologado-dgt.png\",\"datePublished\":\"2024-09-10T08:11:13+00:00\",\"dateModified\":\"2024-10-19T11:45:44+00:00\",\"description\":\"Procura o Scooter el\u00e9trica Ecoxtrem Bison? Na 360Scooters pode encontrar a sua Scooter el\u00e9trica Ecoxtrem Bison ao melhor pre\u00e7o de todo o Portugal\",\"breadcrumb\":{\"@id\":\"https:\/\/360scooters.com\/pt\/producto\/scooter-eletrica-ecoxtrem-bison\/#breadcrumb\"},\"inLanguage\":\"pt-PT\",\"potentialAction\":[{\"@type\":\"ReadAction\",\"target\":[\"https:\/\/360scooters.com\/pt\/producto\/scooter-eletrica-ecoxtrem-bison\/\"]}]},{\"@type\":\"ImageObject\",\"inLanguage\":\"pt-PT\",\"@id\":\"https:\/\/360scooters.com\/pt\/producto\/scooter-eletrica-ecoxtrem-bison\/#primaryimage\",\"url\":\"https:\/\/360scooters.com\/pt\/wp-content\/uploads\/sites\/5\/2024\/09\/patinete-electrico-bison-homologado-dgt.png\",\"contentUrl\":\"https:\/\/360scooters.com\/pt\/wp-content\/uploads\/sites\/5\/2024\/09\/patinete-electrico-bison-homologado-dgt.png\",\"width\":800,\"height\":800},{\"@type\":\"BreadcrumbList\",\"@id\":\"https:\/\/360scooters.com\/pt\/producto\/scooter-eletrica-ecoxtrem-bison\/#breadcrumb\",\"itemListElement\":[{\"@type\":\"ListItem\",\"position\":1,\"name\":\"In\u00edcio\",\"item\":\"https:\/\/360scooters.com\/pt\/\"},{\"@type\":\"ListItem\",\"position\":2,\"name\":\"Produtos\",\"item\":\"https:\/\/360scooters.com\/pt\/shop\/\"},{\"@type\":\"ListItem\",\"position\":3,\"name\":\"Scooter el\u00e9trica Ecoxtrem Bison\"}]},{\"@type\":\"WebSite\",\"@id\":\"https:\/\/360scooters.com\/pt\/#website\",\"url\":\"https:\/\/360scooters.com\/pt\/\",\"name\":\"360Scooters Portugal\",\"description\":\"\",\"potentialAction\":[{\"@type\":\"SearchAction\",\"target\":{\"@type\":\"EntryPoint\",\"urlTemplate\":\"https:\/\/360scooters.com\/pt\/?s={search_term_string}\"},\"query-input\":{\"@type\":\"PropertyValueSpecification\",\"valueRequired\":true,\"valueName\":\"search_term_string\"}}],\"inLanguage\":\"pt-PT\"}]}<\/script>\n<!-- \/ Yoast SEO plugin. -->","yoast_head_json":{"title":"Scooter el\u00e9trica Ecoxtrem Bison Portugal","description":"Procura o Scooter el\u00e9trica Ecoxtrem Bison? Na 360Scooters pode encontrar a sua Scooter el\u00e9trica Ecoxtrem Bison ao melhor pre\u00e7o de todo o Portugal","robots":{"index":"index","follow":"follow","max-snippet":"max-snippet:-1","max-image-preview":"max-image-preview:large","max-video-preview":"max-video-preview:-1"},"canonical":"https:\/\/360scooters.com\/pt\/producto\/scooter-eletrica-ecoxtrem-bison\/","og_locale":"pt_PT","og_type":"article","og_title":"Scooter el\u00e9trica Ecoxtrem Bison Portugal","og_description":"Procura o Scooter el\u00e9trica Ecoxtrem Bison? Na 360Scooters pode encontrar a sua Scooter el\u00e9trica Ecoxtrem Bison ao melhor pre\u00e7o de todo o Portugal","og_url":"https:\/\/360scooters.com\/pt\/producto\/scooter-eletrica-ecoxtrem-bison\/","og_site_name":"360Scooters Portugal","article_modified_time":"2024-10-19T11:45:44+00:00","og_image":[{"width":800,"height":800,"url":"https:\/\/360scooters.com\/pt\/wp-content\/uploads\/sites\/5\/2024\/09\/patinete-electrico-bison-homologado-dgt.png","type":"image\/png"}],"twitter_card":"summary_large_image","twitter_misc":{"Tempo estimado de leitura":"4 minutos"},"schema":{"@context":"https:\/\/schema.org","@graph":[{"@type":"WebPage","@id":"https:\/\/360scooters.com\/pt\/producto\/scooter-eletrica-ecoxtrem-bison\/","url":"https:\/\/360scooters.com\/pt\/producto\/scooter-eletrica-ecoxtrem-bison\/","name":"Scooter el\u00e9trica Ecoxtrem Bison Portugal","isPartOf":{"@id":"https:\/\/360scooters.com\/pt\/#website"},"primaryImageOfPage":{"@id":"https:\/\/360scooters.com\/pt\/producto\/scooter-eletrica-ecoxtrem-bison\/#primaryimage"},"image":{"@id":"https:\/\/360scooters.com\/pt\/producto\/scooter-eletrica-ecoxtrem-bison\/#primaryimage"},"thumbnailUrl":"https:\/\/360scooters.com\/pt\/wp-content\/uploads\/sites\/5\/2024\/09\/patinete-electrico-bison-homologado-dgt.png","datePublished":"2024-09-10T08:11:13+00:00","dateModified":"2024-10-19T11:45:44+00:00","description":"Procura o Scooter el\u00e9trica Ecoxtrem Bison? Na 360Scooters pode encontrar a sua Scooter el\u00e9trica Ecoxtrem Bison ao melhor pre\u00e7o de todo o Portugal","breadcrumb":{"@id":"https:\/\/360scooters.com\/pt\/producto\/scooter-eletrica-ecoxtrem-bison\/#breadcrumb"},"inLanguage":"pt-PT","potentialAction":[{"@type":"ReadAction","target":["https:\/\/360scooters.com\/pt\/producto\/scooter-eletrica-ecoxtrem-bison\/"]}]},{"@type":"ImageObject","inLanguage":"pt-PT","@id":"https:\/\/360scooters.com\/pt\/producto\/scooter-eletrica-ecoxtrem-bison\/#primaryimage","url":"https:\/\/360scooters.com\/pt\/wp-content\/uploads\/sites\/5\/2024\/09\/patinete-electrico-bison-homologado-dgt.png","contentUrl":"https:\/\/360scooters.com\/pt\/wp-content\/uploads\/sites\/5\/2024\/09\/patinete-electrico-bison-homologado-dgt.png","width":800,"height":800},{"@type":"BreadcrumbList","@id":"https:\/\/360scooters.com\/pt\/producto\/scooter-eletrica-ecoxtrem-bison\/#breadcrumb","itemListElement":[{"@type":"ListItem","position":1,"name":"In\u00edcio","item":"https:\/\/360scooters.com\/pt\/"},{"@type":"ListItem","position":2,"name":"Produtos","item":"https:\/\/360scooters.com\/pt\/shop\/"},{"@type":"ListItem","position":3,"name":"Scooter el\u00e9trica Ecoxtrem Bison"}]},{"@type":"WebSite","@id":"https:\/\/360scooters.com\/pt\/#website","url":"https:\/\/360scooters.com\/pt\/","name":"360Scooters Portugal","description":"","potentialAction":[{"@type":"SearchAction","target":{"@type":"EntryPoint","urlTemplate":"https:\/\/360scooters.com\/pt\/?s={search_term_string}"},"query-input":{"@type":"PropertyValueSpecification","valueRequired":true,"valueName":"search_term_string"}}],"inLanguage":"pt-PT"}]}},"_links":{"self":[{"href":"https:\/\/360scooters.com\/pt\/wp-json\/wp\/v2\/product\/5687","targetHints":{"allow":["GET"]}}],"collection":[{"href":"https:\/\/360scooters.com\/pt\/wp-json\/wp\/v2\/product"}],"about":[{"href":"https:\/\/360scooters.com\/pt\/wp-json\/wp\/v2\/types\/product"}],"replies":[{"embeddable":true,"href":"https:\/\/360scooters.com\/pt\/wp-json\/wp\/v2\/comments?post=5687"}],"version-history":[{"count":0,"href":"https:\/\/360scooters.com\/pt\/wp-json\/wp\/v2\/product\/5687\/revisions"}],"wp:featuredmedia":[{"embeddable":true,"href":"https:\/\/360scooters.com\/pt\/wp-json\/wp\/v2\/media\/5688"}],"wp:attachment":[{"href":"https:\/\/360scooters.com\/pt\/wp-json\/wp\/v2\/media?parent=5687"}],"wp:term":[{"taxonomy":"product_brand","embeddable":true,"href":"https:\/\/360scooters.com\/pt\/wp-json\/wp\/v2\/product_brand?post=5687"},{"taxonomy":"product_cat","embeddable":true,"href":"https:\/\/360scooters.com\/pt\/wp-json\/wp\/v2\/product_cat?post=5687"},{"taxonomy":"product_tag","embeddable":true,"href":"https:\/\/360scooters.com\/pt\/wp-json\/wp\/v2\/product_tag?post=5687"}],"curies":[{"name":"wp","href":"https:\/\/api.w.org\/{rel}","templated":true}]}}