{"id":5405,"date":"2024-04-16T13:01:03","date_gmt":"2024-04-16T12:01:03","guid":{"rendered":"https:\/\/360scooters.com\/pt\/?post_type=product&#038;p=5405"},"modified":"2024-10-19T12:46:35","modified_gmt":"2024-10-19T11:46:35","slug":"trotinete-eletrica-zwheel-zrino-duo-max","status":"publish","type":"product","link":"https:\/\/360scooters.com\/pt\/producto\/trotinete-eletrica-zwheel-zrino-duo-max\/","title":{"rendered":"Trotinete el\u00e9trica Zwheel ZRino Duo Max"},"content":{"rendered":"<p>Sinta a pot\u00eancia de 2 motores nominais de 500 W, a debitar um total de 1.000 W, na scooter el\u00e9trica ZRino DUO da ZWHEEL! E conta agora com o certificado de homologa\u00e7\u00e3o da Dire\u00e7\u00e3o Geral de Tr\u00e2nsito (DGT), necess\u00e1rio em Espanha.<\/p>\n<p>Suspens\u00e3o hidr\u00e1ulica dupla dianteira e traseira<\/p>\n<p>A ZRino DUO \u00e9 uma scooter concebida para circular em todas as estradas, e vem com um sistema de suspens\u00e3o hidr\u00e1ulica dupla dianteira e traseira, dois motores, um por roda, bateria que desenvolve uma autonomia at\u00e9 70km e rodas de 10&#8242; OFF. sem tubo. Tudo isto faz dela uma scooter el\u00e9ctrica concebida para quebrar limites.<\/p>\n<p>Leve-o para onde quiser<\/p>\n<p>A op\u00e7\u00e3o de dobrar o mastro e o guiador faz do ZRino DUO MAX uma \u00f3tima op\u00e7\u00e3o para o transporte na bagageira de um ve\u00edculo.<\/p>\n<p>Conex\u00e3o Bluetooth<\/p>\n<p>Atrav\u00e9s da liga\u00e7\u00e3o Bluetooth, pode ligar o seu dispositivo iOS ou Android, atrav\u00e9s da APP ZWHEEL, e configurar a scooter ao seu gosto.<\/p>\n<p>Sistema de recupera\u00e7\u00e3o de energia (AER)<\/p>\n<p>O sistema de recupera\u00e7\u00e3o de energia de travagem recarrega a bateria durante a condu\u00e7\u00e3o.<\/p>\n<p>velocidade de cruzeiro<\/p>\n<p>A velocidade de cruzeiro, que pode definir, manter\u00e1 a velocidade constante para si, para que n\u00e3o tenha de pressionar o acelerador.<\/p>\n<p>Mova-se para onde quiser e quando quiser, \u00e9 um ZRino!<\/p>\n","protected":false},"excerpt":{"rendered":"<table>\n<tbody>\n<tr>\n<td><strong>Pot\u00eancia nominal<\/strong><\/td>\n<td>2x500W<\/td>\n<\/tr>\n<tr>\n<td><strong>Bateria<\/strong><\/td>\n<td>48v \u2013 20Ah<\/td>\n<\/tr>\n<tr>\n<td><strong>Velocidade<\/strong><\/td>\n<td>At\u00e9 25km\/h<\/td>\n<\/tr>\n<tr>\n<td><strong>Autonomia<\/strong><\/td>\n<td>At\u00e9 70km<\/td>\n<\/tr>\n<tr>\n<td><strong>Peso<\/strong><\/td>\n<td>30,8Kg<\/td>\n<\/tr>\n<tr>\n<td><strong>Tempo de carregamento<\/strong><\/td>\n<td>8-10H<\/td>\n<\/tr>\n<tr>\n<td><strong>Freios<\/strong><\/td>\n<td>Disco traseiro e dianteiro<\/td>\n<\/tr>\n<\/tbody>\n<\/table>\n<p>*Os pre\u00e7os, ofertas e promo\u00e7\u00f5es refletidos neste site s\u00e3o exclusivos para compras online.<\/p>\n","protected":false},"featured_media":5413,"comment_status":"open","ping_status":"closed","template":"","meta":{"_acf_changed":false},"product_brand":[],"product_cat":[49,48],"product_tag":[],"class_list":{"0":"post-5405","1":"product","2":"type-product","3":"status-publish","4":"has-post-thumbnail","6":"product_cat-gama-elite","7":"product_cat-gama-pro","8":"product_shipping_class-envio-de-scooters","10":"first","11":"instock","12":"taxable","13":"shipping-taxable","14":"purchasable","15":"product-type-simple"},"acf":[],"yoast_head":"<!-- This site is optimized with the Yoast SEO plugin v26.9 - https:\/\/yoast.com\/product\/yoast-seo-wordpress\/ -->\n<title>Trotinete el\u00e9trica Zwheel ZRino Duo Max - 360Scooters Portugal<\/title>\n<meta name=\"robots\" content=\"index, follow, max-snippet:-1, max-image-preview:large, max-video-preview:-1\" \/>\n<link rel=\"canonical\" href=\"https:\/\/360scooters.com\/pt\/producto\/trotinete-eletrica-zwheel-zrino-duo-max\/\" \/>\n<meta property=\"og:locale\" content=\"pt_PT\" \/>\n<meta property=\"og:type\" content=\"article\" \/>\n<meta property=\"og:title\" content=\"Trotinete el\u00e9trica Zwheel ZRino Duo Max - 360Scooters Portugal\" \/>\n<meta property=\"og:description\" content=\"Pot\u00eancia nominal 2x500W   Bateria 48v \u2013 20Ah   Velocidade At\u00e9 25km\/h   Autonomia At\u00e9 70km   Peso 30,8Kg   Tempo de carregamento 8-10H   Freios Disco traseiro e dianteiro    *Os pre\u00e7os, ofertas e promo\u00e7\u00f5es refletidos neste site s\u00e3o exclusivos para compras online.\" \/>\n<meta property=\"og:url\" content=\"https:\/\/360scooters.com\/pt\/producto\/trotinete-eletrica-zwheel-zrino-duo-max\/\" \/>\n<meta property=\"og:site_name\" content=\"360Scooters Portugal\" \/>\n<meta property=\"article:modified_time\" content=\"2024-10-19T11:46:35+00:00\" \/>\n<meta property=\"og:image\" content=\"https:\/\/360scooters.com\/pt\/wp-content\/uploads\/sites\/5\/2024\/04\/zrino-duo-homologado-dgt.png\" \/>\n\t<meta property=\"og:image:width\" content=\"1422\" \/>\n\t<meta property=\"og:image:height\" content=\"1422\" \/>\n\t<meta property=\"og:image:type\" content=\"image\/png\" \/>\n<meta name=\"twitter:card\" content=\"summary_large_image\" \/>\n<meta name=\"twitter:label1\" content=\"Tempo estimado de leitura\" \/>\n\t<meta name=\"twitter:data1\" content=\"2 minutos\" \/>\n<script type=\"application\/ld+json\" class=\"yoast-schema-graph\">{\"@context\":\"https:\/\/schema.org\",\"@graph\":[{\"@type\":\"WebPage\",\"@id\":\"https:\/\/360scooters.com\/pt\/producto\/trotinete-eletrica-zwheel-zrino-duo-max\/\",\"url\":\"https:\/\/360scooters.com\/pt\/producto\/trotinete-eletrica-zwheel-zrino-duo-max\/\",\"name\":\"Trotinete el\u00e9trica Zwheel ZRino Duo Max - 360Scooters Portugal\",\"isPartOf\":{\"@id\":\"https:\/\/360scooters.com\/pt\/#website\"},\"primaryImageOfPage\":{\"@id\":\"https:\/\/360scooters.com\/pt\/producto\/trotinete-eletrica-zwheel-zrino-duo-max\/#primaryimage\"},\"image\":{\"@id\":\"https:\/\/360scooters.com\/pt\/producto\/trotinete-eletrica-zwheel-zrino-duo-max\/#primaryimage\"},\"thumbnailUrl\":\"https:\/\/360scooters.com\/pt\/wp-content\/uploads\/sites\/5\/2024\/04\/zrino-duo-homologado-dgt.png\",\"datePublished\":\"2024-04-16T12:01:03+00:00\",\"dateModified\":\"2024-10-19T11:46:35+00:00\",\"breadcrumb\":{\"@id\":\"https:\/\/360scooters.com\/pt\/producto\/trotinete-eletrica-zwheel-zrino-duo-max\/#breadcrumb\"},\"inLanguage\":\"pt-PT\",\"potentialAction\":[{\"@type\":\"ReadAction\",\"target\":[\"https:\/\/360scooters.com\/pt\/producto\/trotinete-eletrica-zwheel-zrino-duo-max\/\"]}]},{\"@type\":\"ImageObject\",\"inLanguage\":\"pt-PT\",\"@id\":\"https:\/\/360scooters.com\/pt\/producto\/trotinete-eletrica-zwheel-zrino-duo-max\/#primaryimage\",\"url\":\"https:\/\/360scooters.com\/pt\/wp-content\/uploads\/sites\/5\/2024\/04\/zrino-duo-homologado-dgt.png\",\"contentUrl\":\"https:\/\/360scooters.com\/pt\/wp-content\/uploads\/sites\/5\/2024\/04\/zrino-duo-homologado-dgt.png\",\"width\":1422,\"height\":1422},{\"@type\":\"BreadcrumbList\",\"@id\":\"https:\/\/360scooters.com\/pt\/producto\/trotinete-eletrica-zwheel-zrino-duo-max\/#breadcrumb\",\"itemListElement\":[{\"@type\":\"ListItem\",\"position\":1,\"name\":\"In\u00edcio\",\"item\":\"https:\/\/360scooters.com\/pt\/\"},{\"@type\":\"ListItem\",\"position\":2,\"name\":\"Produtos\",\"item\":\"https:\/\/360scooters.com\/pt\/shop\/\"},{\"@type\":\"ListItem\",\"position\":3,\"name\":\"Trotinete el\u00e9trica Zwheel ZRino Duo Max\"}]},{\"@type\":\"WebSite\",\"@id\":\"https:\/\/360scooters.com\/pt\/#website\",\"url\":\"https:\/\/360scooters.com\/pt\/\",\"name\":\"360Scooters Portugal\",\"description\":\"\",\"potentialAction\":[{\"@type\":\"SearchAction\",\"target\":{\"@type\":\"EntryPoint\",\"urlTemplate\":\"https:\/\/360scooters.com\/pt\/?s={search_term_string}\"},\"query-input\":{\"@type\":\"PropertyValueSpecification\",\"valueRequired\":true,\"valueName\":\"search_term_string\"}}],\"inLanguage\":\"pt-PT\"}]}<\/script>\n<!-- \/ Yoast SEO plugin. -->","yoast_head_json":{"title":"Trotinete el\u00e9trica Zwheel ZRino Duo Max - 360Scooters Portugal","robots":{"index":"index","follow":"follow","max-snippet":"max-snippet:-1","max-image-preview":"max-image-preview:large","max-video-preview":"max-video-preview:-1"},"canonical":"https:\/\/360scooters.com\/pt\/producto\/trotinete-eletrica-zwheel-zrino-duo-max\/","og_locale":"pt_PT","og_type":"article","og_title":"Trotinete el\u00e9trica Zwheel ZRino Duo Max - 360Scooters Portugal","og_description":"Pot\u00eancia nominal 2x500W   Bateria 48v \u2013 20Ah   Velocidade At\u00e9 25km\/h   Autonomia At\u00e9 70km   Peso 30,8Kg   Tempo de carregamento 8-10H   Freios Disco traseiro e dianteiro    *Os pre\u00e7os, ofertas e promo\u00e7\u00f5es refletidos neste site s\u00e3o exclusivos para compras online.","og_url":"https:\/\/360scooters.com\/pt\/producto\/trotinete-eletrica-zwheel-zrino-duo-max\/","og_site_name":"360Scooters Portugal","article_modified_time":"2024-10-19T11:46:35+00:00","og_image":[{"width":1422,"height":1422,"url":"https:\/\/360scooters.com\/pt\/wp-content\/uploads\/sites\/5\/2024\/04\/zrino-duo-homologado-dgt.png","type":"image\/png"}],"twitter_card":"summary_large_image","twitter_misc":{"Tempo estimado de leitura":"2 minutos"},"schema":{"@context":"https:\/\/schema.org","@graph":[{"@type":"WebPage","@id":"https:\/\/360scooters.com\/pt\/producto\/trotinete-eletrica-zwheel-zrino-duo-max\/","url":"https:\/\/360scooters.com\/pt\/producto\/trotinete-eletrica-zwheel-zrino-duo-max\/","name":"Trotinete el\u00e9trica Zwheel ZRino Duo Max - 360Scooters Portugal","isPartOf":{"@id":"https:\/\/360scooters.com\/pt\/#website"},"primaryImageOfPage":{"@id":"https:\/\/360scooters.com\/pt\/producto\/trotinete-eletrica-zwheel-zrino-duo-max\/#primaryimage"},"image":{"@id":"https:\/\/360scooters.com\/pt\/producto\/trotinete-eletrica-zwheel-zrino-duo-max\/#primaryimage"},"thumbnailUrl":"https:\/\/360scooters.com\/pt\/wp-content\/uploads\/sites\/5\/2024\/04\/zrino-duo-homologado-dgt.png","datePublished":"2024-04-16T12:01:03+00:00","dateModified":"2024-10-19T11:46:35+00:00","breadcrumb":{"@id":"https:\/\/360scooters.com\/pt\/producto\/trotinete-eletrica-zwheel-zrino-duo-max\/#breadcrumb"},"inLanguage":"pt-PT","potentialAction":[{"@type":"ReadAction","target":["https:\/\/360scooters.com\/pt\/producto\/trotinete-eletrica-zwheel-zrino-duo-max\/"]}]},{"@type":"ImageObject","inLanguage":"pt-PT","@id":"https:\/\/360scooters.com\/pt\/producto\/trotinete-eletrica-zwheel-zrino-duo-max\/#primaryimage","url":"https:\/\/360scooters.com\/pt\/wp-content\/uploads\/sites\/5\/2024\/04\/zrino-duo-homologado-dgt.png","contentUrl":"https:\/\/360scooters.com\/pt\/wp-content\/uploads\/sites\/5\/2024\/04\/zrino-duo-homologado-dgt.png","width":1422,"height":1422},{"@type":"BreadcrumbList","@id":"https:\/\/360scooters.com\/pt\/producto\/trotinete-eletrica-zwheel-zrino-duo-max\/#breadcrumb","itemListElement":[{"@type":"ListItem","position":1,"name":"In\u00edcio","item":"https:\/\/360scooters.com\/pt\/"},{"@type":"ListItem","position":2,"name":"Produtos","item":"https:\/\/360scooters.com\/pt\/shop\/"},{"@type":"ListItem","position":3,"name":"Trotinete el\u00e9trica Zwheel ZRino Duo Max"}]},{"@type":"WebSite","@id":"https:\/\/360scooters.com\/pt\/#website","url":"https:\/\/360scooters.com\/pt\/","name":"360Scooters Portugal","description":"","potentialAction":[{"@type":"SearchAction","target":{"@type":"EntryPoint","urlTemplate":"https:\/\/360scooters.com\/pt\/?s={search_term_string}"},"query-input":{"@type":"PropertyValueSpecification","valueRequired":true,"valueName":"search_term_string"}}],"inLanguage":"pt-PT"}]}},"_links":{"self":[{"href":"https:\/\/360scooters.com\/pt\/wp-json\/wp\/v2\/product\/5405","targetHints":{"allow":["GET"]}}],"collection":[{"href":"https:\/\/360scooters.com\/pt\/wp-json\/wp\/v2\/product"}],"about":[{"href":"https:\/\/360scooters.com\/pt\/wp-json\/wp\/v2\/types\/product"}],"replies":[{"embeddable":true,"href":"https:\/\/360scooters.com\/pt\/wp-json\/wp\/v2\/comments?post=5405"}],"version-history":[{"count":1,"href":"https:\/\/360scooters.com\/pt\/wp-json\/wp\/v2\/product\/5405\/revisions"}],"predecessor-version":[{"id":5694,"href":"https:\/\/360scooters.com\/pt\/wp-json\/wp\/v2\/product\/5405\/revisions\/5694"}],"wp:featuredmedia":[{"embeddable":true,"href":"https:\/\/360scooters.com\/pt\/wp-json\/wp\/v2\/media\/5413"}],"wp:attachment":[{"href":"https:\/\/360scooters.com\/pt\/wp-json\/wp\/v2\/media?parent=5405"}],"wp:term":[{"taxonomy":"product_brand","embeddable":true,"href":"https:\/\/360scooters.com\/pt\/wp-json\/wp\/v2\/product_brand?post=5405"},{"taxonomy":"product_cat","embeddable":true,"href":"https:\/\/360scooters.com\/pt\/wp-json\/wp\/v2\/product_cat?post=5405"},{"taxonomy":"product_tag","embeddable":true,"href":"https:\/\/360scooters.com\/pt\/wp-json\/wp\/v2\/product_tag?post=5405"}],"curies":[{"name":"wp","href":"https:\/\/api.w.org\/{rel}","templated":true}]}}