{"id":5398,"date":"2024-04-16T13:01:02","date_gmt":"2024-04-16T12:01:02","guid":{"rendered":"https:\/\/360scooters.com\/pt\/?post_type=product&#038;p=5398"},"modified":"2024-10-19T12:48:02","modified_gmt":"2024-10-19T11:48:02","slug":"trotinete-eletrica-zwheel-zfox-max-urban-dark","status":"publish","type":"product","link":"https:\/\/360scooters.com\/pt\/producto\/trotinete-eletrica-zwheel-zfox-max-urban-dark\/","title":{"rendered":"Trotinete el\u00e9trica ZFox Max Urban Dark"},"content":{"rendered":"<p><strong>O irm\u00e3o mais velho da fam\u00edlia ZFox<\/strong><\/p>\n<p>O ZFox MAX, o irm\u00e3o mais velho da fam\u00edlia ZFox, foi redesenhado para ser o mais completo da linha. Possui o certificado de homologa\u00e7\u00e3o da Dire\u00e7\u00e3o Geral de Tr\u00e2nsito (DGT).<\/p>\n<p><strong>A combina\u00e7\u00e3o de tecnologias<\/strong><\/p>\n<p>A combina\u00e7\u00e3o de tecnologias de bateria de c\u00e9lula de alto desempenho, Bateria de Alto Desempenho (HPB) e sistema de regenera\u00e7\u00e3o de energia de frenagem (AER), permite que o ZFox MAX seja capaz de percorrer dist\u00e2ncias de at\u00e9 50 km.<\/p>\n<p><strong>Suspens\u00e3o dupla hidr\u00e1ulica e tipo mola<\/strong><\/p>\n<p>A suspens\u00e3o hidr\u00e1ulica dupla no garfo dianteiro juntamente com a suspens\u00e3o tipo mola dupla garantem uma \u00f3tima experi\u00eancia de condu\u00e7\u00e3o em estradas mal pavimentadas ou de paralelep\u00edpedos.<\/p>\n<p><strong>Novas adi\u00e7\u00f5es<\/strong><\/p>\n<p>Ao n\u00edvel da seguran\u00e7a, possui: sistema de fecho com chave NFC, para que nenhum amigo estranho o leve sem a sua autoriza\u00e7\u00e3o, e com luzes intermitentes de mudan\u00e7a de faixa, para que os ve\u00edculos \u00e0 sua volta possam manter uma dist\u00e2ncia segura.<\/p>\n<p><strong>Conex\u00e3o Bluetooth<\/strong><\/p>\n<p>Com a APP ZHWEEL voc\u00ea pode se conectar \u00e0 scooter via Bluetooth, para saber seu estado e fazer suas configura\u00e7\u00f5es.<\/p>\n<p>velocidade de cruzeiro<\/p>\n<p>A velocidade de cruzeiro do seu ZFox MAX manter\u00e1 a velocidade constante para que voc\u00ea possa soltar o acelerador.<\/p>\n<p>\u00c9 hora de exibir o ZFox MAX na sua cidade!<\/p>\n","protected":false},"excerpt":{"rendered":"<div id=\"product-description-short-909\" class=\"rte-content product-description\">\n<p>O ZFox MAX, o irm\u00e3o mais velho da fam\u00edlia ZFox, foi redesenhado para ser o mais completo da linha. A scooter est\u00e1 limitada a 25 km\/h de acordo com as regras de tr\u00e2nsito espanholas.<\/p>\n<\/div>\n<div class=\"product-actions js-product-actions\">\n<form id=\"add-to-cart-or-refresh\" action=\"https:\/\/zwheel-shop.com\/carrito\" method=\"post\">\n<div class=\"product-variants js-product-variants\">\n<table>\n<tbody>\n<tr>\n<td><strong>Pot\u00eancia nominal<\/strong><\/td>\n<td>400W<\/td>\n<\/tr>\n<tr>\n<td><strong>Bateria<\/strong><\/td>\n<td>36v \u2013 15Ah<\/td>\n<\/tr>\n<tr>\n<td><strong>Velocidade<\/strong><\/td>\n<td>At\u00e9 25km\/h<\/td>\n<\/tr>\n<tr>\n<td><strong>Autonomia<\/strong><\/td>\n<td>At\u00e9 50km<\/td>\n<\/tr>\n<tr>\n<td><strong>Peso<\/strong><\/td>\n<td>16,5Kg<\/td>\n<\/tr>\n<tr>\n<td><strong>Tempo de carregamento<\/strong><\/td>\n<td>6-8H<\/td>\n<\/tr>\n<tr>\n<td><strong>Freios<\/strong><\/td>\n<td>Disco traseiro e freio el\u00e9trico. Tambor dianteiro<\/td>\n<\/tr>\n<\/tbody>\n<\/table>\n<p>*Os pre\u00e7os, ofertas e promo\u00e7\u00f5es refletidos neste site s\u00e3o exclusivos para compras online.<\/p>\n<\/div>\n<\/form>\n<\/div>\n","protected":false},"featured_media":5528,"comment_status":"open","ping_status":"closed","template":"","meta":{"_acf_changed":false},"product_brand":[],"product_cat":[48],"product_tag":[],"class_list":{"0":"post-5398","1":"product","2":"type-product","3":"status-publish","4":"has-post-thumbnail","6":"product_cat-gama-pro","7":"product_shipping_class-envio-de-scooters","9":"first","10":"instock","11":"taxable","12":"shipping-taxable","13":"purchasable","14":"product-type-simple"},"acf":[],"yoast_head":"<!-- This site is optimized with the Yoast SEO plugin v26.9 - https:\/\/yoast.com\/product\/yoast-seo-wordpress\/ -->\n<title>Trotinete el\u00e9trica ZFox Max Urban Dark - 360Scooters Portugal<\/title>\n<meta name=\"robots\" content=\"index, follow, max-snippet:-1, max-image-preview:large, max-video-preview:-1\" \/>\n<link rel=\"canonical\" href=\"https:\/\/360scooters.com\/pt\/producto\/trotinete-eletrica-zwheel-zfox-max-urban-dark\/\" \/>\n<meta property=\"og:locale\" content=\"pt_PT\" \/>\n<meta property=\"og:type\" content=\"article\" \/>\n<meta property=\"og:title\" content=\"Trotinete el\u00e9trica ZFox Max Urban Dark - 360Scooters Portugal\" \/>\n<meta property=\"og:description\" content=\"O ZFox MAX, o irm\u00e3o mais velho da fam\u00edlia ZFox, foi redesenhado para ser o mais completo da linha. A scooter est\u00e1 limitada a 25 km\/h de acordo com as regras de tr\u00e2nsito espanholas.        Pot\u00eancia nominal 400W   Bateria 36v \u2013 15Ah   Velocidade At\u00e9 25km\/h   Autonomia At\u00e9 50km   Peso 16,5Kg   Tempo de carregamento 6-8H   Freios Disco traseiro e freio el\u00e9trico. Tambor dianteiro    *Os pre\u00e7os, ofertas e promo\u00e7\u00f5es refletidos neste site s\u00e3o exclusivos para compras online.\" \/>\n<meta property=\"og:url\" content=\"https:\/\/360scooters.com\/pt\/producto\/trotinete-eletrica-zwheel-zfox-max-urban-dark\/\" \/>\n<meta property=\"og:site_name\" content=\"360Scooters Portugal\" \/>\n<meta property=\"article:modified_time\" content=\"2024-10-19T11:48:02+00:00\" \/>\n<meta property=\"og:image\" content=\"https:\/\/360scooters.com\/pt\/wp-content\/uploads\/sites\/5\/2024\/04\/zfox-max-urban-dark-homologado-dgt.png\" \/>\n\t<meta property=\"og:image:width\" content=\"1422\" \/>\n\t<meta property=\"og:image:height\" content=\"1422\" \/>\n\t<meta property=\"og:image:type\" content=\"image\/png\" \/>\n<meta name=\"twitter:card\" content=\"summary_large_image\" \/>\n<meta name=\"twitter:label1\" content=\"Tempo estimado de leitura\" \/>\n\t<meta name=\"twitter:data1\" content=\"2 minutos\" \/>\n<script type=\"application\/ld+json\" class=\"yoast-schema-graph\">{\"@context\":\"https:\/\/schema.org\",\"@graph\":[{\"@type\":\"WebPage\",\"@id\":\"https:\/\/360scooters.com\/pt\/producto\/trotinete-eletrica-zwheel-zfox-max-urban-dark\/\",\"url\":\"https:\/\/360scooters.com\/pt\/producto\/trotinete-eletrica-zwheel-zfox-max-urban-dark\/\",\"name\":\"Trotinete el\u00e9trica ZFox Max Urban Dark - 360Scooters Portugal\",\"isPartOf\":{\"@id\":\"https:\/\/360scooters.com\/pt\/#website\"},\"primaryImageOfPage\":{\"@id\":\"https:\/\/360scooters.com\/pt\/producto\/trotinete-eletrica-zwheel-zfox-max-urban-dark\/#primaryimage\"},\"image\":{\"@id\":\"https:\/\/360scooters.com\/pt\/producto\/trotinete-eletrica-zwheel-zfox-max-urban-dark\/#primaryimage\"},\"thumbnailUrl\":\"https:\/\/360scooters.com\/pt\/wp-content\/uploads\/sites\/5\/2024\/04\/zfox-max-urban-dark-homologado-dgt.png\",\"datePublished\":\"2024-04-16T12:01:02+00:00\",\"dateModified\":\"2024-10-19T11:48:02+00:00\",\"breadcrumb\":{\"@id\":\"https:\/\/360scooters.com\/pt\/producto\/trotinete-eletrica-zwheel-zfox-max-urban-dark\/#breadcrumb\"},\"inLanguage\":\"pt-PT\",\"potentialAction\":[{\"@type\":\"ReadAction\",\"target\":[\"https:\/\/360scooters.com\/pt\/producto\/trotinete-eletrica-zwheel-zfox-max-urban-dark\/\"]}]},{\"@type\":\"ImageObject\",\"inLanguage\":\"pt-PT\",\"@id\":\"https:\/\/360scooters.com\/pt\/producto\/trotinete-eletrica-zwheel-zfox-max-urban-dark\/#primaryimage\",\"url\":\"https:\/\/360scooters.com\/pt\/wp-content\/uploads\/sites\/5\/2024\/04\/zfox-max-urban-dark-homologado-dgt.png\",\"contentUrl\":\"https:\/\/360scooters.com\/pt\/wp-content\/uploads\/sites\/5\/2024\/04\/zfox-max-urban-dark-homologado-dgt.png\",\"width\":1422,\"height\":1422},{\"@type\":\"BreadcrumbList\",\"@id\":\"https:\/\/360scooters.com\/pt\/producto\/trotinete-eletrica-zwheel-zfox-max-urban-dark\/#breadcrumb\",\"itemListElement\":[{\"@type\":\"ListItem\",\"position\":1,\"name\":\"In\u00edcio\",\"item\":\"https:\/\/360scooters.com\/pt\/\"},{\"@type\":\"ListItem\",\"position\":2,\"name\":\"Produtos\",\"item\":\"https:\/\/360scooters.com\/pt\/shop\/\"},{\"@type\":\"ListItem\",\"position\":3,\"name\":\"Trotinete el\u00e9trica ZFox Max Urban Dark\"}]},{\"@type\":\"WebSite\",\"@id\":\"https:\/\/360scooters.com\/pt\/#website\",\"url\":\"https:\/\/360scooters.com\/pt\/\",\"name\":\"360Scooters Portugal\",\"description\":\"\",\"potentialAction\":[{\"@type\":\"SearchAction\",\"target\":{\"@type\":\"EntryPoint\",\"urlTemplate\":\"https:\/\/360scooters.com\/pt\/?s={search_term_string}\"},\"query-input\":{\"@type\":\"PropertyValueSpecification\",\"valueRequired\":true,\"valueName\":\"search_term_string\"}}],\"inLanguage\":\"pt-PT\"}]}<\/script>\n<!-- \/ Yoast SEO plugin. -->","yoast_head_json":{"title":"Trotinete el\u00e9trica ZFox Max Urban Dark - 360Scooters Portugal","robots":{"index":"index","follow":"follow","max-snippet":"max-snippet:-1","max-image-preview":"max-image-preview:large","max-video-preview":"max-video-preview:-1"},"canonical":"https:\/\/360scooters.com\/pt\/producto\/trotinete-eletrica-zwheel-zfox-max-urban-dark\/","og_locale":"pt_PT","og_type":"article","og_title":"Trotinete el\u00e9trica ZFox Max Urban Dark - 360Scooters Portugal","og_description":"O ZFox MAX, o irm\u00e3o mais velho da fam\u00edlia ZFox, foi redesenhado para ser o mais completo da linha. A scooter est\u00e1 limitada a 25 km\/h de acordo com as regras de tr\u00e2nsito espanholas.        Pot\u00eancia nominal 400W   Bateria 36v \u2013 15Ah   Velocidade At\u00e9 25km\/h   Autonomia At\u00e9 50km   Peso 16,5Kg   Tempo de carregamento 6-8H   Freios Disco traseiro e freio el\u00e9trico. Tambor dianteiro    *Os pre\u00e7os, ofertas e promo\u00e7\u00f5es refletidos neste site s\u00e3o exclusivos para compras online.","og_url":"https:\/\/360scooters.com\/pt\/producto\/trotinete-eletrica-zwheel-zfox-max-urban-dark\/","og_site_name":"360Scooters Portugal","article_modified_time":"2024-10-19T11:48:02+00:00","og_image":[{"width":1422,"height":1422,"url":"https:\/\/360scooters.com\/pt\/wp-content\/uploads\/sites\/5\/2024\/04\/zfox-max-urban-dark-homologado-dgt.png","type":"image\/png"}],"twitter_card":"summary_large_image","twitter_misc":{"Tempo estimado de leitura":"2 minutos"},"schema":{"@context":"https:\/\/schema.org","@graph":[{"@type":"WebPage","@id":"https:\/\/360scooters.com\/pt\/producto\/trotinete-eletrica-zwheel-zfox-max-urban-dark\/","url":"https:\/\/360scooters.com\/pt\/producto\/trotinete-eletrica-zwheel-zfox-max-urban-dark\/","name":"Trotinete el\u00e9trica ZFox Max Urban Dark - 360Scooters Portugal","isPartOf":{"@id":"https:\/\/360scooters.com\/pt\/#website"},"primaryImageOfPage":{"@id":"https:\/\/360scooters.com\/pt\/producto\/trotinete-eletrica-zwheel-zfox-max-urban-dark\/#primaryimage"},"image":{"@id":"https:\/\/360scooters.com\/pt\/producto\/trotinete-eletrica-zwheel-zfox-max-urban-dark\/#primaryimage"},"thumbnailUrl":"https:\/\/360scooters.com\/pt\/wp-content\/uploads\/sites\/5\/2024\/04\/zfox-max-urban-dark-homologado-dgt.png","datePublished":"2024-04-16T12:01:02+00:00","dateModified":"2024-10-19T11:48:02+00:00","breadcrumb":{"@id":"https:\/\/360scooters.com\/pt\/producto\/trotinete-eletrica-zwheel-zfox-max-urban-dark\/#breadcrumb"},"inLanguage":"pt-PT","potentialAction":[{"@type":"ReadAction","target":["https:\/\/360scooters.com\/pt\/producto\/trotinete-eletrica-zwheel-zfox-max-urban-dark\/"]}]},{"@type":"ImageObject","inLanguage":"pt-PT","@id":"https:\/\/360scooters.com\/pt\/producto\/trotinete-eletrica-zwheel-zfox-max-urban-dark\/#primaryimage","url":"https:\/\/360scooters.com\/pt\/wp-content\/uploads\/sites\/5\/2024\/04\/zfox-max-urban-dark-homologado-dgt.png","contentUrl":"https:\/\/360scooters.com\/pt\/wp-content\/uploads\/sites\/5\/2024\/04\/zfox-max-urban-dark-homologado-dgt.png","width":1422,"height":1422},{"@type":"BreadcrumbList","@id":"https:\/\/360scooters.com\/pt\/producto\/trotinete-eletrica-zwheel-zfox-max-urban-dark\/#breadcrumb","itemListElement":[{"@type":"ListItem","position":1,"name":"In\u00edcio","item":"https:\/\/360scooters.com\/pt\/"},{"@type":"ListItem","position":2,"name":"Produtos","item":"https:\/\/360scooters.com\/pt\/shop\/"},{"@type":"ListItem","position":3,"name":"Trotinete el\u00e9trica ZFox Max Urban Dark"}]},{"@type":"WebSite","@id":"https:\/\/360scooters.com\/pt\/#website","url":"https:\/\/360scooters.com\/pt\/","name":"360Scooters Portugal","description":"","potentialAction":[{"@type":"SearchAction","target":{"@type":"EntryPoint","urlTemplate":"https:\/\/360scooters.com\/pt\/?s={search_term_string}"},"query-input":{"@type":"PropertyValueSpecification","valueRequired":true,"valueName":"search_term_string"}}],"inLanguage":"pt-PT"}]}},"_links":{"self":[{"href":"https:\/\/360scooters.com\/pt\/wp-json\/wp\/v2\/product\/5398","targetHints":{"allow":["GET"]}}],"collection":[{"href":"https:\/\/360scooters.com\/pt\/wp-json\/wp\/v2\/product"}],"about":[{"href":"https:\/\/360scooters.com\/pt\/wp-json\/wp\/v2\/types\/product"}],"replies":[{"embeddable":true,"href":"https:\/\/360scooters.com\/pt\/wp-json\/wp\/v2\/comments?post=5398"}],"version-history":[{"count":1,"href":"https:\/\/360scooters.com\/pt\/wp-json\/wp\/v2\/product\/5398\/revisions"}],"predecessor-version":[{"id":5699,"href":"https:\/\/360scooters.com\/pt\/wp-json\/wp\/v2\/product\/5398\/revisions\/5699"}],"wp:featuredmedia":[{"embeddable":true,"href":"https:\/\/360scooters.com\/pt\/wp-json\/wp\/v2\/media\/5528"}],"wp:attachment":[{"href":"https:\/\/360scooters.com\/pt\/wp-json\/wp\/v2\/media?parent=5398"}],"wp:term":[{"taxonomy":"product_brand","embeddable":true,"href":"https:\/\/360scooters.com\/pt\/wp-json\/wp\/v2\/product_brand?post=5398"},{"taxonomy":"product_cat","embeddable":true,"href":"https:\/\/360scooters.com\/pt\/wp-json\/wp\/v2\/product_cat?post=5398"},{"taxonomy":"product_tag","embeddable":true,"href":"https:\/\/360scooters.com\/pt\/wp-json\/wp\/v2\/product_tag?post=5398"}],"curies":[{"name":"wp","href":"https:\/\/api.w.org\/{rel}","templated":true}]}}