{"id":5396,"date":"2024-04-16T13:01:01","date_gmt":"2024-04-16T12:01:01","guid":{"rendered":"https:\/\/360scooters.com\/pt\/?post_type=product&#038;p=5396"},"modified":"2024-10-19T12:28:23","modified_gmt":"2024-10-19T11:28:23","slug":"trotinete-eletrica-zwheel-zcougar","status":"publish","type":"product","link":"https:\/\/360scooters.com\/pt\/producto\/trotinete-eletrica-zwheel-zcougar\/","title":{"rendered":"Trotinete el\u00e9trica Zwheel ZCougar"},"content":{"rendered":"<h2><strong>Trotinete el\u00e9trica Zwheel ZCougar<\/strong><\/h2>\n<p>Sinta a emo\u00e7\u00e3o do asfalto numa ZWHEEL ZCougar, a scooter el\u00e9ctrica criada para os mais entusiastas, com certificado de homologa\u00e7\u00e3o da Direc\u00e7\u00e3o Geral de Tr\u00e2nsito (DGT).<\/p>\n<p>Bateria de alto desempenho (HPB)<\/p>\n<p>Esta nova vers\u00e3o conta com uma bateria de c\u00e9lula de alto desempenho, High Performance Battery (HPB), al\u00e9m do sistema de regenera\u00e7\u00e3o de energia de travagem (AER).<\/p>\n<p>Suspens\u00e3o DUO-SHOCK<\/p>\n<p>O sistema de suspens\u00e3o DUO-SHOCK instalado de s\u00e9rie na roda dianteira e traseira proporciona uma experi\u00eancia de condu\u00e7\u00e3o superior.<\/p>\n<p>Seguran\u00e7a m\u00e1xima, inclui piscas<\/p>\n<p>A seguran\u00e7a \u00e9 outro aspeto importante, tem luzes intermitentes de mudan\u00e7a de faixa e uma luz de posi\u00e7\u00e3o inferior laranja, para que possa indicar mudan\u00e7as de dire\u00e7\u00e3o e garantir que estar\u00e1 sempre vis\u00edvel quando conduz \u00e0 noite.<\/p>\n<p>Conex\u00e3o Bluetooth<\/p>\n<p>Com a APP ZHWEEL pode ligar-se \u00e0 scooter via Bluetooth para saber o seu estado e fazer as suas configura\u00e7\u00f5es.<\/p>\n<p>velocidade de cruzeiro<\/p>\n<p>A velocidade de cruzeiro do seu ZCougar manter\u00e1 a velocidade constante para que possa soltar o acelerador.<\/p>\n<p>D\u00ea o salto e exiba-se com o novo ZCougar nas m\u00e3os!<\/p>\n","protected":false},"excerpt":{"rendered":"<p><strong>Sinta a emo\u00e7\u00e3o do asfalto numa ZWHEEL ZCougar, a scooter el\u00e9ctrica criada para os mais entusiastas.<\/strong><\/p>\n<table>\n<tbody>\n<tr>\n<td><strong>Pot\u00eancia nominal<\/strong><\/td>\n<td>500W<\/td>\n<\/tr>\n<tr>\n<td><strong>Bateria<\/strong><\/td>\n<td>36v \u2013 10Ah<\/td>\n<\/tr>\n<tr>\n<td><strong>Velocidade<\/strong><\/td>\n<td>At\u00e9 25km\/h<\/td>\n<\/tr>\n<tr>\n<td><strong>Autonomia<\/strong><\/td>\n<td>At\u00e9 35km<\/td>\n<\/tr>\n<tr>\n<td><strong>Peso<\/strong><\/td>\n<td>25,5Kg<\/td>\n<\/tr>\n<tr>\n<td><strong>Tempo de carregamento<\/strong><\/td>\n<td>8-10H<\/td>\n<\/tr>\n<tr>\n<td><strong>Freios<\/strong><\/td>\n<td>Disco traseiro e dianteiro<\/td>\n<\/tr>\n<\/tbody>\n<\/table>\n<p>&nbsp;<\/p>\n","protected":false},"featured_media":5518,"comment_status":"open","ping_status":"closed","template":"","meta":{"_acf_changed":false},"product_brand":[],"product_cat":[48],"product_tag":[],"class_list":{"0":"post-5396","1":"product","2":"type-product","3":"status-publish","4":"has-post-thumbnail","6":"product_cat-gama-pro","7":"product_shipping_class-envio-de-scooters","9":"first","10":"instock","11":"taxable","12":"shipping-taxable","13":"purchasable","14":"product-type-simple"},"acf":[],"yoast_head":"<!-- This site is optimized with the Yoast SEO plugin v26.9 - https:\/\/yoast.com\/product\/yoast-seo-wordpress\/ -->\n<title>Trotinete el\u00e9trica Zwheel ZCougar - 360Scooters Portugal<\/title>\n<meta name=\"robots\" content=\"index, follow, max-snippet:-1, max-image-preview:large, max-video-preview:-1\" \/>\n<link rel=\"canonical\" href=\"https:\/\/360scooters.com\/pt\/producto\/trotinete-eletrica-zwheel-zcougar\/\" \/>\n<meta property=\"og:locale\" content=\"pt_PT\" \/>\n<meta property=\"og:type\" content=\"article\" \/>\n<meta property=\"og:title\" content=\"Trotinete el\u00e9trica Zwheel ZCougar - 360Scooters Portugal\" \/>\n<meta property=\"og:description\" content=\"Sinta a emo\u00e7\u00e3o do asfalto numa ZWHEEL ZCougar, a scooter el\u00e9ctrica criada para os mais entusiastas.    Pot\u00eancia nominal 500W   Bateria 36v \u2013 10Ah   Velocidade At\u00e9 25km\/h   Autonomia At\u00e9 35km   Peso 25,5Kg   Tempo de carregamento 8-10H   Freios Disco traseiro e dianteiro    &nbsp;\" \/>\n<meta property=\"og:url\" content=\"https:\/\/360scooters.com\/pt\/producto\/trotinete-eletrica-zwheel-zcougar\/\" \/>\n<meta property=\"og:site_name\" content=\"360Scooters Portugal\" \/>\n<meta property=\"article:modified_time\" content=\"2024-10-19T11:28:23+00:00\" \/>\n<meta property=\"og:image\" content=\"https:\/\/360scooters.com\/pt\/wp-content\/uploads\/sites\/5\/2024\/04\/zcougar-homologado-dgt.png\" \/>\n\t<meta property=\"og:image:width\" content=\"1422\" \/>\n\t<meta property=\"og:image:height\" content=\"1422\" \/>\n\t<meta property=\"og:image:type\" content=\"image\/png\" \/>\n<meta name=\"twitter:card\" content=\"summary_large_image\" \/>\n<meta name=\"twitter:label1\" content=\"Tempo estimado de leitura\" \/>\n\t<meta name=\"twitter:data1\" content=\"2 minutos\" \/>\n<script type=\"application\/ld+json\" class=\"yoast-schema-graph\">{\"@context\":\"https:\/\/schema.org\",\"@graph\":[{\"@type\":\"WebPage\",\"@id\":\"https:\/\/360scooters.com\/pt\/producto\/trotinete-eletrica-zwheel-zcougar\/\",\"url\":\"https:\/\/360scooters.com\/pt\/producto\/trotinete-eletrica-zwheel-zcougar\/\",\"name\":\"Trotinete el\u00e9trica Zwheel ZCougar - 360Scooters Portugal\",\"isPartOf\":{\"@id\":\"https:\/\/360scooters.com\/pt\/#website\"},\"primaryImageOfPage\":{\"@id\":\"https:\/\/360scooters.com\/pt\/producto\/trotinete-eletrica-zwheel-zcougar\/#primaryimage\"},\"image\":{\"@id\":\"https:\/\/360scooters.com\/pt\/producto\/trotinete-eletrica-zwheel-zcougar\/#primaryimage\"},\"thumbnailUrl\":\"https:\/\/360scooters.com\/pt\/wp-content\/uploads\/sites\/5\/2024\/04\/zcougar-homologado-dgt.png\",\"datePublished\":\"2024-04-16T12:01:01+00:00\",\"dateModified\":\"2024-10-19T11:28:23+00:00\",\"breadcrumb\":{\"@id\":\"https:\/\/360scooters.com\/pt\/producto\/trotinete-eletrica-zwheel-zcougar\/#breadcrumb\"},\"inLanguage\":\"pt-PT\",\"potentialAction\":[{\"@type\":\"ReadAction\",\"target\":[\"https:\/\/360scooters.com\/pt\/producto\/trotinete-eletrica-zwheel-zcougar\/\"]}]},{\"@type\":\"ImageObject\",\"inLanguage\":\"pt-PT\",\"@id\":\"https:\/\/360scooters.com\/pt\/producto\/trotinete-eletrica-zwheel-zcougar\/#primaryimage\",\"url\":\"https:\/\/360scooters.com\/pt\/wp-content\/uploads\/sites\/5\/2024\/04\/zcougar-homologado-dgt.png\",\"contentUrl\":\"https:\/\/360scooters.com\/pt\/wp-content\/uploads\/sites\/5\/2024\/04\/zcougar-homologado-dgt.png\",\"width\":1422,\"height\":1422},{\"@type\":\"BreadcrumbList\",\"@id\":\"https:\/\/360scooters.com\/pt\/producto\/trotinete-eletrica-zwheel-zcougar\/#breadcrumb\",\"itemListElement\":[{\"@type\":\"ListItem\",\"position\":1,\"name\":\"In\u00edcio\",\"item\":\"https:\/\/360scooters.com\/pt\/\"},{\"@type\":\"ListItem\",\"position\":2,\"name\":\"Produtos\",\"item\":\"https:\/\/360scooters.com\/pt\/shop\/\"},{\"@type\":\"ListItem\",\"position\":3,\"name\":\"Trotinete el\u00e9trica Zwheel ZCougar\"}]},{\"@type\":\"WebSite\",\"@id\":\"https:\/\/360scooters.com\/pt\/#website\",\"url\":\"https:\/\/360scooters.com\/pt\/\",\"name\":\"360Scooters Portugal\",\"description\":\"\",\"potentialAction\":[{\"@type\":\"SearchAction\",\"target\":{\"@type\":\"EntryPoint\",\"urlTemplate\":\"https:\/\/360scooters.com\/pt\/?s={search_term_string}\"},\"query-input\":{\"@type\":\"PropertyValueSpecification\",\"valueRequired\":true,\"valueName\":\"search_term_string\"}}],\"inLanguage\":\"pt-PT\"}]}<\/script>\n<!-- \/ Yoast SEO plugin. -->","yoast_head_json":{"title":"Trotinete el\u00e9trica Zwheel ZCougar - 360Scooters Portugal","robots":{"index":"index","follow":"follow","max-snippet":"max-snippet:-1","max-image-preview":"max-image-preview:large","max-video-preview":"max-video-preview:-1"},"canonical":"https:\/\/360scooters.com\/pt\/producto\/trotinete-eletrica-zwheel-zcougar\/","og_locale":"pt_PT","og_type":"article","og_title":"Trotinete el\u00e9trica Zwheel ZCougar - 360Scooters Portugal","og_description":"Sinta a emo\u00e7\u00e3o do asfalto numa ZWHEEL ZCougar, a scooter el\u00e9ctrica criada para os mais entusiastas.    Pot\u00eancia nominal 500W   Bateria 36v \u2013 10Ah   Velocidade At\u00e9 25km\/h   Autonomia At\u00e9 35km   Peso 25,5Kg   Tempo de carregamento 8-10H   Freios Disco traseiro e dianteiro    &nbsp;","og_url":"https:\/\/360scooters.com\/pt\/producto\/trotinete-eletrica-zwheel-zcougar\/","og_site_name":"360Scooters Portugal","article_modified_time":"2024-10-19T11:28:23+00:00","og_image":[{"width":1422,"height":1422,"url":"https:\/\/360scooters.com\/pt\/wp-content\/uploads\/sites\/5\/2024\/04\/zcougar-homologado-dgt.png","type":"image\/png"}],"twitter_card":"summary_large_image","twitter_misc":{"Tempo estimado de leitura":"2 minutos"},"schema":{"@context":"https:\/\/schema.org","@graph":[{"@type":"WebPage","@id":"https:\/\/360scooters.com\/pt\/producto\/trotinete-eletrica-zwheel-zcougar\/","url":"https:\/\/360scooters.com\/pt\/producto\/trotinete-eletrica-zwheel-zcougar\/","name":"Trotinete el\u00e9trica Zwheel ZCougar - 360Scooters Portugal","isPartOf":{"@id":"https:\/\/360scooters.com\/pt\/#website"},"primaryImageOfPage":{"@id":"https:\/\/360scooters.com\/pt\/producto\/trotinete-eletrica-zwheel-zcougar\/#primaryimage"},"image":{"@id":"https:\/\/360scooters.com\/pt\/producto\/trotinete-eletrica-zwheel-zcougar\/#primaryimage"},"thumbnailUrl":"https:\/\/360scooters.com\/pt\/wp-content\/uploads\/sites\/5\/2024\/04\/zcougar-homologado-dgt.png","datePublished":"2024-04-16T12:01:01+00:00","dateModified":"2024-10-19T11:28:23+00:00","breadcrumb":{"@id":"https:\/\/360scooters.com\/pt\/producto\/trotinete-eletrica-zwheel-zcougar\/#breadcrumb"},"inLanguage":"pt-PT","potentialAction":[{"@type":"ReadAction","target":["https:\/\/360scooters.com\/pt\/producto\/trotinete-eletrica-zwheel-zcougar\/"]}]},{"@type":"ImageObject","inLanguage":"pt-PT","@id":"https:\/\/360scooters.com\/pt\/producto\/trotinete-eletrica-zwheel-zcougar\/#primaryimage","url":"https:\/\/360scooters.com\/pt\/wp-content\/uploads\/sites\/5\/2024\/04\/zcougar-homologado-dgt.png","contentUrl":"https:\/\/360scooters.com\/pt\/wp-content\/uploads\/sites\/5\/2024\/04\/zcougar-homologado-dgt.png","width":1422,"height":1422},{"@type":"BreadcrumbList","@id":"https:\/\/360scooters.com\/pt\/producto\/trotinete-eletrica-zwheel-zcougar\/#breadcrumb","itemListElement":[{"@type":"ListItem","position":1,"name":"In\u00edcio","item":"https:\/\/360scooters.com\/pt\/"},{"@type":"ListItem","position":2,"name":"Produtos","item":"https:\/\/360scooters.com\/pt\/shop\/"},{"@type":"ListItem","position":3,"name":"Trotinete el\u00e9trica Zwheel ZCougar"}]},{"@type":"WebSite","@id":"https:\/\/360scooters.com\/pt\/#website","url":"https:\/\/360scooters.com\/pt\/","name":"360Scooters Portugal","description":"","potentialAction":[{"@type":"SearchAction","target":{"@type":"EntryPoint","urlTemplate":"https:\/\/360scooters.com\/pt\/?s={search_term_string}"},"query-input":{"@type":"PropertyValueSpecification","valueRequired":true,"valueName":"search_term_string"}}],"inLanguage":"pt-PT"}]}},"_links":{"self":[{"href":"https:\/\/360scooters.com\/pt\/wp-json\/wp\/v2\/product\/5396","targetHints":{"allow":["GET"]}}],"collection":[{"href":"https:\/\/360scooters.com\/pt\/wp-json\/wp\/v2\/product"}],"about":[{"href":"https:\/\/360scooters.com\/pt\/wp-json\/wp\/v2\/types\/product"}],"replies":[{"embeddable":true,"href":"https:\/\/360scooters.com\/pt\/wp-json\/wp\/v2\/comments?post=5396"}],"version-history":[{"count":1,"href":"https:\/\/360scooters.com\/pt\/wp-json\/wp\/v2\/product\/5396\/revisions"}],"predecessor-version":[{"id":5725,"href":"https:\/\/360scooters.com\/pt\/wp-json\/wp\/v2\/product\/5396\/revisions\/5725"}],"wp:featuredmedia":[{"embeddable":true,"href":"https:\/\/360scooters.com\/pt\/wp-json\/wp\/v2\/media\/5518"}],"wp:attachment":[{"href":"https:\/\/360scooters.com\/pt\/wp-json\/wp\/v2\/media?parent=5396"}],"wp:term":[{"taxonomy":"product_brand","embeddable":true,"href":"https:\/\/360scooters.com\/pt\/wp-json\/wp\/v2\/product_brand?post=5396"},{"taxonomy":"product_cat","embeddable":true,"href":"https:\/\/360scooters.com\/pt\/wp-json\/wp\/v2\/product_cat?post=5396"},{"taxonomy":"product_tag","embeddable":true,"href":"https:\/\/360scooters.com\/pt\/wp-json\/wp\/v2\/product_tag?post=5396"}],"curies":[{"name":"wp","href":"https:\/\/api.w.org\/{rel}","templated":true}]}}