{"id":5395,"date":"2024-04-16T13:01:01","date_gmt":"2024-04-16T12:01:01","guid":{"rendered":"https:\/\/360scooters.com\/pt\/?post_type=product&#038;p=5395"},"modified":"2024-10-19T12:31:56","modified_gmt":"2024-10-19T11:31:56","slug":"trotinete-eletrica-smartgyro-k2-pro-xl-forest-certificado","status":"publish","type":"product","link":"https:\/\/360scooters.com\/pt\/producto\/trotinete-eletrica-smartgyro-k2-pro-xl-forest-certificado\/","title":{"rendered":"Trotinete el\u00e9trica smartGyro K2 PRO XL Forest"},"content":{"rendered":"<h2><strong>Trotinete el\u00e9trica smartGyro K2 PRO XL Forest<\/strong><\/h2>\n<p>Apresentamos uma evolu\u00e7\u00e3o impressionante de uma das nossas excelentes scooters el\u00e9tricas. Nesta vers\u00e3o melhorada aument\u00e1mos o seu desempenho, equipado com uma extraordin\u00e1ria bateria de 15 Ah, permitindo percorrer at\u00e9 60 km com uma \u00fanica carga.<\/p>\n<p>Uma combina\u00e7\u00e3o excepcional de pot\u00eancia e leveza: o seu motor de 1000 W supera qualquer declive, enquanto o seu peso leve de 22 Kg e a estrutura s\u00f3lida garantem uma experi\u00eancia incompar\u00e1vel.<\/p>\n<p>A bateria de 15.000 mAh oferece uma autonomia alargada (at\u00e9 60 km com uma \u00fanica carga). As suas jantes pneum\u00e1ticas de 12\u2033, motor Brushless de 1000W (900W nominal), potentes luzes LED dianteiras (superior e inferior), 4 piscas (2 nas pegas e 2 na traseira) e a sua estrutura resistente com suspens\u00e3o de longo curso fazem com que seja o meio de transporte ideal para o seu dia a dia.<\/p>\n<p>Experi\u00eancia de condu\u00e7\u00e3o confort\u00e1vel e ergon\u00f3mica garantida: o garfo de suspens\u00e3o de longo curso na roda dianteira garante uma condu\u00e7\u00e3o sem vibra\u00e7\u00f5es inc\u00f3modas. Os solavancos quase n\u00e3o se far\u00e3o sentir, permitindo-lhe desfrutar de um passeio sem preocupa\u00e7\u00f5es.<\/p>\n<p>Aproveite ao m\u00e1ximo as suas viagens com o smartGyro K2 Pro XL Forest, o seu melhor aliado no dia a dia.<\/p>\n<p>Caracter\u00edsticas do smartgyro K2 Pro XL:<\/p>\n<ul>\n<li>Motor com pot\u00eancia nominal de 900W 48V (pot\u00eancia de pico de 1000w).<\/li>\n<li>Bateria de l\u00edtio eficiente e est\u00e1vel de 15 Ah, autonomia at\u00e9 60 km.<\/li>\n<li>Tempo m\u00e1ximo de carregamento de 8 horas.<\/li>\n<li>Rodas pneum\u00e1ticas de 12\u201d, resistentes e est\u00e1veis. Rodas mistas, largas e de alta qualidade que proporcionam tra\u00e7\u00e3o em terrenos irregulares e escorregadios.<\/li>\n<li>As suspens\u00f5es de longo curso s\u00e3o ideais para transitar em ambientes urbanos, pois proporcionam uma experi\u00eancia de condu\u00e7\u00e3o que se traduz num maior conforto e ergonomia para o condutor.<\/li>\n<li>Duplo sistema de ilumina\u00e7\u00e3o frontal que inclui dois focos LED, um localizado no guiador para proporcionar visibilidade na dire\u00e7\u00e3o de condu\u00e7\u00e3o e outro estrategicamente posicionado na parte inferior para iluminar o percurso de forma eficiente.<\/li>\n<li>Indicadores dianteiros incorporados nas pegas e indicadores traseiros na parte traseira, luz de travagem traseira para que possa ser visto enquanto conduz.<\/li>\n<li>O controlo dos controlos foi significativamente melhorado, incorporando um seletor de piscas, uma buzina e controlo de ilumina\u00e7\u00e3o. Oferece uma experi\u00eancia de condu\u00e7\u00e3o mais intuitiva e completa.<\/li>\n<li>Velocidade m\u00e1xima de 25 km por hora. 3 velocidades.<\/li>\n<li>Inclui trav\u00e3o de disco dianteiro, trav\u00e3o de disco traseiro e travagem regenerativa.<\/li>\n<li>Com travagem tripla: trav\u00e3o de disco dianteiro, trav\u00e3o de disco traseiro e travagem regenerativa.<\/li>\n<li>Display frontal (contador de quilometragem parcial e total, mudan\u00e7as, indicador de velocidade, etc\u2026)<\/li>\n<li>APP para telem\u00f3vel com sistema anti-roubo com o qual pode bloquear o skate remotamente, visualizar informa\u00e7\u00f5es do SmartGyro no telem\u00f3vel, modo de ajuste, acumula\u00e7\u00e3o de quil\u00f3metros, dist\u00e2ncia percorrida, estado da bateria, etc.<\/li>\n<li>Buzina eletr\u00f3nica, garantindo uma comunica\u00e7\u00e3o eficaz e segura em diversas situa\u00e7\u00f5es e ambientes.<\/li>\n<li>Resist\u00eancia \u00e0 \u00e1gua IPX4<\/li>\n<li>Medidas de seguran\u00e7a: Prote\u00e7\u00e3o contra sobrepress\u00e3o, baixa tens\u00e3o, curto-circuito e sobreaquecimento.<\/li>\n<li>Tamanho da scooter desdobrada: 129,5 * 62,4 * 129 cm<\/li>\n<li>Tamanho da scooter dobrada: 129,5*62,4*60cm<\/li>\n<li>Peso da scooter: 21,60 kg<\/li>\n<li>Tamanho da caixa: 127*20,5*60cm<\/li>\n<li>Scooter el\u00e9trica Homologada pela DGT com chapa de caracter\u00edsticas. Cumpre os requisitos das novas regras de tr\u00e2nsito.<\/li>\n<\/ul>\n<p><em>Estes dados podem variar consoante a velocidade, o peso da pessoa e a carga da unidade (gama t\u00edpica: carga m\u00e1xima, carga de 75 kg, 25\u00baC e 60% da velocidade m\u00e1xima m\u00e9dia numa superf\u00edcie plana)<\/em><\/p>\n<p><em>\u201cAs imagens s\u00e3o apenas para refer\u00eancia, as cores podem variar ligeiramente dependendo da luz, impress\u00e3o e\/ou defini\u00e7\u00f5es do ecr\u00e3.\u201d<\/em><\/p>\n","protected":false},"excerpt":{"rendered":"<div id=\"product-description-short-1197\" class=\"rte-content product-description\">\n<div id=\"product-description-short-1197\" class=\"rte-content product-description\">\n<p><strong>Scooter el\u00e9trica certificada com pot\u00eancia m\u00e1xima de 1000W 48V, bateria de l\u00edtio de 15.000 mAh com at\u00e9 60 km de autonomia, jantes pneum\u00e1ticas de 12\u2033, suspens\u00e3o dianteira e traseira, travagem tripla, piscas e APP compat\u00edvel: smartGyro K2 Pro XL Forest.<\/strong><\/p>\n<p><strong>Poderoso, urbano e \u00e1gil!<\/strong><\/p>\n<\/div>\n<table>\n<tbody>\n<tr>\n<td><strong>Pot\u00eancia nominal<\/strong><\/td>\n<td>900W<\/td>\n<\/tr>\n<tr>\n<td><strong>Bateria<\/strong><\/td>\n<td>48v \u2013 15Ah<\/td>\n<\/tr>\n<tr>\n<td><strong>Velocidade<\/strong><\/td>\n<td>At\u00e9 25km\/h<\/td>\n<\/tr>\n<tr>\n<td><strong>Autonomia<\/strong><\/td>\n<td>At\u00e9 60km<\/td>\n<\/tr>\n<tr>\n<td><strong>Peso<\/strong><\/td>\n<td>21,6Kg<\/td>\n<\/tr>\n<tr>\n<td><strong>Tempo de carregamento<\/strong><\/td>\n<td>8H<\/td>\n<\/tr>\n<tr>\n<td><strong>Freios<\/strong><\/td>\n<td>Disco traseiro e dianteiro<\/td>\n<\/tr>\n<\/tbody>\n<\/table>\n<div class=\"product-variants js-product-variants\">\n<p>&nbsp;<\/p>\n<\/div>\n<\/div>\n","protected":false},"featured_media":5517,"comment_status":"open","ping_status":"closed","template":"","meta":{"_acf_changed":false},"product_brand":[],"product_cat":[48],"product_tag":[],"class_list":{"0":"post-5395","1":"product","2":"type-product","3":"status-publish","4":"has-post-thumbnail","6":"product_cat-gama-pro","7":"product_shipping_class-envio-de-scooters","9":"first","10":"instock","11":"taxable","12":"shipping-taxable","13":"purchasable","14":"product-type-simple"},"acf":[],"yoast_head":"<!-- This site is optimized with the Yoast SEO plugin v26.9 - https:\/\/yoast.com\/product\/yoast-seo-wordpress\/ -->\n<title>Trotinete el\u00e9trica smartGyro K2 PRO XL Forest - 360Scooters Portugal<\/title>\n<meta name=\"robots\" content=\"index, follow, max-snippet:-1, max-image-preview:large, max-video-preview:-1\" \/>\n<link rel=\"canonical\" href=\"https:\/\/360scooters.com\/pt\/producto\/trotinete-eletrica-smartgyro-k2-pro-xl-forest-certificado\/\" \/>\n<meta property=\"og:locale\" content=\"pt_PT\" \/>\n<meta property=\"og:type\" content=\"article\" \/>\n<meta property=\"og:title\" content=\"Trotinete el\u00e9trica smartGyro K2 PRO XL Forest - 360Scooters Portugal\" \/>\n<meta property=\"og:description\" content=\"Scooter el\u00e9trica certificada com pot\u00eancia m\u00e1xima de 1000W 48V, bateria de l\u00edtio de 15.000 mAh com at\u00e9 60 km de autonomia, jantes pneum\u00e1ticas de 12\u2033, suspens\u00e3o dianteira e traseira, travagem tripla, piscas e APP compat\u00edvel: smartGyro K2 Pro XL Forest.  Poderoso, urbano e \u00e1gil!      Pot\u00eancia nominal 900W   Bateria 48v \u2013 15Ah   Velocidade At\u00e9 25km\/h   Autonomia At\u00e9 60km   Peso 21,6Kg   Tempo de carregamento 8H   Freios Disco traseiro e dianteiro      &nbsp;\" \/>\n<meta property=\"og:url\" content=\"https:\/\/360scooters.com\/pt\/producto\/trotinete-eletrica-smartgyro-k2-pro-xl-forest-certificado\/\" \/>\n<meta property=\"og:site_name\" content=\"360Scooters Portugal\" \/>\n<meta property=\"article:modified_time\" content=\"2024-10-19T11:31:56+00:00\" \/>\n<meta property=\"og:image\" content=\"https:\/\/360scooters.com\/pt\/wp-content\/uploads\/sites\/5\/2024\/04\/patinete-electrico-smartgyro-k2-pro-xl-forest-certificado.jpg\" \/>\n\t<meta property=\"og:image:width\" content=\"1500\" \/>\n\t<meta property=\"og:image:height\" content=\"1500\" \/>\n\t<meta property=\"og:image:type\" content=\"image\/jpeg\" \/>\n<meta name=\"twitter:card\" content=\"summary_large_image\" \/>\n<meta name=\"twitter:label1\" content=\"Tempo estimado de leitura\" \/>\n\t<meta name=\"twitter:data1\" content=\"4 minutos\" \/>\n<script type=\"application\/ld+json\" class=\"yoast-schema-graph\">{\"@context\":\"https:\/\/schema.org\",\"@graph\":[{\"@type\":\"WebPage\",\"@id\":\"https:\/\/360scooters.com\/pt\/producto\/trotinete-eletrica-smartgyro-k2-pro-xl-forest-certificado\/\",\"url\":\"https:\/\/360scooters.com\/pt\/producto\/trotinete-eletrica-smartgyro-k2-pro-xl-forest-certificado\/\",\"name\":\"Trotinete el\u00e9trica smartGyro K2 PRO XL Forest - 360Scooters Portugal\",\"isPartOf\":{\"@id\":\"https:\/\/360scooters.com\/pt\/#website\"},\"primaryImageOfPage\":{\"@id\":\"https:\/\/360scooters.com\/pt\/producto\/trotinete-eletrica-smartgyro-k2-pro-xl-forest-certificado\/#primaryimage\"},\"image\":{\"@id\":\"https:\/\/360scooters.com\/pt\/producto\/trotinete-eletrica-smartgyro-k2-pro-xl-forest-certificado\/#primaryimage\"},\"thumbnailUrl\":\"https:\/\/360scooters.com\/pt\/wp-content\/uploads\/sites\/5\/2024\/04\/patinete-electrico-smartgyro-k2-pro-xl-forest-certificado.jpg\",\"datePublished\":\"2024-04-16T12:01:01+00:00\",\"dateModified\":\"2024-10-19T11:31:56+00:00\",\"breadcrumb\":{\"@id\":\"https:\/\/360scooters.com\/pt\/producto\/trotinete-eletrica-smartgyro-k2-pro-xl-forest-certificado\/#breadcrumb\"},\"inLanguage\":\"pt-PT\",\"potentialAction\":[{\"@type\":\"ReadAction\",\"target\":[\"https:\/\/360scooters.com\/pt\/producto\/trotinete-eletrica-smartgyro-k2-pro-xl-forest-certificado\/\"]}]},{\"@type\":\"ImageObject\",\"inLanguage\":\"pt-PT\",\"@id\":\"https:\/\/360scooters.com\/pt\/producto\/trotinete-eletrica-smartgyro-k2-pro-xl-forest-certificado\/#primaryimage\",\"url\":\"https:\/\/360scooters.com\/pt\/wp-content\/uploads\/sites\/5\/2024\/04\/patinete-electrico-smartgyro-k2-pro-xl-forest-certificado.jpg\",\"contentUrl\":\"https:\/\/360scooters.com\/pt\/wp-content\/uploads\/sites\/5\/2024\/04\/patinete-electrico-smartgyro-k2-pro-xl-forest-certificado.jpg\",\"width\":1500,\"height\":1500},{\"@type\":\"BreadcrumbList\",\"@id\":\"https:\/\/360scooters.com\/pt\/producto\/trotinete-eletrica-smartgyro-k2-pro-xl-forest-certificado\/#breadcrumb\",\"itemListElement\":[{\"@type\":\"ListItem\",\"position\":1,\"name\":\"In\u00edcio\",\"item\":\"https:\/\/360scooters.com\/pt\/\"},{\"@type\":\"ListItem\",\"position\":2,\"name\":\"Produtos\",\"item\":\"https:\/\/360scooters.com\/pt\/shop\/\"},{\"@type\":\"ListItem\",\"position\":3,\"name\":\"Trotinete el\u00e9trica smartGyro K2 PRO XL Forest\"}]},{\"@type\":\"WebSite\",\"@id\":\"https:\/\/360scooters.com\/pt\/#website\",\"url\":\"https:\/\/360scooters.com\/pt\/\",\"name\":\"360Scooters Portugal\",\"description\":\"\",\"potentialAction\":[{\"@type\":\"SearchAction\",\"target\":{\"@type\":\"EntryPoint\",\"urlTemplate\":\"https:\/\/360scooters.com\/pt\/?s={search_term_string}\"},\"query-input\":{\"@type\":\"PropertyValueSpecification\",\"valueRequired\":true,\"valueName\":\"search_term_string\"}}],\"inLanguage\":\"pt-PT\"}]}<\/script>\n<!-- \/ Yoast SEO plugin. -->","yoast_head_json":{"title":"Trotinete el\u00e9trica smartGyro K2 PRO XL Forest - 360Scooters Portugal","robots":{"index":"index","follow":"follow","max-snippet":"max-snippet:-1","max-image-preview":"max-image-preview:large","max-video-preview":"max-video-preview:-1"},"canonical":"https:\/\/360scooters.com\/pt\/producto\/trotinete-eletrica-smartgyro-k2-pro-xl-forest-certificado\/","og_locale":"pt_PT","og_type":"article","og_title":"Trotinete el\u00e9trica smartGyro K2 PRO XL Forest - 360Scooters Portugal","og_description":"Scooter el\u00e9trica certificada com pot\u00eancia m\u00e1xima de 1000W 48V, bateria de l\u00edtio de 15.000 mAh com at\u00e9 60 km de autonomia, jantes pneum\u00e1ticas de 12\u2033, suspens\u00e3o dianteira e traseira, travagem tripla, piscas e APP compat\u00edvel: smartGyro K2 Pro XL Forest.  Poderoso, urbano e \u00e1gil!      Pot\u00eancia nominal 900W   Bateria 48v \u2013 15Ah   Velocidade At\u00e9 25km\/h   Autonomia At\u00e9 60km   Peso 21,6Kg   Tempo de carregamento 8H   Freios Disco traseiro e dianteiro      &nbsp;","og_url":"https:\/\/360scooters.com\/pt\/producto\/trotinete-eletrica-smartgyro-k2-pro-xl-forest-certificado\/","og_site_name":"360Scooters Portugal","article_modified_time":"2024-10-19T11:31:56+00:00","og_image":[{"width":1500,"height":1500,"url":"https:\/\/360scooters.com\/pt\/wp-content\/uploads\/sites\/5\/2024\/04\/patinete-electrico-smartgyro-k2-pro-xl-forest-certificado.jpg","type":"image\/jpeg"}],"twitter_card":"summary_large_image","twitter_misc":{"Tempo estimado de leitura":"4 minutos"},"schema":{"@context":"https:\/\/schema.org","@graph":[{"@type":"WebPage","@id":"https:\/\/360scooters.com\/pt\/producto\/trotinete-eletrica-smartgyro-k2-pro-xl-forest-certificado\/","url":"https:\/\/360scooters.com\/pt\/producto\/trotinete-eletrica-smartgyro-k2-pro-xl-forest-certificado\/","name":"Trotinete el\u00e9trica smartGyro K2 PRO XL Forest - 360Scooters Portugal","isPartOf":{"@id":"https:\/\/360scooters.com\/pt\/#website"},"primaryImageOfPage":{"@id":"https:\/\/360scooters.com\/pt\/producto\/trotinete-eletrica-smartgyro-k2-pro-xl-forest-certificado\/#primaryimage"},"image":{"@id":"https:\/\/360scooters.com\/pt\/producto\/trotinete-eletrica-smartgyro-k2-pro-xl-forest-certificado\/#primaryimage"},"thumbnailUrl":"https:\/\/360scooters.com\/pt\/wp-content\/uploads\/sites\/5\/2024\/04\/patinete-electrico-smartgyro-k2-pro-xl-forest-certificado.jpg","datePublished":"2024-04-16T12:01:01+00:00","dateModified":"2024-10-19T11:31:56+00:00","breadcrumb":{"@id":"https:\/\/360scooters.com\/pt\/producto\/trotinete-eletrica-smartgyro-k2-pro-xl-forest-certificado\/#breadcrumb"},"inLanguage":"pt-PT","potentialAction":[{"@type":"ReadAction","target":["https:\/\/360scooters.com\/pt\/producto\/trotinete-eletrica-smartgyro-k2-pro-xl-forest-certificado\/"]}]},{"@type":"ImageObject","inLanguage":"pt-PT","@id":"https:\/\/360scooters.com\/pt\/producto\/trotinete-eletrica-smartgyro-k2-pro-xl-forest-certificado\/#primaryimage","url":"https:\/\/360scooters.com\/pt\/wp-content\/uploads\/sites\/5\/2024\/04\/patinete-electrico-smartgyro-k2-pro-xl-forest-certificado.jpg","contentUrl":"https:\/\/360scooters.com\/pt\/wp-content\/uploads\/sites\/5\/2024\/04\/patinete-electrico-smartgyro-k2-pro-xl-forest-certificado.jpg","width":1500,"height":1500},{"@type":"BreadcrumbList","@id":"https:\/\/360scooters.com\/pt\/producto\/trotinete-eletrica-smartgyro-k2-pro-xl-forest-certificado\/#breadcrumb","itemListElement":[{"@type":"ListItem","position":1,"name":"In\u00edcio","item":"https:\/\/360scooters.com\/pt\/"},{"@type":"ListItem","position":2,"name":"Produtos","item":"https:\/\/360scooters.com\/pt\/shop\/"},{"@type":"ListItem","position":3,"name":"Trotinete el\u00e9trica smartGyro K2 PRO XL Forest"}]},{"@type":"WebSite","@id":"https:\/\/360scooters.com\/pt\/#website","url":"https:\/\/360scooters.com\/pt\/","name":"360Scooters Portugal","description":"","potentialAction":[{"@type":"SearchAction","target":{"@type":"EntryPoint","urlTemplate":"https:\/\/360scooters.com\/pt\/?s={search_term_string}"},"query-input":{"@type":"PropertyValueSpecification","valueRequired":true,"valueName":"search_term_string"}}],"inLanguage":"pt-PT"}]}},"_links":{"self":[{"href":"https:\/\/360scooters.com\/pt\/wp-json\/wp\/v2\/product\/5395","targetHints":{"allow":["GET"]}}],"collection":[{"href":"https:\/\/360scooters.com\/pt\/wp-json\/wp\/v2\/product"}],"about":[{"href":"https:\/\/360scooters.com\/pt\/wp-json\/wp\/v2\/types\/product"}],"replies":[{"embeddable":true,"href":"https:\/\/360scooters.com\/pt\/wp-json\/wp\/v2\/comments?post=5395"}],"version-history":[{"count":1,"href":"https:\/\/360scooters.com\/pt\/wp-json\/wp\/v2\/product\/5395\/revisions"}],"predecessor-version":[{"id":5726,"href":"https:\/\/360scooters.com\/pt\/wp-json\/wp\/v2\/product\/5395\/revisions\/5726"}],"wp:featuredmedia":[{"embeddable":true,"href":"https:\/\/360scooters.com\/pt\/wp-json\/wp\/v2\/media\/5517"}],"wp:attachment":[{"href":"https:\/\/360scooters.com\/pt\/wp-json\/wp\/v2\/media?parent=5395"}],"wp:term":[{"taxonomy":"product_brand","embeddable":true,"href":"https:\/\/360scooters.com\/pt\/wp-json\/wp\/v2\/product_brand?post=5395"},{"taxonomy":"product_cat","embeddable":true,"href":"https:\/\/360scooters.com\/pt\/wp-json\/wp\/v2\/product_cat?post=5395"},{"taxonomy":"product_tag","embeddable":true,"href":"https:\/\/360scooters.com\/pt\/wp-json\/wp\/v2\/product_tag?post=5395"}],"curies":[{"name":"wp","href":"https:\/\/api.w.org\/{rel}","templated":true}]}}