{"id":5393,"date":"2024-04-16T13:01:01","date_gmt":"2024-04-16T12:01:01","guid":{"rendered":"https:\/\/360scooters.com\/pt\/?post_type=product&#038;p=5393"},"modified":"2024-10-19T16:21:36","modified_gmt":"2024-10-19T15:21:36","slug":"trotinete-eletrica-rockway-pro-smartgyro-certificado","status":"publish","type":"product","link":"https:\/\/360scooters.com\/pt\/producto\/trotinete-eletrica-rockway-pro-smartgyro-certificado\/","title":{"rendered":"Trotinete el\u00e9trica Rockway Pro smartGyro"},"content":{"rendered":"<h2><strong>Trotinete el\u00e9trica Rockway Pro smartGyro<\/strong><\/h2>\n<p>R\u00e1pido, bonito e eficiente.Smartgyro Rockway Pro Certified combina a destreza de um grande motor el\u00e9trico com um chassis r\u00edgido e muito resistente. Com o seu design espetacular, eles v\u00e3o virar-se ao v\u00ea-lo passar.<\/p>\n<p>O seu caminho ser\u00e1 uma aventura: Com o seu potente motor Brusless de 48V e pot\u00eancia m\u00e1xima de 1000W (pot\u00eancia nominal de 800W), subir\u00e1 qualquer ladeira que propor e al\u00e9m disso, incorpora uma bateria fi\u00e1vel de 15.000 mAh com a qual poder\u00e1 fazer at\u00e9 60Km de autonomia.<\/p>\n<p>Bateria de l\u00edtio de alta capacidade: Possui uma bateria de 15.000 mAh com a qual pode viajar at\u00e9 60 km com uma \u00fanica carga.<\/p>\n<p>Ilumina\u00e7\u00e3o LED m\u00faltipla: Foco frontal de alto brilho, piscas dianteiros, LEDs ambientais na base e luz de travagem traseira.<\/p>\n<p>Suspens\u00f5es dianteiras e traseiras confort\u00e1veis \u200b\u200be ergon\u00f3micas: Deslize suavemente por ruas irregulares gra\u00e7as \u00e0 suspens\u00e3o dianteira e traseira, garantindo estabilidade e controlo em cada movimento.<\/p>\n<p>Entre no smartGyro RockWay Pro!<\/p>\n<p><strong>Caracter\u00edsticas do smartgyro Rockway Pro C:<\/strong><\/p>\n<ul>\n<li>Motor com pot\u00eancia nominal de 800W 48V (pot\u00eancia de pico de 1000w).<\/li>\n<li>Bateria de l\u00edtio eficiente e est\u00e1vel de 15 Ah, autonomia at\u00e9 60 km.<\/li>\n<li>Tempo m\u00e1ximo de carregamento de 8 horas.<\/li>\n<li>Jantes Dual Grip de 10\u201d, pneum\u00e1ticas, resistentes e adequadas para qualquer terreno.Proporcionam uma ader\u00eancia incompar\u00e1vel, levando a sua experi\u00eancia de condu\u00e7\u00e3o para o pr\u00f3ximo n\u00edvel.<\/li>\n<li>Velocidade m\u00e1xima de 25 km por hora. 3 velocidades.<\/li>\n<li>Incorpora um sistema de travagem duplo com trav\u00e3o el\u00e9ctrico autom\u00e1tico.<\/li>\n<li>Sistema de fecho 2.0 de nova gera\u00e7\u00e3o. Novo sistema de rebatimento com \u00e2ncora dupla de ajuste do mastro que evita folgas e aumenta a seguran\u00e7a.<\/li>\n<li>Sinais de dire\u00e7\u00e3o que pode ativar no guiador<\/li>\n<li>Luzes: Farol dianteiro de alto brilho, piscas, LEDs na base e luz de travagem traseira para que possa ser visto enquanto conduz.<\/li>\n<li>Com travagem tripla: trav\u00e3o de disco dianteiro, trav\u00e3o de disco traseiro e travagem regenerativa.<\/li>\n<li>Visor frontal com tomada de carregamento USB (conta-quil\u00f3metros parcial e total, mudan\u00e7as, indicador de velocidade, etc&#8230;)<\/li>\n<li>Resist\u00eancia \u00e0 \u00e1gua IPX4<\/li>\n<li>Medidas de seguran\u00e7a: Prote\u00e7\u00e3o contra sobrepress\u00e3o, baixa tens\u00e3o, curto-circuito e sobreaquecimento.<\/li>\n<li>Suspens\u00e3o dupla dianteira e traseira.<\/li>\n<li>Estrutura dobr\u00e1vel e leve 108x60x130 cm (comprimento x largura x altura) \/ Peso 24 Kg<\/li>\n<\/ul>\n<p><em>Estes dados podem variar consoante a velocidade, o peso da pessoa e a carga da unidade (gama t\u00edpica: carga m\u00e1xima, carga de 75 kg, 25\u00baC e 60% da velocidade m\u00e1xima m\u00e9dia numa superf\u00edcie plana)<\/em><\/p>\n<p><em>\u201cAs imagens s\u00e3o apenas para refer\u00eancia, as cores podem variar ligeiramente dependendo da luz, impress\u00e3o e\/ou defini\u00e7\u00f5es do ecr\u00e3.\u201d<\/em><\/p>\n","protected":false},"excerpt":{"rendered":"<h4>Scooter el\u00e9trica SmartGyro RockWay Pro com pot\u00eancia m\u00e1xima de 1000W, piscas traseiros, LEDs na base e bateria de l\u00edtio de 15.000 mAh.<\/h4>\n<p>&nbsp;<\/p>\n<table>\n<tbody>\n<tr>\n<td><strong>Pot\u00eancia nominal<\/strong><\/td>\n<td>800W<\/td>\n<\/tr>\n<tr>\n<td><strong>Bateria<\/strong><\/td>\n<td>48v \u2013 15Ah<\/td>\n<\/tr>\n<tr>\n<td><strong>Velocidade<\/strong><\/td>\n<td>At\u00e9 25 km\/h<\/td>\n<\/tr>\n<tr>\n<td><strong>Autonomia<\/strong><\/td>\n<td>At\u00e9 60km<\/td>\n<\/tr>\n<tr>\n<td><strong>Peso<\/strong><\/td>\n<td>24Kg<\/td>\n<\/tr>\n<tr>\n<td><strong>Tempo de carga<\/strong><\/td>\n<td>6-7H<\/td>\n<\/tr>\n<tr>\n<td><strong>Frenos<\/strong><\/td>\n<td>Freno de disco trasero e delantero<\/td>\n<\/tr>\n<\/tbody>\n<\/table>\n<p>&nbsp;<\/p>\n","protected":false},"featured_media":5497,"comment_status":"open","ping_status":"closed","template":"","meta":{"_acf_changed":false},"product_brand":[],"product_cat":[48],"product_tag":[],"class_list":{"0":"post-5393","1":"product","2":"type-product","3":"status-publish","4":"has-post-thumbnail","6":"product_cat-gama-pro","7":"product_shipping_class-envio-de-scooters","9":"first","10":"instock","11":"sale","12":"taxable","13":"shipping-taxable","14":"purchasable","15":"product-type-simple"},"acf":[],"yoast_head":"<!-- This site is optimized with the Yoast SEO plugin v26.9 - https:\/\/yoast.com\/product\/yoast-seo-wordpress\/ -->\n<title>Trotinete el\u00e9trica Rockway Pro smartGyro - 360Scooters Portugal<\/title>\n<meta name=\"robots\" content=\"index, follow, max-snippet:-1, max-image-preview:large, max-video-preview:-1\" \/>\n<link rel=\"canonical\" href=\"https:\/\/360scooters.com\/pt\/producto\/trotinete-eletrica-rockway-pro-smartgyro-certificado\/\" \/>\n<meta property=\"og:locale\" content=\"pt_PT\" \/>\n<meta property=\"og:type\" content=\"article\" \/>\n<meta property=\"og:title\" content=\"Trotinete el\u00e9trica Rockway Pro smartGyro - 360Scooters Portugal\" \/>\n<meta property=\"og:description\" content=\"Scooter el\u00e9trica SmartGyro RockWay Pro com pot\u00eancia m\u00e1xima de 1000W, piscas traseiros, LEDs na base e bateria de l\u00edtio de 15.000 mAh. &nbsp;    Pot\u00eancia nominal 800W   Bateria 48v \u2013 15Ah   Velocidade At\u00e9 25 km\/h   Autonomia At\u00e9 60km   Peso 24Kg   Tempo de carga 6-7H   Frenos Freno de disco trasero e delantero    &nbsp;\" \/>\n<meta property=\"og:url\" content=\"https:\/\/360scooters.com\/pt\/producto\/trotinete-eletrica-rockway-pro-smartgyro-certificado\/\" \/>\n<meta property=\"og:site_name\" content=\"360Scooters Portugal\" \/>\n<meta property=\"article:modified_time\" content=\"2024-10-19T15:21:36+00:00\" \/>\n<meta property=\"og:image\" content=\"https:\/\/360scooters.com\/pt\/wp-content\/uploads\/sites\/5\/2024\/04\/patinete-electrico-smartgyro-rockway-pro-certificado-1.jpg\" \/>\n\t<meta property=\"og:image:width\" content=\"1500\" \/>\n\t<meta property=\"og:image:height\" content=\"1500\" \/>\n\t<meta property=\"og:image:type\" content=\"image\/jpeg\" \/>\n<meta name=\"twitter:card\" content=\"summary_large_image\" \/>\n<meta name=\"twitter:label1\" content=\"Tempo estimado de leitura\" \/>\n\t<meta name=\"twitter:data1\" content=\"3 minutos\" \/>\n<script type=\"application\/ld+json\" class=\"yoast-schema-graph\">{\"@context\":\"https:\/\/schema.org\",\"@graph\":[{\"@type\":\"WebPage\",\"@id\":\"https:\/\/360scooters.com\/pt\/producto\/trotinete-eletrica-rockway-pro-smartgyro-certificado\/\",\"url\":\"https:\/\/360scooters.com\/pt\/producto\/trotinete-eletrica-rockway-pro-smartgyro-certificado\/\",\"name\":\"Trotinete el\u00e9trica Rockway Pro smartGyro - 360Scooters Portugal\",\"isPartOf\":{\"@id\":\"https:\/\/360scooters.com\/pt\/#website\"},\"primaryImageOfPage\":{\"@id\":\"https:\/\/360scooters.com\/pt\/producto\/trotinete-eletrica-rockway-pro-smartgyro-certificado\/#primaryimage\"},\"image\":{\"@id\":\"https:\/\/360scooters.com\/pt\/producto\/trotinete-eletrica-rockway-pro-smartgyro-certificado\/#primaryimage\"},\"thumbnailUrl\":\"https:\/\/360scooters.com\/pt\/wp-content\/uploads\/sites\/5\/2024\/04\/patinete-electrico-smartgyro-rockway-pro-certificado-1.jpg\",\"datePublished\":\"2024-04-16T12:01:01+00:00\",\"dateModified\":\"2024-10-19T15:21:36+00:00\",\"breadcrumb\":{\"@id\":\"https:\/\/360scooters.com\/pt\/producto\/trotinete-eletrica-rockway-pro-smartgyro-certificado\/#breadcrumb\"},\"inLanguage\":\"pt-PT\",\"potentialAction\":[{\"@type\":\"ReadAction\",\"target\":[\"https:\/\/360scooters.com\/pt\/producto\/trotinete-eletrica-rockway-pro-smartgyro-certificado\/\"]}]},{\"@type\":\"ImageObject\",\"inLanguage\":\"pt-PT\",\"@id\":\"https:\/\/360scooters.com\/pt\/producto\/trotinete-eletrica-rockway-pro-smartgyro-certificado\/#primaryimage\",\"url\":\"https:\/\/360scooters.com\/pt\/wp-content\/uploads\/sites\/5\/2024\/04\/patinete-electrico-smartgyro-rockway-pro-certificado-1.jpg\",\"contentUrl\":\"https:\/\/360scooters.com\/pt\/wp-content\/uploads\/sites\/5\/2024\/04\/patinete-electrico-smartgyro-rockway-pro-certificado-1.jpg\",\"width\":1500,\"height\":1500},{\"@type\":\"BreadcrumbList\",\"@id\":\"https:\/\/360scooters.com\/pt\/producto\/trotinete-eletrica-rockway-pro-smartgyro-certificado\/#breadcrumb\",\"itemListElement\":[{\"@type\":\"ListItem\",\"position\":1,\"name\":\"In\u00edcio\",\"item\":\"https:\/\/360scooters.com\/pt\/\"},{\"@type\":\"ListItem\",\"position\":2,\"name\":\"Produtos\",\"item\":\"https:\/\/360scooters.com\/pt\/shop\/\"},{\"@type\":\"ListItem\",\"position\":3,\"name\":\"Trotinete el\u00e9trica Rockway Pro smartGyro\"}]},{\"@type\":\"WebSite\",\"@id\":\"https:\/\/360scooters.com\/pt\/#website\",\"url\":\"https:\/\/360scooters.com\/pt\/\",\"name\":\"360Scooters Portugal\",\"description\":\"\",\"potentialAction\":[{\"@type\":\"SearchAction\",\"target\":{\"@type\":\"EntryPoint\",\"urlTemplate\":\"https:\/\/360scooters.com\/pt\/?s={search_term_string}\"},\"query-input\":{\"@type\":\"PropertyValueSpecification\",\"valueRequired\":true,\"valueName\":\"search_term_string\"}}],\"inLanguage\":\"pt-PT\"}]}<\/script>\n<!-- \/ Yoast SEO plugin. -->","yoast_head_json":{"title":"Trotinete el\u00e9trica Rockway Pro smartGyro - 360Scooters Portugal","robots":{"index":"index","follow":"follow","max-snippet":"max-snippet:-1","max-image-preview":"max-image-preview:large","max-video-preview":"max-video-preview:-1"},"canonical":"https:\/\/360scooters.com\/pt\/producto\/trotinete-eletrica-rockway-pro-smartgyro-certificado\/","og_locale":"pt_PT","og_type":"article","og_title":"Trotinete el\u00e9trica Rockway Pro smartGyro - 360Scooters Portugal","og_description":"Scooter el\u00e9trica SmartGyro RockWay Pro com pot\u00eancia m\u00e1xima de 1000W, piscas traseiros, LEDs na base e bateria de l\u00edtio de 15.000 mAh. &nbsp;    Pot\u00eancia nominal 800W   Bateria 48v \u2013 15Ah   Velocidade At\u00e9 25 km\/h   Autonomia At\u00e9 60km   Peso 24Kg   Tempo de carga 6-7H   Frenos Freno de disco trasero e delantero    &nbsp;","og_url":"https:\/\/360scooters.com\/pt\/producto\/trotinete-eletrica-rockway-pro-smartgyro-certificado\/","og_site_name":"360Scooters Portugal","article_modified_time":"2024-10-19T15:21:36+00:00","og_image":[{"width":1500,"height":1500,"url":"https:\/\/360scooters.com\/pt\/wp-content\/uploads\/sites\/5\/2024\/04\/patinete-electrico-smartgyro-rockway-pro-certificado-1.jpg","type":"image\/jpeg"}],"twitter_card":"summary_large_image","twitter_misc":{"Tempo estimado de leitura":"3 minutos"},"schema":{"@context":"https:\/\/schema.org","@graph":[{"@type":"WebPage","@id":"https:\/\/360scooters.com\/pt\/producto\/trotinete-eletrica-rockway-pro-smartgyro-certificado\/","url":"https:\/\/360scooters.com\/pt\/producto\/trotinete-eletrica-rockway-pro-smartgyro-certificado\/","name":"Trotinete el\u00e9trica Rockway Pro smartGyro - 360Scooters Portugal","isPartOf":{"@id":"https:\/\/360scooters.com\/pt\/#website"},"primaryImageOfPage":{"@id":"https:\/\/360scooters.com\/pt\/producto\/trotinete-eletrica-rockway-pro-smartgyro-certificado\/#primaryimage"},"image":{"@id":"https:\/\/360scooters.com\/pt\/producto\/trotinete-eletrica-rockway-pro-smartgyro-certificado\/#primaryimage"},"thumbnailUrl":"https:\/\/360scooters.com\/pt\/wp-content\/uploads\/sites\/5\/2024\/04\/patinete-electrico-smartgyro-rockway-pro-certificado-1.jpg","datePublished":"2024-04-16T12:01:01+00:00","dateModified":"2024-10-19T15:21:36+00:00","breadcrumb":{"@id":"https:\/\/360scooters.com\/pt\/producto\/trotinete-eletrica-rockway-pro-smartgyro-certificado\/#breadcrumb"},"inLanguage":"pt-PT","potentialAction":[{"@type":"ReadAction","target":["https:\/\/360scooters.com\/pt\/producto\/trotinete-eletrica-rockway-pro-smartgyro-certificado\/"]}]},{"@type":"ImageObject","inLanguage":"pt-PT","@id":"https:\/\/360scooters.com\/pt\/producto\/trotinete-eletrica-rockway-pro-smartgyro-certificado\/#primaryimage","url":"https:\/\/360scooters.com\/pt\/wp-content\/uploads\/sites\/5\/2024\/04\/patinete-electrico-smartgyro-rockway-pro-certificado-1.jpg","contentUrl":"https:\/\/360scooters.com\/pt\/wp-content\/uploads\/sites\/5\/2024\/04\/patinete-electrico-smartgyro-rockway-pro-certificado-1.jpg","width":1500,"height":1500},{"@type":"BreadcrumbList","@id":"https:\/\/360scooters.com\/pt\/producto\/trotinete-eletrica-rockway-pro-smartgyro-certificado\/#breadcrumb","itemListElement":[{"@type":"ListItem","position":1,"name":"In\u00edcio","item":"https:\/\/360scooters.com\/pt\/"},{"@type":"ListItem","position":2,"name":"Produtos","item":"https:\/\/360scooters.com\/pt\/shop\/"},{"@type":"ListItem","position":3,"name":"Trotinete el\u00e9trica Rockway Pro smartGyro"}]},{"@type":"WebSite","@id":"https:\/\/360scooters.com\/pt\/#website","url":"https:\/\/360scooters.com\/pt\/","name":"360Scooters Portugal","description":"","potentialAction":[{"@type":"SearchAction","target":{"@type":"EntryPoint","urlTemplate":"https:\/\/360scooters.com\/pt\/?s={search_term_string}"},"query-input":{"@type":"PropertyValueSpecification","valueRequired":true,"valueName":"search_term_string"}}],"inLanguage":"pt-PT"}]}},"_links":{"self":[{"href":"https:\/\/360scooters.com\/pt\/wp-json\/wp\/v2\/product\/5393","targetHints":{"allow":["GET"]}}],"collection":[{"href":"https:\/\/360scooters.com\/pt\/wp-json\/wp\/v2\/product"}],"about":[{"href":"https:\/\/360scooters.com\/pt\/wp-json\/wp\/v2\/types\/product"}],"replies":[{"embeddable":true,"href":"https:\/\/360scooters.com\/pt\/wp-json\/wp\/v2\/comments?post=5393"}],"version-history":[{"count":1,"href":"https:\/\/360scooters.com\/pt\/wp-json\/wp\/v2\/product\/5393\/revisions"}],"predecessor-version":[{"id":5739,"href":"https:\/\/360scooters.com\/pt\/wp-json\/wp\/v2\/product\/5393\/revisions\/5739"}],"wp:featuredmedia":[{"embeddable":true,"href":"https:\/\/360scooters.com\/pt\/wp-json\/wp\/v2\/media\/5497"}],"wp:attachment":[{"href":"https:\/\/360scooters.com\/pt\/wp-json\/wp\/v2\/media?parent=5393"}],"wp:term":[{"taxonomy":"product_brand","embeddable":true,"href":"https:\/\/360scooters.com\/pt\/wp-json\/wp\/v2\/product_brand?post=5393"},{"taxonomy":"product_cat","embeddable":true,"href":"https:\/\/360scooters.com\/pt\/wp-json\/wp\/v2\/product_cat?post=5393"},{"taxonomy":"product_tag","embeddable":true,"href":"https:\/\/360scooters.com\/pt\/wp-json\/wp\/v2\/product_tag?post=5393"}],"curies":[{"name":"wp","href":"https:\/\/api.w.org\/{rel}","templated":true}]}}