{"id":5391,"date":"2024-04-16T13:01:01","date_gmt":"2024-04-16T12:01:01","guid":{"rendered":"https:\/\/360scooters.com\/pt\/?post_type=product&#038;p=5391"},"modified":"2024-10-19T12:34:17","modified_gmt":"2024-10-19T11:34:17","slug":"trotinete-eletrica-smartgyro-k2-pro-blue-certificado","status":"publish","type":"product","link":"https:\/\/360scooters.com\/pt\/producto\/trotinete-eletrica-smartgyro-k2-pro-blue-certificado\/","title":{"rendered":"Trotinete el\u00e9trica smartGyro K2 PRO Blue"},"content":{"rendered":"<h2><strong>Trotinete el\u00e9trica smartGyro K2 PRO Blue<\/strong><\/h2>\n<p>Apresentamos uma evolu\u00e7\u00e3o surpreendente de uma das nossas scooters el\u00e9tricas estrela. Nesta vers\u00e3o melhorada, melhor\u00e1mos ainda mais o seu desempenho e incorpor\u00e1mos uma excepcional bateria de 15 Ah, com a qual pode viajar at\u00e9 60 km com uma \u00fanica carga.<\/p>\n<p>A combina\u00e7\u00e3o perfeita entre pot\u00eancia e leveza: o seu motor de pot\u00eancia m\u00e1xima de 1000W ir\u00e1 conquistar qualquer declive. Com um peso reduzido de apenas 17 Kg, uma estrutura s\u00f3lida e sem qualquer tipo de folga, ir\u00e1 desfrutar de cada passeio, levando a divers\u00e3o consigo em cada viagem.<\/p>\n<p>Uma bateria com grande autonomia: A sua bateria tem uma capacidade de 15.000 mAh com a qual ir\u00e1 percorrer longas dist\u00e2ncias (at\u00e9 60 km com uma \u00fanica carga). As suas jantes pneum\u00e1ticas de 10\u201d, o seu potente motor Brushless com uma pot\u00eancia m\u00e1xima de 1000W (pot\u00eancia nominal de 900W), o seu potente refletor LED frontal, 4 piscas (2 nas pegas e 2 na traseira) e uma luz de travagem acoplada a um A bateria de alta efici\u00eancia ir\u00e1 torn\u00e1-lo um meio de transporte ideal para a sua vida di\u00e1ria.<\/p>\n<p>Ilumina\u00e7\u00e3o LED potente: farol dianteiro de alto brilho, piscas dianteiros e traseiros que pode operar a partir do guiador e luz de travagem traseira.<\/p>\n<p>Suspens\u00f5es dianteiras e traseiras com uma experi\u00eancia de condu\u00e7\u00e3o confort\u00e1vel e ergon\u00f3mica garantida \u2013 gra\u00e7as ao garfo de suspens\u00e3o na roda dianteira, a sua condu\u00e7\u00e3o ser\u00e1 confort\u00e1vel sem vibra\u00e7\u00f5es inc\u00f3modas do terreno. Os solavancos ser\u00e3o quase impercet\u00edveis nos bra\u00e7os ou nas costas, permitindo-lhe desfrutar de um passeio sem preocupa\u00e7\u00f5es.<\/p>\n<p>Desfrute de uma viagem incr\u00edvel e poupe nas suas viagens. O smartGyro K2 Pro ser\u00e1 o seu melhor companheiro para o dia a dia.<\/p>\n<p><strong>Caracter\u00edsticas do Smartgyro K2 Pro:<\/strong><\/p>\n<ul>\n<li>Motor com pot\u00eancia nominal de 900W 48V (pot\u00eancia de pico de 1000w).<\/li>\n<li>Bateria de l\u00edtio eficiente e est\u00e1vel de 15 Ah, autonomia at\u00e9 60 km.<\/li>\n<li>Tempo m\u00e1ximo de carregamento de 10 a 12 horas.<\/li>\n<li>Rodas pneum\u00e1ticas de 10\u201d, resistentes e est\u00e1veis<\/li>\n<li>Velocidade m\u00e1xima de 25 km por hora. 3 velocidades.<\/li>\n<li>Inclui trav\u00f5es de disco dianteiros e traseiros.<\/li>\n<li>Indicadores dianteiros e traseiros que pode ativar no guiador<\/li>\n<li>Luzes: Farol dianteiro de alto brilho, piscas dianteiros (incorporados nas pegas e traseiros na traseira) e luz de travagem traseira para que possa ser visto enquanto conduz.<\/li>\n<li>Com travagem tripla: trav\u00e3o de disco dianteiro, trav\u00e3o de disco traseiro e travagem regenerativa.<\/li>\n<li>Visor frontal (contador de quilometragem parcial e total, mudan\u00e7as, indicador de velocidade, etc\u2026)<\/li>\n<li>APP para telem\u00f3vel com sistema anti-roubo com o qual pode bloquear o skate remotamente, visualizar informa\u00e7\u00f5es do SmartGyro no telem\u00f3vel, modo de ajuste, acumula\u00e7\u00e3o de quil\u00f3metros, dist\u00e2ncia percorrida, estado da bateria, etc.<\/li>\n<li>Resist\u00eancia \u00e0 \u00e1gua IPX4<\/li>\n<li>Medidas de seguran\u00e7a: Prote\u00e7\u00e3o contra sobrepress\u00e3o, baixa tens\u00e3o, curto-circuito e sobreaquecimento.<\/li>\n<li>Suspens\u00e3o dupla dianteira e traseira.<\/li>\n<li>Estrutura dobr\u00e1vel e leve 118\u00d762,5\u00d7124 (comprimento x largura x altura) \/ Peso 17 Kg<\/li>\n<\/ul>\n<p><em>Estes dados podem variar consoante a velocidade, o peso da pessoa e a carga da unidade (gama t\u00edpica: carga m\u00e1xima, carga de 75 kg, 25\u00baC e 60% da velocidade m\u00e1xima m\u00e9dia numa superf\u00edcie plana)<\/em><\/p>\n","protected":false},"excerpt":{"rendered":"<p><strong>SmartGyro K2 PRO BLUE, scooter el\u00e9trica com pot\u00eancia m\u00e1xima de 900W 48V e bateria de 15Ah<\/strong><\/p>\n<p><strong>Poderoso, urbano e \u00e1gil!<\/strong><\/p>\n<table>\n<tbody>\n<tr>\n<td><strong>Pot\u00eancia nominal<\/strong><\/td>\n<td>900W<\/td>\n<\/tr>\n<tr>\n<td><strong>Bateria<\/strong><\/td>\n<td>48v \u2013 15Ah<\/td>\n<\/tr>\n<tr>\n<td><strong>Velocidade<\/strong><\/td>\n<td>At\u00e9 25km\/h<\/td>\n<\/tr>\n<tr>\n<td><strong>Autonomia<\/strong><\/td>\n<td>At\u00e9 60km<\/td>\n<\/tr>\n<tr>\n<td><strong>Peso<\/strong><\/td>\n<td>17Kg<\/td>\n<\/tr>\n<tr>\n<td><strong>Tempo de carregamento<\/strong><\/td>\n<td>8H<\/td>\n<\/tr>\n<tr>\n<td><strong>Freios<\/strong><\/td>\n<td>Disco traseiro e dianteiro<\/td>\n<\/tr>\n<\/tbody>\n<\/table>\n<p>&nbsp;<\/p>\n","protected":false},"featured_media":5481,"comment_status":"open","ping_status":"closed","template":"","meta":{"_acf_changed":false},"product_brand":[],"product_cat":[48],"product_tag":[],"class_list":{"0":"post-5391","1":"product","2":"type-product","3":"status-publish","4":"has-post-thumbnail","6":"product_cat-gama-pro","7":"product_shipping_class-envio-de-scooters","9":"first","10":"outofstock","11":"sale","12":"taxable","13":"shipping-taxable","14":"purchasable","15":"product-type-simple"},"acf":[],"yoast_head":"<!-- This site is optimized with the Yoast SEO plugin v26.9 - https:\/\/yoast.com\/product\/yoast-seo-wordpress\/ -->\n<title>Trotinete el\u00e9trica smartGyro K2 PRO Blue - 360Scooters Portugal<\/title>\n<meta name=\"robots\" content=\"index, follow, max-snippet:-1, max-image-preview:large, max-video-preview:-1\" \/>\n<link rel=\"canonical\" href=\"https:\/\/360scooters.com\/pt\/producto\/trotinete-eletrica-smartgyro-k2-pro-blue-certificado\/\" \/>\n<meta property=\"og:locale\" content=\"pt_PT\" \/>\n<meta property=\"og:type\" content=\"article\" \/>\n<meta property=\"og:title\" content=\"Trotinete el\u00e9trica smartGyro K2 PRO Blue - 360Scooters Portugal\" \/>\n<meta property=\"og:description\" content=\"SmartGyro K2 PRO BLUE, scooter el\u00e9trica com pot\u00eancia m\u00e1xima de 900W 48V e bateria de 15Ah  Poderoso, urbano e \u00e1gil!    Pot\u00eancia nominal 900W   Bateria 48v \u2013 15Ah   Velocidade At\u00e9 25km\/h   Autonomia At\u00e9 60km   Peso 17Kg   Tempo de carregamento 8H   Freios Disco traseiro e dianteiro    &nbsp;\" \/>\n<meta property=\"og:url\" content=\"https:\/\/360scooters.com\/pt\/producto\/trotinete-eletrica-smartgyro-k2-pro-blue-certificado\/\" \/>\n<meta property=\"og:site_name\" content=\"360Scooters Portugal\" \/>\n<meta property=\"article:modified_time\" content=\"2024-10-19T11:34:17+00:00\" \/>\n<meta property=\"og:image\" content=\"https:\/\/360scooters.com\/pt\/wp-content\/uploads\/sites\/5\/2024\/04\/patinete-electrico-smartgyro-k2-pro-blue-c-1.jpg\" \/>\n\t<meta property=\"og:image:width\" content=\"1500\" \/>\n\t<meta property=\"og:image:height\" content=\"1500\" \/>\n\t<meta property=\"og:image:type\" content=\"image\/jpeg\" \/>\n<meta name=\"twitter:card\" content=\"summary_large_image\" \/>\n<meta name=\"twitter:label1\" content=\"Tempo estimado de leitura\" \/>\n\t<meta name=\"twitter:data1\" content=\"3 minutos\" \/>\n<script type=\"application\/ld+json\" class=\"yoast-schema-graph\">{\"@context\":\"https:\/\/schema.org\",\"@graph\":[{\"@type\":\"WebPage\",\"@id\":\"https:\/\/360scooters.com\/pt\/producto\/trotinete-eletrica-smartgyro-k2-pro-blue-certificado\/\",\"url\":\"https:\/\/360scooters.com\/pt\/producto\/trotinete-eletrica-smartgyro-k2-pro-blue-certificado\/\",\"name\":\"Trotinete el\u00e9trica smartGyro K2 PRO Blue - 360Scooters Portugal\",\"isPartOf\":{\"@id\":\"https:\/\/360scooters.com\/pt\/#website\"},\"primaryImageOfPage\":{\"@id\":\"https:\/\/360scooters.com\/pt\/producto\/trotinete-eletrica-smartgyro-k2-pro-blue-certificado\/#primaryimage\"},\"image\":{\"@id\":\"https:\/\/360scooters.com\/pt\/producto\/trotinete-eletrica-smartgyro-k2-pro-blue-certificado\/#primaryimage\"},\"thumbnailUrl\":\"https:\/\/360scooters.com\/pt\/wp-content\/uploads\/sites\/5\/2024\/04\/patinete-electrico-smartgyro-k2-pro-blue-c-1.jpg\",\"datePublished\":\"2024-04-16T12:01:01+00:00\",\"dateModified\":\"2024-10-19T11:34:17+00:00\",\"breadcrumb\":{\"@id\":\"https:\/\/360scooters.com\/pt\/producto\/trotinete-eletrica-smartgyro-k2-pro-blue-certificado\/#breadcrumb\"},\"inLanguage\":\"pt-PT\",\"potentialAction\":[{\"@type\":\"ReadAction\",\"target\":[\"https:\/\/360scooters.com\/pt\/producto\/trotinete-eletrica-smartgyro-k2-pro-blue-certificado\/\"]}]},{\"@type\":\"ImageObject\",\"inLanguage\":\"pt-PT\",\"@id\":\"https:\/\/360scooters.com\/pt\/producto\/trotinete-eletrica-smartgyro-k2-pro-blue-certificado\/#primaryimage\",\"url\":\"https:\/\/360scooters.com\/pt\/wp-content\/uploads\/sites\/5\/2024\/04\/patinete-electrico-smartgyro-k2-pro-blue-c-1.jpg\",\"contentUrl\":\"https:\/\/360scooters.com\/pt\/wp-content\/uploads\/sites\/5\/2024\/04\/patinete-electrico-smartgyro-k2-pro-blue-c-1.jpg\",\"width\":1500,\"height\":1500},{\"@type\":\"BreadcrumbList\",\"@id\":\"https:\/\/360scooters.com\/pt\/producto\/trotinete-eletrica-smartgyro-k2-pro-blue-certificado\/#breadcrumb\",\"itemListElement\":[{\"@type\":\"ListItem\",\"position\":1,\"name\":\"In\u00edcio\",\"item\":\"https:\/\/360scooters.com\/pt\/\"},{\"@type\":\"ListItem\",\"position\":2,\"name\":\"Produtos\",\"item\":\"https:\/\/360scooters.com\/pt\/shop\/\"},{\"@type\":\"ListItem\",\"position\":3,\"name\":\"Trotinete el\u00e9trica smartGyro K2 PRO Blue\"}]},{\"@type\":\"WebSite\",\"@id\":\"https:\/\/360scooters.com\/pt\/#website\",\"url\":\"https:\/\/360scooters.com\/pt\/\",\"name\":\"360Scooters Portugal\",\"description\":\"\",\"potentialAction\":[{\"@type\":\"SearchAction\",\"target\":{\"@type\":\"EntryPoint\",\"urlTemplate\":\"https:\/\/360scooters.com\/pt\/?s={search_term_string}\"},\"query-input\":{\"@type\":\"PropertyValueSpecification\",\"valueRequired\":true,\"valueName\":\"search_term_string\"}}],\"inLanguage\":\"pt-PT\"}]}<\/script>\n<!-- \/ Yoast SEO plugin. -->","yoast_head_json":{"title":"Trotinete el\u00e9trica smartGyro K2 PRO Blue - 360Scooters Portugal","robots":{"index":"index","follow":"follow","max-snippet":"max-snippet:-1","max-image-preview":"max-image-preview:large","max-video-preview":"max-video-preview:-1"},"canonical":"https:\/\/360scooters.com\/pt\/producto\/trotinete-eletrica-smartgyro-k2-pro-blue-certificado\/","og_locale":"pt_PT","og_type":"article","og_title":"Trotinete el\u00e9trica smartGyro K2 PRO Blue - 360Scooters Portugal","og_description":"SmartGyro K2 PRO BLUE, scooter el\u00e9trica com pot\u00eancia m\u00e1xima de 900W 48V e bateria de 15Ah  Poderoso, urbano e \u00e1gil!    Pot\u00eancia nominal 900W   Bateria 48v \u2013 15Ah   Velocidade At\u00e9 25km\/h   Autonomia At\u00e9 60km   Peso 17Kg   Tempo de carregamento 8H   Freios Disco traseiro e dianteiro    &nbsp;","og_url":"https:\/\/360scooters.com\/pt\/producto\/trotinete-eletrica-smartgyro-k2-pro-blue-certificado\/","og_site_name":"360Scooters Portugal","article_modified_time":"2024-10-19T11:34:17+00:00","og_image":[{"width":1500,"height":1500,"url":"https:\/\/360scooters.com\/pt\/wp-content\/uploads\/sites\/5\/2024\/04\/patinete-electrico-smartgyro-k2-pro-blue-c-1.jpg","type":"image\/jpeg"}],"twitter_card":"summary_large_image","twitter_misc":{"Tempo estimado de leitura":"3 minutos"},"schema":{"@context":"https:\/\/schema.org","@graph":[{"@type":"WebPage","@id":"https:\/\/360scooters.com\/pt\/producto\/trotinete-eletrica-smartgyro-k2-pro-blue-certificado\/","url":"https:\/\/360scooters.com\/pt\/producto\/trotinete-eletrica-smartgyro-k2-pro-blue-certificado\/","name":"Trotinete el\u00e9trica smartGyro K2 PRO Blue - 360Scooters Portugal","isPartOf":{"@id":"https:\/\/360scooters.com\/pt\/#website"},"primaryImageOfPage":{"@id":"https:\/\/360scooters.com\/pt\/producto\/trotinete-eletrica-smartgyro-k2-pro-blue-certificado\/#primaryimage"},"image":{"@id":"https:\/\/360scooters.com\/pt\/producto\/trotinete-eletrica-smartgyro-k2-pro-blue-certificado\/#primaryimage"},"thumbnailUrl":"https:\/\/360scooters.com\/pt\/wp-content\/uploads\/sites\/5\/2024\/04\/patinete-electrico-smartgyro-k2-pro-blue-c-1.jpg","datePublished":"2024-04-16T12:01:01+00:00","dateModified":"2024-10-19T11:34:17+00:00","breadcrumb":{"@id":"https:\/\/360scooters.com\/pt\/producto\/trotinete-eletrica-smartgyro-k2-pro-blue-certificado\/#breadcrumb"},"inLanguage":"pt-PT","potentialAction":[{"@type":"ReadAction","target":["https:\/\/360scooters.com\/pt\/producto\/trotinete-eletrica-smartgyro-k2-pro-blue-certificado\/"]}]},{"@type":"ImageObject","inLanguage":"pt-PT","@id":"https:\/\/360scooters.com\/pt\/producto\/trotinete-eletrica-smartgyro-k2-pro-blue-certificado\/#primaryimage","url":"https:\/\/360scooters.com\/pt\/wp-content\/uploads\/sites\/5\/2024\/04\/patinete-electrico-smartgyro-k2-pro-blue-c-1.jpg","contentUrl":"https:\/\/360scooters.com\/pt\/wp-content\/uploads\/sites\/5\/2024\/04\/patinete-electrico-smartgyro-k2-pro-blue-c-1.jpg","width":1500,"height":1500},{"@type":"BreadcrumbList","@id":"https:\/\/360scooters.com\/pt\/producto\/trotinete-eletrica-smartgyro-k2-pro-blue-certificado\/#breadcrumb","itemListElement":[{"@type":"ListItem","position":1,"name":"In\u00edcio","item":"https:\/\/360scooters.com\/pt\/"},{"@type":"ListItem","position":2,"name":"Produtos","item":"https:\/\/360scooters.com\/pt\/shop\/"},{"@type":"ListItem","position":3,"name":"Trotinete el\u00e9trica smartGyro K2 PRO Blue"}]},{"@type":"WebSite","@id":"https:\/\/360scooters.com\/pt\/#website","url":"https:\/\/360scooters.com\/pt\/","name":"360Scooters Portugal","description":"","potentialAction":[{"@type":"SearchAction","target":{"@type":"EntryPoint","urlTemplate":"https:\/\/360scooters.com\/pt\/?s={search_term_string}"},"query-input":{"@type":"PropertyValueSpecification","valueRequired":true,"valueName":"search_term_string"}}],"inLanguage":"pt-PT"}]}},"_links":{"self":[{"href":"https:\/\/360scooters.com\/pt\/wp-json\/wp\/v2\/product\/5391","targetHints":{"allow":["GET"]}}],"collection":[{"href":"https:\/\/360scooters.com\/pt\/wp-json\/wp\/v2\/product"}],"about":[{"href":"https:\/\/360scooters.com\/pt\/wp-json\/wp\/v2\/types\/product"}],"replies":[{"embeddable":true,"href":"https:\/\/360scooters.com\/pt\/wp-json\/wp\/v2\/comments?post=5391"}],"version-history":[{"count":1,"href":"https:\/\/360scooters.com\/pt\/wp-json\/wp\/v2\/product\/5391\/revisions"}],"predecessor-version":[{"id":5727,"href":"https:\/\/360scooters.com\/pt\/wp-json\/wp\/v2\/product\/5391\/revisions\/5727"}],"wp:featuredmedia":[{"embeddable":true,"href":"https:\/\/360scooters.com\/pt\/wp-json\/wp\/v2\/media\/5481"}],"wp:attachment":[{"href":"https:\/\/360scooters.com\/pt\/wp-json\/wp\/v2\/media?parent=5391"}],"wp:term":[{"taxonomy":"product_brand","embeddable":true,"href":"https:\/\/360scooters.com\/pt\/wp-json\/wp\/v2\/product_brand?post=5391"},{"taxonomy":"product_cat","embeddable":true,"href":"https:\/\/360scooters.com\/pt\/wp-json\/wp\/v2\/product_cat?post=5391"},{"taxonomy":"product_tag","embeddable":true,"href":"https:\/\/360scooters.com\/pt\/wp-json\/wp\/v2\/product_tag?post=5391"}],"curies":[{"name":"wp","href":"https:\/\/api.w.org\/{rel}","templated":true}]}}