{"id":5385,"date":"2024-04-16T13:01:01","date_gmt":"2024-04-16T12:01:01","guid":{"rendered":"https:\/\/360scooters.com\/pt\/?post_type=product&#038;p=5385"},"modified":"2024-10-19T12:38:41","modified_gmt":"2024-10-19T11:38:41","slug":"trotinete-smartgyro-crossover-dual-max-portugal","status":"publish","type":"product","link":"https:\/\/360scooters.com\/pt\/producto\/trotinete-smartgyro-crossover-dual-max-portugal\/","title":{"rendered":"Trotinete smartGyro CROSSOVER DUAL MAX Portugal"},"content":{"rendered":"<h1><strong>Comprar trotinete smartGyro Crossover Dual Max em Portugal<\/strong><\/h1>\n<p><strong>Conhe\u00e7a a scooter el\u00e9trica SmartGyro CrossOver Dual Max: inova\u00e7\u00e3o na mobilidade el\u00e9trica<\/strong><\/p>\n<p>O SmartGyro CrossOver Dual Max revoluciona a mobilidade com o seu design inovador e pot\u00eancia incr\u00edvel.<\/p>\n<p>Com Tra\u00e7\u00e3o Integral: Equipado com dois motores de 500W 48V de pot\u00eancia nominal, o CrossOver Dual Max oferece uma impressionante pot\u00eancia combinada de 1000W, al\u00e9m disso, o seu motor dianteiro \u00e9 desconect\u00e1vel para melhorar a autonomia e a experi\u00eancia de condu\u00e7\u00e3o.<\/p>\n<p>Gra\u00e7as \u00e0 sua dupla suspens\u00e3o dianteira e traseira, \u00e0s jantes pneum\u00e1ticas All Road de 10&#8243; e aos trav\u00f5es de disco nas rodas dianteiras e traseiras, o CrossOver Dual Max \u00e9 capaz de conquistar todo o tipo de terreno.<\/p>\n<p><strong>Al\u00e9m disso, a sua bateria de 15.000 mAh e 48V oferece uma efici\u00eancia e estabilidade excecionais, ir\u00e1 desfrutar de um alcance impressionante de at\u00e9 60 km.<\/strong><\/p>\n<p>Se procura um ve\u00edculo el\u00e9trico de alta qualidade e com um desempenho excecional, o SmartGyro CrossOver Dual Max \u00e9 a escolha perfeita para si.<\/p>\n<p>Caracter\u00edsticas do Smartgyro Dual Max:<\/p>\n<ul>\n<li>2 motores com pot\u00eancia nominal de 500W 48V cada.<\/li>\n<li>Bateria de l\u00edtio eficiente e est\u00e1vel de 15 Ah, autonomia at\u00e9 60 km.<\/li>\n<li>Tempo m\u00e1ximo de carregamento de 8 horas.<\/li>\n<li>Jantes All Road de 10\u201d, pneum\u00e1ticas, resistentes, est\u00e1veis \u200b\u200be preparadas para todo o tipo de terreno.<\/li>\n<li>Velocidade m\u00e1xima de 25 km por hora. 3 velocidades.<\/li>\n<li>Inclui trav\u00f5es de disco dianteiros e traseiros.<\/li>\n<li>Com travagem tripla: trav\u00e3o de disco dianteiro, trav\u00e3o de disco traseiro e travagem regenerativa.<\/li>\n<li>Sistema de fecho 2.0 de nova gera\u00e7\u00e3o. Novo sistema de rebatimento com \u00e2ncora dupla de ajuste do mastro que evita folgas e aumenta a seguran\u00e7a.<br \/>\nIndicadores dianteiros e traseiros que pode ativar no guiador<\/li>\n<li>Luzes: Farol dianteiro de alto brilho, piscas, LEDs ambientais na base e luz de travagem traseira para que possa ser visto enquanto conduz.<\/li>\n<li>Display frontal (contador de quilometragem parcial e total, mudan\u00e7as, indicador de velocidade, etc&#8230;)<\/li>\n<li>APP para telem\u00f3vel com sistema anti-roubo com o qual pode bloquear o skate remotamente, visualizar informa\u00e7\u00f5es do SmartGyro no telem\u00f3vel, modo de ajuste, acumula\u00e7\u00e3o de quil\u00f3metros, dist\u00e2ncia percorrida, estado da bateria, etc.<\/li>\n<li>Resist\u00eancia \u00e0 \u00e1gua IPX4<\/li>\n<li>Medidas de seguran\u00e7a: Prote\u00e7\u00e3o contra sobrepress\u00e3o, baixa tens\u00e3o, curto-circuito e sobreaquecimento.<\/li>\n<li>Suspens\u00e3o dupla dianteira e traseira.<\/li>\n<li>Estrutura dobr\u00e1vel e leve 112x64x128 (comprimento x largura x altura) \/ Peso 28 Kg<\/li>\n<\/ul>\n<p>Estes dados podem variar consoante a velocidade, o peso da pessoa e a carga da unidade (gama t\u00edpica: carga m\u00e1xima, carga de 75 kg, 25\u00baC e 60% da velocidade m\u00e9dia m\u00e1xima numa superf\u00edcie plana)<\/p>\n<p><em>\u201cAs imagens s\u00e3o apenas para refer\u00eancia, as cores podem variar ligeiramente dependendo da luz, impress\u00e3o e\/ou defini\u00e7\u00f5es do ecr\u00e3.\u201d<\/em><\/p>\n<p><em>Este skate foi certificado para circula\u00e7\u00e3o de acordo com a regulamenta\u00e7\u00e3o em vigor. Para obter esta certifica\u00e7\u00e3o, foi submetido a exaustivos testes mec\u00e2nicos, el\u00e9tricos e din\u00e2micos. Qualquer modifica\u00e7\u00e3o do skate, instala\u00e7\u00e3o de elementos n\u00e3o originais, como baterias adicionais, controladores n\u00e3o originais, etc. implicar\u00e1 n\u00e3o s\u00f3 a perda da garantia, mas tamb\u00e9m a exonera\u00e7\u00e3o da responsabilidade do fabricante em caso de eventuais acidentes ocorridos tanto durante a condu\u00e7\u00e3o como em repouso. A modifica\u00e7\u00e3o do patim, especialmente na sua parte el\u00e9ctrica, acarreta um grave risco de inc\u00eandio com o consequente perigo para pessoas e coisas.<\/em><\/p>\n","protected":false},"excerpt":{"rendered":"<p><strong>SmartGyro CrossOver Dual Max, scooter el\u00e9trica certificada com 2 motores 500W 48V. Pot\u00eancia combinada de 1000 W 48 V e bateria de 15.000 mAh<\/strong><\/p>\n<p><strong>Para rural ou cidade!<\/strong><\/p>\n<table>\n<tbody>\n<tr>\n<td><strong>Pot\u00eancia nominal<\/strong><\/td>\n<td>2x500W<\/td>\n<\/tr>\n<tr>\n<td><strong>Bateria<\/strong><\/td>\n<td>48v \u2013 15Ah<\/td>\n<\/tr>\n<tr>\n<td><strong>Velocidade<\/strong><\/td>\n<td>At\u00e9 25 km\/h<\/td>\n<\/tr>\n<tr>\n<td><strong>Autonomia<\/strong><\/td>\n<td>At\u00e9 60km<\/td>\n<\/tr>\n<tr>\n<td><strong>Peso<\/strong><\/td>\n<td>28Kg<\/td>\n<\/tr>\n<tr>\n<td><strong>Tempo de carga<\/strong><\/td>\n<td>10-12H<\/td>\n<\/tr>\n<tr>\n<td><strong>Frenos<\/strong><\/td>\n<td>Freno de disco trasero e delantero<\/td>\n<\/tr>\n<\/tbody>\n<\/table>\n","protected":false},"featured_media":5452,"comment_status":"open","ping_status":"closed","template":"","meta":{"_acf_changed":false},"product_brand":[],"product_cat":[49],"product_tag":[],"class_list":{"0":"post-5385","1":"product","2":"type-product","3":"status-publish","4":"has-post-thumbnail","6":"product_cat-gama-elite","8":"first","9":"instock","10":"taxable","11":"shipping-taxable","12":"purchasable","13":"product-type-simple"},"acf":[],"yoast_head":"<!-- This site is optimized with the Yoast SEO plugin v26.9 - https:\/\/yoast.com\/product\/yoast-seo-wordpress\/ -->\n<title>Trotinete smartGyro CROSSOVER DUAL MAX Portugal - 360Scooters Portugal<\/title>\n<meta name=\"robots\" content=\"index, follow, max-snippet:-1, max-image-preview:large, max-video-preview:-1\" \/>\n<link rel=\"canonical\" href=\"https:\/\/360scooters.com\/pt\/producto\/trotinete-smartgyro-crossover-dual-max-portugal\/\" \/>\n<meta property=\"og:locale\" content=\"pt_PT\" \/>\n<meta property=\"og:type\" content=\"article\" \/>\n<meta property=\"og:title\" content=\"Trotinete smartGyro CROSSOVER DUAL MAX Portugal - 360Scooters Portugal\" \/>\n<meta property=\"og:description\" content=\"SmartGyro CrossOver Dual Max, scooter el\u00e9trica certificada com 2 motores 500W 48V. Pot\u00eancia combinada de 1000 W 48 V e bateria de 15.000 mAh  Para rural ou cidade!    Pot\u00eancia nominal 2x500W   Bateria 48v \u2013 15Ah   Velocidade At\u00e9 25 km\/h   Autonomia At\u00e9 60km   Peso 28Kg   Tempo de carga 10-12H   Frenos Freno de disco trasero e delantero\" \/>\n<meta property=\"og:url\" content=\"https:\/\/360scooters.com\/pt\/producto\/trotinete-smartgyro-crossover-dual-max-portugal\/\" \/>\n<meta property=\"og:site_name\" content=\"360Scooters Portugal\" \/>\n<meta property=\"article:modified_time\" content=\"2024-10-19T11:38:41+00:00\" \/>\n<meta property=\"og:image\" content=\"https:\/\/360scooters.com\/pt\/wp-content\/uploads\/sites\/5\/2024\/04\/patinete-electrico-smartgyro-crossover-dual-max-certificado-3.jpg\" \/>\n\t<meta property=\"og:image:width\" content=\"1500\" \/>\n\t<meta property=\"og:image:height\" content=\"1500\" \/>\n\t<meta property=\"og:image:type\" content=\"image\/jpeg\" \/>\n<meta name=\"twitter:card\" content=\"summary_large_image\" \/>\n<meta name=\"twitter:label1\" content=\"Tempo estimado de leitura\" \/>\n\t<meta name=\"twitter:data1\" content=\"4 minutos\" \/>\n<script type=\"application\/ld+json\" class=\"yoast-schema-graph\">{\"@context\":\"https:\/\/schema.org\",\"@graph\":[{\"@type\":\"WebPage\",\"@id\":\"https:\/\/360scooters.com\/pt\/producto\/trotinete-smartgyro-crossover-dual-max-portugal\/\",\"url\":\"https:\/\/360scooters.com\/pt\/producto\/trotinete-smartgyro-crossover-dual-max-portugal\/\",\"name\":\"Trotinete smartGyro CROSSOVER DUAL MAX Portugal - 360Scooters Portugal\",\"isPartOf\":{\"@id\":\"https:\/\/360scooters.com\/pt\/#website\"},\"primaryImageOfPage\":{\"@id\":\"https:\/\/360scooters.com\/pt\/producto\/trotinete-smartgyro-crossover-dual-max-portugal\/#primaryimage\"},\"image\":{\"@id\":\"https:\/\/360scooters.com\/pt\/producto\/trotinete-smartgyro-crossover-dual-max-portugal\/#primaryimage\"},\"thumbnailUrl\":\"https:\/\/360scooters.com\/pt\/wp-content\/uploads\/sites\/5\/2024\/04\/patinete-electrico-smartgyro-crossover-dual-max-certificado-3.jpg\",\"datePublished\":\"2024-04-16T12:01:01+00:00\",\"dateModified\":\"2024-10-19T11:38:41+00:00\",\"breadcrumb\":{\"@id\":\"https:\/\/360scooters.com\/pt\/producto\/trotinete-smartgyro-crossover-dual-max-portugal\/#breadcrumb\"},\"inLanguage\":\"pt-PT\",\"potentialAction\":[{\"@type\":\"ReadAction\",\"target\":[\"https:\/\/360scooters.com\/pt\/producto\/trotinete-smartgyro-crossover-dual-max-portugal\/\"]}]},{\"@type\":\"ImageObject\",\"inLanguage\":\"pt-PT\",\"@id\":\"https:\/\/360scooters.com\/pt\/producto\/trotinete-smartgyro-crossover-dual-max-portugal\/#primaryimage\",\"url\":\"https:\/\/360scooters.com\/pt\/wp-content\/uploads\/sites\/5\/2024\/04\/patinete-electrico-smartgyro-crossover-dual-max-certificado-3.jpg\",\"contentUrl\":\"https:\/\/360scooters.com\/pt\/wp-content\/uploads\/sites\/5\/2024\/04\/patinete-electrico-smartgyro-crossover-dual-max-certificado-3.jpg\",\"width\":1500,\"height\":1500},{\"@type\":\"BreadcrumbList\",\"@id\":\"https:\/\/360scooters.com\/pt\/producto\/trotinete-smartgyro-crossover-dual-max-portugal\/#breadcrumb\",\"itemListElement\":[{\"@type\":\"ListItem\",\"position\":1,\"name\":\"In\u00edcio\",\"item\":\"https:\/\/360scooters.com\/pt\/\"},{\"@type\":\"ListItem\",\"position\":2,\"name\":\"Produtos\",\"item\":\"https:\/\/360scooters.com\/pt\/shop\/\"},{\"@type\":\"ListItem\",\"position\":3,\"name\":\"Trotinete smartGyro CROSSOVER DUAL MAX Portugal\"}]},{\"@type\":\"WebSite\",\"@id\":\"https:\/\/360scooters.com\/pt\/#website\",\"url\":\"https:\/\/360scooters.com\/pt\/\",\"name\":\"360Scooters Portugal\",\"description\":\"\",\"potentialAction\":[{\"@type\":\"SearchAction\",\"target\":{\"@type\":\"EntryPoint\",\"urlTemplate\":\"https:\/\/360scooters.com\/pt\/?s={search_term_string}\"},\"query-input\":{\"@type\":\"PropertyValueSpecification\",\"valueRequired\":true,\"valueName\":\"search_term_string\"}}],\"inLanguage\":\"pt-PT\"}]}<\/script>\n<!-- \/ Yoast SEO plugin. -->","yoast_head_json":{"title":"Trotinete smartGyro CROSSOVER DUAL MAX Portugal - 360Scooters Portugal","robots":{"index":"index","follow":"follow","max-snippet":"max-snippet:-1","max-image-preview":"max-image-preview:large","max-video-preview":"max-video-preview:-1"},"canonical":"https:\/\/360scooters.com\/pt\/producto\/trotinete-smartgyro-crossover-dual-max-portugal\/","og_locale":"pt_PT","og_type":"article","og_title":"Trotinete smartGyro CROSSOVER DUAL MAX Portugal - 360Scooters Portugal","og_description":"SmartGyro CrossOver Dual Max, scooter el\u00e9trica certificada com 2 motores 500W 48V. Pot\u00eancia combinada de 1000 W 48 V e bateria de 15.000 mAh  Para rural ou cidade!    Pot\u00eancia nominal 2x500W   Bateria 48v \u2013 15Ah   Velocidade At\u00e9 25 km\/h   Autonomia At\u00e9 60km   Peso 28Kg   Tempo de carga 10-12H   Frenos Freno de disco trasero e delantero","og_url":"https:\/\/360scooters.com\/pt\/producto\/trotinete-smartgyro-crossover-dual-max-portugal\/","og_site_name":"360Scooters Portugal","article_modified_time":"2024-10-19T11:38:41+00:00","og_image":[{"width":1500,"height":1500,"url":"https:\/\/360scooters.com\/pt\/wp-content\/uploads\/sites\/5\/2024\/04\/patinete-electrico-smartgyro-crossover-dual-max-certificado-3.jpg","type":"image\/jpeg"}],"twitter_card":"summary_large_image","twitter_misc":{"Tempo estimado de leitura":"4 minutos"},"schema":{"@context":"https:\/\/schema.org","@graph":[{"@type":"WebPage","@id":"https:\/\/360scooters.com\/pt\/producto\/trotinete-smartgyro-crossover-dual-max-portugal\/","url":"https:\/\/360scooters.com\/pt\/producto\/trotinete-smartgyro-crossover-dual-max-portugal\/","name":"Trotinete smartGyro CROSSOVER DUAL MAX Portugal - 360Scooters Portugal","isPartOf":{"@id":"https:\/\/360scooters.com\/pt\/#website"},"primaryImageOfPage":{"@id":"https:\/\/360scooters.com\/pt\/producto\/trotinete-smartgyro-crossover-dual-max-portugal\/#primaryimage"},"image":{"@id":"https:\/\/360scooters.com\/pt\/producto\/trotinete-smartgyro-crossover-dual-max-portugal\/#primaryimage"},"thumbnailUrl":"https:\/\/360scooters.com\/pt\/wp-content\/uploads\/sites\/5\/2024\/04\/patinete-electrico-smartgyro-crossover-dual-max-certificado-3.jpg","datePublished":"2024-04-16T12:01:01+00:00","dateModified":"2024-10-19T11:38:41+00:00","breadcrumb":{"@id":"https:\/\/360scooters.com\/pt\/producto\/trotinete-smartgyro-crossover-dual-max-portugal\/#breadcrumb"},"inLanguage":"pt-PT","potentialAction":[{"@type":"ReadAction","target":["https:\/\/360scooters.com\/pt\/producto\/trotinete-smartgyro-crossover-dual-max-portugal\/"]}]},{"@type":"ImageObject","inLanguage":"pt-PT","@id":"https:\/\/360scooters.com\/pt\/producto\/trotinete-smartgyro-crossover-dual-max-portugal\/#primaryimage","url":"https:\/\/360scooters.com\/pt\/wp-content\/uploads\/sites\/5\/2024\/04\/patinete-electrico-smartgyro-crossover-dual-max-certificado-3.jpg","contentUrl":"https:\/\/360scooters.com\/pt\/wp-content\/uploads\/sites\/5\/2024\/04\/patinete-electrico-smartgyro-crossover-dual-max-certificado-3.jpg","width":1500,"height":1500},{"@type":"BreadcrumbList","@id":"https:\/\/360scooters.com\/pt\/producto\/trotinete-smartgyro-crossover-dual-max-portugal\/#breadcrumb","itemListElement":[{"@type":"ListItem","position":1,"name":"In\u00edcio","item":"https:\/\/360scooters.com\/pt\/"},{"@type":"ListItem","position":2,"name":"Produtos","item":"https:\/\/360scooters.com\/pt\/shop\/"},{"@type":"ListItem","position":3,"name":"Trotinete smartGyro CROSSOVER DUAL MAX Portugal"}]},{"@type":"WebSite","@id":"https:\/\/360scooters.com\/pt\/#website","url":"https:\/\/360scooters.com\/pt\/","name":"360Scooters Portugal","description":"","potentialAction":[{"@type":"SearchAction","target":{"@type":"EntryPoint","urlTemplate":"https:\/\/360scooters.com\/pt\/?s={search_term_string}"},"query-input":{"@type":"PropertyValueSpecification","valueRequired":true,"valueName":"search_term_string"}}],"inLanguage":"pt-PT"}]}},"_links":{"self":[{"href":"https:\/\/360scooters.com\/pt\/wp-json\/wp\/v2\/product\/5385","targetHints":{"allow":["GET"]}}],"collection":[{"href":"https:\/\/360scooters.com\/pt\/wp-json\/wp\/v2\/product"}],"about":[{"href":"https:\/\/360scooters.com\/pt\/wp-json\/wp\/v2\/types\/product"}],"replies":[{"embeddable":true,"href":"https:\/\/360scooters.com\/pt\/wp-json\/wp\/v2\/comments?post=5385"}],"version-history":[{"count":1,"href":"https:\/\/360scooters.com\/pt\/wp-json\/wp\/v2\/product\/5385\/revisions"}],"predecessor-version":[{"id":5663,"href":"https:\/\/360scooters.com\/pt\/wp-json\/wp\/v2\/product\/5385\/revisions\/5663"}],"wp:featuredmedia":[{"embeddable":true,"href":"https:\/\/360scooters.com\/pt\/wp-json\/wp\/v2\/media\/5452"}],"wp:attachment":[{"href":"https:\/\/360scooters.com\/pt\/wp-json\/wp\/v2\/media?parent=5385"}],"wp:term":[{"taxonomy":"product_brand","embeddable":true,"href":"https:\/\/360scooters.com\/pt\/wp-json\/wp\/v2\/product_brand?post=5385"},{"taxonomy":"product_cat","embeddable":true,"href":"https:\/\/360scooters.com\/pt\/wp-json\/wp\/v2\/product_cat?post=5385"},{"taxonomy":"product_tag","embeddable":true,"href":"https:\/\/360scooters.com\/pt\/wp-json\/wp\/v2\/product_tag?post=5385"}],"curies":[{"name":"wp","href":"https:\/\/api.w.org\/{rel}","templated":true}]}}