{"id":5384,"date":"2025-08-29T13:01:00","date_gmt":"2025-08-29T12:01:00","guid":{"rendered":"https:\/\/360scooters.com\/pt\/?post_type=product&#038;p=5384"},"modified":"2025-08-29T19:12:43","modified_gmt":"2025-08-29T18:12:43","slug":"trotinete-smartgyro-z-one-blue","status":"publish","type":"product","link":"https:\/\/360scooters.com\/pt\/producto\/trotinete-smartgyro-z-one-blue\/","title":{"rendered":"Trotinete smartGyro Z-One 2 Blue"},"content":{"rendered":"<h1><strong>Comprar trotinete smartGyro Z-One em Portugal<\/strong><\/h1>\n<p>O SmartGyro Z-One 2 Blue \u00e9 um trotinete el\u00e9trico leve, confort\u00e1vel e potente, tornando-o muito mais confort\u00e1vel em terrenos irregulares e estradas esburacadas.<\/p>\n<p>Com a tecnologia Core Inside: a inova\u00e7\u00e3o patenteada da Smartgyro que incorpora uma otimiza\u00e7\u00e3o avan\u00e7ada de hardware, concebida para maximizar o desempenho, a efici\u00eancia e a durabilidade dos nossos produtos.<\/p>\n<p>Descubra um trotinete el\u00e9trico emocionante: estilo, divers\u00e3o, dinamismo e mobilidade. O nosso trotinete el\u00e9trico combina um design moderno com um potente motor de 36 V e uma bateria de 8.000 mAh para garantir uma experi\u00eancia de condu\u00e7\u00e3o segura, din\u00e2mica e suave. Com luzes LED frontais, indicadores de mudan\u00e7a de dire\u00e7\u00e3o dianteiros localizados no guiador, luz de travagem traseira, trav\u00f5es de alta qualidade e uma estrutura muito leve, ideal para utilizar no metro ou autocarro. Este trotinete el\u00e9trico \u00e9 perfeito para adolescentes. Transforme os seus percursos di\u00e1rios numa aventura divertida!<\/p>\n<p>Uma nova forma de se deslocar e acompanh\u00e1-lo aonde quer que v\u00e1. Com as suas rodas pneum\u00e1ticas de 10&#8243; f\u00e1ceis de utilizar e a perfeita qualidade de rolamento, ir\u00e1 percorrer a cidade de forma econ\u00f3mica e ecol\u00f3gica. \u00c9 compat\u00edvel com uma aplica\u00e7\u00e3o que lhe permite visualizar a dist\u00e2ncia percorrida, a percentagem de carga, a quilometragem total e muitas outras caracter\u00edsticas, como o bloqueio remoto do trotinete.<\/p>\n<p>Caracter\u00edsticas do SmartGyro Z-One 2:<\/p>\n<ul>\n<li>Jantes pneum\u00e1ticas de 10&#8243; que absorvem todas as imperfei\u00e7\u00f5es da estrada para uma melhor condu\u00e7\u00e3o, maior conforto e seguran\u00e7a.<\/li>\n<li>Potente motor brushless de 36V, pot\u00eancia nominal de 350W (m\u00e1ximo de 400W) com acionamento direto (sem correntes ou correias), maior acelera\u00e7\u00e3o, zero manuten\u00e7\u00e3o e menos avarias.<\/li>\n<li>Sistema de cruise control CCS.<\/li>\n<li>SmartCore: Bloqueio por APP e NFC atrav\u00e9s de cart\u00e3o (1 cart\u00e3o inclu\u00eddo).<\/li>\n<li>Regenera\u00e7\u00e3o de energia: Com o trav\u00e3o eletr\u00f3nico integrado, aproveita a in\u00e9rcia da travagem e a bateria \u00e9 carregada gra\u00e7as \u00e0 energia cin\u00e9tica gerada pela travagem. Isto minimiza o desgaste dos trav\u00f5es, aumentando o alcance e reduzindo significativamente a dist\u00e2ncia de travagem, melhorando assim a seguran\u00e7a.<\/li>\n<li>Travagem tripla: trav\u00e3o dianteiro el\u00e9trico, trav\u00e3o de disco traseiro e travagem regenerativa. Com o inovador sistema de travagem &#8220;Regenera&#8221;, que opera pressionando a alavanca do trav\u00e3o el\u00e9trico independente, a energia da travagem \u00e9 convertida em eletricidade e armazenada na bateria do trotinete para utiliza\u00e7\u00e3o posterior.<\/li>\n<li>Atinge uma velocidade m\u00e1xima de 25 km\/h. 3 velocidades.<\/li>\n<li>Bateria de l\u00edtio BMS de 36 V \/ 8.000 mAh.<\/li>\n<li>Aplica\u00e7\u00e3o para telem\u00f3vel com sistema anti-roubo que permite bloquear a scooter remotamente, visualizar informa\u00e7\u00f5es do<\/li>\n<li>SmartGyro no telem\u00f3vel, ajustar o modo, a acumula\u00e7\u00e3o de quilometragem, a dist\u00e2ncia percorrida e o estado da bateria.<\/li>\n<li>Tempo m\u00e1ximo de carregamento: 4 horas.<\/li>\n<li>Permite uma autonomia at\u00e9 30 km (*pode variar consoante o peso da pessoa, tipo de carga, inclina\u00e7\u00e3o do percurso, etc.)<\/li>\n<li>Luzes: Luz de presen\u00e7a dianteira de alto brilho (4 LEDs), luzes LED na base que se projetam para o solo e uma luz de travagem traseira para que possa ser visto enquanto conduz.<\/li>\n<li>Piscas integrados em cada extremidade do guiador e na traseira.<\/li>\n<li>Visor frontal (conta-quil\u00f3metros parcial e total, mudan\u00e7as, veloc\u00edmetro, etc.)<\/li>\n<li>Punhos robustos e antiderrapantes.<\/li>\n<li>Quadro dobr\u00e1vel em alum\u00ednio com apoio lateral, base e guiador mais largos e longos para uma condu\u00e7\u00e3o mais confort\u00e1vel.<\/li>\n<li>Sistema de bloqueio 2.0 de \u00faltima gera\u00e7\u00e3o. Novo sistema de bloqueio com ajuste do mastro com dupla ancoragem que evita folgas e aumenta a seguran\u00e7a.<\/li>\n<li>Far\u00f3is com 4 potentes LEDs integrados num design moderno e luzes de presen\u00e7a. Ver\u00e1 melhor, mas tamb\u00e9m ser\u00e1 visto mais cedo por outros condutores.<\/li>\n<li>As luzes de cortesia azuis viradas para o solo aumentam a visibilidade de 360\u00ba para condutores e pe\u00f5es.<\/li>\n<li>Peso m\u00e1ximo permitido: at\u00e9 100 kg.<\/li>\n<li>Resist\u00eancia \u00e0 \u00e1gua IPX4: impermeabilidade standard, pode ser utilizada com chuva fraca.<\/li>\n<li>Medidas de seguran\u00e7a: Prote\u00e7\u00e3o contra sobrepress\u00e3o, baixa tens\u00e3o, curto-circuito e sobreaquecimento.<\/li>\n<li>Sistema e fun\u00e7\u00f5es inteligentes: Aplica\u00e7\u00e3o m\u00f3vel, pode visualizar as informa\u00e7\u00f5es do SmartGyro no seu telem\u00f3vel, incluindo o modo de configura\u00e7\u00e3o, quilometragem e dist\u00e2ncia, dist\u00e2ncia percorrida, estado da bateria, etc., e vem com uma fun\u00e7\u00e3o de bloqueio remoto.<\/li>\n<li>Desdobrado Dimens\u00f5es da scooter: 106 x 61 x 102,5 cm<\/li>\n<li>Dimens\u00f5es da trotineta dobrada: 106 x 61 x 50 cm<\/li>\n<li>Peso da scooter: 12,60 kg<\/li>\n<li>Tamanho da caixa: 110 x 53 x 16 cm<\/li>\n<\/ul>\n<p><em>Os dados obtidos podem variar em fun\u00e7\u00e3o da velocidade, do peso da pessoa e da carga do ve\u00edculo. Estas medi\u00e7\u00f5es foram obtidas com uma carga de 75 kg, 25\u00b0C e 60% da velocidade m\u00e1xima m\u00e9dia numa superf\u00edcie plana.<\/em><\/p>\n<p><em>Este scooter foi certificado para circula\u00e7\u00e3o de acordo com as normas em vigor. Para obter esta certifica\u00e7\u00e3o, foi submetido a rigorosos testes mec\u00e2nicos, el\u00e9tricos e din\u00e2micos. Qualquer modifica\u00e7\u00e3o na scooter, incluindo a instala\u00e7\u00e3o de componentes n\u00e3o originais, tais como baterias adicionais, controladores n\u00e3o originais, etc., n\u00e3o s\u00f3 anular\u00e1 a garantia, como tamb\u00e9m isentar\u00e1 o fabricante de responsabilidade por potenciais acidentes, seja em movimento ou em repouso. As modifica\u00e7\u00f5es no scooter, especialmente nos seus componentes el\u00e9tricos, acarretam um s\u00e9rio risco de inc\u00eandio, com potencial risco de pessoas e bens.<\/em><\/p>\n<p><em>O scooter el\u00e9trico requer manuten\u00e7\u00e3o com as devidas inspe\u00e7\u00f5es. \u00c9 essencial verificar periodicamente o ve\u00edculo quanto a folgas, pneus, aperto dos parafusos, etc.<\/em><br \/>\n<em>N\u00e3o deve ser utilizado se apresentar pe\u00e7as partidas, se a vida \u00fatil da bateria tiver diminu\u00eddo significativamente, se existirem fugas de ar nos pneus ou sinais de desgaste em qualquer uma das suas pe\u00e7as (pastilhas, alavancas, etc.) ou qualquer outro elemento que possa afetar a seguran\u00e7a.<\/em><br \/>\n<em>Nestes casos, e para uma manuten\u00e7\u00e3o adequada, o cliente deve sempre dirigir-se a uma Oficina Autorizada smartGyro.<\/em><\/p>\n<p><em>Em caso algum a smartGyro ser\u00e1 respons\u00e1vel por quaisquer defeitos ou danos que o produto possa apresentar devido a uma manuten\u00e7\u00e3o deficiente por parte do cliente ou \u00e0 falta da mesma.<\/em><\/p>\n<p><em>&#8220;As imagens s\u00e3o apenas para refer\u00eancia; as cores podem variar ligeiramente, dependendo da ilumina\u00e7\u00e3o, impress\u00e3o e\/ou defini\u00e7\u00f5es do ecr\u00e3.&#8221;<\/em><\/p>\n","protected":false},"excerpt":{"rendered":"<p><strong>Scooter el\u00e9trica com pot\u00eancia m\u00e1xima de 400W 36V, bateria de l\u00edtio de 8.000 mAh com autonomia at\u00e9 30 km, rodas pneum\u00e1ticas de 10&#8243;, trav\u00f5es triplos, indicadores de mudan\u00e7a de dire\u00e7\u00e3o e aplica\u00e7\u00e3o Smart Core: smartGyro Z-One 2 Blue.<\/strong><\/p>\n<table>\n<tbody>\n<tr>\n<td><strong>Pot\u00eancia nominal<\/strong><\/td>\n<td>350W<\/td>\n<\/tr>\n<tr>\n<td><strong>Bateria<\/strong><\/td>\n<td>36v \u2013 8Ah<\/td>\n<\/tr>\n<tr>\n<td><strong>Velocidade<\/strong><\/td>\n<td>At\u00e9 25 km\/h<\/td>\n<\/tr>\n<tr>\n<td><strong>Autonomia<\/strong><\/td>\n<td>At\u00e9 30km<\/td>\n<\/tr>\n<tr>\n<td><strong>Peso<\/strong><\/td>\n<td>13Kg<\/td>\n<\/tr>\n<tr>\n<td><strong>Tempo de carga<\/strong><\/td>\n<td>4H<\/td>\n<\/tr>\n<tr>\n<td><strong>Frenos<\/strong><\/td>\n<td>Freno de disco trasero<\/td>\n<\/tr>\n<\/tbody>\n<\/table>\n<h4><\/h4>\n","protected":false},"featured_media":6452,"comment_status":"open","ping_status":"closed","template":"","meta":{"_acf_changed":false},"product_brand":[],"product_cat":[47],"product_tag":[],"class_list":{"0":"post-5384","1":"product","2":"type-product","3":"status-publish","4":"has-post-thumbnail","6":"product_cat-gama-basica","7":"product_shipping_class-envio-de-scooters","9":"first","10":"onbackorder","11":"sale","12":"taxable","13":"shipping-taxable","14":"purchasable","15":"product-type-simple"},"acf":[],"yoast_head":"<!-- This site is optimized with the Yoast SEO plugin v26.9 - https:\/\/yoast.com\/product\/yoast-seo-wordpress\/ -->\n<title>Trotinete smartGyro Z-One 2 Blue - 360Scooters Portugal<\/title>\n<meta name=\"robots\" content=\"index, follow, max-snippet:-1, max-image-preview:large, max-video-preview:-1\" \/>\n<link rel=\"canonical\" href=\"https:\/\/360scooters.com\/pt\/producto\/trotinete-smartgyro-z-one-blue\/\" \/>\n<meta property=\"og:locale\" content=\"pt_PT\" \/>\n<meta property=\"og:type\" content=\"article\" \/>\n<meta property=\"og:title\" content=\"Trotinete smartGyro Z-One 2 Blue - 360Scooters Portugal\" \/>\n<meta property=\"og:description\" content=\"Scooter el\u00e9trica com pot\u00eancia m\u00e1xima de 400W 36V, bateria de l\u00edtio de 8.000 mAh com autonomia at\u00e9 30 km, rodas pneum\u00e1ticas de 10&quot;, trav\u00f5es triplos, indicadores de mudan\u00e7a de dire\u00e7\u00e3o e aplica\u00e7\u00e3o Smart Core: smartGyro Z-One 2 Blue.    Pot\u00eancia nominal 350W   Bateria 36v \u2013 8Ah   Velocidade At\u00e9 25 km\/h   Autonomia At\u00e9 30km   Peso 13Kg   Tempo de carga 4H   Frenos Freno de disco trasero\" \/>\n<meta property=\"og:url\" content=\"https:\/\/360scooters.com\/pt\/producto\/trotinete-smartgyro-z-one-blue\/\" \/>\n<meta property=\"og:site_name\" content=\"360Scooters Portugal\" \/>\n<meta property=\"article:modified_time\" content=\"2025-08-29T18:12:43+00:00\" \/>\n<meta property=\"og:image\" content=\"https:\/\/360scooters.com\/pt\/wp-content\/uploads\/sites\/5\/2024\/04\/01-z-one2-gray-estudio-1.jpg\" \/>\n\t<meta property=\"og:image:width\" content=\"1500\" \/>\n\t<meta property=\"og:image:height\" content=\"1500\" \/>\n\t<meta property=\"og:image:type\" content=\"image\/jpeg\" \/>\n<meta name=\"twitter:card\" content=\"summary_large_image\" \/>\n<meta name=\"twitter:label1\" content=\"Tempo estimado de leitura\" \/>\n\t<meta name=\"twitter:data1\" content=\"6 minutos\" \/>\n<script type=\"application\/ld+json\" class=\"yoast-schema-graph\">{\"@context\":\"https:\/\/schema.org\",\"@graph\":[{\"@type\":\"WebPage\",\"@id\":\"https:\/\/360scooters.com\/pt\/producto\/trotinete-smartgyro-z-one-blue\/\",\"url\":\"https:\/\/360scooters.com\/pt\/producto\/trotinete-smartgyro-z-one-blue\/\",\"name\":\"Trotinete smartGyro Z-One 2 Blue - 360Scooters Portugal\",\"isPartOf\":{\"@id\":\"https:\/\/360scooters.com\/pt\/#website\"},\"primaryImageOfPage\":{\"@id\":\"https:\/\/360scooters.com\/pt\/producto\/trotinete-smartgyro-z-one-blue\/#primaryimage\"},\"image\":{\"@id\":\"https:\/\/360scooters.com\/pt\/producto\/trotinete-smartgyro-z-one-blue\/#primaryimage\"},\"thumbnailUrl\":\"https:\/\/360scooters.com\/pt\/wp-content\/uploads\/sites\/5\/2024\/04\/01-z-one2-gray-estudio-1.jpg\",\"datePublished\":\"2025-08-29T12:01:00+00:00\",\"dateModified\":\"2025-08-29T18:12:43+00:00\",\"breadcrumb\":{\"@id\":\"https:\/\/360scooters.com\/pt\/producto\/trotinete-smartgyro-z-one-blue\/#breadcrumb\"},\"inLanguage\":\"pt-PT\",\"potentialAction\":[{\"@type\":\"ReadAction\",\"target\":[\"https:\/\/360scooters.com\/pt\/producto\/trotinete-smartgyro-z-one-blue\/\"]}]},{\"@type\":\"ImageObject\",\"inLanguage\":\"pt-PT\",\"@id\":\"https:\/\/360scooters.com\/pt\/producto\/trotinete-smartgyro-z-one-blue\/#primaryimage\",\"url\":\"https:\/\/360scooters.com\/pt\/wp-content\/uploads\/sites\/5\/2024\/04\/01-z-one2-gray-estudio-1.jpg\",\"contentUrl\":\"https:\/\/360scooters.com\/pt\/wp-content\/uploads\/sites\/5\/2024\/04\/01-z-one2-gray-estudio-1.jpg\",\"width\":1500,\"height\":1500,\"caption\":\"Trotinete smartGyro Z-One 2 Blue\"},{\"@type\":\"BreadcrumbList\",\"@id\":\"https:\/\/360scooters.com\/pt\/producto\/trotinete-smartgyro-z-one-blue\/#breadcrumb\",\"itemListElement\":[{\"@type\":\"ListItem\",\"position\":1,\"name\":\"In\u00edcio\",\"item\":\"https:\/\/360scooters.com\/pt\/\"},{\"@type\":\"ListItem\",\"position\":2,\"name\":\"Produtos\",\"item\":\"https:\/\/360scooters.com\/pt\/shop\/\"},{\"@type\":\"ListItem\",\"position\":3,\"name\":\"Trotinete smartGyro Z-One 2 Blue\"}]},{\"@type\":\"WebSite\",\"@id\":\"https:\/\/360scooters.com\/pt\/#website\",\"url\":\"https:\/\/360scooters.com\/pt\/\",\"name\":\"360Scooters Portugal\",\"description\":\"\",\"potentialAction\":[{\"@type\":\"SearchAction\",\"target\":{\"@type\":\"EntryPoint\",\"urlTemplate\":\"https:\/\/360scooters.com\/pt\/?s={search_term_string}\"},\"query-input\":{\"@type\":\"PropertyValueSpecification\",\"valueRequired\":true,\"valueName\":\"search_term_string\"}}],\"inLanguage\":\"pt-PT\"}]}<\/script>\n<!-- \/ Yoast SEO plugin. -->","yoast_head_json":{"title":"Trotinete smartGyro Z-One 2 Blue - 360Scooters Portugal","robots":{"index":"index","follow":"follow","max-snippet":"max-snippet:-1","max-image-preview":"max-image-preview:large","max-video-preview":"max-video-preview:-1"},"canonical":"https:\/\/360scooters.com\/pt\/producto\/trotinete-smartgyro-z-one-blue\/","og_locale":"pt_PT","og_type":"article","og_title":"Trotinete smartGyro Z-One 2 Blue - 360Scooters Portugal","og_description":"Scooter el\u00e9trica com pot\u00eancia m\u00e1xima de 400W 36V, bateria de l\u00edtio de 8.000 mAh com autonomia at\u00e9 30 km, rodas pneum\u00e1ticas de 10\", trav\u00f5es triplos, indicadores de mudan\u00e7a de dire\u00e7\u00e3o e aplica\u00e7\u00e3o Smart Core: smartGyro Z-One 2 Blue.    Pot\u00eancia nominal 350W   Bateria 36v \u2013 8Ah   Velocidade At\u00e9 25 km\/h   Autonomia At\u00e9 30km   Peso 13Kg   Tempo de carga 4H   Frenos Freno de disco trasero","og_url":"https:\/\/360scooters.com\/pt\/producto\/trotinete-smartgyro-z-one-blue\/","og_site_name":"360Scooters Portugal","article_modified_time":"2025-08-29T18:12:43+00:00","og_image":[{"width":1500,"height":1500,"url":"https:\/\/360scooters.com\/pt\/wp-content\/uploads\/sites\/5\/2024\/04\/01-z-one2-gray-estudio-1.jpg","type":"image\/jpeg"}],"twitter_card":"summary_large_image","twitter_misc":{"Tempo estimado de leitura":"6 minutos"},"schema":{"@context":"https:\/\/schema.org","@graph":[{"@type":"WebPage","@id":"https:\/\/360scooters.com\/pt\/producto\/trotinete-smartgyro-z-one-blue\/","url":"https:\/\/360scooters.com\/pt\/producto\/trotinete-smartgyro-z-one-blue\/","name":"Trotinete smartGyro Z-One 2 Blue - 360Scooters Portugal","isPartOf":{"@id":"https:\/\/360scooters.com\/pt\/#website"},"primaryImageOfPage":{"@id":"https:\/\/360scooters.com\/pt\/producto\/trotinete-smartgyro-z-one-blue\/#primaryimage"},"image":{"@id":"https:\/\/360scooters.com\/pt\/producto\/trotinete-smartgyro-z-one-blue\/#primaryimage"},"thumbnailUrl":"https:\/\/360scooters.com\/pt\/wp-content\/uploads\/sites\/5\/2024\/04\/01-z-one2-gray-estudio-1.jpg","datePublished":"2025-08-29T12:01:00+00:00","dateModified":"2025-08-29T18:12:43+00:00","breadcrumb":{"@id":"https:\/\/360scooters.com\/pt\/producto\/trotinete-smartgyro-z-one-blue\/#breadcrumb"},"inLanguage":"pt-PT","potentialAction":[{"@type":"ReadAction","target":["https:\/\/360scooters.com\/pt\/producto\/trotinete-smartgyro-z-one-blue\/"]}]},{"@type":"ImageObject","inLanguage":"pt-PT","@id":"https:\/\/360scooters.com\/pt\/producto\/trotinete-smartgyro-z-one-blue\/#primaryimage","url":"https:\/\/360scooters.com\/pt\/wp-content\/uploads\/sites\/5\/2024\/04\/01-z-one2-gray-estudio-1.jpg","contentUrl":"https:\/\/360scooters.com\/pt\/wp-content\/uploads\/sites\/5\/2024\/04\/01-z-one2-gray-estudio-1.jpg","width":1500,"height":1500,"caption":"Trotinete smartGyro Z-One 2 Blue"},{"@type":"BreadcrumbList","@id":"https:\/\/360scooters.com\/pt\/producto\/trotinete-smartgyro-z-one-blue\/#breadcrumb","itemListElement":[{"@type":"ListItem","position":1,"name":"In\u00edcio","item":"https:\/\/360scooters.com\/pt\/"},{"@type":"ListItem","position":2,"name":"Produtos","item":"https:\/\/360scooters.com\/pt\/shop\/"},{"@type":"ListItem","position":3,"name":"Trotinete smartGyro Z-One 2 Blue"}]},{"@type":"WebSite","@id":"https:\/\/360scooters.com\/pt\/#website","url":"https:\/\/360scooters.com\/pt\/","name":"360Scooters Portugal","description":"","potentialAction":[{"@type":"SearchAction","target":{"@type":"EntryPoint","urlTemplate":"https:\/\/360scooters.com\/pt\/?s={search_term_string}"},"query-input":{"@type":"PropertyValueSpecification","valueRequired":true,"valueName":"search_term_string"}}],"inLanguage":"pt-PT"}]}},"_links":{"self":[{"href":"https:\/\/360scooters.com\/pt\/wp-json\/wp\/v2\/product\/5384","targetHints":{"allow":["GET"]}}],"collection":[{"href":"https:\/\/360scooters.com\/pt\/wp-json\/wp\/v2\/product"}],"about":[{"href":"https:\/\/360scooters.com\/pt\/wp-json\/wp\/v2\/types\/product"}],"replies":[{"embeddable":true,"href":"https:\/\/360scooters.com\/pt\/wp-json\/wp\/v2\/comments?post=5384"}],"version-history":[{"count":2,"href":"https:\/\/360scooters.com\/pt\/wp-json\/wp\/v2\/product\/5384\/revisions"}],"predecessor-version":[{"id":6476,"href":"https:\/\/360scooters.com\/pt\/wp-json\/wp\/v2\/product\/5384\/revisions\/6476"}],"wp:featuredmedia":[{"embeddable":true,"href":"https:\/\/360scooters.com\/pt\/wp-json\/wp\/v2\/media\/6452"}],"wp:attachment":[{"href":"https:\/\/360scooters.com\/pt\/wp-json\/wp\/v2\/media?parent=5384"}],"wp:term":[{"taxonomy":"product_brand","embeddable":true,"href":"https:\/\/360scooters.com\/pt\/wp-json\/wp\/v2\/product_brand?post=5384"},{"taxonomy":"product_cat","embeddable":true,"href":"https:\/\/360scooters.com\/pt\/wp-json\/wp\/v2\/product_cat?post=5384"},{"taxonomy":"product_tag","embeddable":true,"href":"https:\/\/360scooters.com\/pt\/wp-json\/wp\/v2\/product_tag?post=5384"}],"curies":[{"name":"wp","href":"https:\/\/api.w.org\/{rel}","templated":true}]}}