{"id":5378,"date":"2024-04-16T13:01:00","date_gmt":"2024-04-16T12:01:00","guid":{"rendered":"https:\/\/360scooters.com\/pt\/?post_type=product&#038;p=5378"},"modified":"2025-06-07T05:40:59","modified_gmt":"2025-06-07T04:40:59","slug":"trotinete-zwheel-zcougar-plus-portugal","status":"publish","type":"product","link":"https:\/\/360scooters.com\/pt\/producto\/trotinete-zwheel-zcougar-plus-portugal\/","title":{"rendered":"Trotinete Zwheel ZCougar Plus Portugal"},"content":{"rendered":"<h1><strong>Comprar trotinete Zwheel ZCougar Plus em Portugal<\/strong><\/h1>\n<p><strong>Novo design<\/strong><\/p>\n<p>O ZCougar T8 \u00e9 o nosso \u00faltimo lan\u00e7amento nos modelos topo de gama. \u00c9 uma scooter el\u00e9trica mais resistente, robusta e segura. Possui um motor de 800 W, tornando as viagens mais confort\u00e1veis \u200b\u200be seguras.<\/p>\n<p><strong>Alta fiabilidade e seguran\u00e7a<\/strong><\/p>\n<p>Jantes Offroad de 10\u201d ultra-resistentes e de elevada fiabilidade com uma autonomia m\u00e1xima de at\u00e9 30km com uma \u00fanica carga gra\u00e7as \u00e0 sua bateria de 20Ah. Velocidade aprovada at\u00e9 25km\/h em conformidade com a legisla\u00e7\u00e3o em vigor. Modelo camale\u00e3o, adapta-se a todo o tipo de superf\u00edcies.<\/p>\n<p><strong>Conforto e tranquilidade<\/strong><\/p>\n<p>Este modelo possui duplo amortecimento, tanto dianteiro como traseiro. Al\u00e9m de trav\u00f5es dianteiros e traseiros que nos dar\u00e3o tranquilidade em caso de algum imprevisto. Isto proporciona-nos suavidade e conforto ao conduzir.Gra\u00e7as ao seu trav\u00e3o de disco duplo, a travagem ser\u00e1 muito mais segura.<\/p>\n<table>\n<tbody>\n<tr>\n<td>Potencia<\/td>\n<td>800W<\/td>\n<\/tr>\n<tr>\n<td>Bater\u00eda<\/td>\n<td>20Ah\/48V<\/td>\n<\/tr>\n<tr>\n<td>Autonom\u00eda<\/td>\n<td>Hasta 60km*<\/td>\n<\/tr>\n<tr>\n<td>Capacidad de carga recomendada<\/td>\n<td>Hasta 120kg<\/td>\n<\/tr>\n<tr>\n<td>Tipo Rueda<\/td>\n<td>Off-road tubeless<\/td>\n<\/tr>\n<tr>\n<td>Tama\u00f1o Rueda<\/td>\n<td>10&#8242;<\/td>\n<\/tr>\n<tr>\n<td>Suspensi\u00f3n<\/td>\n<td>\u2714Dual<\/td>\n<\/tr>\n<tr>\n<td>Tracci\u00f3n<\/td>\n<td>Trasera<\/td>\n<\/tr>\n<tr>\n<td>Intermitentes<\/td>\n<td>\u2714<\/td>\n<\/tr>\n<tr>\n<td>Claxon<\/td>\n<td>\u2714<\/td>\n<\/tr>\n<tr>\n<td>Freno<\/td>\n<td>Disco Dual<\/td>\n<\/tr>\n<tr>\n<td>Tiempo de carga<\/td>\n<td>5-7h<\/td>\n<\/tr>\n<tr>\n<td>APP<\/td>\n<td>\u2714<\/td>\n<\/tr>\n<tr>\n<td>Peso neto<\/td>\n<td>26kg<\/td>\n<\/tr>\n<tr>\n<td>Dimensi\u00f3n neta<\/td>\n<td>105*44*104 cm<\/td>\n<\/tr>\n<tr>\n<td>Dimensi\u00f3n montada<\/td>\n<td>130*128*65 cm<\/td>\n<\/tr>\n<tr>\n<td>Material chasi<\/td>\n<td>Aluminio<\/td>\n<\/tr>\n<\/tbody>\n<\/table>\n","protected":false},"excerpt":{"rendered":"<div id=\"product-description-short-665\" class=\"rte-content product-description\">\n<p><strong>Uma scooter el\u00e9trica todo-o-terreno r\u00e1pida, s\u00f3lida e segura que combina pot\u00eancia, velocidade, autonomia, seguran\u00e7a e conforto para as suas viagens, tamb\u00e9m com um design mais desportivo. Utilize-o para viagens de longa dist\u00e2ncia. Compat\u00edvel com APP.<\/strong><\/p>\n<\/div>\n<div class=\"product-actions js-product-actions\">\n<form id=\"add-to-cart-or-refresh\" action=\"https:\/\/zwheel-shop.com\/carrito\" method=\"post\">\n<div class=\"product-variants js-product-variants\"><\/div>\n<\/form>\n<\/div>\n","protected":false},"featured_media":5408,"comment_status":"open","ping_status":"closed","template":"","meta":{"_acf_changed":false},"product_brand":[],"product_cat":[49],"product_tag":[],"class_list":{"0":"post-5378","1":"product","2":"type-product","3":"status-publish","4":"has-post-thumbnail","6":"product_cat-gama-elite","7":"product_shipping_class-envio-de-scooters","9":"first","10":"outofstock","11":"taxable","12":"shipping-taxable","13":"purchasable","14":"product-type-simple"},"acf":[],"yoast_head":"<!-- This site is optimized with the Yoast SEO plugin v26.9 - https:\/\/yoast.com\/product\/yoast-seo-wordpress\/ -->\n<title>Trotinete Zwheel ZCougar Plus Portugal - 360Scooters Portugal<\/title>\n<meta name=\"robots\" content=\"index, follow, max-snippet:-1, max-image-preview:large, max-video-preview:-1\" \/>\n<link rel=\"canonical\" href=\"https:\/\/360scooters.com\/pt\/producto\/trotinete-zwheel-zcougar-plus-portugal\/\" \/>\n<meta property=\"og:locale\" content=\"pt_PT\" \/>\n<meta property=\"og:type\" content=\"article\" \/>\n<meta property=\"og:title\" content=\"Trotinete Zwheel ZCougar Plus Portugal - 360Scooters Portugal\" \/>\n<meta property=\"og:description\" content=\"Uma scooter el\u00e9trica todo-o-terreno r\u00e1pida, s\u00f3lida e segura que combina pot\u00eancia, velocidade, autonomia, seguran\u00e7a e conforto para as suas viagens, tamb\u00e9m com um design mais desportivo. Utilize-o para viagens de longa dist\u00e2ncia. Compat\u00edvel com APP.\" \/>\n<meta property=\"og:url\" content=\"https:\/\/360scooters.com\/pt\/producto\/trotinete-zwheel-zcougar-plus-portugal\/\" \/>\n<meta property=\"og:site_name\" content=\"360Scooters Portugal\" \/>\n<meta property=\"article:modified_time\" content=\"2025-06-07T04:40:59+00:00\" \/>\n<meta property=\"og:image\" content=\"https:\/\/360scooters.com\/pt\/wp-content\/uploads\/sites\/5\/2024\/04\/zcougar-plus-con-app.jpg\" \/>\n\t<meta property=\"og:image:width\" content=\"1422\" \/>\n\t<meta property=\"og:image:height\" content=\"1422\" \/>\n\t<meta property=\"og:image:type\" content=\"image\/jpeg\" \/>\n<meta name=\"twitter:card\" content=\"summary_large_image\" \/>\n<meta name=\"twitter:label1\" content=\"Tempo estimado de leitura\" \/>\n\t<meta name=\"twitter:data1\" content=\"2 minutos\" \/>\n<script type=\"application\/ld+json\" class=\"yoast-schema-graph\">{\"@context\":\"https:\/\/schema.org\",\"@graph\":[{\"@type\":\"WebPage\",\"@id\":\"https:\/\/360scooters.com\/pt\/producto\/trotinete-zwheel-zcougar-plus-portugal\/\",\"url\":\"https:\/\/360scooters.com\/pt\/producto\/trotinete-zwheel-zcougar-plus-portugal\/\",\"name\":\"Trotinete Zwheel ZCougar Plus Portugal - 360Scooters Portugal\",\"isPartOf\":{\"@id\":\"https:\/\/360scooters.com\/pt\/#website\"},\"primaryImageOfPage\":{\"@id\":\"https:\/\/360scooters.com\/pt\/producto\/trotinete-zwheel-zcougar-plus-portugal\/#primaryimage\"},\"image\":{\"@id\":\"https:\/\/360scooters.com\/pt\/producto\/trotinete-zwheel-zcougar-plus-portugal\/#primaryimage\"},\"thumbnailUrl\":\"https:\/\/360scooters.com\/pt\/wp-content\/uploads\/sites\/5\/2024\/04\/zcougar-plus-con-app.jpg\",\"datePublished\":\"2024-04-16T12:01:00+00:00\",\"dateModified\":\"2025-06-07T04:40:59+00:00\",\"breadcrumb\":{\"@id\":\"https:\/\/360scooters.com\/pt\/producto\/trotinete-zwheel-zcougar-plus-portugal\/#breadcrumb\"},\"inLanguage\":\"pt-PT\",\"potentialAction\":[{\"@type\":\"ReadAction\",\"target\":[\"https:\/\/360scooters.com\/pt\/producto\/trotinete-zwheel-zcougar-plus-portugal\/\"]}]},{\"@type\":\"ImageObject\",\"inLanguage\":\"pt-PT\",\"@id\":\"https:\/\/360scooters.com\/pt\/producto\/trotinete-zwheel-zcougar-plus-portugal\/#primaryimage\",\"url\":\"https:\/\/360scooters.com\/pt\/wp-content\/uploads\/sites\/5\/2024\/04\/zcougar-plus-con-app.jpg\",\"contentUrl\":\"https:\/\/360scooters.com\/pt\/wp-content\/uploads\/sites\/5\/2024\/04\/zcougar-plus-con-app.jpg\",\"width\":1422,\"height\":1422},{\"@type\":\"BreadcrumbList\",\"@id\":\"https:\/\/360scooters.com\/pt\/producto\/trotinete-zwheel-zcougar-plus-portugal\/#breadcrumb\",\"itemListElement\":[{\"@type\":\"ListItem\",\"position\":1,\"name\":\"In\u00edcio\",\"item\":\"https:\/\/360scooters.com\/pt\/\"},{\"@type\":\"ListItem\",\"position\":2,\"name\":\"Produtos\",\"item\":\"https:\/\/360scooters.com\/pt\/shop\/\"},{\"@type\":\"ListItem\",\"position\":3,\"name\":\"Trotinete Zwheel ZCougar Plus Portugal\"}]},{\"@type\":\"WebSite\",\"@id\":\"https:\/\/360scooters.com\/pt\/#website\",\"url\":\"https:\/\/360scooters.com\/pt\/\",\"name\":\"360Scooters Portugal\",\"description\":\"\",\"potentialAction\":[{\"@type\":\"SearchAction\",\"target\":{\"@type\":\"EntryPoint\",\"urlTemplate\":\"https:\/\/360scooters.com\/pt\/?s={search_term_string}\"},\"query-input\":{\"@type\":\"PropertyValueSpecification\",\"valueRequired\":true,\"valueName\":\"search_term_string\"}}],\"inLanguage\":\"pt-PT\"}]}<\/script>\n<!-- \/ Yoast SEO plugin. -->","yoast_head_json":{"title":"Trotinete Zwheel ZCougar Plus Portugal - 360Scooters Portugal","robots":{"index":"index","follow":"follow","max-snippet":"max-snippet:-1","max-image-preview":"max-image-preview:large","max-video-preview":"max-video-preview:-1"},"canonical":"https:\/\/360scooters.com\/pt\/producto\/trotinete-zwheel-zcougar-plus-portugal\/","og_locale":"pt_PT","og_type":"article","og_title":"Trotinete Zwheel ZCougar Plus Portugal - 360Scooters Portugal","og_description":"Uma scooter el\u00e9trica todo-o-terreno r\u00e1pida, s\u00f3lida e segura que combina pot\u00eancia, velocidade, autonomia, seguran\u00e7a e conforto para as suas viagens, tamb\u00e9m com um design mais desportivo. Utilize-o para viagens de longa dist\u00e2ncia. Compat\u00edvel com APP.","og_url":"https:\/\/360scooters.com\/pt\/producto\/trotinete-zwheel-zcougar-plus-portugal\/","og_site_name":"360Scooters Portugal","article_modified_time":"2025-06-07T04:40:59+00:00","og_image":[{"width":1422,"height":1422,"url":"https:\/\/360scooters.com\/pt\/wp-content\/uploads\/sites\/5\/2024\/04\/zcougar-plus-con-app.jpg","type":"image\/jpeg"}],"twitter_card":"summary_large_image","twitter_misc":{"Tempo estimado de leitura":"2 minutos"},"schema":{"@context":"https:\/\/schema.org","@graph":[{"@type":"WebPage","@id":"https:\/\/360scooters.com\/pt\/producto\/trotinete-zwheel-zcougar-plus-portugal\/","url":"https:\/\/360scooters.com\/pt\/producto\/trotinete-zwheel-zcougar-plus-portugal\/","name":"Trotinete Zwheel ZCougar Plus Portugal - 360Scooters Portugal","isPartOf":{"@id":"https:\/\/360scooters.com\/pt\/#website"},"primaryImageOfPage":{"@id":"https:\/\/360scooters.com\/pt\/producto\/trotinete-zwheel-zcougar-plus-portugal\/#primaryimage"},"image":{"@id":"https:\/\/360scooters.com\/pt\/producto\/trotinete-zwheel-zcougar-plus-portugal\/#primaryimage"},"thumbnailUrl":"https:\/\/360scooters.com\/pt\/wp-content\/uploads\/sites\/5\/2024\/04\/zcougar-plus-con-app.jpg","datePublished":"2024-04-16T12:01:00+00:00","dateModified":"2025-06-07T04:40:59+00:00","breadcrumb":{"@id":"https:\/\/360scooters.com\/pt\/producto\/trotinete-zwheel-zcougar-plus-portugal\/#breadcrumb"},"inLanguage":"pt-PT","potentialAction":[{"@type":"ReadAction","target":["https:\/\/360scooters.com\/pt\/producto\/trotinete-zwheel-zcougar-plus-portugal\/"]}]},{"@type":"ImageObject","inLanguage":"pt-PT","@id":"https:\/\/360scooters.com\/pt\/producto\/trotinete-zwheel-zcougar-plus-portugal\/#primaryimage","url":"https:\/\/360scooters.com\/pt\/wp-content\/uploads\/sites\/5\/2024\/04\/zcougar-plus-con-app.jpg","contentUrl":"https:\/\/360scooters.com\/pt\/wp-content\/uploads\/sites\/5\/2024\/04\/zcougar-plus-con-app.jpg","width":1422,"height":1422},{"@type":"BreadcrumbList","@id":"https:\/\/360scooters.com\/pt\/producto\/trotinete-zwheel-zcougar-plus-portugal\/#breadcrumb","itemListElement":[{"@type":"ListItem","position":1,"name":"In\u00edcio","item":"https:\/\/360scooters.com\/pt\/"},{"@type":"ListItem","position":2,"name":"Produtos","item":"https:\/\/360scooters.com\/pt\/shop\/"},{"@type":"ListItem","position":3,"name":"Trotinete Zwheel ZCougar Plus Portugal"}]},{"@type":"WebSite","@id":"https:\/\/360scooters.com\/pt\/#website","url":"https:\/\/360scooters.com\/pt\/","name":"360Scooters Portugal","description":"","potentialAction":[{"@type":"SearchAction","target":{"@type":"EntryPoint","urlTemplate":"https:\/\/360scooters.com\/pt\/?s={search_term_string}"},"query-input":{"@type":"PropertyValueSpecification","valueRequired":true,"valueName":"search_term_string"}}],"inLanguage":"pt-PT"}]}},"_links":{"self":[{"href":"https:\/\/360scooters.com\/pt\/wp-json\/wp\/v2\/product\/5378","targetHints":{"allow":["GET"]}}],"collection":[{"href":"https:\/\/360scooters.com\/pt\/wp-json\/wp\/v2\/product"}],"about":[{"href":"https:\/\/360scooters.com\/pt\/wp-json\/wp\/v2\/types\/product"}],"replies":[{"embeddable":true,"href":"https:\/\/360scooters.com\/pt\/wp-json\/wp\/v2\/comments?post=5378"}],"version-history":[{"count":1,"href":"https:\/\/360scooters.com\/pt\/wp-json\/wp\/v2\/product\/5378\/revisions"}],"predecessor-version":[{"id":5646,"href":"https:\/\/360scooters.com\/pt\/wp-json\/wp\/v2\/product\/5378\/revisions\/5646"}],"wp:featuredmedia":[{"embeddable":true,"href":"https:\/\/360scooters.com\/pt\/wp-json\/wp\/v2\/media\/5408"}],"wp:attachment":[{"href":"https:\/\/360scooters.com\/pt\/wp-json\/wp\/v2\/media?parent=5378"}],"wp:term":[{"taxonomy":"product_brand","embeddable":true,"href":"https:\/\/360scooters.com\/pt\/wp-json\/wp\/v2\/product_brand?post=5378"},{"taxonomy":"product_cat","embeddable":true,"href":"https:\/\/360scooters.com\/pt\/wp-json\/wp\/v2\/product_cat?post=5378"},{"taxonomy":"product_tag","embeddable":true,"href":"https:\/\/360scooters.com\/pt\/wp-json\/wp\/v2\/product_tag?post=5378"}],"curies":[{"name":"wp","href":"https:\/\/api.w.org\/{rel}","templated":true}]}}