{"id":994,"date":"2020-04-10T12:32:04","date_gmt":"2020-04-10T10:32:04","guid":{"rendered":"https:\/\/360scooters.com\/ic\/?post_type=product&#038;p=994"},"modified":"2024-04-10T13:02:27","modified_gmt":"2024-04-10T11:02:27","slug":"instalacion-monorim-delantera-en-xiaomi","status":"publish","type":"product","link":"https:\/\/360scooters.com\/ic\/producto\/instalacion-monorim-delantera-en-xiaomi\/","title":{"rendered":"Instalaci\u00f3n Monorim Delantera en Xiaomi"},"content":{"rendered":"<h2>SUSPENSI\u00d3N MONORIM v4 PATINETE\u00a0 XIAOMI M365, PRO, PRO 2 1S , ESSENTIAL Y OTROS MARCA MONORIM .<\/h2>\n<p>La suspensi\u00f3n Patinete Xiaomi Monorim es sin duda la referencia en el mercado de las amortiguaciones de tu pat\u00edn el\u00e9ctrico.<\/p>\n<h3>Amortiguador Monorim v4 M365, M365 PRO, Mi Electric Scooter 1S , Mi Electric Scooter Pro 2 y Essential.<\/h3>\n","protected":false},"excerpt":{"rendered":"<p>No dejes que los baches frenen tu patinete el\u00e9ctrico.\u00a0<strong>Amortiguador para tu patinete el\u00e9ctrico Xiaomi<\/strong>, con este amortiguador para patinete el\u00e9ctrico podr\u00e1s adentrarte en cualquier terreno con total comodidad. Estos amortiguadores para patinete el\u00e9ctrico son ultrarresistentes, creados con aluminio de primera calidad con una gran densidad y fuerza estructural. La nueva suspensi\u00f3n para patinete el\u00e9ctrico de\u00a0<strong>Monorim<\/strong>\u00a0viene a solucionar todos los problemas de movilidad, se instala en la rueda motriz, es decir en la rueda delantera y es compatible con\u00a0<strong>Xiaomi M365, PRO, PRO2, 1S, Essential<\/strong>\u00a0y similares.<\/p>\n","protected":false},"featured_media":995,"comment_status":"open","ping_status":"closed","template":"","meta":[],"product_brand":[],"product_cat":[153],"product_tag":[],"class_list":{"0":"post-994","1":"product","2":"type-product","3":"status-publish","4":"has-post-thumbnail","6":"product_cat-tienda-reparaciones","8":"first","9":"instock","10":"sale","11":"taxable","12":"shipping-taxable","13":"product-type-external"},"yoast_head":"<!-- This site is optimized with the Yoast SEO plugin v26.9 - https:\/\/yoast.com\/product\/yoast-seo-wordpress\/ -->\n<title>Instalaci\u00f3n Monorim Delantera en Xiaomi - 360Scooters | Venta y reparaci\u00f3n de patinetes el\u00e9ctricos en Canarias<\/title>\n<meta name=\"robots\" content=\"index, follow, max-snippet:-1, max-image-preview:large, max-video-preview:-1\" \/>\n<link rel=\"canonical\" href=\"https:\/\/360scooters.com\/ic\/producto\/instalacion-monorim-delantera-en-xiaomi\/\" \/>\n<meta property=\"og:locale\" content=\"es_ES\" \/>\n<meta property=\"og:type\" content=\"article\" \/>\n<meta property=\"og:title\" content=\"Instalaci\u00f3n Monorim Delantera en Xiaomi - 360Scooters | Venta y reparaci\u00f3n de patinetes el\u00e9ctricos en Canarias\" \/>\n<meta property=\"og:description\" content=\"No dejes que los baches frenen tu patinete el\u00e9ctrico.\u00a0Amortiguador para tu patinete el\u00e9ctrico Xiaomi, con este amortiguador para patinete el\u00e9ctrico podr\u00e1s adentrarte en cualquier terreno con total comodidad. Estos amortiguadores para patinete el\u00e9ctrico son ultrarresistentes, creados con aluminio de primera calidad con una gran densidad y fuerza estructural. La nueva suspensi\u00f3n para patinete el\u00e9ctrico de\u00a0Monorim\u00a0viene a solucionar todos los problemas de movilidad, se instala en la rueda motriz, es decir en la rueda delantera y es compatible con\u00a0Xiaomi M365, PRO, PRO2, 1S, Essential\u00a0y similares.\" \/>\n<meta property=\"og:url\" content=\"https:\/\/360scooters.com\/ic\/producto\/instalacion-monorim-delantera-en-xiaomi\/\" \/>\n<meta property=\"og:site_name\" content=\"360Scooters | Venta y reparaci\u00f3n de patinetes el\u00e9ctricos en Canarias\" \/>\n<meta property=\"article:modified_time\" content=\"2024-04-10T11:02:27+00:00\" \/>\n<meta property=\"og:image\" content=\"https:\/\/360scooters.com\/ic\/wp-content\/uploads\/sites\/3\/2024\/04\/suspension_minorim_myurbanscoot.jpg\" \/>\n\t<meta property=\"og:image:width\" content=\"1080\" \/>\n\t<meta property=\"og:image:height\" content=\"1080\" \/>\n\t<meta property=\"og:image:type\" content=\"image\/jpeg\" \/>\n<meta name=\"twitter:card\" content=\"summary_large_image\" \/>\n<meta name=\"twitter:label1\" content=\"Tiempo de lectura\" \/>\n\t<meta name=\"twitter:data1\" content=\"1 minuto\" \/>\n<script type=\"application\/ld+json\" class=\"yoast-schema-graph\">{\"@context\":\"https:\/\/schema.org\",\"@graph\":[{\"@type\":\"WebPage\",\"@id\":\"https:\/\/360scooters.com\/ic\/producto\/instalacion-monorim-delantera-en-xiaomi\/\",\"url\":\"https:\/\/360scooters.com\/ic\/producto\/instalacion-monorim-delantera-en-xiaomi\/\",\"name\":\"Instalaci\u00f3n Monorim Delantera en Xiaomi - 360Scooters | Venta y reparaci\u00f3n de patinetes el\u00e9ctricos en Canarias\",\"isPartOf\":{\"@id\":\"https:\/\/360scooters.com\/ic\/#website\"},\"primaryImageOfPage\":{\"@id\":\"https:\/\/360scooters.com\/ic\/producto\/instalacion-monorim-delantera-en-xiaomi\/#primaryimage\"},\"image\":{\"@id\":\"https:\/\/360scooters.com\/ic\/producto\/instalacion-monorim-delantera-en-xiaomi\/#primaryimage\"},\"thumbnailUrl\":\"https:\/\/360scooters.com\/ic\/wp-content\/uploads\/sites\/3\/2024\/04\/suspension_minorim_myurbanscoot.jpg\",\"datePublished\":\"2020-04-10T10:32:04+00:00\",\"dateModified\":\"2024-04-10T11:02:27+00:00\",\"breadcrumb\":{\"@id\":\"https:\/\/360scooters.com\/ic\/producto\/instalacion-monorim-delantera-en-xiaomi\/#breadcrumb\"},\"inLanguage\":\"es\",\"potentialAction\":[{\"@type\":\"ReadAction\",\"target\":[\"https:\/\/360scooters.com\/ic\/producto\/instalacion-monorim-delantera-en-xiaomi\/\"]}]},{\"@type\":\"ImageObject\",\"inLanguage\":\"es\",\"@id\":\"https:\/\/360scooters.com\/ic\/producto\/instalacion-monorim-delantera-en-xiaomi\/#primaryimage\",\"url\":\"https:\/\/360scooters.com\/ic\/wp-content\/uploads\/sites\/3\/2024\/04\/suspension_minorim_myurbanscoot.jpg\",\"contentUrl\":\"https:\/\/360scooters.com\/ic\/wp-content\/uploads\/sites\/3\/2024\/04\/suspension_minorim_myurbanscoot.jpg\",\"width\":1080,\"height\":1080},{\"@type\":\"BreadcrumbList\",\"@id\":\"https:\/\/360scooters.com\/ic\/producto\/instalacion-monorim-delantera-en-xiaomi\/#breadcrumb\",\"itemListElement\":[{\"@type\":\"ListItem\",\"position\":1,\"name\":\"Portada\",\"item\":\"https:\/\/360scooters.com\/ic\/\"},{\"@type\":\"ListItem\",\"position\":2,\"name\":\"Tienda\",\"item\":\"https:\/\/360scooters.com\/ic\/tienda\/\"},{\"@type\":\"ListItem\",\"position\":3,\"name\":\"Instalaci\u00f3n Monorim Delantera en Xiaomi\"}]},{\"@type\":\"WebSite\",\"@id\":\"https:\/\/360scooters.com\/ic\/#website\",\"url\":\"https:\/\/360scooters.com\/ic\/\",\"name\":\"360Scooters | Venta y reparaci\u00f3n de patinetes el\u00e9ctricos en Canarias\",\"description\":\"\",\"potentialAction\":[{\"@type\":\"SearchAction\",\"target\":{\"@type\":\"EntryPoint\",\"urlTemplate\":\"https:\/\/360scooters.com\/ic\/?s={search_term_string}\"},\"query-input\":{\"@type\":\"PropertyValueSpecification\",\"valueRequired\":true,\"valueName\":\"search_term_string\"}}],\"inLanguage\":\"es\"}]}<\/script>\n<!-- \/ Yoast SEO plugin. -->","yoast_head_json":{"title":"Instalaci\u00f3n Monorim Delantera en Xiaomi - 360Scooters | Venta y reparaci\u00f3n de patinetes el\u00e9ctricos en Canarias","robots":{"index":"index","follow":"follow","max-snippet":"max-snippet:-1","max-image-preview":"max-image-preview:large","max-video-preview":"max-video-preview:-1"},"canonical":"https:\/\/360scooters.com\/ic\/producto\/instalacion-monorim-delantera-en-xiaomi\/","og_locale":"es_ES","og_type":"article","og_title":"Instalaci\u00f3n Monorim Delantera en Xiaomi - 360Scooters | Venta y reparaci\u00f3n de patinetes el\u00e9ctricos en Canarias","og_description":"No dejes que los baches frenen tu patinete el\u00e9ctrico.\u00a0Amortiguador para tu patinete el\u00e9ctrico Xiaomi, con este amortiguador para patinete el\u00e9ctrico podr\u00e1s adentrarte en cualquier terreno con total comodidad. Estos amortiguadores para patinete el\u00e9ctrico son ultrarresistentes, creados con aluminio de primera calidad con una gran densidad y fuerza estructural. La nueva suspensi\u00f3n para patinete el\u00e9ctrico de\u00a0Monorim\u00a0viene a solucionar todos los problemas de movilidad, se instala en la rueda motriz, es decir en la rueda delantera y es compatible con\u00a0Xiaomi M365, PRO, PRO2, 1S, Essential\u00a0y similares.","og_url":"https:\/\/360scooters.com\/ic\/producto\/instalacion-monorim-delantera-en-xiaomi\/","og_site_name":"360Scooters | Venta y reparaci\u00f3n de patinetes el\u00e9ctricos en Canarias","article_modified_time":"2024-04-10T11:02:27+00:00","og_image":[{"width":1080,"height":1080,"url":"https:\/\/360scooters.com\/ic\/wp-content\/uploads\/sites\/3\/2024\/04\/suspension_minorim_myurbanscoot.jpg","type":"image\/jpeg"}],"twitter_card":"summary_large_image","twitter_misc":{"Tiempo de lectura":"1 minuto"},"schema":{"@context":"https:\/\/schema.org","@graph":[{"@type":"WebPage","@id":"https:\/\/360scooters.com\/ic\/producto\/instalacion-monorim-delantera-en-xiaomi\/","url":"https:\/\/360scooters.com\/ic\/producto\/instalacion-monorim-delantera-en-xiaomi\/","name":"Instalaci\u00f3n Monorim Delantera en Xiaomi - 360Scooters | Venta y reparaci\u00f3n de patinetes el\u00e9ctricos en Canarias","isPartOf":{"@id":"https:\/\/360scooters.com\/ic\/#website"},"primaryImageOfPage":{"@id":"https:\/\/360scooters.com\/ic\/producto\/instalacion-monorim-delantera-en-xiaomi\/#primaryimage"},"image":{"@id":"https:\/\/360scooters.com\/ic\/producto\/instalacion-monorim-delantera-en-xiaomi\/#primaryimage"},"thumbnailUrl":"https:\/\/360scooters.com\/ic\/wp-content\/uploads\/sites\/3\/2024\/04\/suspension_minorim_myurbanscoot.jpg","datePublished":"2020-04-10T10:32:04+00:00","dateModified":"2024-04-10T11:02:27+00:00","breadcrumb":{"@id":"https:\/\/360scooters.com\/ic\/producto\/instalacion-monorim-delantera-en-xiaomi\/#breadcrumb"},"inLanguage":"es","potentialAction":[{"@type":"ReadAction","target":["https:\/\/360scooters.com\/ic\/producto\/instalacion-monorim-delantera-en-xiaomi\/"]}]},{"@type":"ImageObject","inLanguage":"es","@id":"https:\/\/360scooters.com\/ic\/producto\/instalacion-monorim-delantera-en-xiaomi\/#primaryimage","url":"https:\/\/360scooters.com\/ic\/wp-content\/uploads\/sites\/3\/2024\/04\/suspension_minorim_myurbanscoot.jpg","contentUrl":"https:\/\/360scooters.com\/ic\/wp-content\/uploads\/sites\/3\/2024\/04\/suspension_minorim_myurbanscoot.jpg","width":1080,"height":1080},{"@type":"BreadcrumbList","@id":"https:\/\/360scooters.com\/ic\/producto\/instalacion-monorim-delantera-en-xiaomi\/#breadcrumb","itemListElement":[{"@type":"ListItem","position":1,"name":"Portada","item":"https:\/\/360scooters.com\/ic\/"},{"@type":"ListItem","position":2,"name":"Tienda","item":"https:\/\/360scooters.com\/ic\/tienda\/"},{"@type":"ListItem","position":3,"name":"Instalaci\u00f3n Monorim Delantera en Xiaomi"}]},{"@type":"WebSite","@id":"https:\/\/360scooters.com\/ic\/#website","url":"https:\/\/360scooters.com\/ic\/","name":"360Scooters | Venta y reparaci\u00f3n de patinetes el\u00e9ctricos en Canarias","description":"","potentialAction":[{"@type":"SearchAction","target":{"@type":"EntryPoint","urlTemplate":"https:\/\/360scooters.com\/ic\/?s={search_term_string}"},"query-input":{"@type":"PropertyValueSpecification","valueRequired":true,"valueName":"search_term_string"}}],"inLanguage":"es"}]}},"_links":{"self":[{"href":"https:\/\/360scooters.com\/ic\/wp-json\/wp\/v2\/product\/994","targetHints":{"allow":["GET"]}}],"collection":[{"href":"https:\/\/360scooters.com\/ic\/wp-json\/wp\/v2\/product"}],"about":[{"href":"https:\/\/360scooters.com\/ic\/wp-json\/wp\/v2\/types\/product"}],"replies":[{"embeddable":true,"href":"https:\/\/360scooters.com\/ic\/wp-json\/wp\/v2\/comments?post=994"}],"wp:featuredmedia":[{"embeddable":true,"href":"https:\/\/360scooters.com\/ic\/wp-json\/wp\/v2\/media\/995"}],"wp:attachment":[{"href":"https:\/\/360scooters.com\/ic\/wp-json\/wp\/v2\/media?parent=994"}],"wp:term":[{"taxonomy":"product_brand","embeddable":true,"href":"https:\/\/360scooters.com\/ic\/wp-json\/wp\/v2\/product_brand?post=994"},{"taxonomy":"product_cat","embeddable":true,"href":"https:\/\/360scooters.com\/ic\/wp-json\/wp\/v2\/product_cat?post=994"},{"taxonomy":"product_tag","embeddable":true,"href":"https:\/\/360scooters.com\/ic\/wp-json\/wp\/v2\/product_tag?post=994"}],"curies":[{"name":"wp","href":"https:\/\/api.w.org\/{rel}","templated":true}]}}