{"id":3065,"date":"2025-09-23T20:14:10","date_gmt":"2025-09-23T18:14:10","guid":{"rendered":"https:\/\/360scooters.com\/ic\/?post_type=product&#038;p=3065"},"modified":"2025-09-23T20:15:46","modified_gmt":"2025-09-23T18:15:46","slug":"patinete-electrico-smartgyro-crossover-dual-max-2-lr","status":"publish","type":"product","link":"https:\/\/360scooters.com\/ic\/producto\/patinete-electrico-smartgyro-crossover-dual-max-2-lr\/","title":{"rendered":"Patinete el\u00e9ctrico smartGyro CROSSOVER DUAL MAX 2 LR"},"content":{"rendered":"<p><strong>Descubre el patinete el\u00e9ctrico Homologado SmartGyro CrossOver Dual Max 2 LR: Innovaci\u00f3n en Movilidad El\u00e9ctrica.<\/strong><\/p>\n<p><strong>Con tecnolog\u00eda Core Inside: Innovaci\u00f3n patentada por Smartgyro que incorpora una optimizaci\u00f3n avanzada del hardware, dise\u00f1ada para maximizar el rendimiento, la eficiencia y la durabilidad de nuestros productos.<br \/>\n<\/strong><\/p>\n<p><strong>El nuevo Crossover Dual Max 2 LR, incorpora una llave electr\u00f3nica que, al acercarla al display, env\u00eda una se\u00f1al para desbloquearlo y encender la pantalla, permitiendo su uso de manera muy segura y totalmente personalizada. Est\u00e1 tecnolog\u00eda es muy dif\u00edcil de replicar, lo que protege contra accesos no autorizados. Nadie podr\u00e1 coger el pat\u00edn sin esto. Nadie podr\u00e1 hacer funcionar el pat\u00edn si el usuario no lo desea.<\/strong><\/p>\n<p><strong>Con Tracci\u00f3n Total:<\/strong>\u00a0Equipado con\u00a0<strong>dos motores de 500W 48V<\/strong>\u00a0de potencia nominal, el CrossOver Dual Max 2 ofrece una impresionante potencia en conjunto de 1000W y una potencia m\u00e1xima de 2800W, adem\u00e1s, su motor delantero es desconectable para mejorar la autonom\u00eda y la experiencia de conducci\u00f3n.<\/p>\n<p>Gracias a su doble suspensi\u00f3n delantera y trasera, ruedas neum\u00e1ticas All Road de 10&#8243;, y frenos de disco tanto en la rueda delantera como en la trasera, el CrossOver Dual Max 2 es capaz de conquistar todo tipo de terrenos.<\/p>\n<p>Adem\u00e1s,\u00a0<strong>su bater\u00eda de 18.000 mAh y 48V ofrece una eficiencia y estabilidad excepcionales, disfrutar\u00e1s de una autonom\u00eda impresionante de hasta 60 km.<\/strong><\/p>\n<p>Si buscas un veh\u00edculo el\u00e9ctrico de alta calidad con un rendimiento excepcional, el SmartGyro CrossOver Dual Max es la elecci\u00f3n perfecta para ti.<\/p>\n<p>&nbsp;<\/p>\n<p><strong>Caracter\u00edsticas de smartgyro Dual Max 2 LR:<\/strong><\/p>\n<ul>\n<li><strong>2 motores con potencia nominal de 500W 48V cada uno.<\/strong><\/li>\n<li><strong>SmartCore: APP y bloqueo por NFC mediante tarjetas (2 tarjetas incluidas)<br \/>\n<\/strong><\/li>\n<li><strong>Controladoras inteligentes dise\u00f1adas para optimizar autonom\u00eda y fuerza del motor Adaptan la potencia seg\u00fan la elecci\u00f3n de uno o dos motores, marcando un hito en eficiencia tecnol\u00f3gica. En el caso de seleccionar solo un motor, la potencia de ese motor ser\u00e1 de 700w.<\/strong><\/li>\n<li><strong>Bater\u00eda de litio eficiente y estable de 18.000 mAh, autonom\u00eda de hasta 70 kms.<\/strong><\/li>\n<li><strong>Tiempo de carga m\u00e1xima de 8 horas.<\/strong><\/li>\n<li><strong>Ruedas neum\u00e1ticas Tubeless Dual Grip de 10&#8243;<\/strong>\u00a0resistentes y estables preparadas para circular por todo tipo de terrenos.<\/li>\n<li><strong>Velocidad m\u00e1xima de 25 kms por hora. 3 velocidades.<\/strong><\/li>\n<li><strong>Incorpora freno delantero y trasero de disco.<\/strong><\/li>\n<li>Con triple frenada:\u00a0<strong>Freno de disco delantero, de disco trasero y frenada regenerativa.<\/strong><\/li>\n<li><strong>Sistema de cierre 2.0 de nueva generaci\u00f3n. Nuevo sistema de plegado con doble anclaje de ajuste del m\u00e1stil que evita holgura y aumenta la seguridad.<\/strong><\/li>\n<li><strong>Intermitentes delanteros y traseros<\/strong>\u00a0que podr\u00e1s activarlos desde el manillar<\/li>\n<li>Luces: Foco frontal de alta luminosidad, intermitentes, leds ambientales en la base y luz de freno trasera para que te vean mientras circulas.<\/li>\n<li><strong>APP para tel\u00e9fono m\u00f3vil con sistema antirrobo<\/strong>\u00a0con el que podr\u00e1s bloquear el pat\u00edn a distancia, ver informaci\u00f3n del SmartGyro en el m\u00f3vil, modo de ajuste, acumulaci\u00f3n de kil\u00f3metros, distancia recorrida, estado de la bater\u00eda, etc<\/li>\n<li>Resistencia al agua IPX4<\/li>\n<li>Medidas de seguridad: Protecci\u00f3n contra sobrepresi\u00f3n, bajo voltaje, cortocircuito y sobrecalentamiento.<\/li>\n<li>Doble suspensi\u00f3n delantera y trasera.<\/li>\n<li>Tama\u00f1o del scooter sin plegar: 114*64*128 cm<\/li>\n<li>Tama\u00f1o del scooter plegado: 114*64*54,5 cm<\/li>\n<li>Peso del scooter: 30 kg<\/li>\n<li>Tama\u00f1o de la caja: 118,5*25,7*57 cm<\/li>\n<li>Patinete el\u00e9ctrico Homologado por la DGT con placa identificativa. Cumple con los requisitos de la nueva normativa de circulaci\u00f3n.<\/li>\n<\/ul>\n<p>Los datos obtenidos pueden variar dependiendo de la velocidad, peso de la persona y carga de la unidad. Estas mediciones se han obtenido con 75 kg de carga, 25\u00baC y a un 60% de velocidad m\u00e1xima promedio en superficie plana.<\/p>\n<p>Patinete el\u00e9ctrico Homologado por la DGT con placa identificativa. Cumple con los requisitos de la nueva normativa de circulaci\u00f3n.<\/p>\n<p>Este pat\u00edn ha sido certificado para su circulaci\u00f3n conforme a las normativas vigentes. Para obtener dicha certificaci\u00f3n se ha sometido a exhaustivos ensayos mec\u00e1nicos, el\u00e9ctricos y din\u00e1micos. Cualquier modificaci\u00f3n \u00a0del pat\u00edn, instalaci\u00f3n de elementos no originales, tales como bater\u00edas suplementarias, controladoras no originales, etc. conllevar\u00e1, no solo la p\u00e9rdida de garant\u00eda, si no tambi\u00e9n la descarga de responsabilidad del fabricante frente a posibles accidentes ocurridos tanto circulando como en reposo. La modificaci\u00f3n del pat\u00edn, especialmente en su parte el\u00e9ctrica, conlleva serio riesgo de incendio con el consiguiente peligro para las personas y las cosas.<\/p>\n<p>El patinete el\u00e9ctrico necesita de un mantenimiento con sus correspondientes revisiones. Es imprescindible la verificaci\u00f3n peri\u00f3dica de holguras, neum\u00e1ticos, ajustes de tornillos, etc.<br \/>\nNo debe ser utilizado si tiene piezas rotas, si la duraci\u00f3n de la bater\u00eda ha disminuido considerablemente, si hay fugas de aire en los neum\u00e1ticos o con signos de desgaste en cualquiera de sus piezas (pastillas, manetas, etc.) o en cualquier otro elemento que pueda afectar a la seguridad.<br \/>\nEn estos casos, y para un correcto mantenimiento, el cliente siempre debe acudir a un Taller Oficial smartGyro.<br \/>\n<em>\u00a0<\/em><br \/>\n<em>En ning\u00fan caso, smartGyro ser\u00e1 responsable de aquellos defectos o da\u00f1os que el producto pudiera tener debido a un defectuoso mantenimiento por parte del cliente o falta del mismo.<\/em><\/p>\n<p><em>\u201cLas im\u00e1genes son referenciales, los colores pueden variar ligeramente dependiendo de la luz, impresi\u00f3n y\/o configuraci\u00f3n de pantalla\u201d.<\/em><\/p>\n","protected":false},"excerpt":{"rendered":"<h4><img decoding=\"async\" class=\"alignnone size-full wp-image-2974\" src=\"https:\/\/360scooters.com\/ic\/wp-content\/uploads\/sites\/3\/2025\/08\/VEHICULO-NO-CERTIFICADO-POR-LA-DGT-5.png\" alt=\"\" width=\"584\" height=\"84\" srcset=\"https:\/\/360scooters.com\/ic\/wp-content\/uploads\/sites\/3\/2025\/08\/VEHICULO-NO-CERTIFICADO-POR-LA-DGT-5.png 584w, https:\/\/360scooters.com\/ic\/wp-content\/uploads\/sites\/3\/2025\/08\/VEHICULO-NO-CERTIFICADO-POR-LA-DGT-5-300x43.png 300w, https:\/\/360scooters.com\/ic\/wp-content\/uploads\/sites\/3\/2025\/08\/VEHICULO-NO-CERTIFICADO-POR-LA-DGT-5-128x18.png 128w\" sizes=\"(max-width: 584px) 100vw, 584px\" \/><\/h4>\n<p><strong>Patinete el\u00e9ctrico certificado con una potencia m\u00e1xima de 2800W con 2 motores de 500W 48V, bater\u00eda de litio de 18.000 mAh con hasta 70 km de autonom\u00eda, ruedas de 10&#8243; neum\u00e1ticas\u00a0tubeless, suspensi\u00f3n delantera y trasera, triple frenada, intermitentes y APP compatible Smart Core.<\/strong><\/p>\n<table>\n<tbody>\n<tr>\n<td><strong>Potencia nominal<br \/>\n<\/strong><\/td>\n<td>2x500W<\/td>\n<\/tr>\n<tr>\n<td><strong>Potencia total<br \/>\n<\/strong><\/td>\n<td>1000W<\/td>\n<\/tr>\n<tr>\n<td><strong>Bater\u00eda<\/strong><\/td>\n<td>48v \u2013 18Ah<\/td>\n<\/tr>\n<tr>\n<td><strong>Velocidad<\/strong><\/td>\n<td>Hasta 25km\/h<\/td>\n<\/tr>\n<tr>\n<td><strong>Autonom\u00eda<\/strong><\/td>\n<td>Hasta 70km<\/td>\n<\/tr>\n<tr>\n<td><strong>Peso<\/strong><\/td>\n<td>28 Kg<\/td>\n<\/tr>\n<tr>\n<td><strong>Tiempo de carga<\/strong><\/td>\n<td>8-10 H<\/td>\n<\/tr>\n<tr>\n<td><strong>Frenos<\/strong><\/td>\n<td>Freno de disco trasero y delantero y E-ABS<\/td>\n<\/tr>\n<\/tbody>\n<\/table>\n<p><em>*Los precios, ofertas y promociones reflejados en esta web son exclusivos para compras online.<\/em><\/p>\n","protected":false},"featured_media":2931,"comment_status":"open","ping_status":"closed","template":"","meta":[],"product_brand":[],"product_cat":[242],"product_tag":[],"class_list":{"0":"post-3065","1":"product","2":"type-product","3":"status-publish","4":"has-post-thumbnail","6":"product_cat-gama-premium","8":"first","9":"instock","10":"taxable","11":"shipping-taxable","12":"purchasable","13":"product-type-simple"},"yoast_head":"<!-- This site is optimized with the Yoast SEO plugin v26.9 - https:\/\/yoast.com\/product\/yoast-seo-wordpress\/ -->\n<title>Patinete el\u00e9ctrico smartGyro CROSSOVER DUAL MAX 2 LR - 360Scooters | Venta y reparaci\u00f3n de patinetes el\u00e9ctricos en Canarias<\/title>\n<meta name=\"robots\" content=\"index, follow, max-snippet:-1, max-image-preview:large, max-video-preview:-1\" \/>\n<link rel=\"canonical\" href=\"https:\/\/360scooters.com\/ic\/producto\/patinete-electrico-smartgyro-crossover-dual-max-2-lr\/\" \/>\n<meta property=\"og:locale\" content=\"es_ES\" \/>\n<meta property=\"og:type\" content=\"article\" \/>\n<meta property=\"og:title\" content=\"Patinete el\u00e9ctrico smartGyro CROSSOVER DUAL MAX 2 LR - 360Scooters | Venta y reparaci\u00f3n de patinetes el\u00e9ctricos en Canarias\" \/>\n<meta property=\"og:description\" content=\"Patinete el\u00e9ctrico certificado con una potencia m\u00e1xima de 2800W con 2 motores de 500W 48V, bater\u00eda de litio de 18.000 mAh con hasta 70 km de autonom\u00eda, ruedas de 10&quot; neum\u00e1ticas\u00a0tubeless, suspensi\u00f3n delantera y trasera, triple frenada, intermitentes y APP compatible Smart Core.    Potencia nominal  2x500W   Potencia total  1000W   Bater\u00eda 48v \u2013 18Ah   Velocidad Hasta 25km\/h   Autonom\u00eda Hasta 70km   Peso 28 Kg   Tiempo de carga 8-10 H   Frenos Freno de disco trasero y delantero y E-ABS    *Los precios, ofertas y promociones reflejados en esta web son exclusivos para compras online.\" \/>\n<meta property=\"og:url\" content=\"https:\/\/360scooters.com\/ic\/producto\/patinete-electrico-smartgyro-crossover-dual-max-2-lr\/\" \/>\n<meta property=\"og:site_name\" content=\"360Scooters | Venta y reparaci\u00f3n de patinetes el\u00e9ctricos en Canarias\" \/>\n<meta property=\"article:modified_time\" content=\"2025-09-23T18:15:46+00:00\" \/>\n<meta property=\"og:image\" content=\"https:\/\/360scooters.com\/ic\/wp-content\/uploads\/sites\/3\/2025\/08\/patinete-electrico-smartgyro-crossover-dual-max-2-certificado-7-1.jpg\" \/>\n\t<meta property=\"og:image:width\" content=\"1500\" \/>\n\t<meta property=\"og:image:height\" content=\"1500\" \/>\n\t<meta property=\"og:image:type\" content=\"image\/jpeg\" \/>\n<meta name=\"twitter:card\" content=\"summary_large_image\" \/>\n<meta name=\"twitter:label1\" content=\"Tiempo de lectura\" \/>\n\t<meta name=\"twitter:data1\" content=\"5 minutos\" \/>\n<script type=\"application\/ld+json\" class=\"yoast-schema-graph\">{\"@context\":\"https:\/\/schema.org\",\"@graph\":[{\"@type\":\"WebPage\",\"@id\":\"https:\/\/360scooters.com\/ic\/producto\/patinete-electrico-smartgyro-crossover-dual-max-2-lr\/\",\"url\":\"https:\/\/360scooters.com\/ic\/producto\/patinete-electrico-smartgyro-crossover-dual-max-2-lr\/\",\"name\":\"Patinete el\u00e9ctrico smartGyro CROSSOVER DUAL MAX 2 LR - 360Scooters | Venta y reparaci\u00f3n de patinetes el\u00e9ctricos en Canarias\",\"isPartOf\":{\"@id\":\"https:\/\/360scooters.com\/ic\/#website\"},\"primaryImageOfPage\":{\"@id\":\"https:\/\/360scooters.com\/ic\/producto\/patinete-electrico-smartgyro-crossover-dual-max-2-lr\/#primaryimage\"},\"image\":{\"@id\":\"https:\/\/360scooters.com\/ic\/producto\/patinete-electrico-smartgyro-crossover-dual-max-2-lr\/#primaryimage\"},\"thumbnailUrl\":\"https:\/\/360scooters.com\/ic\/wp-content\/uploads\/sites\/3\/2025\/08\/patinete-electrico-smartgyro-crossover-dual-max-2-certificado-7-1.jpg\",\"datePublished\":\"2025-09-23T18:14:10+00:00\",\"dateModified\":\"2025-09-23T18:15:46+00:00\",\"breadcrumb\":{\"@id\":\"https:\/\/360scooters.com\/ic\/producto\/patinete-electrico-smartgyro-crossover-dual-max-2-lr\/#breadcrumb\"},\"inLanguage\":\"es\",\"potentialAction\":[{\"@type\":\"ReadAction\",\"target\":[\"https:\/\/360scooters.com\/ic\/producto\/patinete-electrico-smartgyro-crossover-dual-max-2-lr\/\"]}]},{\"@type\":\"ImageObject\",\"inLanguage\":\"es\",\"@id\":\"https:\/\/360scooters.com\/ic\/producto\/patinete-electrico-smartgyro-crossover-dual-max-2-lr\/#primaryimage\",\"url\":\"https:\/\/360scooters.com\/ic\/wp-content\/uploads\/sites\/3\/2025\/08\/patinete-electrico-smartgyro-crossover-dual-max-2-certificado-7-1.jpg\",\"contentUrl\":\"https:\/\/360scooters.com\/ic\/wp-content\/uploads\/sites\/3\/2025\/08\/patinete-electrico-smartgyro-crossover-dual-max-2-certificado-7-1.jpg\",\"width\":1500,\"height\":1500,\"caption\":\"Patinete el\u00e9ctrico smartGyro CROSSOVER DUAL MAX 2\"},{\"@type\":\"BreadcrumbList\",\"@id\":\"https:\/\/360scooters.com\/ic\/producto\/patinete-electrico-smartgyro-crossover-dual-max-2-lr\/#breadcrumb\",\"itemListElement\":[{\"@type\":\"ListItem\",\"position\":1,\"name\":\"Portada\",\"item\":\"https:\/\/360scooters.com\/ic\/\"},{\"@type\":\"ListItem\",\"position\":2,\"name\":\"Tienda\",\"item\":\"https:\/\/360scooters.com\/ic\/tienda\/\"},{\"@type\":\"ListItem\",\"position\":3,\"name\":\"Patinete el\u00e9ctrico smartGyro CROSSOVER DUAL MAX 2 LR\"}]},{\"@type\":\"WebSite\",\"@id\":\"https:\/\/360scooters.com\/ic\/#website\",\"url\":\"https:\/\/360scooters.com\/ic\/\",\"name\":\"360Scooters | Venta y reparaci\u00f3n de patinetes el\u00e9ctricos en Canarias\",\"description\":\"\",\"potentialAction\":[{\"@type\":\"SearchAction\",\"target\":{\"@type\":\"EntryPoint\",\"urlTemplate\":\"https:\/\/360scooters.com\/ic\/?s={search_term_string}\"},\"query-input\":{\"@type\":\"PropertyValueSpecification\",\"valueRequired\":true,\"valueName\":\"search_term_string\"}}],\"inLanguage\":\"es\"}]}<\/script>\n<!-- \/ Yoast SEO plugin. -->","yoast_head_json":{"title":"Patinete el\u00e9ctrico smartGyro CROSSOVER DUAL MAX 2 LR - 360Scooters | Venta y reparaci\u00f3n de patinetes el\u00e9ctricos en Canarias","robots":{"index":"index","follow":"follow","max-snippet":"max-snippet:-1","max-image-preview":"max-image-preview:large","max-video-preview":"max-video-preview:-1"},"canonical":"https:\/\/360scooters.com\/ic\/producto\/patinete-electrico-smartgyro-crossover-dual-max-2-lr\/","og_locale":"es_ES","og_type":"article","og_title":"Patinete el\u00e9ctrico smartGyro CROSSOVER DUAL MAX 2 LR - 360Scooters | Venta y reparaci\u00f3n de patinetes el\u00e9ctricos en Canarias","og_description":"Patinete el\u00e9ctrico certificado con una potencia m\u00e1xima de 2800W con 2 motores de 500W 48V, bater\u00eda de litio de 18.000 mAh con hasta 70 km de autonom\u00eda, ruedas de 10\" neum\u00e1ticas\u00a0tubeless, suspensi\u00f3n delantera y trasera, triple frenada, intermitentes y APP compatible Smart Core.    Potencia nominal  2x500W   Potencia total  1000W   Bater\u00eda 48v \u2013 18Ah   Velocidad Hasta 25km\/h   Autonom\u00eda Hasta 70km   Peso 28 Kg   Tiempo de carga 8-10 H   Frenos Freno de disco trasero y delantero y E-ABS    *Los precios, ofertas y promociones reflejados en esta web son exclusivos para compras online.","og_url":"https:\/\/360scooters.com\/ic\/producto\/patinete-electrico-smartgyro-crossover-dual-max-2-lr\/","og_site_name":"360Scooters | Venta y reparaci\u00f3n de patinetes el\u00e9ctricos en Canarias","article_modified_time":"2025-09-23T18:15:46+00:00","og_image":[{"width":1500,"height":1500,"url":"https:\/\/360scooters.com\/ic\/wp-content\/uploads\/sites\/3\/2025\/08\/patinete-electrico-smartgyro-crossover-dual-max-2-certificado-7-1.jpg","type":"image\/jpeg"}],"twitter_card":"summary_large_image","twitter_misc":{"Tiempo de lectura":"5 minutos"},"schema":{"@context":"https:\/\/schema.org","@graph":[{"@type":"WebPage","@id":"https:\/\/360scooters.com\/ic\/producto\/patinete-electrico-smartgyro-crossover-dual-max-2-lr\/","url":"https:\/\/360scooters.com\/ic\/producto\/patinete-electrico-smartgyro-crossover-dual-max-2-lr\/","name":"Patinete el\u00e9ctrico smartGyro CROSSOVER DUAL MAX 2 LR - 360Scooters | Venta y reparaci\u00f3n de patinetes el\u00e9ctricos en Canarias","isPartOf":{"@id":"https:\/\/360scooters.com\/ic\/#website"},"primaryImageOfPage":{"@id":"https:\/\/360scooters.com\/ic\/producto\/patinete-electrico-smartgyro-crossover-dual-max-2-lr\/#primaryimage"},"image":{"@id":"https:\/\/360scooters.com\/ic\/producto\/patinete-electrico-smartgyro-crossover-dual-max-2-lr\/#primaryimage"},"thumbnailUrl":"https:\/\/360scooters.com\/ic\/wp-content\/uploads\/sites\/3\/2025\/08\/patinete-electrico-smartgyro-crossover-dual-max-2-certificado-7-1.jpg","datePublished":"2025-09-23T18:14:10+00:00","dateModified":"2025-09-23T18:15:46+00:00","breadcrumb":{"@id":"https:\/\/360scooters.com\/ic\/producto\/patinete-electrico-smartgyro-crossover-dual-max-2-lr\/#breadcrumb"},"inLanguage":"es","potentialAction":[{"@type":"ReadAction","target":["https:\/\/360scooters.com\/ic\/producto\/patinete-electrico-smartgyro-crossover-dual-max-2-lr\/"]}]},{"@type":"ImageObject","inLanguage":"es","@id":"https:\/\/360scooters.com\/ic\/producto\/patinete-electrico-smartgyro-crossover-dual-max-2-lr\/#primaryimage","url":"https:\/\/360scooters.com\/ic\/wp-content\/uploads\/sites\/3\/2025\/08\/patinete-electrico-smartgyro-crossover-dual-max-2-certificado-7-1.jpg","contentUrl":"https:\/\/360scooters.com\/ic\/wp-content\/uploads\/sites\/3\/2025\/08\/patinete-electrico-smartgyro-crossover-dual-max-2-certificado-7-1.jpg","width":1500,"height":1500,"caption":"Patinete el\u00e9ctrico smartGyro CROSSOVER DUAL MAX 2"},{"@type":"BreadcrumbList","@id":"https:\/\/360scooters.com\/ic\/producto\/patinete-electrico-smartgyro-crossover-dual-max-2-lr\/#breadcrumb","itemListElement":[{"@type":"ListItem","position":1,"name":"Portada","item":"https:\/\/360scooters.com\/ic\/"},{"@type":"ListItem","position":2,"name":"Tienda","item":"https:\/\/360scooters.com\/ic\/tienda\/"},{"@type":"ListItem","position":3,"name":"Patinete el\u00e9ctrico smartGyro CROSSOVER DUAL MAX 2 LR"}]},{"@type":"WebSite","@id":"https:\/\/360scooters.com\/ic\/#website","url":"https:\/\/360scooters.com\/ic\/","name":"360Scooters | Venta y reparaci\u00f3n de patinetes el\u00e9ctricos en Canarias","description":"","potentialAction":[{"@type":"SearchAction","target":{"@type":"EntryPoint","urlTemplate":"https:\/\/360scooters.com\/ic\/?s={search_term_string}"},"query-input":{"@type":"PropertyValueSpecification","valueRequired":true,"valueName":"search_term_string"}}],"inLanguage":"es"}]}},"_links":{"self":[{"href":"https:\/\/360scooters.com\/ic\/wp-json\/wp\/v2\/product\/3065","targetHints":{"allow":["GET"]}}],"collection":[{"href":"https:\/\/360scooters.com\/ic\/wp-json\/wp\/v2\/product"}],"about":[{"href":"https:\/\/360scooters.com\/ic\/wp-json\/wp\/v2\/types\/product"}],"replies":[{"embeddable":true,"href":"https:\/\/360scooters.com\/ic\/wp-json\/wp\/v2\/comments?post=3065"}],"wp:featuredmedia":[{"embeddable":true,"href":"https:\/\/360scooters.com\/ic\/wp-json\/wp\/v2\/media\/2931"}],"wp:attachment":[{"href":"https:\/\/360scooters.com\/ic\/wp-json\/wp\/v2\/media?parent=3065"}],"wp:term":[{"taxonomy":"product_brand","embeddable":true,"href":"https:\/\/360scooters.com\/ic\/wp-json\/wp\/v2\/product_brand?post=3065"},{"taxonomy":"product_cat","embeddable":true,"href":"https:\/\/360scooters.com\/ic\/wp-json\/wp\/v2\/product_cat?post=3065"},{"taxonomy":"product_tag","embeddable":true,"href":"https:\/\/360scooters.com\/ic\/wp-json\/wp\/v2\/product_tag?post=3065"}],"curies":[{"name":"wp","href":"https:\/\/api.w.org\/{rel}","templated":true}]}}