{"id":2637,"date":"2025-08-13T12:53:16","date_gmt":"2025-08-13T10:53:16","guid":{"rendered":"https:\/\/360scooters.com\/ic\/?post_type=product&#038;p=2637"},"modified":"2025-08-13T16:39:33","modified_gmt":"2025-08-13T14:39:33","slug":"patinete-smartgyro-raptor-evo-lr","status":"publish","type":"product","link":"https:\/\/360scooters.com\/ic\/producto\/patinete-smartgyro-raptor-evo-lr\/","title":{"rendered":"Patinete smartGyro Raptor EVO LR"},"content":{"rendered":"<p><iframe title=\"\ud83d\udef4\u26a1\ufe0f Review SMARTGYRO RAPTOR EVO\/RAPTOR DUAL EVO | Sistema FULL LINE, ruedas de gel.. \u00a1Y mucho m\u00e1s! \ud83d\ude80\" width=\"1170\" height=\"658\" src=\"https:\/\/www.youtube.com\/embed\/dM8J3HjSHdc?feature=oembed\" frameborder=\"0\" allow=\"accelerometer; autoplay; clipboard-write; encrypted-media; gyroscope; picture-in-picture; web-share\" referrerpolicy=\"strict-origin-when-cross-origin\" allowfullscreen><\/iframe><\/p>\n<p>&nbsp;<\/p>\n","protected":false},"excerpt":{"rendered":"<p><img decoding=\"async\" class=\"alignnone size-full wp-image-2974\" src=\"https:\/\/360scooters.com\/ic\/wp-content\/uploads\/sites\/3\/2025\/08\/VEHICULO-NO-CERTIFICADO-POR-LA-DGT-5.png\" alt=\"\" width=\"584\" height=\"84\" srcset=\"https:\/\/360scooters.com\/ic\/wp-content\/uploads\/sites\/3\/2025\/08\/VEHICULO-NO-CERTIFICADO-POR-LA-DGT-5.png 584w, https:\/\/360scooters.com\/ic\/wp-content\/uploads\/sites\/3\/2025\/08\/VEHICULO-NO-CERTIFICADO-POR-LA-DGT-5-300x43.png 300w, https:\/\/360scooters.com\/ic\/wp-content\/uploads\/sites\/3\/2025\/08\/VEHICULO-NO-CERTIFICADO-POR-LA-DGT-5-128x18.png 128w\" sizes=\"(max-width: 584px) 100vw, 584px\" \/><\/p>\n<p>El <strong>smartGyro Raptor EVO<\/strong> ofrece motor de 1.000W, 80 km de autonom\u00eda, frenos hidr\u00e1ulicos de doble disco, luces completas con intermitentes y doble suspensi\u00f3n. Con\u00e9ctalo a su <strong>app m\u00f3vil<\/strong>.<\/p>\n<table>\n<tbody>\n<tr>\n<td><strong>Potencia nominal<br \/>\n<\/strong><\/td>\n<td>1000W<\/td>\n<\/tr>\n<tr>\n<td><strong>Bater\u00eda<\/strong><\/td>\n<td>48v \u2013 20Ah<\/td>\n<\/tr>\n<tr>\n<td><strong>Velocidad<\/strong><\/td>\n<td>Hasta 25km\/h<\/td>\n<\/tr>\n<tr>\n<td><strong>Autonom\u00eda<\/strong><\/td>\n<td>Hasta 80 km<\/td>\n<\/tr>\n<tr>\n<td><strong>Peso<\/strong><\/td>\n<td>22kg<\/td>\n<\/tr>\n<tr>\n<td><strong>Tiempo de carga<\/strong><\/td>\n<td>7-8h<\/td>\n<\/tr>\n<tr>\n<td><strong>Frenos<\/strong><\/td>\n<td>Freno de hidr\u00e1ulico trasero y delantero.<\/td>\n<\/tr>\n<\/tbody>\n<\/table>\n<p><em>*Los precios, ofertas y promociones reflejados en esta web son exclusivos para compras online.<\/em><\/p>\n","protected":false},"featured_media":2738,"comment_status":"open","ping_status":"closed","template":"","meta":[],"product_brand":[],"product_cat":[242],"product_tag":[245],"class_list":{"0":"post-2637","1":"product","2":"type-product","3":"status-publish","4":"has-post-thumbnail","6":"product_cat-gama-premium","7":"product_tag-core-inside","8":"product_shipping_class-patinetes-electricos","10":"first","11":"instock","12":"taxable","13":"shipping-taxable","14":"purchasable","15":"product-type-simple"},"yoast_head":"<!-- This site is optimized with the Yoast SEO plugin v26.9 - https:\/\/yoast.com\/product\/yoast-seo-wordpress\/ -->\n<title>Patinete smartGyro Raptor EVO LR - 360Scooters | Venta y reparaci\u00f3n de patinetes el\u00e9ctricos en Canarias<\/title>\n<meta name=\"description\" content=\"Patinete smartGyro smartGyro Raptor EVO: potencia, autonom\u00eda y comodidad extrema. El nuevo patinete Rockway Evo de smartGyro lo tienes aqu\u00ed.\" \/>\n<meta name=\"robots\" content=\"index, follow, max-snippet:-1, max-image-preview:large, max-video-preview:-1\" \/>\n<link rel=\"canonical\" href=\"https:\/\/360scooters.com\/ic\/producto\/patinete-smartgyro-raptor-evo-lr\/\" \/>\n<meta property=\"og:locale\" content=\"es_ES\" \/>\n<meta property=\"og:type\" content=\"article\" \/>\n<meta property=\"og:title\" content=\"Patinete smartGyro Raptor EVO LR - 360Scooters | Venta y reparaci\u00f3n de patinetes el\u00e9ctricos en Canarias\" \/>\n<meta property=\"og:description\" content=\"Patinete smartGyro smartGyro Raptor EVO: potencia, autonom\u00eda y comodidad extrema. El nuevo patinete Rockway Evo de smartGyro lo tienes aqu\u00ed.\" \/>\n<meta property=\"og:url\" content=\"https:\/\/360scooters.com\/ic\/producto\/patinete-smartgyro-raptor-evo-lr\/\" \/>\n<meta property=\"og:site_name\" content=\"360Scooters | Venta y reparaci\u00f3n de patinetes el\u00e9ctricos en Canarias\" \/>\n<meta property=\"article:modified_time\" content=\"2025-08-13T14:39:33+00:00\" \/>\n<meta property=\"og:image\" content=\"https:\/\/360scooters.com\/ic\/wp-content\/uploads\/sites\/3\/2025\/08\/patinete-electrico-smartgyro-raptor-evo-10.jpg\" \/>\n\t<meta property=\"og:image:width\" content=\"1500\" \/>\n\t<meta property=\"og:image:height\" content=\"1500\" \/>\n\t<meta property=\"og:image:type\" content=\"image\/jpeg\" \/>\n<meta name=\"twitter:card\" content=\"summary_large_image\" \/>\n<meta name=\"twitter:label1\" content=\"Tiempo de lectura\" \/>\n\t<meta name=\"twitter:data1\" content=\"1 minuto\" \/>\n<script type=\"application\/ld+json\" class=\"yoast-schema-graph\">{\"@context\":\"https:\/\/schema.org\",\"@graph\":[{\"@type\":\"WebPage\",\"@id\":\"https:\/\/360scooters.com\/ic\/producto\/patinete-smartgyro-raptor-evo-lr\/\",\"url\":\"https:\/\/360scooters.com\/ic\/producto\/patinete-smartgyro-raptor-evo-lr\/\",\"name\":\"Patinete smartGyro Raptor EVO LR - 360Scooters | Venta y reparaci\u00f3n de patinetes el\u00e9ctricos en Canarias\",\"isPartOf\":{\"@id\":\"https:\/\/360scooters.com\/ic\/#website\"},\"primaryImageOfPage\":{\"@id\":\"https:\/\/360scooters.com\/ic\/producto\/patinete-smartgyro-raptor-evo-lr\/#primaryimage\"},\"image\":{\"@id\":\"https:\/\/360scooters.com\/ic\/producto\/patinete-smartgyro-raptor-evo-lr\/#primaryimage\"},\"thumbnailUrl\":\"https:\/\/360scooters.com\/ic\/wp-content\/uploads\/sites\/3\/2025\/08\/patinete-electrico-smartgyro-raptor-evo-10.jpg\",\"datePublished\":\"2025-08-13T10:53:16+00:00\",\"dateModified\":\"2025-08-13T14:39:33+00:00\",\"description\":\"Patinete smartGyro smartGyro Raptor EVO: potencia, autonom\u00eda y comodidad extrema. El nuevo patinete Rockway Evo de smartGyro lo tienes aqu\u00ed.\",\"breadcrumb\":{\"@id\":\"https:\/\/360scooters.com\/ic\/producto\/patinete-smartgyro-raptor-evo-lr\/#breadcrumb\"},\"inLanguage\":\"es\",\"potentialAction\":[{\"@type\":\"ReadAction\",\"target\":[\"https:\/\/360scooters.com\/ic\/producto\/patinete-smartgyro-raptor-evo-lr\/\"]}]},{\"@type\":\"ImageObject\",\"inLanguage\":\"es\",\"@id\":\"https:\/\/360scooters.com\/ic\/producto\/patinete-smartgyro-raptor-evo-lr\/#primaryimage\",\"url\":\"https:\/\/360scooters.com\/ic\/wp-content\/uploads\/sites\/3\/2025\/08\/patinete-electrico-smartgyro-raptor-evo-10.jpg\",\"contentUrl\":\"https:\/\/360scooters.com\/ic\/wp-content\/uploads\/sites\/3\/2025\/08\/patinete-electrico-smartgyro-raptor-evo-10.jpg\",\"width\":1500,\"height\":1500},{\"@type\":\"BreadcrumbList\",\"@id\":\"https:\/\/360scooters.com\/ic\/producto\/patinete-smartgyro-raptor-evo-lr\/#breadcrumb\",\"itemListElement\":[{\"@type\":\"ListItem\",\"position\":1,\"name\":\"Portada\",\"item\":\"https:\/\/360scooters.com\/ic\/\"},{\"@type\":\"ListItem\",\"position\":2,\"name\":\"Tienda\",\"item\":\"https:\/\/360scooters.com\/ic\/tienda\/\"},{\"@type\":\"ListItem\",\"position\":3,\"name\":\"Patinete smartGyro Raptor EVO LR\"}]},{\"@type\":\"WebSite\",\"@id\":\"https:\/\/360scooters.com\/ic\/#website\",\"url\":\"https:\/\/360scooters.com\/ic\/\",\"name\":\"360Scooters | Venta y reparaci\u00f3n de patinetes el\u00e9ctricos en Canarias\",\"description\":\"\",\"potentialAction\":[{\"@type\":\"SearchAction\",\"target\":{\"@type\":\"EntryPoint\",\"urlTemplate\":\"https:\/\/360scooters.com\/ic\/?s={search_term_string}\"},\"query-input\":{\"@type\":\"PropertyValueSpecification\",\"valueRequired\":true,\"valueName\":\"search_term_string\"}}],\"inLanguage\":\"es\"}]}<\/script>\n<!-- \/ Yoast SEO plugin. -->","yoast_head_json":{"title":"Patinete smartGyro Raptor EVO LR - 360Scooters | Venta y reparaci\u00f3n de patinetes el\u00e9ctricos en Canarias","description":"Patinete smartGyro smartGyro Raptor EVO: potencia, autonom\u00eda y comodidad extrema. El nuevo patinete Rockway Evo de smartGyro lo tienes aqu\u00ed.","robots":{"index":"index","follow":"follow","max-snippet":"max-snippet:-1","max-image-preview":"max-image-preview:large","max-video-preview":"max-video-preview:-1"},"canonical":"https:\/\/360scooters.com\/ic\/producto\/patinete-smartgyro-raptor-evo-lr\/","og_locale":"es_ES","og_type":"article","og_title":"Patinete smartGyro Raptor EVO LR - 360Scooters | Venta y reparaci\u00f3n de patinetes el\u00e9ctricos en Canarias","og_description":"Patinete smartGyro smartGyro Raptor EVO: potencia, autonom\u00eda y comodidad extrema. El nuevo patinete Rockway Evo de smartGyro lo tienes aqu\u00ed.","og_url":"https:\/\/360scooters.com\/ic\/producto\/patinete-smartgyro-raptor-evo-lr\/","og_site_name":"360Scooters | Venta y reparaci\u00f3n de patinetes el\u00e9ctricos en Canarias","article_modified_time":"2025-08-13T14:39:33+00:00","og_image":[{"width":1500,"height":1500,"url":"https:\/\/360scooters.com\/ic\/wp-content\/uploads\/sites\/3\/2025\/08\/patinete-electrico-smartgyro-raptor-evo-10.jpg","type":"image\/jpeg"}],"twitter_card":"summary_large_image","twitter_misc":{"Tiempo de lectura":"1 minuto"},"schema":{"@context":"https:\/\/schema.org","@graph":[{"@type":"WebPage","@id":"https:\/\/360scooters.com\/ic\/producto\/patinete-smartgyro-raptor-evo-lr\/","url":"https:\/\/360scooters.com\/ic\/producto\/patinete-smartgyro-raptor-evo-lr\/","name":"Patinete smartGyro Raptor EVO LR - 360Scooters | Venta y reparaci\u00f3n de patinetes el\u00e9ctricos en Canarias","isPartOf":{"@id":"https:\/\/360scooters.com\/ic\/#website"},"primaryImageOfPage":{"@id":"https:\/\/360scooters.com\/ic\/producto\/patinete-smartgyro-raptor-evo-lr\/#primaryimage"},"image":{"@id":"https:\/\/360scooters.com\/ic\/producto\/patinete-smartgyro-raptor-evo-lr\/#primaryimage"},"thumbnailUrl":"https:\/\/360scooters.com\/ic\/wp-content\/uploads\/sites\/3\/2025\/08\/patinete-electrico-smartgyro-raptor-evo-10.jpg","datePublished":"2025-08-13T10:53:16+00:00","dateModified":"2025-08-13T14:39:33+00:00","description":"Patinete smartGyro smartGyro Raptor EVO: potencia, autonom\u00eda y comodidad extrema. El nuevo patinete Rockway Evo de smartGyro lo tienes aqu\u00ed.","breadcrumb":{"@id":"https:\/\/360scooters.com\/ic\/producto\/patinete-smartgyro-raptor-evo-lr\/#breadcrumb"},"inLanguage":"es","potentialAction":[{"@type":"ReadAction","target":["https:\/\/360scooters.com\/ic\/producto\/patinete-smartgyro-raptor-evo-lr\/"]}]},{"@type":"ImageObject","inLanguage":"es","@id":"https:\/\/360scooters.com\/ic\/producto\/patinete-smartgyro-raptor-evo-lr\/#primaryimage","url":"https:\/\/360scooters.com\/ic\/wp-content\/uploads\/sites\/3\/2025\/08\/patinete-electrico-smartgyro-raptor-evo-10.jpg","contentUrl":"https:\/\/360scooters.com\/ic\/wp-content\/uploads\/sites\/3\/2025\/08\/patinete-electrico-smartgyro-raptor-evo-10.jpg","width":1500,"height":1500},{"@type":"BreadcrumbList","@id":"https:\/\/360scooters.com\/ic\/producto\/patinete-smartgyro-raptor-evo-lr\/#breadcrumb","itemListElement":[{"@type":"ListItem","position":1,"name":"Portada","item":"https:\/\/360scooters.com\/ic\/"},{"@type":"ListItem","position":2,"name":"Tienda","item":"https:\/\/360scooters.com\/ic\/tienda\/"},{"@type":"ListItem","position":3,"name":"Patinete smartGyro Raptor EVO LR"}]},{"@type":"WebSite","@id":"https:\/\/360scooters.com\/ic\/#website","url":"https:\/\/360scooters.com\/ic\/","name":"360Scooters | Venta y reparaci\u00f3n de patinetes el\u00e9ctricos en Canarias","description":"","potentialAction":[{"@type":"SearchAction","target":{"@type":"EntryPoint","urlTemplate":"https:\/\/360scooters.com\/ic\/?s={search_term_string}"},"query-input":{"@type":"PropertyValueSpecification","valueRequired":true,"valueName":"search_term_string"}}],"inLanguage":"es"}]}},"_links":{"self":[{"href":"https:\/\/360scooters.com\/ic\/wp-json\/wp\/v2\/product\/2637","targetHints":{"allow":["GET"]}}],"collection":[{"href":"https:\/\/360scooters.com\/ic\/wp-json\/wp\/v2\/product"}],"about":[{"href":"https:\/\/360scooters.com\/ic\/wp-json\/wp\/v2\/types\/product"}],"replies":[{"embeddable":true,"href":"https:\/\/360scooters.com\/ic\/wp-json\/wp\/v2\/comments?post=2637"}],"wp:featuredmedia":[{"embeddable":true,"href":"https:\/\/360scooters.com\/ic\/wp-json\/wp\/v2\/media\/2738"}],"wp:attachment":[{"href":"https:\/\/360scooters.com\/ic\/wp-json\/wp\/v2\/media?parent=2637"}],"wp:term":[{"taxonomy":"product_brand","embeddable":true,"href":"https:\/\/360scooters.com\/ic\/wp-json\/wp\/v2\/product_brand?post=2637"},{"taxonomy":"product_cat","embeddable":true,"href":"https:\/\/360scooters.com\/ic\/wp-json\/wp\/v2\/product_cat?post=2637"},{"taxonomy":"product_tag","embeddable":true,"href":"https:\/\/360scooters.com\/ic\/wp-json\/wp\/v2\/product_tag?post=2637"}],"curies":[{"name":"wp","href":"https:\/\/api.w.org\/{rel}","templated":true}]}}