{"id":2636,"date":"2025-08-13T12:53:16","date_gmt":"2025-08-13T10:53:16","guid":{"rendered":"https:\/\/360scooters.com\/ic\/?post_type=product&#038;p=2636"},"modified":"2025-08-13T16:39:24","modified_gmt":"2025-08-13T14:39:24","slug":"patinete-smartgyro-raptor-evo","status":"publish","type":"product","link":"https:\/\/360scooters.com\/ic\/producto\/patinete-smartgyro-raptor-evo\/","title":{"rendered":"Patinete smartGyro Raptor EVO"},"content":{"rendered":"<p><iframe title=\"\ud83d\udef4\u26a1\ufe0f Review SMARTGYRO RAPTOR EVO\/RAPTOR DUAL EVO | Sistema FULL LINE, ruedas de gel.. \u00a1Y mucho m\u00e1s! \ud83d\ude80\" width=\"1170\" height=\"658\" src=\"https:\/\/www.youtube.com\/embed\/dM8J3HjSHdc?feature=oembed\" frameborder=\"0\" allow=\"accelerometer; autoplay; clipboard-write; encrypted-media; gyroscope; picture-in-picture; web-share\" referrerpolicy=\"strict-origin-when-cross-origin\" allowfullscreen><\/iframe><\/p>\n<p><strong>Descubre el patinete el\u00e9ctrico Homologado SmartGyro Raptor EVO:<\/strong><\/p>\n<p>Gracias a su doble suspensi\u00f3n delantera y trasera por elast\u00f3meros, ruedas neum\u00e1ticas de 10 pulgadas y frenada hidr\u00e1ulica tanto en la rueda delantera como en la trasera, el\u00a0Raptor EVO es capaz de conquistar todo tipo de terrenos.<\/p>\n<p>Adem\u00e1s,\u00a0<strong>su bater\u00eda de 15.600 mAh y 48V ofrece una eficiencia y estabilidad excepcionales, disfrutar\u00e1s de una autonom\u00eda impresionante de hasta 60 km.<\/strong><\/p>\n<p>Si buscas un veh\u00edculo el\u00e9ctrico de alta calidad con un rendimiento excepcional, el SmartGyro\u00a0Raptor EVO es la elecci\u00f3n perfecta para ti.<\/p>\n<p><strong>Caracter\u00edsticas de smartgyro Raptor EVO:<\/strong><\/p>\n<ul>\n<li><strong>Potencia nominal de 1000W 48V.<\/strong><\/li>\n<li><strong>Bater\u00eda de litio eficiente y estable de 15600 mAh, autonom\u00eda de hasta 60 kms.<\/strong><\/li>\n<li><strong>Tiempo de carga m\u00e1xima de 8 horas.<\/strong><\/li>\n<li><strong>Ruedas neum\u00e1ticas Tubeless Dual Grip de 10&#8243;<\/strong>\u00a0resistentes y estables preparadas para circular por todo tipo de terrenos.<\/li>\n<li><strong>Velocidad m\u00e1xima de 25 kms por hora. 4 modos de marcha.<\/strong><\/li>\n<li><strong>Incorpora frenada hidr\u00e1ulica delantera y trasera y\u00a0<\/strong><strong>frenada regenerativa.<\/strong><\/li>\n<li><strong>Intermitentes delanteros y traseros<\/strong>\u00a0que podr\u00e1s activarlos desde el manillar<\/li>\n<li>Luces: Foco frontal de alta luminosidad,\u00a0<strong>intermitentes total full line<\/strong>, leds ambientales en la base y m\u00e1stil y luz de freno trasera para que te vean mientras circulas.<\/li>\n<li><strong>APP para tel\u00e9fono m\u00f3vil con sistema antirrobo<\/strong>\u00a0con el que podr\u00e1s bloquear el pat\u00edn a distancia, ver informaci\u00f3n del SmartGyro en el m\u00f3vil, modo de ajuste, acumulaci\u00f3n de kil\u00f3metros, distancia recorrida, estado de la bater\u00eda, etc<\/li>\n<li>Resistencia al agua IPX4<\/li>\n<li>Display frontal\u00a0(cuentakil\u00f3metros parcial y total, marchas, indicador de velocidad, etc&#8230;)<\/li>\n<li>Medidas de seguridad: Protecci\u00f3n contra sobrepresi\u00f3n, bajo voltaje, cortocircuito y sobrecalentamiento.<\/li>\n<li><strong>Doble suspensi\u00f3n delantera y trasera por elast\u00f3meros.<\/strong><\/li>\n<li>Tama\u00f1o del scooter sin plegar: 119*98*125&#215;60 cm<\/li>\n<li>Peso del scooter: 22 kg<\/li>\n<li>Patinete el\u00e9ctrico Homologado por la DGT con placa identificativa. Cumple con los requisitos de la nueva normativa de circulaci\u00f3n.<\/li>\n<\/ul>\n<p><em>Los datos obtenidos pueden variar dependiendo de la velocidad, peso de la persona y carga de la unidad. Estas mediciones se han obtenido con 75 kg de carga, 25\u00baC y a un 60% de velocidad m\u00e1xima promedio en superficie plana.<\/em><\/p>\n<p><em>Patinete el\u00e9ctrico Homologado por la DGT con placa identificativa. Cumple con los requisitos de la nueva normativa de circulaci\u00f3n.<\/em><\/p>\n<p><em>Este pat\u00edn ha sido certificado para su circulaci\u00f3n conforme a las normativas vigentes. Para obtener dicha certificaci\u00f3n se ha sometido a exhaustivos ensayos mec\u00e1nicos, el\u00e9ctricos y din\u00e1micos. Cualquier modificaci\u00f3n \u00a0del pat\u00edn, instalaci\u00f3n de elementos no originales, tales como bater\u00edas suplementarias, controladoras no originales, etc. conllevar\u00e1, no solo la p\u00e9rdida de garant\u00eda, si no tambi\u00e9n la descarga de responsabilidad del fabricante frente a posibles accidentes ocurridos tanto circulando como en reposo. La modificaci\u00f3n del pat\u00edn, especialmente en su parte el\u00e9ctrica, conlleva serio riesgo de incendio con el consiguiente peligro para las personas y las cosas.<\/em><\/p>\n<p><em>El patinete el\u00e9ctrico necesita de un mantenimiento con sus correspondientes revisiones. Es imprescindible la verificaci\u00f3n peri\u00f3dica de holguras, neum\u00e1ticos, ajustes de tornillos, etc.<\/em><br \/>\n<em>No debe ser utilizado si tiene piezas rotas, si la duraci\u00f3n de la bater\u00eda ha disminuido considerablemente, si hay fugas de aire en los neum\u00e1ticos o con signos de desgaste en cualquiera de sus piezas (pastillas, manetas, etc.) o en cualquier otro elemento que pueda afectar a la seguridad.<\/em><\/p>\n<p><em>\u201cLas im\u00e1genes son referenciales, los colores pueden variar ligeramente dependiendo de la luz, impresi\u00f3n y\/o configuraci\u00f3n de pantalla\u201d.<\/em><\/p>\n","protected":false},"excerpt":{"rendered":"<p><img decoding=\"async\" class=\"alignnone size-full wp-image-2974\" src=\"https:\/\/360scooters.com\/ic\/wp-content\/uploads\/sites\/3\/2025\/08\/VEHICULO-NO-CERTIFICADO-POR-LA-DGT-5.png\" alt=\"\" width=\"584\" height=\"84\" srcset=\"https:\/\/360scooters.com\/ic\/wp-content\/uploads\/sites\/3\/2025\/08\/VEHICULO-NO-CERTIFICADO-POR-LA-DGT-5.png 584w, https:\/\/360scooters.com\/ic\/wp-content\/uploads\/sites\/3\/2025\/08\/VEHICULO-NO-CERTIFICADO-POR-LA-DGT-5-300x43.png 300w, https:\/\/360scooters.com\/ic\/wp-content\/uploads\/sites\/3\/2025\/08\/VEHICULO-NO-CERTIFICADO-POR-LA-DGT-5-128x18.png 128w\" sizes=\"(max-width: 584px) 100vw, 584px\" \/><\/p>\n<p>El <strong>smartGyro Raptor EVO<\/strong> ofrece motor de 1.000W, 70 km de autonom\u00eda, frenos hidr\u00e1ulicos de doble disco, luces completas con intermitentes y doble suspensi\u00f3n. Con\u00e9ctalo a su <strong>app m\u00f3vil<\/strong>.<\/p>\n<table>\n<tbody>\n<tr>\n<td><strong>Potencia nominal<br \/>\n<\/strong><\/td>\n<td>1000W<\/td>\n<\/tr>\n<tr>\n<td><strong>Bater\u00eda<\/strong><\/td>\n<td>48v \u2013 15,6Ah<\/td>\n<\/tr>\n<tr>\n<td><strong>Velocidad<\/strong><\/td>\n<td>Hasta 25km\/h<\/td>\n<\/tr>\n<tr>\n<td><strong>Autonom\u00eda<\/strong><\/td>\n<td>Hasta 60 km<\/td>\n<\/tr>\n<tr>\n<td><strong>Peso<\/strong><\/td>\n<td>22kg<\/td>\n<\/tr>\n<tr>\n<td><strong>Tiempo de carga<\/strong><\/td>\n<td>6-8h<\/td>\n<\/tr>\n<tr>\n<td><strong>Frenos<\/strong><\/td>\n<td>Freno de hidr\u00e1ulico trasero y delantero.<\/td>\n<\/tr>\n<\/tbody>\n<\/table>\n<p><em>*Los precios, ofertas y promociones reflejados en esta web son exclusivos para compras online.<\/em><\/p>\n","protected":false},"featured_media":2728,"comment_status":"closed","ping_status":"closed","template":"","meta":[],"product_brand":[],"product_cat":[242],"product_tag":[245],"class_list":{"0":"post-2636","1":"product","2":"type-product","3":"status-publish","4":"has-post-thumbnail","6":"product_cat-gama-premium","7":"product_tag-core-inside","8":"product_shipping_class-patinetes-electricos","10":"first","11":"instock","12":"taxable","13":"shipping-taxable","14":"purchasable","15":"product-type-simple"},"yoast_head":"<!-- This site is optimized with the Yoast SEO plugin v26.9 - https:\/\/yoast.com\/product\/yoast-seo-wordpress\/ -->\n<title>Patinete smartGyro Raptor EVO - 360Scooters | Venta y reparaci\u00f3n de patinetes el\u00e9ctricos en Canarias<\/title>\n<meta name=\"description\" content=\"Patinete smartGyro smartGyro Raptor EVO: potencia, autonom\u00eda y comodidad extrema. El nuevo patinete Rockway Evo de smartGyro lo tienes aqu\u00ed.\" \/>\n<meta name=\"robots\" content=\"index, follow, max-snippet:-1, max-image-preview:large, max-video-preview:-1\" \/>\n<link rel=\"canonical\" href=\"https:\/\/360scooters.com\/ic\/producto\/patinete-smartgyro-raptor-evo\/\" \/>\n<meta property=\"og:locale\" content=\"es_ES\" \/>\n<meta property=\"og:type\" content=\"article\" \/>\n<meta property=\"og:title\" content=\"Patinete smartGyro Raptor EVO - 360Scooters | Venta y reparaci\u00f3n de patinetes el\u00e9ctricos en Canarias\" \/>\n<meta property=\"og:description\" content=\"Patinete smartGyro smartGyro Raptor EVO: potencia, autonom\u00eda y comodidad extrema. El nuevo patinete Rockway Evo de smartGyro lo tienes aqu\u00ed.\" \/>\n<meta property=\"og:url\" content=\"https:\/\/360scooters.com\/ic\/producto\/patinete-smartgyro-raptor-evo\/\" \/>\n<meta property=\"og:site_name\" content=\"360Scooters | Venta y reparaci\u00f3n de patinetes el\u00e9ctricos en Canarias\" \/>\n<meta property=\"article:modified_time\" content=\"2025-08-13T14:39:24+00:00\" \/>\n<meta property=\"og:image\" content=\"https:\/\/360scooters.com\/ic\/wp-content\/uploads\/sites\/3\/2025\/08\/patinete-electrico-smartgyro-raptor-evo.jpg\" \/>\n\t<meta property=\"og:image:width\" content=\"1500\" \/>\n\t<meta property=\"og:image:height\" content=\"1500\" \/>\n\t<meta property=\"og:image:type\" content=\"image\/jpeg\" \/>\n<meta name=\"twitter:card\" content=\"summary_large_image\" \/>\n<meta name=\"twitter:label1\" content=\"Tiempo de lectura\" \/>\n\t<meta name=\"twitter:data1\" content=\"5 minutos\" \/>\n<script type=\"application\/ld+json\" class=\"yoast-schema-graph\">{\"@context\":\"https:\/\/schema.org\",\"@graph\":[{\"@type\":\"WebPage\",\"@id\":\"https:\/\/360scooters.com\/ic\/producto\/patinete-smartgyro-raptor-evo\/\",\"url\":\"https:\/\/360scooters.com\/ic\/producto\/patinete-smartgyro-raptor-evo\/\",\"name\":\"Patinete smartGyro Raptor EVO - 360Scooters | Venta y reparaci\u00f3n de patinetes el\u00e9ctricos en Canarias\",\"isPartOf\":{\"@id\":\"https:\/\/360scooters.com\/ic\/#website\"},\"primaryImageOfPage\":{\"@id\":\"https:\/\/360scooters.com\/ic\/producto\/patinete-smartgyro-raptor-evo\/#primaryimage\"},\"image\":{\"@id\":\"https:\/\/360scooters.com\/ic\/producto\/patinete-smartgyro-raptor-evo\/#primaryimage\"},\"thumbnailUrl\":\"https:\/\/360scooters.com\/ic\/wp-content\/uploads\/sites\/3\/2025\/08\/patinete-electrico-smartgyro-raptor-evo.jpg\",\"datePublished\":\"2025-08-13T10:53:16+00:00\",\"dateModified\":\"2025-08-13T14:39:24+00:00\",\"description\":\"Patinete smartGyro smartGyro Raptor EVO: potencia, autonom\u00eda y comodidad extrema. El nuevo patinete Rockway Evo de smartGyro lo tienes aqu\u00ed.\",\"breadcrumb\":{\"@id\":\"https:\/\/360scooters.com\/ic\/producto\/patinete-smartgyro-raptor-evo\/#breadcrumb\"},\"inLanguage\":\"es\",\"potentialAction\":[{\"@type\":\"ReadAction\",\"target\":[\"https:\/\/360scooters.com\/ic\/producto\/patinete-smartgyro-raptor-evo\/\"]}]},{\"@type\":\"ImageObject\",\"inLanguage\":\"es\",\"@id\":\"https:\/\/360scooters.com\/ic\/producto\/patinete-smartgyro-raptor-evo\/#primaryimage\",\"url\":\"https:\/\/360scooters.com\/ic\/wp-content\/uploads\/sites\/3\/2025\/08\/patinete-electrico-smartgyro-raptor-evo.jpg\",\"contentUrl\":\"https:\/\/360scooters.com\/ic\/wp-content\/uploads\/sites\/3\/2025\/08\/patinete-electrico-smartgyro-raptor-evo.jpg\",\"width\":1500,\"height\":1500},{\"@type\":\"BreadcrumbList\",\"@id\":\"https:\/\/360scooters.com\/ic\/producto\/patinete-smartgyro-raptor-evo\/#breadcrumb\",\"itemListElement\":[{\"@type\":\"ListItem\",\"position\":1,\"name\":\"Portada\",\"item\":\"https:\/\/360scooters.com\/ic\/\"},{\"@type\":\"ListItem\",\"position\":2,\"name\":\"Tienda\",\"item\":\"https:\/\/360scooters.com\/ic\/tienda\/\"},{\"@type\":\"ListItem\",\"position\":3,\"name\":\"Patinete smartGyro Raptor EVO\"}]},{\"@type\":\"WebSite\",\"@id\":\"https:\/\/360scooters.com\/ic\/#website\",\"url\":\"https:\/\/360scooters.com\/ic\/\",\"name\":\"360Scooters | Venta y reparaci\u00f3n de patinetes el\u00e9ctricos en Canarias\",\"description\":\"\",\"potentialAction\":[{\"@type\":\"SearchAction\",\"target\":{\"@type\":\"EntryPoint\",\"urlTemplate\":\"https:\/\/360scooters.com\/ic\/?s={search_term_string}\"},\"query-input\":{\"@type\":\"PropertyValueSpecification\",\"valueRequired\":true,\"valueName\":\"search_term_string\"}}],\"inLanguage\":\"es\"}]}<\/script>\n<!-- \/ Yoast SEO plugin. -->","yoast_head_json":{"title":"Patinete smartGyro Raptor EVO - 360Scooters | Venta y reparaci\u00f3n de patinetes el\u00e9ctricos en Canarias","description":"Patinete smartGyro smartGyro Raptor EVO: potencia, autonom\u00eda y comodidad extrema. El nuevo patinete Rockway Evo de smartGyro lo tienes aqu\u00ed.","robots":{"index":"index","follow":"follow","max-snippet":"max-snippet:-1","max-image-preview":"max-image-preview:large","max-video-preview":"max-video-preview:-1"},"canonical":"https:\/\/360scooters.com\/ic\/producto\/patinete-smartgyro-raptor-evo\/","og_locale":"es_ES","og_type":"article","og_title":"Patinete smartGyro Raptor EVO - 360Scooters | Venta y reparaci\u00f3n de patinetes el\u00e9ctricos en Canarias","og_description":"Patinete smartGyro smartGyro Raptor EVO: potencia, autonom\u00eda y comodidad extrema. El nuevo patinete Rockway Evo de smartGyro lo tienes aqu\u00ed.","og_url":"https:\/\/360scooters.com\/ic\/producto\/patinete-smartgyro-raptor-evo\/","og_site_name":"360Scooters | Venta y reparaci\u00f3n de patinetes el\u00e9ctricos en Canarias","article_modified_time":"2025-08-13T14:39:24+00:00","og_image":[{"width":1500,"height":1500,"url":"https:\/\/360scooters.com\/ic\/wp-content\/uploads\/sites\/3\/2025\/08\/patinete-electrico-smartgyro-raptor-evo.jpg","type":"image\/jpeg"}],"twitter_card":"summary_large_image","twitter_misc":{"Tiempo de lectura":"5 minutos"},"schema":{"@context":"https:\/\/schema.org","@graph":[{"@type":"WebPage","@id":"https:\/\/360scooters.com\/ic\/producto\/patinete-smartgyro-raptor-evo\/","url":"https:\/\/360scooters.com\/ic\/producto\/patinete-smartgyro-raptor-evo\/","name":"Patinete smartGyro Raptor EVO - 360Scooters | Venta y reparaci\u00f3n de patinetes el\u00e9ctricos en Canarias","isPartOf":{"@id":"https:\/\/360scooters.com\/ic\/#website"},"primaryImageOfPage":{"@id":"https:\/\/360scooters.com\/ic\/producto\/patinete-smartgyro-raptor-evo\/#primaryimage"},"image":{"@id":"https:\/\/360scooters.com\/ic\/producto\/patinete-smartgyro-raptor-evo\/#primaryimage"},"thumbnailUrl":"https:\/\/360scooters.com\/ic\/wp-content\/uploads\/sites\/3\/2025\/08\/patinete-electrico-smartgyro-raptor-evo.jpg","datePublished":"2025-08-13T10:53:16+00:00","dateModified":"2025-08-13T14:39:24+00:00","description":"Patinete smartGyro smartGyro Raptor EVO: potencia, autonom\u00eda y comodidad extrema. El nuevo patinete Rockway Evo de smartGyro lo tienes aqu\u00ed.","breadcrumb":{"@id":"https:\/\/360scooters.com\/ic\/producto\/patinete-smartgyro-raptor-evo\/#breadcrumb"},"inLanguage":"es","potentialAction":[{"@type":"ReadAction","target":["https:\/\/360scooters.com\/ic\/producto\/patinete-smartgyro-raptor-evo\/"]}]},{"@type":"ImageObject","inLanguage":"es","@id":"https:\/\/360scooters.com\/ic\/producto\/patinete-smartgyro-raptor-evo\/#primaryimage","url":"https:\/\/360scooters.com\/ic\/wp-content\/uploads\/sites\/3\/2025\/08\/patinete-electrico-smartgyro-raptor-evo.jpg","contentUrl":"https:\/\/360scooters.com\/ic\/wp-content\/uploads\/sites\/3\/2025\/08\/patinete-electrico-smartgyro-raptor-evo.jpg","width":1500,"height":1500},{"@type":"BreadcrumbList","@id":"https:\/\/360scooters.com\/ic\/producto\/patinete-smartgyro-raptor-evo\/#breadcrumb","itemListElement":[{"@type":"ListItem","position":1,"name":"Portada","item":"https:\/\/360scooters.com\/ic\/"},{"@type":"ListItem","position":2,"name":"Tienda","item":"https:\/\/360scooters.com\/ic\/tienda\/"},{"@type":"ListItem","position":3,"name":"Patinete smartGyro Raptor EVO"}]},{"@type":"WebSite","@id":"https:\/\/360scooters.com\/ic\/#website","url":"https:\/\/360scooters.com\/ic\/","name":"360Scooters | Venta y reparaci\u00f3n de patinetes el\u00e9ctricos en Canarias","description":"","potentialAction":[{"@type":"SearchAction","target":{"@type":"EntryPoint","urlTemplate":"https:\/\/360scooters.com\/ic\/?s={search_term_string}"},"query-input":{"@type":"PropertyValueSpecification","valueRequired":true,"valueName":"search_term_string"}}],"inLanguage":"es"}]}},"_links":{"self":[{"href":"https:\/\/360scooters.com\/ic\/wp-json\/wp\/v2\/product\/2636","targetHints":{"allow":["GET"]}}],"collection":[{"href":"https:\/\/360scooters.com\/ic\/wp-json\/wp\/v2\/product"}],"about":[{"href":"https:\/\/360scooters.com\/ic\/wp-json\/wp\/v2\/types\/product"}],"replies":[{"embeddable":true,"href":"https:\/\/360scooters.com\/ic\/wp-json\/wp\/v2\/comments?post=2636"}],"wp:featuredmedia":[{"embeddable":true,"href":"https:\/\/360scooters.com\/ic\/wp-json\/wp\/v2\/media\/2728"}],"wp:attachment":[{"href":"https:\/\/360scooters.com\/ic\/wp-json\/wp\/v2\/media?parent=2636"}],"wp:term":[{"taxonomy":"product_brand","embeddable":true,"href":"https:\/\/360scooters.com\/ic\/wp-json\/wp\/v2\/product_brand?post=2636"},{"taxonomy":"product_cat","embeddable":true,"href":"https:\/\/360scooters.com\/ic\/wp-json\/wp\/v2\/product_cat?post=2636"},{"taxonomy":"product_tag","embeddable":true,"href":"https:\/\/360scooters.com\/ic\/wp-json\/wp\/v2\/product_tag?post=2636"}],"curies":[{"name":"wp","href":"https:\/\/api.w.org\/{rel}","templated":true}]}}