{"id":2634,"date":"2025-08-13T12:53:16","date_gmt":"2025-08-13T10:53:16","guid":{"rendered":"https:\/\/360scooters.com\/ic\/?post_type=product&#038;p=2634"},"modified":"2025-08-13T16:39:10","modified_gmt":"2025-08-13T14:39:10","slug":"patinete-smartgyro-rockway-evo","status":"publish","type":"product","link":"https:\/\/360scooters.com\/ic\/producto\/patinete-smartgyro-rockway-evo\/","title":{"rendered":"Patinete smartGyro Rockway EVO"},"content":{"rendered":"<p style=\"font-weight: 400;\">Un\u00a0<b><strong>patinete el\u00e9ctrico potente y con el que recorrer\u00e1s hasta<\/strong><\/b>\u00a0<b><strong>50 km con una sola carga.<\/strong><\/b><\/p>\n<p style=\"font-weight: 400;\"><b><strong>Con tecnolog\u00eda Core Inside: Innovaci\u00f3n patentada por Smartgyro que incorpora una optimizaci\u00f3n avanzada del hardware, dise\u00f1ada para maximizar el rendimiento, la eficiencia y la durabilidad de nuestros productos.<\/strong><\/b><\/p>\n<p style=\"font-weight: 400;\"><b><strong>SmartGyro Rockway EVO<\/strong><\/b>\u00a0es un patinete el\u00e9ctrico plegable y muy potente, con una amplia base para los pies,<b><strong>\u00a02 intermitentes Led seleccionables (2 traseros) y una autonom\u00eda de hasta 50 Km reales,<\/strong><\/b>\u00a0pensado para adultos que quieran utilizar la movilidad el\u00e9ctrica como el nuevo est\u00e1ndar utilizado y recomendado en la ciudad.\u00a0<b><strong>Bater\u00eda con una capacidad de 13.000 mAh 48V, eficiente y estable.<\/strong><\/b><\/p>\n<p style=\"font-weight: 400;\">Seguridad, confort y potencia, hacen de este veh\u00edculo el\u00e9ctrico un transporte econ\u00f3mico y perfecto para recorrer la ciudad olvid\u00e1ndote de molestas aglomeraciones en el transporte p\u00fablico e inc\u00f3modos atascos.<\/p>\n<p style=\"font-weight: 400;\"><b><strong>Con su motor de 800w, podr\u00e1s subir cuestas sin importar el peso o el \u00e1ngulo de la cuesta, no se quedar\u00e1 atr\u00e1s.<\/strong><\/b><\/p>\n<p style=\"font-weight: 400;\"><b><strong>\u00a1Recorre la ciudad en el pat\u00edn smartGyro RockWay EVO!<\/strong><\/b><\/p>\n<p style=\"font-weight: 400;\"><b><strong>Caracter\u00edsticas de smartgyro Rockway EVO:<\/strong><\/b><\/p>\n<ul style=\"font-weight: 400;\">\n<li><b><strong>Motor con potencia nominal de 500W 48V, m\u00e1xima de 800W 48V.<\/strong><\/b><\/li>\n<li><b><strong>SmartCore: APP y bloqueo por NFC mediante tarjetas (2 tarjetas incluidas)<br \/>\n<\/strong><\/b><\/li>\n<li><b><strong>Bater\u00eda de litio eficiente y estable de 13.000 mAh, autonom\u00eda de hasta 50 kms.<\/strong><\/b><\/li>\n<li><b><strong>Tiempo de carga m\u00e1xima de 7 horas.<\/strong><\/b><\/li>\n<li><b><strong>Ruedas neum\u00e1ticas Tubeless Mixtas de 10&#8243;<\/strong><\/b>\u00a0resistentes y estables preparadas para circular por todo tipo de terrenos.<\/li>\n<li><b><strong>Velocidad m\u00e1xima de 25 kms por hora. 4 modos de velocidad.<\/strong><\/b><\/li>\n<li><b><strong>Incorpora freno delantero y trasero de disco.<\/strong><\/b><\/li>\n<li>Con triple frenada:\u00a0<b><strong>Freno de disco delantero, de disco trasero y frenada regenerativa.<\/strong><\/b><\/li>\n<li><b><strong>Sistema de cierre 2.0 de nueva generaci\u00f3n. Nuevo sistema de plegado con doble anclaje de ajuste del m\u00e1stil que evita holgura y aumenta la seguridad.<\/strong><\/b><\/li>\n<li><b><strong>Intermitentes delanteros y traseros<\/strong><\/b>\u00a0que podr\u00e1s activarlos desde el manillar<\/li>\n<li>Luces: Foco frontal de alta luminosidad, intermitentes, leds ambientales en la base y luz de freno trasera para que te vean mientras circulas.<\/li>\n<li><b><strong>APP para tel\u00e9fono m\u00f3vil con sistema antirrobo<\/strong><\/b>\u00a0con el que podr\u00e1s bloquear el pat\u00edn a distancia, ver informaci\u00f3n del SmartGyro en el m\u00f3vil, modo de ajuste, acumulaci\u00f3n de kil\u00f3metros, distancia recorrida, estado de la bater\u00eda, etc<\/li>\n<li>Resistencia al agua IPX4<\/li>\n<li>Medidas de seguridad: Protecci\u00f3n contra sobrepresi\u00f3n, bajo voltaje, cortocircuito y sobrecalentamiento.<\/li>\n<li>Doble suspensi\u00f3n delantera y trasera por elast\u00f3meros.<\/li>\n<li>Tama\u00f1o del scooter sin plegar:111x59x130 cm<\/li>\n<li>Peso del scooter: 24,5 kg<\/li>\n<li>Tama\u00f1o de la caja: 117x25x62 cm<\/li>\n<li>Patinete el\u00e9ctrico Homologado por la DGT con placa identificativa. Cumple con los requisitos de la nueva normativa de circulaci\u00f3n.<\/li>\n<\/ul>\n<p style=\"font-weight: 400;\">Los datos obtenidos pueden variar dependiendo de la velocidad, peso de la persona y carga de la unidad. Estas mediciones se han obtenido con 75 kg de carga, 25\u00baC y a un 60% de velocidad m\u00e1xima promedio en superficie plana.<\/p>\n<p style=\"font-weight: 400;\">Patinete el\u00e9ctrico Homologado por la DGT con placa identificativa. Cumple con los requisitos de la nueva normativa de circulaci\u00f3n.<\/p>\n<p style=\"font-weight: 400;\">Este pat\u00edn ha sido certificado para su circulaci\u00f3n conforme a las normativas vigentes. Para obtener dicha certificaci\u00f3n se ha sometido a exhaustivos ensayos mec\u00e1nicos, el\u00e9ctricos y din\u00e1micos. Cualquier modificaci\u00f3n \u00a0del pat\u00edn, instalaci\u00f3n de elementos no originales, tales como bater\u00edas suplementarias, controladoras no originales, etc. conllevar\u00e1, no solo la p\u00e9rdida de garant\u00eda, si no tambi\u00e9n la descarga de responsabilidad del fabricante frente a posibles accidentes ocurridos tanto circulando como en reposo. La modificaci\u00f3n del pat\u00edn, especialmente en su parte el\u00e9ctrica, conlleva serio riesgo de incendio con el consiguiente peligro para las personas y las cosas.<\/p>\n<p style=\"font-weight: 400;\">El patinete el\u00e9ctrico necesita de un mantenimiento con sus correspondientes revisiones. Es imprescindible la verificaci\u00f3n peri\u00f3dica de holguras, neum\u00e1ticos, ajustes de tornillos, etc.<br \/>\nNo debe ser utilizado si tiene piezas rotas, si la duraci\u00f3n de la bater\u00eda ha disminuido considerablemente, si hay fugas de aire en los neum\u00e1ticos o con signos de desgaste en cualquiera de sus piezas (pastillas, manetas, etc.) o en cualquier otro elemento que pueda afectar a la seguridad.<br \/>\nEn estos casos, y para un correcto mantenimiento, el cliente siempre debe acudir a un Taller Oficial smartGyro.<br \/>\n<em>\u00a0<\/em><br \/>\n<em>En ning\u00fan caso, smartGyro ser\u00e1 responsable de aquellos defectos o da\u00f1os que el producto pudiera tener debido a un defectuoso mantenimiento por parte del cliente o falta del mismo.<\/em><\/p>\n<p style=\"font-weight: 400;\"><em>\u201cLas im\u00e1genes son referenciales, los colores pueden variar ligeramente dependiendo de la luz, impresi\u00f3n y\/o configuraci\u00f3n de pantalla\u201d.<\/em><\/p>\n","protected":false},"excerpt":{"rendered":"<p><img decoding=\"async\" class=\"alignnone size-full wp-image-2974\" src=\"https:\/\/360scooters.com\/ic\/wp-content\/uploads\/sites\/3\/2025\/08\/VEHICULO-NO-CERTIFICADO-POR-LA-DGT-5.png\" alt=\"\" width=\"584\" height=\"84\" srcset=\"https:\/\/360scooters.com\/ic\/wp-content\/uploads\/sites\/3\/2025\/08\/VEHICULO-NO-CERTIFICADO-POR-LA-DGT-5.png 584w, https:\/\/360scooters.com\/ic\/wp-content\/uploads\/sites\/3\/2025\/08\/VEHICULO-NO-CERTIFICADO-POR-LA-DGT-5-300x43.png 300w, https:\/\/360scooters.com\/ic\/wp-content\/uploads\/sites\/3\/2025\/08\/VEHICULO-NO-CERTIFICADO-POR-LA-DGT-5-128x18.png 128w\" sizes=\"(max-width: 584px) 100vw, 584px\" \/><\/p>\n<p>El <strong>smartGyro Rockway EVO<\/strong> combina potencia (motor de 500W y 800W de pico), 50 km de autonom\u00eda, doble freno con regeneraci\u00f3n, iluminaci\u00f3n completa, suspensi\u00f3n doble y tecnolog\u00eda <strong>Core Inside<\/strong> con NFC y app m\u00f3vil.<\/p>\n<p><strong>Colores disponibles<br \/>\n<a href=\"https:\/\/360scooters.com\/ic\/producto\/patinete-smartgyro-rockway-evo\/\"><img decoding=\"async\" class=\"alignnone wp-image-7217\" src=\"https:\/\/360scooters.com\/es\/wp-content\/uploads\/sites\/2\/2025\/03\/GRIS.png\" alt=\"\" width=\"40\" height=\"40\" \/><\/a>\u00a0 \u00a0 <a href=\"https:\/\/360scooters.com\/ic\/producto\/patinete-smartgyro-rockway-evo-pro\/\"><img decoding=\"async\" class=\"alignnone wp-image-7218\" src=\"https:\/\/360scooters.com\/es\/wp-content\/uploads\/sites\/2\/2025\/03\/NEGRO-PRO.png\" alt=\"\" width=\"40\" height=\"40\" \/><\/a><br \/>\n<\/strong><\/p>\n<table>\n<tbody>\n<tr>\n<td><strong>Potencia nominal<br \/>\n<\/strong><\/td>\n<td>500W<\/td>\n<\/tr>\n<tr>\n<td><strong>Potencia m\u00e1xima<br \/>\n<\/strong><\/td>\n<td>800W<\/td>\n<\/tr>\n<tr>\n<td><strong>Bater\u00eda<\/strong><\/td>\n<td>48v \u2013 13Ah<\/td>\n<\/tr>\n<tr>\n<td><strong>Velocidad<\/strong><\/td>\n<td>Hasta 25km\/h<\/td>\n<\/tr>\n<tr>\n<td><strong>Autonom\u00eda<\/strong><\/td>\n<td>Hasta 50 km<\/td>\n<\/tr>\n<tr>\n<td><strong>Peso<\/strong><\/td>\n<td>****<\/td>\n<\/tr>\n<tr>\n<td><strong>Tiempo de carga<\/strong><\/td>\n<td>****<\/td>\n<\/tr>\n<tr>\n<td><strong>Frenos<\/strong><\/td>\n<td>Freno de disco trasero y delantero.<\/td>\n<\/tr>\n<\/tbody>\n<\/table>\n<p><em>*Los precios, ofertas y promociones reflejados en esta web son exclusivos para compras online.<\/em><\/p>\n","protected":false},"featured_media":2717,"comment_status":"closed","ping_status":"closed","template":"","meta":[],"product_brand":[],"product_cat":[21],"product_tag":[245],"class_list":{"0":"post-2634","1":"product","2":"type-product","3":"status-publish","4":"has-post-thumbnail","6":"product_cat-gama-pro","7":"product_tag-core-inside","8":"product_shipping_class-patinetes-electricos","10":"first","11":"instock","12":"taxable","13":"shipping-taxable","14":"purchasable","15":"product-type-simple"},"yoast_head":"<!-- This site is optimized with the Yoast SEO plugin v26.9 - https:\/\/yoast.com\/product\/yoast-seo-wordpress\/ -->\n<title>Patinete smartGyro Rockway EVO - 360Scooters | Venta y reparaci\u00f3n de patinetes el\u00e9ctricos en Canarias<\/title>\n<meta name=\"description\" content=\"Patinete smartGyro smartGyro Rockway EVO: potencia, autonom\u00eda y comodidad extrema. El nuevo patinete Rockway Evo de smartGyro lo tienes aqu\u00ed.\" \/>\n<meta name=\"robots\" content=\"index, follow, max-snippet:-1, max-image-preview:large, max-video-preview:-1\" \/>\n<link rel=\"canonical\" href=\"https:\/\/360scooters.com\/ic\/producto\/patinete-smartgyro-rockway-evo\/\" \/>\n<meta property=\"og:locale\" content=\"es_ES\" \/>\n<meta property=\"og:type\" content=\"article\" \/>\n<meta property=\"og:title\" content=\"Patinete smartGyro Rockway EVO - 360Scooters | Venta y reparaci\u00f3n de patinetes el\u00e9ctricos en Canarias\" \/>\n<meta property=\"og:description\" content=\"Patinete smartGyro smartGyro Rockway EVO: potencia, autonom\u00eda y comodidad extrema. El nuevo patinete Rockway Evo de smartGyro lo tienes aqu\u00ed.\" \/>\n<meta property=\"og:url\" content=\"https:\/\/360scooters.com\/ic\/producto\/patinete-smartgyro-rockway-evo\/\" \/>\n<meta property=\"og:site_name\" content=\"360Scooters | Venta y reparaci\u00f3n de patinetes el\u00e9ctricos en Canarias\" \/>\n<meta property=\"article:modified_time\" content=\"2025-08-13T14:39:10+00:00\" \/>\n<meta property=\"og:image\" content=\"https:\/\/360scooters.com\/ic\/wp-content\/uploads\/sites\/3\/2025\/08\/patinete-electrico-smartgyro-rockway-evo-4.jpg\" \/>\n\t<meta property=\"og:image:width\" content=\"1500\" \/>\n\t<meta property=\"og:image:height\" content=\"1500\" \/>\n\t<meta property=\"og:image:type\" content=\"image\/jpeg\" \/>\n<meta name=\"twitter:card\" content=\"summary_large_image\" \/>\n<meta name=\"twitter:label1\" content=\"Tiempo de lectura\" \/>\n\t<meta name=\"twitter:data1\" content=\"4 minutos\" \/>\n<script type=\"application\/ld+json\" class=\"yoast-schema-graph\">{\"@context\":\"https:\/\/schema.org\",\"@graph\":[{\"@type\":\"WebPage\",\"@id\":\"https:\/\/360scooters.com\/ic\/producto\/patinete-smartgyro-rockway-evo\/\",\"url\":\"https:\/\/360scooters.com\/ic\/producto\/patinete-smartgyro-rockway-evo\/\",\"name\":\"Patinete smartGyro Rockway EVO - 360Scooters | Venta y reparaci\u00f3n de patinetes el\u00e9ctricos en Canarias\",\"isPartOf\":{\"@id\":\"https:\/\/360scooters.com\/ic\/#website\"},\"primaryImageOfPage\":{\"@id\":\"https:\/\/360scooters.com\/ic\/producto\/patinete-smartgyro-rockway-evo\/#primaryimage\"},\"image\":{\"@id\":\"https:\/\/360scooters.com\/ic\/producto\/patinete-smartgyro-rockway-evo\/#primaryimage\"},\"thumbnailUrl\":\"https:\/\/360scooters.com\/ic\/wp-content\/uploads\/sites\/3\/2025\/08\/patinete-electrico-smartgyro-rockway-evo-4.jpg\",\"datePublished\":\"2025-08-13T10:53:16+00:00\",\"dateModified\":\"2025-08-13T14:39:10+00:00\",\"description\":\"Patinete smartGyro smartGyro Rockway EVO: potencia, autonom\u00eda y comodidad extrema. El nuevo patinete Rockway Evo de smartGyro lo tienes aqu\u00ed.\",\"breadcrumb\":{\"@id\":\"https:\/\/360scooters.com\/ic\/producto\/patinete-smartgyro-rockway-evo\/#breadcrumb\"},\"inLanguage\":\"es\",\"potentialAction\":[{\"@type\":\"ReadAction\",\"target\":[\"https:\/\/360scooters.com\/ic\/producto\/patinete-smartgyro-rockway-evo\/\"]}]},{\"@type\":\"ImageObject\",\"inLanguage\":\"es\",\"@id\":\"https:\/\/360scooters.com\/ic\/producto\/patinete-smartgyro-rockway-evo\/#primaryimage\",\"url\":\"https:\/\/360scooters.com\/ic\/wp-content\/uploads\/sites\/3\/2025\/08\/patinete-electrico-smartgyro-rockway-evo-4.jpg\",\"contentUrl\":\"https:\/\/360scooters.com\/ic\/wp-content\/uploads\/sites\/3\/2025\/08\/patinete-electrico-smartgyro-rockway-evo-4.jpg\",\"width\":1500,\"height\":1500},{\"@type\":\"BreadcrumbList\",\"@id\":\"https:\/\/360scooters.com\/ic\/producto\/patinete-smartgyro-rockway-evo\/#breadcrumb\",\"itemListElement\":[{\"@type\":\"ListItem\",\"position\":1,\"name\":\"Portada\",\"item\":\"https:\/\/360scooters.com\/ic\/\"},{\"@type\":\"ListItem\",\"position\":2,\"name\":\"Tienda\",\"item\":\"https:\/\/360scooters.com\/ic\/tienda\/\"},{\"@type\":\"ListItem\",\"position\":3,\"name\":\"Patinete smartGyro Rockway EVO\"}]},{\"@type\":\"WebSite\",\"@id\":\"https:\/\/360scooters.com\/ic\/#website\",\"url\":\"https:\/\/360scooters.com\/ic\/\",\"name\":\"360Scooters | Venta y reparaci\u00f3n de patinetes el\u00e9ctricos en Canarias\",\"description\":\"\",\"potentialAction\":[{\"@type\":\"SearchAction\",\"target\":{\"@type\":\"EntryPoint\",\"urlTemplate\":\"https:\/\/360scooters.com\/ic\/?s={search_term_string}\"},\"query-input\":{\"@type\":\"PropertyValueSpecification\",\"valueRequired\":true,\"valueName\":\"search_term_string\"}}],\"inLanguage\":\"es\"}]}<\/script>\n<!-- \/ Yoast SEO plugin. -->","yoast_head_json":{"title":"Patinete smartGyro Rockway EVO - 360Scooters | Venta y reparaci\u00f3n de patinetes el\u00e9ctricos en Canarias","description":"Patinete smartGyro smartGyro Rockway EVO: potencia, autonom\u00eda y comodidad extrema. El nuevo patinete Rockway Evo de smartGyro lo tienes aqu\u00ed.","robots":{"index":"index","follow":"follow","max-snippet":"max-snippet:-1","max-image-preview":"max-image-preview:large","max-video-preview":"max-video-preview:-1"},"canonical":"https:\/\/360scooters.com\/ic\/producto\/patinete-smartgyro-rockway-evo\/","og_locale":"es_ES","og_type":"article","og_title":"Patinete smartGyro Rockway EVO - 360Scooters | Venta y reparaci\u00f3n de patinetes el\u00e9ctricos en Canarias","og_description":"Patinete smartGyro smartGyro Rockway EVO: potencia, autonom\u00eda y comodidad extrema. El nuevo patinete Rockway Evo de smartGyro lo tienes aqu\u00ed.","og_url":"https:\/\/360scooters.com\/ic\/producto\/patinete-smartgyro-rockway-evo\/","og_site_name":"360Scooters | Venta y reparaci\u00f3n de patinetes el\u00e9ctricos en Canarias","article_modified_time":"2025-08-13T14:39:10+00:00","og_image":[{"width":1500,"height":1500,"url":"https:\/\/360scooters.com\/ic\/wp-content\/uploads\/sites\/3\/2025\/08\/patinete-electrico-smartgyro-rockway-evo-4.jpg","type":"image\/jpeg"}],"twitter_card":"summary_large_image","twitter_misc":{"Tiempo de lectura":"4 minutos"},"schema":{"@context":"https:\/\/schema.org","@graph":[{"@type":"WebPage","@id":"https:\/\/360scooters.com\/ic\/producto\/patinete-smartgyro-rockway-evo\/","url":"https:\/\/360scooters.com\/ic\/producto\/patinete-smartgyro-rockway-evo\/","name":"Patinete smartGyro Rockway EVO - 360Scooters | Venta y reparaci\u00f3n de patinetes el\u00e9ctricos en Canarias","isPartOf":{"@id":"https:\/\/360scooters.com\/ic\/#website"},"primaryImageOfPage":{"@id":"https:\/\/360scooters.com\/ic\/producto\/patinete-smartgyro-rockway-evo\/#primaryimage"},"image":{"@id":"https:\/\/360scooters.com\/ic\/producto\/patinete-smartgyro-rockway-evo\/#primaryimage"},"thumbnailUrl":"https:\/\/360scooters.com\/ic\/wp-content\/uploads\/sites\/3\/2025\/08\/patinete-electrico-smartgyro-rockway-evo-4.jpg","datePublished":"2025-08-13T10:53:16+00:00","dateModified":"2025-08-13T14:39:10+00:00","description":"Patinete smartGyro smartGyro Rockway EVO: potencia, autonom\u00eda y comodidad extrema. El nuevo patinete Rockway Evo de smartGyro lo tienes aqu\u00ed.","breadcrumb":{"@id":"https:\/\/360scooters.com\/ic\/producto\/patinete-smartgyro-rockway-evo\/#breadcrumb"},"inLanguage":"es","potentialAction":[{"@type":"ReadAction","target":["https:\/\/360scooters.com\/ic\/producto\/patinete-smartgyro-rockway-evo\/"]}]},{"@type":"ImageObject","inLanguage":"es","@id":"https:\/\/360scooters.com\/ic\/producto\/patinete-smartgyro-rockway-evo\/#primaryimage","url":"https:\/\/360scooters.com\/ic\/wp-content\/uploads\/sites\/3\/2025\/08\/patinete-electrico-smartgyro-rockway-evo-4.jpg","contentUrl":"https:\/\/360scooters.com\/ic\/wp-content\/uploads\/sites\/3\/2025\/08\/patinete-electrico-smartgyro-rockway-evo-4.jpg","width":1500,"height":1500},{"@type":"BreadcrumbList","@id":"https:\/\/360scooters.com\/ic\/producto\/patinete-smartgyro-rockway-evo\/#breadcrumb","itemListElement":[{"@type":"ListItem","position":1,"name":"Portada","item":"https:\/\/360scooters.com\/ic\/"},{"@type":"ListItem","position":2,"name":"Tienda","item":"https:\/\/360scooters.com\/ic\/tienda\/"},{"@type":"ListItem","position":3,"name":"Patinete smartGyro Rockway EVO"}]},{"@type":"WebSite","@id":"https:\/\/360scooters.com\/ic\/#website","url":"https:\/\/360scooters.com\/ic\/","name":"360Scooters | Venta y reparaci\u00f3n de patinetes el\u00e9ctricos en Canarias","description":"","potentialAction":[{"@type":"SearchAction","target":{"@type":"EntryPoint","urlTemplate":"https:\/\/360scooters.com\/ic\/?s={search_term_string}"},"query-input":{"@type":"PropertyValueSpecification","valueRequired":true,"valueName":"search_term_string"}}],"inLanguage":"es"}]}},"_links":{"self":[{"href":"https:\/\/360scooters.com\/ic\/wp-json\/wp\/v2\/product\/2634","targetHints":{"allow":["GET"]}}],"collection":[{"href":"https:\/\/360scooters.com\/ic\/wp-json\/wp\/v2\/product"}],"about":[{"href":"https:\/\/360scooters.com\/ic\/wp-json\/wp\/v2\/types\/product"}],"replies":[{"embeddable":true,"href":"https:\/\/360scooters.com\/ic\/wp-json\/wp\/v2\/comments?post=2634"}],"wp:featuredmedia":[{"embeddable":true,"href":"https:\/\/360scooters.com\/ic\/wp-json\/wp\/v2\/media\/2717"}],"wp:attachment":[{"href":"https:\/\/360scooters.com\/ic\/wp-json\/wp\/v2\/media?parent=2634"}],"wp:term":[{"taxonomy":"product_brand","embeddable":true,"href":"https:\/\/360scooters.com\/ic\/wp-json\/wp\/v2\/product_brand?post=2634"},{"taxonomy":"product_cat","embeddable":true,"href":"https:\/\/360scooters.com\/ic\/wp-json\/wp\/v2\/product_cat?post=2634"},{"taxonomy":"product_tag","embeddable":true,"href":"https:\/\/360scooters.com\/ic\/wp-json\/wp\/v2\/product_tag?post=2634"}],"curies":[{"name":"wp","href":"https:\/\/api.w.org\/{rel}","templated":true}]}}