{"id":2633,"date":"2025-08-13T12:53:15","date_gmt":"2025-08-13T10:53:15","guid":{"rendered":"https:\/\/360scooters.com\/ic\/?post_type=product&#038;p=2633"},"modified":"2025-08-13T16:40:00","modified_gmt":"2025-08-13T14:40:00","slug":"patinete-smartgyro-z-one2-gray","status":"publish","type":"product","link":"https:\/\/360scooters.com\/ic\/producto\/patinete-smartgyro-z-one2-gray\/","title":{"rendered":"Patinete smartGyro Z-One2 Gray"},"content":{"rendered":"<h2><strong>Patinete smartGyro Z-One2 Gray<\/strong><\/h2>\n<p>Descubre el <strong>smartGyro Z-One 2 Grey<\/strong>, una versi\u00f3n mejorada del cl\u00e1sico Z-One, dise\u00f1ada para ofrecer potencia, autonom\u00eda y estilo. Su motor de <strong>350W nominales<\/strong> (con picos de <strong>400W<\/strong>) te garantiza un rendimiento excepcional, perfecto para trayectos urbanos y terrenos desafiantes.<\/p>\n<p>Con una bater\u00eda de litio de <strong>8.000Ah<\/strong>, este patinete el\u00e9ctrico ofrece hasta <strong>30 km de autonom\u00eda<\/strong> por carga. Adem\u00e1s, est\u00e1 equipado con <strong>freno trasero de disco<\/strong> y <strong>freno el\u00e9ctrico delantero<\/strong>, asegurando una frenada segura y eficaz.<\/p>\n<p>La visibilidad tambi\u00e9n est\u00e1 garantizada gracias a su sistema de luces completo: faro delantero, luz trasera e <strong>intermitentes en pu\u00f1os y guardabarros<\/strong>, ideales para moverte por la ciudad con seguridad.<\/p>\n<p>El Z-One 2 incluye la tecnolog\u00eda <strong>&#8220;Core Inside&#8221;<\/strong>, que optimiza su hardware, integra una app y tecnolog\u00eda NFC para personalizar tu experiencia. Todo esto en un elegante color <strong>Grey<\/strong>, que aporta un toque moderno y sofisticado a tus trayectos diarios.<\/p>\n","protected":false},"excerpt":{"rendered":"<p><img decoding=\"async\" class=\"alignnone size-full wp-image-2974\" src=\"https:\/\/360scooters.com\/ic\/wp-content\/uploads\/sites\/3\/2025\/08\/VEHICULO-NO-CERTIFICADO-POR-LA-DGT-5.png\" alt=\"\" width=\"584\" height=\"84\" srcset=\"https:\/\/360scooters.com\/ic\/wp-content\/uploads\/sites\/3\/2025\/08\/VEHICULO-NO-CERTIFICADO-POR-LA-DGT-5.png 584w, https:\/\/360scooters.com\/ic\/wp-content\/uploads\/sites\/3\/2025\/08\/VEHICULO-NO-CERTIFICADO-POR-LA-DGT-5-300x43.png 300w, https:\/\/360scooters.com\/ic\/wp-content\/uploads\/sites\/3\/2025\/08\/VEHICULO-NO-CERTIFICADO-POR-LA-DGT-5-128x18.png 128w\" sizes=\"(max-width: 584px) 100vw, 584px\" \/><\/p>\n<p>El <strong>smartGyro Z-One 2 Grey<\/strong> ofrece un motor de 350W, 30 km de autonom\u00eda, doble freno, luces completas con intermitentes, y tecnolog\u00eda <strong>&#8220;Core Inside&#8221;<\/strong>. Dise\u00f1o moderno en color <strong>Grey<\/strong>.<\/p>\n<p><strong>Colores disponibles<br \/>\n<\/strong><strong><a href=\"https:\/\/360scooters.com\/ic\/producto\/patinete-smartgyro-z-one2-gray\/\"><img decoding=\"async\" class=\"alignnone wp-image-6387\" src=\"https:\/\/360scooters.com\/es\/wp-content\/uploads\/sites\/2\/2019\/01\/gray.png\" alt=\"\" width=\"40\" height=\"40\" \/><\/a>\u00a0 \u00a0\u00a0<a href=\"https:\/\/360scooters.com\/ic\/producto\/patinete-smartgyro-z-one2-blue\/\"><img decoding=\"async\" class=\"alignnone wp-image-5712\" src=\"https:\/\/360scooters.com\/es\/wp-content\/uploads\/sites\/2\/2024\/10\/BLUE.png\" alt=\"\" width=\"40\" height=\"40\" \/><\/a>\u00a0<\/strong><\/p>\n<table>\n<tbody>\n<tr>\n<td><strong>Potencia nominal<br \/>\n<\/strong><\/td>\n<td>350W<\/td>\n<\/tr>\n<tr>\n<td><strong>Potencia m\u00e1xima<br \/>\n<\/strong><\/td>\n<td>400W<\/td>\n<\/tr>\n<tr>\n<td><strong>Bater\u00eda<\/strong><\/td>\n<td>36v \u2013 8Ah<\/td>\n<\/tr>\n<tr>\n<td><strong>Velocidad<\/strong><\/td>\n<td>Hasta 25km\/h<\/td>\n<\/tr>\n<tr>\n<td><strong>Autonom\u00eda<\/strong><\/td>\n<td>Hasta 30 km<\/td>\n<\/tr>\n<tr>\n<td><strong>Peso<\/strong><\/td>\n<td>****<\/td>\n<\/tr>\n<tr>\n<td><strong>Tiempo de carga<\/strong><\/td>\n<td>****<\/td>\n<\/tr>\n<tr>\n<td><strong>Frenos<\/strong><\/td>\n<td>Freno de disco trasero.<\/td>\n<\/tr>\n<\/tbody>\n<\/table>\n<p><em>*Los precios, ofertas y promociones reflejados en esta web son exclusivos para compras online.<\/em><\/p>\n","protected":false},"featured_media":2689,"comment_status":"closed","ping_status":"closed","template":"","meta":[],"product_brand":[],"product_cat":[19],"product_tag":[],"class_list":{"0":"post-2633","1":"product","2":"type-product","3":"status-publish","4":"has-post-thumbnail","6":"product_cat-gama-ligera","7":"product_shipping_class-patinetes-electricos","9":"first","10":"instock","11":"taxable","12":"shipping-taxable","13":"purchasable","14":"product-type-simple"},"yoast_head":"<!-- This site is optimized with the Yoast SEO plugin v26.9 - https:\/\/yoast.com\/product\/yoast-seo-wordpress\/ -->\n<title>Patinete smartGyro Z-One2 Gray - 360Scooters | Venta y reparaci\u00f3n de patinetes el\u00e9ctricos en Canarias<\/title>\n<meta name=\"description\" content=\"Patinete smartGyro Z-One2, el nuevo patinete urbano de smartGyro con 350W de potencia nominal y sistema Core Inside con tecnolog\u00eda NFC.\" \/>\n<meta name=\"robots\" content=\"index, follow, max-snippet:-1, max-image-preview:large, max-video-preview:-1\" \/>\n<link rel=\"canonical\" href=\"https:\/\/360scooters.com\/ic\/producto\/patinete-smartgyro-z-one2-gray\/\" \/>\n<meta property=\"og:locale\" content=\"es_ES\" \/>\n<meta property=\"og:type\" content=\"article\" \/>\n<meta property=\"og:title\" content=\"Patinete smartGyro Z-One2 Gray - 360Scooters | Venta y reparaci\u00f3n de patinetes el\u00e9ctricos en Canarias\" \/>\n<meta property=\"og:description\" content=\"Patinete smartGyro Z-One2, el nuevo patinete urbano de smartGyro con 350W de potencia nominal y sistema Core Inside con tecnolog\u00eda NFC.\" \/>\n<meta property=\"og:url\" content=\"https:\/\/360scooters.com\/ic\/producto\/patinete-smartgyro-z-one2-gray\/\" \/>\n<meta property=\"og:site_name\" content=\"360Scooters | Venta y reparaci\u00f3n de patinetes el\u00e9ctricos en Canarias\" \/>\n<meta property=\"article:modified_time\" content=\"2025-08-13T14:40:00+00:00\" \/>\n<meta property=\"og:image\" content=\"https:\/\/360scooters.com\/ic\/wp-content\/uploads\/sites\/3\/2025\/08\/patinete-electrico-smartgyro-z-one-2-gray-certificado.jpg\" \/>\n\t<meta property=\"og:image:width\" content=\"1500\" \/>\n\t<meta property=\"og:image:height\" content=\"1500\" \/>\n\t<meta property=\"og:image:type\" content=\"image\/jpeg\" \/>\n<meta name=\"twitter:card\" content=\"summary_large_image\" \/>\n<meta name=\"twitter:label1\" content=\"Tiempo de lectura\" \/>\n\t<meta name=\"twitter:data1\" content=\"1 minuto\" \/>\n<script type=\"application\/ld+json\" class=\"yoast-schema-graph\">{\"@context\":\"https:\/\/schema.org\",\"@graph\":[{\"@type\":\"WebPage\",\"@id\":\"https:\/\/360scooters.com\/ic\/producto\/patinete-smartgyro-z-one2-gray\/\",\"url\":\"https:\/\/360scooters.com\/ic\/producto\/patinete-smartgyro-z-one2-gray\/\",\"name\":\"Patinete smartGyro Z-One2 Gray - 360Scooters | Venta y reparaci\u00f3n de patinetes el\u00e9ctricos en Canarias\",\"isPartOf\":{\"@id\":\"https:\/\/360scooters.com\/ic\/#website\"},\"primaryImageOfPage\":{\"@id\":\"https:\/\/360scooters.com\/ic\/producto\/patinete-smartgyro-z-one2-gray\/#primaryimage\"},\"image\":{\"@id\":\"https:\/\/360scooters.com\/ic\/producto\/patinete-smartgyro-z-one2-gray\/#primaryimage\"},\"thumbnailUrl\":\"https:\/\/360scooters.com\/ic\/wp-content\/uploads\/sites\/3\/2025\/08\/patinete-electrico-smartgyro-z-one-2-gray-certificado.jpg\",\"datePublished\":\"2025-08-13T10:53:15+00:00\",\"dateModified\":\"2025-08-13T14:40:00+00:00\",\"description\":\"Patinete smartGyro Z-One2, el nuevo patinete urbano de smartGyro con 350W de potencia nominal y sistema Core Inside con tecnolog\u00eda NFC.\",\"breadcrumb\":{\"@id\":\"https:\/\/360scooters.com\/ic\/producto\/patinete-smartgyro-z-one2-gray\/#breadcrumb\"},\"inLanguage\":\"es\",\"potentialAction\":[{\"@type\":\"ReadAction\",\"target\":[\"https:\/\/360scooters.com\/ic\/producto\/patinete-smartgyro-z-one2-gray\/\"]}]},{\"@type\":\"ImageObject\",\"inLanguage\":\"es\",\"@id\":\"https:\/\/360scooters.com\/ic\/producto\/patinete-smartgyro-z-one2-gray\/#primaryimage\",\"url\":\"https:\/\/360scooters.com\/ic\/wp-content\/uploads\/sites\/3\/2025\/08\/patinete-electrico-smartgyro-z-one-2-gray-certificado.jpg\",\"contentUrl\":\"https:\/\/360scooters.com\/ic\/wp-content\/uploads\/sites\/3\/2025\/08\/patinete-electrico-smartgyro-z-one-2-gray-certificado.jpg\",\"width\":1500,\"height\":1500},{\"@type\":\"BreadcrumbList\",\"@id\":\"https:\/\/360scooters.com\/ic\/producto\/patinete-smartgyro-z-one2-gray\/#breadcrumb\",\"itemListElement\":[{\"@type\":\"ListItem\",\"position\":1,\"name\":\"Portada\",\"item\":\"https:\/\/360scooters.com\/ic\/\"},{\"@type\":\"ListItem\",\"position\":2,\"name\":\"Tienda\",\"item\":\"https:\/\/360scooters.com\/ic\/tienda\/\"},{\"@type\":\"ListItem\",\"position\":3,\"name\":\"Patinete smartGyro Z-One2 Gray\"}]},{\"@type\":\"WebSite\",\"@id\":\"https:\/\/360scooters.com\/ic\/#website\",\"url\":\"https:\/\/360scooters.com\/ic\/\",\"name\":\"360Scooters | Venta y reparaci\u00f3n de patinetes el\u00e9ctricos en Canarias\",\"description\":\"\",\"potentialAction\":[{\"@type\":\"SearchAction\",\"target\":{\"@type\":\"EntryPoint\",\"urlTemplate\":\"https:\/\/360scooters.com\/ic\/?s={search_term_string}\"},\"query-input\":{\"@type\":\"PropertyValueSpecification\",\"valueRequired\":true,\"valueName\":\"search_term_string\"}}],\"inLanguage\":\"es\"}]}<\/script>\n<!-- \/ Yoast SEO plugin. -->","yoast_head_json":{"title":"Patinete smartGyro Z-One2 Gray - 360Scooters | Venta y reparaci\u00f3n de patinetes el\u00e9ctricos en Canarias","description":"Patinete smartGyro Z-One2, el nuevo patinete urbano de smartGyro con 350W de potencia nominal y sistema Core Inside con tecnolog\u00eda NFC.","robots":{"index":"index","follow":"follow","max-snippet":"max-snippet:-1","max-image-preview":"max-image-preview:large","max-video-preview":"max-video-preview:-1"},"canonical":"https:\/\/360scooters.com\/ic\/producto\/patinete-smartgyro-z-one2-gray\/","og_locale":"es_ES","og_type":"article","og_title":"Patinete smartGyro Z-One2 Gray - 360Scooters | Venta y reparaci\u00f3n de patinetes el\u00e9ctricos en Canarias","og_description":"Patinete smartGyro Z-One2, el nuevo patinete urbano de smartGyro con 350W de potencia nominal y sistema Core Inside con tecnolog\u00eda NFC.","og_url":"https:\/\/360scooters.com\/ic\/producto\/patinete-smartgyro-z-one2-gray\/","og_site_name":"360Scooters | Venta y reparaci\u00f3n de patinetes el\u00e9ctricos en Canarias","article_modified_time":"2025-08-13T14:40:00+00:00","og_image":[{"width":1500,"height":1500,"url":"https:\/\/360scooters.com\/ic\/wp-content\/uploads\/sites\/3\/2025\/08\/patinete-electrico-smartgyro-z-one-2-gray-certificado.jpg","type":"image\/jpeg"}],"twitter_card":"summary_large_image","twitter_misc":{"Tiempo de lectura":"1 minuto"},"schema":{"@context":"https:\/\/schema.org","@graph":[{"@type":"WebPage","@id":"https:\/\/360scooters.com\/ic\/producto\/patinete-smartgyro-z-one2-gray\/","url":"https:\/\/360scooters.com\/ic\/producto\/patinete-smartgyro-z-one2-gray\/","name":"Patinete smartGyro Z-One2 Gray - 360Scooters | Venta y reparaci\u00f3n de patinetes el\u00e9ctricos en Canarias","isPartOf":{"@id":"https:\/\/360scooters.com\/ic\/#website"},"primaryImageOfPage":{"@id":"https:\/\/360scooters.com\/ic\/producto\/patinete-smartgyro-z-one2-gray\/#primaryimage"},"image":{"@id":"https:\/\/360scooters.com\/ic\/producto\/patinete-smartgyro-z-one2-gray\/#primaryimage"},"thumbnailUrl":"https:\/\/360scooters.com\/ic\/wp-content\/uploads\/sites\/3\/2025\/08\/patinete-electrico-smartgyro-z-one-2-gray-certificado.jpg","datePublished":"2025-08-13T10:53:15+00:00","dateModified":"2025-08-13T14:40:00+00:00","description":"Patinete smartGyro Z-One2, el nuevo patinete urbano de smartGyro con 350W de potencia nominal y sistema Core Inside con tecnolog\u00eda NFC.","breadcrumb":{"@id":"https:\/\/360scooters.com\/ic\/producto\/patinete-smartgyro-z-one2-gray\/#breadcrumb"},"inLanguage":"es","potentialAction":[{"@type":"ReadAction","target":["https:\/\/360scooters.com\/ic\/producto\/patinete-smartgyro-z-one2-gray\/"]}]},{"@type":"ImageObject","inLanguage":"es","@id":"https:\/\/360scooters.com\/ic\/producto\/patinete-smartgyro-z-one2-gray\/#primaryimage","url":"https:\/\/360scooters.com\/ic\/wp-content\/uploads\/sites\/3\/2025\/08\/patinete-electrico-smartgyro-z-one-2-gray-certificado.jpg","contentUrl":"https:\/\/360scooters.com\/ic\/wp-content\/uploads\/sites\/3\/2025\/08\/patinete-electrico-smartgyro-z-one-2-gray-certificado.jpg","width":1500,"height":1500},{"@type":"BreadcrumbList","@id":"https:\/\/360scooters.com\/ic\/producto\/patinete-smartgyro-z-one2-gray\/#breadcrumb","itemListElement":[{"@type":"ListItem","position":1,"name":"Portada","item":"https:\/\/360scooters.com\/ic\/"},{"@type":"ListItem","position":2,"name":"Tienda","item":"https:\/\/360scooters.com\/ic\/tienda\/"},{"@type":"ListItem","position":3,"name":"Patinete smartGyro Z-One2 Gray"}]},{"@type":"WebSite","@id":"https:\/\/360scooters.com\/ic\/#website","url":"https:\/\/360scooters.com\/ic\/","name":"360Scooters | Venta y reparaci\u00f3n de patinetes el\u00e9ctricos en Canarias","description":"","potentialAction":[{"@type":"SearchAction","target":{"@type":"EntryPoint","urlTemplate":"https:\/\/360scooters.com\/ic\/?s={search_term_string}"},"query-input":{"@type":"PropertyValueSpecification","valueRequired":true,"valueName":"search_term_string"}}],"inLanguage":"es"}]}},"_links":{"self":[{"href":"https:\/\/360scooters.com\/ic\/wp-json\/wp\/v2\/product\/2633","targetHints":{"allow":["GET"]}}],"collection":[{"href":"https:\/\/360scooters.com\/ic\/wp-json\/wp\/v2\/product"}],"about":[{"href":"https:\/\/360scooters.com\/ic\/wp-json\/wp\/v2\/types\/product"}],"replies":[{"embeddable":true,"href":"https:\/\/360scooters.com\/ic\/wp-json\/wp\/v2\/comments?post=2633"}],"wp:featuredmedia":[{"embeddable":true,"href":"https:\/\/360scooters.com\/ic\/wp-json\/wp\/v2\/media\/2689"}],"wp:attachment":[{"href":"https:\/\/360scooters.com\/ic\/wp-json\/wp\/v2\/media?parent=2633"}],"wp:term":[{"taxonomy":"product_brand","embeddable":true,"href":"https:\/\/360scooters.com\/ic\/wp-json\/wp\/v2\/product_brand?post=2633"},{"taxonomy":"product_cat","embeddable":true,"href":"https:\/\/360scooters.com\/ic\/wp-json\/wp\/v2\/product_cat?post=2633"},{"taxonomy":"product_tag","embeddable":true,"href":"https:\/\/360scooters.com\/ic\/wp-json\/wp\/v2\/product_tag?post=2633"}],"curies":[{"name":"wp","href":"https:\/\/api.w.org\/{rel}","templated":true}]}}