{"id":2051,"date":"2025-03-08T10:25:00","date_gmt":"2025-03-08T09:25:00","guid":{"rendered":"https:\/\/360scooters.com\/ic\/?post_type=product&#038;p=2051"},"modified":"2025-03-08T10:33:26","modified_gmt":"2025-03-08T09:33:26","slug":"vinilo-smartgyro-crossover-dual-max-sticker-bomb","status":"publish","type":"product","link":"https:\/\/360scooters.com\/ic\/producto\/vinilo-smartgyro-crossover-dual-max-sticker-bomb\/","title":{"rendered":"Vinilo smartGyro Crossover Dual Max Sticker Bomb"},"content":{"rendered":"<h2><span style=\"color: #000000;\"><strong>Vinilo para smartGyro Crossover Dual Max Sticker Bomb<\/strong><\/span><\/h2>\n<p>Dale un toque explosivo y lleno de personalidad a tu <strong>Crossover Dual Max<\/strong> con el vinilo <strong>Sticker Bomb<\/strong>. \ud83c\udf1f Este dise\u00f1o est\u00e1 repleto de color, con una mezcla de stickers que gritan estilo y rebeld\u00eda. Si quieres que tu patinete destaque en cada esquina y refleje tu lado m\u00e1s atrevido, este vinilo es para ti.<\/p>\n<p>Adem\u00e1s, ofrece una cobertura superior para proteger tu patinete de rayones y desgaste, todo mientras se adapta como un guante a tu modelo <strong>Crossover Dual Max<\/strong>. \u00a1M\u00e1s dise\u00f1o, m\u00e1s protecci\u00f3n, m\u00e1s t\u00fa!<\/p>\n<h4><strong>Caracter\u00edsticas clave:<\/strong><\/h4>\n<ul>\n<li>\ud83c\udfa8 <strong>Dise\u00f1o Sticker Bomb<\/strong>: Una explosi\u00f3n de color y estilo \u00fanico.<\/li>\n<li>\ud83d\udee1\ufe0f <strong>Cobertura m\u00e1xima<\/strong>: Protege m\u00e1s superficie que otros vinilos.<\/li>\n<li>\u26a1 <strong>F\u00e1cil de instalar<\/strong>: Personaliza tu patinete en cuesti\u00f3n de minutos.<\/li>\n<li>\ud83d\udef4 <strong>Ajuste perfecto<\/strong>: Dise\u00f1ado espec\u00edficamente para el Crossover Dual Max.<\/li>\n<\/ul>\n<p>Haz que cada trayecto sea una declaraci\u00f3n de estilo con el vinilo <strong>Sticker Bomb<\/strong>. \u00a1Expr\u00e9sate y conquista las calles! \ud83d\ude80<\/p>\n","protected":false},"excerpt":{"rendered":"<p><span style=\"color: #ff6600;\"><strong><em>Este producto puede sufrir retrasos en su entrega por producci\u00f3n<\/em><\/strong><\/span><\/p>\n<p>\ud83d\udca5 Lleva tu <strong>Crossover Dual Max<\/strong> al siguiente nivel con el vinilo <strong>Sticker Bomb<\/strong>. Un dise\u00f1o explosivo, m\u00e1xima cobertura y f\u00e1cil instalaci\u00f3n. \ud83c\udfa8 \u00a1Haz que tu patinete sea tan \u00fanico como t\u00fa!<\/p>\n","protected":false},"featured_media":2088,"comment_status":"open","ping_status":"closed","template":"","meta":[],"product_brand":[],"product_cat":[228,233],"product_tag":[],"class_list":{"0":"post-2051","1":"product","2":"type-product","3":"status-publish","4":"has-post-thumbnail","6":"product_cat-vinilos-para-smartgyro-vinilos-2","7":"product_cat-vinilos-smartgyro-crossover-dual-max","9":"first","10":"instock","11":"taxable","12":"shipping-taxable","13":"purchasable","14":"product-type-variable"},"yoast_head":"<!-- This site is optimized with the Yoast SEO plugin v26.9 - https:\/\/yoast.com\/product\/yoast-seo-wordpress\/ -->\n<title>Vinilo smartGyro Crossover Dual Max Sticker Bomb - 360Scooters | Venta y reparaci\u00f3n de patinetes el\u00e9ctricos en Canarias<\/title>\n<meta name=\"robots\" content=\"index, follow, max-snippet:-1, max-image-preview:large, max-video-preview:-1\" \/>\n<link rel=\"canonical\" href=\"https:\/\/360scooters.com\/ic\/producto\/vinilo-smartgyro-crossover-dual-max-sticker-bomb\/\" \/>\n<meta property=\"og:locale\" content=\"es_ES\" \/>\n<meta property=\"og:type\" content=\"article\" \/>\n<meta property=\"og:title\" content=\"Vinilo smartGyro Crossover Dual Max Sticker Bomb - 360Scooters | Venta y reparaci\u00f3n de patinetes el\u00e9ctricos en Canarias\" \/>\n<meta property=\"og:description\" content=\"Este producto puede sufrir retrasos en su entrega por producci\u00f3n  \ud83d\udca5 Lleva tu Crossover Dual Max al siguiente nivel con el vinilo Sticker Bomb. Un dise\u00f1o explosivo, m\u00e1xima cobertura y f\u00e1cil instalaci\u00f3n. \ud83c\udfa8 \u00a1Haz que tu patinete sea tan \u00fanico como t\u00fa!\" \/>\n<meta property=\"og:url\" content=\"https:\/\/360scooters.com\/ic\/producto\/vinilo-smartgyro-crossover-dual-max-sticker-bomb\/\" \/>\n<meta property=\"og:site_name\" content=\"360Scooters | Venta y reparaci\u00f3n de patinetes el\u00e9ctricos en Canarias\" \/>\n<meta property=\"article:modified_time\" content=\"2025-03-08T09:33:26+00:00\" \/>\n<meta property=\"og:image\" content=\"https:\/\/360scooters.com\/ic\/wp-content\/uploads\/sites\/3\/2025\/03\/WhatsApp-Image-2025-01-24-at-19.15.14-2.jpeg\" \/>\n\t<meta property=\"og:image:width\" content=\"977\" \/>\n\t<meta property=\"og:image:height\" content=\"964\" \/>\n\t<meta property=\"og:image:type\" content=\"image\/jpeg\" \/>\n<meta name=\"twitter:card\" content=\"summary_large_image\" \/>\n<meta name=\"twitter:label1\" content=\"Tiempo de lectura\" \/>\n\t<meta name=\"twitter:data1\" content=\"1 minuto\" \/>\n<script type=\"application\/ld+json\" class=\"yoast-schema-graph\">{\"@context\":\"https:\/\/schema.org\",\"@graph\":[{\"@type\":\"WebPage\",\"@id\":\"https:\/\/360scooters.com\/ic\/producto\/vinilo-smartgyro-crossover-dual-max-sticker-bomb\/\",\"url\":\"https:\/\/360scooters.com\/ic\/producto\/vinilo-smartgyro-crossover-dual-max-sticker-bomb\/\",\"name\":\"Vinilo smartGyro Crossover Dual Max Sticker Bomb - 360Scooters | Venta y reparaci\u00f3n de patinetes el\u00e9ctricos en Canarias\",\"isPartOf\":{\"@id\":\"https:\/\/360scooters.com\/ic\/#website\"},\"primaryImageOfPage\":{\"@id\":\"https:\/\/360scooters.com\/ic\/producto\/vinilo-smartgyro-crossover-dual-max-sticker-bomb\/#primaryimage\"},\"image\":{\"@id\":\"https:\/\/360scooters.com\/ic\/producto\/vinilo-smartgyro-crossover-dual-max-sticker-bomb\/#primaryimage\"},\"thumbnailUrl\":\"https:\/\/360scooters.com\/ic\/wp-content\/uploads\/sites\/3\/2025\/03\/WhatsApp-Image-2025-01-24-at-19.15.14-2.jpeg\",\"datePublished\":\"2025-03-08T09:25:00+00:00\",\"dateModified\":\"2025-03-08T09:33:26+00:00\",\"breadcrumb\":{\"@id\":\"https:\/\/360scooters.com\/ic\/producto\/vinilo-smartgyro-crossover-dual-max-sticker-bomb\/#breadcrumb\"},\"inLanguage\":\"es\",\"potentialAction\":[{\"@type\":\"ReadAction\",\"target\":[\"https:\/\/360scooters.com\/ic\/producto\/vinilo-smartgyro-crossover-dual-max-sticker-bomb\/\"]}]},{\"@type\":\"ImageObject\",\"inLanguage\":\"es\",\"@id\":\"https:\/\/360scooters.com\/ic\/producto\/vinilo-smartgyro-crossover-dual-max-sticker-bomb\/#primaryimage\",\"url\":\"https:\/\/360scooters.com\/ic\/wp-content\/uploads\/sites\/3\/2025\/03\/WhatsApp-Image-2025-01-24-at-19.15.14-2.jpeg\",\"contentUrl\":\"https:\/\/360scooters.com\/ic\/wp-content\/uploads\/sites\/3\/2025\/03\/WhatsApp-Image-2025-01-24-at-19.15.14-2.jpeg\",\"width\":977,\"height\":964},{\"@type\":\"BreadcrumbList\",\"@id\":\"https:\/\/360scooters.com\/ic\/producto\/vinilo-smartgyro-crossover-dual-max-sticker-bomb\/#breadcrumb\",\"itemListElement\":[{\"@type\":\"ListItem\",\"position\":1,\"name\":\"Portada\",\"item\":\"https:\/\/360scooters.com\/ic\/\"},{\"@type\":\"ListItem\",\"position\":2,\"name\":\"Tienda\",\"item\":\"https:\/\/360scooters.com\/ic\/tienda\/\"},{\"@type\":\"ListItem\",\"position\":3,\"name\":\"Vinilo smartGyro Crossover Dual Max Sticker Bomb\"}]},{\"@type\":\"WebSite\",\"@id\":\"https:\/\/360scooters.com\/ic\/#website\",\"url\":\"https:\/\/360scooters.com\/ic\/\",\"name\":\"360Scooters | Venta y reparaci\u00f3n de patinetes el\u00e9ctricos en Canarias\",\"description\":\"\",\"potentialAction\":[{\"@type\":\"SearchAction\",\"target\":{\"@type\":\"EntryPoint\",\"urlTemplate\":\"https:\/\/360scooters.com\/ic\/?s={search_term_string}\"},\"query-input\":{\"@type\":\"PropertyValueSpecification\",\"valueRequired\":true,\"valueName\":\"search_term_string\"}}],\"inLanguage\":\"es\"}]}<\/script>\n<!-- \/ Yoast SEO plugin. -->","yoast_head_json":{"title":"Vinilo smartGyro Crossover Dual Max Sticker Bomb - 360Scooters | Venta y reparaci\u00f3n de patinetes el\u00e9ctricos en Canarias","robots":{"index":"index","follow":"follow","max-snippet":"max-snippet:-1","max-image-preview":"max-image-preview:large","max-video-preview":"max-video-preview:-1"},"canonical":"https:\/\/360scooters.com\/ic\/producto\/vinilo-smartgyro-crossover-dual-max-sticker-bomb\/","og_locale":"es_ES","og_type":"article","og_title":"Vinilo smartGyro Crossover Dual Max Sticker Bomb - 360Scooters | Venta y reparaci\u00f3n de patinetes el\u00e9ctricos en Canarias","og_description":"Este producto puede sufrir retrasos en su entrega por producci\u00f3n  \ud83d\udca5 Lleva tu Crossover Dual Max al siguiente nivel con el vinilo Sticker Bomb. Un dise\u00f1o explosivo, m\u00e1xima cobertura y f\u00e1cil instalaci\u00f3n. \ud83c\udfa8 \u00a1Haz que tu patinete sea tan \u00fanico como t\u00fa!","og_url":"https:\/\/360scooters.com\/ic\/producto\/vinilo-smartgyro-crossover-dual-max-sticker-bomb\/","og_site_name":"360Scooters | Venta y reparaci\u00f3n de patinetes el\u00e9ctricos en Canarias","article_modified_time":"2025-03-08T09:33:26+00:00","og_image":[{"width":977,"height":964,"url":"https:\/\/360scooters.com\/ic\/wp-content\/uploads\/sites\/3\/2025\/03\/WhatsApp-Image-2025-01-24-at-19.15.14-2.jpeg","type":"image\/jpeg"}],"twitter_card":"summary_large_image","twitter_misc":{"Tiempo de lectura":"1 minuto"},"schema":{"@context":"https:\/\/schema.org","@graph":[{"@type":"WebPage","@id":"https:\/\/360scooters.com\/ic\/producto\/vinilo-smartgyro-crossover-dual-max-sticker-bomb\/","url":"https:\/\/360scooters.com\/ic\/producto\/vinilo-smartgyro-crossover-dual-max-sticker-bomb\/","name":"Vinilo smartGyro Crossover Dual Max Sticker Bomb - 360Scooters | Venta y reparaci\u00f3n de patinetes el\u00e9ctricos en Canarias","isPartOf":{"@id":"https:\/\/360scooters.com\/ic\/#website"},"primaryImageOfPage":{"@id":"https:\/\/360scooters.com\/ic\/producto\/vinilo-smartgyro-crossover-dual-max-sticker-bomb\/#primaryimage"},"image":{"@id":"https:\/\/360scooters.com\/ic\/producto\/vinilo-smartgyro-crossover-dual-max-sticker-bomb\/#primaryimage"},"thumbnailUrl":"https:\/\/360scooters.com\/ic\/wp-content\/uploads\/sites\/3\/2025\/03\/WhatsApp-Image-2025-01-24-at-19.15.14-2.jpeg","datePublished":"2025-03-08T09:25:00+00:00","dateModified":"2025-03-08T09:33:26+00:00","breadcrumb":{"@id":"https:\/\/360scooters.com\/ic\/producto\/vinilo-smartgyro-crossover-dual-max-sticker-bomb\/#breadcrumb"},"inLanguage":"es","potentialAction":[{"@type":"ReadAction","target":["https:\/\/360scooters.com\/ic\/producto\/vinilo-smartgyro-crossover-dual-max-sticker-bomb\/"]}]},{"@type":"ImageObject","inLanguage":"es","@id":"https:\/\/360scooters.com\/ic\/producto\/vinilo-smartgyro-crossover-dual-max-sticker-bomb\/#primaryimage","url":"https:\/\/360scooters.com\/ic\/wp-content\/uploads\/sites\/3\/2025\/03\/WhatsApp-Image-2025-01-24-at-19.15.14-2.jpeg","contentUrl":"https:\/\/360scooters.com\/ic\/wp-content\/uploads\/sites\/3\/2025\/03\/WhatsApp-Image-2025-01-24-at-19.15.14-2.jpeg","width":977,"height":964},{"@type":"BreadcrumbList","@id":"https:\/\/360scooters.com\/ic\/producto\/vinilo-smartgyro-crossover-dual-max-sticker-bomb\/#breadcrumb","itemListElement":[{"@type":"ListItem","position":1,"name":"Portada","item":"https:\/\/360scooters.com\/ic\/"},{"@type":"ListItem","position":2,"name":"Tienda","item":"https:\/\/360scooters.com\/ic\/tienda\/"},{"@type":"ListItem","position":3,"name":"Vinilo smartGyro Crossover Dual Max Sticker Bomb"}]},{"@type":"WebSite","@id":"https:\/\/360scooters.com\/ic\/#website","url":"https:\/\/360scooters.com\/ic\/","name":"360Scooters | Venta y reparaci\u00f3n de patinetes el\u00e9ctricos en Canarias","description":"","potentialAction":[{"@type":"SearchAction","target":{"@type":"EntryPoint","urlTemplate":"https:\/\/360scooters.com\/ic\/?s={search_term_string}"},"query-input":{"@type":"PropertyValueSpecification","valueRequired":true,"valueName":"search_term_string"}}],"inLanguage":"es"}]}},"_links":{"self":[{"href":"https:\/\/360scooters.com\/ic\/wp-json\/wp\/v2\/product\/2051","targetHints":{"allow":["GET"]}}],"collection":[{"href":"https:\/\/360scooters.com\/ic\/wp-json\/wp\/v2\/product"}],"about":[{"href":"https:\/\/360scooters.com\/ic\/wp-json\/wp\/v2\/types\/product"}],"replies":[{"embeddable":true,"href":"https:\/\/360scooters.com\/ic\/wp-json\/wp\/v2\/comments?post=2051"}],"wp:featuredmedia":[{"embeddable":true,"href":"https:\/\/360scooters.com\/ic\/wp-json\/wp\/v2\/media\/2088"}],"wp:attachment":[{"href":"https:\/\/360scooters.com\/ic\/wp-json\/wp\/v2\/media?parent=2051"}],"wp:term":[{"taxonomy":"product_brand","embeddable":true,"href":"https:\/\/360scooters.com\/ic\/wp-json\/wp\/v2\/product_brand?post=2051"},{"taxonomy":"product_cat","embeddable":true,"href":"https:\/\/360scooters.com\/ic\/wp-json\/wp\/v2\/product_cat?post=2051"},{"taxonomy":"product_tag","embeddable":true,"href":"https:\/\/360scooters.com\/ic\/wp-json\/wp\/v2\/product_tag?post=2051"}],"curies":[{"name":"wp","href":"https:\/\/api.w.org\/{rel}","templated":true}]}}