{"id":2049,"date":"2025-03-08T10:24:59","date_gmt":"2025-03-08T09:24:59","guid":{"rendered":"https:\/\/360scooters.com\/ic\/?post_type=product&#038;p=2049"},"modified":"2025-03-08T10:34:50","modified_gmt":"2025-03-08T09:34:50","slug":"vinilo-zwheel-zcougar-hoonigan","status":"publish","type":"product","link":"https:\/\/360scooters.com\/ic\/producto\/vinilo-zwheel-zcougar-hoonigan\/","title":{"rendered":"Vinilo Zwheel ZCougar Hoonigan"},"content":{"rendered":"<h2><span data-sheets-value=\"{&quot;1&quot;:2,&quot;2&quot;:&quot;Vinilo Redbull x KTM para patinete el\u00e9ctrico SmartgyronnPersonaliza tu patinete el\u00e9ctrico SmartGyro con este incre\u00edble vinilo de edici\u00f3n especial Redbull x KTM, disponible en Taller del Patinete. Dise\u00f1ado para brindar un toque de alta velocidad y energ\u00eda, este vinilo exclusivo combina la emblem\u00e1tica marca Redbull con el estilo distintivo de KTM.nnVinilo para patinete SmartgyronnLa aplicaci\u00f3n del vinilo es sencilla y no deja residuos al retirarlo, lo que garantiza que tu patinete se mantenga en perfecto estado. Adem\u00e1s, el material de alta calidad protege la superficie del patinete contra ara\u00f1azos y desgaste.nnA\u00f1ade un toque de personalidad a tu SmartGyro y presume de tu pasi\u00f3n por el mundo del motor con este vinilo \u00fanico. \u00a1No te quedes sin el tuyo!&quot;}\" data-sheets-userformat=\"{&quot;2&quot;:1049347,&quot;3&quot;:{&quot;1&quot;:0},&quot;4&quot;:{&quot;1&quot;:2,&quot;2&quot;:16777215},&quot;11&quot;:0,&quot;12&quot;:0,&quot;23&quot;:1}\"><strong>Vinilo Hoonigan para patinete el\u00e9ctrico Zwheel ZCougar<\/strong><\/span><\/h2>\n<p><span data-sheets-value=\"{&quot;1&quot;:2,&quot;2&quot;:&quot;Vinilo Redbull x KTM para patinete el\u00e9ctrico SmartgyronnPersonaliza tu patinete el\u00e9ctrico SmartGyro con este incre\u00edble vinilo de edici\u00f3n especial Redbull x KTM, disponible en Taller del Patinete. Dise\u00f1ado para brindar un toque de alta velocidad y energ\u00eda, este vinilo exclusivo combina la emblem\u00e1tica marca Redbull con el estilo distintivo de KTM.nnVinilo para patinete SmartgyronnLa aplicaci\u00f3n del vinilo es sencilla y no deja residuos al retirarlo, lo que garantiza que tu patinete se mantenga en perfecto estado. Adem\u00e1s, el material de alta calidad protege la superficie del patinete contra ara\u00f1azos y desgaste.nnA\u00f1ade un toque de personalidad a tu SmartGyro y presume de tu pasi\u00f3n por el mundo del motor con este vinilo \u00fanico. \u00a1No te quedes sin el tuyo!&quot;}\" data-sheets-userformat=\"{&quot;2&quot;:1049347,&quot;3&quot;:{&quot;1&quot;:0},&quot;4&quot;:{&quot;1&quot;:2,&quot;2&quot;:16777215},&quot;11&quot;:0,&quot;12&quot;:0,&quot;23&quot;:1}\">Personaliza tu patinete el\u00e9ctrico ZCougar con este incre\u00edble vinilo de Stylish Scooters. Dise\u00f1ado para brindar un toque de alta velocidad y energ\u00eda.\u00a0<\/span><\/p>\n<h3><span data-sheets-value=\"{&quot;1&quot;:2,&quot;2&quot;:&quot;Vinilo Redbull x KTM para patinete el\u00e9ctrico SmartgyronnPersonaliza tu patinete el\u00e9ctrico SmartGyro con este incre\u00edble vinilo de edici\u00f3n especial Redbull x KTM, disponible en Taller del Patinete. Dise\u00f1ado para brindar un toque de alta velocidad y energ\u00eda, este vinilo exclusivo combina la emblem\u00e1tica marca Redbull con el estilo distintivo de KTM.nnVinilo para patinete SmartgyronnLa aplicaci\u00f3n del vinilo es sencilla y no deja residuos al retirarlo, lo que garantiza que tu patinete se mantenga en perfecto estado. Adem\u00e1s, el material de alta calidad protege la superficie del patinete contra ara\u00f1azos y desgaste.nnA\u00f1ade un toque de personalidad a tu SmartGyro y presume de tu pasi\u00f3n por el mundo del motor con este vinilo \u00fanico. \u00a1No te quedes sin el tuyo!&quot;}\" data-sheets-userformat=\"{&quot;2&quot;:1049347,&quot;3&quot;:{&quot;1&quot;:0},&quot;4&quot;:{&quot;1&quot;:2,&quot;2&quot;:16777215},&quot;11&quot;:0,&quot;12&quot;:0,&quot;23&quot;:1}\"><strong>Vinilo para patinete ZWheel<\/strong><\/span><\/h3>\n<p><span data-sheets-value=\"{&quot;1&quot;:2,&quot;2&quot;:&quot;Vinilo Redbull x KTM para patinete el\u00e9ctrico SmartgyronnPersonaliza tu patinete el\u00e9ctrico SmartGyro con este incre\u00edble vinilo de edici\u00f3n especial Redbull x KTM, disponible en Taller del Patinete. Dise\u00f1ado para brindar un toque de alta velocidad y energ\u00eda, este vinilo exclusivo combina la emblem\u00e1tica marca Redbull con el estilo distintivo de KTM.nnVinilo para patinete SmartgyronnLa aplicaci\u00f3n del vinilo es sencilla y no deja residuos al retirarlo, lo que garantiza que tu patinete se mantenga en perfecto estado. Adem\u00e1s, el material de alta calidad protege la superficie del patinete contra ara\u00f1azos y desgaste.nnA\u00f1ade un toque de personalidad a tu SmartGyro y presume de tu pasi\u00f3n por el mundo del motor con este vinilo \u00fanico. \u00a1No te quedes sin el tuyo!&quot;}\" data-sheets-userformat=\"{&quot;2&quot;:1049347,&quot;3&quot;:{&quot;1&quot;:0},&quot;4&quot;:{&quot;1&quot;:2,&quot;2&quot;:16777215},&quot;11&quot;:0,&quot;12&quot;:0,&quot;23&quot;:1}\">La aplicaci\u00f3n del vinilo es sencilla y no deja residuos al retirarlo, lo que garantiza que tu patinete se mantenga en perfecto estado. Adem\u00e1s, el material de alta calidad protege la superficie del patinete contra ara\u00f1azos y desgaste.<\/span><\/p>\n<p>A\u00f1ade un toque de personalidad a tu Zwheel y presume de tu pasi\u00f3n por el mundo del motor con este vinilo \u00fanico. \u00a1No te quedes sin el tuyo!<\/p>\n","protected":false},"excerpt":{"rendered":"<p><span style=\"color: #ff6600;\"><strong><em>Este producto puede sufrir retrasos en su entrega por producci\u00f3n<\/em><\/strong><\/span><\/p>\n<p>Dale un toque personal a tu patinete el\u00e9ctrico ZCougar con nuestra amplia selecci\u00f3n de vinilos y decoraciones. Crea un dise\u00f1o \u00fanico con nuestros vinilos.<\/p>\n<p>Modelos compatibles :<\/p>\n<p>Zwheel ZCougar \/ Youin XL Max<\/p>\n","protected":false},"featured_media":2056,"comment_status":"open","ping_status":"closed","template":"","meta":[],"product_brand":[],"product_cat":[230,234,231],"product_tag":[],"class_list":{"0":"post-2049","1":"product","2":"type-product","3":"status-publish","4":"has-post-thumbnail","6":"product_cat-vinilos-para-zwheel","7":"product_cat-vinilos-zwheel-zcougar","8":"product_cat-vinilos-zwheel-zrino","10":"first","11":"instock","12":"taxable","13":"shipping-taxable","14":"purchasable","15":"product-type-simple"},"yoast_head":"<!-- This site is optimized with the Yoast SEO plugin v26.9 - https:\/\/yoast.com\/product\/yoast-seo-wordpress\/ -->\n<title>Vinilo Zwheel ZCougar Hoonigan - 360Scooters | Venta y reparaci\u00f3n de patinetes el\u00e9ctricos en Canarias<\/title>\n<meta name=\"robots\" content=\"index, follow, max-snippet:-1, max-image-preview:large, max-video-preview:-1\" \/>\n<link rel=\"canonical\" href=\"https:\/\/360scooters.com\/ic\/producto\/vinilo-zwheel-zcougar-hoonigan\/\" \/>\n<meta property=\"og:locale\" content=\"es_ES\" \/>\n<meta property=\"og:type\" content=\"article\" \/>\n<meta property=\"og:title\" content=\"Vinilo Zwheel ZCougar Hoonigan - 360Scooters | Venta y reparaci\u00f3n de patinetes el\u00e9ctricos en Canarias\" \/>\n<meta property=\"og:description\" content=\"Este producto puede sufrir retrasos en su entrega por producci\u00f3n  Dale un toque personal a tu patinete el\u00e9ctrico ZCougar con nuestra amplia selecci\u00f3n de vinilos y decoraciones. Crea un dise\u00f1o \u00fanico con nuestros vinilos.  Modelos compatibles :  Zwheel ZCougar \/ Youin XL Max\" \/>\n<meta property=\"og:url\" content=\"https:\/\/360scooters.com\/ic\/producto\/vinilo-zwheel-zcougar-hoonigan\/\" \/>\n<meta property=\"og:site_name\" content=\"360Scooters | Venta y reparaci\u00f3n de patinetes el\u00e9ctricos en Canarias\" \/>\n<meta property=\"article:modified_time\" content=\"2025-03-08T09:34:50+00:00\" \/>\n<meta property=\"og:image\" content=\"https:\/\/360scooters.com\/ic\/wp-content\/uploads\/sites\/3\/2025\/03\/MINIATURA-PRODUCTO-12.png\" \/>\n\t<meta property=\"og:image:width\" content=\"1080\" \/>\n\t<meta property=\"og:image:height\" content=\"1080\" \/>\n\t<meta property=\"og:image:type\" content=\"image\/png\" \/>\n<meta name=\"twitter:card\" content=\"summary_large_image\" \/>\n<meta name=\"twitter:label1\" content=\"Tiempo de lectura\" \/>\n\t<meta name=\"twitter:data1\" content=\"1 minuto\" \/>\n<script type=\"application\/ld+json\" class=\"yoast-schema-graph\">{\"@context\":\"https:\/\/schema.org\",\"@graph\":[{\"@type\":\"WebPage\",\"@id\":\"https:\/\/360scooters.com\/ic\/producto\/vinilo-zwheel-zcougar-hoonigan\/\",\"url\":\"https:\/\/360scooters.com\/ic\/producto\/vinilo-zwheel-zcougar-hoonigan\/\",\"name\":\"Vinilo Zwheel ZCougar Hoonigan - 360Scooters | Venta y reparaci\u00f3n de patinetes el\u00e9ctricos en Canarias\",\"isPartOf\":{\"@id\":\"https:\/\/360scooters.com\/ic\/#website\"},\"primaryImageOfPage\":{\"@id\":\"https:\/\/360scooters.com\/ic\/producto\/vinilo-zwheel-zcougar-hoonigan\/#primaryimage\"},\"image\":{\"@id\":\"https:\/\/360scooters.com\/ic\/producto\/vinilo-zwheel-zcougar-hoonigan\/#primaryimage\"},\"thumbnailUrl\":\"https:\/\/360scooters.com\/ic\/wp-content\/uploads\/sites\/3\/2025\/03\/MINIATURA-PRODUCTO-12.png\",\"datePublished\":\"2025-03-08T09:24:59+00:00\",\"dateModified\":\"2025-03-08T09:34:50+00:00\",\"breadcrumb\":{\"@id\":\"https:\/\/360scooters.com\/ic\/producto\/vinilo-zwheel-zcougar-hoonigan\/#breadcrumb\"},\"inLanguage\":\"es\",\"potentialAction\":[{\"@type\":\"ReadAction\",\"target\":[\"https:\/\/360scooters.com\/ic\/producto\/vinilo-zwheel-zcougar-hoonigan\/\"]}]},{\"@type\":\"ImageObject\",\"inLanguage\":\"es\",\"@id\":\"https:\/\/360scooters.com\/ic\/producto\/vinilo-zwheel-zcougar-hoonigan\/#primaryimage\",\"url\":\"https:\/\/360scooters.com\/ic\/wp-content\/uploads\/sites\/3\/2025\/03\/MINIATURA-PRODUCTO-12.png\",\"contentUrl\":\"https:\/\/360scooters.com\/ic\/wp-content\/uploads\/sites\/3\/2025\/03\/MINIATURA-PRODUCTO-12.png\",\"width\":1080,\"height\":1080},{\"@type\":\"BreadcrumbList\",\"@id\":\"https:\/\/360scooters.com\/ic\/producto\/vinilo-zwheel-zcougar-hoonigan\/#breadcrumb\",\"itemListElement\":[{\"@type\":\"ListItem\",\"position\":1,\"name\":\"Portada\",\"item\":\"https:\/\/360scooters.com\/ic\/\"},{\"@type\":\"ListItem\",\"position\":2,\"name\":\"Tienda\",\"item\":\"https:\/\/360scooters.com\/ic\/tienda\/\"},{\"@type\":\"ListItem\",\"position\":3,\"name\":\"Vinilo Zwheel ZCougar Hoonigan\"}]},{\"@type\":\"WebSite\",\"@id\":\"https:\/\/360scooters.com\/ic\/#website\",\"url\":\"https:\/\/360scooters.com\/ic\/\",\"name\":\"360Scooters | Venta y reparaci\u00f3n de patinetes el\u00e9ctricos en Canarias\",\"description\":\"\",\"potentialAction\":[{\"@type\":\"SearchAction\",\"target\":{\"@type\":\"EntryPoint\",\"urlTemplate\":\"https:\/\/360scooters.com\/ic\/?s={search_term_string}\"},\"query-input\":{\"@type\":\"PropertyValueSpecification\",\"valueRequired\":true,\"valueName\":\"search_term_string\"}}],\"inLanguage\":\"es\"}]}<\/script>\n<!-- \/ Yoast SEO plugin. -->","yoast_head_json":{"title":"Vinilo Zwheel ZCougar Hoonigan - 360Scooters | Venta y reparaci\u00f3n de patinetes el\u00e9ctricos en Canarias","robots":{"index":"index","follow":"follow","max-snippet":"max-snippet:-1","max-image-preview":"max-image-preview:large","max-video-preview":"max-video-preview:-1"},"canonical":"https:\/\/360scooters.com\/ic\/producto\/vinilo-zwheel-zcougar-hoonigan\/","og_locale":"es_ES","og_type":"article","og_title":"Vinilo Zwheel ZCougar Hoonigan - 360Scooters | Venta y reparaci\u00f3n de patinetes el\u00e9ctricos en Canarias","og_description":"Este producto puede sufrir retrasos en su entrega por producci\u00f3n  Dale un toque personal a tu patinete el\u00e9ctrico ZCougar con nuestra amplia selecci\u00f3n de vinilos y decoraciones. Crea un dise\u00f1o \u00fanico con nuestros vinilos.  Modelos compatibles :  Zwheel ZCougar \/ Youin XL Max","og_url":"https:\/\/360scooters.com\/ic\/producto\/vinilo-zwheel-zcougar-hoonigan\/","og_site_name":"360Scooters | Venta y reparaci\u00f3n de patinetes el\u00e9ctricos en Canarias","article_modified_time":"2025-03-08T09:34:50+00:00","og_image":[{"width":1080,"height":1080,"url":"https:\/\/360scooters.com\/ic\/wp-content\/uploads\/sites\/3\/2025\/03\/MINIATURA-PRODUCTO-12.png","type":"image\/png"}],"twitter_card":"summary_large_image","twitter_misc":{"Tiempo de lectura":"1 minuto"},"schema":{"@context":"https:\/\/schema.org","@graph":[{"@type":"WebPage","@id":"https:\/\/360scooters.com\/ic\/producto\/vinilo-zwheel-zcougar-hoonigan\/","url":"https:\/\/360scooters.com\/ic\/producto\/vinilo-zwheel-zcougar-hoonigan\/","name":"Vinilo Zwheel ZCougar Hoonigan - 360Scooters | Venta y reparaci\u00f3n de patinetes el\u00e9ctricos en Canarias","isPartOf":{"@id":"https:\/\/360scooters.com\/ic\/#website"},"primaryImageOfPage":{"@id":"https:\/\/360scooters.com\/ic\/producto\/vinilo-zwheel-zcougar-hoonigan\/#primaryimage"},"image":{"@id":"https:\/\/360scooters.com\/ic\/producto\/vinilo-zwheel-zcougar-hoonigan\/#primaryimage"},"thumbnailUrl":"https:\/\/360scooters.com\/ic\/wp-content\/uploads\/sites\/3\/2025\/03\/MINIATURA-PRODUCTO-12.png","datePublished":"2025-03-08T09:24:59+00:00","dateModified":"2025-03-08T09:34:50+00:00","breadcrumb":{"@id":"https:\/\/360scooters.com\/ic\/producto\/vinilo-zwheel-zcougar-hoonigan\/#breadcrumb"},"inLanguage":"es","potentialAction":[{"@type":"ReadAction","target":["https:\/\/360scooters.com\/ic\/producto\/vinilo-zwheel-zcougar-hoonigan\/"]}]},{"@type":"ImageObject","inLanguage":"es","@id":"https:\/\/360scooters.com\/ic\/producto\/vinilo-zwheel-zcougar-hoonigan\/#primaryimage","url":"https:\/\/360scooters.com\/ic\/wp-content\/uploads\/sites\/3\/2025\/03\/MINIATURA-PRODUCTO-12.png","contentUrl":"https:\/\/360scooters.com\/ic\/wp-content\/uploads\/sites\/3\/2025\/03\/MINIATURA-PRODUCTO-12.png","width":1080,"height":1080},{"@type":"BreadcrumbList","@id":"https:\/\/360scooters.com\/ic\/producto\/vinilo-zwheel-zcougar-hoonigan\/#breadcrumb","itemListElement":[{"@type":"ListItem","position":1,"name":"Portada","item":"https:\/\/360scooters.com\/ic\/"},{"@type":"ListItem","position":2,"name":"Tienda","item":"https:\/\/360scooters.com\/ic\/tienda\/"},{"@type":"ListItem","position":3,"name":"Vinilo Zwheel ZCougar Hoonigan"}]},{"@type":"WebSite","@id":"https:\/\/360scooters.com\/ic\/#website","url":"https:\/\/360scooters.com\/ic\/","name":"360Scooters | Venta y reparaci\u00f3n de patinetes el\u00e9ctricos en Canarias","description":"","potentialAction":[{"@type":"SearchAction","target":{"@type":"EntryPoint","urlTemplate":"https:\/\/360scooters.com\/ic\/?s={search_term_string}"},"query-input":{"@type":"PropertyValueSpecification","valueRequired":true,"valueName":"search_term_string"}}],"inLanguage":"es"}]}},"_links":{"self":[{"href":"https:\/\/360scooters.com\/ic\/wp-json\/wp\/v2\/product\/2049","targetHints":{"allow":["GET"]}}],"collection":[{"href":"https:\/\/360scooters.com\/ic\/wp-json\/wp\/v2\/product"}],"about":[{"href":"https:\/\/360scooters.com\/ic\/wp-json\/wp\/v2\/types\/product"}],"replies":[{"embeddable":true,"href":"https:\/\/360scooters.com\/ic\/wp-json\/wp\/v2\/comments?post=2049"}],"wp:featuredmedia":[{"embeddable":true,"href":"https:\/\/360scooters.com\/ic\/wp-json\/wp\/v2\/media\/2056"}],"wp:attachment":[{"href":"https:\/\/360scooters.com\/ic\/wp-json\/wp\/v2\/media?parent=2049"}],"wp:term":[{"taxonomy":"product_brand","embeddable":true,"href":"https:\/\/360scooters.com\/ic\/wp-json\/wp\/v2\/product_brand?post=2049"},{"taxonomy":"product_cat","embeddable":true,"href":"https:\/\/360scooters.com\/ic\/wp-json\/wp\/v2\/product_cat?post=2049"},{"taxonomy":"product_tag","embeddable":true,"href":"https:\/\/360scooters.com\/ic\/wp-json\/wp\/v2\/product_tag?post=2049"}],"curies":[{"name":"wp","href":"https:\/\/api.w.org\/{rel}","templated":true}]}}