{"id":2046,"date":"2025-03-08T10:24:59","date_gmt":"2025-03-08T09:24:59","guid":{"rendered":"https:\/\/360scooters.com\/ic\/?post_type=product&#038;p=2046"},"modified":"2025-03-08T10:33:36","modified_gmt":"2025-03-08T09:33:36","slug":"vinilo-para-patinete-electrico-ice-q5-zero-10x-sport-red","status":"publish","type":"product","link":"https:\/\/360scooters.com\/ic\/producto\/vinilo-para-patinete-electrico-ice-q5-zero-10x-sport-red\/","title":{"rendered":"Vinilo para patinete el\u00e9ctrico ICe Q5 \/ ZERO 10X Sport Red"},"content":{"rendered":"<p><span class=\"base\" data-ui-id=\"page-title-wrapper\">Vinilo para IC-E Q5 \/ Zero 10X patinete el\u00e9ctrico impresos en alta definici\u00f3n , con un laminado satinado para un acabado espectacular.<\/span><\/p>\n<h2>Vinilo para patinete ICe Q5 Sport Red<\/h2>\n","protected":false},"excerpt":{"rendered":"<p><span style=\"color: #ff6600;\"><em>Este producto puede sufrir retrasos en su entrega por producci\u00f3n<\/em><\/span><\/p>\n<h2>Vinilo Personalizado para ICe Q5 Sport Red<\/h2>\n<p><span class=\"base\" data-ui-id=\"page-title-wrapper\"><span class=\"hiddenSpellError\">Personaliza ya tu patinete ICe Q5 <\/span>con los adhesivos de Stylish Scooters y 360Scooters.<\/span><\/p>\n","protected":false},"featured_media":1358,"comment_status":"open","ping_status":"closed","template":"","meta":[],"product_brand":[],"product_cat":[225,232],"product_tag":[],"class_list":{"0":"post-2046","1":"product","2":"type-product","3":"status-publish","4":"has-post-thumbnail","6":"product_cat-vinilos-2","7":"product_cat-vinilos-para-ice-vinilos-2","9":"first","10":"instock","11":"taxable","12":"shipping-taxable","13":"purchasable","14":"product-type-simple"},"yoast_head":"<!-- This site is optimized with the Yoast SEO plugin v26.9 - https:\/\/yoast.com\/product\/yoast-seo-wordpress\/ -->\n<title>Vinilo para patinete el\u00e9ctrico ICe Q5 \/ ZERO 10X Sport Red - 360Scooters | Venta y reparaci\u00f3n de patinetes el\u00e9ctricos en Canarias<\/title>\n<meta name=\"robots\" content=\"index, follow, max-snippet:-1, max-image-preview:large, max-video-preview:-1\" \/>\n<link rel=\"canonical\" href=\"https:\/\/360scooters.com\/ic\/producto\/vinilo-para-patinete-electrico-ice-q5-zero-10x-sport-red\/\" \/>\n<meta property=\"og:locale\" content=\"es_ES\" \/>\n<meta property=\"og:type\" content=\"article\" \/>\n<meta property=\"og:title\" content=\"Vinilo para patinete el\u00e9ctrico ICe Q5 \/ ZERO 10X Sport Red - 360Scooters | Venta y reparaci\u00f3n de patinetes el\u00e9ctricos en Canarias\" \/>\n<meta property=\"og:description\" content=\"Este producto puede sufrir retrasos en su entrega por producci\u00f3n Vinilo Personalizado para ICe Q5 Sport Red Personaliza ya tu patinete ICe Q5 con los adhesivos de Stylish Scooters y 360Scooters.\" \/>\n<meta property=\"og:url\" content=\"https:\/\/360scooters.com\/ic\/producto\/vinilo-para-patinete-electrico-ice-q5-zero-10x-sport-red\/\" \/>\n<meta property=\"og:site_name\" content=\"360Scooters | Venta y reparaci\u00f3n de patinetes el\u00e9ctricos en Canarias\" \/>\n<meta property=\"article:modified_time\" content=\"2025-03-08T09:33:36+00:00\" \/>\n<meta property=\"og:image\" content=\"https:\/\/360scooters.com\/ic\/wp-content\/uploads\/sites\/3\/2024\/07\/vinilo-para-patiente-electrico-ice-q5-zero-10x-697492.webp\" \/>\n\t<meta property=\"og:image:width\" content=\"1200\" \/>\n\t<meta property=\"og:image:height\" content=\"1188\" \/>\n\t<meta property=\"og:image:type\" content=\"image\/webp\" \/>\n<meta name=\"twitter:card\" content=\"summary_large_image\" \/>\n<meta name=\"twitter:label1\" content=\"Tiempo de lectura\" \/>\n\t<meta name=\"twitter:data1\" content=\"1 minuto\" \/>\n<script type=\"application\/ld+json\" class=\"yoast-schema-graph\">{\"@context\":\"https:\/\/schema.org\",\"@graph\":[{\"@type\":\"WebPage\",\"@id\":\"https:\/\/360scooters.com\/ic\/producto\/vinilo-para-patinete-electrico-ice-q5-zero-10x-sport-red\/\",\"url\":\"https:\/\/360scooters.com\/ic\/producto\/vinilo-para-patinete-electrico-ice-q5-zero-10x-sport-red\/\",\"name\":\"Vinilo para patinete el\u00e9ctrico ICe Q5 \/ ZERO 10X Sport Red - 360Scooters | Venta y reparaci\u00f3n de patinetes el\u00e9ctricos en Canarias\",\"isPartOf\":{\"@id\":\"https:\/\/360scooters.com\/ic\/#website\"},\"primaryImageOfPage\":{\"@id\":\"https:\/\/360scooters.com\/ic\/producto\/vinilo-para-patinete-electrico-ice-q5-zero-10x-sport-red\/#primaryimage\"},\"image\":{\"@id\":\"https:\/\/360scooters.com\/ic\/producto\/vinilo-para-patinete-electrico-ice-q5-zero-10x-sport-red\/#primaryimage\"},\"thumbnailUrl\":\"https:\/\/360scooters.com\/ic\/wp-content\/uploads\/sites\/3\/2024\/07\/vinilo-para-patiente-electrico-ice-q5-zero-10x-697492.webp\",\"datePublished\":\"2025-03-08T09:24:59+00:00\",\"dateModified\":\"2025-03-08T09:33:36+00:00\",\"breadcrumb\":{\"@id\":\"https:\/\/360scooters.com\/ic\/producto\/vinilo-para-patinete-electrico-ice-q5-zero-10x-sport-red\/#breadcrumb\"},\"inLanguage\":\"es\",\"potentialAction\":[{\"@type\":\"ReadAction\",\"target\":[\"https:\/\/360scooters.com\/ic\/producto\/vinilo-para-patinete-electrico-ice-q5-zero-10x-sport-red\/\"]}]},{\"@type\":\"ImageObject\",\"inLanguage\":\"es\",\"@id\":\"https:\/\/360scooters.com\/ic\/producto\/vinilo-para-patinete-electrico-ice-q5-zero-10x-sport-red\/#primaryimage\",\"url\":\"https:\/\/360scooters.com\/ic\/wp-content\/uploads\/sites\/3\/2024\/07\/vinilo-para-patiente-electrico-ice-q5-zero-10x-697492.webp\",\"contentUrl\":\"https:\/\/360scooters.com\/ic\/wp-content\/uploads\/sites\/3\/2024\/07\/vinilo-para-patiente-electrico-ice-q5-zero-10x-697492.webp\",\"width\":1200,\"height\":1188},{\"@type\":\"BreadcrumbList\",\"@id\":\"https:\/\/360scooters.com\/ic\/producto\/vinilo-para-patinete-electrico-ice-q5-zero-10x-sport-red\/#breadcrumb\",\"itemListElement\":[{\"@type\":\"ListItem\",\"position\":1,\"name\":\"Portada\",\"item\":\"https:\/\/360scooters.com\/ic\/\"},{\"@type\":\"ListItem\",\"position\":2,\"name\":\"Tienda\",\"item\":\"https:\/\/360scooters.com\/ic\/tienda\/\"},{\"@type\":\"ListItem\",\"position\":3,\"name\":\"Vinilo para patinete el\u00e9ctrico ICe Q5 \/ ZERO 10X Sport Red\"}]},{\"@type\":\"WebSite\",\"@id\":\"https:\/\/360scooters.com\/ic\/#website\",\"url\":\"https:\/\/360scooters.com\/ic\/\",\"name\":\"360Scooters | Venta y reparaci\u00f3n de patinetes el\u00e9ctricos en Canarias\",\"description\":\"\",\"potentialAction\":[{\"@type\":\"SearchAction\",\"target\":{\"@type\":\"EntryPoint\",\"urlTemplate\":\"https:\/\/360scooters.com\/ic\/?s={search_term_string}\"},\"query-input\":{\"@type\":\"PropertyValueSpecification\",\"valueRequired\":true,\"valueName\":\"search_term_string\"}}],\"inLanguage\":\"es\"}]}<\/script>\n<!-- \/ Yoast SEO plugin. -->","yoast_head_json":{"title":"Vinilo para patinete el\u00e9ctrico ICe Q5 \/ ZERO 10X Sport Red - 360Scooters | Venta y reparaci\u00f3n de patinetes el\u00e9ctricos en Canarias","robots":{"index":"index","follow":"follow","max-snippet":"max-snippet:-1","max-image-preview":"max-image-preview:large","max-video-preview":"max-video-preview:-1"},"canonical":"https:\/\/360scooters.com\/ic\/producto\/vinilo-para-patinete-electrico-ice-q5-zero-10x-sport-red\/","og_locale":"es_ES","og_type":"article","og_title":"Vinilo para patinete el\u00e9ctrico ICe Q5 \/ ZERO 10X Sport Red - 360Scooters | Venta y reparaci\u00f3n de patinetes el\u00e9ctricos en Canarias","og_description":"Este producto puede sufrir retrasos en su entrega por producci\u00f3n Vinilo Personalizado para ICe Q5 Sport Red Personaliza ya tu patinete ICe Q5 con los adhesivos de Stylish Scooters y 360Scooters.","og_url":"https:\/\/360scooters.com\/ic\/producto\/vinilo-para-patinete-electrico-ice-q5-zero-10x-sport-red\/","og_site_name":"360Scooters | Venta y reparaci\u00f3n de patinetes el\u00e9ctricos en Canarias","article_modified_time":"2025-03-08T09:33:36+00:00","og_image":[{"width":1200,"height":1188,"url":"https:\/\/360scooters.com\/ic\/wp-content\/uploads\/sites\/3\/2024\/07\/vinilo-para-patiente-electrico-ice-q5-zero-10x-697492.webp","type":"image\/webp"}],"twitter_card":"summary_large_image","twitter_misc":{"Tiempo de lectura":"1 minuto"},"schema":{"@context":"https:\/\/schema.org","@graph":[{"@type":"WebPage","@id":"https:\/\/360scooters.com\/ic\/producto\/vinilo-para-patinete-electrico-ice-q5-zero-10x-sport-red\/","url":"https:\/\/360scooters.com\/ic\/producto\/vinilo-para-patinete-electrico-ice-q5-zero-10x-sport-red\/","name":"Vinilo para patinete el\u00e9ctrico ICe Q5 \/ ZERO 10X Sport Red - 360Scooters | Venta y reparaci\u00f3n de patinetes el\u00e9ctricos en Canarias","isPartOf":{"@id":"https:\/\/360scooters.com\/ic\/#website"},"primaryImageOfPage":{"@id":"https:\/\/360scooters.com\/ic\/producto\/vinilo-para-patinete-electrico-ice-q5-zero-10x-sport-red\/#primaryimage"},"image":{"@id":"https:\/\/360scooters.com\/ic\/producto\/vinilo-para-patinete-electrico-ice-q5-zero-10x-sport-red\/#primaryimage"},"thumbnailUrl":"https:\/\/360scooters.com\/ic\/wp-content\/uploads\/sites\/3\/2024\/07\/vinilo-para-patiente-electrico-ice-q5-zero-10x-697492.webp","datePublished":"2025-03-08T09:24:59+00:00","dateModified":"2025-03-08T09:33:36+00:00","breadcrumb":{"@id":"https:\/\/360scooters.com\/ic\/producto\/vinilo-para-patinete-electrico-ice-q5-zero-10x-sport-red\/#breadcrumb"},"inLanguage":"es","potentialAction":[{"@type":"ReadAction","target":["https:\/\/360scooters.com\/ic\/producto\/vinilo-para-patinete-electrico-ice-q5-zero-10x-sport-red\/"]}]},{"@type":"ImageObject","inLanguage":"es","@id":"https:\/\/360scooters.com\/ic\/producto\/vinilo-para-patinete-electrico-ice-q5-zero-10x-sport-red\/#primaryimage","url":"https:\/\/360scooters.com\/ic\/wp-content\/uploads\/sites\/3\/2024\/07\/vinilo-para-patiente-electrico-ice-q5-zero-10x-697492.webp","contentUrl":"https:\/\/360scooters.com\/ic\/wp-content\/uploads\/sites\/3\/2024\/07\/vinilo-para-patiente-electrico-ice-q5-zero-10x-697492.webp","width":1200,"height":1188},{"@type":"BreadcrumbList","@id":"https:\/\/360scooters.com\/ic\/producto\/vinilo-para-patinete-electrico-ice-q5-zero-10x-sport-red\/#breadcrumb","itemListElement":[{"@type":"ListItem","position":1,"name":"Portada","item":"https:\/\/360scooters.com\/ic\/"},{"@type":"ListItem","position":2,"name":"Tienda","item":"https:\/\/360scooters.com\/ic\/tienda\/"},{"@type":"ListItem","position":3,"name":"Vinilo para patinete el\u00e9ctrico ICe Q5 \/ ZERO 10X Sport Red"}]},{"@type":"WebSite","@id":"https:\/\/360scooters.com\/ic\/#website","url":"https:\/\/360scooters.com\/ic\/","name":"360Scooters | Venta y reparaci\u00f3n de patinetes el\u00e9ctricos en Canarias","description":"","potentialAction":[{"@type":"SearchAction","target":{"@type":"EntryPoint","urlTemplate":"https:\/\/360scooters.com\/ic\/?s={search_term_string}"},"query-input":{"@type":"PropertyValueSpecification","valueRequired":true,"valueName":"search_term_string"}}],"inLanguage":"es"}]}},"_links":{"self":[{"href":"https:\/\/360scooters.com\/ic\/wp-json\/wp\/v2\/product\/2046","targetHints":{"allow":["GET"]}}],"collection":[{"href":"https:\/\/360scooters.com\/ic\/wp-json\/wp\/v2\/product"}],"about":[{"href":"https:\/\/360scooters.com\/ic\/wp-json\/wp\/v2\/types\/product"}],"replies":[{"embeddable":true,"href":"https:\/\/360scooters.com\/ic\/wp-json\/wp\/v2\/comments?post=2046"}],"wp:featuredmedia":[{"embeddable":true,"href":"https:\/\/360scooters.com\/ic\/wp-json\/wp\/v2\/media\/1358"}],"wp:attachment":[{"href":"https:\/\/360scooters.com\/ic\/wp-json\/wp\/v2\/media?parent=2046"}],"wp:term":[{"taxonomy":"product_brand","embeddable":true,"href":"https:\/\/360scooters.com\/ic\/wp-json\/wp\/v2\/product_brand?post=2046"},{"taxonomy":"product_cat","embeddable":true,"href":"https:\/\/360scooters.com\/ic\/wp-json\/wp\/v2\/product_cat?post=2046"},{"taxonomy":"product_tag","embeddable":true,"href":"https:\/\/360scooters.com\/ic\/wp-json\/wp\/v2\/product_tag?post=2046"}],"curies":[{"name":"wp","href":"https:\/\/api.w.org\/{rel}","templated":true}]}}