{"id":2039,"date":"2025-03-08T10:24:57","date_gmt":"2025-03-08T09:24:57","guid":{"rendered":"https:\/\/360scooters.com\/ic\/?post_type=product&#038;p=2039"},"modified":"2025-03-08T10:36:12","modified_gmt":"2025-03-08T09:36:12","slug":"vinilo-para-xiaomi-motorsport-bmw","status":"publish","type":"product","link":"https:\/\/360scooters.com\/ic\/producto\/vinilo-para-xiaomi-motorsport-bmw\/","title":{"rendered":"Vinilo para Xiaomi Motorsport BMW"},"content":{"rendered":"<p>Modelo Motorsport colores claros y vivos para personalizar y proteger tu patiente el\u00e9ctrico de peque\u00f1os golpes y ara\u00f1azos.<br \/>\nNuevo dise\u00f1o para tu Xiaomi m365 Motorsport maxima adherencia en el aluminio del patinete el\u00e9ctrico Xiaomi m365.<\/p>\n<p>No es necesario desmontar nada. vinilos patinete xiaomi bmw<\/p>\n<p>Personaliza tu patinete Xiaomi electrico con nuestras pegatinas patinete\u00a0 Xiaomi , desarrollado especialmente por Stylish Scootes.<\/p>\n<p>Dise\u00f1o realizado por\u00a0<strong>Stylish Scooters.<\/strong><\/p>\n<h2>\u00a1Vinilo Motorsport Xiaomi m365!<\/h2>\n<ul>\n<li>V\u00e1lido para todos los modelos Xioami M365<\/li>\n<\/ul>\n<ul>\n<li>V\u00e1lido para patinete xiaomi m365 Pro<\/li>\n<\/ul>\n<ul>\n<li>V\u00e1lido para Xiaomi scooters m365 S1<\/li>\n<\/ul>\n<ul>\n<li>Vinilo alto agarre laminado satinado<\/li>\n<\/ul>\n<ul>\n<li>No deja residuo al retirarlo.<\/li>\n<\/ul>\n<ul>\n<li>No necesitan calor para colocarlos.<\/li>\n<\/ul>\n<ul>\n<li>F\u00e1cil colocaci\u00f3n.<\/li>\n<\/ul>\n<ul>\n<li>Stickers de regalo con cada kit.<\/li>\n<li>\n<div class=\"suggested-keyphrase suggested-keyphrase-2\">vinilos patinete xiaomi bmw<\/div>\n<\/li>\n<\/ul>\n","protected":false},"excerpt":{"rendered":"<p><span style=\"color: #ff6600;\"><em>Este producto puede sufrir retrasos en su entrega por producci\u00f3n<\/em><\/span><\/p>\n<h2>Vinilo Personalizado para Xiaomi Motorsport BMW<\/h2>\n<p><strong>Vinilo Motorsport Xiaomi m365<\/strong>\u00a0&#8211; Pegatinas para patinete el\u00e9ctrico Xiaomi ,nuestra plantilla sirve para todos los modelos. S1, Pro, Pro2 , Pro3 y alg\u00fan modelo compatible.<\/p>\n","protected":false},"featured_media":1351,"comment_status":"open","ping_status":"closed","template":"","meta":[],"product_brand":[],"product_cat":[227],"product_tag":[],"class_list":{"0":"post-2039","1":"product","2":"type-product","3":"status-publish","4":"has-post-thumbnail","6":"product_cat-vinilos-xiaomi-m365-pro-1s-essential-pro2-mi3","8":"first","9":"instock","10":"taxable","11":"shipping-taxable","12":"purchasable","13":"product-type-simple"},"yoast_head":"<!-- This site is optimized with the Yoast SEO plugin v26.9 - https:\/\/yoast.com\/product\/yoast-seo-wordpress\/ -->\n<title>Vinilo para Xiaomi Motorsport BMW - 360Scooters | Venta y reparaci\u00f3n de patinetes el\u00e9ctricos en Canarias<\/title>\n<meta name=\"robots\" content=\"index, follow, max-snippet:-1, max-image-preview:large, max-video-preview:-1\" \/>\n<link rel=\"canonical\" href=\"https:\/\/360scooters.com\/ic\/producto\/vinilo-para-xiaomi-motorsport-bmw\/\" \/>\n<meta property=\"og:locale\" content=\"es_ES\" \/>\n<meta property=\"og:type\" content=\"article\" \/>\n<meta property=\"og:title\" content=\"Vinilo para Xiaomi Motorsport BMW - 360Scooters | Venta y reparaci\u00f3n de patinetes el\u00e9ctricos en Canarias\" \/>\n<meta property=\"og:description\" content=\"Este producto puede sufrir retrasos en su entrega por producci\u00f3n Vinilo Personalizado para Xiaomi Motorsport BMW Vinilo Motorsport Xiaomi m365\u00a0- Pegatinas para patinete el\u00e9ctrico Xiaomi ,nuestra plantilla sirve para todos los modelos. S1, Pro, Pro2 , Pro3 y alg\u00fan modelo compatible.\" \/>\n<meta property=\"og:url\" content=\"https:\/\/360scooters.com\/ic\/producto\/vinilo-para-xiaomi-motorsport-bmw\/\" \/>\n<meta property=\"og:site_name\" content=\"360Scooters | Venta y reparaci\u00f3n de patinetes el\u00e9ctricos en Canarias\" \/>\n<meta property=\"article:modified_time\" content=\"2025-03-08T09:36:12+00:00\" \/>\n<meta property=\"og:image\" content=\"https:\/\/360scooters.com\/ic\/wp-content\/uploads\/sites\/3\/2024\/07\/vinilo-motorsport-xiaomi-m365-pegatinas-para-patinete-762256.webp\" \/>\n\t<meta property=\"og:image:width\" content=\"1200\" \/>\n\t<meta property=\"og:image:height\" content=\"1257\" \/>\n\t<meta property=\"og:image:type\" content=\"image\/webp\" \/>\n<meta name=\"twitter:card\" content=\"summary_large_image\" \/>\n<meta name=\"twitter:label1\" content=\"Tiempo de lectura\" \/>\n\t<meta name=\"twitter:data1\" content=\"1 minuto\" \/>\n<script type=\"application\/ld+json\" class=\"yoast-schema-graph\">{\"@context\":\"https:\/\/schema.org\",\"@graph\":[{\"@type\":\"WebPage\",\"@id\":\"https:\/\/360scooters.com\/ic\/producto\/vinilo-para-xiaomi-motorsport-bmw\/\",\"url\":\"https:\/\/360scooters.com\/ic\/producto\/vinilo-para-xiaomi-motorsport-bmw\/\",\"name\":\"Vinilo para Xiaomi Motorsport BMW - 360Scooters | Venta y reparaci\u00f3n de patinetes el\u00e9ctricos en Canarias\",\"isPartOf\":{\"@id\":\"https:\/\/360scooters.com\/ic\/#website\"},\"primaryImageOfPage\":{\"@id\":\"https:\/\/360scooters.com\/ic\/producto\/vinilo-para-xiaomi-motorsport-bmw\/#primaryimage\"},\"image\":{\"@id\":\"https:\/\/360scooters.com\/ic\/producto\/vinilo-para-xiaomi-motorsport-bmw\/#primaryimage\"},\"thumbnailUrl\":\"https:\/\/360scooters.com\/ic\/wp-content\/uploads\/sites\/3\/2024\/07\/vinilo-motorsport-xiaomi-m365-pegatinas-para-patinete-762256.webp\",\"datePublished\":\"2025-03-08T09:24:57+00:00\",\"dateModified\":\"2025-03-08T09:36:12+00:00\",\"breadcrumb\":{\"@id\":\"https:\/\/360scooters.com\/ic\/producto\/vinilo-para-xiaomi-motorsport-bmw\/#breadcrumb\"},\"inLanguage\":\"es\",\"potentialAction\":[{\"@type\":\"ReadAction\",\"target\":[\"https:\/\/360scooters.com\/ic\/producto\/vinilo-para-xiaomi-motorsport-bmw\/\"]}]},{\"@type\":\"ImageObject\",\"inLanguage\":\"es\",\"@id\":\"https:\/\/360scooters.com\/ic\/producto\/vinilo-para-xiaomi-motorsport-bmw\/#primaryimage\",\"url\":\"https:\/\/360scooters.com\/ic\/wp-content\/uploads\/sites\/3\/2024\/07\/vinilo-motorsport-xiaomi-m365-pegatinas-para-patinete-762256.webp\",\"contentUrl\":\"https:\/\/360scooters.com\/ic\/wp-content\/uploads\/sites\/3\/2024\/07\/vinilo-motorsport-xiaomi-m365-pegatinas-para-patinete-762256.webp\",\"width\":1200,\"height\":1257},{\"@type\":\"BreadcrumbList\",\"@id\":\"https:\/\/360scooters.com\/ic\/producto\/vinilo-para-xiaomi-motorsport-bmw\/#breadcrumb\",\"itemListElement\":[{\"@type\":\"ListItem\",\"position\":1,\"name\":\"Portada\",\"item\":\"https:\/\/360scooters.com\/ic\/\"},{\"@type\":\"ListItem\",\"position\":2,\"name\":\"Tienda\",\"item\":\"https:\/\/360scooters.com\/ic\/tienda\/\"},{\"@type\":\"ListItem\",\"position\":3,\"name\":\"Vinilo para Xiaomi Motorsport BMW\"}]},{\"@type\":\"WebSite\",\"@id\":\"https:\/\/360scooters.com\/ic\/#website\",\"url\":\"https:\/\/360scooters.com\/ic\/\",\"name\":\"360Scooters | Venta y reparaci\u00f3n de patinetes el\u00e9ctricos en Canarias\",\"description\":\"\",\"potentialAction\":[{\"@type\":\"SearchAction\",\"target\":{\"@type\":\"EntryPoint\",\"urlTemplate\":\"https:\/\/360scooters.com\/ic\/?s={search_term_string}\"},\"query-input\":{\"@type\":\"PropertyValueSpecification\",\"valueRequired\":true,\"valueName\":\"search_term_string\"}}],\"inLanguage\":\"es\"}]}<\/script>\n<!-- \/ Yoast SEO plugin. -->","yoast_head_json":{"title":"Vinilo para Xiaomi Motorsport BMW - 360Scooters | Venta y reparaci\u00f3n de patinetes el\u00e9ctricos en Canarias","robots":{"index":"index","follow":"follow","max-snippet":"max-snippet:-1","max-image-preview":"max-image-preview:large","max-video-preview":"max-video-preview:-1"},"canonical":"https:\/\/360scooters.com\/ic\/producto\/vinilo-para-xiaomi-motorsport-bmw\/","og_locale":"es_ES","og_type":"article","og_title":"Vinilo para Xiaomi Motorsport BMW - 360Scooters | Venta y reparaci\u00f3n de patinetes el\u00e9ctricos en Canarias","og_description":"Este producto puede sufrir retrasos en su entrega por producci\u00f3n Vinilo Personalizado para Xiaomi Motorsport BMW Vinilo Motorsport Xiaomi m365\u00a0- Pegatinas para patinete el\u00e9ctrico Xiaomi ,nuestra plantilla sirve para todos los modelos. S1, Pro, Pro2 , Pro3 y alg\u00fan modelo compatible.","og_url":"https:\/\/360scooters.com\/ic\/producto\/vinilo-para-xiaomi-motorsport-bmw\/","og_site_name":"360Scooters | Venta y reparaci\u00f3n de patinetes el\u00e9ctricos en Canarias","article_modified_time":"2025-03-08T09:36:12+00:00","og_image":[{"width":1200,"height":1257,"url":"https:\/\/360scooters.com\/ic\/wp-content\/uploads\/sites\/3\/2024\/07\/vinilo-motorsport-xiaomi-m365-pegatinas-para-patinete-762256.webp","type":"image\/webp"}],"twitter_card":"summary_large_image","twitter_misc":{"Tiempo de lectura":"1 minuto"},"schema":{"@context":"https:\/\/schema.org","@graph":[{"@type":"WebPage","@id":"https:\/\/360scooters.com\/ic\/producto\/vinilo-para-xiaomi-motorsport-bmw\/","url":"https:\/\/360scooters.com\/ic\/producto\/vinilo-para-xiaomi-motorsport-bmw\/","name":"Vinilo para Xiaomi Motorsport BMW - 360Scooters | Venta y reparaci\u00f3n de patinetes el\u00e9ctricos en Canarias","isPartOf":{"@id":"https:\/\/360scooters.com\/ic\/#website"},"primaryImageOfPage":{"@id":"https:\/\/360scooters.com\/ic\/producto\/vinilo-para-xiaomi-motorsport-bmw\/#primaryimage"},"image":{"@id":"https:\/\/360scooters.com\/ic\/producto\/vinilo-para-xiaomi-motorsport-bmw\/#primaryimage"},"thumbnailUrl":"https:\/\/360scooters.com\/ic\/wp-content\/uploads\/sites\/3\/2024\/07\/vinilo-motorsport-xiaomi-m365-pegatinas-para-patinete-762256.webp","datePublished":"2025-03-08T09:24:57+00:00","dateModified":"2025-03-08T09:36:12+00:00","breadcrumb":{"@id":"https:\/\/360scooters.com\/ic\/producto\/vinilo-para-xiaomi-motorsport-bmw\/#breadcrumb"},"inLanguage":"es","potentialAction":[{"@type":"ReadAction","target":["https:\/\/360scooters.com\/ic\/producto\/vinilo-para-xiaomi-motorsport-bmw\/"]}]},{"@type":"ImageObject","inLanguage":"es","@id":"https:\/\/360scooters.com\/ic\/producto\/vinilo-para-xiaomi-motorsport-bmw\/#primaryimage","url":"https:\/\/360scooters.com\/ic\/wp-content\/uploads\/sites\/3\/2024\/07\/vinilo-motorsport-xiaomi-m365-pegatinas-para-patinete-762256.webp","contentUrl":"https:\/\/360scooters.com\/ic\/wp-content\/uploads\/sites\/3\/2024\/07\/vinilo-motorsport-xiaomi-m365-pegatinas-para-patinete-762256.webp","width":1200,"height":1257},{"@type":"BreadcrumbList","@id":"https:\/\/360scooters.com\/ic\/producto\/vinilo-para-xiaomi-motorsport-bmw\/#breadcrumb","itemListElement":[{"@type":"ListItem","position":1,"name":"Portada","item":"https:\/\/360scooters.com\/ic\/"},{"@type":"ListItem","position":2,"name":"Tienda","item":"https:\/\/360scooters.com\/ic\/tienda\/"},{"@type":"ListItem","position":3,"name":"Vinilo para Xiaomi Motorsport BMW"}]},{"@type":"WebSite","@id":"https:\/\/360scooters.com\/ic\/#website","url":"https:\/\/360scooters.com\/ic\/","name":"360Scooters | Venta y reparaci\u00f3n de patinetes el\u00e9ctricos en Canarias","description":"","potentialAction":[{"@type":"SearchAction","target":{"@type":"EntryPoint","urlTemplate":"https:\/\/360scooters.com\/ic\/?s={search_term_string}"},"query-input":{"@type":"PropertyValueSpecification","valueRequired":true,"valueName":"search_term_string"}}],"inLanguage":"es"}]}},"_links":{"self":[{"href":"https:\/\/360scooters.com\/ic\/wp-json\/wp\/v2\/product\/2039","targetHints":{"allow":["GET"]}}],"collection":[{"href":"https:\/\/360scooters.com\/ic\/wp-json\/wp\/v2\/product"}],"about":[{"href":"https:\/\/360scooters.com\/ic\/wp-json\/wp\/v2\/types\/product"}],"replies":[{"embeddable":true,"href":"https:\/\/360scooters.com\/ic\/wp-json\/wp\/v2\/comments?post=2039"}],"wp:featuredmedia":[{"embeddable":true,"href":"https:\/\/360scooters.com\/ic\/wp-json\/wp\/v2\/media\/1351"}],"wp:attachment":[{"href":"https:\/\/360scooters.com\/ic\/wp-json\/wp\/v2\/media?parent=2039"}],"wp:term":[{"taxonomy":"product_brand","embeddable":true,"href":"https:\/\/360scooters.com\/ic\/wp-json\/wp\/v2\/product_brand?post=2039"},{"taxonomy":"product_cat","embeddable":true,"href":"https:\/\/360scooters.com\/ic\/wp-json\/wp\/v2\/product_cat?post=2039"},{"taxonomy":"product_tag","embeddable":true,"href":"https:\/\/360scooters.com\/ic\/wp-json\/wp\/v2\/product_tag?post=2039"}],"curies":[{"name":"wp","href":"https:\/\/api.w.org\/{rel}","templated":true}]}}