{"id":2028,"date":"2025-03-08T10:24:55","date_gmt":"2025-03-08T09:24:55","guid":{"rendered":"https:\/\/360scooters.com\/ic\/?post_type=product&#038;p=2028"},"modified":"2025-03-08T10:37:24","modified_gmt":"2025-03-08T09:37:24","slug":"vinilo-smartgyro-red-camo","status":"publish","type":"product","link":"https:\/\/360scooters.com\/ic\/producto\/vinilo-smartgyro-red-camo\/","title":{"rendered":"Vinilo Smartgyro Red Camo"},"content":{"rendered":"<h2><span data-sheets-value=\"{&quot;1&quot;:2,&quot;2&quot;:&quot;Vinilo Redbull x KTM para patinete el\u00e9ctrico Smartgyro\\n\\nPersonaliza tu patinete el\u00e9ctrico SmartGyro con este incre\u00edble vinilo de edici\u00f3n especial Redbull x KTM, disponible en Taller del Patinete. Dise\u00f1ado para brindar un toque de alta velocidad y energ\u00eda, este vinilo exclusivo combina la emblem\u00e1tica marca Redbull con el estilo distintivo de KTM.\\n\\nVinilo para patinete Smartgyro\\n\\nLa aplicaci\u00f3n del vinilo es sencilla y no deja residuos al retirarlo, lo que garantiza que tu patinete se mantenga en perfecto estado. Adem\u00e1s, el material de alta calidad protege la superficie del patinete contra ara\u00f1azos y desgaste.\\n\\nA\u00f1ade un toque de personalidad a tu SmartGyro y presume de tu pasi\u00f3n por el mundo del motor con este vinilo \u00fanico. \u00a1No te quedes sin el tuyo!&quot;}\" data-sheets-userformat=\"{&quot;2&quot;:1049347,&quot;3&quot;:{&quot;1&quot;:0},&quot;4&quot;:{&quot;1&quot;:2,&quot;2&quot;:16777215},&quot;11&quot;:0,&quot;12&quot;:0,&quot;23&quot;:1}\"><strong>Vinilo Red Camo para patinete el\u00e9ctrico Smartgyro<\/strong><\/span><\/h2>\n<p><span data-sheets-value=\"{&quot;1&quot;:2,&quot;2&quot;:&quot;Vinilo Redbull x KTM para patinete el\u00e9ctrico Smartgyro\\n\\nPersonaliza tu patinete el\u00e9ctrico SmartGyro con este incre\u00edble vinilo de edici\u00f3n especial Redbull x KTM, disponible en Taller del Patinete. Dise\u00f1ado para brindar un toque de alta velocidad y energ\u00eda, este vinilo exclusivo combina la emblem\u00e1tica marca Redbull con el estilo distintivo de KTM.\\n\\nVinilo para patinete Smartgyro\\n\\nLa aplicaci\u00f3n del vinilo es sencilla y no deja residuos al retirarlo, lo que garantiza que tu patinete se mantenga en perfecto estado. Adem\u00e1s, el material de alta calidad protege la superficie del patinete contra ara\u00f1azos y desgaste.\\n\\nA\u00f1ade un toque de personalidad a tu SmartGyro y presume de tu pasi\u00f3n por el mundo del motor con este vinilo \u00fanico. \u00a1No te quedes sin el tuyo!&quot;}\" data-sheets-userformat=\"{&quot;2&quot;:1049347,&quot;3&quot;:{&quot;1&quot;:0},&quot;4&quot;:{&quot;1&quot;:2,&quot;2&quot;:16777215},&quot;11&quot;:0,&quot;12&quot;:0,&quot;23&quot;:1}\">Personaliza tu patinete el\u00e9ctrico smartGyro con este incre\u00edble vinilo, disponible en 360Scooters. Dise\u00f1ado para brindar un toque de alta velocidad y energ\u00eda. Posibilidad de a\u00f1adir <\/span>base con laminado fino antideslizante<\/p>\n<h3><span data-sheets-value=\"{&quot;1&quot;:2,&quot;2&quot;:&quot;Vinilo Redbull x KTM para patinete el\u00e9ctrico Smartgyro\\n\\nPersonaliza tu patinete el\u00e9ctrico SmartGyro con este incre\u00edble vinilo de edici\u00f3n especial Redbull x KTM, disponible en Taller del Patinete. Dise\u00f1ado para brindar un toque de alta velocidad y energ\u00eda, este vinilo exclusivo combina la emblem\u00e1tica marca Redbull con el estilo distintivo de KTM.\\n\\nVinilo para patinete Smartgyro\\n\\nLa aplicaci\u00f3n del vinilo es sencilla y no deja residuos al retirarlo, lo que garantiza que tu patinete se mantenga en perfecto estado. Adem\u00e1s, el material de alta calidad protege la superficie del patinete contra ara\u00f1azos y desgaste.\\n\\nA\u00f1ade un toque de personalidad a tu SmartGyro y presume de tu pasi\u00f3n por el mundo del motor con este vinilo \u00fanico. \u00a1No te quedes sin el tuyo!&quot;}\" data-sheets-userformat=\"{&quot;2&quot;:1049347,&quot;3&quot;:{&quot;1&quot;:0},&quot;4&quot;:{&quot;1&quot;:2,&quot;2&quot;:16777215},&quot;11&quot;:0,&quot;12&quot;:0,&quot;23&quot;:1}\"><strong>Vinilo para patinete smartGyro<\/strong><\/span><\/h3>\n<p><span data-sheets-value=\"{&quot;1&quot;:2,&quot;2&quot;:&quot;Vinilo Redbull x KTM para patinete el\u00e9ctrico Smartgyro\\n\\nPersonaliza tu patinete el\u00e9ctrico SmartGyro con este incre\u00edble vinilo de edici\u00f3n especial Redbull x KTM, disponible en Taller del Patinete. Dise\u00f1ado para brindar un toque de alta velocidad y energ\u00eda, este vinilo exclusivo combina la emblem\u00e1tica marca Redbull con el estilo distintivo de KTM.\\n\\nVinilo para patinete Smartgyro\\n\\nLa aplicaci\u00f3n del vinilo es sencilla y no deja residuos al retirarlo, lo que garantiza que tu patinete se mantenga en perfecto estado. Adem\u00e1s, el material de alta calidad protege la superficie del patinete contra ara\u00f1azos y desgaste.\\n\\nA\u00f1ade un toque de personalidad a tu SmartGyro y presume de tu pasi\u00f3n por el mundo del motor con este vinilo \u00fanico. \u00a1No te quedes sin el tuyo!&quot;}\" data-sheets-userformat=\"{&quot;2&quot;:1049347,&quot;3&quot;:{&quot;1&quot;:0},&quot;4&quot;:{&quot;1&quot;:2,&quot;2&quot;:16777215},&quot;11&quot;:0,&quot;12&quot;:0,&quot;23&quot;:1}\">La aplicaci\u00f3n del vinilo es sencilla y no deja residuos al retirarlo, lo que garantiza que tu patinete se mantenga en perfecto estado. Adem\u00e1s, el material de alta calidad protege la superficie del patinete contra ara\u00f1azos y desgaste.<\/span><\/p>\n<p>A\u00f1ade un toque de personalidad a tu SmartGyro y presume de tu pasi\u00f3n por el mundo del motor con este vinilo \u00fanico. \u00a1No te quedes sin el tuyo!<\/p>\n","protected":false},"excerpt":{"rendered":"<h4><strong>Vinilo para personalizar tu patinete el\u00e9ctrico Smartgyro<\/strong><\/h4>\n<p>Dale un toque personal a tu patinete el\u00e9ctrico Smartgyro con nuestra amplia selecci\u00f3n de vinilos y decoraciones. Crea un dise\u00f1o \u00fanico con nuestros vinilos Smartgyro Speedway o personalizarlo con pegatinas. El manillar de tu patinete tambi\u00e9n puede ser protegido y renovado con nuestra amplia selecci\u00f3n de piezas y accesorios. Adem\u00e1s, para aquellos que buscan una experiencia a\u00fan m\u00e1s intensa, ofrecemos accesorios Smartgyro Raptor y Smartgyro Crossover Dual para llevar tu patinete al siguiente nivel. \u00a1Haz que tu patinete sea una extensi\u00f3n de tu estilo con nuestros accesorios Smartgyro!<\/p>\n<p>Modelos compatibles :<\/p>\n<p>Speedway \/ Speedway PRO \/ Rockway \/ Rockway Pro \/ Crossover Dual \/ Crossover Dual Pro<\/p>\n","protected":false},"featured_media":1328,"comment_status":"open","ping_status":"closed","template":"","meta":[],"product_brand":[],"product_cat":[228,229,231],"product_tag":[],"class_list":{"0":"post-2028","1":"product","2":"type-product","3":"status-publish","4":"has-post-thumbnail","6":"product_cat-vinilos-para-smartgyro-vinilos-2","7":"product_cat-vinilos-smartgyro-rockway-speedway-crossover","8":"product_cat-vinilos-zwheel-zrino","10":"first","11":"instock","12":"taxable","13":"shipping-taxable","14":"purchasable","15":"product-type-variable"},"yoast_head":"<!-- This site is optimized with the Yoast SEO plugin v26.9 - https:\/\/yoast.com\/product\/yoast-seo-wordpress\/ -->\n<title>Vinilo Smartgyro Red Camo - 360Scooters | Venta y reparaci\u00f3n de patinetes el\u00e9ctricos en Canarias<\/title>\n<meta name=\"robots\" content=\"index, follow, max-snippet:-1, max-image-preview:large, max-video-preview:-1\" \/>\n<link rel=\"canonical\" href=\"https:\/\/360scooters.com\/ic\/producto\/vinilo-smartgyro-red-camo\/\" \/>\n<meta property=\"og:locale\" content=\"es_ES\" \/>\n<meta property=\"og:type\" content=\"article\" \/>\n<meta property=\"og:title\" content=\"Vinilo Smartgyro Red Camo - 360Scooters | Venta y reparaci\u00f3n de patinetes el\u00e9ctricos en Canarias\" \/>\n<meta property=\"og:description\" content=\"Vinilo para personalizar tu patinete el\u00e9ctrico Smartgyro Dale un toque personal a tu patinete el\u00e9ctrico Smartgyro con nuestra amplia selecci\u00f3n de vinilos y decoraciones. Crea un dise\u00f1o \u00fanico con nuestros vinilos Smartgyro Speedway o personalizarlo con pegatinas. El manillar de tu patinete tambi\u00e9n puede ser protegido y renovado con nuestra amplia selecci\u00f3n de piezas y accesorios. Adem\u00e1s, para aquellos que buscan una experiencia a\u00fan m\u00e1s intensa, ofrecemos accesorios Smartgyro Raptor y Smartgyro Crossover Dual para llevar tu patinete al siguiente nivel. \u00a1Haz que tu patinete sea una extensi\u00f3n de tu estilo con nuestros accesorios Smartgyro!  Modelos compatibles :  Speedway \/ Speedway PRO \/ Rockway \/ Rockway Pro \/ Crossover Dual \/ Crossover Dual Pro\" \/>\n<meta property=\"og:url\" content=\"https:\/\/360scooters.com\/ic\/producto\/vinilo-smartgyro-red-camo\/\" \/>\n<meta property=\"og:site_name\" content=\"360Scooters | Venta y reparaci\u00f3n de patinetes el\u00e9ctricos en Canarias\" \/>\n<meta property=\"article:modified_time\" content=\"2025-03-08T09:37:24+00:00\" \/>\n<meta property=\"og:image\" content=\"https:\/\/360scooters.com\/ic\/wp-content\/uploads\/sites\/3\/2024\/07\/vinilo-para-smartgyro-111777-1.webp\" \/>\n\t<meta property=\"og:image:width\" content=\"600\" \/>\n\t<meta property=\"og:image:height\" content=\"600\" \/>\n\t<meta property=\"og:image:type\" content=\"image\/webp\" \/>\n<meta name=\"twitter:card\" content=\"summary_large_image\" \/>\n<meta name=\"twitter:label1\" content=\"Tiempo de lectura\" \/>\n\t<meta name=\"twitter:data1\" content=\"1 minuto\" \/>\n<script type=\"application\/ld+json\" class=\"yoast-schema-graph\">{\"@context\":\"https:\/\/schema.org\",\"@graph\":[{\"@type\":\"WebPage\",\"@id\":\"https:\/\/360scooters.com\/ic\/producto\/vinilo-smartgyro-red-camo\/\",\"url\":\"https:\/\/360scooters.com\/ic\/producto\/vinilo-smartgyro-red-camo\/\",\"name\":\"Vinilo Smartgyro Red Camo - 360Scooters | Venta y reparaci\u00f3n de patinetes el\u00e9ctricos en Canarias\",\"isPartOf\":{\"@id\":\"https:\/\/360scooters.com\/ic\/#website\"},\"primaryImageOfPage\":{\"@id\":\"https:\/\/360scooters.com\/ic\/producto\/vinilo-smartgyro-red-camo\/#primaryimage\"},\"image\":{\"@id\":\"https:\/\/360scooters.com\/ic\/producto\/vinilo-smartgyro-red-camo\/#primaryimage\"},\"thumbnailUrl\":\"https:\/\/360scooters.com\/ic\/wp-content\/uploads\/sites\/3\/2024\/07\/vinilo-para-smartgyro-111777-1.webp\",\"datePublished\":\"2025-03-08T09:24:55+00:00\",\"dateModified\":\"2025-03-08T09:37:24+00:00\",\"breadcrumb\":{\"@id\":\"https:\/\/360scooters.com\/ic\/producto\/vinilo-smartgyro-red-camo\/#breadcrumb\"},\"inLanguage\":\"es\",\"potentialAction\":[{\"@type\":\"ReadAction\",\"target\":[\"https:\/\/360scooters.com\/ic\/producto\/vinilo-smartgyro-red-camo\/\"]}]},{\"@type\":\"ImageObject\",\"inLanguage\":\"es\",\"@id\":\"https:\/\/360scooters.com\/ic\/producto\/vinilo-smartgyro-red-camo\/#primaryimage\",\"url\":\"https:\/\/360scooters.com\/ic\/wp-content\/uploads\/sites\/3\/2024\/07\/vinilo-para-smartgyro-111777-1.webp\",\"contentUrl\":\"https:\/\/360scooters.com\/ic\/wp-content\/uploads\/sites\/3\/2024\/07\/vinilo-para-smartgyro-111777-1.webp\",\"width\":600,\"height\":600},{\"@type\":\"BreadcrumbList\",\"@id\":\"https:\/\/360scooters.com\/ic\/producto\/vinilo-smartgyro-red-camo\/#breadcrumb\",\"itemListElement\":[{\"@type\":\"ListItem\",\"position\":1,\"name\":\"Portada\",\"item\":\"https:\/\/360scooters.com\/ic\/\"},{\"@type\":\"ListItem\",\"position\":2,\"name\":\"Tienda\",\"item\":\"https:\/\/360scooters.com\/ic\/tienda\/\"},{\"@type\":\"ListItem\",\"position\":3,\"name\":\"Vinilo Smartgyro Red Camo\"}]},{\"@type\":\"WebSite\",\"@id\":\"https:\/\/360scooters.com\/ic\/#website\",\"url\":\"https:\/\/360scooters.com\/ic\/\",\"name\":\"360Scooters | Venta y reparaci\u00f3n de patinetes el\u00e9ctricos en Canarias\",\"description\":\"\",\"potentialAction\":[{\"@type\":\"SearchAction\",\"target\":{\"@type\":\"EntryPoint\",\"urlTemplate\":\"https:\/\/360scooters.com\/ic\/?s={search_term_string}\"},\"query-input\":{\"@type\":\"PropertyValueSpecification\",\"valueRequired\":true,\"valueName\":\"search_term_string\"}}],\"inLanguage\":\"es\"}]}<\/script>\n<!-- \/ Yoast SEO plugin. -->","yoast_head_json":{"title":"Vinilo Smartgyro Red Camo - 360Scooters | Venta y reparaci\u00f3n de patinetes el\u00e9ctricos en Canarias","robots":{"index":"index","follow":"follow","max-snippet":"max-snippet:-1","max-image-preview":"max-image-preview:large","max-video-preview":"max-video-preview:-1"},"canonical":"https:\/\/360scooters.com\/ic\/producto\/vinilo-smartgyro-red-camo\/","og_locale":"es_ES","og_type":"article","og_title":"Vinilo Smartgyro Red Camo - 360Scooters | Venta y reparaci\u00f3n de patinetes el\u00e9ctricos en Canarias","og_description":"Vinilo para personalizar tu patinete el\u00e9ctrico Smartgyro Dale un toque personal a tu patinete el\u00e9ctrico Smartgyro con nuestra amplia selecci\u00f3n de vinilos y decoraciones. Crea un dise\u00f1o \u00fanico con nuestros vinilos Smartgyro Speedway o personalizarlo con pegatinas. El manillar de tu patinete tambi\u00e9n puede ser protegido y renovado con nuestra amplia selecci\u00f3n de piezas y accesorios. Adem\u00e1s, para aquellos que buscan una experiencia a\u00fan m\u00e1s intensa, ofrecemos accesorios Smartgyro Raptor y Smartgyro Crossover Dual para llevar tu patinete al siguiente nivel. \u00a1Haz que tu patinete sea una extensi\u00f3n de tu estilo con nuestros accesorios Smartgyro!  Modelos compatibles :  Speedway \/ Speedway PRO \/ Rockway \/ Rockway Pro \/ Crossover Dual \/ Crossover Dual Pro","og_url":"https:\/\/360scooters.com\/ic\/producto\/vinilo-smartgyro-red-camo\/","og_site_name":"360Scooters | Venta y reparaci\u00f3n de patinetes el\u00e9ctricos en Canarias","article_modified_time":"2025-03-08T09:37:24+00:00","og_image":[{"width":600,"height":600,"url":"https:\/\/360scooters.com\/ic\/wp-content\/uploads\/sites\/3\/2024\/07\/vinilo-para-smartgyro-111777-1.webp","type":"image\/webp"}],"twitter_card":"summary_large_image","twitter_misc":{"Tiempo de lectura":"1 minuto"},"schema":{"@context":"https:\/\/schema.org","@graph":[{"@type":"WebPage","@id":"https:\/\/360scooters.com\/ic\/producto\/vinilo-smartgyro-red-camo\/","url":"https:\/\/360scooters.com\/ic\/producto\/vinilo-smartgyro-red-camo\/","name":"Vinilo Smartgyro Red Camo - 360Scooters | Venta y reparaci\u00f3n de patinetes el\u00e9ctricos en Canarias","isPartOf":{"@id":"https:\/\/360scooters.com\/ic\/#website"},"primaryImageOfPage":{"@id":"https:\/\/360scooters.com\/ic\/producto\/vinilo-smartgyro-red-camo\/#primaryimage"},"image":{"@id":"https:\/\/360scooters.com\/ic\/producto\/vinilo-smartgyro-red-camo\/#primaryimage"},"thumbnailUrl":"https:\/\/360scooters.com\/ic\/wp-content\/uploads\/sites\/3\/2024\/07\/vinilo-para-smartgyro-111777-1.webp","datePublished":"2025-03-08T09:24:55+00:00","dateModified":"2025-03-08T09:37:24+00:00","breadcrumb":{"@id":"https:\/\/360scooters.com\/ic\/producto\/vinilo-smartgyro-red-camo\/#breadcrumb"},"inLanguage":"es","potentialAction":[{"@type":"ReadAction","target":["https:\/\/360scooters.com\/ic\/producto\/vinilo-smartgyro-red-camo\/"]}]},{"@type":"ImageObject","inLanguage":"es","@id":"https:\/\/360scooters.com\/ic\/producto\/vinilo-smartgyro-red-camo\/#primaryimage","url":"https:\/\/360scooters.com\/ic\/wp-content\/uploads\/sites\/3\/2024\/07\/vinilo-para-smartgyro-111777-1.webp","contentUrl":"https:\/\/360scooters.com\/ic\/wp-content\/uploads\/sites\/3\/2024\/07\/vinilo-para-smartgyro-111777-1.webp","width":600,"height":600},{"@type":"BreadcrumbList","@id":"https:\/\/360scooters.com\/ic\/producto\/vinilo-smartgyro-red-camo\/#breadcrumb","itemListElement":[{"@type":"ListItem","position":1,"name":"Portada","item":"https:\/\/360scooters.com\/ic\/"},{"@type":"ListItem","position":2,"name":"Tienda","item":"https:\/\/360scooters.com\/ic\/tienda\/"},{"@type":"ListItem","position":3,"name":"Vinilo Smartgyro Red Camo"}]},{"@type":"WebSite","@id":"https:\/\/360scooters.com\/ic\/#website","url":"https:\/\/360scooters.com\/ic\/","name":"360Scooters | Venta y reparaci\u00f3n de patinetes el\u00e9ctricos en Canarias","description":"","potentialAction":[{"@type":"SearchAction","target":{"@type":"EntryPoint","urlTemplate":"https:\/\/360scooters.com\/ic\/?s={search_term_string}"},"query-input":{"@type":"PropertyValueSpecification","valueRequired":true,"valueName":"search_term_string"}}],"inLanguage":"es"}]}},"_links":{"self":[{"href":"https:\/\/360scooters.com\/ic\/wp-json\/wp\/v2\/product\/2028","targetHints":{"allow":["GET"]}}],"collection":[{"href":"https:\/\/360scooters.com\/ic\/wp-json\/wp\/v2\/product"}],"about":[{"href":"https:\/\/360scooters.com\/ic\/wp-json\/wp\/v2\/types\/product"}],"replies":[{"embeddable":true,"href":"https:\/\/360scooters.com\/ic\/wp-json\/wp\/v2\/comments?post=2028"}],"wp:featuredmedia":[{"embeddable":true,"href":"https:\/\/360scooters.com\/ic\/wp-json\/wp\/v2\/media\/1328"}],"wp:attachment":[{"href":"https:\/\/360scooters.com\/ic\/wp-json\/wp\/v2\/media?parent=2028"}],"wp:term":[{"taxonomy":"product_brand","embeddable":true,"href":"https:\/\/360scooters.com\/ic\/wp-json\/wp\/v2\/product_brand?post=2028"},{"taxonomy":"product_cat","embeddable":true,"href":"https:\/\/360scooters.com\/ic\/wp-json\/wp\/v2\/product_cat?post=2028"},{"taxonomy":"product_tag","embeddable":true,"href":"https:\/\/360scooters.com\/ic\/wp-json\/wp\/v2\/product_tag?post=2028"}],"curies":[{"name":"wp","href":"https:\/\/api.w.org\/{rel}","templated":true}]}}