{"id":1031,"date":"2020-04-11T11:07:39","date_gmt":"2020-04-11T09:07:39","guid":{"rendered":"https:\/\/360scooters.com\/ic\/?post_type=product&#038;p=1031"},"modified":"2024-04-11T11:09:17","modified_gmt":"2024-04-11T09:09:17","slug":"instalacion-pinza-xtech-en-xiaomi","status":"publish","type":"product","link":"https:\/\/360scooters.com\/ic\/producto\/instalacion-pinza-xtech-en-xiaomi\/","title":{"rendered":"Instalaci\u00f3n pinza Xtech en Xiaomi"},"content":{"rendered":"","protected":false},"excerpt":{"rendered":"<h6>Pinza de Freno Xtech + Soporte para Xiaomi<\/h6>\n<p><strong>Mejora la frenada<\/strong>\u00a0de tu patinete el\u00e9ctrico\u00a0<strong>Xiaomi<\/strong>\u00a0con nuestra pinza de freno de disco\u00a0<strong>semi hidr\u00e1ulica<\/strong>.Con adaptador dise\u00f1ado para adaptarse a modelos\u00a0<strong>Xiaomi<\/strong>, esta pinza ofrece una frenada potente y segura. Instalaci\u00f3n sencilla y compatible con todos los modelos Xiaomi excepto MI Scooter 3. \u00a1Potencia tu seguridad en la carretera con nuestra pinza de freno de disco semi hidr\u00e1ulica para <strong>patinetes el\u00e9ctricos Xiaomi<\/strong>!<\/p>\n<p>Incluye: Pinza de Freno Xtech, Soporte Original Xtech, disco de freno 120mm, torniller\u00eda<\/p>\n","protected":false},"featured_media":1032,"comment_status":"open","ping_status":"closed","template":"","meta":[],"product_brand":[],"product_cat":[153],"product_tag":[],"class_list":{"0":"post-1031","1":"product","2":"type-product","3":"status-publish","4":"has-post-thumbnail","6":"product_cat-tienda-reparaciones","8":"first","9":"instock","10":"sale","11":"taxable","12":"shipping-taxable","13":"product-type-external"},"yoast_head":"<!-- This site is optimized with the Yoast SEO plugin v26.9 - https:\/\/yoast.com\/product\/yoast-seo-wordpress\/ -->\n<title>Instalaci\u00f3n pinza Xtech en Xiaomi - 360Scooters | Venta y reparaci\u00f3n de patinetes el\u00e9ctricos en Canarias<\/title>\n<meta name=\"robots\" content=\"index, follow, max-snippet:-1, max-image-preview:large, max-video-preview:-1\" \/>\n<link rel=\"canonical\" href=\"https:\/\/360scooters.com\/ic\/producto\/instalacion-pinza-xtech-en-xiaomi\/\" \/>\n<meta property=\"og:locale\" content=\"es_ES\" \/>\n<meta property=\"og:type\" content=\"article\" \/>\n<meta property=\"og:title\" content=\"Instalaci\u00f3n pinza Xtech en Xiaomi - 360Scooters | Venta y reparaci\u00f3n de patinetes el\u00e9ctricos en Canarias\" \/>\n<meta property=\"og:description\" content=\"Pinza de Freno Xtech + Soporte para Xiaomi Mejora la frenada\u00a0de tu patinete el\u00e9ctrico\u00a0Xiaomi\u00a0con nuestra pinza de freno de disco\u00a0semi hidr\u00e1ulica.Con adaptador dise\u00f1ado para adaptarse a modelos\u00a0Xiaomi, esta pinza ofrece una frenada potente y segura. Instalaci\u00f3n sencilla y compatible con todos los modelos Xiaomi excepto MI Scooter 3. \u00a1Potencia tu seguridad en la carretera con nuestra pinza de freno de disco semi hidr\u00e1ulica para patinetes el\u00e9ctricos Xiaomi!  Incluye: Pinza de Freno Xtech, Soporte Original Xtech, disco de freno 120mm, torniller\u00eda\" \/>\n<meta property=\"og:url\" content=\"https:\/\/360scooters.com\/ic\/producto\/instalacion-pinza-xtech-en-xiaomi\/\" \/>\n<meta property=\"og:site_name\" content=\"360Scooters | Venta y reparaci\u00f3n de patinetes el\u00e9ctricos en Canarias\" \/>\n<meta property=\"article:modified_time\" content=\"2024-04-11T09:09:17+00:00\" \/>\n<meta property=\"og:image\" content=\"https:\/\/360scooters.com\/ic\/wp-content\/uploads\/sites\/3\/2024\/04\/semihidraulica-l-xtech.jpg\" \/>\n\t<meta property=\"og:image:width\" content=\"800\" \/>\n\t<meta property=\"og:image:height\" content=\"800\" \/>\n\t<meta property=\"og:image:type\" content=\"image\/jpeg\" \/>\n<meta name=\"twitter:card\" content=\"summary_large_image\" \/>\n<meta name=\"twitter:label1\" content=\"Tiempo de lectura\" \/>\n\t<meta name=\"twitter:data1\" content=\"1 minuto\" \/>\n<script type=\"application\/ld+json\" class=\"yoast-schema-graph\">{\"@context\":\"https:\/\/schema.org\",\"@graph\":[{\"@type\":\"WebPage\",\"@id\":\"https:\/\/360scooters.com\/ic\/producto\/instalacion-pinza-xtech-en-xiaomi\/\",\"url\":\"https:\/\/360scooters.com\/ic\/producto\/instalacion-pinza-xtech-en-xiaomi\/\",\"name\":\"Instalaci\u00f3n pinza Xtech en Xiaomi - 360Scooters | Venta y reparaci\u00f3n de patinetes el\u00e9ctricos en Canarias\",\"isPartOf\":{\"@id\":\"https:\/\/360scooters.com\/ic\/#website\"},\"primaryImageOfPage\":{\"@id\":\"https:\/\/360scooters.com\/ic\/producto\/instalacion-pinza-xtech-en-xiaomi\/#primaryimage\"},\"image\":{\"@id\":\"https:\/\/360scooters.com\/ic\/producto\/instalacion-pinza-xtech-en-xiaomi\/#primaryimage\"},\"thumbnailUrl\":\"https:\/\/360scooters.com\/ic\/wp-content\/uploads\/sites\/3\/2024\/04\/semihidraulica-l-xtech.jpg\",\"datePublished\":\"2020-04-11T09:07:39+00:00\",\"dateModified\":\"2024-04-11T09:09:17+00:00\",\"breadcrumb\":{\"@id\":\"https:\/\/360scooters.com\/ic\/producto\/instalacion-pinza-xtech-en-xiaomi\/#breadcrumb\"},\"inLanguage\":\"es\",\"potentialAction\":[{\"@type\":\"ReadAction\",\"target\":[\"https:\/\/360scooters.com\/ic\/producto\/instalacion-pinza-xtech-en-xiaomi\/\"]}]},{\"@type\":\"ImageObject\",\"inLanguage\":\"es\",\"@id\":\"https:\/\/360scooters.com\/ic\/producto\/instalacion-pinza-xtech-en-xiaomi\/#primaryimage\",\"url\":\"https:\/\/360scooters.com\/ic\/wp-content\/uploads\/sites\/3\/2024\/04\/semihidraulica-l-xtech.jpg\",\"contentUrl\":\"https:\/\/360scooters.com\/ic\/wp-content\/uploads\/sites\/3\/2024\/04\/semihidraulica-l-xtech.jpg\",\"width\":800,\"height\":800},{\"@type\":\"BreadcrumbList\",\"@id\":\"https:\/\/360scooters.com\/ic\/producto\/instalacion-pinza-xtech-en-xiaomi\/#breadcrumb\",\"itemListElement\":[{\"@type\":\"ListItem\",\"position\":1,\"name\":\"Portada\",\"item\":\"https:\/\/360scooters.com\/ic\/\"},{\"@type\":\"ListItem\",\"position\":2,\"name\":\"Tienda\",\"item\":\"https:\/\/360scooters.com\/ic\/tienda\/\"},{\"@type\":\"ListItem\",\"position\":3,\"name\":\"Instalaci\u00f3n pinza Xtech en Xiaomi\"}]},{\"@type\":\"WebSite\",\"@id\":\"https:\/\/360scooters.com\/ic\/#website\",\"url\":\"https:\/\/360scooters.com\/ic\/\",\"name\":\"360Scooters | Venta y reparaci\u00f3n de patinetes el\u00e9ctricos en Canarias\",\"description\":\"\",\"potentialAction\":[{\"@type\":\"SearchAction\",\"target\":{\"@type\":\"EntryPoint\",\"urlTemplate\":\"https:\/\/360scooters.com\/ic\/?s={search_term_string}\"},\"query-input\":{\"@type\":\"PropertyValueSpecification\",\"valueRequired\":true,\"valueName\":\"search_term_string\"}}],\"inLanguage\":\"es\"}]}<\/script>\n<!-- \/ Yoast SEO plugin. -->","yoast_head_json":{"title":"Instalaci\u00f3n pinza Xtech en Xiaomi - 360Scooters | Venta y reparaci\u00f3n de patinetes el\u00e9ctricos en Canarias","robots":{"index":"index","follow":"follow","max-snippet":"max-snippet:-1","max-image-preview":"max-image-preview:large","max-video-preview":"max-video-preview:-1"},"canonical":"https:\/\/360scooters.com\/ic\/producto\/instalacion-pinza-xtech-en-xiaomi\/","og_locale":"es_ES","og_type":"article","og_title":"Instalaci\u00f3n pinza Xtech en Xiaomi - 360Scooters | Venta y reparaci\u00f3n de patinetes el\u00e9ctricos en Canarias","og_description":"Pinza de Freno Xtech + Soporte para Xiaomi Mejora la frenada\u00a0de tu patinete el\u00e9ctrico\u00a0Xiaomi\u00a0con nuestra pinza de freno de disco\u00a0semi hidr\u00e1ulica.Con adaptador dise\u00f1ado para adaptarse a modelos\u00a0Xiaomi, esta pinza ofrece una frenada potente y segura. Instalaci\u00f3n sencilla y compatible con todos los modelos Xiaomi excepto MI Scooter 3. \u00a1Potencia tu seguridad en la carretera con nuestra pinza de freno de disco semi hidr\u00e1ulica para patinetes el\u00e9ctricos Xiaomi!  Incluye: Pinza de Freno Xtech, Soporte Original Xtech, disco de freno 120mm, torniller\u00eda","og_url":"https:\/\/360scooters.com\/ic\/producto\/instalacion-pinza-xtech-en-xiaomi\/","og_site_name":"360Scooters | Venta y reparaci\u00f3n de patinetes el\u00e9ctricos en Canarias","article_modified_time":"2024-04-11T09:09:17+00:00","og_image":[{"width":800,"height":800,"url":"https:\/\/360scooters.com\/ic\/wp-content\/uploads\/sites\/3\/2024\/04\/semihidraulica-l-xtech.jpg","type":"image\/jpeg"}],"twitter_card":"summary_large_image","twitter_misc":{"Tiempo de lectura":"1 minuto"},"schema":{"@context":"https:\/\/schema.org","@graph":[{"@type":"WebPage","@id":"https:\/\/360scooters.com\/ic\/producto\/instalacion-pinza-xtech-en-xiaomi\/","url":"https:\/\/360scooters.com\/ic\/producto\/instalacion-pinza-xtech-en-xiaomi\/","name":"Instalaci\u00f3n pinza Xtech en Xiaomi - 360Scooters | Venta y reparaci\u00f3n de patinetes el\u00e9ctricos en Canarias","isPartOf":{"@id":"https:\/\/360scooters.com\/ic\/#website"},"primaryImageOfPage":{"@id":"https:\/\/360scooters.com\/ic\/producto\/instalacion-pinza-xtech-en-xiaomi\/#primaryimage"},"image":{"@id":"https:\/\/360scooters.com\/ic\/producto\/instalacion-pinza-xtech-en-xiaomi\/#primaryimage"},"thumbnailUrl":"https:\/\/360scooters.com\/ic\/wp-content\/uploads\/sites\/3\/2024\/04\/semihidraulica-l-xtech.jpg","datePublished":"2020-04-11T09:07:39+00:00","dateModified":"2024-04-11T09:09:17+00:00","breadcrumb":{"@id":"https:\/\/360scooters.com\/ic\/producto\/instalacion-pinza-xtech-en-xiaomi\/#breadcrumb"},"inLanguage":"es","potentialAction":[{"@type":"ReadAction","target":["https:\/\/360scooters.com\/ic\/producto\/instalacion-pinza-xtech-en-xiaomi\/"]}]},{"@type":"ImageObject","inLanguage":"es","@id":"https:\/\/360scooters.com\/ic\/producto\/instalacion-pinza-xtech-en-xiaomi\/#primaryimage","url":"https:\/\/360scooters.com\/ic\/wp-content\/uploads\/sites\/3\/2024\/04\/semihidraulica-l-xtech.jpg","contentUrl":"https:\/\/360scooters.com\/ic\/wp-content\/uploads\/sites\/3\/2024\/04\/semihidraulica-l-xtech.jpg","width":800,"height":800},{"@type":"BreadcrumbList","@id":"https:\/\/360scooters.com\/ic\/producto\/instalacion-pinza-xtech-en-xiaomi\/#breadcrumb","itemListElement":[{"@type":"ListItem","position":1,"name":"Portada","item":"https:\/\/360scooters.com\/ic\/"},{"@type":"ListItem","position":2,"name":"Tienda","item":"https:\/\/360scooters.com\/ic\/tienda\/"},{"@type":"ListItem","position":3,"name":"Instalaci\u00f3n pinza Xtech en Xiaomi"}]},{"@type":"WebSite","@id":"https:\/\/360scooters.com\/ic\/#website","url":"https:\/\/360scooters.com\/ic\/","name":"360Scooters | Venta y reparaci\u00f3n de patinetes el\u00e9ctricos en Canarias","description":"","potentialAction":[{"@type":"SearchAction","target":{"@type":"EntryPoint","urlTemplate":"https:\/\/360scooters.com\/ic\/?s={search_term_string}"},"query-input":{"@type":"PropertyValueSpecification","valueRequired":true,"valueName":"search_term_string"}}],"inLanguage":"es"}]}},"_links":{"self":[{"href":"https:\/\/360scooters.com\/ic\/wp-json\/wp\/v2\/product\/1031","targetHints":{"allow":["GET"]}}],"collection":[{"href":"https:\/\/360scooters.com\/ic\/wp-json\/wp\/v2\/product"}],"about":[{"href":"https:\/\/360scooters.com\/ic\/wp-json\/wp\/v2\/types\/product"}],"replies":[{"embeddable":true,"href":"https:\/\/360scooters.com\/ic\/wp-json\/wp\/v2\/comments?post=1031"}],"wp:featuredmedia":[{"embeddable":true,"href":"https:\/\/360scooters.com\/ic\/wp-json\/wp\/v2\/media\/1032"}],"wp:attachment":[{"href":"https:\/\/360scooters.com\/ic\/wp-json\/wp\/v2\/media?parent=1031"}],"wp:term":[{"taxonomy":"product_brand","embeddable":true,"href":"https:\/\/360scooters.com\/ic\/wp-json\/wp\/v2\/product_brand?post=1031"},{"taxonomy":"product_cat","embeddable":true,"href":"https:\/\/360scooters.com\/ic\/wp-json\/wp\/v2\/product_cat?post=1031"},{"taxonomy":"product_tag","embeddable":true,"href":"https:\/\/360scooters.com\/ic\/wp-json\/wp\/v2\/product_tag?post=1031"}],"curies":[{"name":"wp","href":"https:\/\/api.w.org\/{rel}","templated":true}]}}