{"id":103,"date":"2023-12-11T13:03:12","date_gmt":"2023-12-11T12:03:12","guid":{"rendered":"https:\/\/360scooters.com\/ic\/?post_type=product&#038;p=103"},"modified":"2024-04-05T14:05:00","modified_gmt":"2024-04-05T12:05:00","slug":"patinete-electrico-ziro-pro-smartgyro","status":"publish","type":"product","link":"https:\/\/360scooters.com\/ic\/producto\/patinete-electrico-ziro-pro-smartgyro\/","title":{"rendered":"Patinete el\u00e9ctrico Ziro PRO smartGyro"},"content":{"rendered":"<p><strong>Combinando ligereza, potencia y tecnolog\u00eda<\/strong>; sube en este patinete el\u00e9ctrico smartgyro <strong>Ziro PRO y disfruta de tu viaje.<\/strong> Una nueva versi\u00f3n de unos de nuestros patinetes m\u00e1s ligeros y ergon\u00f3micos, en el que hemos mejorado las prestaciones de sus componentes.<\/p>\n<p>Su <strong>motor el\u00e9ctrico Brushless de 400w de potencia nominal<\/strong> <strong>(620W de potencia m\u00e1xima)<\/strong> te llevar\u00e1 a todos los sitios que te propongas y si hay cuestas; no supondr\u00e1 ning\u00fan problema. Adem\u00e1s, cuenta con una <strong>bater\u00eda de litio de 10.000 mAh<\/strong> para que puedas hacerte <strong>hasta 40 km<\/strong> con una sola carga.<\/p>\n<p>Suspensiones delanteras, traseras y <strong>ruedas neum\u00e1ticas de 10&#8243; para absorber todas las irregularidades del terreno sin que tu espalda lo note, <\/strong>estructura plegable en 3 segundos, <strong>display multifunci\u00f3n<\/strong> que podr\u00e1s ver en cualquier condici\u00f3n incluso a pleno sol, <strong>frenada regenerativa y freno trasero de disco<\/strong> que detendr\u00e1 tu Ziro Pro en un instante y una estructura plegable que podr\u00e1s subir en el autob\u00fas, metro o maletero del coche sin esforzarte.<\/p>\n<p><strong>3 modos de velocidad seleccionables (Eco, confort y Sport)<\/strong>, ajusta la marcha seg\u00fan las necesidades del viaje y ahorra en bater\u00eda. Seguro y con potente con su espectacular <strong>foco de led delantero de 4 leds y luces de freno traseras.<\/strong><\/p>\n<p>Adem\u00e1s, <strong>es compatible con la aplicaci\u00f3n de smartgyro<\/strong> donde podr\u00e1s modificar muchas de sus funciones como arranque desde parado o de zancada, consultar los km recorridos, bater\u00eda o incluso bloquear el pat\u00edn desde tu m\u00f3vil. smartGyro Ziro pro, est\u00e1 concebido para ser tu mejor compa\u00f1ero de viaje.<\/p>\n<p>Caracter\u00edsticas de smartgyro Ziro PRO:<\/p>\n<ul>\n<li><strong>Doble suspensi\u00f3n delantera y trasera<\/strong> que absorbe todas las imperfecciones de la calzada para una mejor sensaci\u00f3n en la conducci\u00f3n, mayor confort y mayor seguridad.<\/li>\n<li><strong>Potente Motor Brushless, 400W de potencia nominal y 620W de potencia m\u00e1xima con transmisi\u00f3n directa<\/strong> (sin empleo de cadenas ni correas) mayor aceleraci\u00f3n, mantenimiento cero y evita aver\u00edas.<\/li>\n<li>Sistema de control de crucero <strong>CCS<\/strong>.<\/li>\n<li><strong>Frenos:<\/strong>\u00a0Doble frenada,\u00a0<strong>frenada regenerativa y freno trasero de disco<\/strong><\/li>\n<li><strong>Regeneraci\u00f3n energ\u00e9tica:<\/strong> con el freno electr\u00f3nico que incorpora, aprovecha las inercias de la retenci\u00f3n y la bater\u00eda se carga gracias a la energ\u00eda cin\u00e9tica procedente de la frenada. As\u00ed se minimiza el desgaste de los frenos, aumentando la autonom\u00eda y reduciendo significativamente la distancia necesaria para el frenado y, por lo tanto, la seguridad.<\/li>\n<li><strong>Ruedas de 10\u201d neum\u00e1ticas<\/strong> que por su di\u00e1metro mejora la seguridad en curvas, optimiza la duraci\u00f3n de la bater\u00eda y mejora el confort de marcha.<\/li>\n<li>Alcanza una <strong>velocidad m\u00e1xima de 25 kms por hora<\/strong>. 3 modos de velocidad.<\/li>\n<li>Incorpora <strong>freno de disco trasero<\/strong>, detiene tu smartGyro en un instante y Footbrake.<\/li>\n<li><strong>Bater\u00eda de litio 36v \/ 10 Ah BMS.<\/strong><\/li>\n<li><strong>Tiempo de carga m\u00e1xima de 5 a 6 horas.<\/strong><\/li>\n<li>Permite una <strong>autonom\u00eda de hasta 40 kms<\/strong> (*puede variar seg\u00fan peso de la persona, tipo de carga, inclinaci\u00f3n del recorrido, etc&#8230;)<\/li>\n<li><strong>Permite ascender pendientes con un \u00e1ngulo de inclinaci\u00f3n de 15\u00ba<\/strong>.<\/li>\n<li>Luces: <strong>Luz de posici\u00f3n fronta (4 LED)<\/strong> de alta luminosidad, luces leds en la base que se proyectan en el suelo y luz de freno trasero para que te vean mientras circulas.<\/li>\n<li><strong>Display frontal (cuenta kil\u00f3metros parcial y total, marchas, indicador de velocidad, etc&#8230;)<\/strong><\/li>\n<li>Empu\u00f1aduras resistentes y antideslizantes.<\/li>\n<li><strong>Estructura plegable de aluminio con pata de cabra<\/strong> y con la base y la barra m\u00e1s anchas y largas para hacer el pat\u00edn mucho m\u00e1s c\u00f3modo.<\/li>\n<li><strong>Sistema de cierre 2.0 de nueva generaci\u00f3n.<\/strong> Nuevo sistema de plegado con doble anclaje de ajuste del m\u00e1stil que evita holgura y aumenta la seguridad.<\/li>\n<li><strong>Faros con\u00a04 potentes leds integrados en un moderno dise\u00f1o y luces de posici\u00f3n.<\/strong> Ver\u00e1s mejor, pero tambi\u00e9n ser\u00e1s visto antes por otros conductores.<\/li>\n<li>Luces de cortes\u00eda de color azul hacia el suelo que aumenta la visibilidad 360\u00ba tanto a conductores como a viandantes.<\/li>\n<li><strong>M\u00e1ximo peso permitido, hasta 120 kgs.<\/strong><\/li>\n<li>Protecci\u00f3n a salpicaduras y polvo IPX4<\/li>\n<li>Resistencia al agua IPX4: impermeabilidad est\u00e1ndar, puede ser utilizado con lluvia ligera.<\/li>\n<li>Medidas de seguridad: Protecci\u00f3n contra sobrepresi\u00f3n, bajo voltaje, cortocircuito y sobrecalentamiento.<\/li>\n<li>Sistema inteligente y funciones: <strong>APP para tel\u00e9fono m\u00f3vil, podr\u00e1s ver informaci\u00f3n del SmartGyro en el m\u00f3vil<\/strong>, modo de ajuste, acumulaci\u00f3n de kil\u00f3metros, distancia recorrida, estado de la bater\u00eda, etc. y viene <strong>con funci\u00f3n de bloqueo a distancia.<\/strong><\/li>\n<\/ul>\n","protected":false},"excerpt":{"rendered":"<p><span style=\"color: #0000ff;\"><strong><em>*Este patinete es un producto que ha sido facturado previamente y se vende sin uso. Con este veh\u00edculo podr\u00e1s circular hasta enero de 2027<\/em><\/strong><\/span><\/p>\n<h4>Patinete el\u00e9ctrico con motor Brushless de 620W, bater\u00eda de litio de 10 Ah, ruedas de 10&#8243; neum\u00e1ticas, APP y luces Led en la base smartGyro Ziro PRO<\/h4>\n<p>\u00a1Un Ziro con un 20% m\u00e1s de potencia y m\u00e1s bater\u00eda!<\/p>\n<table>\n<tbody>\n<tr>\n<td><strong>Potencia nominal<br \/>\n<\/strong><\/td>\n<td>400W<\/td>\n<\/tr>\n<tr>\n<td><strong>Potencia m\u00e1xima<br \/>\n<\/strong><\/td>\n<td>620W<\/td>\n<\/tr>\n<tr>\n<td><strong>Bater\u00eda<\/strong><\/td>\n<td>36v \u2013 10Ah<\/td>\n<\/tr>\n<tr>\n<td><strong>Velocidad<\/strong><\/td>\n<td>Hasta 25km\/h<\/td>\n<\/tr>\n<tr>\n<td><strong>Autonom\u00eda<\/strong><\/td>\n<td>Hasta 40 km<\/td>\n<\/tr>\n<tr>\n<td><strong>Peso<\/strong><\/td>\n<td>20 Kg<\/td>\n<\/tr>\n<tr>\n<td><strong>Tiempo de carga<\/strong><\/td>\n<td>5-6 H<\/td>\n<\/tr>\n<tr>\n<td><strong>Frenos<\/strong><\/td>\n<td>Freno de disco trasero y E-ABS<\/td>\n<\/tr>\n<\/tbody>\n<\/table>\n<p><em>*Los precios, ofertas y promociones reflejados en esta web son exclusivos para compras online.<\/em><\/p>\n","protected":false},"featured_media":241,"comment_status":"open","ping_status":"closed","template":"","meta":[],"product_brand":[],"product_cat":[139],"product_tag":[],"class_list":{"0":"post-103","1":"product","2":"type-product","3":"status-publish","4":"has-post-thumbnail","6":"product_cat-puesto-a-nuevo","8":"first","9":"outofstock","10":"sale","11":"taxable","12":"shipping-taxable","13":"purchasable","14":"product-type-simple"},"yoast_head":"<!-- This site is optimized with the Yoast SEO plugin v26.9 - https:\/\/yoast.com\/product\/yoast-seo-wordpress\/ -->\n<title>Patinete el\u00e9ctrico Ziro PRO smartGyro - 360Scooters | Venta y reparaci\u00f3n de patinetes el\u00e9ctricos en Canarias<\/title>\n<meta name=\"robots\" content=\"index, follow, max-snippet:-1, max-image-preview:large, max-video-preview:-1\" \/>\n<link rel=\"canonical\" href=\"https:\/\/360scooters.com\/ic\/producto\/patinete-electrico-ziro-pro-smartgyro\/\" \/>\n<meta property=\"og:locale\" content=\"es_ES\" \/>\n<meta property=\"og:type\" content=\"article\" \/>\n<meta property=\"og:title\" content=\"Patinete el\u00e9ctrico Ziro PRO smartGyro - 360Scooters | Venta y reparaci\u00f3n de patinetes el\u00e9ctricos en Canarias\" \/>\n<meta property=\"og:description\" content=\"*Este patinete es un producto que ha sido facturado previamente y se vende sin uso. Con este veh\u00edculo podr\u00e1s circular hasta enero de 2027 Patinete el\u00e9ctrico con motor Brushless de 620W, bater\u00eda de litio de 10 Ah, ruedas de 10&quot; neum\u00e1ticas, APP y luces Led en la base smartGyro Ziro PRO \u00a1Un Ziro con un 20% m\u00e1s de potencia y m\u00e1s bater\u00eda!    Potencia nominal  400W   Potencia m\u00e1xima  620W   Bater\u00eda 36v \u2013 10Ah   Velocidad Hasta 25km\/h   Autonom\u00eda Hasta 40 km   Peso 20 Kg   Tiempo de carga 5-6 H   Frenos Freno de disco trasero y E-ABS    *Los precios, ofertas y promociones reflejados en esta web son exclusivos para compras online.\" \/>\n<meta property=\"og:url\" content=\"https:\/\/360scooters.com\/ic\/producto\/patinete-electrico-ziro-pro-smartgyro\/\" \/>\n<meta property=\"og:site_name\" content=\"360Scooters | Venta y reparaci\u00f3n de patinetes el\u00e9ctricos en Canarias\" \/>\n<meta property=\"article:modified_time\" content=\"2024-04-05T12:05:00+00:00\" \/>\n<meta property=\"og:image\" content=\"https:\/\/360scooters.com\/ic\/wp-content\/uploads\/sites\/3\/2023\/12\/patinete-electrico-smartgyro-ziro-pro.jpg\" \/>\n\t<meta property=\"og:image:width\" content=\"1500\" \/>\n\t<meta property=\"og:image:height\" content=\"1500\" \/>\n\t<meta property=\"og:image:type\" content=\"image\/jpeg\" \/>\n<meta name=\"twitter:card\" content=\"summary_large_image\" \/>\n<meta name=\"twitter:label1\" content=\"Tiempo de lectura\" \/>\n\t<meta name=\"twitter:data1\" content=\"4 minutos\" \/>\n<script type=\"application\/ld+json\" class=\"yoast-schema-graph\">{\"@context\":\"https:\/\/schema.org\",\"@graph\":[{\"@type\":\"WebPage\",\"@id\":\"https:\/\/360scooters.com\/ic\/producto\/patinete-electrico-ziro-pro-smartgyro\/\",\"url\":\"https:\/\/360scooters.com\/ic\/producto\/patinete-electrico-ziro-pro-smartgyro\/\",\"name\":\"Patinete el\u00e9ctrico Ziro PRO smartGyro - 360Scooters | Venta y reparaci\u00f3n de patinetes el\u00e9ctricos en Canarias\",\"isPartOf\":{\"@id\":\"https:\/\/360scooters.com\/ic\/#website\"},\"primaryImageOfPage\":{\"@id\":\"https:\/\/360scooters.com\/ic\/producto\/patinete-electrico-ziro-pro-smartgyro\/#primaryimage\"},\"image\":{\"@id\":\"https:\/\/360scooters.com\/ic\/producto\/patinete-electrico-ziro-pro-smartgyro\/#primaryimage\"},\"thumbnailUrl\":\"https:\/\/360scooters.com\/ic\/wp-content\/uploads\/sites\/3\/2023\/12\/patinete-electrico-smartgyro-ziro-pro.jpg\",\"datePublished\":\"2023-12-11T12:03:12+00:00\",\"dateModified\":\"2024-04-05T12:05:00+00:00\",\"breadcrumb\":{\"@id\":\"https:\/\/360scooters.com\/ic\/producto\/patinete-electrico-ziro-pro-smartgyro\/#breadcrumb\"},\"inLanguage\":\"es\",\"potentialAction\":[{\"@type\":\"ReadAction\",\"target\":[\"https:\/\/360scooters.com\/ic\/producto\/patinete-electrico-ziro-pro-smartgyro\/\"]}]},{\"@type\":\"ImageObject\",\"inLanguage\":\"es\",\"@id\":\"https:\/\/360scooters.com\/ic\/producto\/patinete-electrico-ziro-pro-smartgyro\/#primaryimage\",\"url\":\"https:\/\/360scooters.com\/ic\/wp-content\/uploads\/sites\/3\/2023\/12\/patinete-electrico-smartgyro-ziro-pro.jpg\",\"contentUrl\":\"https:\/\/360scooters.com\/ic\/wp-content\/uploads\/sites\/3\/2023\/12\/patinete-electrico-smartgyro-ziro-pro.jpg\",\"width\":1500,\"height\":1500},{\"@type\":\"BreadcrumbList\",\"@id\":\"https:\/\/360scooters.com\/ic\/producto\/patinete-electrico-ziro-pro-smartgyro\/#breadcrumb\",\"itemListElement\":[{\"@type\":\"ListItem\",\"position\":1,\"name\":\"Portada\",\"item\":\"https:\/\/360scooters.com\/ic\/\"},{\"@type\":\"ListItem\",\"position\":2,\"name\":\"Tienda\",\"item\":\"https:\/\/360scooters.com\/ic\/tienda\/\"},{\"@type\":\"ListItem\",\"position\":3,\"name\":\"Patinete el\u00e9ctrico Ziro PRO smartGyro\"}]},{\"@type\":\"WebSite\",\"@id\":\"https:\/\/360scooters.com\/ic\/#website\",\"url\":\"https:\/\/360scooters.com\/ic\/\",\"name\":\"360Scooters | Venta y reparaci\u00f3n de patinetes el\u00e9ctricos en Canarias\",\"description\":\"\",\"potentialAction\":[{\"@type\":\"SearchAction\",\"target\":{\"@type\":\"EntryPoint\",\"urlTemplate\":\"https:\/\/360scooters.com\/ic\/?s={search_term_string}\"},\"query-input\":{\"@type\":\"PropertyValueSpecification\",\"valueRequired\":true,\"valueName\":\"search_term_string\"}}],\"inLanguage\":\"es\"}]}<\/script>\n<!-- \/ Yoast SEO plugin. -->","yoast_head_json":{"title":"Patinete el\u00e9ctrico Ziro PRO smartGyro - 360Scooters | Venta y reparaci\u00f3n de patinetes el\u00e9ctricos en Canarias","robots":{"index":"index","follow":"follow","max-snippet":"max-snippet:-1","max-image-preview":"max-image-preview:large","max-video-preview":"max-video-preview:-1"},"canonical":"https:\/\/360scooters.com\/ic\/producto\/patinete-electrico-ziro-pro-smartgyro\/","og_locale":"es_ES","og_type":"article","og_title":"Patinete el\u00e9ctrico Ziro PRO smartGyro - 360Scooters | Venta y reparaci\u00f3n de patinetes el\u00e9ctricos en Canarias","og_description":"*Este patinete es un producto que ha sido facturado previamente y se vende sin uso. Con este veh\u00edculo podr\u00e1s circular hasta enero de 2027 Patinete el\u00e9ctrico con motor Brushless de 620W, bater\u00eda de litio de 10 Ah, ruedas de 10\" neum\u00e1ticas, APP y luces Led en la base smartGyro Ziro PRO \u00a1Un Ziro con un 20% m\u00e1s de potencia y m\u00e1s bater\u00eda!    Potencia nominal  400W   Potencia m\u00e1xima  620W   Bater\u00eda 36v \u2013 10Ah   Velocidad Hasta 25km\/h   Autonom\u00eda Hasta 40 km   Peso 20 Kg   Tiempo de carga 5-6 H   Frenos Freno de disco trasero y E-ABS    *Los precios, ofertas y promociones reflejados en esta web son exclusivos para compras online.","og_url":"https:\/\/360scooters.com\/ic\/producto\/patinete-electrico-ziro-pro-smartgyro\/","og_site_name":"360Scooters | Venta y reparaci\u00f3n de patinetes el\u00e9ctricos en Canarias","article_modified_time":"2024-04-05T12:05:00+00:00","og_image":[{"width":1500,"height":1500,"url":"https:\/\/360scooters.com\/ic\/wp-content\/uploads\/sites\/3\/2023\/12\/patinete-electrico-smartgyro-ziro-pro.jpg","type":"image\/jpeg"}],"twitter_card":"summary_large_image","twitter_misc":{"Tiempo de lectura":"4 minutos"},"schema":{"@context":"https:\/\/schema.org","@graph":[{"@type":"WebPage","@id":"https:\/\/360scooters.com\/ic\/producto\/patinete-electrico-ziro-pro-smartgyro\/","url":"https:\/\/360scooters.com\/ic\/producto\/patinete-electrico-ziro-pro-smartgyro\/","name":"Patinete el\u00e9ctrico Ziro PRO smartGyro - 360Scooters | Venta y reparaci\u00f3n de patinetes el\u00e9ctricos en Canarias","isPartOf":{"@id":"https:\/\/360scooters.com\/ic\/#website"},"primaryImageOfPage":{"@id":"https:\/\/360scooters.com\/ic\/producto\/patinete-electrico-ziro-pro-smartgyro\/#primaryimage"},"image":{"@id":"https:\/\/360scooters.com\/ic\/producto\/patinete-electrico-ziro-pro-smartgyro\/#primaryimage"},"thumbnailUrl":"https:\/\/360scooters.com\/ic\/wp-content\/uploads\/sites\/3\/2023\/12\/patinete-electrico-smartgyro-ziro-pro.jpg","datePublished":"2023-12-11T12:03:12+00:00","dateModified":"2024-04-05T12:05:00+00:00","breadcrumb":{"@id":"https:\/\/360scooters.com\/ic\/producto\/patinete-electrico-ziro-pro-smartgyro\/#breadcrumb"},"inLanguage":"es","potentialAction":[{"@type":"ReadAction","target":["https:\/\/360scooters.com\/ic\/producto\/patinete-electrico-ziro-pro-smartgyro\/"]}]},{"@type":"ImageObject","inLanguage":"es","@id":"https:\/\/360scooters.com\/ic\/producto\/patinete-electrico-ziro-pro-smartgyro\/#primaryimage","url":"https:\/\/360scooters.com\/ic\/wp-content\/uploads\/sites\/3\/2023\/12\/patinete-electrico-smartgyro-ziro-pro.jpg","contentUrl":"https:\/\/360scooters.com\/ic\/wp-content\/uploads\/sites\/3\/2023\/12\/patinete-electrico-smartgyro-ziro-pro.jpg","width":1500,"height":1500},{"@type":"BreadcrumbList","@id":"https:\/\/360scooters.com\/ic\/producto\/patinete-electrico-ziro-pro-smartgyro\/#breadcrumb","itemListElement":[{"@type":"ListItem","position":1,"name":"Portada","item":"https:\/\/360scooters.com\/ic\/"},{"@type":"ListItem","position":2,"name":"Tienda","item":"https:\/\/360scooters.com\/ic\/tienda\/"},{"@type":"ListItem","position":3,"name":"Patinete el\u00e9ctrico Ziro PRO smartGyro"}]},{"@type":"WebSite","@id":"https:\/\/360scooters.com\/ic\/#website","url":"https:\/\/360scooters.com\/ic\/","name":"360Scooters | Venta y reparaci\u00f3n de patinetes el\u00e9ctricos en Canarias","description":"","potentialAction":[{"@type":"SearchAction","target":{"@type":"EntryPoint","urlTemplate":"https:\/\/360scooters.com\/ic\/?s={search_term_string}"},"query-input":{"@type":"PropertyValueSpecification","valueRequired":true,"valueName":"search_term_string"}}],"inLanguage":"es"}]}},"_links":{"self":[{"href":"https:\/\/360scooters.com\/ic\/wp-json\/wp\/v2\/product\/103","targetHints":{"allow":["GET"]}}],"collection":[{"href":"https:\/\/360scooters.com\/ic\/wp-json\/wp\/v2\/product"}],"about":[{"href":"https:\/\/360scooters.com\/ic\/wp-json\/wp\/v2\/types\/product"}],"replies":[{"embeddable":true,"href":"https:\/\/360scooters.com\/ic\/wp-json\/wp\/v2\/comments?post=103"}],"wp:featuredmedia":[{"embeddable":true,"href":"https:\/\/360scooters.com\/ic\/wp-json\/wp\/v2\/media\/241"}],"wp:attachment":[{"href":"https:\/\/360scooters.com\/ic\/wp-json\/wp\/v2\/media?parent=103"}],"wp:term":[{"taxonomy":"product_brand","embeddable":true,"href":"https:\/\/360scooters.com\/ic\/wp-json\/wp\/v2\/product_brand?post=103"},{"taxonomy":"product_cat","embeddable":true,"href":"https:\/\/360scooters.com\/ic\/wp-json\/wp\/v2\/product_cat?post=103"},{"taxonomy":"product_tag","embeddable":true,"href":"https:\/\/360scooters.com\/ic\/wp-json\/wp\/v2\/product_tag?post=103"}],"curies":[{"name":"wp","href":"https:\/\/api.w.org\/{rel}","templated":true}]}}