{"id":1758,"date":"2024-09-18T16:48:57","date_gmt":"2024-09-18T14:48:57","guid":{"rendered":"https:\/\/360scooters.com\/ic\/?page_id=1758"},"modified":"2024-09-18T16:55:28","modified_gmt":"2024-09-18T14:55:28","slug":"comunicado","status":"publish","type":"page","link":"https:\/\/360scooters.com\/ic\/comunicado\/","title":{"rendered":"Comunicado"},"content":{"rendered":"\t\t<div data-elementor-type=\"wp-page\" data-elementor-id=\"1758\" class=\"elementor elementor-1758\">\n\t\t\t\t<div class=\"elementor-element elementor-element-81a4a45 e-flex e-con-boxed e-con e-parent\" data-id=\"81a4a45\" data-element_type=\"container\" data-e-type=\"container\">\n\t\t\t\t\t<div class=\"e-con-inner\">\n\t\t<div class=\"elementor-element elementor-element-1ea0ff7 e-con-full e-flex e-con e-child\" data-id=\"1ea0ff7\" data-element_type=\"container\" data-e-type=\"container\">\n\t\t\t\t<div class=\"elementor-element elementor-element-1690859 elementor-widget elementor-widget-heading\" data-id=\"1690859\" data-element_type=\"widget\" data-e-type=\"widget\" data-widget_type=\"heading.default\">\n\t\t\t\t<div class=\"elementor-widget-container\">\n\t\t\t\t\t<h2 class=\"elementor-heading-title elementor-size-default\">Comunicado: Tienda Tenerife<\/h2>\t\t\t\t<\/div>\n\t\t\t\t<\/div>\n\t\t\t\t<div class=\"elementor-element elementor-element-dc0ab10 elementor-widget elementor-widget-text-editor\" data-id=\"dc0ab10\" data-element_type=\"widget\" data-e-type=\"widget\" data-widget_type=\"text-editor.default\">\n\t\t\t\t<div class=\"elementor-widget-container\">\n\t\t\t\t\t\t\t\t\t<p>Como algunos habr\u00e1n podido observar, la tienda 360Scooters de Santa Cruz de Tenerife lleva algunos d\u00edas cerrada.\u00a0<strong>Hemos tenido el gran infortunio<\/strong> que el equipo de la tienda ha tenido problemas de salud no relacionados con la empresa ni entre s\u00ed, lo que nos ha imposibilitado abrir la tienda en condiciones.<\/p><p>Creemos que la calidad del servicio que queremos ofrecer desde 360Scooters no se da en estas circunstancias, por lo que lament\u00e1ndolo much\u00edsmo\u00a0<strong>hemos tenido que cerrar la tienda <span style=\"text-decoration: underline;\">temporalmente<\/span><\/strong><strong>, <\/strong>hasta que la situaci\u00f3n mejore o busquemos una soluci\u00f3n a este problema ajeno a la compa\u00f1\u00eda. Entendemos que la salud es lo primero y por ello, esperamos que nuestros compa\u00f1eros se recuperen cuanto antes.<\/p><p><strong>Si tienes tu patinete en el taller<\/strong>, el equipo de Atenci\u00f3n al Cliente te pondr\u00e1 al tanto de la situaci\u00f3n de tu reparaci\u00f3n. En el caso de que el patinete haya entrado ya a reparaci\u00f3n,\u00a0<strong>terminaremos de repararlo<\/strong> con los t\u00e9cnicos que disponemos de forma temporal. Si tu patinete no ha entrado a reparar,\u00a0<strong>te contactaremos para que vengas a por \u00e9l<\/strong> y te ofreceremos talleres alternativos de la competencia.<\/p><p><span style=\"text-decoration: underline;\"><strong>Nuestra tienda online en Canarias funciona sin problema.<\/strong><\/span><\/p><p>Rogamos, una vez m\u00e1s, disculpen las molestias.<\/p>\t\t\t\t\t\t\t\t<\/div>\n\t\t\t\t<\/div>\n\t\t\t\t<\/div>\n\t\t<div class=\"elementor-element elementor-element-0cb6f32 e-con-full e-flex e-con e-child\" data-id=\"0cb6f32\" data-element_type=\"container\" data-e-type=\"container\">\n\t\t\t\t<\/div>\n\t\t\t\t\t<\/div>\n\t\t\t\t<\/div>\n\t\t\t\t<\/div>\n\t\t","protected":false},"excerpt":{"rendered":"<p>Comunicado: Tienda Tenerife Como algunos habr\u00e1n podido observar, la tienda 360Scooters de Santa Cruz de Tenerife lleva algunos d\u00edas cerrada.\u00a0Hemos tenido el gran infortunio que el equipo de la tienda<\/p>\n","protected":false},"author":1,"featured_media":0,"parent":0,"menu_order":0,"comment_status":"closed","ping_status":"closed","template":"","meta":{"footnotes":""},"class_list":["post-1758","page","type-page","status-publish","hentry"],"yoast_head":"<!-- This site is optimized with the Yoast SEO plugin v26.9 - https:\/\/yoast.com\/product\/yoast-seo-wordpress\/ -->\n<title>Comunicado - 360Scooters | Venta y reparaci\u00f3n de patinetes el\u00e9ctricos en Canarias<\/title>\n<meta name=\"robots\" content=\"index, follow, max-snippet:-1, max-image-preview:large, max-video-preview:-1\" \/>\n<link rel=\"canonical\" href=\"https:\/\/360scooters.com\/ic\/comunicado\/\" \/>\n<meta property=\"og:locale\" content=\"es_ES\" \/>\n<meta property=\"og:type\" content=\"article\" \/>\n<meta property=\"og:title\" content=\"Comunicado - 360Scooters | Venta y reparaci\u00f3n de patinetes el\u00e9ctricos en Canarias\" \/>\n<meta property=\"og:description\" content=\"Comunicado: Tienda Tenerife Como algunos habr\u00e1n podido observar, la tienda 360Scooters de Santa Cruz de Tenerife lleva algunos d\u00edas cerrada.\u00a0Hemos tenido el gran infortunio que el equipo de la tienda\" \/>\n<meta property=\"og:url\" content=\"https:\/\/360scooters.com\/ic\/comunicado\/\" \/>\n<meta property=\"og:site_name\" content=\"360Scooters | Venta y reparaci\u00f3n de patinetes el\u00e9ctricos en Canarias\" \/>\n<meta property=\"article:modified_time\" content=\"2024-09-18T14:55:28+00:00\" \/>\n<meta name=\"twitter:card\" content=\"summary_large_image\" \/>\n<meta name=\"twitter:label1\" content=\"Tiempo de lectura\" \/>\n\t<meta name=\"twitter:data1\" content=\"1 minuto\" \/>\n<script type=\"application\/ld+json\" class=\"yoast-schema-graph\">{\"@context\":\"https:\/\/schema.org\",\"@graph\":[{\"@type\":\"WebPage\",\"@id\":\"https:\/\/360scooters.com\/ic\/comunicado\/\",\"url\":\"https:\/\/360scooters.com\/ic\/comunicado\/\",\"name\":\"Comunicado - 360Scooters | Venta y reparaci\u00f3n de patinetes el\u00e9ctricos en Canarias\",\"isPartOf\":{\"@id\":\"https:\/\/360scooters.com\/ic\/#website\"},\"datePublished\":\"2024-09-18T14:48:57+00:00\",\"dateModified\":\"2024-09-18T14:55:28+00:00\",\"breadcrumb\":{\"@id\":\"https:\/\/360scooters.com\/ic\/comunicado\/#breadcrumb\"},\"inLanguage\":\"es\",\"potentialAction\":[{\"@type\":\"ReadAction\",\"target\":[\"https:\/\/360scooters.com\/ic\/comunicado\/\"]}]},{\"@type\":\"BreadcrumbList\",\"@id\":\"https:\/\/360scooters.com\/ic\/comunicado\/#breadcrumb\",\"itemListElement\":[{\"@type\":\"ListItem\",\"position\":1,\"name\":\"Portada\",\"item\":\"https:\/\/360scooters.com\/ic\/\"},{\"@type\":\"ListItem\",\"position\":2,\"name\":\"Comunicado\"}]},{\"@type\":\"WebSite\",\"@id\":\"https:\/\/360scooters.com\/ic\/#website\",\"url\":\"https:\/\/360scooters.com\/ic\/\",\"name\":\"360Scooters | Venta y reparaci\u00f3n de patinetes el\u00e9ctricos en Canarias\",\"description\":\"\",\"potentialAction\":[{\"@type\":\"SearchAction\",\"target\":{\"@type\":\"EntryPoint\",\"urlTemplate\":\"https:\/\/360scooters.com\/ic\/?s={search_term_string}\"},\"query-input\":{\"@type\":\"PropertyValueSpecification\",\"valueRequired\":true,\"valueName\":\"search_term_string\"}}],\"inLanguage\":\"es\"}]}<\/script>\n<!-- \/ Yoast SEO plugin. -->","yoast_head_json":{"title":"Comunicado - 360Scooters | Venta y reparaci\u00f3n de patinetes el\u00e9ctricos en Canarias","robots":{"index":"index","follow":"follow","max-snippet":"max-snippet:-1","max-image-preview":"max-image-preview:large","max-video-preview":"max-video-preview:-1"},"canonical":"https:\/\/360scooters.com\/ic\/comunicado\/","og_locale":"es_ES","og_type":"article","og_title":"Comunicado - 360Scooters | Venta y reparaci\u00f3n de patinetes el\u00e9ctricos en Canarias","og_description":"Comunicado: Tienda Tenerife Como algunos habr\u00e1n podido observar, la tienda 360Scooters de Santa Cruz de Tenerife lleva algunos d\u00edas cerrada.\u00a0Hemos tenido el gran infortunio que el equipo de la tienda","og_url":"https:\/\/360scooters.com\/ic\/comunicado\/","og_site_name":"360Scooters | Venta y reparaci\u00f3n de patinetes el\u00e9ctricos en Canarias","article_modified_time":"2024-09-18T14:55:28+00:00","twitter_card":"summary_large_image","twitter_misc":{"Tiempo de lectura":"1 minuto"},"schema":{"@context":"https:\/\/schema.org","@graph":[{"@type":"WebPage","@id":"https:\/\/360scooters.com\/ic\/comunicado\/","url":"https:\/\/360scooters.com\/ic\/comunicado\/","name":"Comunicado - 360Scooters | Venta y reparaci\u00f3n de patinetes el\u00e9ctricos en Canarias","isPartOf":{"@id":"https:\/\/360scooters.com\/ic\/#website"},"datePublished":"2024-09-18T14:48:57+00:00","dateModified":"2024-09-18T14:55:28+00:00","breadcrumb":{"@id":"https:\/\/360scooters.com\/ic\/comunicado\/#breadcrumb"},"inLanguage":"es","potentialAction":[{"@type":"ReadAction","target":["https:\/\/360scooters.com\/ic\/comunicado\/"]}]},{"@type":"BreadcrumbList","@id":"https:\/\/360scooters.com\/ic\/comunicado\/#breadcrumb","itemListElement":[{"@type":"ListItem","position":1,"name":"Portada","item":"https:\/\/360scooters.com\/ic\/"},{"@type":"ListItem","position":2,"name":"Comunicado"}]},{"@type":"WebSite","@id":"https:\/\/360scooters.com\/ic\/#website","url":"https:\/\/360scooters.com\/ic\/","name":"360Scooters | Venta y reparaci\u00f3n de patinetes el\u00e9ctricos en Canarias","description":"","potentialAction":[{"@type":"SearchAction","target":{"@type":"EntryPoint","urlTemplate":"https:\/\/360scooters.com\/ic\/?s={search_term_string}"},"query-input":{"@type":"PropertyValueSpecification","valueRequired":true,"valueName":"search_term_string"}}],"inLanguage":"es"}]}},"_links":{"self":[{"href":"https:\/\/360scooters.com\/ic\/wp-json\/wp\/v2\/pages\/1758","targetHints":{"allow":["GET"]}}],"collection":[{"href":"https:\/\/360scooters.com\/ic\/wp-json\/wp\/v2\/pages"}],"about":[{"href":"https:\/\/360scooters.com\/ic\/wp-json\/wp\/v2\/types\/page"}],"author":[{"embeddable":true,"href":"https:\/\/360scooters.com\/ic\/wp-json\/wp\/v2\/users\/1"}],"replies":[{"embeddable":true,"href":"https:\/\/360scooters.com\/ic\/wp-json\/wp\/v2\/comments?post=1758"}],"version-history":[{"count":4,"href":"https:\/\/360scooters.com\/ic\/wp-json\/wp\/v2\/pages\/1758\/revisions"}],"predecessor-version":[{"id":1762,"href":"https:\/\/360scooters.com\/ic\/wp-json\/wp\/v2\/pages\/1758\/revisions\/1762"}],"wp:attachment":[{"href":"https:\/\/360scooters.com\/ic\/wp-json\/wp\/v2\/media?parent=1758"}],"curies":[{"name":"wp","href":"https:\/\/api.w.org\/{rel}","templated":true}]}}