{"id":9501,"date":"2025-11-10T19:33:36","date_gmt":"2025-11-10T18:33:36","guid":{"rendered":"https:\/\/360scooters.com\/es\/?post_type=product&#038;p=9501"},"modified":"2025-12-09T20:54:14","modified_gmt":"2025-12-09T19:54:14","slug":"casco-para-patinete-integra-sport-blanco-verde-militar","status":"publish","type":"product","link":"https:\/\/360scooters.com\/es\/producto\/casco-para-patinete-integra-sport-blanco-verde-militar\/","title":{"rendered":"Casco para patinete INTEGRA Sport blanco &#8211; verde militar"},"content":{"rendered":"<p data-start=\"465\" data-end=\"687\">El casco INTEGRA Sport Blanco-Verde Militar de eWheel es un accesorio pensado para quienes se desplazan en patinete el\u00e9ctrico, bicicleta o cualquier veh\u00edculo de movilidad personal y desean unir estilo, confort y seguridad.<\/p>\n<h3 data-start=\"689\" data-end=\"710\">Dise\u00f1o &amp; estilo<\/h3>\n<p data-start=\"711\" data-end=\"947\">Este modelo destaca por su combinaci\u00f3n de colores: carcasa blanca con detalles en verde militar que aporta un toque moderno, sobrio y urbano. Su est\u00e9tica deportiva lo convierte en una pieza funcional y elegante para el usuario exigente.<\/p>\n<h3 data-start=\"949\" data-end=\"977\">Construcci\u00f3n y confort<\/h3>\n<p data-start=\"978\" data-end=\"1363\">El casco incorpora una estructura ligera que facilita su uso prolongado sin molestias. Adem\u00e1s, dispone de ventilaci\u00f3n optimizada para mantener un flujo de aire adecuado, reduciendo la acumulaci\u00f3n de calor incluso en trayectos largos.\u00a0El ajuste ergon\u00f3mico asegura una sujeci\u00f3n firme sin comprometer el confort.<\/p>\n<h3 data-start=\"1365\" data-end=\"1386\">Uso recomendado<\/h3>\n<p data-start=\"1387\" data-end=\"1668\">Perfecto para usuarios de patinetes el\u00e9ctricos, bicicletas o VMP que buscan un casco con dise\u00f1o deportivo, buen confort y homologaci\u00f3n para uso urbano o recreativo. Disponible en tallas M y L, lo que cubre diferentes circunferencias craneales.<\/p>\n<h3 data-start=\"1670\" data-end=\"1693\">Detalles t\u00e9cnicos<\/h3>\n<ul data-start=\"1694\" data-end=\"1987\">\n<li data-start=\"1694\" data-end=\"1768\">\n<p data-start=\"1696\" data-end=\"1768\">Colores: Blanco + Verde Militar.<\/p>\n<\/li>\n<li data-start=\"1769\" data-end=\"1837\">\n<p data-start=\"1771\" data-end=\"1837\">Tallas disponibles: M \/ L.<\/p>\n<\/li>\n<li data-start=\"1838\" data-end=\"1923\">\n<p data-start=\"1840\" data-end=\"1923\">Ventilaci\u00f3n optimizada y dise\u00f1o ergon\u00f3mico.<\/p>\n<\/li>\n<li data-start=\"1924\" data-end=\"1987\">\n<p data-start=\"1926\" data-end=\"1987\">Uso orientado a patinetes el\u00e9ctricos, bicicletas u otros VMP.<\/p>\n<\/li>\n<\/ul>\n","protected":false},"excerpt":{"rendered":"<p data-start=\"213\" data-end=\"435\">Casco deportivo INTEGRA Sport en dise\u00f1o blanco con detalles verde militar. Estructura ligera, ventilaci\u00f3n optimizada y ajuste ergon\u00f3mico. Ideal para bicicletas, patinetes el\u00e9ctricos y actividades al aire libre. Tallas M\/L.<\/p>\n","protected":false},"featured_media":9504,"template":"","meta":[],"product_brand":[],"product_cat":[61],"product_tag":[298],"scooter_compatibility":[],"class_list":{"0":"post-9501","1":"product","2":"type-product","3":"status-publish","4":"has-post-thumbnail","6":"product_cat-cascos","7":"product_tag-accesorios-en-blackfriday","8":"pa_marca-erider360","9":"pa_talla-l","10":"pa_talla-m","12":"first","13":"instock","14":"sale","15":"taxable","16":"shipping-taxable","17":"purchasable","18":"product-type-variable"},"yoast_head":"<!-- This site is optimized with the Yoast SEO plugin v26.9 - https:\/\/yoast.com\/product\/yoast-seo-wordpress\/ -->\n<title>Casco para patinete INTEGRA Sport Blanco-Verde Militar |<\/title>\n<meta name=\"description\" content=\"Casco para patinete INTEGRA Sport blanco con detalles verde militar de eWheel: dise\u00f1o ligero, ventilaci\u00f3n \u00f3ptima, tallas M\/L.\" \/>\n<meta name=\"robots\" content=\"index, follow, max-snippet:-1, max-image-preview:large, max-video-preview:-1\" \/>\n<link rel=\"canonical\" href=\"https:\/\/360scooters.com\/es\/producto\/casco-para-patinete-integra-sport-blanco-verde-militar\/\" \/>\n<meta property=\"og:locale\" content=\"es_ES\" \/>\n<meta property=\"og:type\" content=\"article\" \/>\n<meta property=\"og:title\" content=\"Casco para patinete INTEGRA Sport Blanco-Verde Militar |\" \/>\n<meta property=\"og:description\" content=\"Casco para patinete INTEGRA Sport blanco con detalles verde militar de eWheel: dise\u00f1o ligero, ventilaci\u00f3n \u00f3ptima, tallas M\/L.\" \/>\n<meta property=\"og:url\" content=\"https:\/\/360scooters.com\/es\/producto\/casco-para-patinete-integra-sport-blanco-verde-militar\/\" \/>\n<meta property=\"og:site_name\" content=\"360Scooters | Tienda-taller de patinetes el\u00e9ctricos\" \/>\n<meta property=\"article:modified_time\" content=\"2025-12-09T19:54:14+00:00\" \/>\n<meta property=\"og:image\" content=\"https:\/\/360scooters.com\/es\/wp-content\/uploads\/sites\/2\/2025\/11\/8435764433290.webp\" \/>\n\t<meta property=\"og:image:width\" content=\"800\" \/>\n\t<meta property=\"og:image:height\" content=\"800\" \/>\n\t<meta property=\"og:image:type\" content=\"image\/webp\" \/>\n<meta name=\"twitter:card\" content=\"summary_large_image\" \/>\n<meta name=\"twitter:label1\" content=\"Tiempo de lectura\" \/>\n\t<meta name=\"twitter:data1\" content=\"2 minutos\" \/>\n<script type=\"application\/ld+json\" class=\"yoast-schema-graph\">{\"@context\":\"https:\/\/schema.org\",\"@graph\":[{\"@type\":\"WebPage\",\"@id\":\"https:\/\/360scooters.com\/es\/producto\/casco-para-patinete-integra-sport-blanco-verde-militar\/\",\"url\":\"https:\/\/360scooters.com\/es\/producto\/casco-para-patinete-integra-sport-blanco-verde-militar\/\",\"name\":\"Casco para patinete INTEGRA Sport Blanco-Verde Militar |\",\"isPartOf\":{\"@id\":\"https:\/\/360scooters.com\/es\/#website\"},\"primaryImageOfPage\":{\"@id\":\"https:\/\/360scooters.com\/es\/producto\/casco-para-patinete-integra-sport-blanco-verde-militar\/#primaryimage\"},\"image\":{\"@id\":\"https:\/\/360scooters.com\/es\/producto\/casco-para-patinete-integra-sport-blanco-verde-militar\/#primaryimage\"},\"thumbnailUrl\":\"https:\/\/360scooters.com\/es\/wp-content\/uploads\/sites\/2\/2025\/11\/8435764433290.webp\",\"datePublished\":\"2025-11-10T18:33:36+00:00\",\"dateModified\":\"2025-12-09T19:54:14+00:00\",\"description\":\"Casco para patinete INTEGRA Sport blanco con detalles verde militar de eWheel: dise\u00f1o ligero, ventilaci\u00f3n \u00f3ptima, tallas M\/L.\",\"breadcrumb\":{\"@id\":\"https:\/\/360scooters.com\/es\/producto\/casco-para-patinete-integra-sport-blanco-verde-militar\/#breadcrumb\"},\"inLanguage\":\"es\",\"potentialAction\":[{\"@type\":\"ReadAction\",\"target\":[\"https:\/\/360scooters.com\/es\/producto\/casco-para-patinete-integra-sport-blanco-verde-militar\/\"]}]},{\"@type\":\"ImageObject\",\"inLanguage\":\"es\",\"@id\":\"https:\/\/360scooters.com\/es\/producto\/casco-para-patinete-integra-sport-blanco-verde-militar\/#primaryimage\",\"url\":\"https:\/\/360scooters.com\/es\/wp-content\/uploads\/sites\/2\/2025\/11\/8435764433290.webp\",\"contentUrl\":\"https:\/\/360scooters.com\/es\/wp-content\/uploads\/sites\/2\/2025\/11\/8435764433290.webp\",\"width\":800,\"height\":800,\"caption\":\"Casco para patinete INTEGRA Sport Blanco-Verde Militar\"},{\"@type\":\"BreadcrumbList\",\"@id\":\"https:\/\/360scooters.com\/es\/producto\/casco-para-patinete-integra-sport-blanco-verde-militar\/#breadcrumb\",\"itemListElement\":[{\"@type\":\"ListItem\",\"position\":1,\"name\":\"Portada\",\"item\":\"https:\/\/360scooters.com\/es\/\"},{\"@type\":\"ListItem\",\"position\":2,\"name\":\"Tienda\",\"item\":\"https:\/\/360scooters.com\/es\/tienda\/\"},{\"@type\":\"ListItem\",\"position\":3,\"name\":\"Casco para patinete INTEGRA Sport blanco &#8211; verde militar\"}]},{\"@type\":\"WebSite\",\"@id\":\"https:\/\/360scooters.com\/es\/#website\",\"url\":\"https:\/\/360scooters.com\/es\/\",\"name\":\"360Scooters - Patinetes el\u00e9ctricos en Pen\u00ednsula y Baleares - Patinetes Madrid - Patinetes Alicante - Patinetes Barcelona\",\"description\":\"\",\"publisher\":{\"@id\":\"https:\/\/360scooters.com\/es\/#organization\"},\"potentialAction\":[{\"@type\":\"SearchAction\",\"target\":{\"@type\":\"EntryPoint\",\"urlTemplate\":\"https:\/\/360scooters.com\/es\/?s={search_term_string}\"},\"query-input\":{\"@type\":\"PropertyValueSpecification\",\"valueRequired\":true,\"valueName\":\"search_term_string\"}}],\"inLanguage\":\"es\"},{\"@type\":\"Organization\",\"@id\":\"https:\/\/360scooters.com\/es\/#organization\",\"name\":\"360Scooters - Patinetes el\u00e9ctricos en Pen\u00ednsula y Baleares - Patinetes Madrid - Patinetes Alicante - Patinetes Barcelona\",\"url\":\"https:\/\/360scooters.com\/es\/\",\"logo\":{\"@type\":\"ImageObject\",\"inLanguage\":\"es\",\"@id\":\"https:\/\/360scooters.com\/es\/#\/schema\/logo\/image\/\",\"url\":\"https:\/\/360scooters.com\/es\/wp-content\/uploads\/sites\/2\/2024\/02\/logo-claimweb-e1727166047230.png\",\"contentUrl\":\"https:\/\/360scooters.com\/es\/wp-content\/uploads\/sites\/2\/2024\/02\/logo-claimweb-e1727166047230.png\",\"width\":214,\"height\":54,\"caption\":\"360Scooters - Patinetes el\u00e9ctricos en Pen\u00ednsula y Baleares - Patinetes Madrid - Patinetes Alicante - Patinetes Barcelona\"},\"image\":{\"@id\":\"https:\/\/360scooters.com\/es\/#\/schema\/logo\/image\/\"}}]}<\/script>\n<!-- \/ Yoast SEO plugin. -->","yoast_head_json":{"title":"Casco para patinete INTEGRA Sport Blanco-Verde Militar |","description":"Casco para patinete INTEGRA Sport blanco con detalles verde militar de eWheel: dise\u00f1o ligero, ventilaci\u00f3n \u00f3ptima, tallas M\/L.","robots":{"index":"index","follow":"follow","max-snippet":"max-snippet:-1","max-image-preview":"max-image-preview:large","max-video-preview":"max-video-preview:-1"},"canonical":"https:\/\/360scooters.com\/es\/producto\/casco-para-patinete-integra-sport-blanco-verde-militar\/","og_locale":"es_ES","og_type":"article","og_title":"Casco para patinete INTEGRA Sport Blanco-Verde Militar |","og_description":"Casco para patinete INTEGRA Sport blanco con detalles verde militar de eWheel: dise\u00f1o ligero, ventilaci\u00f3n \u00f3ptima, tallas M\/L.","og_url":"https:\/\/360scooters.com\/es\/producto\/casco-para-patinete-integra-sport-blanco-verde-militar\/","og_site_name":"360Scooters | Tienda-taller de patinetes el\u00e9ctricos","article_modified_time":"2025-12-09T19:54:14+00:00","og_image":[{"width":800,"height":800,"url":"https:\/\/360scooters.com\/es\/wp-content\/uploads\/sites\/2\/2025\/11\/8435764433290.webp","type":"image\/webp"}],"twitter_card":"summary_large_image","twitter_misc":{"Tiempo de lectura":"2 minutos"},"schema":{"@context":"https:\/\/schema.org","@graph":[{"@type":"WebPage","@id":"https:\/\/360scooters.com\/es\/producto\/casco-para-patinete-integra-sport-blanco-verde-militar\/","url":"https:\/\/360scooters.com\/es\/producto\/casco-para-patinete-integra-sport-blanco-verde-militar\/","name":"Casco para patinete INTEGRA Sport Blanco-Verde Militar |","isPartOf":{"@id":"https:\/\/360scooters.com\/es\/#website"},"primaryImageOfPage":{"@id":"https:\/\/360scooters.com\/es\/producto\/casco-para-patinete-integra-sport-blanco-verde-militar\/#primaryimage"},"image":{"@id":"https:\/\/360scooters.com\/es\/producto\/casco-para-patinete-integra-sport-blanco-verde-militar\/#primaryimage"},"thumbnailUrl":"https:\/\/360scooters.com\/es\/wp-content\/uploads\/sites\/2\/2025\/11\/8435764433290.webp","datePublished":"2025-11-10T18:33:36+00:00","dateModified":"2025-12-09T19:54:14+00:00","description":"Casco para patinete INTEGRA Sport blanco con detalles verde militar de eWheel: dise\u00f1o ligero, ventilaci\u00f3n \u00f3ptima, tallas M\/L.","breadcrumb":{"@id":"https:\/\/360scooters.com\/es\/producto\/casco-para-patinete-integra-sport-blanco-verde-militar\/#breadcrumb"},"inLanguage":"es","potentialAction":[{"@type":"ReadAction","target":["https:\/\/360scooters.com\/es\/producto\/casco-para-patinete-integra-sport-blanco-verde-militar\/"]}]},{"@type":"ImageObject","inLanguage":"es","@id":"https:\/\/360scooters.com\/es\/producto\/casco-para-patinete-integra-sport-blanco-verde-militar\/#primaryimage","url":"https:\/\/360scooters.com\/es\/wp-content\/uploads\/sites\/2\/2025\/11\/8435764433290.webp","contentUrl":"https:\/\/360scooters.com\/es\/wp-content\/uploads\/sites\/2\/2025\/11\/8435764433290.webp","width":800,"height":800,"caption":"Casco para patinete INTEGRA Sport Blanco-Verde Militar"},{"@type":"BreadcrumbList","@id":"https:\/\/360scooters.com\/es\/producto\/casco-para-patinete-integra-sport-blanco-verde-militar\/#breadcrumb","itemListElement":[{"@type":"ListItem","position":1,"name":"Portada","item":"https:\/\/360scooters.com\/es\/"},{"@type":"ListItem","position":2,"name":"Tienda","item":"https:\/\/360scooters.com\/es\/tienda\/"},{"@type":"ListItem","position":3,"name":"Casco para patinete INTEGRA Sport blanco &#8211; verde militar"}]},{"@type":"WebSite","@id":"https:\/\/360scooters.com\/es\/#website","url":"https:\/\/360scooters.com\/es\/","name":"360Scooters - Patinetes el\u00e9ctricos en Pen\u00ednsula y Baleares - Patinetes Madrid - Patinetes Alicante - Patinetes Barcelona","description":"","publisher":{"@id":"https:\/\/360scooters.com\/es\/#organization"},"potentialAction":[{"@type":"SearchAction","target":{"@type":"EntryPoint","urlTemplate":"https:\/\/360scooters.com\/es\/?s={search_term_string}"},"query-input":{"@type":"PropertyValueSpecification","valueRequired":true,"valueName":"search_term_string"}}],"inLanguage":"es"},{"@type":"Organization","@id":"https:\/\/360scooters.com\/es\/#organization","name":"360Scooters - Patinetes el\u00e9ctricos en Pen\u00ednsula y Baleares - Patinetes Madrid - Patinetes Alicante - Patinetes Barcelona","url":"https:\/\/360scooters.com\/es\/","logo":{"@type":"ImageObject","inLanguage":"es","@id":"https:\/\/360scooters.com\/es\/#\/schema\/logo\/image\/","url":"https:\/\/360scooters.com\/es\/wp-content\/uploads\/sites\/2\/2024\/02\/logo-claimweb-e1727166047230.png","contentUrl":"https:\/\/360scooters.com\/es\/wp-content\/uploads\/sites\/2\/2024\/02\/logo-claimweb-e1727166047230.png","width":214,"height":54,"caption":"360Scooters - Patinetes el\u00e9ctricos en Pen\u00ednsula y Baleares - Patinetes Madrid - Patinetes Alicante - Patinetes Barcelona"},"image":{"@id":"https:\/\/360scooters.com\/es\/#\/schema\/logo\/image\/"}}]}},"_links":{"self":[{"href":"https:\/\/360scooters.com\/es\/wp-json\/wp\/v2\/product\/9501","targetHints":{"allow":["GET"]}}],"collection":[{"href":"https:\/\/360scooters.com\/es\/wp-json\/wp\/v2\/product"}],"about":[{"href":"https:\/\/360scooters.com\/es\/wp-json\/wp\/v2\/types\/product"}],"version-history":[{"count":1,"href":"https:\/\/360scooters.com\/es\/wp-json\/wp\/v2\/product\/9501\/revisions"}],"predecessor-version":[{"id":9510,"href":"https:\/\/360scooters.com\/es\/wp-json\/wp\/v2\/product\/9501\/revisions\/9510"}],"wp:featuredmedia":[{"embeddable":true,"href":"https:\/\/360scooters.com\/es\/wp-json\/wp\/v2\/media\/9504"}],"wp:attachment":[{"href":"https:\/\/360scooters.com\/es\/wp-json\/wp\/v2\/media?parent=9501"}],"wp:term":[{"taxonomy":"product_brand","embeddable":true,"href":"https:\/\/360scooters.com\/es\/wp-json\/wp\/v2\/product_brand?post=9501"},{"taxonomy":"product_cat","embeddable":true,"href":"https:\/\/360scooters.com\/es\/wp-json\/wp\/v2\/product_cat?post=9501"},{"taxonomy":"product_tag","embeddable":true,"href":"https:\/\/360scooters.com\/es\/wp-json\/wp\/v2\/product_tag?post=9501"},{"taxonomy":"scooter_compatibility","embeddable":true,"href":"https:\/\/360scooters.com\/es\/wp-json\/wp\/v2\/scooter_compatibility?post=9501"}],"curies":[{"name":"wp","href":"https:\/\/api.w.org\/{rel}","templated":true}]}}