{"id":9083,"date":"2025-09-28T10:53:52","date_gmt":"2025-09-28T08:53:52","guid":{"rendered":"https:\/\/360scooters.com\/es\/?post_type=product&#038;p=9083"},"modified":"2025-09-28T10:56:15","modified_gmt":"2025-09-28T08:56:15","slug":"vinilo-smartgyro-k2-hoonigan-purple","status":"publish","type":"product","link":"https:\/\/360scooters.com\/es\/producto\/vinilo-smartgyro-k2-hoonigan-purple\/","title":{"rendered":"Vinilo Smartgyro K2 Hoonigan Purple"},"content":{"rendered":"<p data-start=\"457\" data-end=\"746\">El <strong data-start=\"460\" data-end=\"504\">Vinilo Hoonigan Purple para SmartGyro K2<\/strong> es la mejor manera de transformar tu patinete el\u00e9ctrico en un modelo exclusivo y con estilo propio. Dise\u00f1ado a medida para el <strong data-start=\"631\" data-end=\"647\">SmartGyro K2<\/strong>, se adapta perfectamente a su estructura, cubriendo las zonas clave con un acabado espectacular.<\/p>\n<p data-start=\"748\" data-end=\"1009\">El dise\u00f1o <strong data-start=\"758\" data-end=\"777\">Hoonigan Purple<\/strong> combina tonos p\u00farpura intensos con un estilo urbano y deportivo inspirado en el automovilismo. Este vinilo no solo mejora la est\u00e9tica de tu patinete, sino que tambi\u00e9n aporta una capa extra de protecci\u00f3n frente al desgaste diario.<\/p>\n<h3 data-start=\"1011\" data-end=\"1043\">Caracter\u00edsticas principales:<\/h3>\n<ul data-start=\"1045\" data-end=\"1663\">\n<li data-start=\"1045\" data-end=\"1128\">\n<p data-start=\"1047\" data-end=\"1128\"><strong data-start=\"1047\" data-end=\"1068\">Dise\u00f1o llamativo:<\/strong> estilo racing en color p\u00farpura que no pasa desapercibido.<\/p>\n<\/li>\n<li data-start=\"1129\" data-end=\"1217\">\n<p data-start=\"1131\" data-end=\"1217\"><strong data-start=\"1131\" data-end=\"1156\">Compatibilidad total:<\/strong> fabricado espec\u00edficamente para el modelo <strong data-start=\"1198\" data-end=\"1214\">SmartGyro K2<\/strong>.<\/p>\n<\/li>\n<li data-start=\"1218\" data-end=\"1327\">\n<p data-start=\"1220\" data-end=\"1327\"><strong data-start=\"1220\" data-end=\"1241\">Protecci\u00f3n extra:<\/strong> protege de ara\u00f1azos, roces y peque\u00f1os impactos, manteniendo tu patinete como nuevo.<\/p>\n<\/li>\n<li data-start=\"1328\" data-end=\"1433\">\n<p data-start=\"1330\" data-end=\"1433\"><strong data-start=\"1330\" data-end=\"1349\">Vinilo premium:<\/strong> material resistente, impermeable y duradero frente a sol, lluvia y uso intensivo.<\/p>\n<\/li>\n<li data-start=\"1434\" data-end=\"1550\">\n<p data-start=\"1436\" data-end=\"1550\"><strong data-start=\"1436\" data-end=\"1458\">F\u00e1cil instalaci\u00f3n:<\/strong> adhesivo de alta calidad que se coloca sin burbujas y puede retirarse sin dejar residuos.<\/p>\n<\/li>\n<li data-start=\"1551\" data-end=\"1663\">\n<p data-start=\"1553\" data-end=\"1663\"><strong data-start=\"1553\" data-end=\"1585\">Personalizaci\u00f3n al instante:<\/strong> convierte tu SmartGyro K2 en un patinete \u00fanico que refleja tu personalidad.<\/p>\n<\/li>\n<\/ul>\n<h3 data-start=\"1665\" data-end=\"1680\">Beneficios:<\/h3>\n<ul data-start=\"1682\" data-end=\"1999\">\n<li data-start=\"1682\" data-end=\"1766\">\n<p data-start=\"1684\" data-end=\"1766\"><strong data-start=\"1684\" data-end=\"1706\">Est\u00e9tica mejorada:<\/strong> un dise\u00f1o rompedor que marcar\u00e1 la diferencia en la calle.<\/p>\n<\/li>\n<li data-start=\"1767\" data-end=\"1834\">\n<p data-start=\"1769\" data-end=\"1834\"><strong data-start=\"1769\" data-end=\"1785\">Durabilidad:<\/strong> protege la pintura y el chasis de tu patinete.<\/p>\n<\/li>\n<li data-start=\"1835\" data-end=\"1919\">\n<p data-start=\"1837\" data-end=\"1919\"><strong data-start=\"1837\" data-end=\"1850\">Econom\u00eda:<\/strong> personalizaci\u00f3n m\u00e1s barata y pr\u00e1ctica que una reparaci\u00f3n est\u00e9tica.<\/p>\n<\/li>\n<li data-start=\"1920\" data-end=\"1999\">\n<p data-start=\"1922\" data-end=\"1999\"><strong data-start=\"1922\" data-end=\"1939\">Versatilidad:<\/strong> c\u00e1mbialo cuando quieras darle un nuevo aire a tu scooter.<\/p>\n<\/li>\n<\/ul>\n<p data-start=\"2001\" data-end=\"2188\">Con el <strong data-start=\"2008\" data-end=\"2052\">Vinilo Hoonigan Purple para SmartGyro K2<\/strong> conseguir\u00e1s un look deportivo, diferente y con mucha personalidad, mientras cuidas y prolongas la vida \u00fatil de tu patinete el\u00e9ctrico.<\/p>\n","protected":false},"excerpt":{"rendered":"<p><span style=\"color: #ff6600;\"><strong><em>Este producto puede sufrir retrasos en su entrega por producci\u00f3n<\/em><\/strong><\/span><\/p>\n<p data-start=\"199\" data-end=\"428\">Dale un aire radical y \u00fanico a tu patinete con el <strong data-start=\"249\" data-end=\"293\">Vinilo Hoonigan Purple para SmartGyro K2<\/strong>. Dise\u00f1o urbano en tonos p\u00farpura, resistente al agua, f\u00e1cil de instalar y pensado para proteger tu patinete mientras lo haces destacar.<\/p>\n","protected":false},"featured_media":9086,"template":"","meta":[],"product_brand":[],"product_cat":[110,231],"product_tag":[],"scooter_compatibility":[],"class_list":{"0":"post-9083","1":"product","2":"type-product","3":"status-publish","4":"has-post-thumbnail","6":"product_cat-vinilos-para-smartgyro","7":"product_cat-vinilos-smartgyro-k2","8":"pa_marca-stylish-scooters","10":"first","11":"instock","12":"taxable","13":"shipping-taxable","14":"purchasable","15":"product-type-variable"},"yoast_head":"<!-- This site is optimized with the Yoast SEO plugin v26.9 - https:\/\/yoast.com\/product\/yoast-seo-wordpress\/ -->\n<title>Vinilo Hoonigan Purple para SmartGyro K2 | 360Scooters<\/title>\n<meta name=\"description\" content=\"Personaliza tu SmartGyro K2 con el Vinilo Hoonigan Purple: dise\u00f1o urbano en tonos p\u00farpura, resistente al agua, duradero y f\u00e1cil de instalar. Protege y destaca tu patinete.\" \/>\n<meta name=\"robots\" content=\"index, follow, max-snippet:-1, max-image-preview:large, max-video-preview:-1\" \/>\n<link rel=\"canonical\" href=\"https:\/\/360scooters.com\/es\/producto\/vinilo-smartgyro-k2-hoonigan-purple\/\" \/>\n<meta property=\"og:locale\" content=\"es_ES\" \/>\n<meta property=\"og:type\" content=\"article\" \/>\n<meta property=\"og:title\" content=\"Vinilo Hoonigan Purple para SmartGyro K2 | 360Scooters\" \/>\n<meta property=\"og:description\" content=\"Personaliza tu SmartGyro K2 con el Vinilo Hoonigan Purple: dise\u00f1o urbano en tonos p\u00farpura, resistente al agua, duradero y f\u00e1cil de instalar. Protege y destaca tu patinete.\" \/>\n<meta property=\"og:url\" content=\"https:\/\/360scooters.com\/es\/producto\/vinilo-smartgyro-k2-hoonigan-purple\/\" \/>\n<meta property=\"og:site_name\" content=\"360Scooters | Tienda-taller de patinetes el\u00e9ctricos\" \/>\n<meta property=\"article:modified_time\" content=\"2025-09-28T08:56:15+00:00\" \/>\n<meta property=\"og:image\" content=\"https:\/\/360scooters.com\/es\/wp-content\/uploads\/sites\/2\/2025\/09\/K2-HOONIGAN-PURPLE-CBASE.png\" \/>\n\t<meta property=\"og:image:width\" content=\"800\" \/>\n\t<meta property=\"og:image:height\" content=\"800\" \/>\n\t<meta property=\"og:image:type\" content=\"image\/png\" \/>\n<meta name=\"twitter:card\" content=\"summary_large_image\" \/>\n<meta name=\"twitter:label1\" content=\"Tiempo de lectura\" \/>\n\t<meta name=\"twitter:data1\" content=\"2 minutos\" \/>\n<script type=\"application\/ld+json\" class=\"yoast-schema-graph\">{\"@context\":\"https:\/\/schema.org\",\"@graph\":[{\"@type\":\"WebPage\",\"@id\":\"https:\/\/360scooters.com\/es\/producto\/vinilo-smartgyro-k2-hoonigan-purple\/\",\"url\":\"https:\/\/360scooters.com\/es\/producto\/vinilo-smartgyro-k2-hoonigan-purple\/\",\"name\":\"Vinilo Hoonigan Purple para SmartGyro K2 | 360Scooters\",\"isPartOf\":{\"@id\":\"https:\/\/360scooters.com\/es\/#website\"},\"primaryImageOfPage\":{\"@id\":\"https:\/\/360scooters.com\/es\/producto\/vinilo-smartgyro-k2-hoonigan-purple\/#primaryimage\"},\"image\":{\"@id\":\"https:\/\/360scooters.com\/es\/producto\/vinilo-smartgyro-k2-hoonigan-purple\/#primaryimage\"},\"thumbnailUrl\":\"https:\/\/360scooters.com\/es\/wp-content\/uploads\/sites\/2\/2025\/09\/K2-HOONIGAN-PURPLE-CBASE.png\",\"datePublished\":\"2025-09-28T08:53:52+00:00\",\"dateModified\":\"2025-09-28T08:56:15+00:00\",\"description\":\"Personaliza tu SmartGyro K2 con el Vinilo Hoonigan Purple: dise\u00f1o urbano en tonos p\u00farpura, resistente al agua, duradero y f\u00e1cil de instalar. Protege y destaca tu patinete.\",\"breadcrumb\":{\"@id\":\"https:\/\/360scooters.com\/es\/producto\/vinilo-smartgyro-k2-hoonigan-purple\/#breadcrumb\"},\"inLanguage\":\"es\",\"potentialAction\":[{\"@type\":\"ReadAction\",\"target\":[\"https:\/\/360scooters.com\/es\/producto\/vinilo-smartgyro-k2-hoonigan-purple\/\"]}]},{\"@type\":\"ImageObject\",\"inLanguage\":\"es\",\"@id\":\"https:\/\/360scooters.com\/es\/producto\/vinilo-smartgyro-k2-hoonigan-purple\/#primaryimage\",\"url\":\"https:\/\/360scooters.com\/es\/wp-content\/uploads\/sites\/2\/2025\/09\/K2-HOONIGAN-PURPLE-CBASE.png\",\"contentUrl\":\"https:\/\/360scooters.com\/es\/wp-content\/uploads\/sites\/2\/2025\/09\/K2-HOONIGAN-PURPLE-CBASE.png\",\"width\":800,\"height\":800,\"caption\":\"Vinilo Smartgyro K2 Hoonigan Purple\"},{\"@type\":\"BreadcrumbList\",\"@id\":\"https:\/\/360scooters.com\/es\/producto\/vinilo-smartgyro-k2-hoonigan-purple\/#breadcrumb\",\"itemListElement\":[{\"@type\":\"ListItem\",\"position\":1,\"name\":\"Portada\",\"item\":\"https:\/\/360scooters.com\/es\/\"},{\"@type\":\"ListItem\",\"position\":2,\"name\":\"Tienda\",\"item\":\"https:\/\/360scooters.com\/es\/tienda\/\"},{\"@type\":\"ListItem\",\"position\":3,\"name\":\"Vinilo Smartgyro K2 Hoonigan Purple\"}]},{\"@type\":\"WebSite\",\"@id\":\"https:\/\/360scooters.com\/es\/#website\",\"url\":\"https:\/\/360scooters.com\/es\/\",\"name\":\"360Scooters - Patinetes el\u00e9ctricos en Pen\u00ednsula y Baleares - Patinetes Madrid - Patinetes Alicante - Patinetes Barcelona\",\"description\":\"\",\"publisher\":{\"@id\":\"https:\/\/360scooters.com\/es\/#organization\"},\"potentialAction\":[{\"@type\":\"SearchAction\",\"target\":{\"@type\":\"EntryPoint\",\"urlTemplate\":\"https:\/\/360scooters.com\/es\/?s={search_term_string}\"},\"query-input\":{\"@type\":\"PropertyValueSpecification\",\"valueRequired\":true,\"valueName\":\"search_term_string\"}}],\"inLanguage\":\"es\"},{\"@type\":\"Organization\",\"@id\":\"https:\/\/360scooters.com\/es\/#organization\",\"name\":\"360Scooters - Patinetes el\u00e9ctricos en Pen\u00ednsula y Baleares - Patinetes Madrid - Patinetes Alicante - Patinetes Barcelona\",\"url\":\"https:\/\/360scooters.com\/es\/\",\"logo\":{\"@type\":\"ImageObject\",\"inLanguage\":\"es\",\"@id\":\"https:\/\/360scooters.com\/es\/#\/schema\/logo\/image\/\",\"url\":\"https:\/\/360scooters.com\/es\/wp-content\/uploads\/sites\/2\/2024\/02\/logo-claimweb-e1727166047230.png\",\"contentUrl\":\"https:\/\/360scooters.com\/es\/wp-content\/uploads\/sites\/2\/2024\/02\/logo-claimweb-e1727166047230.png\",\"width\":214,\"height\":54,\"caption\":\"360Scooters - Patinetes el\u00e9ctricos en Pen\u00ednsula y Baleares - Patinetes Madrid - Patinetes Alicante - Patinetes Barcelona\"},\"image\":{\"@id\":\"https:\/\/360scooters.com\/es\/#\/schema\/logo\/image\/\"}}]}<\/script>\n<!-- \/ Yoast SEO plugin. -->","yoast_head_json":{"title":"Vinilo Hoonigan Purple para SmartGyro K2 | 360Scooters","description":"Personaliza tu SmartGyro K2 con el Vinilo Hoonigan Purple: dise\u00f1o urbano en tonos p\u00farpura, resistente al agua, duradero y f\u00e1cil de instalar. Protege y destaca tu patinete.","robots":{"index":"index","follow":"follow","max-snippet":"max-snippet:-1","max-image-preview":"max-image-preview:large","max-video-preview":"max-video-preview:-1"},"canonical":"https:\/\/360scooters.com\/es\/producto\/vinilo-smartgyro-k2-hoonigan-purple\/","og_locale":"es_ES","og_type":"article","og_title":"Vinilo Hoonigan Purple para SmartGyro K2 | 360Scooters","og_description":"Personaliza tu SmartGyro K2 con el Vinilo Hoonigan Purple: dise\u00f1o urbano en tonos p\u00farpura, resistente al agua, duradero y f\u00e1cil de instalar. Protege y destaca tu patinete.","og_url":"https:\/\/360scooters.com\/es\/producto\/vinilo-smartgyro-k2-hoonigan-purple\/","og_site_name":"360Scooters | Tienda-taller de patinetes el\u00e9ctricos","article_modified_time":"2025-09-28T08:56:15+00:00","og_image":[{"width":800,"height":800,"url":"https:\/\/360scooters.com\/es\/wp-content\/uploads\/sites\/2\/2025\/09\/K2-HOONIGAN-PURPLE-CBASE.png","type":"image\/png"}],"twitter_card":"summary_large_image","twitter_misc":{"Tiempo de lectura":"2 minutos"},"schema":{"@context":"https:\/\/schema.org","@graph":[{"@type":"WebPage","@id":"https:\/\/360scooters.com\/es\/producto\/vinilo-smartgyro-k2-hoonigan-purple\/","url":"https:\/\/360scooters.com\/es\/producto\/vinilo-smartgyro-k2-hoonigan-purple\/","name":"Vinilo Hoonigan Purple para SmartGyro K2 | 360Scooters","isPartOf":{"@id":"https:\/\/360scooters.com\/es\/#website"},"primaryImageOfPage":{"@id":"https:\/\/360scooters.com\/es\/producto\/vinilo-smartgyro-k2-hoonigan-purple\/#primaryimage"},"image":{"@id":"https:\/\/360scooters.com\/es\/producto\/vinilo-smartgyro-k2-hoonigan-purple\/#primaryimage"},"thumbnailUrl":"https:\/\/360scooters.com\/es\/wp-content\/uploads\/sites\/2\/2025\/09\/K2-HOONIGAN-PURPLE-CBASE.png","datePublished":"2025-09-28T08:53:52+00:00","dateModified":"2025-09-28T08:56:15+00:00","description":"Personaliza tu SmartGyro K2 con el Vinilo Hoonigan Purple: dise\u00f1o urbano en tonos p\u00farpura, resistente al agua, duradero y f\u00e1cil de instalar. Protege y destaca tu patinete.","breadcrumb":{"@id":"https:\/\/360scooters.com\/es\/producto\/vinilo-smartgyro-k2-hoonigan-purple\/#breadcrumb"},"inLanguage":"es","potentialAction":[{"@type":"ReadAction","target":["https:\/\/360scooters.com\/es\/producto\/vinilo-smartgyro-k2-hoonigan-purple\/"]}]},{"@type":"ImageObject","inLanguage":"es","@id":"https:\/\/360scooters.com\/es\/producto\/vinilo-smartgyro-k2-hoonigan-purple\/#primaryimage","url":"https:\/\/360scooters.com\/es\/wp-content\/uploads\/sites\/2\/2025\/09\/K2-HOONIGAN-PURPLE-CBASE.png","contentUrl":"https:\/\/360scooters.com\/es\/wp-content\/uploads\/sites\/2\/2025\/09\/K2-HOONIGAN-PURPLE-CBASE.png","width":800,"height":800,"caption":"Vinilo Smartgyro K2 Hoonigan Purple"},{"@type":"BreadcrumbList","@id":"https:\/\/360scooters.com\/es\/producto\/vinilo-smartgyro-k2-hoonigan-purple\/#breadcrumb","itemListElement":[{"@type":"ListItem","position":1,"name":"Portada","item":"https:\/\/360scooters.com\/es\/"},{"@type":"ListItem","position":2,"name":"Tienda","item":"https:\/\/360scooters.com\/es\/tienda\/"},{"@type":"ListItem","position":3,"name":"Vinilo Smartgyro K2 Hoonigan Purple"}]},{"@type":"WebSite","@id":"https:\/\/360scooters.com\/es\/#website","url":"https:\/\/360scooters.com\/es\/","name":"360Scooters - Patinetes el\u00e9ctricos en Pen\u00ednsula y Baleares - Patinetes Madrid - Patinetes Alicante - Patinetes Barcelona","description":"","publisher":{"@id":"https:\/\/360scooters.com\/es\/#organization"},"potentialAction":[{"@type":"SearchAction","target":{"@type":"EntryPoint","urlTemplate":"https:\/\/360scooters.com\/es\/?s={search_term_string}"},"query-input":{"@type":"PropertyValueSpecification","valueRequired":true,"valueName":"search_term_string"}}],"inLanguage":"es"},{"@type":"Organization","@id":"https:\/\/360scooters.com\/es\/#organization","name":"360Scooters - Patinetes el\u00e9ctricos en Pen\u00ednsula y Baleares - Patinetes Madrid - Patinetes Alicante - Patinetes Barcelona","url":"https:\/\/360scooters.com\/es\/","logo":{"@type":"ImageObject","inLanguage":"es","@id":"https:\/\/360scooters.com\/es\/#\/schema\/logo\/image\/","url":"https:\/\/360scooters.com\/es\/wp-content\/uploads\/sites\/2\/2024\/02\/logo-claimweb-e1727166047230.png","contentUrl":"https:\/\/360scooters.com\/es\/wp-content\/uploads\/sites\/2\/2024\/02\/logo-claimweb-e1727166047230.png","width":214,"height":54,"caption":"360Scooters - Patinetes el\u00e9ctricos en Pen\u00ednsula y Baleares - Patinetes Madrid - Patinetes Alicante - Patinetes Barcelona"},"image":{"@id":"https:\/\/360scooters.com\/es\/#\/schema\/logo\/image\/"}}]}},"_links":{"self":[{"href":"https:\/\/360scooters.com\/es\/wp-json\/wp\/v2\/product\/9083","targetHints":{"allow":["GET"]}}],"collection":[{"href":"https:\/\/360scooters.com\/es\/wp-json\/wp\/v2\/product"}],"about":[{"href":"https:\/\/360scooters.com\/es\/wp-json\/wp\/v2\/types\/product"}],"version-history":[{"count":1,"href":"https:\/\/360scooters.com\/es\/wp-json\/wp\/v2\/product\/9083\/revisions"}],"predecessor-version":[{"id":9088,"href":"https:\/\/360scooters.com\/es\/wp-json\/wp\/v2\/product\/9083\/revisions\/9088"}],"wp:featuredmedia":[{"embeddable":true,"href":"https:\/\/360scooters.com\/es\/wp-json\/wp\/v2\/media\/9086"}],"wp:attachment":[{"href":"https:\/\/360scooters.com\/es\/wp-json\/wp\/v2\/media?parent=9083"}],"wp:term":[{"taxonomy":"product_brand","embeddable":true,"href":"https:\/\/360scooters.com\/es\/wp-json\/wp\/v2\/product_brand?post=9083"},{"taxonomy":"product_cat","embeddable":true,"href":"https:\/\/360scooters.com\/es\/wp-json\/wp\/v2\/product_cat?post=9083"},{"taxonomy":"product_tag","embeddable":true,"href":"https:\/\/360scooters.com\/es\/wp-json\/wp\/v2\/product_tag?post=9083"},{"taxonomy":"scooter_compatibility","embeddable":true,"href":"https:\/\/360scooters.com\/es\/wp-json\/wp\/v2\/scooter_compatibility?post=9083"}],"curies":[{"name":"wp","href":"https:\/\/api.w.org\/{rel}","templated":true}]}}