{"id":8809,"date":"2025-09-05T20:04:35","date_gmt":"2025-09-05T18:04:35","guid":{"rendered":"https:\/\/360scooters.com\/es\/?post_type=product&#038;p=8809"},"modified":"2026-04-09T17:23:32","modified_gmt":"2026-04-09T15:23:32","slug":"pack-de-2-neumaticos-tubeless-offroad-10x275-65-con-gel-antipinchazos","status":"publish","type":"product","link":"https:\/\/360scooters.com\/es\/producto\/pack-de-2-neumaticos-tubeless-offroad-10x275-65-con-gel-antipinchazos\/","title":{"rendered":"Pack de 2 neum\u00e1ticos Tubeless Offroad 10&#215;2,75-6,5 con GEL ANTIPINCHAZOS"},"content":{"rendered":"<p data-start=\"265\" data-end=\"705\">El <strong data-start=\"268\" data-end=\"344\">Pack de 2 neum\u00e1ticos tubeless off-road 10\u00d72,75-6,5 con gel antipinchazos<\/strong> es la mejor elecci\u00f3n para quienes buscan llevar su patinete el\u00e9ctrico al siguiente nivel en seguridad, resistencia y rendimiento todoterreno. Dise\u00f1ados para patinetes el\u00e9ctricos de 10 pulgadas, estos neum\u00e1ticos son totalmente compatibles con modelos <strong data-start=\"595\" data-end=\"628\">Smartgyro, Zwheel y similares<\/strong>, aportando tracci\u00f3n, durabilidad y un extra de confianza frente a pinchazos.<\/p>\n<p data-start=\"707\" data-end=\"1238\">El formato <strong data-start=\"718\" data-end=\"730\">tubeless<\/strong> elimina la necesidad de c\u00e1mara de aire, lo que reduce dr\u00e1sticamente el riesgo de reventones, mejora la estabilidad y permite rodar con presiones m\u00e1s bajas. A esto se suma la innovaci\u00f3n del <strong data-start=\"920\" data-end=\"985\">gel antipinchazos ya incorporado en el interior del neum\u00e1tico<\/strong>, capaz de sellar peque\u00f1as perforaciones al instante y mantener la presi\u00f3n estable durante m\u00e1s tiempo. Este gel es resistente a temperaturas extremas, soportando hasta <strong data-start=\"1153\" data-end=\"1163\">120 \u00b0C<\/strong>, lo que lo hace ideal para rodar en verano sin comprometer el rendimiento.<\/p>\n<p data-start=\"1240\" data-end=\"1617\">El <strong data-start=\"1243\" data-end=\"1273\">dibujo profundo y agresivo<\/strong> de la banda de rodadura ofrece un agarre superior en superficies irregulares: tierra, grava, caminos de monta\u00f1a o suelos mojados. As\u00ed, cada trayecto resulta m\u00e1s seguro y estable, incluso en condiciones desafiantes. Adem\u00e1s, est\u00e1n fabricados con compuestos de alta calidad que garantizan una vida \u00fatil m\u00e1s larga y resistencia frente al desgaste.<\/p>\n<p data-start=\"1619\" data-end=\"1907\">Con este <strong data-start=\"1628\" data-end=\"1654\">pack de dos neum\u00e1ticos<\/strong>, puedes renovar ambas ruedas de tu patinete en un solo paso, disfrutando de mayor seguridad, un confort de conducci\u00f3n superior y una experiencia todoterreno sin preocupaciones. Olv\u00eddate de los pinchazos inesperados y c\u00e9ntrate en disfrutar del trayecto.<\/p>\n<p data-start=\"1909\" data-end=\"2062\">Si buscas neum\u00e1ticos resistentes, c\u00f3modos y preparados para todo tipo de terreno, el <strong data-start=\"1994\" data-end=\"2042\">Pack Off-road tubeless con gel antipinchazos<\/strong> es tu mejor aliado.<\/p>\n","protected":false},"excerpt":{"rendered":"<p data-start=\"2108\" data-end=\"2288\">Pack de 2 neum\u00e1ticos tubeless off-road 10\u00d72,75-6,5 con gel antipinchazos. Compatibles con Smartgyro, Zwheel y similares. M\u00e1s agarre, confort y resistencia a pinchazos hasta 120 \u00b0C.<\/p>\n","protected":false},"featured_media":8810,"template":"","meta":[],"product_brand":[],"product_cat":[288,286,193],"product_tag":[],"scooter_compatibility":[341,451,503,441,442,333,499,490,495],"class_list":{"0":"post-8809","1":"product","2":"type-product","3":"status-publish","4":"has-post-thumbnail","6":"product_cat-kits-de-ruedas","7":"product_cat-neumaticos-neumaticos","8":"product_cat-packs-2","9":"pa_marca-ewheel","10":"scooter_compatibility-crossover","11":"scooter_compatibility-g3","12":"scooter_compatibility-kamikaze-k1","13":"scooter_compatibility-kukirin-g2-2024","14":"scooter_compatibility-kukirin-g2-standard","15":"scooter_compatibility-rockway","16":"scooter_compatibility-zcougar","17":"scooter_compatibility-zwheel-zrino","18":"scooter_compatibility-zwolf","20":"first","21":"instock","22":"sale","23":"taxable","24":"shipping-taxable","25":"purchasable","26":"product-type-simple"},"yoast_head":"<!-- This site is optimized with the Yoast SEO plugin v26.9 - https:\/\/yoast.com\/product\/yoast-seo-wordpress\/ -->\n<title>Pack de 2 neum\u00e1ticos Tubeless Offroad 10x2,75-6,5 con GEL ANTIPINCHAZOS - 360Scooters | Tienda-taller de patinetes el\u00e9ctricos<\/title>\n<meta name=\"description\" content=\"Pack de 2 neum\u00e1ticos tubeless off-road 10\u00d72,75-6,5 con gel antipinchazos para Smartgyro y Zwheel. M\u00e1s tracci\u00f3n, durabilidad y protecci\u00f3n frente a pinchazos.\" \/>\n<meta name=\"robots\" content=\"index, follow, max-snippet:-1, max-image-preview:large, max-video-preview:-1\" \/>\n<link rel=\"canonical\" href=\"https:\/\/360scooters.com\/es\/producto\/pack-de-2-neumaticos-tubeless-offroad-10x275-65-con-gel-antipinchazos\/\" \/>\n<meta property=\"og:locale\" content=\"es_ES\" \/>\n<meta property=\"og:type\" content=\"article\" \/>\n<meta property=\"og:title\" content=\"Pack de 2 neum\u00e1ticos Tubeless Offroad 10x2,75-6,5 con GEL ANTIPINCHAZOS - 360Scooters | Tienda-taller de patinetes el\u00e9ctricos\" \/>\n<meta property=\"og:description\" content=\"Pack de 2 neum\u00e1ticos tubeless off-road 10\u00d72,75-6,5 con gel antipinchazos para Smartgyro y Zwheel. M\u00e1s tracci\u00f3n, durabilidad y protecci\u00f3n frente a pinchazos.\" \/>\n<meta property=\"og:url\" content=\"https:\/\/360scooters.com\/es\/producto\/pack-de-2-neumaticos-tubeless-offroad-10x275-65-con-gel-antipinchazos\/\" \/>\n<meta property=\"og:site_name\" content=\"360Scooters | Tienda-taller de patinetes el\u00e9ctricos\" \/>\n<meta property=\"article:modified_time\" content=\"2026-04-09T15:23:32+00:00\" \/>\n<meta property=\"og:image\" content=\"https:\/\/360scooters.com\/es\/wp-content\/uploads\/sites\/2\/2025\/09\/MINIATURA-PRODUCTO-34.png\" \/>\n\t<meta property=\"og:image:width\" content=\"1080\" \/>\n\t<meta property=\"og:image:height\" content=\"1080\" \/>\n\t<meta property=\"og:image:type\" content=\"image\/png\" \/>\n<meta name=\"twitter:card\" content=\"summary_large_image\" \/>\n<meta name=\"twitter:label1\" content=\"Tiempo de lectura\" \/>\n\t<meta name=\"twitter:data1\" content=\"2 minutos\" \/>\n<script type=\"application\/ld+json\" class=\"yoast-schema-graph\">{\"@context\":\"https:\/\/schema.org\",\"@graph\":[{\"@type\":\"WebPage\",\"@id\":\"https:\/\/360scooters.com\/es\/producto\/pack-de-2-neumaticos-tubeless-offroad-10x275-65-con-gel-antipinchazos\/\",\"url\":\"https:\/\/360scooters.com\/es\/producto\/pack-de-2-neumaticos-tubeless-offroad-10x275-65-con-gel-antipinchazos\/\",\"name\":\"Pack de 2 neum\u00e1ticos Tubeless Offroad 10x2,75-6,5 con GEL ANTIPINCHAZOS - 360Scooters | Tienda-taller de patinetes el\u00e9ctricos\",\"isPartOf\":{\"@id\":\"https:\/\/360scooters.com\/es\/#website\"},\"primaryImageOfPage\":{\"@id\":\"https:\/\/360scooters.com\/es\/producto\/pack-de-2-neumaticos-tubeless-offroad-10x275-65-con-gel-antipinchazos\/#primaryimage\"},\"image\":{\"@id\":\"https:\/\/360scooters.com\/es\/producto\/pack-de-2-neumaticos-tubeless-offroad-10x275-65-con-gel-antipinchazos\/#primaryimage\"},\"thumbnailUrl\":\"https:\/\/360scooters.com\/es\/wp-content\/uploads\/sites\/2\/2025\/09\/MINIATURA-PRODUCTO-34.png\",\"datePublished\":\"2025-09-05T18:04:35+00:00\",\"dateModified\":\"2026-04-09T15:23:32+00:00\",\"description\":\"Pack de 2 neum\u00e1ticos tubeless off-road 10\u00d72,75-6,5 con gel antipinchazos para Smartgyro y Zwheel. M\u00e1s tracci\u00f3n, durabilidad y protecci\u00f3n frente a pinchazos.\",\"breadcrumb\":{\"@id\":\"https:\/\/360scooters.com\/es\/producto\/pack-de-2-neumaticos-tubeless-offroad-10x275-65-con-gel-antipinchazos\/#breadcrumb\"},\"inLanguage\":\"es\",\"potentialAction\":[{\"@type\":\"ReadAction\",\"target\":[\"https:\/\/360scooters.com\/es\/producto\/pack-de-2-neumaticos-tubeless-offroad-10x275-65-con-gel-antipinchazos\/\"]}]},{\"@type\":\"ImageObject\",\"inLanguage\":\"es\",\"@id\":\"https:\/\/360scooters.com\/es\/producto\/pack-de-2-neumaticos-tubeless-offroad-10x275-65-con-gel-antipinchazos\/#primaryimage\",\"url\":\"https:\/\/360scooters.com\/es\/wp-content\/uploads\/sites\/2\/2025\/09\/MINIATURA-PRODUCTO-34.png\",\"contentUrl\":\"https:\/\/360scooters.com\/es\/wp-content\/uploads\/sites\/2\/2025\/09\/MINIATURA-PRODUCTO-34.png\",\"width\":1080,\"height\":1080,\"caption\":\"Pack de 2 neum\u00e1ticos Tubeless Offroad 10x2,75-6,5 con GEL ANTIPINCHAZOS\"},{\"@type\":\"BreadcrumbList\",\"@id\":\"https:\/\/360scooters.com\/es\/producto\/pack-de-2-neumaticos-tubeless-offroad-10x275-65-con-gel-antipinchazos\/#breadcrumb\",\"itemListElement\":[{\"@type\":\"ListItem\",\"position\":1,\"name\":\"Portada\",\"item\":\"https:\/\/360scooters.com\/es\/\"},{\"@type\":\"ListItem\",\"position\":2,\"name\":\"Tienda\",\"item\":\"https:\/\/360scooters.com\/es\/tienda\/\"},{\"@type\":\"ListItem\",\"position\":3,\"name\":\"Pack de 2 neum\u00e1ticos Tubeless Offroad 10&#215;2,75-6,5 con GEL ANTIPINCHAZOS\"}]},{\"@type\":\"WebSite\",\"@id\":\"https:\/\/360scooters.com\/es\/#website\",\"url\":\"https:\/\/360scooters.com\/es\/\",\"name\":\"360Scooters - Patinetes el\u00e9ctricos en Pen\u00ednsula y Baleares - Patinetes Madrid - Patinetes Alicante - Patinetes Barcelona\",\"description\":\"\",\"publisher\":{\"@id\":\"https:\/\/360scooters.com\/es\/#organization\"},\"potentialAction\":[{\"@type\":\"SearchAction\",\"target\":{\"@type\":\"EntryPoint\",\"urlTemplate\":\"https:\/\/360scooters.com\/es\/?s={search_term_string}\"},\"query-input\":{\"@type\":\"PropertyValueSpecification\",\"valueRequired\":true,\"valueName\":\"search_term_string\"}}],\"inLanguage\":\"es\"},{\"@type\":\"Organization\",\"@id\":\"https:\/\/360scooters.com\/es\/#organization\",\"name\":\"360Scooters - Patinetes el\u00e9ctricos en Pen\u00ednsula y Baleares - Patinetes Madrid - Patinetes Alicante - Patinetes Barcelona\",\"url\":\"https:\/\/360scooters.com\/es\/\",\"logo\":{\"@type\":\"ImageObject\",\"inLanguage\":\"es\",\"@id\":\"https:\/\/360scooters.com\/es\/#\/schema\/logo\/image\/\",\"url\":\"https:\/\/360scooters.com\/es\/wp-content\/uploads\/sites\/2\/2024\/02\/logo-claimweb-e1727166047230.png\",\"contentUrl\":\"https:\/\/360scooters.com\/es\/wp-content\/uploads\/sites\/2\/2024\/02\/logo-claimweb-e1727166047230.png\",\"width\":214,\"height\":54,\"caption\":\"360Scooters - Patinetes el\u00e9ctricos en Pen\u00ednsula y Baleares - Patinetes Madrid - Patinetes Alicante - Patinetes Barcelona\"},\"image\":{\"@id\":\"https:\/\/360scooters.com\/es\/#\/schema\/logo\/image\/\"}}]}<\/script>\n<!-- \/ Yoast SEO plugin. -->","yoast_head_json":{"title":"Pack de 2 neum\u00e1ticos Tubeless Offroad 10x2,75-6,5 con GEL ANTIPINCHAZOS - 360Scooters | Tienda-taller de patinetes el\u00e9ctricos","description":"Pack de 2 neum\u00e1ticos tubeless off-road 10\u00d72,75-6,5 con gel antipinchazos para Smartgyro y Zwheel. M\u00e1s tracci\u00f3n, durabilidad y protecci\u00f3n frente a pinchazos.","robots":{"index":"index","follow":"follow","max-snippet":"max-snippet:-1","max-image-preview":"max-image-preview:large","max-video-preview":"max-video-preview:-1"},"canonical":"https:\/\/360scooters.com\/es\/producto\/pack-de-2-neumaticos-tubeless-offroad-10x275-65-con-gel-antipinchazos\/","og_locale":"es_ES","og_type":"article","og_title":"Pack de 2 neum\u00e1ticos Tubeless Offroad 10x2,75-6,5 con GEL ANTIPINCHAZOS - 360Scooters | Tienda-taller de patinetes el\u00e9ctricos","og_description":"Pack de 2 neum\u00e1ticos tubeless off-road 10\u00d72,75-6,5 con gel antipinchazos para Smartgyro y Zwheel. M\u00e1s tracci\u00f3n, durabilidad y protecci\u00f3n frente a pinchazos.","og_url":"https:\/\/360scooters.com\/es\/producto\/pack-de-2-neumaticos-tubeless-offroad-10x275-65-con-gel-antipinchazos\/","og_site_name":"360Scooters | Tienda-taller de patinetes el\u00e9ctricos","article_modified_time":"2026-04-09T15:23:32+00:00","og_image":[{"width":1080,"height":1080,"url":"https:\/\/360scooters.com\/es\/wp-content\/uploads\/sites\/2\/2025\/09\/MINIATURA-PRODUCTO-34.png","type":"image\/png"}],"twitter_card":"summary_large_image","twitter_misc":{"Tiempo de lectura":"2 minutos"},"schema":{"@context":"https:\/\/schema.org","@graph":[{"@type":"WebPage","@id":"https:\/\/360scooters.com\/es\/producto\/pack-de-2-neumaticos-tubeless-offroad-10x275-65-con-gel-antipinchazos\/","url":"https:\/\/360scooters.com\/es\/producto\/pack-de-2-neumaticos-tubeless-offroad-10x275-65-con-gel-antipinchazos\/","name":"Pack de 2 neum\u00e1ticos Tubeless Offroad 10x2,75-6,5 con GEL ANTIPINCHAZOS - 360Scooters | Tienda-taller de patinetes el\u00e9ctricos","isPartOf":{"@id":"https:\/\/360scooters.com\/es\/#website"},"primaryImageOfPage":{"@id":"https:\/\/360scooters.com\/es\/producto\/pack-de-2-neumaticos-tubeless-offroad-10x275-65-con-gel-antipinchazos\/#primaryimage"},"image":{"@id":"https:\/\/360scooters.com\/es\/producto\/pack-de-2-neumaticos-tubeless-offroad-10x275-65-con-gel-antipinchazos\/#primaryimage"},"thumbnailUrl":"https:\/\/360scooters.com\/es\/wp-content\/uploads\/sites\/2\/2025\/09\/MINIATURA-PRODUCTO-34.png","datePublished":"2025-09-05T18:04:35+00:00","dateModified":"2026-04-09T15:23:32+00:00","description":"Pack de 2 neum\u00e1ticos tubeless off-road 10\u00d72,75-6,5 con gel antipinchazos para Smartgyro y Zwheel. M\u00e1s tracci\u00f3n, durabilidad y protecci\u00f3n frente a pinchazos.","breadcrumb":{"@id":"https:\/\/360scooters.com\/es\/producto\/pack-de-2-neumaticos-tubeless-offroad-10x275-65-con-gel-antipinchazos\/#breadcrumb"},"inLanguage":"es","potentialAction":[{"@type":"ReadAction","target":["https:\/\/360scooters.com\/es\/producto\/pack-de-2-neumaticos-tubeless-offroad-10x275-65-con-gel-antipinchazos\/"]}]},{"@type":"ImageObject","inLanguage":"es","@id":"https:\/\/360scooters.com\/es\/producto\/pack-de-2-neumaticos-tubeless-offroad-10x275-65-con-gel-antipinchazos\/#primaryimage","url":"https:\/\/360scooters.com\/es\/wp-content\/uploads\/sites\/2\/2025\/09\/MINIATURA-PRODUCTO-34.png","contentUrl":"https:\/\/360scooters.com\/es\/wp-content\/uploads\/sites\/2\/2025\/09\/MINIATURA-PRODUCTO-34.png","width":1080,"height":1080,"caption":"Pack de 2 neum\u00e1ticos Tubeless Offroad 10x2,75-6,5 con GEL ANTIPINCHAZOS"},{"@type":"BreadcrumbList","@id":"https:\/\/360scooters.com\/es\/producto\/pack-de-2-neumaticos-tubeless-offroad-10x275-65-con-gel-antipinchazos\/#breadcrumb","itemListElement":[{"@type":"ListItem","position":1,"name":"Portada","item":"https:\/\/360scooters.com\/es\/"},{"@type":"ListItem","position":2,"name":"Tienda","item":"https:\/\/360scooters.com\/es\/tienda\/"},{"@type":"ListItem","position":3,"name":"Pack de 2 neum\u00e1ticos Tubeless Offroad 10&#215;2,75-6,5 con GEL ANTIPINCHAZOS"}]},{"@type":"WebSite","@id":"https:\/\/360scooters.com\/es\/#website","url":"https:\/\/360scooters.com\/es\/","name":"360Scooters - Patinetes el\u00e9ctricos en Pen\u00ednsula y Baleares - Patinetes Madrid - Patinetes Alicante - Patinetes Barcelona","description":"","publisher":{"@id":"https:\/\/360scooters.com\/es\/#organization"},"potentialAction":[{"@type":"SearchAction","target":{"@type":"EntryPoint","urlTemplate":"https:\/\/360scooters.com\/es\/?s={search_term_string}"},"query-input":{"@type":"PropertyValueSpecification","valueRequired":true,"valueName":"search_term_string"}}],"inLanguage":"es"},{"@type":"Organization","@id":"https:\/\/360scooters.com\/es\/#organization","name":"360Scooters - Patinetes el\u00e9ctricos en Pen\u00ednsula y Baleares - Patinetes Madrid - Patinetes Alicante - Patinetes Barcelona","url":"https:\/\/360scooters.com\/es\/","logo":{"@type":"ImageObject","inLanguage":"es","@id":"https:\/\/360scooters.com\/es\/#\/schema\/logo\/image\/","url":"https:\/\/360scooters.com\/es\/wp-content\/uploads\/sites\/2\/2024\/02\/logo-claimweb-e1727166047230.png","contentUrl":"https:\/\/360scooters.com\/es\/wp-content\/uploads\/sites\/2\/2024\/02\/logo-claimweb-e1727166047230.png","width":214,"height":54,"caption":"360Scooters - Patinetes el\u00e9ctricos en Pen\u00ednsula y Baleares - Patinetes Madrid - Patinetes Alicante - Patinetes Barcelona"},"image":{"@id":"https:\/\/360scooters.com\/es\/#\/schema\/logo\/image\/"}}]}},"_links":{"self":[{"href":"https:\/\/360scooters.com\/es\/wp-json\/wp\/v2\/product\/8809","targetHints":{"allow":["GET"]}}],"collection":[{"href":"https:\/\/360scooters.com\/es\/wp-json\/wp\/v2\/product"}],"about":[{"href":"https:\/\/360scooters.com\/es\/wp-json\/wp\/v2\/types\/product"}],"version-history":[{"count":1,"href":"https:\/\/360scooters.com\/es\/wp-json\/wp\/v2\/product\/8809\/revisions"}],"predecessor-version":[{"id":8815,"href":"https:\/\/360scooters.com\/es\/wp-json\/wp\/v2\/product\/8809\/revisions\/8815"}],"wp:featuredmedia":[{"embeddable":true,"href":"https:\/\/360scooters.com\/es\/wp-json\/wp\/v2\/media\/8810"}],"wp:attachment":[{"href":"https:\/\/360scooters.com\/es\/wp-json\/wp\/v2\/media?parent=8809"}],"wp:term":[{"taxonomy":"product_brand","embeddable":true,"href":"https:\/\/360scooters.com\/es\/wp-json\/wp\/v2\/product_brand?post=8809"},{"taxonomy":"product_cat","embeddable":true,"href":"https:\/\/360scooters.com\/es\/wp-json\/wp\/v2\/product_cat?post=8809"},{"taxonomy":"product_tag","embeddable":true,"href":"https:\/\/360scooters.com\/es\/wp-json\/wp\/v2\/product_tag?post=8809"},{"taxonomy":"scooter_compatibility","embeddable":true,"href":"https:\/\/360scooters.com\/es\/wp-json\/wp\/v2\/scooter_compatibility?post=8809"}],"curies":[{"name":"wp","href":"https:\/\/api.w.org\/{rel}","templated":true}]}}