{"id":8398,"date":"2026-03-03T23:20:41","date_gmt":"2026-03-03T22:20:41","guid":{"rendered":"https:\/\/360scooters.com\/es\/?post_type=product&#038;p=8398"},"modified":"2026-03-20T19:41:27","modified_gmt":"2026-03-20T18:41:27","slug":"patinete-electrico-ecoxtrem-m41-tank-dual-motor","status":"publish","type":"product","link":"https:\/\/360scooters.com\/es\/producto\/patinete-electrico-ecoxtrem-m41-tank-dual-motor\/","title":{"rendered":"Patinete El\u00e9ctrico Ecoxtrem M41 Tank Dual Motor (frenos hidr\u00e1ulicos)"},"content":{"rendered":"\t\t<div data-elementor-type=\"product-post\" data-elementor-id=\"8398\" class=\"elementor elementor-8398\" data-elementor-post-type=\"product\">\n\t\t\t\t<div class=\"elementor-element elementor-element-e5f9eec e-flex e-con-boxed e-con e-parent\" data-id=\"e5f9eec\" data-element_type=\"container\" data-e-type=\"container\">\n\t\t\t\t\t<div class=\"e-con-inner\">\n\t\t<div class=\"elementor-element elementor-element-f215dd6 e-con-full e-flex e-con e-child\" data-id=\"f215dd6\" data-element_type=\"container\" data-e-type=\"container\">\n\t\t\t\t<div class=\"elementor-element elementor-element-796711c elementor-widget elementor-widget-image\" data-id=\"796711c\" data-element_type=\"widget\" data-e-type=\"widget\" data-widget_type=\"image.default\">\n\t\t\t\t<div class=\"elementor-widget-container\">\n\t\t\t\t\t\t\t\t\t\t\t\t\t\t\t<img fetchpriority=\"high\" decoding=\"async\" width=\"800\" height=\"533\" src=\"https:\/\/360scooters.com\/es\/wp-content\/uploads\/sites\/2\/2025\/08\/ChatGPT-Image-29-sept-2025-21_45_53.png\" class=\"attachment-large size-large wp-image-9109\" alt=\"Patinete El\u00e9ctrico Ecoxtrem M41 Tank Dual Motor\" srcset=\"https:\/\/360scooters.com\/es\/wp-content\/uploads\/sites\/2\/2025\/08\/ChatGPT-Image-29-sept-2025-21_45_53.png 800w, https:\/\/360scooters.com\/es\/wp-content\/uploads\/sites\/2\/2025\/08\/ChatGPT-Image-29-sept-2025-21_45_53-300x200.png 300w, https:\/\/360scooters.com\/es\/wp-content\/uploads\/sites\/2\/2025\/08\/ChatGPT-Image-29-sept-2025-21_45_53-768x512.png 768w, https:\/\/360scooters.com\/es\/wp-content\/uploads\/sites\/2\/2025\/08\/ChatGPT-Image-29-sept-2025-21_45_53-600x400.png 600w\" sizes=\"(max-width: 800px) 100vw, 800px\" \/>\t\t\t\t\t\t\t\t\t\t\t\t\t\t\t<\/div>\n\t\t\t\t<\/div>\n\t\t\t\t<\/div>\n\t\t<div class=\"elementor-element elementor-element-779a6ac e-con-full e-flex e-con e-child\" data-id=\"779a6ac\" data-element_type=\"container\" data-e-type=\"container\">\n\t\t\t\t<div class=\"elementor-element elementor-element-325161a elementor-widget elementor-widget-heading\" data-id=\"325161a\" data-element_type=\"widget\" data-e-type=\"widget\" data-widget_type=\"heading.default\">\n\t\t\t\t<div class=\"elementor-widget-container\">\n\t\t\t\t\t<h2 class=\"elementor-heading-title elementor-size-default\">\u00a1Descubre el M41 Tank Dual!\n<\/h2>\t\t\t\t<\/div>\n\t\t\t\t<\/div>\n\t\t\t\t<div class=\"elementor-element elementor-element-643ceb9 elementor-widget elementor-widget-text-editor\" data-id=\"643ceb9\" data-element_type=\"widget\" data-e-type=\"widget\" data-widget_type=\"text-editor.default\">\n\t\t\t\t<div class=\"elementor-widget-container\">\n\t\t\t\t\t\t\t\t\t<p data-start=\"70\" data-end=\"410\"><span style=\"color: #000000;\">\u00bfListo para descubrir el <strong data-start=\"95\" data-end=\"112\">M41 Tank DUAL<\/strong>? \ud83d\ude80 Este patinete el\u00e9ctrico combina potencia y resistencia en un dise\u00f1o robusto que no pasa desapercibido. Con un rendimiento pensado para quienes buscan m\u00e1s que un simple medio de transporte, el M41 Tank DUAL se convierte en tu mejor aliado para moverte con estilo y confianza en cada trayecto.<\/span><\/p>\t\t\t\t\t\t\t\t<\/div>\n\t\t\t\t<\/div>\n\t\t\t\t<\/div>\n\t\t\t\t\t<\/div>\n\t\t\t\t<\/div>\n\t\t<div class=\"elementor-element elementor-element-aa6af90 e-flex e-con-boxed e-con e-parent\" data-id=\"aa6af90\" data-element_type=\"container\" data-e-type=\"container\">\n\t\t\t\t\t<div class=\"e-con-inner\">\n\t\t<div class=\"elementor-element elementor-element-e405230 e-con-full e-flex e-con e-child\" data-id=\"e405230\" data-element_type=\"container\" data-e-type=\"container\">\n\t\t\t\t<div class=\"elementor-element elementor-element-3efea26 elementor-widget elementor-widget-heading\" data-id=\"3efea26\" data-element_type=\"widget\" data-e-type=\"widget\" data-widget_type=\"heading.default\">\n\t\t\t\t<div class=\"elementor-widget-container\">\n\t\t\t\t\t<h2 class=\"elementor-heading-title elementor-size-default\">RENDIMIENTO &amp; AUTONOM\u00cdA\n<\/h2>\t\t\t\t<\/div>\n\t\t\t\t<\/div>\n\t\t\t\t<div class=\"elementor-element elementor-element-f7101e5 elementor-widget elementor-widget-text-editor\" data-id=\"f7101e5\" data-element_type=\"widget\" data-e-type=\"widget\" data-widget_type=\"text-editor.default\">\n\t\t\t\t<div class=\"elementor-widget-container\">\n\t\t\t\t\t\t\t\t\t<p data-start=\"0\" data-end=\"408\"><span style=\"color: #000000;\">El <strong data-start=\"3\" data-end=\"20\">M41 Tank DUAL<\/strong> ofrece un rendimiento sobresaliente gracias a su doble motor que garantiza fuerza extra en cada aceleraci\u00f3n, incluso en terrenos exigentes. Su bater\u00eda de gran capacidad te proporciona una autonom\u00eda ideal para recorrer largas distancias sin preocuparte por quedarte a medias, convirti\u00e9ndolo en un patinete fiable tanto para tus desplazamientos diarios como para aventuras m\u00e1s largas. \ud83d\ude80<\/span><\/p><p data-start=\"410\" data-end=\"516\" data-is-last-node=\"\" data-is-only-node=\"\">\u00a0<\/p>\t\t\t\t\t\t\t\t<\/div>\n\t\t\t\t<\/div>\n\t\t\t\t<\/div>\n\t\t<div class=\"elementor-element elementor-element-8b6cf58 e-con-full e-flex e-con e-child\" data-id=\"8b6cf58\" data-element_type=\"container\" data-e-type=\"container\">\n\t\t\t\t<div class=\"elementor-element elementor-element-ebd28b9 elementor-widget elementor-widget-image\" data-id=\"ebd28b9\" data-element_type=\"widget\" data-e-type=\"widget\" data-widget_type=\"image.default\">\n\t\t\t\t<div class=\"elementor-widget-container\">\n\t\t\t\t\t\t\t\t\t\t\t\t\t\t\t<img decoding=\"async\" width=\"800\" height=\"533\" src=\"https:\/\/360scooters.com\/es\/wp-content\/uploads\/sites\/2\/2025\/08\/ChatGPT-Image-29-sept-2025-21_51_11.png\" class=\"attachment-large size-large wp-image-9110\" alt=\"\" srcset=\"https:\/\/360scooters.com\/es\/wp-content\/uploads\/sites\/2\/2025\/08\/ChatGPT-Image-29-sept-2025-21_51_11.png 800w, https:\/\/360scooters.com\/es\/wp-content\/uploads\/sites\/2\/2025\/08\/ChatGPT-Image-29-sept-2025-21_51_11-300x200.png 300w, https:\/\/360scooters.com\/es\/wp-content\/uploads\/sites\/2\/2025\/08\/ChatGPT-Image-29-sept-2025-21_51_11-768x512.png 768w, https:\/\/360scooters.com\/es\/wp-content\/uploads\/sites\/2\/2025\/08\/ChatGPT-Image-29-sept-2025-21_51_11-600x400.png 600w\" sizes=\"(max-width: 800px) 100vw, 800px\" \/>\t\t\t\t\t\t\t\t\t\t\t\t\t\t\t<\/div>\n\t\t\t\t<\/div>\n\t\t\t\t<\/div>\n\t\t\t\t\t<\/div>\n\t\t\t\t<\/div>\n\t\t<div class=\"elementor-element elementor-element-4249fb7b e-flex e-con-boxed e-con e-parent\" data-id=\"4249fb7b\" data-element_type=\"container\" data-e-type=\"container\">\n\t\t\t\t\t<div class=\"e-con-inner\">\n\t\t\t\t<div class=\"elementor-element elementor-element-6a8617f3 elementor-widget elementor-widget-text-editor\" data-id=\"6a8617f3\" data-element_type=\"widget\" data-e-type=\"widget\" data-widget_type=\"text-editor.default\">\n\t\t\t\t<div class=\"elementor-widget-container\">\n\t\t\t\t\t\t\t\t\t<h2 data-start=\"321\" data-end=\"602\"><span style=\"color: #000000;\"><strong>Patinete El\u00e9ctrico Ecoxtrem M41 Tank Dual Motor<\/strong><\/span><\/h2><p data-start=\"293\" data-end=\"623\"><span style=\"color: #000000;\">El <strong data-start=\"296\" data-end=\"328\">Ecoxtrem M41 Tank Dual Motor<\/strong> es un patinete el\u00e9ctrico de alto rendimiento, dise\u00f1ado para los usuarios m\u00e1s exigentes que buscan potencia, autonom\u00eda y robustez. Con <strong data-start=\"463\" data-end=\"487\">doble motor de 1000W<\/strong> (2000W en total), este modelo es capaz de enfrentarse a cuestas pronunciadas y terrenos complicados sin perder tracci\u00f3n ni estabilidad.<\/span><\/p><p data-start=\"625\" data-end=\"976\"><span style=\"color: #000000;\">Su bater\u00eda de litio <strong data-start=\"645\" data-end=\"659\">48V y 20Ah<\/strong> ofrece una impresionante <strong data-start=\"685\" data-end=\"713\">autonom\u00eda de hasta 50 km<\/strong>, lo que lo convierte en un compa\u00f1ero ideal tanto para trayectos urbanos como para aventuras fuera de la ciudad. Adem\u00e1s, este patinete est\u00e1 <strong data-start=\"853\" data-end=\"879\">certificado por la DGT<\/strong>, por lo que cumple con la normativa vigente y est\u00e1 preparado para circular legalmente en Espa\u00f1a.<\/span><\/p><p data-start=\"978\" data-end=\"1387\"><span style=\"color: #000000;\">La <strong data-start=\"981\" data-end=\"1018\">estructura reforzada del M41 Tank<\/strong> y sus <strong data-start=\"1025\" data-end=\"1061\">ruedas neum\u00e1ticas de 10 pulgadas<\/strong> aseguran un agarre excelente y una conducci\u00f3n c\u00f3moda incluso en terrenos irregulares. Dispone de <strong data-start=\"1159\" data-end=\"1201\">doble suspensi\u00f3n (delantera y trasera)<\/strong>, lo que mejora la estabilidad y reduce el impacto en la conducci\u00f3n. En cuanto a seguridad, cuenta con <strong data-start=\"1304\" data-end=\"1323\">frenos de disco<\/strong> y <strong data-start=\"1326\" data-end=\"1359\">luces LED delantera y trasera<\/strong> para una mayor visibilidad.<\/span><\/p><p data-start=\"1389\" data-end=\"1595\"><span style=\"color: #000000;\">Incluye <strong data-start=\"1397\" data-end=\"1426\">pantalla LCD multifunci\u00f3n<\/strong>, <strong data-start=\"1428\" data-end=\"1445\">intermitentes<\/strong> y <strong data-start=\"1448\" data-end=\"1468\">claxon el\u00e9ctrico<\/strong>, lo que lo convierte en una opci\u00f3n completa para quien busca un patinete de alta gama con todo lo necesario para el d\u00eda a d\u00eda.<\/span><\/p><p data-start=\"1597\" data-end=\"1849\"><span style=\"color: #000000;\">En definitiva, el <strong data-start=\"1615\" data-end=\"1651\">Ecoxtrem M41 Tank Dual Motor DGT<\/strong> es una aut\u00e9ntica bestia del asfalto: potente, seguro, resistente y homologado. Ideal para usuarios que quieren dar el salto a un patinete profesional sin renunciar a la legalidad ni a la comodidad.<\/span><\/p><p>\u00a0<\/p>\t\t\t\t\t\t\t\t<\/div>\n\t\t\t\t<\/div>\n\t\t\t\t\t<\/div>\n\t\t\t\t<\/div>\n\t\t\t\t<\/div>\n\t\t","protected":false},"excerpt":{"rendered":"<table>\n<tbody>\n<tr>\n<td width=\"113\"><img decoding=\"async\" class=\"aligncenter wp-image-10036\" src=\"https:\/\/360scooters.com\/es\/wp-content\/uploads\/sites\/2\/2025\/12\/MOTOR.png\" alt=\"\" width=\"80\" height=\"80\" \/><\/td>\n<td width=\"113\"><img loading=\"lazy\" decoding=\"async\" class=\"aligncenter wp-image-9449\" src=\"https:\/\/360scooters.com\/es\/wp-content\/uploads\/sites\/2\/2025\/11\/1.png\" alt=\"\" width=\"80\" height=\"80\" \/><\/td>\n<td width=\"113\"><img loading=\"lazy\" decoding=\"async\" class=\"aligncenter wp-image-9450\" src=\"https:\/\/360scooters.com\/es\/wp-content\/uploads\/sites\/2\/2025\/11\/2.png\" alt=\"\" width=\"80\" height=\"80\" \/><\/td>\n<td width=\"113\"><img loading=\"lazy\" decoding=\"async\" class=\"aligncenter wp-image-9451\" src=\"https:\/\/360scooters.com\/es\/wp-content\/uploads\/sites\/2\/2025\/11\/3.png\" alt=\"\" width=\"80\" height=\"80\" \/><\/td>\n<td width=\"113\"><img loading=\"lazy\" decoding=\"async\" class=\"aligncenter wp-image-9452\" src=\"https:\/\/360scooters.com\/es\/wp-content\/uploads\/sites\/2\/2025\/11\/4.png\" alt=\"\" width=\"80\" height=\"80\" \/><\/td>\n<td width=\"113\"><img loading=\"lazy\" decoding=\"async\" class=\"aligncenter wp-image-9453\" src=\"https:\/\/360scooters.com\/es\/wp-content\/uploads\/sites\/2\/2025\/11\/5.png\" alt=\"\" width=\"80\" height=\"80\" \/><\/td>\n<\/tr>\n<tr>\n<td style=\"text-align: center;\" width=\"113\"><\/td>\n<td style=\"text-align: center;\" width=\"113\">2x800W<\/td>\n<td style=\"text-align: center;\" width=\"113\">52V 20Ah<\/td>\n<td style=\"text-align: center;\" width=\"113\">Hasta 50km<\/td>\n<td style=\"text-align: center;\" width=\"113\">Freno hidr\u00e1ulico trasero y delantero<\/td>\n<td style=\"text-align: center;\" width=\"113\">28kg<\/td>\n<\/tr>\n<\/tbody>\n<\/table>\n<p data-start=\"1895\" data-end=\"2136\"><strong>AHORA CON FRENOS HIDR\u00c1ULICOS<\/strong><\/p>\n<p data-start=\"1895\" data-end=\"2136\">Patinete el\u00e9ctrico todoterreno de doble motor 2x1000W, bater\u00eda de 48V 20Ah, 50 km de autonom\u00eda y certificado por la DGT. Equipado con suspensi\u00f3n completa, intermitentes, claxon, pantalla LCD y ruedas de 10&#8243;. Un tanque urbano legal y potente.<\/p>\n<p><em>*Los precios, ofertas y promociones reflejados en esta web son exclusivos para compras online.<\/em><\/p>\n","protected":false},"featured_media":11974,"template":"","meta":[],"product_brand":[323],"product_cat":[30,277,284],"product_tag":[],"scooter_compatibility":[],"class_list":{"0":"post-8398","1":"product","2":"type-product","3":"status-publish","4":"has-post-thumbnail","6":"product_brand-ecoxtrem","7":"product_cat-gama-elite","8":"product_cat-patinetes-con-dos-motores","9":"product_cat-patinetes-delivery","10":"product_shipping_class-patinetes-electricos","11":"pa_marca-ecoxtrem","13":"first","14":"instock","15":"sale","16":"taxable","17":"shipping-taxable","18":"purchasable","19":"product-type-variable"},"yoast_head":"<!-- This site is optimized with the Yoast SEO plugin v26.9 - https:\/\/yoast.com\/product\/yoast-seo-wordpress\/ -->\n<title>Patinete El\u00e9ctrico Ecoxtrem M41 Tank Dual Motor | 360Scooters<\/title>\n<meta name=\"description\" content=\"Descubre el patinete el\u00e9ctrico Ecoxtrem M41 Tank Dual Motor con 2000W, bater\u00eda de 48V y 50 km de autonom\u00eda. Potente, robusto y certificado por la DGT.\" \/>\n<meta name=\"robots\" content=\"index, follow, max-snippet:-1, max-image-preview:large, max-video-preview:-1\" \/>\n<link rel=\"canonical\" href=\"https:\/\/360scooters.com\/es\/producto\/patinete-electrico-ecoxtrem-m41-tank-dual-motor\/\" \/>\n<meta property=\"og:locale\" content=\"es_ES\" \/>\n<meta property=\"og:type\" content=\"article\" \/>\n<meta property=\"og:title\" content=\"Patinete El\u00e9ctrico Ecoxtrem M41 Tank Dual Motor | 360Scooters\" \/>\n<meta property=\"og:description\" content=\"Descubre el patinete el\u00e9ctrico Ecoxtrem M41 Tank Dual Motor con 2000W, bater\u00eda de 48V y 50 km de autonom\u00eda. Potente, robusto y certificado por la DGT.\" \/>\n<meta property=\"og:url\" content=\"https:\/\/360scooters.com\/es\/producto\/patinete-electrico-ecoxtrem-m41-tank-dual-motor\/\" \/>\n<meta property=\"og:site_name\" content=\"360Scooters | Tienda-taller de patinetes el\u00e9ctricos\" \/>\n<meta property=\"article:modified_time\" content=\"2026-03-20T18:41:27+00:00\" \/>\n<meta property=\"og:image\" content=\"https:\/\/360scooters.com\/es\/wp-content\/uploads\/sites\/2\/2025\/08\/patinete_fondo_negro_industrial_sin_halo.png\" \/>\n\t<meta property=\"og:image:width\" content=\"1024\" \/>\n\t<meta property=\"og:image:height\" content=\"1024\" \/>\n\t<meta property=\"og:image:type\" content=\"image\/png\" \/>\n<meta name=\"twitter:card\" content=\"summary_large_image\" \/>\n<meta name=\"twitter:label1\" content=\"Tiempo de lectura\" \/>\n\t<meta name=\"twitter:data1\" content=\"3 minutos\" \/>\n<script type=\"application\/ld+json\" class=\"yoast-schema-graph\">{\"@context\":\"https:\/\/schema.org\",\"@graph\":[{\"@type\":\"WebPage\",\"@id\":\"https:\/\/360scooters.com\/es\/producto\/patinete-electrico-ecoxtrem-m41-tank-dual-motor\/\",\"url\":\"https:\/\/360scooters.com\/es\/producto\/patinete-electrico-ecoxtrem-m41-tank-dual-motor\/\",\"name\":\"Patinete El\u00e9ctrico Ecoxtrem M41 Tank Dual Motor | 360Scooters\",\"isPartOf\":{\"@id\":\"https:\/\/360scooters.com\/es\/#website\"},\"primaryImageOfPage\":{\"@id\":\"https:\/\/360scooters.com\/es\/producto\/patinete-electrico-ecoxtrem-m41-tank-dual-motor\/#primaryimage\"},\"image\":{\"@id\":\"https:\/\/360scooters.com\/es\/producto\/patinete-electrico-ecoxtrem-m41-tank-dual-motor\/#primaryimage\"},\"thumbnailUrl\":\"https:\/\/360scooters.com\/es\/wp-content\/uploads\/sites\/2\/2025\/08\/patinete_fondo_negro_industrial_sin_halo.png\",\"datePublished\":\"2026-03-03T22:20:41+00:00\",\"dateModified\":\"2026-03-20T18:41:27+00:00\",\"description\":\"Descubre el patinete el\u00e9ctrico Ecoxtrem M41 Tank Dual Motor con 2000W, bater\u00eda de 48V y 50 km de autonom\u00eda. Potente, robusto y certificado por la DGT.\",\"breadcrumb\":{\"@id\":\"https:\/\/360scooters.com\/es\/producto\/patinete-electrico-ecoxtrem-m41-tank-dual-motor\/#breadcrumb\"},\"inLanguage\":\"es\",\"potentialAction\":[{\"@type\":\"ReadAction\",\"target\":[\"https:\/\/360scooters.com\/es\/producto\/patinete-electrico-ecoxtrem-m41-tank-dual-motor\/\"]}]},{\"@type\":\"ImageObject\",\"inLanguage\":\"es\",\"@id\":\"https:\/\/360scooters.com\/es\/producto\/patinete-electrico-ecoxtrem-m41-tank-dual-motor\/#primaryimage\",\"url\":\"https:\/\/360scooters.com\/es\/wp-content\/uploads\/sites\/2\/2025\/08\/patinete_fondo_negro_industrial_sin_halo.png\",\"contentUrl\":\"https:\/\/360scooters.com\/es\/wp-content\/uploads\/sites\/2\/2025\/08\/patinete_fondo_negro_industrial_sin_halo.png\",\"width\":1024,\"height\":1024,\"caption\":\"Patinete El\u00e9ctrico Ecoxtrem M41 Tank Dual Motor\"},{\"@type\":\"BreadcrumbList\",\"@id\":\"https:\/\/360scooters.com\/es\/producto\/patinete-electrico-ecoxtrem-m41-tank-dual-motor\/#breadcrumb\",\"itemListElement\":[{\"@type\":\"ListItem\",\"position\":1,\"name\":\"Portada\",\"item\":\"https:\/\/360scooters.com\/es\/\"},{\"@type\":\"ListItem\",\"position\":2,\"name\":\"Tienda\",\"item\":\"https:\/\/360scooters.com\/es\/tienda\/\"},{\"@type\":\"ListItem\",\"position\":3,\"name\":\"Patinete El\u00e9ctrico Ecoxtrem M41 Tank Dual Motor (frenos hidr\u00e1ulicos)\"}]},{\"@type\":\"WebSite\",\"@id\":\"https:\/\/360scooters.com\/es\/#website\",\"url\":\"https:\/\/360scooters.com\/es\/\",\"name\":\"360Scooters - Patinetes el\u00e9ctricos en Pen\u00ednsula y Baleares - Patinetes Madrid - Patinetes Alicante - Patinetes Barcelona\",\"description\":\"\",\"publisher\":{\"@id\":\"https:\/\/360scooters.com\/es\/#organization\"},\"potentialAction\":[{\"@type\":\"SearchAction\",\"target\":{\"@type\":\"EntryPoint\",\"urlTemplate\":\"https:\/\/360scooters.com\/es\/?s={search_term_string}\"},\"query-input\":{\"@type\":\"PropertyValueSpecification\",\"valueRequired\":true,\"valueName\":\"search_term_string\"}}],\"inLanguage\":\"es\"},{\"@type\":\"Organization\",\"@id\":\"https:\/\/360scooters.com\/es\/#organization\",\"name\":\"360Scooters - Patinetes el\u00e9ctricos en Pen\u00ednsula y Baleares - Patinetes Madrid - Patinetes Alicante - Patinetes Barcelona\",\"url\":\"https:\/\/360scooters.com\/es\/\",\"logo\":{\"@type\":\"ImageObject\",\"inLanguage\":\"es\",\"@id\":\"https:\/\/360scooters.com\/es\/#\/schema\/logo\/image\/\",\"url\":\"https:\/\/360scooters.com\/es\/wp-content\/uploads\/sites\/2\/2024\/02\/logo-claimweb-e1727166047230.png\",\"contentUrl\":\"https:\/\/360scooters.com\/es\/wp-content\/uploads\/sites\/2\/2024\/02\/logo-claimweb-e1727166047230.png\",\"width\":214,\"height\":54,\"caption\":\"360Scooters - Patinetes el\u00e9ctricos en Pen\u00ednsula y Baleares - Patinetes Madrid - Patinetes Alicante - Patinetes Barcelona\"},\"image\":{\"@id\":\"https:\/\/360scooters.com\/es\/#\/schema\/logo\/image\/\"}}]}<\/script>\n<!-- \/ Yoast SEO plugin. -->","yoast_head_json":{"title":"Patinete El\u00e9ctrico Ecoxtrem M41 Tank Dual Motor | 360Scooters","description":"Descubre el patinete el\u00e9ctrico Ecoxtrem M41 Tank Dual Motor con 2000W, bater\u00eda de 48V y 50 km de autonom\u00eda. Potente, robusto y certificado por la DGT.","robots":{"index":"index","follow":"follow","max-snippet":"max-snippet:-1","max-image-preview":"max-image-preview:large","max-video-preview":"max-video-preview:-1"},"canonical":"https:\/\/360scooters.com\/es\/producto\/patinete-electrico-ecoxtrem-m41-tank-dual-motor\/","og_locale":"es_ES","og_type":"article","og_title":"Patinete El\u00e9ctrico Ecoxtrem M41 Tank Dual Motor | 360Scooters","og_description":"Descubre el patinete el\u00e9ctrico Ecoxtrem M41 Tank Dual Motor con 2000W, bater\u00eda de 48V y 50 km de autonom\u00eda. Potente, robusto y certificado por la DGT.","og_url":"https:\/\/360scooters.com\/es\/producto\/patinete-electrico-ecoxtrem-m41-tank-dual-motor\/","og_site_name":"360Scooters | Tienda-taller de patinetes el\u00e9ctricos","article_modified_time":"2026-03-20T18:41:27+00:00","og_image":[{"width":1024,"height":1024,"url":"https:\/\/360scooters.com\/es\/wp-content\/uploads\/sites\/2\/2025\/08\/patinete_fondo_negro_industrial_sin_halo.png","type":"image\/png"}],"twitter_card":"summary_large_image","twitter_misc":{"Tiempo de lectura":"3 minutos"},"schema":{"@context":"https:\/\/schema.org","@graph":[{"@type":"WebPage","@id":"https:\/\/360scooters.com\/es\/producto\/patinete-electrico-ecoxtrem-m41-tank-dual-motor\/","url":"https:\/\/360scooters.com\/es\/producto\/patinete-electrico-ecoxtrem-m41-tank-dual-motor\/","name":"Patinete El\u00e9ctrico Ecoxtrem M41 Tank Dual Motor | 360Scooters","isPartOf":{"@id":"https:\/\/360scooters.com\/es\/#website"},"primaryImageOfPage":{"@id":"https:\/\/360scooters.com\/es\/producto\/patinete-electrico-ecoxtrem-m41-tank-dual-motor\/#primaryimage"},"image":{"@id":"https:\/\/360scooters.com\/es\/producto\/patinete-electrico-ecoxtrem-m41-tank-dual-motor\/#primaryimage"},"thumbnailUrl":"https:\/\/360scooters.com\/es\/wp-content\/uploads\/sites\/2\/2025\/08\/patinete_fondo_negro_industrial_sin_halo.png","datePublished":"2026-03-03T22:20:41+00:00","dateModified":"2026-03-20T18:41:27+00:00","description":"Descubre el patinete el\u00e9ctrico Ecoxtrem M41 Tank Dual Motor con 2000W, bater\u00eda de 48V y 50 km de autonom\u00eda. Potente, robusto y certificado por la DGT.","breadcrumb":{"@id":"https:\/\/360scooters.com\/es\/producto\/patinete-electrico-ecoxtrem-m41-tank-dual-motor\/#breadcrumb"},"inLanguage":"es","potentialAction":[{"@type":"ReadAction","target":["https:\/\/360scooters.com\/es\/producto\/patinete-electrico-ecoxtrem-m41-tank-dual-motor\/"]}]},{"@type":"ImageObject","inLanguage":"es","@id":"https:\/\/360scooters.com\/es\/producto\/patinete-electrico-ecoxtrem-m41-tank-dual-motor\/#primaryimage","url":"https:\/\/360scooters.com\/es\/wp-content\/uploads\/sites\/2\/2025\/08\/patinete_fondo_negro_industrial_sin_halo.png","contentUrl":"https:\/\/360scooters.com\/es\/wp-content\/uploads\/sites\/2\/2025\/08\/patinete_fondo_negro_industrial_sin_halo.png","width":1024,"height":1024,"caption":"Patinete El\u00e9ctrico Ecoxtrem M41 Tank Dual Motor"},{"@type":"BreadcrumbList","@id":"https:\/\/360scooters.com\/es\/producto\/patinete-electrico-ecoxtrem-m41-tank-dual-motor\/#breadcrumb","itemListElement":[{"@type":"ListItem","position":1,"name":"Portada","item":"https:\/\/360scooters.com\/es\/"},{"@type":"ListItem","position":2,"name":"Tienda","item":"https:\/\/360scooters.com\/es\/tienda\/"},{"@type":"ListItem","position":3,"name":"Patinete El\u00e9ctrico Ecoxtrem M41 Tank Dual Motor (frenos hidr\u00e1ulicos)"}]},{"@type":"WebSite","@id":"https:\/\/360scooters.com\/es\/#website","url":"https:\/\/360scooters.com\/es\/","name":"360Scooters - Patinetes el\u00e9ctricos en Pen\u00ednsula y Baleares - Patinetes Madrid - Patinetes Alicante - Patinetes Barcelona","description":"","publisher":{"@id":"https:\/\/360scooters.com\/es\/#organization"},"potentialAction":[{"@type":"SearchAction","target":{"@type":"EntryPoint","urlTemplate":"https:\/\/360scooters.com\/es\/?s={search_term_string}"},"query-input":{"@type":"PropertyValueSpecification","valueRequired":true,"valueName":"search_term_string"}}],"inLanguage":"es"},{"@type":"Organization","@id":"https:\/\/360scooters.com\/es\/#organization","name":"360Scooters - Patinetes el\u00e9ctricos en Pen\u00ednsula y Baleares - Patinetes Madrid - Patinetes Alicante - Patinetes Barcelona","url":"https:\/\/360scooters.com\/es\/","logo":{"@type":"ImageObject","inLanguage":"es","@id":"https:\/\/360scooters.com\/es\/#\/schema\/logo\/image\/","url":"https:\/\/360scooters.com\/es\/wp-content\/uploads\/sites\/2\/2024\/02\/logo-claimweb-e1727166047230.png","contentUrl":"https:\/\/360scooters.com\/es\/wp-content\/uploads\/sites\/2\/2024\/02\/logo-claimweb-e1727166047230.png","width":214,"height":54,"caption":"360Scooters - Patinetes el\u00e9ctricos en Pen\u00ednsula y Baleares - Patinetes Madrid - Patinetes Alicante - Patinetes Barcelona"},"image":{"@id":"https:\/\/360scooters.com\/es\/#\/schema\/logo\/image\/"}}]}},"_links":{"self":[{"href":"https:\/\/360scooters.com\/es\/wp-json\/wp\/v2\/product\/8398","targetHints":{"allow":["GET"]}}],"collection":[{"href":"https:\/\/360scooters.com\/es\/wp-json\/wp\/v2\/product"}],"about":[{"href":"https:\/\/360scooters.com\/es\/wp-json\/wp\/v2\/types\/product"}],"version-history":[{"count":11,"href":"https:\/\/360scooters.com\/es\/wp-json\/wp\/v2\/product\/8398\/revisions"}],"predecessor-version":[{"id":11977,"href":"https:\/\/360scooters.com\/es\/wp-json\/wp\/v2\/product\/8398\/revisions\/11977"}],"wp:featuredmedia":[{"embeddable":true,"href":"https:\/\/360scooters.com\/es\/wp-json\/wp\/v2\/media\/11974"}],"wp:attachment":[{"href":"https:\/\/360scooters.com\/es\/wp-json\/wp\/v2\/media?parent=8398"}],"wp:term":[{"taxonomy":"product_brand","embeddable":true,"href":"https:\/\/360scooters.com\/es\/wp-json\/wp\/v2\/product_brand?post=8398"},{"taxonomy":"product_cat","embeddable":true,"href":"https:\/\/360scooters.com\/es\/wp-json\/wp\/v2\/product_cat?post=8398"},{"taxonomy":"product_tag","embeddable":true,"href":"https:\/\/360scooters.com\/es\/wp-json\/wp\/v2\/product_tag?post=8398"},{"taxonomy":"scooter_compatibility","embeddable":true,"href":"https:\/\/360scooters.com\/es\/wp-json\/wp\/v2\/scooter_compatibility?post=8398"}],"curies":[{"name":"wp","href":"https:\/\/api.w.org\/{rel}","templated":true}]}}