{"id":8253,"date":"2025-07-24T16:18:35","date_gmt":"2025-07-24T14:18:35","guid":{"rendered":"https:\/\/360scooters.com\/es\/?post_type=product&#038;p=8253"},"modified":"2025-08-05T16:37:54","modified_gmt":"2025-08-05T14:37:54","slug":"vinilo-rockway-evo-hoonigan-purple","status":"publish","type":"product","link":"https:\/\/360scooters.com\/es\/producto\/vinilo-rockway-evo-hoonigan-purple\/","title":{"rendered":"Vinilo Rockway EVO \u2013 Hoonigan Purple"},"content":{"rendered":"<h3 data-start=\"163\" data-end=\"233\">\ud83c\udfa8 Vinilo Rockway EVO Hoonigan Purple \u2013 Dale actitud a tu patinete<\/h3>\n<p data-start=\"235\" data-end=\"566\">Si tienes un patinete <strong data-start=\"257\" data-end=\"282\">SmartGyro Rockway EVO<\/strong> y est\u00e1s buscando personalizarlo con un estilo radical y rompedor, el <strong data-start=\"352\" data-end=\"378\">vinilo Hoonigan Purple<\/strong> es justo lo que necesitas. Este dise\u00f1o exclusivo de 360Scooters combina tonos morados con detalles agresivos y deportivos para transformar tu patinete en una aut\u00e9ntica m\u00e1quina de actitud.<\/p>\n<p data-start=\"568\" data-end=\"852\">Fabricado en vinilo de alta calidad, resistente al agua, al sol y a los roces del d\u00eda a d\u00eda, este kit est\u00e1 dise\u00f1ado a medida para adaptarse perfectamente al chasis del Rockway EVO. La instalaci\u00f3n es sencilla y puedes hacerlo t\u00fa mismo en casa, sin necesidad de herramientas especiales.<\/p>\n<p data-start=\"854\" data-end=\"1163\">El <strong data-start=\"857\" data-end=\"895\">vinilo Rockway EVO Hoonigan Purple<\/strong> no solo es una forma de destacar visualmente, sino tambi\u00e9n de proteger la pintura original del patinete de ara\u00f1azos, roces y desgaste. Cada pieza del kit est\u00e1 precortada con precisi\u00f3n para facilitar el montaje, asegurando una cobertura total y un acabado profesional.<\/p>\n<p data-start=\"1165\" data-end=\"1405\">\u00bfLo mejor? Es compatible exclusivamente con el modelo <strong data-start=\"1219\" data-end=\"1234\">Rockway EVO<\/strong>, por lo que puedes estar seguro de que el ajuste ser\u00e1 perfecto. Si quieres darle una segunda vida a tu patinete o simplemente hacerlo \u00fanico, esta es la opci\u00f3n definitiva.<\/p>\n<p data-start=\"1407\" data-end=\"1611\">\u2705 Dise\u00f1o exclusivo Hoonigan Purple<br data-start=\"1441\" data-end=\"1444\" \/>\u2705 Protecci\u00f3n UV y resistencia al agua<br data-start=\"1481\" data-end=\"1484\" \/>\u2705 F\u00e1cil instalaci\u00f3n en casa<br data-start=\"1511\" data-end=\"1514\" \/>\u2705 Corte espec\u00edfico para SmartGyro Rockway EVO<br data-start=\"1559\" data-end=\"1562\" \/>\u2705 Mejora est\u00e9tica y protecci\u00f3n en una sola acci\u00f3n<\/p>\n<p data-start=\"1613\" data-end=\"1729\">No te conformes con tener el mismo patinete que todos. Dale tu toque, hazlo tuyo y haz que se note en cada trayecto.<\/p>\n","protected":false},"excerpt":{"rendered":"<p data-start=\"1774\" data-end=\"1970\">Vinilo Rockway EVO Hoonigan Purple exclusivo de 360Scooters. Dale un estilo radical a tu patinete con este dise\u00f1o morado agresivo y protege el chasis con vinilo resistente al sol, agua y ara\u00f1azos.<\/p>\n","protected":false},"featured_media":8256,"template":"","meta":[],"product_brand":[],"product_cat":[273],"product_tag":[],"scooter_compatibility":[],"class_list":{"0":"post-8253","1":"product","2":"type-product","3":"status-publish","4":"has-post-thumbnail","6":"product_cat-vinilos-rockway-evo","7":"pa_marca-stylish-scooters","9":"first","10":"instock","11":"taxable","12":"shipping-taxable","13":"purchasable","14":"product-type-variable"},"yoast_head":"<!-- This site is optimized with the Yoast SEO plugin v26.9 - https:\/\/yoast.com\/product\/yoast-seo-wordpress\/ -->\n<title>Vinilo Rockway EVO Hoonigan Purple | 360Scooters<\/title>\n<meta name=\"description\" content=\"Personaliza tu SmartGyro Rockway EVO con el vinilo Hoonigan Purple. Dise\u00f1o exclusivo de 360Scooters. Protecci\u00f3n y estilo en un solo kit.\" \/>\n<meta name=\"robots\" content=\"index, follow, max-snippet:-1, max-image-preview:large, max-video-preview:-1\" \/>\n<link rel=\"canonical\" href=\"https:\/\/360scooters.com\/es\/producto\/vinilo-rockway-evo-hoonigan-purple\/\" \/>\n<meta property=\"og:locale\" content=\"es_ES\" \/>\n<meta property=\"og:type\" content=\"article\" \/>\n<meta property=\"og:title\" content=\"Vinilo Rockway EVO Hoonigan Purple | 360Scooters\" \/>\n<meta property=\"og:description\" content=\"Personaliza tu SmartGyro Rockway EVO con el vinilo Hoonigan Purple. Dise\u00f1o exclusivo de 360Scooters. Protecci\u00f3n y estilo en un solo kit.\" \/>\n<meta property=\"og:url\" content=\"https:\/\/360scooters.com\/es\/producto\/vinilo-rockway-evo-hoonigan-purple\/\" \/>\n<meta property=\"og:site_name\" content=\"360Scooters | Tienda-taller de patinetes el\u00e9ctricos\" \/>\n<meta property=\"article:modified_time\" content=\"2025-08-05T14:37:54+00:00\" \/>\n<meta property=\"og:image\" content=\"https:\/\/360scooters.com\/es\/wp-content\/uploads\/sites\/2\/2025\/07\/ROCKWAY-EVO-HOONIGAN-PURPLE-CBASE.png\" \/>\n\t<meta property=\"og:image:width\" content=\"1500\" \/>\n\t<meta property=\"og:image:height\" content=\"1500\" \/>\n\t<meta property=\"og:image:type\" content=\"image\/png\" \/>\n<meta name=\"twitter:card\" content=\"summary_large_image\" \/>\n<meta name=\"twitter:label1\" content=\"Tiempo de lectura\" \/>\n\t<meta name=\"twitter:data1\" content=\"2 minutos\" \/>\n<script type=\"application\/ld+json\" class=\"yoast-schema-graph\">{\"@context\":\"https:\/\/schema.org\",\"@graph\":[{\"@type\":\"WebPage\",\"@id\":\"https:\/\/360scooters.com\/es\/producto\/vinilo-rockway-evo-hoonigan-purple\/\",\"url\":\"https:\/\/360scooters.com\/es\/producto\/vinilo-rockway-evo-hoonigan-purple\/\",\"name\":\"Vinilo Rockway EVO Hoonigan Purple | 360Scooters\",\"isPartOf\":{\"@id\":\"https:\/\/360scooters.com\/es\/#website\"},\"primaryImageOfPage\":{\"@id\":\"https:\/\/360scooters.com\/es\/producto\/vinilo-rockway-evo-hoonigan-purple\/#primaryimage\"},\"image\":{\"@id\":\"https:\/\/360scooters.com\/es\/producto\/vinilo-rockway-evo-hoonigan-purple\/#primaryimage\"},\"thumbnailUrl\":\"https:\/\/360scooters.com\/es\/wp-content\/uploads\/sites\/2\/2025\/07\/ROCKWAY-EVO-HOONIGAN-PURPLE-CBASE.png\",\"datePublished\":\"2025-07-24T14:18:35+00:00\",\"dateModified\":\"2025-08-05T14:37:54+00:00\",\"description\":\"Personaliza tu SmartGyro Rockway EVO con el vinilo Hoonigan Purple. Dise\u00f1o exclusivo de 360Scooters. Protecci\u00f3n y estilo en un solo kit.\",\"breadcrumb\":{\"@id\":\"https:\/\/360scooters.com\/es\/producto\/vinilo-rockway-evo-hoonigan-purple\/#breadcrumb\"},\"inLanguage\":\"es\",\"potentialAction\":[{\"@type\":\"ReadAction\",\"target\":[\"https:\/\/360scooters.com\/es\/producto\/vinilo-rockway-evo-hoonigan-purple\/\"]}]},{\"@type\":\"ImageObject\",\"inLanguage\":\"es\",\"@id\":\"https:\/\/360scooters.com\/es\/producto\/vinilo-rockway-evo-hoonigan-purple\/#primaryimage\",\"url\":\"https:\/\/360scooters.com\/es\/wp-content\/uploads\/sites\/2\/2025\/07\/ROCKWAY-EVO-HOONIGAN-PURPLE-CBASE.png\",\"contentUrl\":\"https:\/\/360scooters.com\/es\/wp-content\/uploads\/sites\/2\/2025\/07\/ROCKWAY-EVO-HOONIGAN-PURPLE-CBASE.png\",\"width\":1500,\"height\":1500,\"caption\":\"Vinilo Rockway EVO \u2013 Hoonigan Purple\"},{\"@type\":\"BreadcrumbList\",\"@id\":\"https:\/\/360scooters.com\/es\/producto\/vinilo-rockway-evo-hoonigan-purple\/#breadcrumb\",\"itemListElement\":[{\"@type\":\"ListItem\",\"position\":1,\"name\":\"Portada\",\"item\":\"https:\/\/360scooters.com\/es\/\"},{\"@type\":\"ListItem\",\"position\":2,\"name\":\"Tienda\",\"item\":\"https:\/\/360scooters.com\/es\/tienda\/\"},{\"@type\":\"ListItem\",\"position\":3,\"name\":\"Vinilo Rockway EVO \u2013 Hoonigan Purple\"}]},{\"@type\":\"WebSite\",\"@id\":\"https:\/\/360scooters.com\/es\/#website\",\"url\":\"https:\/\/360scooters.com\/es\/\",\"name\":\"360Scooters - Patinetes el\u00e9ctricos en Pen\u00ednsula y Baleares - Patinetes Madrid - Patinetes Alicante - Patinetes Barcelona\",\"description\":\"\",\"publisher\":{\"@id\":\"https:\/\/360scooters.com\/es\/#organization\"},\"potentialAction\":[{\"@type\":\"SearchAction\",\"target\":{\"@type\":\"EntryPoint\",\"urlTemplate\":\"https:\/\/360scooters.com\/es\/?s={search_term_string}\"},\"query-input\":{\"@type\":\"PropertyValueSpecification\",\"valueRequired\":true,\"valueName\":\"search_term_string\"}}],\"inLanguage\":\"es\"},{\"@type\":\"Organization\",\"@id\":\"https:\/\/360scooters.com\/es\/#organization\",\"name\":\"360Scooters - Patinetes el\u00e9ctricos en Pen\u00ednsula y Baleares - Patinetes Madrid - Patinetes Alicante - Patinetes Barcelona\",\"url\":\"https:\/\/360scooters.com\/es\/\",\"logo\":{\"@type\":\"ImageObject\",\"inLanguage\":\"es\",\"@id\":\"https:\/\/360scooters.com\/es\/#\/schema\/logo\/image\/\",\"url\":\"https:\/\/360scooters.com\/es\/wp-content\/uploads\/sites\/2\/2024\/02\/logo-claimweb-e1727166047230.png\",\"contentUrl\":\"https:\/\/360scooters.com\/es\/wp-content\/uploads\/sites\/2\/2024\/02\/logo-claimweb-e1727166047230.png\",\"width\":214,\"height\":54,\"caption\":\"360Scooters - Patinetes el\u00e9ctricos en Pen\u00ednsula y Baleares - Patinetes Madrid - Patinetes Alicante - Patinetes Barcelona\"},\"image\":{\"@id\":\"https:\/\/360scooters.com\/es\/#\/schema\/logo\/image\/\"}}]}<\/script>\n<!-- \/ Yoast SEO plugin. -->","yoast_head_json":{"title":"Vinilo Rockway EVO Hoonigan Purple | 360Scooters","description":"Personaliza tu SmartGyro Rockway EVO con el vinilo Hoonigan Purple. Dise\u00f1o exclusivo de 360Scooters. Protecci\u00f3n y estilo en un solo kit.","robots":{"index":"index","follow":"follow","max-snippet":"max-snippet:-1","max-image-preview":"max-image-preview:large","max-video-preview":"max-video-preview:-1"},"canonical":"https:\/\/360scooters.com\/es\/producto\/vinilo-rockway-evo-hoonigan-purple\/","og_locale":"es_ES","og_type":"article","og_title":"Vinilo Rockway EVO Hoonigan Purple | 360Scooters","og_description":"Personaliza tu SmartGyro Rockway EVO con el vinilo Hoonigan Purple. Dise\u00f1o exclusivo de 360Scooters. Protecci\u00f3n y estilo en un solo kit.","og_url":"https:\/\/360scooters.com\/es\/producto\/vinilo-rockway-evo-hoonigan-purple\/","og_site_name":"360Scooters | Tienda-taller de patinetes el\u00e9ctricos","article_modified_time":"2025-08-05T14:37:54+00:00","og_image":[{"width":1500,"height":1500,"url":"https:\/\/360scooters.com\/es\/wp-content\/uploads\/sites\/2\/2025\/07\/ROCKWAY-EVO-HOONIGAN-PURPLE-CBASE.png","type":"image\/png"}],"twitter_card":"summary_large_image","twitter_misc":{"Tiempo de lectura":"2 minutos"},"schema":{"@context":"https:\/\/schema.org","@graph":[{"@type":"WebPage","@id":"https:\/\/360scooters.com\/es\/producto\/vinilo-rockway-evo-hoonigan-purple\/","url":"https:\/\/360scooters.com\/es\/producto\/vinilo-rockway-evo-hoonigan-purple\/","name":"Vinilo Rockway EVO Hoonigan Purple | 360Scooters","isPartOf":{"@id":"https:\/\/360scooters.com\/es\/#website"},"primaryImageOfPage":{"@id":"https:\/\/360scooters.com\/es\/producto\/vinilo-rockway-evo-hoonigan-purple\/#primaryimage"},"image":{"@id":"https:\/\/360scooters.com\/es\/producto\/vinilo-rockway-evo-hoonigan-purple\/#primaryimage"},"thumbnailUrl":"https:\/\/360scooters.com\/es\/wp-content\/uploads\/sites\/2\/2025\/07\/ROCKWAY-EVO-HOONIGAN-PURPLE-CBASE.png","datePublished":"2025-07-24T14:18:35+00:00","dateModified":"2025-08-05T14:37:54+00:00","description":"Personaliza tu SmartGyro Rockway EVO con el vinilo Hoonigan Purple. Dise\u00f1o exclusivo de 360Scooters. Protecci\u00f3n y estilo en un solo kit.","breadcrumb":{"@id":"https:\/\/360scooters.com\/es\/producto\/vinilo-rockway-evo-hoonigan-purple\/#breadcrumb"},"inLanguage":"es","potentialAction":[{"@type":"ReadAction","target":["https:\/\/360scooters.com\/es\/producto\/vinilo-rockway-evo-hoonigan-purple\/"]}]},{"@type":"ImageObject","inLanguage":"es","@id":"https:\/\/360scooters.com\/es\/producto\/vinilo-rockway-evo-hoonigan-purple\/#primaryimage","url":"https:\/\/360scooters.com\/es\/wp-content\/uploads\/sites\/2\/2025\/07\/ROCKWAY-EVO-HOONIGAN-PURPLE-CBASE.png","contentUrl":"https:\/\/360scooters.com\/es\/wp-content\/uploads\/sites\/2\/2025\/07\/ROCKWAY-EVO-HOONIGAN-PURPLE-CBASE.png","width":1500,"height":1500,"caption":"Vinilo Rockway EVO \u2013 Hoonigan Purple"},{"@type":"BreadcrumbList","@id":"https:\/\/360scooters.com\/es\/producto\/vinilo-rockway-evo-hoonigan-purple\/#breadcrumb","itemListElement":[{"@type":"ListItem","position":1,"name":"Portada","item":"https:\/\/360scooters.com\/es\/"},{"@type":"ListItem","position":2,"name":"Tienda","item":"https:\/\/360scooters.com\/es\/tienda\/"},{"@type":"ListItem","position":3,"name":"Vinilo Rockway EVO \u2013 Hoonigan Purple"}]},{"@type":"WebSite","@id":"https:\/\/360scooters.com\/es\/#website","url":"https:\/\/360scooters.com\/es\/","name":"360Scooters - Patinetes el\u00e9ctricos en Pen\u00ednsula y Baleares - Patinetes Madrid - Patinetes Alicante - Patinetes Barcelona","description":"","publisher":{"@id":"https:\/\/360scooters.com\/es\/#organization"},"potentialAction":[{"@type":"SearchAction","target":{"@type":"EntryPoint","urlTemplate":"https:\/\/360scooters.com\/es\/?s={search_term_string}"},"query-input":{"@type":"PropertyValueSpecification","valueRequired":true,"valueName":"search_term_string"}}],"inLanguage":"es"},{"@type":"Organization","@id":"https:\/\/360scooters.com\/es\/#organization","name":"360Scooters - Patinetes el\u00e9ctricos en Pen\u00ednsula y Baleares - Patinetes Madrid - Patinetes Alicante - Patinetes Barcelona","url":"https:\/\/360scooters.com\/es\/","logo":{"@type":"ImageObject","inLanguage":"es","@id":"https:\/\/360scooters.com\/es\/#\/schema\/logo\/image\/","url":"https:\/\/360scooters.com\/es\/wp-content\/uploads\/sites\/2\/2024\/02\/logo-claimweb-e1727166047230.png","contentUrl":"https:\/\/360scooters.com\/es\/wp-content\/uploads\/sites\/2\/2024\/02\/logo-claimweb-e1727166047230.png","width":214,"height":54,"caption":"360Scooters - Patinetes el\u00e9ctricos en Pen\u00ednsula y Baleares - Patinetes Madrid - Patinetes Alicante - Patinetes Barcelona"},"image":{"@id":"https:\/\/360scooters.com\/es\/#\/schema\/logo\/image\/"}}]}},"_links":{"self":[{"href":"https:\/\/360scooters.com\/es\/wp-json\/wp\/v2\/product\/8253","targetHints":{"allow":["GET"]}}],"collection":[{"href":"https:\/\/360scooters.com\/es\/wp-json\/wp\/v2\/product"}],"about":[{"href":"https:\/\/360scooters.com\/es\/wp-json\/wp\/v2\/types\/product"}],"version-history":[{"count":2,"href":"https:\/\/360scooters.com\/es\/wp-json\/wp\/v2\/product\/8253\/revisions"}],"predecessor-version":[{"id":8424,"href":"https:\/\/360scooters.com\/es\/wp-json\/wp\/v2\/product\/8253\/revisions\/8424"}],"wp:featuredmedia":[{"embeddable":true,"href":"https:\/\/360scooters.com\/es\/wp-json\/wp\/v2\/media\/8256"}],"wp:attachment":[{"href":"https:\/\/360scooters.com\/es\/wp-json\/wp\/v2\/media?parent=8253"}],"wp:term":[{"taxonomy":"product_brand","embeddable":true,"href":"https:\/\/360scooters.com\/es\/wp-json\/wp\/v2\/product_brand?post=8253"},{"taxonomy":"product_cat","embeddable":true,"href":"https:\/\/360scooters.com\/es\/wp-json\/wp\/v2\/product_cat?post=8253"},{"taxonomy":"product_tag","embeddable":true,"href":"https:\/\/360scooters.com\/es\/wp-json\/wp\/v2\/product_tag?post=8253"},{"taxonomy":"scooter_compatibility","embeddable":true,"href":"https:\/\/360scooters.com\/es\/wp-json\/wp\/v2\/scooter_compatibility?post=8253"}],"curies":[{"name":"wp","href":"https:\/\/api.w.org\/{rel}","templated":true}]}}