{"id":8075,"date":"2025-07-16T17:56:02","date_gmt":"2025-07-16T15:56:02","guid":{"rendered":"https:\/\/360scooters.com\/es\/?post_type=product&#038;p=8075"},"modified":"2025-08-05T16:38:23","modified_gmt":"2025-08-05T14:38:23","slug":"vinilo-rockway-evo-hoonigan-dc","status":"publish","type":"product","link":"https:\/\/360scooters.com\/es\/producto\/vinilo-rockway-evo-hoonigan-dc\/","title":{"rendered":"Vinilo Rockway EVO \u2013 Hoonigan DC"},"content":{"rendered":"<p data-start=\"300\" data-end=\"602\">Dale un giro radical al estilo de tu patinete el\u00e9ctrico Smartgyro Rockway EVO con el nuevo <strong data-start=\"391\" data-end=\"428\">vinilo Hoonigan DC de 360Scooters<\/strong>. Dise\u00f1ado para los amantes de la est\u00e9tica m\u00e1s racing y agresiva, este vinilo es mucho m\u00e1s que un simple accesorio visual: es una declaraci\u00f3n de intenciones sobre el asfalto.<\/p>\n<p data-start=\"604\" data-end=\"970\">Fabricado en material de alta resistencia, el <strong data-start=\"650\" data-end=\"684\">Vinilo Rockway EVO Hoonigan DC<\/strong> no solo aporta personalidad, sino que tambi\u00e9n protege el chasis de tu patinete frente a ara\u00f1azos, roces y el desgaste del uso diario. Su dise\u00f1o negro con detalles potentes y gr\u00e1ficos al estilo Hoonigan lo convierte en una elecci\u00f3n perfecta para quienes buscan un look urbano y rebelde.<\/p>\n<p data-start=\"972\" data-end=\"1299\">Su instalaci\u00f3n es r\u00e1pida y sencilla, sin necesidad de herramientas ni conocimientos t\u00e9cnicos. El adhesivo de calidad se ajusta perfectamente a las formas del Rockway EVO, garantizando una colocaci\u00f3n limpia y duradera. Adem\u00e1s, si en alg\u00fan momento quieres retirarlo o cambiarlo por otro dise\u00f1o, puedes hacerlo sin dejar residuos.<\/p>\n<p data-start=\"1301\" data-end=\"1539\">Este vinilo est\u00e1 pensado exclusivamente para el modelo Smartgyro Rockway EVO, por lo que el encaje es milim\u00e9trico. Ya sea que lo uses para moverte por la ciudad o para salir de ruta, este vinilo har\u00e1 que tu patinete no pase desapercibido.<\/p>\n<p data-start=\"1541\" data-end=\"1847\">Si quieres marcar la diferencia, el <strong data-start=\"1577\" data-end=\"1611\">Vinilo Rockway EVO Hoonigan DC<\/strong> es el complemento ideal. No solo mejora la est\u00e9tica, tambi\u00e9n refuerza la protecci\u00f3n del patinete, haciendo que luzca como nuevo por m\u00e1s tiempo. Disponible solo en 360Scooters, el estilo m\u00e1s salvaje est\u00e1 ahora al alcance de tu manillar.<\/p>\n","protected":false},"excerpt":{"rendered":"<p data-start=\"119\" data-end=\"274\">Dale un estilo ca\u00f1ero a tu Smartgyro Rockway EVO con el vinilo Hoonigan DC. Protege y personaliza tu patinete con este dise\u00f1o agresivo y f\u00e1cil de instalar.<\/p>\n","protected":false},"featured_media":8078,"template":"","meta":[],"product_brand":[],"product_cat":[273],"product_tag":[],"scooter_compatibility":[],"class_list":{"0":"post-8075","1":"product","2":"type-product","3":"status-publish","4":"has-post-thumbnail","6":"product_cat-vinilos-rockway-evo","7":"pa_marca-stylish-scooters","9":"first","10":"instock","11":"taxable","12":"shipping-taxable","13":"purchasable","14":"product-type-variable"},"yoast_head":"<!-- This site is optimized with the Yoast SEO plugin v26.9 - https:\/\/yoast.com\/product\/yoast-seo-wordpress\/ -->\n<title>Vinilo Rockway EVO Hoonigan DC | 360Scooters<\/title>\n<meta name=\"description\" content=\"Personaliza tu patinete Smartgyro Rockway EVO con el vinilo Hoonigan DC. Dise\u00f1o rompedor, f\u00e1cil instalaci\u00f3n y m\u00e1xima protecci\u00f3n. \u00a1Destaca en cada ruta!\" \/>\n<meta name=\"robots\" content=\"index, follow, max-snippet:-1, max-image-preview:large, max-video-preview:-1\" \/>\n<link rel=\"canonical\" href=\"https:\/\/360scooters.com\/es\/producto\/vinilo-rockway-evo-hoonigan-dc\/\" \/>\n<meta property=\"og:locale\" content=\"es_ES\" \/>\n<meta property=\"og:type\" content=\"article\" \/>\n<meta property=\"og:title\" content=\"Vinilo Rockway EVO Hoonigan DC | 360Scooters\" \/>\n<meta property=\"og:description\" content=\"Personaliza tu patinete Smartgyro Rockway EVO con el vinilo Hoonigan DC. Dise\u00f1o rompedor, f\u00e1cil instalaci\u00f3n y m\u00e1xima protecci\u00f3n. \u00a1Destaca en cada ruta!\" \/>\n<meta property=\"og:url\" content=\"https:\/\/360scooters.com\/es\/producto\/vinilo-rockway-evo-hoonigan-dc\/\" \/>\n<meta property=\"og:site_name\" content=\"360Scooters | Tienda-taller de patinetes el\u00e9ctricos\" \/>\n<meta property=\"article:modified_time\" content=\"2025-08-05T14:38:23+00:00\" \/>\n<meta property=\"og:image\" content=\"https:\/\/360scooters.com\/es\/wp-content\/uploads\/sites\/2\/2025\/07\/ROCKWAY-EVO-HOONIGAN-DC-CBASE.png\" \/>\n\t<meta property=\"og:image:width\" content=\"980\" \/>\n\t<meta property=\"og:image:height\" content=\"980\" \/>\n\t<meta property=\"og:image:type\" content=\"image\/png\" \/>\n<meta name=\"twitter:card\" content=\"summary_large_image\" \/>\n<meta name=\"twitter:label1\" content=\"Tiempo de lectura\" \/>\n\t<meta name=\"twitter:data1\" content=\"2 minutos\" \/>\n<script type=\"application\/ld+json\" class=\"yoast-schema-graph\">{\"@context\":\"https:\/\/schema.org\",\"@graph\":[{\"@type\":\"WebPage\",\"@id\":\"https:\/\/360scooters.com\/es\/producto\/vinilo-rockway-evo-hoonigan-dc\/\",\"url\":\"https:\/\/360scooters.com\/es\/producto\/vinilo-rockway-evo-hoonigan-dc\/\",\"name\":\"Vinilo Rockway EVO Hoonigan DC | 360Scooters\",\"isPartOf\":{\"@id\":\"https:\/\/360scooters.com\/es\/#website\"},\"primaryImageOfPage\":{\"@id\":\"https:\/\/360scooters.com\/es\/producto\/vinilo-rockway-evo-hoonigan-dc\/#primaryimage\"},\"image\":{\"@id\":\"https:\/\/360scooters.com\/es\/producto\/vinilo-rockway-evo-hoonigan-dc\/#primaryimage\"},\"thumbnailUrl\":\"https:\/\/360scooters.com\/es\/wp-content\/uploads\/sites\/2\/2025\/07\/ROCKWAY-EVO-HOONIGAN-DC-CBASE.png\",\"datePublished\":\"2025-07-16T15:56:02+00:00\",\"dateModified\":\"2025-08-05T14:38:23+00:00\",\"description\":\"Personaliza tu patinete Smartgyro Rockway EVO con el vinilo Hoonigan DC. Dise\u00f1o rompedor, f\u00e1cil instalaci\u00f3n y m\u00e1xima protecci\u00f3n. \u00a1Destaca en cada ruta!\",\"breadcrumb\":{\"@id\":\"https:\/\/360scooters.com\/es\/producto\/vinilo-rockway-evo-hoonigan-dc\/#breadcrumb\"},\"inLanguage\":\"es\",\"potentialAction\":[{\"@type\":\"ReadAction\",\"target\":[\"https:\/\/360scooters.com\/es\/producto\/vinilo-rockway-evo-hoonigan-dc\/\"]}]},{\"@type\":\"ImageObject\",\"inLanguage\":\"es\",\"@id\":\"https:\/\/360scooters.com\/es\/producto\/vinilo-rockway-evo-hoonigan-dc\/#primaryimage\",\"url\":\"https:\/\/360scooters.com\/es\/wp-content\/uploads\/sites\/2\/2025\/07\/ROCKWAY-EVO-HOONIGAN-DC-CBASE.png\",\"contentUrl\":\"https:\/\/360scooters.com\/es\/wp-content\/uploads\/sites\/2\/2025\/07\/ROCKWAY-EVO-HOONIGAN-DC-CBASE.png\",\"width\":980,\"height\":980,\"caption\":\"Vinilo Rockway EVO \u2013 Hoonigan DC\"},{\"@type\":\"BreadcrumbList\",\"@id\":\"https:\/\/360scooters.com\/es\/producto\/vinilo-rockway-evo-hoonigan-dc\/#breadcrumb\",\"itemListElement\":[{\"@type\":\"ListItem\",\"position\":1,\"name\":\"Portada\",\"item\":\"https:\/\/360scooters.com\/es\/\"},{\"@type\":\"ListItem\",\"position\":2,\"name\":\"Tienda\",\"item\":\"https:\/\/360scooters.com\/es\/tienda\/\"},{\"@type\":\"ListItem\",\"position\":3,\"name\":\"Vinilo Rockway EVO \u2013 Hoonigan DC\"}]},{\"@type\":\"WebSite\",\"@id\":\"https:\/\/360scooters.com\/es\/#website\",\"url\":\"https:\/\/360scooters.com\/es\/\",\"name\":\"360Scooters - Patinetes el\u00e9ctricos en Pen\u00ednsula y Baleares - Patinetes Madrid - Patinetes Alicante - Patinetes Barcelona\",\"description\":\"\",\"publisher\":{\"@id\":\"https:\/\/360scooters.com\/es\/#organization\"},\"potentialAction\":[{\"@type\":\"SearchAction\",\"target\":{\"@type\":\"EntryPoint\",\"urlTemplate\":\"https:\/\/360scooters.com\/es\/?s={search_term_string}\"},\"query-input\":{\"@type\":\"PropertyValueSpecification\",\"valueRequired\":true,\"valueName\":\"search_term_string\"}}],\"inLanguage\":\"es\"},{\"@type\":\"Organization\",\"@id\":\"https:\/\/360scooters.com\/es\/#organization\",\"name\":\"360Scooters - Patinetes el\u00e9ctricos en Pen\u00ednsula y Baleares - Patinetes Madrid - Patinetes Alicante - Patinetes Barcelona\",\"url\":\"https:\/\/360scooters.com\/es\/\",\"logo\":{\"@type\":\"ImageObject\",\"inLanguage\":\"es\",\"@id\":\"https:\/\/360scooters.com\/es\/#\/schema\/logo\/image\/\",\"url\":\"https:\/\/360scooters.com\/es\/wp-content\/uploads\/sites\/2\/2024\/02\/logo-claimweb-e1727166047230.png\",\"contentUrl\":\"https:\/\/360scooters.com\/es\/wp-content\/uploads\/sites\/2\/2024\/02\/logo-claimweb-e1727166047230.png\",\"width\":214,\"height\":54,\"caption\":\"360Scooters - Patinetes el\u00e9ctricos en Pen\u00ednsula y Baleares - Patinetes Madrid - Patinetes Alicante - Patinetes Barcelona\"},\"image\":{\"@id\":\"https:\/\/360scooters.com\/es\/#\/schema\/logo\/image\/\"}}]}<\/script>\n<!-- \/ Yoast SEO plugin. -->","yoast_head_json":{"title":"Vinilo Rockway EVO Hoonigan DC | 360Scooters","description":"Personaliza tu patinete Smartgyro Rockway EVO con el vinilo Hoonigan DC. Dise\u00f1o rompedor, f\u00e1cil instalaci\u00f3n y m\u00e1xima protecci\u00f3n. \u00a1Destaca en cada ruta!","robots":{"index":"index","follow":"follow","max-snippet":"max-snippet:-1","max-image-preview":"max-image-preview:large","max-video-preview":"max-video-preview:-1"},"canonical":"https:\/\/360scooters.com\/es\/producto\/vinilo-rockway-evo-hoonigan-dc\/","og_locale":"es_ES","og_type":"article","og_title":"Vinilo Rockway EVO Hoonigan DC | 360Scooters","og_description":"Personaliza tu patinete Smartgyro Rockway EVO con el vinilo Hoonigan DC. Dise\u00f1o rompedor, f\u00e1cil instalaci\u00f3n y m\u00e1xima protecci\u00f3n. \u00a1Destaca en cada ruta!","og_url":"https:\/\/360scooters.com\/es\/producto\/vinilo-rockway-evo-hoonigan-dc\/","og_site_name":"360Scooters | Tienda-taller de patinetes el\u00e9ctricos","article_modified_time":"2025-08-05T14:38:23+00:00","og_image":[{"width":980,"height":980,"url":"https:\/\/360scooters.com\/es\/wp-content\/uploads\/sites\/2\/2025\/07\/ROCKWAY-EVO-HOONIGAN-DC-CBASE.png","type":"image\/png"}],"twitter_card":"summary_large_image","twitter_misc":{"Tiempo de lectura":"2 minutos"},"schema":{"@context":"https:\/\/schema.org","@graph":[{"@type":"WebPage","@id":"https:\/\/360scooters.com\/es\/producto\/vinilo-rockway-evo-hoonigan-dc\/","url":"https:\/\/360scooters.com\/es\/producto\/vinilo-rockway-evo-hoonigan-dc\/","name":"Vinilo Rockway EVO Hoonigan DC | 360Scooters","isPartOf":{"@id":"https:\/\/360scooters.com\/es\/#website"},"primaryImageOfPage":{"@id":"https:\/\/360scooters.com\/es\/producto\/vinilo-rockway-evo-hoonigan-dc\/#primaryimage"},"image":{"@id":"https:\/\/360scooters.com\/es\/producto\/vinilo-rockway-evo-hoonigan-dc\/#primaryimage"},"thumbnailUrl":"https:\/\/360scooters.com\/es\/wp-content\/uploads\/sites\/2\/2025\/07\/ROCKWAY-EVO-HOONIGAN-DC-CBASE.png","datePublished":"2025-07-16T15:56:02+00:00","dateModified":"2025-08-05T14:38:23+00:00","description":"Personaliza tu patinete Smartgyro Rockway EVO con el vinilo Hoonigan DC. Dise\u00f1o rompedor, f\u00e1cil instalaci\u00f3n y m\u00e1xima protecci\u00f3n. \u00a1Destaca en cada ruta!","breadcrumb":{"@id":"https:\/\/360scooters.com\/es\/producto\/vinilo-rockway-evo-hoonigan-dc\/#breadcrumb"},"inLanguage":"es","potentialAction":[{"@type":"ReadAction","target":["https:\/\/360scooters.com\/es\/producto\/vinilo-rockway-evo-hoonigan-dc\/"]}]},{"@type":"ImageObject","inLanguage":"es","@id":"https:\/\/360scooters.com\/es\/producto\/vinilo-rockway-evo-hoonigan-dc\/#primaryimage","url":"https:\/\/360scooters.com\/es\/wp-content\/uploads\/sites\/2\/2025\/07\/ROCKWAY-EVO-HOONIGAN-DC-CBASE.png","contentUrl":"https:\/\/360scooters.com\/es\/wp-content\/uploads\/sites\/2\/2025\/07\/ROCKWAY-EVO-HOONIGAN-DC-CBASE.png","width":980,"height":980,"caption":"Vinilo Rockway EVO \u2013 Hoonigan DC"},{"@type":"BreadcrumbList","@id":"https:\/\/360scooters.com\/es\/producto\/vinilo-rockway-evo-hoonigan-dc\/#breadcrumb","itemListElement":[{"@type":"ListItem","position":1,"name":"Portada","item":"https:\/\/360scooters.com\/es\/"},{"@type":"ListItem","position":2,"name":"Tienda","item":"https:\/\/360scooters.com\/es\/tienda\/"},{"@type":"ListItem","position":3,"name":"Vinilo Rockway EVO \u2013 Hoonigan DC"}]},{"@type":"WebSite","@id":"https:\/\/360scooters.com\/es\/#website","url":"https:\/\/360scooters.com\/es\/","name":"360Scooters - Patinetes el\u00e9ctricos en Pen\u00ednsula y Baleares - Patinetes Madrid - Patinetes Alicante - Patinetes Barcelona","description":"","publisher":{"@id":"https:\/\/360scooters.com\/es\/#organization"},"potentialAction":[{"@type":"SearchAction","target":{"@type":"EntryPoint","urlTemplate":"https:\/\/360scooters.com\/es\/?s={search_term_string}"},"query-input":{"@type":"PropertyValueSpecification","valueRequired":true,"valueName":"search_term_string"}}],"inLanguage":"es"},{"@type":"Organization","@id":"https:\/\/360scooters.com\/es\/#organization","name":"360Scooters - Patinetes el\u00e9ctricos en Pen\u00ednsula y Baleares - Patinetes Madrid - Patinetes Alicante - Patinetes Barcelona","url":"https:\/\/360scooters.com\/es\/","logo":{"@type":"ImageObject","inLanguage":"es","@id":"https:\/\/360scooters.com\/es\/#\/schema\/logo\/image\/","url":"https:\/\/360scooters.com\/es\/wp-content\/uploads\/sites\/2\/2024\/02\/logo-claimweb-e1727166047230.png","contentUrl":"https:\/\/360scooters.com\/es\/wp-content\/uploads\/sites\/2\/2024\/02\/logo-claimweb-e1727166047230.png","width":214,"height":54,"caption":"360Scooters - Patinetes el\u00e9ctricos en Pen\u00ednsula y Baleares - Patinetes Madrid - Patinetes Alicante - Patinetes Barcelona"},"image":{"@id":"https:\/\/360scooters.com\/es\/#\/schema\/logo\/image\/"}}]}},"_links":{"self":[{"href":"https:\/\/360scooters.com\/es\/wp-json\/wp\/v2\/product\/8075","targetHints":{"allow":["GET"]}}],"collection":[{"href":"https:\/\/360scooters.com\/es\/wp-json\/wp\/v2\/product"}],"about":[{"href":"https:\/\/360scooters.com\/es\/wp-json\/wp\/v2\/types\/product"}],"version-history":[{"count":4,"href":"https:\/\/360scooters.com\/es\/wp-json\/wp\/v2\/product\/8075\/revisions"}],"predecessor-version":[{"id":8427,"href":"https:\/\/360scooters.com\/es\/wp-json\/wp\/v2\/product\/8075\/revisions\/8427"}],"wp:featuredmedia":[{"embeddable":true,"href":"https:\/\/360scooters.com\/es\/wp-json\/wp\/v2\/media\/8078"}],"wp:attachment":[{"href":"https:\/\/360scooters.com\/es\/wp-json\/wp\/v2\/media?parent=8075"}],"wp:term":[{"taxonomy":"product_brand","embeddable":true,"href":"https:\/\/360scooters.com\/es\/wp-json\/wp\/v2\/product_brand?post=8075"},{"taxonomy":"product_cat","embeddable":true,"href":"https:\/\/360scooters.com\/es\/wp-json\/wp\/v2\/product_cat?post=8075"},{"taxonomy":"product_tag","embeddable":true,"href":"https:\/\/360scooters.com\/es\/wp-json\/wp\/v2\/product_tag?post=8075"},{"taxonomy":"scooter_compatibility","embeddable":true,"href":"https:\/\/360scooters.com\/es\/wp-json\/wp\/v2\/scooter_compatibility?post=8075"}],"curies":[{"name":"wp","href":"https:\/\/api.w.org\/{rel}","templated":true}]}}