{"id":7876,"date":"2025-06-26T13:41:17","date_gmt":"2025-06-26T11:41:17","guid":{"rendered":"https:\/\/360scooters.com\/es\/?post_type=product&#038;p=7876"},"modified":"2025-10-16T21:52:45","modified_gmt":"2025-10-16T19:52:45","slug":"patinete-niu-kqi-100p","status":"publish","type":"product","link":"https:\/\/360scooters.com\/es\/producto\/patinete-niu-kqi-100p\/","title":{"rendered":"Patinete NIU KQi 100P"},"content":{"rendered":"<p data-start=\"72\" data-end=\"157\"><strong data-start=\"72\" data-end=\"157\">NIU KQi\u202f100P \u2013 Equilibrio perfecto entre seguridad, confort y conectividad urbana<\/strong><\/p>\n<p data-start=\"159\" data-end=\"235\"><span class=\"relative -mx-px my-[-0.2rem] rounded px-px py-[0.2rem] transition-colors duration-100 ease-in-out\">El <strong data-start=\"3\" data-end=\"19\">NIU KQi\u202f100P<\/strong> es un patinete urbano homologado y certificado en Espa\u00f1a, dise\u00f1ado para ofrecer un viaje estable, seguro y tecnol\u00f3gico. Equipado con un motor trasero de <strong data-start=\"173\" data-end=\"223\">300\u202fW nominal y hasta 600\u202fW de potencia m\u00e1xima<\/strong>, puede alcanzar los 25\u202fkm\/h y subir pendientes de hasta el <strong data-start=\"283\" data-end=\"290\" data-is-last-node=\"\">15%.<\/strong><\/span><\/p>\n<p data-start=\"237\" data-end=\"467\"><span class=\"relative -mx-px my-[-0.2rem] rounded px-px py-[0.2rem] transition-colors duration-100 ease-in-out\">Cuenta con una bater\u00eda <strong data-start=\"23\" data-end=\"70\">NIU ENERGY de litio de 48\u202fV 5,2\u202fAh (243\u202fWh)<\/strong>, que ofrece hasta <strong data-start=\"89\" data-end=\"111\">29\u202fkm de autonom\u00eda<\/strong> seg\u00fan fabricante<\/span>, <span class=\"relative -mx-px my-[-0.2rem] rounded px-px py-[0.2rem] transition-colors duration-100 ease-in-out\">y se recarga completamente en <strong data-start=\"30\" data-end=\"43\" data-is-last-node=\"\">5\u20136 horas<\/strong><\/span>. <span class=\"relative -mx-px my-[-0.2rem] rounded px-px py-[0.2rem] transition-colors duration-100 ease-in-out\">Su sistema de <strong data-start=\"14\" data-end=\"53\">suspensi\u00f3n hidr\u00e1ulica de doble tubo<\/strong> y neum\u00e1ticos XL de <strong data-start=\"73\" data-end=\"88\">9,5\u201d\u202f\u00d7\u202f2,3\u201d<\/strong> proporcionan una conducci\u00f3n c\u00f3moda y segura sobre superficies irregulares.<\/span><\/p>\n<p data-start=\"469\" data-end=\"628\"><span class=\"relative -mx-px my-[-0.2rem] rounded px-px py-[0.2rem] transition-colors duration-100 ease-in-out\">La seguridad es una prioridad: cuenta con freno de tambor delantero y regenerativo trasero, adem\u00e1s de <strong data-start=\"102\" data-end=\"162\" data-is-last-node=\"\">luces LED + intermitentes en manillar + reflectores 360\u00ba<\/strong><\/span>\u00a0. <span class=\"relative -mx-px my-[-0.2rem] rounded px-px py-[0.2rem] transition-colors duration-100 ease-in-out\">Todo ello con <strong data-start=\"14\" data-end=\"48\">estructura de acero automotriz<\/strong>, cables integrados y resistencia al agua grado <strong data-start=\"96\" data-end=\"104\" data-is-last-node=\"\">IP55<\/strong><\/span>.<\/p>\n<p data-start=\"630\" data-end=\"791\"><span class=\"relative -mx-px my-[-0.2rem] rounded px-px py-[0.2rem] transition-colors duration-100 ease-in-out\">Este patinete es <strong data-start=\"17\" data-end=\"38\">ligero y pr\u00e1ctico<\/strong>: pesa alrededor de <strong data-start=\"58\" data-end=\"67\">17\u202fkg<\/strong>, se pliega f\u00e1cilmente para transporte o almacenamiento<\/span>, <span class=\"relative -mx-px my-[-0.2rem] rounded px-px py-[0.2rem] transition-colors duration-100 ease-in-out\">y es compatible con la <strong data-start=\"23\" data-end=\"34\">app NIU<\/strong> para personalizar modos de conducci\u00f3n, control de anti\u2011robo, estad\u00edsticas y OTA.<\/span><\/p>\n<p data-start=\"793\" data-end=\"873\"><span class=\"relative -mx-px my-[-0.2rem] rounded px-px py-[0.2rem] transition-colors duration-100 ease-in-out\">Adem\u00e1s, est\u00e1 <strong data-start=\"13\" data-end=\"48\">homologado por la DGT en Espa\u00f1a<\/strong>, por lo que cumple con la normativa vigente para VMP<\/span>.<\/p>\n<p data-start=\"875\" data-end=\"1052\">El <strong data-start=\"878\" data-end=\"894\">NIU KQi\u202f100P<\/strong> ofrece una combinaci\u00f3n excepcional de <strong data-start=\"933\" data-end=\"974\">comodidad, rendimiento y conectividad<\/strong>, siendo una opci\u00f3n ideal para quien busca movilidad urbana segura y pr\u00e1ctica.<\/p>\n","protected":false},"excerpt":{"rendered":"<div id=\"product-description-short-8\" class=\"rte-content product-description\">\n<h4><img decoding=\"async\" class=\"alignnone size-full wp-image-3883\" src=\"https:\/\/360scooters.com\/es\/wp-content\/uploads\/sites\/2\/2023\/11\/VEHICULO-NO-CERTIFICADO-POR-LA-DGT-2.png\" alt=\"Patinete el\u00e9ctrico certificado por la DGT\" width=\"584\" height=\"84\" srcset=\"https:\/\/360scooters.com\/es\/wp-content\/uploads\/sites\/2\/2023\/11\/VEHICULO-NO-CERTIFICADO-POR-LA-DGT-2.png 584w, https:\/\/360scooters.com\/es\/wp-content\/uploads\/sites\/2\/2023\/11\/VEHICULO-NO-CERTIFICADO-POR-LA-DGT-2-300x43.png 300w\" sizes=\"(max-width: 584px) 100vw, 584px\" \/><\/h4>\n<p data-start=\"1087\" data-end=\"1304\"><strong data-start=\"1087\" data-end=\"1103\">NIU KQi\u202f100P<\/strong>: patinete el\u00e9ctrico urbano, certificado DGT, motor 300\u202fW (600\u202fW pico), bater\u00eda 48\u202fV 5,2\u202fAh \u2192 29\u202fkm, suspensi\u00f3n hidr\u00e1ulica, neum\u00e1ticos XL 9,5\u201d, frenos duales, luces + intermitentes, app NIU y plegable.<\/p>\n<\/div>\n<table>\n<tbody>\n<tr>\n<td><strong>Potencia nominal<br \/>\n<\/strong><\/td>\n<td>300W<\/td>\n<\/tr>\n<tr>\n<td><strong>Bater\u00eda<\/strong><\/td>\n<td>48v \u2013 5,2Ah<\/td>\n<\/tr>\n<tr>\n<td><strong>Velocidad<\/strong><\/td>\n<td>Hasta 25km\/h<\/td>\n<\/tr>\n<tr>\n<td><strong>Autonom\u00eda<\/strong><\/td>\n<td>Hasta 30km<\/td>\n<\/tr>\n<tr>\n<td><strong>Peso<\/strong><\/td>\n<td>21Kg<\/td>\n<\/tr>\n<tr>\n<td><strong>Tiempo de carga<\/strong><\/td>\n<td>5-6 H<\/td>\n<\/tr>\n<tr>\n<td><strong>Frenos<\/strong><\/td>\n<td>Freno tambor delantero<\/td>\n<\/tr>\n<\/tbody>\n<\/table>\n","protected":false},"featured_media":7877,"template":"","meta":[],"product_brand":[],"product_cat":[28],"product_tag":[],"scooter_compatibility":[],"class_list":{"0":"post-7876","1":"product","2":"type-product","3":"status-publish","4":"has-post-thumbnail","6":"product_cat-gama-ligera","7":"product_shipping_class-patinetes-electricos","8":"pa_marca-niu","10":"first","11":"outofstock","12":"sale","13":"taxable","14":"shipping-taxable","15":"purchasable","16":"product-type-simple"},"yoast_head":"<!-- This site is optimized with the Yoast SEO plugin v26.9 - https:\/\/yoast.com\/product\/yoast-seo-wordpress\/ -->\n<title>Patinete NIU KQi 100P - 360Scooters | Tienda-taller de patinetes el\u00e9ctricos<\/title>\n<meta name=\"robots\" content=\"index, follow, max-snippet:-1, max-image-preview:large, max-video-preview:-1\" \/>\n<link rel=\"canonical\" href=\"https:\/\/360scooters.com\/es\/producto\/patinete-niu-kqi-100p\/\" \/>\n<meta property=\"og:locale\" content=\"es_ES\" \/>\n<meta property=\"og:type\" content=\"article\" \/>\n<meta property=\"og:title\" content=\"Patinete NIU KQi 100P - 360Scooters | Tienda-taller de patinetes el\u00e9ctricos\" \/>\n<meta property=\"og:description\" content=\"NIU KQi\u202f100P: patinete el\u00e9ctrico urbano, certificado DGT, motor 300\u202fW (600\u202fW pico), bater\u00eda 48\u202fV 5,2\u202fAh \u2192 29\u202fkm, suspensi\u00f3n hidr\u00e1ulica, neum\u00e1ticos XL 9,5\u201d, frenos duales, luces + intermitentes, app NIU y plegable.      Potencia nominal  300W   Bater\u00eda 48v \u2013 5,2Ah   Velocidad Hasta 25km\/h   Autonom\u00eda Hasta 30km   Peso 21Kg   Tiempo de carga 5-6 H   Frenos Freno tambor delantero\" \/>\n<meta property=\"og:url\" content=\"https:\/\/360scooters.com\/es\/producto\/patinete-niu-kqi-100p\/\" \/>\n<meta property=\"og:site_name\" content=\"360Scooters | Tienda-taller de patinetes el\u00e9ctricos\" \/>\n<meta property=\"article:modified_time\" content=\"2025-10-16T19:52:45+00:00\" \/>\n<meta property=\"og:image\" content=\"https:\/\/360scooters.com\/es\/wp-content\/uploads\/sites\/2\/2025\/06\/19746_47e2a048-01c4-4c28-a14b-0806ab2bc924.webp\" \/>\n\t<meta property=\"og:image:width\" content=\"800\" \/>\n\t<meta property=\"og:image:height\" content=\"800\" \/>\n\t<meta property=\"og:image:type\" content=\"image\/webp\" \/>\n<meta name=\"twitter:card\" content=\"summary_large_image\" \/>\n<meta name=\"twitter:label1\" content=\"Tiempo de lectura\" \/>\n\t<meta name=\"twitter:data1\" content=\"2 minutos\" \/>\n<script type=\"application\/ld+json\" class=\"yoast-schema-graph\">{\"@context\":\"https:\/\/schema.org\",\"@graph\":[{\"@type\":\"WebPage\",\"@id\":\"https:\/\/360scooters.com\/es\/producto\/patinete-niu-kqi-100p\/\",\"url\":\"https:\/\/360scooters.com\/es\/producto\/patinete-niu-kqi-100p\/\",\"name\":\"Patinete NIU KQi 100P - 360Scooters | Tienda-taller de patinetes el\u00e9ctricos\",\"isPartOf\":{\"@id\":\"https:\/\/360scooters.com\/es\/#website\"},\"primaryImageOfPage\":{\"@id\":\"https:\/\/360scooters.com\/es\/producto\/patinete-niu-kqi-100p\/#primaryimage\"},\"image\":{\"@id\":\"https:\/\/360scooters.com\/es\/producto\/patinete-niu-kqi-100p\/#primaryimage\"},\"thumbnailUrl\":\"https:\/\/360scooters.com\/es\/wp-content\/uploads\/sites\/2\/2025\/06\/19746_47e2a048-01c4-4c28-a14b-0806ab2bc924.webp\",\"datePublished\":\"2025-06-26T11:41:17+00:00\",\"dateModified\":\"2025-10-16T19:52:45+00:00\",\"breadcrumb\":{\"@id\":\"https:\/\/360scooters.com\/es\/producto\/patinete-niu-kqi-100p\/#breadcrumb\"},\"inLanguage\":\"es\",\"potentialAction\":[{\"@type\":\"ReadAction\",\"target\":[\"https:\/\/360scooters.com\/es\/producto\/patinete-niu-kqi-100p\/\"]}]},{\"@type\":\"ImageObject\",\"inLanguage\":\"es\",\"@id\":\"https:\/\/360scooters.com\/es\/producto\/patinete-niu-kqi-100p\/#primaryimage\",\"url\":\"https:\/\/360scooters.com\/es\/wp-content\/uploads\/sites\/2\/2025\/06\/19746_47e2a048-01c4-4c28-a14b-0806ab2bc924.webp\",\"contentUrl\":\"https:\/\/360scooters.com\/es\/wp-content\/uploads\/sites\/2\/2025\/06\/19746_47e2a048-01c4-4c28-a14b-0806ab2bc924.webp\",\"width\":800,\"height\":800,\"caption\":\"Patinete NIU KQi 100P\"},{\"@type\":\"BreadcrumbList\",\"@id\":\"https:\/\/360scooters.com\/es\/producto\/patinete-niu-kqi-100p\/#breadcrumb\",\"itemListElement\":[{\"@type\":\"ListItem\",\"position\":1,\"name\":\"Portada\",\"item\":\"https:\/\/360scooters.com\/es\/\"},{\"@type\":\"ListItem\",\"position\":2,\"name\":\"Tienda\",\"item\":\"https:\/\/360scooters.com\/es\/tienda\/\"},{\"@type\":\"ListItem\",\"position\":3,\"name\":\"Patinete NIU KQi 100P\"}]},{\"@type\":\"WebSite\",\"@id\":\"https:\/\/360scooters.com\/es\/#website\",\"url\":\"https:\/\/360scooters.com\/es\/\",\"name\":\"360Scooters - Patinetes el\u00e9ctricos en Pen\u00ednsula y Baleares - Patinetes Madrid - Patinetes Alicante - Patinetes Barcelona\",\"description\":\"\",\"publisher\":{\"@id\":\"https:\/\/360scooters.com\/es\/#organization\"},\"potentialAction\":[{\"@type\":\"SearchAction\",\"target\":{\"@type\":\"EntryPoint\",\"urlTemplate\":\"https:\/\/360scooters.com\/es\/?s={search_term_string}\"},\"query-input\":{\"@type\":\"PropertyValueSpecification\",\"valueRequired\":true,\"valueName\":\"search_term_string\"}}],\"inLanguage\":\"es\"},{\"@type\":\"Organization\",\"@id\":\"https:\/\/360scooters.com\/es\/#organization\",\"name\":\"360Scooters - Patinetes el\u00e9ctricos en Pen\u00ednsula y Baleares - Patinetes Madrid - Patinetes Alicante - Patinetes Barcelona\",\"url\":\"https:\/\/360scooters.com\/es\/\",\"logo\":{\"@type\":\"ImageObject\",\"inLanguage\":\"es\",\"@id\":\"https:\/\/360scooters.com\/es\/#\/schema\/logo\/image\/\",\"url\":\"https:\/\/360scooters.com\/es\/wp-content\/uploads\/sites\/2\/2024\/02\/logo-claimweb-e1727166047230.png\",\"contentUrl\":\"https:\/\/360scooters.com\/es\/wp-content\/uploads\/sites\/2\/2024\/02\/logo-claimweb-e1727166047230.png\",\"width\":214,\"height\":54,\"caption\":\"360Scooters - Patinetes el\u00e9ctricos en Pen\u00ednsula y Baleares - Patinetes Madrid - Patinetes Alicante - Patinetes Barcelona\"},\"image\":{\"@id\":\"https:\/\/360scooters.com\/es\/#\/schema\/logo\/image\/\"}}]}<\/script>\n<!-- \/ Yoast SEO plugin. -->","yoast_head_json":{"title":"Patinete NIU KQi 100P - 360Scooters | Tienda-taller de patinetes el\u00e9ctricos","robots":{"index":"index","follow":"follow","max-snippet":"max-snippet:-1","max-image-preview":"max-image-preview:large","max-video-preview":"max-video-preview:-1"},"canonical":"https:\/\/360scooters.com\/es\/producto\/patinete-niu-kqi-100p\/","og_locale":"es_ES","og_type":"article","og_title":"Patinete NIU KQi 100P - 360Scooters | Tienda-taller de patinetes el\u00e9ctricos","og_description":"NIU KQi\u202f100P: patinete el\u00e9ctrico urbano, certificado DGT, motor 300\u202fW (600\u202fW pico), bater\u00eda 48\u202fV 5,2\u202fAh \u2192 29\u202fkm, suspensi\u00f3n hidr\u00e1ulica, neum\u00e1ticos XL 9,5\u201d, frenos duales, luces + intermitentes, app NIU y plegable.      Potencia nominal  300W   Bater\u00eda 48v \u2013 5,2Ah   Velocidad Hasta 25km\/h   Autonom\u00eda Hasta 30km   Peso 21Kg   Tiempo de carga 5-6 H   Frenos Freno tambor delantero","og_url":"https:\/\/360scooters.com\/es\/producto\/patinete-niu-kqi-100p\/","og_site_name":"360Scooters | Tienda-taller de patinetes el\u00e9ctricos","article_modified_time":"2025-10-16T19:52:45+00:00","og_image":[{"width":800,"height":800,"url":"https:\/\/360scooters.com\/es\/wp-content\/uploads\/sites\/2\/2025\/06\/19746_47e2a048-01c4-4c28-a14b-0806ab2bc924.webp","type":"image\/webp"}],"twitter_card":"summary_large_image","twitter_misc":{"Tiempo de lectura":"2 minutos"},"schema":{"@context":"https:\/\/schema.org","@graph":[{"@type":"WebPage","@id":"https:\/\/360scooters.com\/es\/producto\/patinete-niu-kqi-100p\/","url":"https:\/\/360scooters.com\/es\/producto\/patinete-niu-kqi-100p\/","name":"Patinete NIU KQi 100P - 360Scooters | Tienda-taller de patinetes el\u00e9ctricos","isPartOf":{"@id":"https:\/\/360scooters.com\/es\/#website"},"primaryImageOfPage":{"@id":"https:\/\/360scooters.com\/es\/producto\/patinete-niu-kqi-100p\/#primaryimage"},"image":{"@id":"https:\/\/360scooters.com\/es\/producto\/patinete-niu-kqi-100p\/#primaryimage"},"thumbnailUrl":"https:\/\/360scooters.com\/es\/wp-content\/uploads\/sites\/2\/2025\/06\/19746_47e2a048-01c4-4c28-a14b-0806ab2bc924.webp","datePublished":"2025-06-26T11:41:17+00:00","dateModified":"2025-10-16T19:52:45+00:00","breadcrumb":{"@id":"https:\/\/360scooters.com\/es\/producto\/patinete-niu-kqi-100p\/#breadcrumb"},"inLanguage":"es","potentialAction":[{"@type":"ReadAction","target":["https:\/\/360scooters.com\/es\/producto\/patinete-niu-kqi-100p\/"]}]},{"@type":"ImageObject","inLanguage":"es","@id":"https:\/\/360scooters.com\/es\/producto\/patinete-niu-kqi-100p\/#primaryimage","url":"https:\/\/360scooters.com\/es\/wp-content\/uploads\/sites\/2\/2025\/06\/19746_47e2a048-01c4-4c28-a14b-0806ab2bc924.webp","contentUrl":"https:\/\/360scooters.com\/es\/wp-content\/uploads\/sites\/2\/2025\/06\/19746_47e2a048-01c4-4c28-a14b-0806ab2bc924.webp","width":800,"height":800,"caption":"Patinete NIU KQi 100P"},{"@type":"BreadcrumbList","@id":"https:\/\/360scooters.com\/es\/producto\/patinete-niu-kqi-100p\/#breadcrumb","itemListElement":[{"@type":"ListItem","position":1,"name":"Portada","item":"https:\/\/360scooters.com\/es\/"},{"@type":"ListItem","position":2,"name":"Tienda","item":"https:\/\/360scooters.com\/es\/tienda\/"},{"@type":"ListItem","position":3,"name":"Patinete NIU KQi 100P"}]},{"@type":"WebSite","@id":"https:\/\/360scooters.com\/es\/#website","url":"https:\/\/360scooters.com\/es\/","name":"360Scooters - Patinetes el\u00e9ctricos en Pen\u00ednsula y Baleares - Patinetes Madrid - Patinetes Alicante - Patinetes Barcelona","description":"","publisher":{"@id":"https:\/\/360scooters.com\/es\/#organization"},"potentialAction":[{"@type":"SearchAction","target":{"@type":"EntryPoint","urlTemplate":"https:\/\/360scooters.com\/es\/?s={search_term_string}"},"query-input":{"@type":"PropertyValueSpecification","valueRequired":true,"valueName":"search_term_string"}}],"inLanguage":"es"},{"@type":"Organization","@id":"https:\/\/360scooters.com\/es\/#organization","name":"360Scooters - Patinetes el\u00e9ctricos en Pen\u00ednsula y Baleares - Patinetes Madrid - Patinetes Alicante - Patinetes Barcelona","url":"https:\/\/360scooters.com\/es\/","logo":{"@type":"ImageObject","inLanguage":"es","@id":"https:\/\/360scooters.com\/es\/#\/schema\/logo\/image\/","url":"https:\/\/360scooters.com\/es\/wp-content\/uploads\/sites\/2\/2024\/02\/logo-claimweb-e1727166047230.png","contentUrl":"https:\/\/360scooters.com\/es\/wp-content\/uploads\/sites\/2\/2024\/02\/logo-claimweb-e1727166047230.png","width":214,"height":54,"caption":"360Scooters - Patinetes el\u00e9ctricos en Pen\u00ednsula y Baleares - Patinetes Madrid - Patinetes Alicante - Patinetes Barcelona"},"image":{"@id":"https:\/\/360scooters.com\/es\/#\/schema\/logo\/image\/"}}]}},"_links":{"self":[{"href":"https:\/\/360scooters.com\/es\/wp-json\/wp\/v2\/product\/7876","targetHints":{"allow":["GET"]}}],"collection":[{"href":"https:\/\/360scooters.com\/es\/wp-json\/wp\/v2\/product"}],"about":[{"href":"https:\/\/360scooters.com\/es\/wp-json\/wp\/v2\/types\/product"}],"version-history":[{"count":1,"href":"https:\/\/360scooters.com\/es\/wp-json\/wp\/v2\/product\/7876\/revisions"}],"predecessor-version":[{"id":7882,"href":"https:\/\/360scooters.com\/es\/wp-json\/wp\/v2\/product\/7876\/revisions\/7882"}],"wp:featuredmedia":[{"embeddable":true,"href":"https:\/\/360scooters.com\/es\/wp-json\/wp\/v2\/media\/7877"}],"wp:attachment":[{"href":"https:\/\/360scooters.com\/es\/wp-json\/wp\/v2\/media?parent=7876"}],"wp:term":[{"taxonomy":"product_brand","embeddable":true,"href":"https:\/\/360scooters.com\/es\/wp-json\/wp\/v2\/product_brand?post=7876"},{"taxonomy":"product_cat","embeddable":true,"href":"https:\/\/360scooters.com\/es\/wp-json\/wp\/v2\/product_cat?post=7876"},{"taxonomy":"product_tag","embeddable":true,"href":"https:\/\/360scooters.com\/es\/wp-json\/wp\/v2\/product_tag?post=7876"},{"taxonomy":"scooter_compatibility","embeddable":true,"href":"https:\/\/360scooters.com\/es\/wp-json\/wp\/v2\/scooter_compatibility?post=7876"}],"curies":[{"name":"wp","href":"https:\/\/api.w.org\/{rel}","templated":true}]}}