{"id":7210,"date":"2025-03-12T19:42:35","date_gmt":"2025-03-12T18:42:35","guid":{"rendered":"https:\/\/360scooters.com\/es\/?post_type=product&#038;p=7210"},"modified":"2025-03-12T19:43:30","modified_gmt":"2025-03-12T18:43:30","slug":"amortiguacion-roscada-color-dorado-trasera-para-smartgyro","status":"publish","type":"product","link":"https:\/\/360scooters.com\/es\/producto\/amortiguacion-roscada-color-dorado-trasera-para-smartgyro\/","title":{"rendered":"Amortiguaci\u00f3n roscada color dorado trasera para smartGyro"},"content":{"rendered":"<h2><strong>Pack de Amortiguaci\u00f3n Roscada Trasera de color dorado para Patinete SmartGyro<\/strong><\/h2>\n<p>Mejora la comodidad y el rendimiento de tu patinete el\u00e9ctrico SmartGyro con el <strong>pack de amortiguaci\u00f3n roscada trasera de color dorado<\/strong>. Dise\u00f1ado para proporcionar una conducci\u00f3n m\u00e1s suave, este sistema avanzado de suspensi\u00f3n absorbe los impactos y vibraciones de terrenos irregulares, haciendo tus trayectos m\u00e1s c\u00f3modos y seguros.<\/p>\n<p>El kit incluye una amortiguaci\u00f3n roscada de alta calidad, fabricada con materiales resistentes y duraderos que aseguran una larga vida \u00fatil. Su dise\u00f1o permite ajustar la dureza seg\u00fan tus necesidades, brindando una experiencia de conducci\u00f3n personalizada. Es compatible con varios modelos de SmartGyro, facilitando su instalaci\u00f3n en pocos pasos.<\/p>\n<p>Este sistema de amortiguaci\u00f3n no solo mejora la estabilidad y el control del patinete, sino que tambi\u00e9n reduce el desgaste en otros componentes, prolongando la vida \u00fatil de tu veh\u00edculo. Ideal tanto para usuarios que se desplazan por la ciudad como para quienes prefieren aventurarse en terrenos m\u00e1s desafiantes.<\/p>\n<p>Adem\u00e1s, su dise\u00f1o compacto y funcional no altera la est\u00e9tica del patinete, integr\u00e1ndose perfectamente en su estructura. La instalaci\u00f3n es sencilla e incluye todo lo necesario para el montaje, por lo que no necesitas ser un experto para disfrutar de sus beneficios.<\/p>\n<p>Con el <strong>pack de amortiguaci\u00f3n roscada trasera para SmartGyro<\/strong>, dar\u00e1s un salto de calidad en cada trayecto. Aumenta el confort, la seguridad y la durabilidad de tu patinete con este imprescindible accesorio.<\/p>\n","protected":false},"excerpt":{"rendered":"<p><span style=\"color: #ff0000;\"><em>Es m\u00e1s que recomendable cambiar la pata de cabra por otra m\u00e1s larga si se instala este amortiguador. <strong><a href=\"https:\/\/360scooters.com\/es\/producto\/pata-de-cabra-caballete-170mm-para-smartgyro\/\">C\u00f3mprala aqu\u00ed<\/a><\/strong>.<\/em><\/span><\/p>\n<p><strong>Pack amortiguaci\u00f3n roscada traserade color dorado SmartGyro<\/strong><br \/>\nMejora la estabilidad y comodidad de tu SmartGyro con esta suspensi\u00f3n ajustable <strong>\u00a1AHORA DE COLOR DORADO!<\/strong>. Absorbe impactos, reduce vibraciones y protege tu patinete. F\u00e1cil de instalar y compatible con varios modelos. Ideal para una conducci\u00f3n m\u00e1s segura y fluida en cualquier terreno.<\/p>\n","protected":false},"featured_media":7211,"template":"","meta":[],"product_brand":[],"product_cat":[133],"product_tag":[],"scooter_compatibility":[],"class_list":{"0":"post-7210","1":"product","2":"type-product","3":"status-publish","4":"has-post-thumbnail","6":"product_cat-tunea-tu-smartgyro-zwheel","7":"product_shipping_class-envio-paqueteria","9":"first","10":"instock","11":"sale","12":"taxable","13":"shipping-taxable","14":"purchasable","15":"product-type-simple"},"yoast_head":"<!-- This site is optimized with the Yoast SEO plugin v26.9 - https:\/\/yoast.com\/product\/yoast-seo-wordpress\/ -->\n<title>Amortiguaci\u00f3n roscada color dorado trasera para smartGyro - 360Scooters | Tienda-taller de patinetes el\u00e9ctricos<\/title>\n<meta name=\"description\" content=\"Si quieres cambiar a una amortiguaci\u00f3n roscada trasera para smartGyro, est\u00e1s en el lugar exacto. F\u00e1cil instalaci\u00f3n. Calidad total.\" \/>\n<meta name=\"robots\" content=\"index, follow, max-snippet:-1, max-image-preview:large, max-video-preview:-1\" \/>\n<link rel=\"canonical\" href=\"https:\/\/360scooters.com\/es\/producto\/amortiguacion-roscada-color-dorado-trasera-para-smartgyro\/\" \/>\n<meta property=\"og:locale\" content=\"es_ES\" \/>\n<meta property=\"og:type\" content=\"article\" \/>\n<meta property=\"og:title\" content=\"Amortiguaci\u00f3n roscada color dorado trasera para smartGyro - 360Scooters | Tienda-taller de patinetes el\u00e9ctricos\" \/>\n<meta property=\"og:description\" content=\"Si quieres cambiar a una amortiguaci\u00f3n roscada trasera para smartGyro, est\u00e1s en el lugar exacto. F\u00e1cil instalaci\u00f3n. Calidad total.\" \/>\n<meta property=\"og:url\" content=\"https:\/\/360scooters.com\/es\/producto\/amortiguacion-roscada-color-dorado-trasera-para-smartgyro\/\" \/>\n<meta property=\"og:site_name\" content=\"360Scooters | Tienda-taller de patinetes el\u00e9ctricos\" \/>\n<meta property=\"article:modified_time\" content=\"2025-03-12T18:43:30+00:00\" \/>\n<meta property=\"og:image\" content=\"https:\/\/360scooters.com\/es\/wp-content\/uploads\/sites\/2\/2025\/03\/MINIATURA-PRODUCTO-27.png\" \/>\n\t<meta property=\"og:image:width\" content=\"1080\" \/>\n\t<meta property=\"og:image:height\" content=\"1080\" \/>\n\t<meta property=\"og:image:type\" content=\"image\/png\" \/>\n<meta name=\"twitter:card\" content=\"summary_large_image\" \/>\n<meta name=\"twitter:label1\" content=\"Tiempo de lectura\" \/>\n\t<meta name=\"twitter:data1\" content=\"2 minutos\" \/>\n<script type=\"application\/ld+json\" class=\"yoast-schema-graph\">{\"@context\":\"https:\/\/schema.org\",\"@graph\":[{\"@type\":\"WebPage\",\"@id\":\"https:\/\/360scooters.com\/es\/producto\/amortiguacion-roscada-color-dorado-trasera-para-smartgyro\/\",\"url\":\"https:\/\/360scooters.com\/es\/producto\/amortiguacion-roscada-color-dorado-trasera-para-smartgyro\/\",\"name\":\"Amortiguaci\u00f3n roscada color dorado trasera para smartGyro - 360Scooters | Tienda-taller de patinetes el\u00e9ctricos\",\"isPartOf\":{\"@id\":\"https:\/\/360scooters.com\/es\/#website\"},\"primaryImageOfPage\":{\"@id\":\"https:\/\/360scooters.com\/es\/producto\/amortiguacion-roscada-color-dorado-trasera-para-smartgyro\/#primaryimage\"},\"image\":{\"@id\":\"https:\/\/360scooters.com\/es\/producto\/amortiguacion-roscada-color-dorado-trasera-para-smartgyro\/#primaryimage\"},\"thumbnailUrl\":\"https:\/\/360scooters.com\/es\/wp-content\/uploads\/sites\/2\/2025\/03\/MINIATURA-PRODUCTO-27.png\",\"datePublished\":\"2025-03-12T18:42:35+00:00\",\"dateModified\":\"2025-03-12T18:43:30+00:00\",\"description\":\"Si quieres cambiar a una amortiguaci\u00f3n roscada trasera para smartGyro, est\u00e1s en el lugar exacto. F\u00e1cil instalaci\u00f3n. Calidad total.\",\"breadcrumb\":{\"@id\":\"https:\/\/360scooters.com\/es\/producto\/amortiguacion-roscada-color-dorado-trasera-para-smartgyro\/#breadcrumb\"},\"inLanguage\":\"es\",\"potentialAction\":[{\"@type\":\"ReadAction\",\"target\":[\"https:\/\/360scooters.com\/es\/producto\/amortiguacion-roscada-color-dorado-trasera-para-smartgyro\/\"]}]},{\"@type\":\"ImageObject\",\"inLanguage\":\"es\",\"@id\":\"https:\/\/360scooters.com\/es\/producto\/amortiguacion-roscada-color-dorado-trasera-para-smartgyro\/#primaryimage\",\"url\":\"https:\/\/360scooters.com\/es\/wp-content\/uploads\/sites\/2\/2025\/03\/MINIATURA-PRODUCTO-27.png\",\"contentUrl\":\"https:\/\/360scooters.com\/es\/wp-content\/uploads\/sites\/2\/2025\/03\/MINIATURA-PRODUCTO-27.png\",\"width\":1080,\"height\":1080,\"caption\":\"Amortiguaci\u00f3n roscada color dorado trasera para smartGyro\"},{\"@type\":\"BreadcrumbList\",\"@id\":\"https:\/\/360scooters.com\/es\/producto\/amortiguacion-roscada-color-dorado-trasera-para-smartgyro\/#breadcrumb\",\"itemListElement\":[{\"@type\":\"ListItem\",\"position\":1,\"name\":\"Portada\",\"item\":\"https:\/\/360scooters.com\/es\/\"},{\"@type\":\"ListItem\",\"position\":2,\"name\":\"Tienda\",\"item\":\"https:\/\/360scooters.com\/es\/tienda\/\"},{\"@type\":\"ListItem\",\"position\":3,\"name\":\"Amortiguaci\u00f3n roscada color dorado trasera para smartGyro\"}]},{\"@type\":\"WebSite\",\"@id\":\"https:\/\/360scooters.com\/es\/#website\",\"url\":\"https:\/\/360scooters.com\/es\/\",\"name\":\"360Scooters - Patinetes el\u00e9ctricos en Pen\u00ednsula y Baleares - Patinetes Madrid - Patinetes Alicante - Patinetes Barcelona\",\"description\":\"\",\"publisher\":{\"@id\":\"https:\/\/360scooters.com\/es\/#organization\"},\"potentialAction\":[{\"@type\":\"SearchAction\",\"target\":{\"@type\":\"EntryPoint\",\"urlTemplate\":\"https:\/\/360scooters.com\/es\/?s={search_term_string}\"},\"query-input\":{\"@type\":\"PropertyValueSpecification\",\"valueRequired\":true,\"valueName\":\"search_term_string\"}}],\"inLanguage\":\"es\"},{\"@type\":\"Organization\",\"@id\":\"https:\/\/360scooters.com\/es\/#organization\",\"name\":\"360Scooters - Patinetes el\u00e9ctricos en Pen\u00ednsula y Baleares - Patinetes Madrid - Patinetes Alicante - Patinetes Barcelona\",\"url\":\"https:\/\/360scooters.com\/es\/\",\"logo\":{\"@type\":\"ImageObject\",\"inLanguage\":\"es\",\"@id\":\"https:\/\/360scooters.com\/es\/#\/schema\/logo\/image\/\",\"url\":\"https:\/\/360scooters.com\/es\/wp-content\/uploads\/sites\/2\/2024\/02\/logo-claimweb-e1727166047230.png\",\"contentUrl\":\"https:\/\/360scooters.com\/es\/wp-content\/uploads\/sites\/2\/2024\/02\/logo-claimweb-e1727166047230.png\",\"width\":214,\"height\":54,\"caption\":\"360Scooters - Patinetes el\u00e9ctricos en Pen\u00ednsula y Baleares - Patinetes Madrid - Patinetes Alicante - Patinetes Barcelona\"},\"image\":{\"@id\":\"https:\/\/360scooters.com\/es\/#\/schema\/logo\/image\/\"}}]}<\/script>\n<!-- \/ Yoast SEO plugin. -->","yoast_head_json":{"title":"Amortiguaci\u00f3n roscada color dorado trasera para smartGyro - 360Scooters | Tienda-taller de patinetes el\u00e9ctricos","description":"Si quieres cambiar a una amortiguaci\u00f3n roscada trasera para smartGyro, est\u00e1s en el lugar exacto. F\u00e1cil instalaci\u00f3n. Calidad total.","robots":{"index":"index","follow":"follow","max-snippet":"max-snippet:-1","max-image-preview":"max-image-preview:large","max-video-preview":"max-video-preview:-1"},"canonical":"https:\/\/360scooters.com\/es\/producto\/amortiguacion-roscada-color-dorado-trasera-para-smartgyro\/","og_locale":"es_ES","og_type":"article","og_title":"Amortiguaci\u00f3n roscada color dorado trasera para smartGyro - 360Scooters | Tienda-taller de patinetes el\u00e9ctricos","og_description":"Si quieres cambiar a una amortiguaci\u00f3n roscada trasera para smartGyro, est\u00e1s en el lugar exacto. F\u00e1cil instalaci\u00f3n. Calidad total.","og_url":"https:\/\/360scooters.com\/es\/producto\/amortiguacion-roscada-color-dorado-trasera-para-smartgyro\/","og_site_name":"360Scooters | Tienda-taller de patinetes el\u00e9ctricos","article_modified_time":"2025-03-12T18:43:30+00:00","og_image":[{"width":1080,"height":1080,"url":"https:\/\/360scooters.com\/es\/wp-content\/uploads\/sites\/2\/2025\/03\/MINIATURA-PRODUCTO-27.png","type":"image\/png"}],"twitter_card":"summary_large_image","twitter_misc":{"Tiempo de lectura":"2 minutos"},"schema":{"@context":"https:\/\/schema.org","@graph":[{"@type":"WebPage","@id":"https:\/\/360scooters.com\/es\/producto\/amortiguacion-roscada-color-dorado-trasera-para-smartgyro\/","url":"https:\/\/360scooters.com\/es\/producto\/amortiguacion-roscada-color-dorado-trasera-para-smartgyro\/","name":"Amortiguaci\u00f3n roscada color dorado trasera para smartGyro - 360Scooters | Tienda-taller de patinetes el\u00e9ctricos","isPartOf":{"@id":"https:\/\/360scooters.com\/es\/#website"},"primaryImageOfPage":{"@id":"https:\/\/360scooters.com\/es\/producto\/amortiguacion-roscada-color-dorado-trasera-para-smartgyro\/#primaryimage"},"image":{"@id":"https:\/\/360scooters.com\/es\/producto\/amortiguacion-roscada-color-dorado-trasera-para-smartgyro\/#primaryimage"},"thumbnailUrl":"https:\/\/360scooters.com\/es\/wp-content\/uploads\/sites\/2\/2025\/03\/MINIATURA-PRODUCTO-27.png","datePublished":"2025-03-12T18:42:35+00:00","dateModified":"2025-03-12T18:43:30+00:00","description":"Si quieres cambiar a una amortiguaci\u00f3n roscada trasera para smartGyro, est\u00e1s en el lugar exacto. F\u00e1cil instalaci\u00f3n. Calidad total.","breadcrumb":{"@id":"https:\/\/360scooters.com\/es\/producto\/amortiguacion-roscada-color-dorado-trasera-para-smartgyro\/#breadcrumb"},"inLanguage":"es","potentialAction":[{"@type":"ReadAction","target":["https:\/\/360scooters.com\/es\/producto\/amortiguacion-roscada-color-dorado-trasera-para-smartgyro\/"]}]},{"@type":"ImageObject","inLanguage":"es","@id":"https:\/\/360scooters.com\/es\/producto\/amortiguacion-roscada-color-dorado-trasera-para-smartgyro\/#primaryimage","url":"https:\/\/360scooters.com\/es\/wp-content\/uploads\/sites\/2\/2025\/03\/MINIATURA-PRODUCTO-27.png","contentUrl":"https:\/\/360scooters.com\/es\/wp-content\/uploads\/sites\/2\/2025\/03\/MINIATURA-PRODUCTO-27.png","width":1080,"height":1080,"caption":"Amortiguaci\u00f3n roscada color dorado trasera para smartGyro"},{"@type":"BreadcrumbList","@id":"https:\/\/360scooters.com\/es\/producto\/amortiguacion-roscada-color-dorado-trasera-para-smartgyro\/#breadcrumb","itemListElement":[{"@type":"ListItem","position":1,"name":"Portada","item":"https:\/\/360scooters.com\/es\/"},{"@type":"ListItem","position":2,"name":"Tienda","item":"https:\/\/360scooters.com\/es\/tienda\/"},{"@type":"ListItem","position":3,"name":"Amortiguaci\u00f3n roscada color dorado trasera para smartGyro"}]},{"@type":"WebSite","@id":"https:\/\/360scooters.com\/es\/#website","url":"https:\/\/360scooters.com\/es\/","name":"360Scooters - Patinetes el\u00e9ctricos en Pen\u00ednsula y Baleares - Patinetes Madrid - Patinetes Alicante - Patinetes Barcelona","description":"","publisher":{"@id":"https:\/\/360scooters.com\/es\/#organization"},"potentialAction":[{"@type":"SearchAction","target":{"@type":"EntryPoint","urlTemplate":"https:\/\/360scooters.com\/es\/?s={search_term_string}"},"query-input":{"@type":"PropertyValueSpecification","valueRequired":true,"valueName":"search_term_string"}}],"inLanguage":"es"},{"@type":"Organization","@id":"https:\/\/360scooters.com\/es\/#organization","name":"360Scooters - Patinetes el\u00e9ctricos en Pen\u00ednsula y Baleares - Patinetes Madrid - Patinetes Alicante - Patinetes Barcelona","url":"https:\/\/360scooters.com\/es\/","logo":{"@type":"ImageObject","inLanguage":"es","@id":"https:\/\/360scooters.com\/es\/#\/schema\/logo\/image\/","url":"https:\/\/360scooters.com\/es\/wp-content\/uploads\/sites\/2\/2024\/02\/logo-claimweb-e1727166047230.png","contentUrl":"https:\/\/360scooters.com\/es\/wp-content\/uploads\/sites\/2\/2024\/02\/logo-claimweb-e1727166047230.png","width":214,"height":54,"caption":"360Scooters - Patinetes el\u00e9ctricos en Pen\u00ednsula y Baleares - Patinetes Madrid - Patinetes Alicante - Patinetes Barcelona"},"image":{"@id":"https:\/\/360scooters.com\/es\/#\/schema\/logo\/image\/"}}]}},"_links":{"self":[{"href":"https:\/\/360scooters.com\/es\/wp-json\/wp\/v2\/product\/7210","targetHints":{"allow":["GET"]}}],"collection":[{"href":"https:\/\/360scooters.com\/es\/wp-json\/wp\/v2\/product"}],"about":[{"href":"https:\/\/360scooters.com\/es\/wp-json\/wp\/v2\/types\/product"}],"version-history":[{"count":1,"href":"https:\/\/360scooters.com\/es\/wp-json\/wp\/v2\/product\/7210\/revisions"}],"predecessor-version":[{"id":7212,"href":"https:\/\/360scooters.com\/es\/wp-json\/wp\/v2\/product\/7210\/revisions\/7212"}],"wp:featuredmedia":[{"embeddable":true,"href":"https:\/\/360scooters.com\/es\/wp-json\/wp\/v2\/media\/7211"}],"wp:attachment":[{"href":"https:\/\/360scooters.com\/es\/wp-json\/wp\/v2\/media?parent=7210"}],"wp:term":[{"taxonomy":"product_brand","embeddable":true,"href":"https:\/\/360scooters.com\/es\/wp-json\/wp\/v2\/product_brand?post=7210"},{"taxonomy":"product_cat","embeddable":true,"href":"https:\/\/360scooters.com\/es\/wp-json\/wp\/v2\/product_cat?post=7210"},{"taxonomy":"product_tag","embeddable":true,"href":"https:\/\/360scooters.com\/es\/wp-json\/wp\/v2\/product_tag?post=7210"},{"taxonomy":"scooter_compatibility","embeddable":true,"href":"https:\/\/360scooters.com\/es\/wp-json\/wp\/v2\/scooter_compatibility?post=7210"}],"curies":[{"name":"wp","href":"https:\/\/api.w.org\/{rel}","templated":true}]}}