{"id":6813,"date":"2025-02-14T17:06:00","date_gmt":"2025-02-14T16:06:00","guid":{"rendered":"https:\/\/360scooters.com\/es\/?post_type=product&#038;p=6813"},"modified":"2025-02-14T18:28:15","modified_gmt":"2025-02-14T17:28:15","slug":"llave-de-contacto-para-patinete-crossover-dual-max-plugplay","status":"publish","type":"product","link":"https:\/\/360scooters.com\/es\/producto\/llave-de-contacto-para-patinete-crossover-dual-max-plugplay\/","title":{"rendered":"Llave de contacto para patinete Crossover Dual Max (Plug&#038;Play)"},"content":{"rendered":"<h2 data-start=\"26\" data-end=\"142\"><strong data-start=\"26\" data-end=\"140\">Llave de contacto para patinete Smartgyro Crossover Dual Max (Plug&amp;Play) \u2013 Seguridad mejorada para tu patinete<\/strong><\/h2>\n<p data-start=\"144\" data-end=\"476\">Refuerza la seguridad de tu <strong data-start=\"172\" data-end=\"204\">Smartgyro Crossover Dual Max<\/strong> con esta <strong data-start=\"214\" data-end=\"245\">llave de contacto Plug&amp;Play<\/strong>, dise\u00f1ada para ofrecer una protecci\u00f3n extra contra robos y accesos no autorizados. Este sistema de encendido con llave permite bloquear el patinete cuando no lo est\u00e1s usando, evitando que cualquiera pueda encenderlo sin permiso.<\/p>\n<p data-start=\"478\" data-end=\"813\">Gracias a su dise\u00f1o <strong data-start=\"498\" data-end=\"511\">Plug&amp;Play<\/strong>, la instalaci\u00f3n es r\u00e1pida y sencilla, sin necesidad de realizar modificaciones complicadas en el patinete. Solo tienes que conectar la cerradura y estar\u00e1 lista para usarse. Adem\u00e1s, incluye un cilindro de encendido resistente y un juego de llaves, asegurando durabilidad y fiabilidad en el d\u00eda a d\u00eda.<\/p>\n<p data-start=\"815\" data-end=\"965\">Si buscas mayor tranquilidad al dejar tu <strong data-start=\"856\" data-end=\"878\">Crossover Dual Max<\/strong> aparcado, esta llave de contacto es el complemento ideal para tu patinete el\u00e9ctrico.<\/p>\n","protected":false},"excerpt":{"rendered":"<p>Aumenta la seguridad de tu <strong data-start=\"1089\" data-end=\"1121\">Smartgyro Crossover Dual Max<\/strong> con esta <strong data-start=\"1131\" data-end=\"1162\">llave de contacto Plug&amp;Play<\/strong>. F\u00e1cil de instalar y usar, evita encendidos no autorizados y protege tu patinete en todo momento. \u00a1M\u00e1xima seguridad con una instalaci\u00f3n sencilla!<\/p>\n","protected":false},"featured_media":6819,"template":"","meta":[],"product_brand":[],"product_cat":[133],"product_tag":[],"scooter_compatibility":[],"class_list":{"0":"post-6813","1":"product","2":"type-product","3":"status-publish","4":"has-post-thumbnail","6":"product_cat-tunea-tu-smartgyro-zwheel","8":"first","9":"instock","10":"taxable","11":"shipping-taxable","12":"purchasable","13":"product-type-simple"},"yoast_head":"<!-- This site is optimized with the Yoast SEO plugin v26.9 - https:\/\/yoast.com\/product\/yoast-seo-wordpress\/ -->\n<title>Llave de contacto para patinete Crossover Dual Max (Plug&amp;Play) - 360Scooters | Tienda-taller de patinetes el\u00e9ctricos<\/title>\n<meta name=\"robots\" content=\"index, follow, max-snippet:-1, max-image-preview:large, max-video-preview:-1\" \/>\n<link rel=\"canonical\" href=\"https:\/\/360scooters.com\/es\/producto\/llave-de-contacto-para-patinete-crossover-dual-max-plugplay\/\" \/>\n<meta property=\"og:locale\" content=\"es_ES\" \/>\n<meta property=\"og:type\" content=\"article\" \/>\n<meta property=\"og:title\" content=\"Llave de contacto para patinete Crossover Dual Max (Plug&amp;Play) - 360Scooters | Tienda-taller de patinetes el\u00e9ctricos\" \/>\n<meta property=\"og:description\" content=\"Aumenta la seguridad de tu Smartgyro Crossover Dual Max con esta llave de contacto Plug&amp;Play. F\u00e1cil de instalar y usar, evita encendidos no autorizados y protege tu patinete en todo momento. \u00a1M\u00e1xima seguridad con una instalaci\u00f3n sencilla!\" \/>\n<meta property=\"og:url\" content=\"https:\/\/360scooters.com\/es\/producto\/llave-de-contacto-para-patinete-crossover-dual-max-plugplay\/\" \/>\n<meta property=\"og:site_name\" content=\"360Scooters | Tienda-taller de patinetes el\u00e9ctricos\" \/>\n<meta property=\"article:modified_time\" content=\"2025-02-14T17:28:15+00:00\" \/>\n<meta property=\"og:image\" content=\"https:\/\/360scooters.com\/es\/wp-content\/uploads\/sites\/2\/2025\/02\/llave-smg-crossover.png\" \/>\n\t<meta property=\"og:image:width\" content=\"950\" \/>\n\t<meta property=\"og:image:height\" content=\"950\" \/>\n\t<meta property=\"og:image:type\" content=\"image\/png\" \/>\n<meta name=\"twitter:card\" content=\"summary_large_image\" \/>\n<meta name=\"twitter:label1\" content=\"Tiempo de lectura\" \/>\n\t<meta name=\"twitter:data1\" content=\"1 minuto\" \/>\n<script type=\"application\/ld+json\" class=\"yoast-schema-graph\">{\"@context\":\"https:\/\/schema.org\",\"@graph\":[{\"@type\":\"WebPage\",\"@id\":\"https:\/\/360scooters.com\/es\/producto\/llave-de-contacto-para-patinete-crossover-dual-max-plugplay\/\",\"url\":\"https:\/\/360scooters.com\/es\/producto\/llave-de-contacto-para-patinete-crossover-dual-max-plugplay\/\",\"name\":\"Llave de contacto para patinete Crossover Dual Max (Plug&Play) - 360Scooters | Tienda-taller de patinetes el\u00e9ctricos\",\"isPartOf\":{\"@id\":\"https:\/\/360scooters.com\/es\/#website\"},\"primaryImageOfPage\":{\"@id\":\"https:\/\/360scooters.com\/es\/producto\/llave-de-contacto-para-patinete-crossover-dual-max-plugplay\/#primaryimage\"},\"image\":{\"@id\":\"https:\/\/360scooters.com\/es\/producto\/llave-de-contacto-para-patinete-crossover-dual-max-plugplay\/#primaryimage\"},\"thumbnailUrl\":\"https:\/\/360scooters.com\/es\/wp-content\/uploads\/sites\/2\/2025\/02\/llave-smg-crossover.png\",\"datePublished\":\"2025-02-14T16:06:00+00:00\",\"dateModified\":\"2025-02-14T17:28:15+00:00\",\"breadcrumb\":{\"@id\":\"https:\/\/360scooters.com\/es\/producto\/llave-de-contacto-para-patinete-crossover-dual-max-plugplay\/#breadcrumb\"},\"inLanguage\":\"es\",\"potentialAction\":[{\"@type\":\"ReadAction\",\"target\":[\"https:\/\/360scooters.com\/es\/producto\/llave-de-contacto-para-patinete-crossover-dual-max-plugplay\/\"]}]},{\"@type\":\"ImageObject\",\"inLanguage\":\"es\",\"@id\":\"https:\/\/360scooters.com\/es\/producto\/llave-de-contacto-para-patinete-crossover-dual-max-plugplay\/#primaryimage\",\"url\":\"https:\/\/360scooters.com\/es\/wp-content\/uploads\/sites\/2\/2025\/02\/llave-smg-crossover.png\",\"contentUrl\":\"https:\/\/360scooters.com\/es\/wp-content\/uploads\/sites\/2\/2025\/02\/llave-smg-crossover.png\",\"width\":950,\"height\":950,\"caption\":\"Llave de contacto para patinete Crossover Dual Max (Plug&Play)\"},{\"@type\":\"BreadcrumbList\",\"@id\":\"https:\/\/360scooters.com\/es\/producto\/llave-de-contacto-para-patinete-crossover-dual-max-plugplay\/#breadcrumb\",\"itemListElement\":[{\"@type\":\"ListItem\",\"position\":1,\"name\":\"Portada\",\"item\":\"https:\/\/360scooters.com\/es\/\"},{\"@type\":\"ListItem\",\"position\":2,\"name\":\"Tienda\",\"item\":\"https:\/\/360scooters.com\/es\/tienda\/\"},{\"@type\":\"ListItem\",\"position\":3,\"name\":\"Llave de contacto para patinete Crossover Dual Max (Plug&#038;Play)\"}]},{\"@type\":\"WebSite\",\"@id\":\"https:\/\/360scooters.com\/es\/#website\",\"url\":\"https:\/\/360scooters.com\/es\/\",\"name\":\"360Scooters - Patinetes el\u00e9ctricos en Pen\u00ednsula y Baleares - Patinetes Madrid - Patinetes Alicante - Patinetes Barcelona\",\"description\":\"\",\"publisher\":{\"@id\":\"https:\/\/360scooters.com\/es\/#organization\"},\"potentialAction\":[{\"@type\":\"SearchAction\",\"target\":{\"@type\":\"EntryPoint\",\"urlTemplate\":\"https:\/\/360scooters.com\/es\/?s={search_term_string}\"},\"query-input\":{\"@type\":\"PropertyValueSpecification\",\"valueRequired\":true,\"valueName\":\"search_term_string\"}}],\"inLanguage\":\"es\"},{\"@type\":\"Organization\",\"@id\":\"https:\/\/360scooters.com\/es\/#organization\",\"name\":\"360Scooters - Patinetes el\u00e9ctricos en Pen\u00ednsula y Baleares - Patinetes Madrid - Patinetes Alicante - Patinetes Barcelona\",\"url\":\"https:\/\/360scooters.com\/es\/\",\"logo\":{\"@type\":\"ImageObject\",\"inLanguage\":\"es\",\"@id\":\"https:\/\/360scooters.com\/es\/#\/schema\/logo\/image\/\",\"url\":\"https:\/\/360scooters.com\/es\/wp-content\/uploads\/sites\/2\/2024\/02\/logo-claimweb-e1727166047230.png\",\"contentUrl\":\"https:\/\/360scooters.com\/es\/wp-content\/uploads\/sites\/2\/2024\/02\/logo-claimweb-e1727166047230.png\",\"width\":214,\"height\":54,\"caption\":\"360Scooters - Patinetes el\u00e9ctricos en Pen\u00ednsula y Baleares - Patinetes Madrid - Patinetes Alicante - Patinetes Barcelona\"},\"image\":{\"@id\":\"https:\/\/360scooters.com\/es\/#\/schema\/logo\/image\/\"}}]}<\/script>\n<!-- \/ Yoast SEO plugin. -->","yoast_head_json":{"title":"Llave de contacto para patinete Crossover Dual Max (Plug&Play) - 360Scooters | Tienda-taller de patinetes el\u00e9ctricos","robots":{"index":"index","follow":"follow","max-snippet":"max-snippet:-1","max-image-preview":"max-image-preview:large","max-video-preview":"max-video-preview:-1"},"canonical":"https:\/\/360scooters.com\/es\/producto\/llave-de-contacto-para-patinete-crossover-dual-max-plugplay\/","og_locale":"es_ES","og_type":"article","og_title":"Llave de contacto para patinete Crossover Dual Max (Plug&Play) - 360Scooters | Tienda-taller de patinetes el\u00e9ctricos","og_description":"Aumenta la seguridad de tu Smartgyro Crossover Dual Max con esta llave de contacto Plug&amp;Play. F\u00e1cil de instalar y usar, evita encendidos no autorizados y protege tu patinete en todo momento. \u00a1M\u00e1xima seguridad con una instalaci\u00f3n sencilla!","og_url":"https:\/\/360scooters.com\/es\/producto\/llave-de-contacto-para-patinete-crossover-dual-max-plugplay\/","og_site_name":"360Scooters | Tienda-taller de patinetes el\u00e9ctricos","article_modified_time":"2025-02-14T17:28:15+00:00","og_image":[{"width":950,"height":950,"url":"https:\/\/360scooters.com\/es\/wp-content\/uploads\/sites\/2\/2025\/02\/llave-smg-crossover.png","type":"image\/png"}],"twitter_card":"summary_large_image","twitter_misc":{"Tiempo de lectura":"1 minuto"},"schema":{"@context":"https:\/\/schema.org","@graph":[{"@type":"WebPage","@id":"https:\/\/360scooters.com\/es\/producto\/llave-de-contacto-para-patinete-crossover-dual-max-plugplay\/","url":"https:\/\/360scooters.com\/es\/producto\/llave-de-contacto-para-patinete-crossover-dual-max-plugplay\/","name":"Llave de contacto para patinete Crossover Dual Max (Plug&Play) - 360Scooters | Tienda-taller de patinetes el\u00e9ctricos","isPartOf":{"@id":"https:\/\/360scooters.com\/es\/#website"},"primaryImageOfPage":{"@id":"https:\/\/360scooters.com\/es\/producto\/llave-de-contacto-para-patinete-crossover-dual-max-plugplay\/#primaryimage"},"image":{"@id":"https:\/\/360scooters.com\/es\/producto\/llave-de-contacto-para-patinete-crossover-dual-max-plugplay\/#primaryimage"},"thumbnailUrl":"https:\/\/360scooters.com\/es\/wp-content\/uploads\/sites\/2\/2025\/02\/llave-smg-crossover.png","datePublished":"2025-02-14T16:06:00+00:00","dateModified":"2025-02-14T17:28:15+00:00","breadcrumb":{"@id":"https:\/\/360scooters.com\/es\/producto\/llave-de-contacto-para-patinete-crossover-dual-max-plugplay\/#breadcrumb"},"inLanguage":"es","potentialAction":[{"@type":"ReadAction","target":["https:\/\/360scooters.com\/es\/producto\/llave-de-contacto-para-patinete-crossover-dual-max-plugplay\/"]}]},{"@type":"ImageObject","inLanguage":"es","@id":"https:\/\/360scooters.com\/es\/producto\/llave-de-contacto-para-patinete-crossover-dual-max-plugplay\/#primaryimage","url":"https:\/\/360scooters.com\/es\/wp-content\/uploads\/sites\/2\/2025\/02\/llave-smg-crossover.png","contentUrl":"https:\/\/360scooters.com\/es\/wp-content\/uploads\/sites\/2\/2025\/02\/llave-smg-crossover.png","width":950,"height":950,"caption":"Llave de contacto para patinete Crossover Dual Max (Plug&Play)"},{"@type":"BreadcrumbList","@id":"https:\/\/360scooters.com\/es\/producto\/llave-de-contacto-para-patinete-crossover-dual-max-plugplay\/#breadcrumb","itemListElement":[{"@type":"ListItem","position":1,"name":"Portada","item":"https:\/\/360scooters.com\/es\/"},{"@type":"ListItem","position":2,"name":"Tienda","item":"https:\/\/360scooters.com\/es\/tienda\/"},{"@type":"ListItem","position":3,"name":"Llave de contacto para patinete Crossover Dual Max (Plug&#038;Play)"}]},{"@type":"WebSite","@id":"https:\/\/360scooters.com\/es\/#website","url":"https:\/\/360scooters.com\/es\/","name":"360Scooters - Patinetes el\u00e9ctricos en Pen\u00ednsula y Baleares - Patinetes Madrid - Patinetes Alicante - Patinetes Barcelona","description":"","publisher":{"@id":"https:\/\/360scooters.com\/es\/#organization"},"potentialAction":[{"@type":"SearchAction","target":{"@type":"EntryPoint","urlTemplate":"https:\/\/360scooters.com\/es\/?s={search_term_string}"},"query-input":{"@type":"PropertyValueSpecification","valueRequired":true,"valueName":"search_term_string"}}],"inLanguage":"es"},{"@type":"Organization","@id":"https:\/\/360scooters.com\/es\/#organization","name":"360Scooters - Patinetes el\u00e9ctricos en Pen\u00ednsula y Baleares - Patinetes Madrid - Patinetes Alicante - Patinetes Barcelona","url":"https:\/\/360scooters.com\/es\/","logo":{"@type":"ImageObject","inLanguage":"es","@id":"https:\/\/360scooters.com\/es\/#\/schema\/logo\/image\/","url":"https:\/\/360scooters.com\/es\/wp-content\/uploads\/sites\/2\/2024\/02\/logo-claimweb-e1727166047230.png","contentUrl":"https:\/\/360scooters.com\/es\/wp-content\/uploads\/sites\/2\/2024\/02\/logo-claimweb-e1727166047230.png","width":214,"height":54,"caption":"360Scooters - Patinetes el\u00e9ctricos en Pen\u00ednsula y Baleares - Patinetes Madrid - Patinetes Alicante - Patinetes Barcelona"},"image":{"@id":"https:\/\/360scooters.com\/es\/#\/schema\/logo\/image\/"}}]}},"_links":{"self":[{"href":"https:\/\/360scooters.com\/es\/wp-json\/wp\/v2\/product\/6813","targetHints":{"allow":["GET"]}}],"collection":[{"href":"https:\/\/360scooters.com\/es\/wp-json\/wp\/v2\/product"}],"about":[{"href":"https:\/\/360scooters.com\/es\/wp-json\/wp\/v2\/types\/product"}],"version-history":[{"count":1,"href":"https:\/\/360scooters.com\/es\/wp-json\/wp\/v2\/product\/6813\/revisions"}],"predecessor-version":[{"id":6814,"href":"https:\/\/360scooters.com\/es\/wp-json\/wp\/v2\/product\/6813\/revisions\/6814"}],"wp:featuredmedia":[{"embeddable":true,"href":"https:\/\/360scooters.com\/es\/wp-json\/wp\/v2\/media\/6819"}],"wp:attachment":[{"href":"https:\/\/360scooters.com\/es\/wp-json\/wp\/v2\/media?parent=6813"}],"wp:term":[{"taxonomy":"product_brand","embeddable":true,"href":"https:\/\/360scooters.com\/es\/wp-json\/wp\/v2\/product_brand?post=6813"},{"taxonomy":"product_cat","embeddable":true,"href":"https:\/\/360scooters.com\/es\/wp-json\/wp\/v2\/product_cat?post=6813"},{"taxonomy":"product_tag","embeddable":true,"href":"https:\/\/360scooters.com\/es\/wp-json\/wp\/v2\/product_tag?post=6813"},{"taxonomy":"scooter_compatibility","embeddable":true,"href":"https:\/\/360scooters.com\/es\/wp-json\/wp\/v2\/scooter_compatibility?post=6813"}],"curies":[{"name":"wp","href":"https:\/\/api.w.org\/{rel}","templated":true}]}}