{"id":6810,"date":"2025-02-14T13:18:17","date_gmt":"2025-02-14T12:18:17","guid":{"rendered":"https:\/\/360scooters.com\/es\/?post_type=product&#038;p=6810"},"modified":"2025-02-14T13:18:17","modified_gmt":"2025-02-14T12:18:17","slug":"llave-de-contacto-para-patinete-smartgyro-plugplay","status":"publish","type":"product","link":"https:\/\/360scooters.com\/es\/producto\/llave-de-contacto-para-patinete-smartgyro-plugplay\/","title":{"rendered":"Llave de contacto para patinete Smartgyro (Plug&#038;Play)"},"content":{"rendered":"<p data-start=\"26\" data-end=\"130\"><strong data-start=\"26\" data-end=\"128\">Llave de contacto para patinete Smartgyro (Plug&amp;Play) \u2013 Seguridad y comodidad en un solo accesorio<\/strong><\/p>\n<p data-start=\"132\" data-end=\"421\">A\u00f1ade una capa extra de seguridad a tu patinete el\u00e9ctrico Smartgyro con esta <strong data-start=\"209\" data-end=\"240\">llave de contacto Plug&amp;Play<\/strong>. Con un dise\u00f1o compacto y de f\u00e1cil instalaci\u00f3n, esta cerradura te permite encender y apagar tu patinete con una llave f\u00edsica, protegi\u00e9ndolo contra robos y accesos no autorizados.<\/p>\n<p data-start=\"423\" data-end=\"692\">El sistema <strong data-start=\"434\" data-end=\"447\">Plug&amp;Play<\/strong> facilita su instalaci\u00f3n sin necesidad de modificaciones complicadas: solo con\u00e9ctala y empieza a usarla. Compatible con varios modelos de <strong data-start=\"585\" data-end=\"598\">Smartgyro<\/strong>, este accesorio es ideal para quienes buscan una mayor protecci\u00f3n sin sacrificar comodidad.<\/p>\n<p data-start=\"694\" data-end=\"942\">Incluye el cilindro de encendido con su correspondiente juego de llaves, garantizando un sistema fiable y resistente al uso diario. Si quieres m\u00e1s tranquilidad al dejar tu patinete estacionado, esta llave de contacto es una opci\u00f3n imprescindible.<\/p>\n","protected":false},"excerpt":{"rendered":"<p>Mejora la seguridad de tu patinete <strong data-start=\"1065\" data-end=\"1078\">Smartgyro<\/strong> con esta llave de contacto <strong data-start=\"1106\" data-end=\"1119\">Plug&amp;Play<\/strong>, f\u00e1cil de instalar y usar. Protege tu veh\u00edculo de accesos no autorizados y enci\u00e9ndelo c\u00f3modamente con una llave f\u00edsica. \u00a1Instalaci\u00f3n r\u00e1pida y mayor tranquilidad en cada trayecto!<\/p>\n","protected":false},"featured_media":6811,"template":"","meta":[],"product_brand":[],"product_cat":[133],"product_tag":[],"scooter_compatibility":[],"class_list":{"0":"post-6810","1":"product","2":"type-product","3":"status-publish","4":"has-post-thumbnail","6":"product_cat-tunea-tu-smartgyro-zwheel","8":"first","9":"instock","10":"taxable","11":"shipping-taxable","12":"purchasable","13":"product-type-simple"},"yoast_head":"<!-- This site is optimized with the Yoast SEO plugin v26.9 - https:\/\/yoast.com\/product\/yoast-seo-wordpress\/ -->\n<title>Llave de contacto para patinete Smartgyro (Plug&amp;Play) - 360Scooters | Tienda-taller de patinetes el\u00e9ctricos<\/title>\n<meta name=\"robots\" content=\"index, follow, max-snippet:-1, max-image-preview:large, max-video-preview:-1\" \/>\n<link rel=\"canonical\" href=\"https:\/\/360scooters.com\/es\/producto\/llave-de-contacto-para-patinete-smartgyro-plugplay\/\" \/>\n<meta property=\"og:locale\" content=\"es_ES\" \/>\n<meta property=\"og:type\" content=\"article\" \/>\n<meta property=\"og:title\" content=\"Llave de contacto para patinete Smartgyro (Plug&amp;Play) - 360Scooters | Tienda-taller de patinetes el\u00e9ctricos\" \/>\n<meta property=\"og:description\" content=\"Mejora la seguridad de tu patinete Smartgyro con esta llave de contacto Plug&amp;Play, f\u00e1cil de instalar y usar. Protege tu veh\u00edculo de accesos no autorizados y enci\u00e9ndelo c\u00f3modamente con una llave f\u00edsica. \u00a1Instalaci\u00f3n r\u00e1pida y mayor tranquilidad en cada trayecto!\" \/>\n<meta property=\"og:url\" content=\"https:\/\/360scooters.com\/es\/producto\/llave-de-contacto-para-patinete-smartgyro-plugplay\/\" \/>\n<meta property=\"og:site_name\" content=\"360Scooters | Tienda-taller de patinetes el\u00e9ctricos\" \/>\n<meta property=\"og:image\" content=\"https:\/\/360scooters.com\/es\/wp-content\/uploads\/sites\/2\/2025\/02\/E49956-2024-12-02T115150.298.jpg\" \/>\n\t<meta property=\"og:image:width\" content=\"1080\" \/>\n\t<meta property=\"og:image:height\" content=\"1080\" \/>\n\t<meta property=\"og:image:type\" content=\"image\/jpeg\" \/>\n<meta name=\"twitter:card\" content=\"summary_large_image\" \/>\n<meta name=\"twitter:label1\" content=\"Tiempo de lectura\" \/>\n\t<meta name=\"twitter:data1\" content=\"1 minuto\" \/>\n<script type=\"application\/ld+json\" class=\"yoast-schema-graph\">{\"@context\":\"https:\/\/schema.org\",\"@graph\":[{\"@type\":\"WebPage\",\"@id\":\"https:\/\/360scooters.com\/es\/producto\/llave-de-contacto-para-patinete-smartgyro-plugplay\/\",\"url\":\"https:\/\/360scooters.com\/es\/producto\/llave-de-contacto-para-patinete-smartgyro-plugplay\/\",\"name\":\"Llave de contacto para patinete Smartgyro (Plug&Play) - 360Scooters | Tienda-taller de patinetes el\u00e9ctricos\",\"isPartOf\":{\"@id\":\"https:\/\/360scooters.com\/es\/#website\"},\"primaryImageOfPage\":{\"@id\":\"https:\/\/360scooters.com\/es\/producto\/llave-de-contacto-para-patinete-smartgyro-plugplay\/#primaryimage\"},\"image\":{\"@id\":\"https:\/\/360scooters.com\/es\/producto\/llave-de-contacto-para-patinete-smartgyro-plugplay\/#primaryimage\"},\"thumbnailUrl\":\"https:\/\/360scooters.com\/es\/wp-content\/uploads\/sites\/2\/2025\/02\/E49956-2024-12-02T115150.298.jpg\",\"datePublished\":\"2025-02-14T12:18:17+00:00\",\"breadcrumb\":{\"@id\":\"https:\/\/360scooters.com\/es\/producto\/llave-de-contacto-para-patinete-smartgyro-plugplay\/#breadcrumb\"},\"inLanguage\":\"es\",\"potentialAction\":[{\"@type\":\"ReadAction\",\"target\":[\"https:\/\/360scooters.com\/es\/producto\/llave-de-contacto-para-patinete-smartgyro-plugplay\/\"]}]},{\"@type\":\"ImageObject\",\"inLanguage\":\"es\",\"@id\":\"https:\/\/360scooters.com\/es\/producto\/llave-de-contacto-para-patinete-smartgyro-plugplay\/#primaryimage\",\"url\":\"https:\/\/360scooters.com\/es\/wp-content\/uploads\/sites\/2\/2025\/02\/E49956-2024-12-02T115150.298.jpg\",\"contentUrl\":\"https:\/\/360scooters.com\/es\/wp-content\/uploads\/sites\/2\/2025\/02\/E49956-2024-12-02T115150.298.jpg\",\"width\":1080,\"height\":1080,\"caption\":\"Llave de contacto para patinete Smartgyro (Plug&Play)\"},{\"@type\":\"BreadcrumbList\",\"@id\":\"https:\/\/360scooters.com\/es\/producto\/llave-de-contacto-para-patinete-smartgyro-plugplay\/#breadcrumb\",\"itemListElement\":[{\"@type\":\"ListItem\",\"position\":1,\"name\":\"Portada\",\"item\":\"https:\/\/360scooters.com\/es\/\"},{\"@type\":\"ListItem\",\"position\":2,\"name\":\"Tienda\",\"item\":\"https:\/\/360scooters.com\/es\/tienda\/\"},{\"@type\":\"ListItem\",\"position\":3,\"name\":\"Llave de contacto para patinete Smartgyro (Plug&#038;Play)\"}]},{\"@type\":\"WebSite\",\"@id\":\"https:\/\/360scooters.com\/es\/#website\",\"url\":\"https:\/\/360scooters.com\/es\/\",\"name\":\"360Scooters - Patinetes el\u00e9ctricos en Pen\u00ednsula y Baleares - Patinetes Madrid - Patinetes Alicante - Patinetes Barcelona\",\"description\":\"\",\"publisher\":{\"@id\":\"https:\/\/360scooters.com\/es\/#organization\"},\"potentialAction\":[{\"@type\":\"SearchAction\",\"target\":{\"@type\":\"EntryPoint\",\"urlTemplate\":\"https:\/\/360scooters.com\/es\/?s={search_term_string}\"},\"query-input\":{\"@type\":\"PropertyValueSpecification\",\"valueRequired\":true,\"valueName\":\"search_term_string\"}}],\"inLanguage\":\"es\"},{\"@type\":\"Organization\",\"@id\":\"https:\/\/360scooters.com\/es\/#organization\",\"name\":\"360Scooters - Patinetes el\u00e9ctricos en Pen\u00ednsula y Baleares - Patinetes Madrid - Patinetes Alicante - Patinetes Barcelona\",\"url\":\"https:\/\/360scooters.com\/es\/\",\"logo\":{\"@type\":\"ImageObject\",\"inLanguage\":\"es\",\"@id\":\"https:\/\/360scooters.com\/es\/#\/schema\/logo\/image\/\",\"url\":\"https:\/\/360scooters.com\/es\/wp-content\/uploads\/sites\/2\/2024\/02\/logo-claimweb-e1727166047230.png\",\"contentUrl\":\"https:\/\/360scooters.com\/es\/wp-content\/uploads\/sites\/2\/2024\/02\/logo-claimweb-e1727166047230.png\",\"width\":214,\"height\":54,\"caption\":\"360Scooters - Patinetes el\u00e9ctricos en Pen\u00ednsula y Baleares - Patinetes Madrid - Patinetes Alicante - Patinetes Barcelona\"},\"image\":{\"@id\":\"https:\/\/360scooters.com\/es\/#\/schema\/logo\/image\/\"}}]}<\/script>\n<!-- \/ Yoast SEO plugin. -->","yoast_head_json":{"title":"Llave de contacto para patinete Smartgyro (Plug&Play) - 360Scooters | Tienda-taller de patinetes el\u00e9ctricos","robots":{"index":"index","follow":"follow","max-snippet":"max-snippet:-1","max-image-preview":"max-image-preview:large","max-video-preview":"max-video-preview:-1"},"canonical":"https:\/\/360scooters.com\/es\/producto\/llave-de-contacto-para-patinete-smartgyro-plugplay\/","og_locale":"es_ES","og_type":"article","og_title":"Llave de contacto para patinete Smartgyro (Plug&Play) - 360Scooters | Tienda-taller de patinetes el\u00e9ctricos","og_description":"Mejora la seguridad de tu patinete Smartgyro con esta llave de contacto Plug&amp;Play, f\u00e1cil de instalar y usar. Protege tu veh\u00edculo de accesos no autorizados y enci\u00e9ndelo c\u00f3modamente con una llave f\u00edsica. \u00a1Instalaci\u00f3n r\u00e1pida y mayor tranquilidad en cada trayecto!","og_url":"https:\/\/360scooters.com\/es\/producto\/llave-de-contacto-para-patinete-smartgyro-plugplay\/","og_site_name":"360Scooters | Tienda-taller de patinetes el\u00e9ctricos","og_image":[{"width":1080,"height":1080,"url":"https:\/\/360scooters.com\/es\/wp-content\/uploads\/sites\/2\/2025\/02\/E49956-2024-12-02T115150.298.jpg","type":"image\/jpeg"}],"twitter_card":"summary_large_image","twitter_misc":{"Tiempo de lectura":"1 minuto"},"schema":{"@context":"https:\/\/schema.org","@graph":[{"@type":"WebPage","@id":"https:\/\/360scooters.com\/es\/producto\/llave-de-contacto-para-patinete-smartgyro-plugplay\/","url":"https:\/\/360scooters.com\/es\/producto\/llave-de-contacto-para-patinete-smartgyro-plugplay\/","name":"Llave de contacto para patinete Smartgyro (Plug&Play) - 360Scooters | Tienda-taller de patinetes el\u00e9ctricos","isPartOf":{"@id":"https:\/\/360scooters.com\/es\/#website"},"primaryImageOfPage":{"@id":"https:\/\/360scooters.com\/es\/producto\/llave-de-contacto-para-patinete-smartgyro-plugplay\/#primaryimage"},"image":{"@id":"https:\/\/360scooters.com\/es\/producto\/llave-de-contacto-para-patinete-smartgyro-plugplay\/#primaryimage"},"thumbnailUrl":"https:\/\/360scooters.com\/es\/wp-content\/uploads\/sites\/2\/2025\/02\/E49956-2024-12-02T115150.298.jpg","datePublished":"2025-02-14T12:18:17+00:00","breadcrumb":{"@id":"https:\/\/360scooters.com\/es\/producto\/llave-de-contacto-para-patinete-smartgyro-plugplay\/#breadcrumb"},"inLanguage":"es","potentialAction":[{"@type":"ReadAction","target":["https:\/\/360scooters.com\/es\/producto\/llave-de-contacto-para-patinete-smartgyro-plugplay\/"]}]},{"@type":"ImageObject","inLanguage":"es","@id":"https:\/\/360scooters.com\/es\/producto\/llave-de-contacto-para-patinete-smartgyro-plugplay\/#primaryimage","url":"https:\/\/360scooters.com\/es\/wp-content\/uploads\/sites\/2\/2025\/02\/E49956-2024-12-02T115150.298.jpg","contentUrl":"https:\/\/360scooters.com\/es\/wp-content\/uploads\/sites\/2\/2025\/02\/E49956-2024-12-02T115150.298.jpg","width":1080,"height":1080,"caption":"Llave de contacto para patinete Smartgyro (Plug&Play)"},{"@type":"BreadcrumbList","@id":"https:\/\/360scooters.com\/es\/producto\/llave-de-contacto-para-patinete-smartgyro-plugplay\/#breadcrumb","itemListElement":[{"@type":"ListItem","position":1,"name":"Portada","item":"https:\/\/360scooters.com\/es\/"},{"@type":"ListItem","position":2,"name":"Tienda","item":"https:\/\/360scooters.com\/es\/tienda\/"},{"@type":"ListItem","position":3,"name":"Llave de contacto para patinete Smartgyro (Plug&#038;Play)"}]},{"@type":"WebSite","@id":"https:\/\/360scooters.com\/es\/#website","url":"https:\/\/360scooters.com\/es\/","name":"360Scooters - Patinetes el\u00e9ctricos en Pen\u00ednsula y Baleares - Patinetes Madrid - Patinetes Alicante - Patinetes Barcelona","description":"","publisher":{"@id":"https:\/\/360scooters.com\/es\/#organization"},"potentialAction":[{"@type":"SearchAction","target":{"@type":"EntryPoint","urlTemplate":"https:\/\/360scooters.com\/es\/?s={search_term_string}"},"query-input":{"@type":"PropertyValueSpecification","valueRequired":true,"valueName":"search_term_string"}}],"inLanguage":"es"},{"@type":"Organization","@id":"https:\/\/360scooters.com\/es\/#organization","name":"360Scooters - Patinetes el\u00e9ctricos en Pen\u00ednsula y Baleares - Patinetes Madrid - Patinetes Alicante - Patinetes Barcelona","url":"https:\/\/360scooters.com\/es\/","logo":{"@type":"ImageObject","inLanguage":"es","@id":"https:\/\/360scooters.com\/es\/#\/schema\/logo\/image\/","url":"https:\/\/360scooters.com\/es\/wp-content\/uploads\/sites\/2\/2024\/02\/logo-claimweb-e1727166047230.png","contentUrl":"https:\/\/360scooters.com\/es\/wp-content\/uploads\/sites\/2\/2024\/02\/logo-claimweb-e1727166047230.png","width":214,"height":54,"caption":"360Scooters - Patinetes el\u00e9ctricos en Pen\u00ednsula y Baleares - Patinetes Madrid - Patinetes Alicante - Patinetes Barcelona"},"image":{"@id":"https:\/\/360scooters.com\/es\/#\/schema\/logo\/image\/"}}]}},"_links":{"self":[{"href":"https:\/\/360scooters.com\/es\/wp-json\/wp\/v2\/product\/6810","targetHints":{"allow":["GET"]}}],"collection":[{"href":"https:\/\/360scooters.com\/es\/wp-json\/wp\/v2\/product"}],"about":[{"href":"https:\/\/360scooters.com\/es\/wp-json\/wp\/v2\/types\/product"}],"version-history":[{"count":1,"href":"https:\/\/360scooters.com\/es\/wp-json\/wp\/v2\/product\/6810\/revisions"}],"predecessor-version":[{"id":6812,"href":"https:\/\/360scooters.com\/es\/wp-json\/wp\/v2\/product\/6810\/revisions\/6812"}],"wp:featuredmedia":[{"embeddable":true,"href":"https:\/\/360scooters.com\/es\/wp-json\/wp\/v2\/media\/6811"}],"wp:attachment":[{"href":"https:\/\/360scooters.com\/es\/wp-json\/wp\/v2\/media?parent=6810"}],"wp:term":[{"taxonomy":"product_brand","embeddable":true,"href":"https:\/\/360scooters.com\/es\/wp-json\/wp\/v2\/product_brand?post=6810"},{"taxonomy":"product_cat","embeddable":true,"href":"https:\/\/360scooters.com\/es\/wp-json\/wp\/v2\/product_cat?post=6810"},{"taxonomy":"product_tag","embeddable":true,"href":"https:\/\/360scooters.com\/es\/wp-json\/wp\/v2\/product_tag?post=6810"},{"taxonomy":"scooter_compatibility","embeddable":true,"href":"https:\/\/360scooters.com\/es\/wp-json\/wp\/v2\/scooter_compatibility?post=6810"}],"curies":[{"name":"wp","href":"https:\/\/api.w.org\/{rel}","templated":true}]}}