{"id":6754,"date":"2025-02-07T11:55:36","date_gmt":"2025-02-07T10:55:36","guid":{"rendered":"https:\/\/360scooters.com\/es\/?post_type=product&#038;p=6754"},"modified":"2025-02-10T13:45:47","modified_gmt":"2025-02-10T12:45:47","slug":"recogida-vinilo-instalacion","status":"publish","type":"product","link":"https:\/\/360scooters.com\/es\/producto\/recogida-vinilo-instalacion\/","title":{"rendered":"Recogida + vinilo + instalaci\u00f3n"},"content":{"rendered":"<h2>Servicio de recogida, colocado de vinilo y entrega a domicilio<\/h2>\n<p>Si te gusta alguno de los modelos de los vinilos para patinete el\u00e9ctrico de 360Scooters by Stylish Scooters y no te atreves a colocarlos t\u00fa mismo (aunque, con paciencia los colocas seguro que en un tris), te damos la opci\u00f3n de que te recojamos el patinete en tu domicilio y nos pongamos con ello r\u00e1pidamente \u00bfQu\u00e9 c\u00f3mo funciona? Sencillito:<\/p>\n<ol>\n<li>Haz la compra de tu servicio de recogida + vinilo. En tu direcci\u00f3n al acabar el pedido indica d\u00f3nde quieres que te recojamos el patinete. Deber\u00e1s seleccionar el tipo de modelo de tu patinete.<\/li>\n<li>Una vez hecho la compra, nos pondremos en contacto contigo para confirmar los datos de recogida y, tambi\u00e9n c\u00f3mo no, qu\u00e9 dise\u00f1o de vinilo quieres en tu patinete. As\u00ed que tendr\u00e1s tiempo para pensarlo.<\/li>\n<li>Deber\u00e1s envolver y proteger bien tu patinete. Si tienes su caja original mejor que mejor. Si no, envu\u00e9lvelo en cajas rotas y emb\u00e1lalo con precinto. Deber\u00e1s protegerlo bien para que la empresa de mensajer\u00eda te lo pueda recoger. Tranquilo, te orientaremos c\u00f3mo embalarlo en todo momento.<\/li>\n<li>Una vez llegue el patinete a nuestros talleres, nos ponemos con \u00e9l. Tendr\u00e1 prioridad absoluta. Eso s\u00ed, recuerda que en ocasiones los dise\u00f1os de los vinilos entran a producci\u00f3n por lo que podr\u00eda retrasarse entre 24\/48h. Pero en cuanto los tengamos, -\u00a1o si los tenemos ya disponibles!- nos ponemos con ello.<\/li>\n<li>Te mandaremos fotos de c\u00f3mo sale el patinete de nuestras instalaciones.<\/li>\n<li>Te llegar\u00e1 a tu domicilio -o a otra direcci\u00f3n que nos indiques- igualmente embalado.<\/li>\n<li><strong>\u00a1A disfrutarlo!<\/strong><\/li>\n<\/ol>\n","protected":false},"excerpt":{"rendered":"<p>\u00bfQuieres un vinilo de 360Scooters by Stylish Scooters y no sabes colocarlo o no te atreves?\u00a0<strong>\u00a1No te preocupes!<\/strong> Recogemos tu patinete, le colocamos los vinilos y te lo devolvemos en tu domicilio. R\u00e1pido, eficaz, y econ\u00f3mico&#8230;<\/p>\n","protected":false},"featured_media":6756,"template":"","meta":[],"product_brand":[],"product_cat":[119],"product_tag":[235],"scooter_compatibility":[],"class_list":{"0":"post-6754","1":"product","2":"type-product","3":"status-publish","4":"has-post-thumbnail","6":"product_cat-servicios-taller","7":"product_tag-instalacion-distancia","9":"first","10":"instock","11":"taxable","12":"shipping-taxable","13":"purchasable","14":"product-type-variable"},"yoast_head":"<!-- This site is optimized with the Yoast SEO plugin v26.9 - https:\/\/yoast.com\/product\/yoast-seo-wordpress\/ -->\n<title>Recogida + vinilo + instalaci\u00f3n - 360Scooters | Tienda-taller de patinetes el\u00e9ctricos<\/title>\n<meta name=\"robots\" content=\"index, follow, max-snippet:-1, max-image-preview:large, max-video-preview:-1\" \/>\n<link rel=\"canonical\" href=\"https:\/\/360scooters.com\/es\/producto\/recogida-vinilo-instalacion\/\" \/>\n<meta property=\"og:locale\" content=\"es_ES\" \/>\n<meta property=\"og:type\" content=\"article\" \/>\n<meta property=\"og:title\" content=\"Recogida + vinilo + instalaci\u00f3n - 360Scooters | Tienda-taller de patinetes el\u00e9ctricos\" \/>\n<meta property=\"og:description\" content=\"\u00bfQuieres un vinilo de 360Scooters by Stylish Scooters y no sabes colocarlo o no te atreves?\u00a0\u00a1No te preocupes! Recogemos tu patinete, le colocamos los vinilos y te lo devolvemos en tu domicilio. R\u00e1pido, eficaz, y econ\u00f3mico...\" \/>\n<meta property=\"og:url\" content=\"https:\/\/360scooters.com\/es\/producto\/recogida-vinilo-instalacion\/\" \/>\n<meta property=\"og:site_name\" content=\"360Scooters | Tienda-taller de patinetes el\u00e9ctricos\" \/>\n<meta property=\"article:modified_time\" content=\"2025-02-10T12:45:47+00:00\" \/>\n<meta property=\"og:image\" content=\"https:\/\/360scooters.com\/es\/wp-content\/uploads\/sites\/2\/2025\/02\/MINIATURA-PRODUCTO-23.png\" \/>\n\t<meta property=\"og:image:width\" content=\"1080\" \/>\n\t<meta property=\"og:image:height\" content=\"1080\" \/>\n\t<meta property=\"og:image:type\" content=\"image\/png\" \/>\n<meta name=\"twitter:card\" content=\"summary_large_image\" \/>\n<meta name=\"twitter:label1\" content=\"Tiempo de lectura\" \/>\n\t<meta name=\"twitter:data1\" content=\"2 minutos\" \/>\n<script type=\"application\/ld+json\" class=\"yoast-schema-graph\">{\"@context\":\"https:\/\/schema.org\",\"@graph\":[{\"@type\":\"WebPage\",\"@id\":\"https:\/\/360scooters.com\/es\/producto\/recogida-vinilo-instalacion\/\",\"url\":\"https:\/\/360scooters.com\/es\/producto\/recogida-vinilo-instalacion\/\",\"name\":\"Recogida + vinilo + instalaci\u00f3n - 360Scooters | Tienda-taller de patinetes el\u00e9ctricos\",\"isPartOf\":{\"@id\":\"https:\/\/360scooters.com\/es\/#website\"},\"primaryImageOfPage\":{\"@id\":\"https:\/\/360scooters.com\/es\/producto\/recogida-vinilo-instalacion\/#primaryimage\"},\"image\":{\"@id\":\"https:\/\/360scooters.com\/es\/producto\/recogida-vinilo-instalacion\/#primaryimage\"},\"thumbnailUrl\":\"https:\/\/360scooters.com\/es\/wp-content\/uploads\/sites\/2\/2025\/02\/MINIATURA-PRODUCTO-23.png\",\"datePublished\":\"2025-02-07T10:55:36+00:00\",\"dateModified\":\"2025-02-10T12:45:47+00:00\",\"breadcrumb\":{\"@id\":\"https:\/\/360scooters.com\/es\/producto\/recogida-vinilo-instalacion\/#breadcrumb\"},\"inLanguage\":\"es\",\"potentialAction\":[{\"@type\":\"ReadAction\",\"target\":[\"https:\/\/360scooters.com\/es\/producto\/recogida-vinilo-instalacion\/\"]}]},{\"@type\":\"ImageObject\",\"inLanguage\":\"es\",\"@id\":\"https:\/\/360scooters.com\/es\/producto\/recogida-vinilo-instalacion\/#primaryimage\",\"url\":\"https:\/\/360scooters.com\/es\/wp-content\/uploads\/sites\/2\/2025\/02\/MINIATURA-PRODUCTO-23.png\",\"contentUrl\":\"https:\/\/360scooters.com\/es\/wp-content\/uploads\/sites\/2\/2025\/02\/MINIATURA-PRODUCTO-23.png\",\"width\":1080,\"height\":1080,\"caption\":\"Recogida + vinilo + instalaci\u00f3n\"},{\"@type\":\"BreadcrumbList\",\"@id\":\"https:\/\/360scooters.com\/es\/producto\/recogida-vinilo-instalacion\/#breadcrumb\",\"itemListElement\":[{\"@type\":\"ListItem\",\"position\":1,\"name\":\"Portada\",\"item\":\"https:\/\/360scooters.com\/es\/\"},{\"@type\":\"ListItem\",\"position\":2,\"name\":\"Tienda\",\"item\":\"https:\/\/360scooters.com\/es\/tienda\/\"},{\"@type\":\"ListItem\",\"position\":3,\"name\":\"Recogida + vinilo + instalaci\u00f3n\"}]},{\"@type\":\"WebSite\",\"@id\":\"https:\/\/360scooters.com\/es\/#website\",\"url\":\"https:\/\/360scooters.com\/es\/\",\"name\":\"360Scooters - Patinetes el\u00e9ctricos en Pen\u00ednsula y Baleares - Patinetes Madrid - Patinetes Alicante - Patinetes Barcelona\",\"description\":\"\",\"publisher\":{\"@id\":\"https:\/\/360scooters.com\/es\/#organization\"},\"potentialAction\":[{\"@type\":\"SearchAction\",\"target\":{\"@type\":\"EntryPoint\",\"urlTemplate\":\"https:\/\/360scooters.com\/es\/?s={search_term_string}\"},\"query-input\":{\"@type\":\"PropertyValueSpecification\",\"valueRequired\":true,\"valueName\":\"search_term_string\"}}],\"inLanguage\":\"es\"},{\"@type\":\"Organization\",\"@id\":\"https:\/\/360scooters.com\/es\/#organization\",\"name\":\"360Scooters - Patinetes el\u00e9ctricos en Pen\u00ednsula y Baleares - Patinetes Madrid - Patinetes Alicante - Patinetes Barcelona\",\"url\":\"https:\/\/360scooters.com\/es\/\",\"logo\":{\"@type\":\"ImageObject\",\"inLanguage\":\"es\",\"@id\":\"https:\/\/360scooters.com\/es\/#\/schema\/logo\/image\/\",\"url\":\"https:\/\/360scooters.com\/es\/wp-content\/uploads\/sites\/2\/2024\/02\/logo-claimweb-e1727166047230.png\",\"contentUrl\":\"https:\/\/360scooters.com\/es\/wp-content\/uploads\/sites\/2\/2024\/02\/logo-claimweb-e1727166047230.png\",\"width\":214,\"height\":54,\"caption\":\"360Scooters - Patinetes el\u00e9ctricos en Pen\u00ednsula y Baleares - Patinetes Madrid - Patinetes Alicante - Patinetes Barcelona\"},\"image\":{\"@id\":\"https:\/\/360scooters.com\/es\/#\/schema\/logo\/image\/\"}}]}<\/script>\n<!-- \/ Yoast SEO plugin. -->","yoast_head_json":{"title":"Recogida + vinilo + instalaci\u00f3n - 360Scooters | Tienda-taller de patinetes el\u00e9ctricos","robots":{"index":"index","follow":"follow","max-snippet":"max-snippet:-1","max-image-preview":"max-image-preview:large","max-video-preview":"max-video-preview:-1"},"canonical":"https:\/\/360scooters.com\/es\/producto\/recogida-vinilo-instalacion\/","og_locale":"es_ES","og_type":"article","og_title":"Recogida + vinilo + instalaci\u00f3n - 360Scooters | Tienda-taller de patinetes el\u00e9ctricos","og_description":"\u00bfQuieres un vinilo de 360Scooters by Stylish Scooters y no sabes colocarlo o no te atreves?\u00a0\u00a1No te preocupes! Recogemos tu patinete, le colocamos los vinilos y te lo devolvemos en tu domicilio. R\u00e1pido, eficaz, y econ\u00f3mico...","og_url":"https:\/\/360scooters.com\/es\/producto\/recogida-vinilo-instalacion\/","og_site_name":"360Scooters | Tienda-taller de patinetes el\u00e9ctricos","article_modified_time":"2025-02-10T12:45:47+00:00","og_image":[{"width":1080,"height":1080,"url":"https:\/\/360scooters.com\/es\/wp-content\/uploads\/sites\/2\/2025\/02\/MINIATURA-PRODUCTO-23.png","type":"image\/png"}],"twitter_card":"summary_large_image","twitter_misc":{"Tiempo de lectura":"2 minutos"},"schema":{"@context":"https:\/\/schema.org","@graph":[{"@type":"WebPage","@id":"https:\/\/360scooters.com\/es\/producto\/recogida-vinilo-instalacion\/","url":"https:\/\/360scooters.com\/es\/producto\/recogida-vinilo-instalacion\/","name":"Recogida + vinilo + instalaci\u00f3n - 360Scooters | Tienda-taller de patinetes el\u00e9ctricos","isPartOf":{"@id":"https:\/\/360scooters.com\/es\/#website"},"primaryImageOfPage":{"@id":"https:\/\/360scooters.com\/es\/producto\/recogida-vinilo-instalacion\/#primaryimage"},"image":{"@id":"https:\/\/360scooters.com\/es\/producto\/recogida-vinilo-instalacion\/#primaryimage"},"thumbnailUrl":"https:\/\/360scooters.com\/es\/wp-content\/uploads\/sites\/2\/2025\/02\/MINIATURA-PRODUCTO-23.png","datePublished":"2025-02-07T10:55:36+00:00","dateModified":"2025-02-10T12:45:47+00:00","breadcrumb":{"@id":"https:\/\/360scooters.com\/es\/producto\/recogida-vinilo-instalacion\/#breadcrumb"},"inLanguage":"es","potentialAction":[{"@type":"ReadAction","target":["https:\/\/360scooters.com\/es\/producto\/recogida-vinilo-instalacion\/"]}]},{"@type":"ImageObject","inLanguage":"es","@id":"https:\/\/360scooters.com\/es\/producto\/recogida-vinilo-instalacion\/#primaryimage","url":"https:\/\/360scooters.com\/es\/wp-content\/uploads\/sites\/2\/2025\/02\/MINIATURA-PRODUCTO-23.png","contentUrl":"https:\/\/360scooters.com\/es\/wp-content\/uploads\/sites\/2\/2025\/02\/MINIATURA-PRODUCTO-23.png","width":1080,"height":1080,"caption":"Recogida + vinilo + instalaci\u00f3n"},{"@type":"BreadcrumbList","@id":"https:\/\/360scooters.com\/es\/producto\/recogida-vinilo-instalacion\/#breadcrumb","itemListElement":[{"@type":"ListItem","position":1,"name":"Portada","item":"https:\/\/360scooters.com\/es\/"},{"@type":"ListItem","position":2,"name":"Tienda","item":"https:\/\/360scooters.com\/es\/tienda\/"},{"@type":"ListItem","position":3,"name":"Recogida + vinilo + instalaci\u00f3n"}]},{"@type":"WebSite","@id":"https:\/\/360scooters.com\/es\/#website","url":"https:\/\/360scooters.com\/es\/","name":"360Scooters - Patinetes el\u00e9ctricos en Pen\u00ednsula y Baleares - Patinetes Madrid - Patinetes Alicante - Patinetes Barcelona","description":"","publisher":{"@id":"https:\/\/360scooters.com\/es\/#organization"},"potentialAction":[{"@type":"SearchAction","target":{"@type":"EntryPoint","urlTemplate":"https:\/\/360scooters.com\/es\/?s={search_term_string}"},"query-input":{"@type":"PropertyValueSpecification","valueRequired":true,"valueName":"search_term_string"}}],"inLanguage":"es"},{"@type":"Organization","@id":"https:\/\/360scooters.com\/es\/#organization","name":"360Scooters - Patinetes el\u00e9ctricos en Pen\u00ednsula y Baleares - Patinetes Madrid - Patinetes Alicante - Patinetes Barcelona","url":"https:\/\/360scooters.com\/es\/","logo":{"@type":"ImageObject","inLanguage":"es","@id":"https:\/\/360scooters.com\/es\/#\/schema\/logo\/image\/","url":"https:\/\/360scooters.com\/es\/wp-content\/uploads\/sites\/2\/2024\/02\/logo-claimweb-e1727166047230.png","contentUrl":"https:\/\/360scooters.com\/es\/wp-content\/uploads\/sites\/2\/2024\/02\/logo-claimweb-e1727166047230.png","width":214,"height":54,"caption":"360Scooters - Patinetes el\u00e9ctricos en Pen\u00ednsula y Baleares - Patinetes Madrid - Patinetes Alicante - Patinetes Barcelona"},"image":{"@id":"https:\/\/360scooters.com\/es\/#\/schema\/logo\/image\/"}}]}},"_links":{"self":[{"href":"https:\/\/360scooters.com\/es\/wp-json\/wp\/v2\/product\/6754","targetHints":{"allow":["GET"]}}],"collection":[{"href":"https:\/\/360scooters.com\/es\/wp-json\/wp\/v2\/product"}],"about":[{"href":"https:\/\/360scooters.com\/es\/wp-json\/wp\/v2\/types\/product"}],"version-history":[{"count":4,"href":"https:\/\/360scooters.com\/es\/wp-json\/wp\/v2\/product\/6754\/revisions"}],"predecessor-version":[{"id":6777,"href":"https:\/\/360scooters.com\/es\/wp-json\/wp\/v2\/product\/6754\/revisions\/6777"}],"wp:featuredmedia":[{"embeddable":true,"href":"https:\/\/360scooters.com\/es\/wp-json\/wp\/v2\/media\/6756"}],"wp:attachment":[{"href":"https:\/\/360scooters.com\/es\/wp-json\/wp\/v2\/media?parent=6754"}],"wp:term":[{"taxonomy":"product_brand","embeddable":true,"href":"https:\/\/360scooters.com\/es\/wp-json\/wp\/v2\/product_brand?post=6754"},{"taxonomy":"product_cat","embeddable":true,"href":"https:\/\/360scooters.com\/es\/wp-json\/wp\/v2\/product_cat?post=6754"},{"taxonomy":"product_tag","embeddable":true,"href":"https:\/\/360scooters.com\/es\/wp-json\/wp\/v2\/product_tag?post=6754"},{"taxonomy":"scooter_compatibility","embeddable":true,"href":"https:\/\/360scooters.com\/es\/wp-json\/wp\/v2\/scooter_compatibility?post=6754"}],"curies":[{"name":"wp","href":"https:\/\/api.w.org\/{rel}","templated":true}]}}