{"id":6626,"date":"2025-01-31T11:24:12","date_gmt":"2025-01-31T10:24:12","guid":{"rendered":"https:\/\/360scooters.com\/es\/?post_type=product&#038;p=6626"},"modified":"2025-01-31T11:24:12","modified_gmt":"2025-01-31T10:24:12","slug":"punos-de-silicona-rosas-para-xiaomi-pack2","status":"publish","type":"product","link":"https:\/\/360scooters.com\/es\/producto\/punos-de-silicona-rosas-para-xiaomi-pack2\/","title":{"rendered":"Pu\u00f1os de silicona rosas para Xiaomi &#8211; PACK2"},"content":{"rendered":"<p>Dale un toque de color y comodidad a tu patinete con estos <strong>pu\u00f1os de silicona rosas<\/strong> dise\u00f1ados especialmente para modelos <strong>Xiaomi<\/strong>. No solo mejoran la est\u00e9tica de tu patinete, sino que tambi\u00e9n ofrecen un <strong>agarre c\u00f3modo y antideslizante<\/strong>, ideal para trayectos largos o urbanos.<\/p>\n<p>Fabricados con <strong>silicona de alta calidad<\/strong>, absorben las vibraciones y reducen la fatiga en las manos, garantizando una conducci\u00f3n m\u00e1s confortable. Adem\u00e1s, su instalaci\u00f3n es <strong>sencilla y r\u00e1pida<\/strong>, adapt\u00e1ndose perfectamente al manillar sin necesidad de herramientas complejas.<\/p>\n<p>Si buscas un extra de estilo sin renunciar a la funcionalidad, estos <strong>pu\u00f1os rosas<\/strong> son la elecci\u00f3n perfecta. \u00a1Personaliza tu patinete y destaca en cada ruta!<\/p>\n","protected":false},"excerpt":{"rendered":"<p><strong>Dale color y comodidad a tu patinete Xiaomi<\/strong> con estos <strong>pu\u00f1os de silicona rosa<\/strong>. Antideslizantes, c\u00f3modos y f\u00e1ciles de instalar, aseguran un agarre firme y reducen las vibraciones para una conducci\u00f3n m\u00e1s agradable. \ud83d\udc96\ud83d\udef4<\/p>\n","protected":false},"featured_media":6627,"template":"","meta":[],"product_brand":[],"product_cat":[60],"product_tag":[],"scooter_compatibility":[],"class_list":{"0":"post-6626","1":"product","2":"type-product","3":"status-publish","4":"has-post-thumbnail","6":"product_cat-manillar","8":"first","9":"instock","10":"taxable","11":"shipping-taxable","12":"purchasable","13":"product-type-simple"},"yoast_head":"<!-- This site is optimized with the Yoast SEO plugin v26.9 - https:\/\/yoast.com\/product\/yoast-seo-wordpress\/ -->\n<title>Pu\u00f1os de silicona rosas para Xiaomi - PACK2 - 360Scooters | Tienda-taller de patinetes el\u00e9ctricos<\/title>\n<meta name=\"robots\" content=\"index, follow, max-snippet:-1, max-image-preview:large, max-video-preview:-1\" \/>\n<link rel=\"canonical\" href=\"https:\/\/360scooters.com\/es\/producto\/punos-de-silicona-rosas-para-xiaomi-pack2\/\" \/>\n<meta property=\"og:locale\" content=\"es_ES\" \/>\n<meta property=\"og:type\" content=\"article\" \/>\n<meta property=\"og:title\" content=\"Pu\u00f1os de silicona rosas para Xiaomi - PACK2 - 360Scooters | Tienda-taller de patinetes el\u00e9ctricos\" \/>\n<meta property=\"og:description\" content=\"Dale color y comodidad a tu patinete Xiaomi con estos pu\u00f1os de silicona rosa. Antideslizantes, c\u00f3modos y f\u00e1ciles de instalar, aseguran un agarre firme y reducen las vibraciones para una conducci\u00f3n m\u00e1s agradable. \ud83d\udc96\ud83d\udef4\" \/>\n<meta property=\"og:url\" content=\"https:\/\/360scooters.com\/es\/producto\/punos-de-silicona-rosas-para-xiaomi-pack2\/\" \/>\n<meta property=\"og:site_name\" content=\"360Scooters | Tienda-taller de patinetes el\u00e9ctricos\" \/>\n<meta property=\"og:image\" content=\"https:\/\/360scooters.com\/es\/wp-content\/uploads\/sites\/2\/2025\/01\/punos-de-silicona-rosas-para-xiaomi-2-uds-1.jpg\" \/>\n\t<meta property=\"og:image:width\" content=\"800\" \/>\n\t<meta property=\"og:image:height\" content=\"800\" \/>\n\t<meta property=\"og:image:type\" content=\"image\/jpeg\" \/>\n<meta name=\"twitter:card\" content=\"summary_large_image\" \/>\n<meta name=\"twitter:label1\" content=\"Tiempo de lectura\" \/>\n\t<meta name=\"twitter:data1\" content=\"1 minuto\" \/>\n<script type=\"application\/ld+json\" class=\"yoast-schema-graph\">{\"@context\":\"https:\/\/schema.org\",\"@graph\":[{\"@type\":\"WebPage\",\"@id\":\"https:\/\/360scooters.com\/es\/producto\/punos-de-silicona-rosas-para-xiaomi-pack2\/\",\"url\":\"https:\/\/360scooters.com\/es\/producto\/punos-de-silicona-rosas-para-xiaomi-pack2\/\",\"name\":\"Pu\u00f1os de silicona rosas para Xiaomi - PACK2 - 360Scooters | Tienda-taller de patinetes el\u00e9ctricos\",\"isPartOf\":{\"@id\":\"https:\/\/360scooters.com\/es\/#website\"},\"primaryImageOfPage\":{\"@id\":\"https:\/\/360scooters.com\/es\/producto\/punos-de-silicona-rosas-para-xiaomi-pack2\/#primaryimage\"},\"image\":{\"@id\":\"https:\/\/360scooters.com\/es\/producto\/punos-de-silicona-rosas-para-xiaomi-pack2\/#primaryimage\"},\"thumbnailUrl\":\"https:\/\/360scooters.com\/es\/wp-content\/uploads\/sites\/2\/2025\/01\/punos-de-silicona-rosas-para-xiaomi-2-uds-1.jpg\",\"datePublished\":\"2025-01-31T10:24:12+00:00\",\"breadcrumb\":{\"@id\":\"https:\/\/360scooters.com\/es\/producto\/punos-de-silicona-rosas-para-xiaomi-pack2\/#breadcrumb\"},\"inLanguage\":\"es\",\"potentialAction\":[{\"@type\":\"ReadAction\",\"target\":[\"https:\/\/360scooters.com\/es\/producto\/punos-de-silicona-rosas-para-xiaomi-pack2\/\"]}]},{\"@type\":\"ImageObject\",\"inLanguage\":\"es\",\"@id\":\"https:\/\/360scooters.com\/es\/producto\/punos-de-silicona-rosas-para-xiaomi-pack2\/#primaryimage\",\"url\":\"https:\/\/360scooters.com\/es\/wp-content\/uploads\/sites\/2\/2025\/01\/punos-de-silicona-rosas-para-xiaomi-2-uds-1.jpg\",\"contentUrl\":\"https:\/\/360scooters.com\/es\/wp-content\/uploads\/sites\/2\/2025\/01\/punos-de-silicona-rosas-para-xiaomi-2-uds-1.jpg\",\"width\":800,\"height\":800,\"caption\":\"Pu\u00f1os de silicona rosas para Xiaomi - PACK2\"},{\"@type\":\"BreadcrumbList\",\"@id\":\"https:\/\/360scooters.com\/es\/producto\/punos-de-silicona-rosas-para-xiaomi-pack2\/#breadcrumb\",\"itemListElement\":[{\"@type\":\"ListItem\",\"position\":1,\"name\":\"Portada\",\"item\":\"https:\/\/360scooters.com\/es\/\"},{\"@type\":\"ListItem\",\"position\":2,\"name\":\"Tienda\",\"item\":\"https:\/\/360scooters.com\/es\/tienda\/\"},{\"@type\":\"ListItem\",\"position\":3,\"name\":\"Pu\u00f1os de silicona rosas para Xiaomi &#8211; PACK2\"}]},{\"@type\":\"WebSite\",\"@id\":\"https:\/\/360scooters.com\/es\/#website\",\"url\":\"https:\/\/360scooters.com\/es\/\",\"name\":\"360Scooters - Patinetes el\u00e9ctricos en Pen\u00ednsula y Baleares - Patinetes Madrid - Patinetes Alicante - Patinetes Barcelona\",\"description\":\"\",\"publisher\":{\"@id\":\"https:\/\/360scooters.com\/es\/#organization\"},\"potentialAction\":[{\"@type\":\"SearchAction\",\"target\":{\"@type\":\"EntryPoint\",\"urlTemplate\":\"https:\/\/360scooters.com\/es\/?s={search_term_string}\"},\"query-input\":{\"@type\":\"PropertyValueSpecification\",\"valueRequired\":true,\"valueName\":\"search_term_string\"}}],\"inLanguage\":\"es\"},{\"@type\":\"Organization\",\"@id\":\"https:\/\/360scooters.com\/es\/#organization\",\"name\":\"360Scooters - Patinetes el\u00e9ctricos en Pen\u00ednsula y Baleares - Patinetes Madrid - Patinetes Alicante - Patinetes Barcelona\",\"url\":\"https:\/\/360scooters.com\/es\/\",\"logo\":{\"@type\":\"ImageObject\",\"inLanguage\":\"es\",\"@id\":\"https:\/\/360scooters.com\/es\/#\/schema\/logo\/image\/\",\"url\":\"https:\/\/360scooters.com\/es\/wp-content\/uploads\/sites\/2\/2024\/02\/logo-claimweb-e1727166047230.png\",\"contentUrl\":\"https:\/\/360scooters.com\/es\/wp-content\/uploads\/sites\/2\/2024\/02\/logo-claimweb-e1727166047230.png\",\"width\":214,\"height\":54,\"caption\":\"360Scooters - Patinetes el\u00e9ctricos en Pen\u00ednsula y Baleares - Patinetes Madrid - Patinetes Alicante - Patinetes Barcelona\"},\"image\":{\"@id\":\"https:\/\/360scooters.com\/es\/#\/schema\/logo\/image\/\"}}]}<\/script>\n<!-- \/ Yoast SEO plugin. -->","yoast_head_json":{"title":"Pu\u00f1os de silicona rosas para Xiaomi - PACK2 - 360Scooters | Tienda-taller de patinetes el\u00e9ctricos","robots":{"index":"index","follow":"follow","max-snippet":"max-snippet:-1","max-image-preview":"max-image-preview:large","max-video-preview":"max-video-preview:-1"},"canonical":"https:\/\/360scooters.com\/es\/producto\/punos-de-silicona-rosas-para-xiaomi-pack2\/","og_locale":"es_ES","og_type":"article","og_title":"Pu\u00f1os de silicona rosas para Xiaomi - PACK2 - 360Scooters | Tienda-taller de patinetes el\u00e9ctricos","og_description":"Dale color y comodidad a tu patinete Xiaomi con estos pu\u00f1os de silicona rosa. Antideslizantes, c\u00f3modos y f\u00e1ciles de instalar, aseguran un agarre firme y reducen las vibraciones para una conducci\u00f3n m\u00e1s agradable. \ud83d\udc96\ud83d\udef4","og_url":"https:\/\/360scooters.com\/es\/producto\/punos-de-silicona-rosas-para-xiaomi-pack2\/","og_site_name":"360Scooters | Tienda-taller de patinetes el\u00e9ctricos","og_image":[{"width":800,"height":800,"url":"https:\/\/360scooters.com\/es\/wp-content\/uploads\/sites\/2\/2025\/01\/punos-de-silicona-rosas-para-xiaomi-2-uds-1.jpg","type":"image\/jpeg"}],"twitter_card":"summary_large_image","twitter_misc":{"Tiempo de lectura":"1 minuto"},"schema":{"@context":"https:\/\/schema.org","@graph":[{"@type":"WebPage","@id":"https:\/\/360scooters.com\/es\/producto\/punos-de-silicona-rosas-para-xiaomi-pack2\/","url":"https:\/\/360scooters.com\/es\/producto\/punos-de-silicona-rosas-para-xiaomi-pack2\/","name":"Pu\u00f1os de silicona rosas para Xiaomi - PACK2 - 360Scooters | Tienda-taller de patinetes el\u00e9ctricos","isPartOf":{"@id":"https:\/\/360scooters.com\/es\/#website"},"primaryImageOfPage":{"@id":"https:\/\/360scooters.com\/es\/producto\/punos-de-silicona-rosas-para-xiaomi-pack2\/#primaryimage"},"image":{"@id":"https:\/\/360scooters.com\/es\/producto\/punos-de-silicona-rosas-para-xiaomi-pack2\/#primaryimage"},"thumbnailUrl":"https:\/\/360scooters.com\/es\/wp-content\/uploads\/sites\/2\/2025\/01\/punos-de-silicona-rosas-para-xiaomi-2-uds-1.jpg","datePublished":"2025-01-31T10:24:12+00:00","breadcrumb":{"@id":"https:\/\/360scooters.com\/es\/producto\/punos-de-silicona-rosas-para-xiaomi-pack2\/#breadcrumb"},"inLanguage":"es","potentialAction":[{"@type":"ReadAction","target":["https:\/\/360scooters.com\/es\/producto\/punos-de-silicona-rosas-para-xiaomi-pack2\/"]}]},{"@type":"ImageObject","inLanguage":"es","@id":"https:\/\/360scooters.com\/es\/producto\/punos-de-silicona-rosas-para-xiaomi-pack2\/#primaryimage","url":"https:\/\/360scooters.com\/es\/wp-content\/uploads\/sites\/2\/2025\/01\/punos-de-silicona-rosas-para-xiaomi-2-uds-1.jpg","contentUrl":"https:\/\/360scooters.com\/es\/wp-content\/uploads\/sites\/2\/2025\/01\/punos-de-silicona-rosas-para-xiaomi-2-uds-1.jpg","width":800,"height":800,"caption":"Pu\u00f1os de silicona rosas para Xiaomi - PACK2"},{"@type":"BreadcrumbList","@id":"https:\/\/360scooters.com\/es\/producto\/punos-de-silicona-rosas-para-xiaomi-pack2\/#breadcrumb","itemListElement":[{"@type":"ListItem","position":1,"name":"Portada","item":"https:\/\/360scooters.com\/es\/"},{"@type":"ListItem","position":2,"name":"Tienda","item":"https:\/\/360scooters.com\/es\/tienda\/"},{"@type":"ListItem","position":3,"name":"Pu\u00f1os de silicona rosas para Xiaomi &#8211; PACK2"}]},{"@type":"WebSite","@id":"https:\/\/360scooters.com\/es\/#website","url":"https:\/\/360scooters.com\/es\/","name":"360Scooters - Patinetes el\u00e9ctricos en Pen\u00ednsula y Baleares - Patinetes Madrid - Patinetes Alicante - Patinetes Barcelona","description":"","publisher":{"@id":"https:\/\/360scooters.com\/es\/#organization"},"potentialAction":[{"@type":"SearchAction","target":{"@type":"EntryPoint","urlTemplate":"https:\/\/360scooters.com\/es\/?s={search_term_string}"},"query-input":{"@type":"PropertyValueSpecification","valueRequired":true,"valueName":"search_term_string"}}],"inLanguage":"es"},{"@type":"Organization","@id":"https:\/\/360scooters.com\/es\/#organization","name":"360Scooters - Patinetes el\u00e9ctricos en Pen\u00ednsula y Baleares - Patinetes Madrid - Patinetes Alicante - Patinetes Barcelona","url":"https:\/\/360scooters.com\/es\/","logo":{"@type":"ImageObject","inLanguage":"es","@id":"https:\/\/360scooters.com\/es\/#\/schema\/logo\/image\/","url":"https:\/\/360scooters.com\/es\/wp-content\/uploads\/sites\/2\/2024\/02\/logo-claimweb-e1727166047230.png","contentUrl":"https:\/\/360scooters.com\/es\/wp-content\/uploads\/sites\/2\/2024\/02\/logo-claimweb-e1727166047230.png","width":214,"height":54,"caption":"360Scooters - Patinetes el\u00e9ctricos en Pen\u00ednsula y Baleares - Patinetes Madrid - Patinetes Alicante - Patinetes Barcelona"},"image":{"@id":"https:\/\/360scooters.com\/es\/#\/schema\/logo\/image\/"}}]}},"_links":{"self":[{"href":"https:\/\/360scooters.com\/es\/wp-json\/wp\/v2\/product\/6626","targetHints":{"allow":["GET"]}}],"collection":[{"href":"https:\/\/360scooters.com\/es\/wp-json\/wp\/v2\/product"}],"about":[{"href":"https:\/\/360scooters.com\/es\/wp-json\/wp\/v2\/types\/product"}],"version-history":[{"count":1,"href":"https:\/\/360scooters.com\/es\/wp-json\/wp\/v2\/product\/6626\/revisions"}],"predecessor-version":[{"id":6630,"href":"https:\/\/360scooters.com\/es\/wp-json\/wp\/v2\/product\/6626\/revisions\/6630"}],"wp:featuredmedia":[{"embeddable":true,"href":"https:\/\/360scooters.com\/es\/wp-json\/wp\/v2\/media\/6627"}],"wp:attachment":[{"href":"https:\/\/360scooters.com\/es\/wp-json\/wp\/v2\/media?parent=6626"}],"wp:term":[{"taxonomy":"product_brand","embeddable":true,"href":"https:\/\/360scooters.com\/es\/wp-json\/wp\/v2\/product_brand?post=6626"},{"taxonomy":"product_cat","embeddable":true,"href":"https:\/\/360scooters.com\/es\/wp-json\/wp\/v2\/product_cat?post=6626"},{"taxonomy":"product_tag","embeddable":true,"href":"https:\/\/360scooters.com\/es\/wp-json\/wp\/v2\/product_tag?post=6626"},{"taxonomy":"scooter_compatibility","embeddable":true,"href":"https:\/\/360scooters.com\/es\/wp-json\/wp\/v2\/scooter_compatibility?post=6626"}],"curies":[{"name":"wp","href":"https:\/\/api.w.org\/{rel}","templated":true}]}}