{"id":6233,"date":"2025-01-11T12:53:57","date_gmt":"2025-01-11T11:53:57","guid":{"rendered":"https:\/\/360scooters.com\/es\/?post_type=product&#038;p=6233"},"modified":"2025-01-11T12:57:58","modified_gmt":"2025-01-11T11:57:58","slug":"pastilla-de-freno-sinterizada-xiaomi-18mm-ct003-s","status":"publish","type":"product","link":"https:\/\/360scooters.com\/es\/producto\/pastilla-de-freno-sinterizada-xiaomi-18mm-ct003-s\/","title":{"rendered":"Pastilla de freno sinterizada Xiaomi (18mm &#8211; CT003-S)"},"content":{"rendered":"","protected":false},"excerpt":{"rendered":"<div class=\"flex max-w-full flex-col flex-grow\">\n<div class=\"min-h-8 text-message flex w-full flex-col items-end gap-2 whitespace-normal break-words text-start [.text-message+&amp;]:mt-5\" dir=\"auto\" data-message-author-role=\"assistant\" data-message-id=\"ab2451c0-df0b-4284-bd01-1664d9b2e6b6\" data-message-model-slug=\"gpt-4o\">\n<div class=\"flex w-full flex-col gap-1 empty:hidden first:pt-[3px]\">\n<div class=\"markdown prose w-full break-words dark:prose-invert light\">\n<p>Optimiza la frenada de tu patinete Xiaomi con estas <strong>pastillas sinterizadas CT003-S<\/strong>. Ofrecen alta durabilidad, frenada eficiente y f\u00e1cil instalaci\u00f3n gracias a su dise\u00f1o con tet\u00f3n. Compatibles con varios modelos Xiaomi, son perfectas para quienes buscan seguridad y rendimiento.<\/p>\n<\/div>\n<\/div>\n<\/div>\n<\/div>\n<p>Pastilla de freno compatible con Xiaomi (Essential, 1S, Pro y Pro2)<\/p>\n<p><em>*Es importante revisar las pastillas de freno antes de pedirlas. En algunos modelos podr\u00eda variar.<\/em><\/p>\n","protected":false},"featured_media":6234,"template":"","meta":[],"product_brand":[],"product_cat":[96],"product_tag":[],"scooter_compatibility":[],"class_list":{"0":"post-6233","1":"product","2":"type-product","3":"status-publish","4":"has-post-thumbnail","6":"product_cat-frenos","7":"pa_compatible-con-xiaomi","8":"pa_marca-ewheel","10":"first","11":"instock","12":"taxable","13":"shipping-taxable","14":"purchasable","15":"product-type-simple"},"yoast_head":"<!-- This site is optimized with the Yoast SEO plugin v26.9 - https:\/\/yoast.com\/product\/yoast-seo-wordpress\/ -->\n<title>Pastilla de freno sinterizada Xiaomi (18mm - CT003-S) - 360Scooters | Tienda-taller de patinetes el\u00e9ctricos<\/title>\n<meta name=\"robots\" content=\"index, follow, max-snippet:-1, max-image-preview:large, max-video-preview:-1\" \/>\n<link rel=\"canonical\" href=\"https:\/\/360scooters.com\/es\/producto\/pastilla-de-freno-sinterizada-xiaomi-18mm-ct003-s\/\" \/>\n<meta property=\"og:locale\" content=\"es_ES\" \/>\n<meta property=\"og:type\" content=\"article\" \/>\n<meta property=\"og:title\" content=\"Pastilla de freno sinterizada Xiaomi (18mm - CT003-S) - 360Scooters | Tienda-taller de patinetes el\u00e9ctricos\" \/>\n<meta property=\"og:description\" content=\"Optimiza la frenada de tu patinete Xiaomi con estas pastillas sinterizadas CT003-S. Ofrecen alta durabilidad, frenada eficiente y f\u00e1cil instalaci\u00f3n gracias a su dise\u00f1o con tet\u00f3n. Compatibles con varios modelos Xiaomi, son perfectas para quienes buscan seguridad y rendimiento.      Pastilla de freno compatible con Xiaomi (Essential, 1S, Pro y Pro2)  *Es importante revisar las pastillas de freno antes de pedirlas. En algunos modelos podr\u00eda variar.\" \/>\n<meta property=\"og:url\" content=\"https:\/\/360scooters.com\/es\/producto\/pastilla-de-freno-sinterizada-xiaomi-18mm-ct003-s\/\" \/>\n<meta property=\"og:site_name\" content=\"360Scooters | Tienda-taller de patinetes el\u00e9ctricos\" \/>\n<meta property=\"article:modified_time\" content=\"2025-01-11T11:57:58+00:00\" \/>\n<meta property=\"og:image\" content=\"https:\/\/360scooters.com\/es\/wp-content\/uploads\/sites\/2\/2025\/01\/MINIATURA-PRODUCTO-9-2.png\" \/>\n\t<meta property=\"og:image:width\" content=\"1080\" \/>\n\t<meta property=\"og:image:height\" content=\"1080\" \/>\n\t<meta property=\"og:image:type\" content=\"image\/png\" \/>\n<meta name=\"twitter:card\" content=\"summary_large_image\" \/>\n<meta name=\"twitter:label1\" content=\"Tiempo de lectura\" \/>\n\t<meta name=\"twitter:data1\" content=\"1 minuto\" \/>\n<script type=\"application\/ld+json\" class=\"yoast-schema-graph\">{\"@context\":\"https:\/\/schema.org\",\"@graph\":[{\"@type\":\"WebPage\",\"@id\":\"https:\/\/360scooters.com\/es\/producto\/pastilla-de-freno-sinterizada-xiaomi-18mm-ct003-s\/\",\"url\":\"https:\/\/360scooters.com\/es\/producto\/pastilla-de-freno-sinterizada-xiaomi-18mm-ct003-s\/\",\"name\":\"Pastilla de freno sinterizada Xiaomi (18mm - CT003-S) - 360Scooters | Tienda-taller de patinetes el\u00e9ctricos\",\"isPartOf\":{\"@id\":\"https:\/\/360scooters.com\/es\/#website\"},\"primaryImageOfPage\":{\"@id\":\"https:\/\/360scooters.com\/es\/producto\/pastilla-de-freno-sinterizada-xiaomi-18mm-ct003-s\/#primaryimage\"},\"image\":{\"@id\":\"https:\/\/360scooters.com\/es\/producto\/pastilla-de-freno-sinterizada-xiaomi-18mm-ct003-s\/#primaryimage\"},\"thumbnailUrl\":\"https:\/\/360scooters.com\/es\/wp-content\/uploads\/sites\/2\/2025\/01\/MINIATURA-PRODUCTO-9-2.png\",\"datePublished\":\"2025-01-11T11:53:57+00:00\",\"dateModified\":\"2025-01-11T11:57:58+00:00\",\"breadcrumb\":{\"@id\":\"https:\/\/360scooters.com\/es\/producto\/pastilla-de-freno-sinterizada-xiaomi-18mm-ct003-s\/#breadcrumb\"},\"inLanguage\":\"es\",\"potentialAction\":[{\"@type\":\"ReadAction\",\"target\":[\"https:\/\/360scooters.com\/es\/producto\/pastilla-de-freno-sinterizada-xiaomi-18mm-ct003-s\/\"]}]},{\"@type\":\"ImageObject\",\"inLanguage\":\"es\",\"@id\":\"https:\/\/360scooters.com\/es\/producto\/pastilla-de-freno-sinterizada-xiaomi-18mm-ct003-s\/#primaryimage\",\"url\":\"https:\/\/360scooters.com\/es\/wp-content\/uploads\/sites\/2\/2025\/01\/MINIATURA-PRODUCTO-9-2.png\",\"contentUrl\":\"https:\/\/360scooters.com\/es\/wp-content\/uploads\/sites\/2\/2025\/01\/MINIATURA-PRODUCTO-9-2.png\",\"width\":1080,\"height\":1080,\"caption\":\"Pastilla de freno sinterizada Xiaomi (18mm - CT003-S)\"},{\"@type\":\"BreadcrumbList\",\"@id\":\"https:\/\/360scooters.com\/es\/producto\/pastilla-de-freno-sinterizada-xiaomi-18mm-ct003-s\/#breadcrumb\",\"itemListElement\":[{\"@type\":\"ListItem\",\"position\":1,\"name\":\"Portada\",\"item\":\"https:\/\/360scooters.com\/es\/\"},{\"@type\":\"ListItem\",\"position\":2,\"name\":\"Tienda\",\"item\":\"https:\/\/360scooters.com\/es\/tienda\/\"},{\"@type\":\"ListItem\",\"position\":3,\"name\":\"Pastilla de freno sinterizada Xiaomi (18mm &#8211; CT003-S)\"}]},{\"@type\":\"WebSite\",\"@id\":\"https:\/\/360scooters.com\/es\/#website\",\"url\":\"https:\/\/360scooters.com\/es\/\",\"name\":\"360Scooters - Patinetes el\u00e9ctricos en Pen\u00ednsula y Baleares - Patinetes Madrid - Patinetes Alicante - Patinetes Barcelona\",\"description\":\"\",\"publisher\":{\"@id\":\"https:\/\/360scooters.com\/es\/#organization\"},\"potentialAction\":[{\"@type\":\"SearchAction\",\"target\":{\"@type\":\"EntryPoint\",\"urlTemplate\":\"https:\/\/360scooters.com\/es\/?s={search_term_string}\"},\"query-input\":{\"@type\":\"PropertyValueSpecification\",\"valueRequired\":true,\"valueName\":\"search_term_string\"}}],\"inLanguage\":\"es\"},{\"@type\":\"Organization\",\"@id\":\"https:\/\/360scooters.com\/es\/#organization\",\"name\":\"360Scooters - Patinetes el\u00e9ctricos en Pen\u00ednsula y Baleares - Patinetes Madrid - Patinetes Alicante - Patinetes Barcelona\",\"url\":\"https:\/\/360scooters.com\/es\/\",\"logo\":{\"@type\":\"ImageObject\",\"inLanguage\":\"es\",\"@id\":\"https:\/\/360scooters.com\/es\/#\/schema\/logo\/image\/\",\"url\":\"https:\/\/360scooters.com\/es\/wp-content\/uploads\/sites\/2\/2024\/02\/logo-claimweb-e1727166047230.png\",\"contentUrl\":\"https:\/\/360scooters.com\/es\/wp-content\/uploads\/sites\/2\/2024\/02\/logo-claimweb-e1727166047230.png\",\"width\":214,\"height\":54,\"caption\":\"360Scooters - Patinetes el\u00e9ctricos en Pen\u00ednsula y Baleares - Patinetes Madrid - Patinetes Alicante - Patinetes Barcelona\"},\"image\":{\"@id\":\"https:\/\/360scooters.com\/es\/#\/schema\/logo\/image\/\"}}]}<\/script>\n<!-- \/ Yoast SEO plugin. -->","yoast_head_json":{"title":"Pastilla de freno sinterizada Xiaomi (18mm - CT003-S) - 360Scooters | Tienda-taller de patinetes el\u00e9ctricos","robots":{"index":"index","follow":"follow","max-snippet":"max-snippet:-1","max-image-preview":"max-image-preview:large","max-video-preview":"max-video-preview:-1"},"canonical":"https:\/\/360scooters.com\/es\/producto\/pastilla-de-freno-sinterizada-xiaomi-18mm-ct003-s\/","og_locale":"es_ES","og_type":"article","og_title":"Pastilla de freno sinterizada Xiaomi (18mm - CT003-S) - 360Scooters | Tienda-taller de patinetes el\u00e9ctricos","og_description":"Optimiza la frenada de tu patinete Xiaomi con estas pastillas sinterizadas CT003-S. Ofrecen alta durabilidad, frenada eficiente y f\u00e1cil instalaci\u00f3n gracias a su dise\u00f1o con tet\u00f3n. Compatibles con varios modelos Xiaomi, son perfectas para quienes buscan seguridad y rendimiento.      Pastilla de freno compatible con Xiaomi (Essential, 1S, Pro y Pro2)  *Es importante revisar las pastillas de freno antes de pedirlas. En algunos modelos podr\u00eda variar.","og_url":"https:\/\/360scooters.com\/es\/producto\/pastilla-de-freno-sinterizada-xiaomi-18mm-ct003-s\/","og_site_name":"360Scooters | Tienda-taller de patinetes el\u00e9ctricos","article_modified_time":"2025-01-11T11:57:58+00:00","og_image":[{"width":1080,"height":1080,"url":"https:\/\/360scooters.com\/es\/wp-content\/uploads\/sites\/2\/2025\/01\/MINIATURA-PRODUCTO-9-2.png","type":"image\/png"}],"twitter_card":"summary_large_image","twitter_misc":{"Tiempo de lectura":"1 minuto"},"schema":{"@context":"https:\/\/schema.org","@graph":[{"@type":"WebPage","@id":"https:\/\/360scooters.com\/es\/producto\/pastilla-de-freno-sinterizada-xiaomi-18mm-ct003-s\/","url":"https:\/\/360scooters.com\/es\/producto\/pastilla-de-freno-sinterizada-xiaomi-18mm-ct003-s\/","name":"Pastilla de freno sinterizada Xiaomi (18mm - CT003-S) - 360Scooters | Tienda-taller de patinetes el\u00e9ctricos","isPartOf":{"@id":"https:\/\/360scooters.com\/es\/#website"},"primaryImageOfPage":{"@id":"https:\/\/360scooters.com\/es\/producto\/pastilla-de-freno-sinterizada-xiaomi-18mm-ct003-s\/#primaryimage"},"image":{"@id":"https:\/\/360scooters.com\/es\/producto\/pastilla-de-freno-sinterizada-xiaomi-18mm-ct003-s\/#primaryimage"},"thumbnailUrl":"https:\/\/360scooters.com\/es\/wp-content\/uploads\/sites\/2\/2025\/01\/MINIATURA-PRODUCTO-9-2.png","datePublished":"2025-01-11T11:53:57+00:00","dateModified":"2025-01-11T11:57:58+00:00","breadcrumb":{"@id":"https:\/\/360scooters.com\/es\/producto\/pastilla-de-freno-sinterizada-xiaomi-18mm-ct003-s\/#breadcrumb"},"inLanguage":"es","potentialAction":[{"@type":"ReadAction","target":["https:\/\/360scooters.com\/es\/producto\/pastilla-de-freno-sinterizada-xiaomi-18mm-ct003-s\/"]}]},{"@type":"ImageObject","inLanguage":"es","@id":"https:\/\/360scooters.com\/es\/producto\/pastilla-de-freno-sinterizada-xiaomi-18mm-ct003-s\/#primaryimage","url":"https:\/\/360scooters.com\/es\/wp-content\/uploads\/sites\/2\/2025\/01\/MINIATURA-PRODUCTO-9-2.png","contentUrl":"https:\/\/360scooters.com\/es\/wp-content\/uploads\/sites\/2\/2025\/01\/MINIATURA-PRODUCTO-9-2.png","width":1080,"height":1080,"caption":"Pastilla de freno sinterizada Xiaomi (18mm - CT003-S)"},{"@type":"BreadcrumbList","@id":"https:\/\/360scooters.com\/es\/producto\/pastilla-de-freno-sinterizada-xiaomi-18mm-ct003-s\/#breadcrumb","itemListElement":[{"@type":"ListItem","position":1,"name":"Portada","item":"https:\/\/360scooters.com\/es\/"},{"@type":"ListItem","position":2,"name":"Tienda","item":"https:\/\/360scooters.com\/es\/tienda\/"},{"@type":"ListItem","position":3,"name":"Pastilla de freno sinterizada Xiaomi (18mm &#8211; CT003-S)"}]},{"@type":"WebSite","@id":"https:\/\/360scooters.com\/es\/#website","url":"https:\/\/360scooters.com\/es\/","name":"360Scooters - Patinetes el\u00e9ctricos en Pen\u00ednsula y Baleares - Patinetes Madrid - Patinetes Alicante - Patinetes Barcelona","description":"","publisher":{"@id":"https:\/\/360scooters.com\/es\/#organization"},"potentialAction":[{"@type":"SearchAction","target":{"@type":"EntryPoint","urlTemplate":"https:\/\/360scooters.com\/es\/?s={search_term_string}"},"query-input":{"@type":"PropertyValueSpecification","valueRequired":true,"valueName":"search_term_string"}}],"inLanguage":"es"},{"@type":"Organization","@id":"https:\/\/360scooters.com\/es\/#organization","name":"360Scooters - Patinetes el\u00e9ctricos en Pen\u00ednsula y Baleares - Patinetes Madrid - Patinetes Alicante - Patinetes Barcelona","url":"https:\/\/360scooters.com\/es\/","logo":{"@type":"ImageObject","inLanguage":"es","@id":"https:\/\/360scooters.com\/es\/#\/schema\/logo\/image\/","url":"https:\/\/360scooters.com\/es\/wp-content\/uploads\/sites\/2\/2024\/02\/logo-claimweb-e1727166047230.png","contentUrl":"https:\/\/360scooters.com\/es\/wp-content\/uploads\/sites\/2\/2024\/02\/logo-claimweb-e1727166047230.png","width":214,"height":54,"caption":"360Scooters - Patinetes el\u00e9ctricos en Pen\u00ednsula y Baleares - Patinetes Madrid - Patinetes Alicante - Patinetes Barcelona"},"image":{"@id":"https:\/\/360scooters.com\/es\/#\/schema\/logo\/image\/"}}]}},"_links":{"self":[{"href":"https:\/\/360scooters.com\/es\/wp-json\/wp\/v2\/product\/6233","targetHints":{"allow":["GET"]}}],"collection":[{"href":"https:\/\/360scooters.com\/es\/wp-json\/wp\/v2\/product"}],"about":[{"href":"https:\/\/360scooters.com\/es\/wp-json\/wp\/v2\/types\/product"}],"version-history":[{"count":1,"href":"https:\/\/360scooters.com\/es\/wp-json\/wp\/v2\/product\/6233\/revisions"}],"predecessor-version":[{"id":6236,"href":"https:\/\/360scooters.com\/es\/wp-json\/wp\/v2\/product\/6233\/revisions\/6236"}],"wp:featuredmedia":[{"embeddable":true,"href":"https:\/\/360scooters.com\/es\/wp-json\/wp\/v2\/media\/6234"}],"wp:attachment":[{"href":"https:\/\/360scooters.com\/es\/wp-json\/wp\/v2\/media?parent=6233"}],"wp:term":[{"taxonomy":"product_brand","embeddable":true,"href":"https:\/\/360scooters.com\/es\/wp-json\/wp\/v2\/product_brand?post=6233"},{"taxonomy":"product_cat","embeddable":true,"href":"https:\/\/360scooters.com\/es\/wp-json\/wp\/v2\/product_cat?post=6233"},{"taxonomy":"product_tag","embeddable":true,"href":"https:\/\/360scooters.com\/es\/wp-json\/wp\/v2\/product_tag?post=6233"},{"taxonomy":"scooter_compatibility","embeddable":true,"href":"https:\/\/360scooters.com\/es\/wp-json\/wp\/v2\/scooter_compatibility?post=6233"}],"curies":[{"name":"wp","href":"https:\/\/api.w.org\/{rel}","templated":true}]}}