{"id":6187,"date":"2025-01-10T12:41:36","date_gmt":"2025-01-10T11:41:36","guid":{"rendered":"https:\/\/360scooters.com\/es\/?post_type=product&#038;p=6187"},"modified":"2025-01-10T12:43:45","modified_gmt":"2025-01-10T11:43:45","slug":"base-antideslizante-para-smartgyro-artic-camo","status":"publish","type":"product","link":"https:\/\/360scooters.com\/es\/producto\/base-antideslizante-para-smartgyro-artic-camo\/","title":{"rendered":"Base antideslizante para smartGyro Artic Camo"},"content":{"rendered":"<p>Personaliza tu patinete el\u00e9ctrico <strong>smartGyro<\/strong> con la <strong>base antideslizante Artic Camo<\/strong>, dise\u00f1ada para mejorar tanto la seguridad como el estilo de tu veh\u00edculo. Este vinilo de alta calidad no solo ofrece una excelente tracci\u00f3n para evitar deslizamientos, sino que tambi\u00e9n protege la superficie del chasis contra el desgaste diario.<\/p>\n<p>Con su dise\u00f1o exclusivo <strong>Artic Camo<\/strong>, esta base combina funcionalidad y est\u00e9tica, convirtiendo tu patinete en una pieza \u00fanica que destaca en cada trayecto. Su instalaci\u00f3n es r\u00e1pida y sencilla, adapt\u00e1ndose perfectamente a los modelos smartGyro, para un ajuste preciso y duradero.<\/p>\n<p>Gracias a su material resistente al agua y al uso intensivo, esta base garantiza una larga vida \u00fatil, sin perder su eficacia antideslizante ni su dise\u00f1o llamativo. Ideal para quienes buscan una mayor seguridad al conducir y un look personalizado que refleje su estilo.<\/p>\n<p>Si eres un entusiasta de los patinetes el\u00e9ctricos, la base Hoonigan es el complemento perfecto para transformar tu veh\u00edculo en algo m\u00e1s que un medio de transporte: \u00a1en toda una declaraci\u00f3n de estilo!<\/p>\n","protected":false},"excerpt":{"rendered":"<div class=\"flex max-w-full flex-col flex-grow\">\n<div class=\"min-h-8 text-message flex w-full flex-col items-end gap-2 whitespace-normal break-words text-start [.text-message+&amp;]:mt-5\" dir=\"auto\" data-message-author-role=\"assistant\" data-message-id=\"6bcf960d-0855-46ed-a69e-5e4e8ecf2066\" data-message-model-slug=\"gpt-4o\">\n<div class=\"flex w-full flex-col gap-1 empty:hidden first:pt-[3px]\">\n<div class=\"markdown prose w-full break-words dark:prose-invert light\">\n<p>Dale un toque \u00fanico a tu <strong>smartGyro<\/strong> con la base antideslizante <strong>Artic Camo<\/strong>. Aumenta el agarre, protege el chasis y presume de un dise\u00f1o exclusivo. Resistente, duradera y f\u00e1cil de instalar, es el accesorio ideal para mejorar seguridad y estilo en tu patinete el\u00e9ctrico.<\/p>\n<p><strong>Compatible<\/strong> <strong>con<\/strong>: Rockway, Speedway y Crossover de smartGyro y con ZRino de Zwheel.<\/p>\n<\/div>\n<\/div>\n<\/div>\n<\/div>\n<div class=\"mb-2 flex gap-3 empty:hidden -ml-2\">\n<div class=\"items-center justify-start rounded-xl p-1 flex\">\n<div class=\"flex items-center\">\n<div class=\"flex items-center pb-0\"><\/div>\n<\/div>\n<\/div>\n<\/div>\n","protected":false},"featured_media":6188,"template":"","meta":[],"product_brand":[],"product_cat":[223],"product_tag":[],"scooter_compatibility":[],"class_list":{"0":"post-6187","1":"product","2":"type-product","3":"status-publish","4":"has-post-thumbnail","6":"product_cat-bases-para-smartgyro","8":"first","9":"instock","10":"sale","11":"taxable","12":"shipping-taxable","13":"purchasable","14":"product-type-simple"},"yoast_head":"<!-- This site is optimized with the Yoast SEO plugin v26.9 - https:\/\/yoast.com\/product\/yoast-seo-wordpress\/ -->\n<title>Base antideslizante para smartGyro Artic Camo - 360Scooters | Tienda-taller de patinetes el\u00e9ctricos<\/title>\n<meta name=\"robots\" content=\"index, follow, max-snippet:-1, max-image-preview:large, max-video-preview:-1\" \/>\n<link rel=\"canonical\" href=\"https:\/\/360scooters.com\/es\/producto\/base-antideslizante-para-smartgyro-artic-camo\/\" \/>\n<meta property=\"og:locale\" content=\"es_ES\" \/>\n<meta property=\"og:type\" content=\"article\" \/>\n<meta property=\"og:title\" content=\"Base antideslizante para smartGyro Artic Camo - 360Scooters | Tienda-taller de patinetes el\u00e9ctricos\" \/>\n<meta property=\"og:description\" content=\"Dale un toque \u00fanico a tu smartGyro con la base antideslizante Artic Camo. Aumenta el agarre, protege el chasis y presume de un dise\u00f1o exclusivo. Resistente, duradera y f\u00e1cil de instalar, es el accesorio ideal para mejorar seguridad y estilo en tu patinete el\u00e9ctrico.  Compatible con: Rockway, Speedway y Crossover de smartGyro y con ZRino de Zwheel.\" \/>\n<meta property=\"og:url\" content=\"https:\/\/360scooters.com\/es\/producto\/base-antideslizante-para-smartgyro-artic-camo\/\" \/>\n<meta property=\"og:site_name\" content=\"360Scooters | Tienda-taller de patinetes el\u00e9ctricos\" \/>\n<meta property=\"article:modified_time\" content=\"2025-01-10T11:43:45+00:00\" \/>\n<meta property=\"og:image\" content=\"https:\/\/360scooters.com\/es\/wp-content\/uploads\/sites\/2\/2025\/01\/DESTACADA-PRODUCTOS-GRAL-2.png\" \/>\n\t<meta property=\"og:image:width\" content=\"1080\" \/>\n\t<meta property=\"og:image:height\" content=\"1080\" \/>\n\t<meta property=\"og:image:type\" content=\"image\/png\" \/>\n<meta name=\"twitter:card\" content=\"summary_large_image\" \/>\n<meta name=\"twitter:label1\" content=\"Tiempo de lectura\" \/>\n\t<meta name=\"twitter:data1\" content=\"1 minuto\" \/>\n<script type=\"application\/ld+json\" class=\"yoast-schema-graph\">{\"@context\":\"https:\/\/schema.org\",\"@graph\":[{\"@type\":\"WebPage\",\"@id\":\"https:\/\/360scooters.com\/es\/producto\/base-antideslizante-para-smartgyro-artic-camo\/\",\"url\":\"https:\/\/360scooters.com\/es\/producto\/base-antideslizante-para-smartgyro-artic-camo\/\",\"name\":\"Base antideslizante para smartGyro Artic Camo - 360Scooters | Tienda-taller de patinetes el\u00e9ctricos\",\"isPartOf\":{\"@id\":\"https:\/\/360scooters.com\/es\/#website\"},\"primaryImageOfPage\":{\"@id\":\"https:\/\/360scooters.com\/es\/producto\/base-antideslizante-para-smartgyro-artic-camo\/#primaryimage\"},\"image\":{\"@id\":\"https:\/\/360scooters.com\/es\/producto\/base-antideslizante-para-smartgyro-artic-camo\/#primaryimage\"},\"thumbnailUrl\":\"https:\/\/360scooters.com\/es\/wp-content\/uploads\/sites\/2\/2025\/01\/DESTACADA-PRODUCTOS-GRAL-2.png\",\"datePublished\":\"2025-01-10T11:41:36+00:00\",\"dateModified\":\"2025-01-10T11:43:45+00:00\",\"breadcrumb\":{\"@id\":\"https:\/\/360scooters.com\/es\/producto\/base-antideslizante-para-smartgyro-artic-camo\/#breadcrumb\"},\"inLanguage\":\"es\",\"potentialAction\":[{\"@type\":\"ReadAction\",\"target\":[\"https:\/\/360scooters.com\/es\/producto\/base-antideslizante-para-smartgyro-artic-camo\/\"]}]},{\"@type\":\"ImageObject\",\"inLanguage\":\"es\",\"@id\":\"https:\/\/360scooters.com\/es\/producto\/base-antideslizante-para-smartgyro-artic-camo\/#primaryimage\",\"url\":\"https:\/\/360scooters.com\/es\/wp-content\/uploads\/sites\/2\/2025\/01\/DESTACADA-PRODUCTOS-GRAL-2.png\",\"contentUrl\":\"https:\/\/360scooters.com\/es\/wp-content\/uploads\/sites\/2\/2025\/01\/DESTACADA-PRODUCTOS-GRAL-2.png\",\"width\":1080,\"height\":1080,\"caption\":\"Base antideslizante para smartGyro Artic Camo\"},{\"@type\":\"BreadcrumbList\",\"@id\":\"https:\/\/360scooters.com\/es\/producto\/base-antideslizante-para-smartgyro-artic-camo\/#breadcrumb\",\"itemListElement\":[{\"@type\":\"ListItem\",\"position\":1,\"name\":\"Portada\",\"item\":\"https:\/\/360scooters.com\/es\/\"},{\"@type\":\"ListItem\",\"position\":2,\"name\":\"Tienda\",\"item\":\"https:\/\/360scooters.com\/es\/tienda\/\"},{\"@type\":\"ListItem\",\"position\":3,\"name\":\"Base antideslizante para smartGyro Artic Camo\"}]},{\"@type\":\"WebSite\",\"@id\":\"https:\/\/360scooters.com\/es\/#website\",\"url\":\"https:\/\/360scooters.com\/es\/\",\"name\":\"360Scooters - Patinetes el\u00e9ctricos en Pen\u00ednsula y Baleares - Patinetes Madrid - Patinetes Alicante - Patinetes Barcelona\",\"description\":\"\",\"publisher\":{\"@id\":\"https:\/\/360scooters.com\/es\/#organization\"},\"potentialAction\":[{\"@type\":\"SearchAction\",\"target\":{\"@type\":\"EntryPoint\",\"urlTemplate\":\"https:\/\/360scooters.com\/es\/?s={search_term_string}\"},\"query-input\":{\"@type\":\"PropertyValueSpecification\",\"valueRequired\":true,\"valueName\":\"search_term_string\"}}],\"inLanguage\":\"es\"},{\"@type\":\"Organization\",\"@id\":\"https:\/\/360scooters.com\/es\/#organization\",\"name\":\"360Scooters - Patinetes el\u00e9ctricos en Pen\u00ednsula y Baleares - Patinetes Madrid - Patinetes Alicante - Patinetes Barcelona\",\"url\":\"https:\/\/360scooters.com\/es\/\",\"logo\":{\"@type\":\"ImageObject\",\"inLanguage\":\"es\",\"@id\":\"https:\/\/360scooters.com\/es\/#\/schema\/logo\/image\/\",\"url\":\"https:\/\/360scooters.com\/es\/wp-content\/uploads\/sites\/2\/2024\/02\/logo-claimweb-e1727166047230.png\",\"contentUrl\":\"https:\/\/360scooters.com\/es\/wp-content\/uploads\/sites\/2\/2024\/02\/logo-claimweb-e1727166047230.png\",\"width\":214,\"height\":54,\"caption\":\"360Scooters - Patinetes el\u00e9ctricos en Pen\u00ednsula y Baleares - Patinetes Madrid - Patinetes Alicante - Patinetes Barcelona\"},\"image\":{\"@id\":\"https:\/\/360scooters.com\/es\/#\/schema\/logo\/image\/\"}}]}<\/script>\n<!-- \/ Yoast SEO plugin. -->","yoast_head_json":{"title":"Base antideslizante para smartGyro Artic Camo - 360Scooters | Tienda-taller de patinetes el\u00e9ctricos","robots":{"index":"index","follow":"follow","max-snippet":"max-snippet:-1","max-image-preview":"max-image-preview:large","max-video-preview":"max-video-preview:-1"},"canonical":"https:\/\/360scooters.com\/es\/producto\/base-antideslizante-para-smartgyro-artic-camo\/","og_locale":"es_ES","og_type":"article","og_title":"Base antideslizante para smartGyro Artic Camo - 360Scooters | Tienda-taller de patinetes el\u00e9ctricos","og_description":"Dale un toque \u00fanico a tu smartGyro con la base antideslizante Artic Camo. Aumenta el agarre, protege el chasis y presume de un dise\u00f1o exclusivo. Resistente, duradera y f\u00e1cil de instalar, es el accesorio ideal para mejorar seguridad y estilo en tu patinete el\u00e9ctrico.  Compatible con: Rockway, Speedway y Crossover de smartGyro y con ZRino de Zwheel.","og_url":"https:\/\/360scooters.com\/es\/producto\/base-antideslizante-para-smartgyro-artic-camo\/","og_site_name":"360Scooters | Tienda-taller de patinetes el\u00e9ctricos","article_modified_time":"2025-01-10T11:43:45+00:00","og_image":[{"width":1080,"height":1080,"url":"https:\/\/360scooters.com\/es\/wp-content\/uploads\/sites\/2\/2025\/01\/DESTACADA-PRODUCTOS-GRAL-2.png","type":"image\/png"}],"twitter_card":"summary_large_image","twitter_misc":{"Tiempo de lectura":"1 minuto"},"schema":{"@context":"https:\/\/schema.org","@graph":[{"@type":"WebPage","@id":"https:\/\/360scooters.com\/es\/producto\/base-antideslizante-para-smartgyro-artic-camo\/","url":"https:\/\/360scooters.com\/es\/producto\/base-antideslizante-para-smartgyro-artic-camo\/","name":"Base antideslizante para smartGyro Artic Camo - 360Scooters | Tienda-taller de patinetes el\u00e9ctricos","isPartOf":{"@id":"https:\/\/360scooters.com\/es\/#website"},"primaryImageOfPage":{"@id":"https:\/\/360scooters.com\/es\/producto\/base-antideslizante-para-smartgyro-artic-camo\/#primaryimage"},"image":{"@id":"https:\/\/360scooters.com\/es\/producto\/base-antideslizante-para-smartgyro-artic-camo\/#primaryimage"},"thumbnailUrl":"https:\/\/360scooters.com\/es\/wp-content\/uploads\/sites\/2\/2025\/01\/DESTACADA-PRODUCTOS-GRAL-2.png","datePublished":"2025-01-10T11:41:36+00:00","dateModified":"2025-01-10T11:43:45+00:00","breadcrumb":{"@id":"https:\/\/360scooters.com\/es\/producto\/base-antideslizante-para-smartgyro-artic-camo\/#breadcrumb"},"inLanguage":"es","potentialAction":[{"@type":"ReadAction","target":["https:\/\/360scooters.com\/es\/producto\/base-antideslizante-para-smartgyro-artic-camo\/"]}]},{"@type":"ImageObject","inLanguage":"es","@id":"https:\/\/360scooters.com\/es\/producto\/base-antideslizante-para-smartgyro-artic-camo\/#primaryimage","url":"https:\/\/360scooters.com\/es\/wp-content\/uploads\/sites\/2\/2025\/01\/DESTACADA-PRODUCTOS-GRAL-2.png","contentUrl":"https:\/\/360scooters.com\/es\/wp-content\/uploads\/sites\/2\/2025\/01\/DESTACADA-PRODUCTOS-GRAL-2.png","width":1080,"height":1080,"caption":"Base antideslizante para smartGyro Artic Camo"},{"@type":"BreadcrumbList","@id":"https:\/\/360scooters.com\/es\/producto\/base-antideslizante-para-smartgyro-artic-camo\/#breadcrumb","itemListElement":[{"@type":"ListItem","position":1,"name":"Portada","item":"https:\/\/360scooters.com\/es\/"},{"@type":"ListItem","position":2,"name":"Tienda","item":"https:\/\/360scooters.com\/es\/tienda\/"},{"@type":"ListItem","position":3,"name":"Base antideslizante para smartGyro Artic Camo"}]},{"@type":"WebSite","@id":"https:\/\/360scooters.com\/es\/#website","url":"https:\/\/360scooters.com\/es\/","name":"360Scooters - Patinetes el\u00e9ctricos en Pen\u00ednsula y Baleares - Patinetes Madrid - Patinetes Alicante - Patinetes Barcelona","description":"","publisher":{"@id":"https:\/\/360scooters.com\/es\/#organization"},"potentialAction":[{"@type":"SearchAction","target":{"@type":"EntryPoint","urlTemplate":"https:\/\/360scooters.com\/es\/?s={search_term_string}"},"query-input":{"@type":"PropertyValueSpecification","valueRequired":true,"valueName":"search_term_string"}}],"inLanguage":"es"},{"@type":"Organization","@id":"https:\/\/360scooters.com\/es\/#organization","name":"360Scooters - Patinetes el\u00e9ctricos en Pen\u00ednsula y Baleares - Patinetes Madrid - Patinetes Alicante - Patinetes Barcelona","url":"https:\/\/360scooters.com\/es\/","logo":{"@type":"ImageObject","inLanguage":"es","@id":"https:\/\/360scooters.com\/es\/#\/schema\/logo\/image\/","url":"https:\/\/360scooters.com\/es\/wp-content\/uploads\/sites\/2\/2024\/02\/logo-claimweb-e1727166047230.png","contentUrl":"https:\/\/360scooters.com\/es\/wp-content\/uploads\/sites\/2\/2024\/02\/logo-claimweb-e1727166047230.png","width":214,"height":54,"caption":"360Scooters - Patinetes el\u00e9ctricos en Pen\u00ednsula y Baleares - Patinetes Madrid - Patinetes Alicante - Patinetes Barcelona"},"image":{"@id":"https:\/\/360scooters.com\/es\/#\/schema\/logo\/image\/"}}]}},"_links":{"self":[{"href":"https:\/\/360scooters.com\/es\/wp-json\/wp\/v2\/product\/6187","targetHints":{"allow":["GET"]}}],"collection":[{"href":"https:\/\/360scooters.com\/es\/wp-json\/wp\/v2\/product"}],"about":[{"href":"https:\/\/360scooters.com\/es\/wp-json\/wp\/v2\/types\/product"}],"version-history":[{"count":1,"href":"https:\/\/360scooters.com\/es\/wp-json\/wp\/v2\/product\/6187\/revisions"}],"predecessor-version":[{"id":6190,"href":"https:\/\/360scooters.com\/es\/wp-json\/wp\/v2\/product\/6187\/revisions\/6190"}],"wp:featuredmedia":[{"embeddable":true,"href":"https:\/\/360scooters.com\/es\/wp-json\/wp\/v2\/media\/6188"}],"wp:attachment":[{"href":"https:\/\/360scooters.com\/es\/wp-json\/wp\/v2\/media?parent=6187"}],"wp:term":[{"taxonomy":"product_brand","embeddable":true,"href":"https:\/\/360scooters.com\/es\/wp-json\/wp\/v2\/product_brand?post=6187"},{"taxonomy":"product_cat","embeddable":true,"href":"https:\/\/360scooters.com\/es\/wp-json\/wp\/v2\/product_cat?post=6187"},{"taxonomy":"product_tag","embeddable":true,"href":"https:\/\/360scooters.com\/es\/wp-json\/wp\/v2\/product_tag?post=6187"},{"taxonomy":"scooter_compatibility","embeddable":true,"href":"https:\/\/360scooters.com\/es\/wp-json\/wp\/v2\/scooter_compatibility?post=6187"}],"curies":[{"name":"wp","href":"https:\/\/api.w.org\/{rel}","templated":true}]}}