{"id":5647,"date":"2024-12-06T13:26:59","date_gmt":"2024-12-06T12:26:59","guid":{"rendered":"https:\/\/360scooters.com\/es\/?post_type=product&#038;p=5647"},"modified":"2026-01-05T21:20:32","modified_gmt":"2026-01-05T20:20:32","slug":"compresor-portatil-smart-air-pump-smartgyro","status":"publish","type":"product","link":"https:\/\/360scooters.com\/es\/producto\/compresor-portatil-smart-air-pump-smartgyro\/","title":{"rendered":"Compresor port\u00e1til smart air pump smartGyro"},"content":{"rendered":"<p>Compresor de aire sin cable para patinetes el\u00e9ctricos, coches, motocicletas, bicicletas y balones.<\/p>\n<p><span class=\"a-size-large product-title-word-break\">Caracter\u00edsticas:<\/span><\/p>\n<ul>\n<li>Compresor de aire alimentado por bater\u00eda con una capacidad de inflado de\u00a0hasta 150 PSI<\/li>\n<li>Detecci\u00f3n de presi\u00f3n (man\u00f3metro) con apagado autom\u00e1tico cuando alcanza la medida necesaria<\/li>\n<li>Display Led monocromo con 4 modos de inflado (coche, moto, bicicletas y balones). R\u00e1pido y eficaz<\/li>\n<li>Compacto y port\u00e1til, incorpora una bater\u00eda incorporada 2&#215;2000 mAH con toma para carga por USB<\/li>\n<li>Voltaje de carga: DC 5V \/ 2A<\/li>\n<li>Tama\u00f1o: 153 x 62 x 45mm\/peso 368 Gr<\/li>\n<\/ul>\n","protected":false},"excerpt":{"rendered":"<h4>Bomba de Aire Inteligente con Man\u00f3metro y Bater\u00eda<\/h4>\n<p>Bomba electr\u00f3nica de aire, inteligente y con man\u00f3metro.<\/p>\n","protected":false},"featured_media":5648,"template":"","meta":[],"product_brand":[319],"product_cat":[67],"product_tag":[],"scooter_compatibility":[],"class_list":{"0":"post-5647","1":"product","2":"type-product","3":"status-publish","4":"has-post-thumbnail","6":"product_brand-smartgyro","7":"product_cat-seguridad","8":"pa_marca-smartgyro","10":"first","11":"instock","12":"taxable","13":"shipping-taxable","14":"purchasable","15":"product-type-simple"},"yoast_head":"<!-- This site is optimized with the Yoast SEO plugin v26.9 - https:\/\/yoast.com\/product\/yoast-seo-wordpress\/ -->\n<title>Compresor port\u00e1til smart air pump smartGyro - 360Scooters | Tienda-taller de patinetes el\u00e9ctricos<\/title>\n<meta name=\"robots\" content=\"index, follow, max-snippet:-1, max-image-preview:large, max-video-preview:-1\" \/>\n<link rel=\"canonical\" href=\"https:\/\/360scooters.com\/es\/producto\/compresor-portatil-smart-air-pump-smartgyro\/\" \/>\n<meta property=\"og:locale\" content=\"es_ES\" \/>\n<meta property=\"og:type\" content=\"article\" \/>\n<meta property=\"og:title\" content=\"Compresor port\u00e1til smart air pump smartGyro - 360Scooters | Tienda-taller de patinetes el\u00e9ctricos\" \/>\n<meta property=\"og:description\" content=\"Bomba de Aire Inteligente con Man\u00f3metro y Bater\u00eda Bomba electr\u00f3nica de aire, inteligente y con man\u00f3metro.\" \/>\n<meta property=\"og:url\" content=\"https:\/\/360scooters.com\/es\/producto\/compresor-portatil-smart-air-pump-smartgyro\/\" \/>\n<meta property=\"og:site_name\" content=\"360Scooters | Tienda-taller de patinetes el\u00e9ctricos\" \/>\n<meta property=\"article:modified_time\" content=\"2026-01-05T20:20:32+00:00\" \/>\n<meta property=\"og:image\" content=\"https:\/\/360scooters.com\/es\/wp-content\/uploads\/sites\/2\/2024\/12\/inflador-portatil-smart-air-pump.jpg\" \/>\n\t<meta property=\"og:image:width\" content=\"1500\" \/>\n\t<meta property=\"og:image:height\" content=\"1500\" \/>\n\t<meta property=\"og:image:type\" content=\"image\/jpeg\" \/>\n<meta name=\"twitter:card\" content=\"summary_large_image\" \/>\n<meta name=\"twitter:label1\" content=\"Tiempo de lectura\" \/>\n\t<meta name=\"twitter:data1\" content=\"1 minuto\" \/>\n<script type=\"application\/ld+json\" class=\"yoast-schema-graph\">{\"@context\":\"https:\/\/schema.org\",\"@graph\":[{\"@type\":\"WebPage\",\"@id\":\"https:\/\/360scooters.com\/es\/producto\/compresor-portatil-smart-air-pump-smartgyro\/\",\"url\":\"https:\/\/360scooters.com\/es\/producto\/compresor-portatil-smart-air-pump-smartgyro\/\",\"name\":\"Compresor port\u00e1til smart air pump smartGyro - 360Scooters | Tienda-taller de patinetes el\u00e9ctricos\",\"isPartOf\":{\"@id\":\"https:\/\/360scooters.com\/es\/#website\"},\"primaryImageOfPage\":{\"@id\":\"https:\/\/360scooters.com\/es\/producto\/compresor-portatil-smart-air-pump-smartgyro\/#primaryimage\"},\"image\":{\"@id\":\"https:\/\/360scooters.com\/es\/producto\/compresor-portatil-smart-air-pump-smartgyro\/#primaryimage\"},\"thumbnailUrl\":\"https:\/\/360scooters.com\/es\/wp-content\/uploads\/sites\/2\/2024\/12\/inflador-portatil-smart-air-pump.jpg\",\"datePublished\":\"2024-12-06T12:26:59+00:00\",\"dateModified\":\"2026-01-05T20:20:32+00:00\",\"breadcrumb\":{\"@id\":\"https:\/\/360scooters.com\/es\/producto\/compresor-portatil-smart-air-pump-smartgyro\/#breadcrumb\"},\"inLanguage\":\"es\",\"potentialAction\":[{\"@type\":\"ReadAction\",\"target\":[\"https:\/\/360scooters.com\/es\/producto\/compresor-portatil-smart-air-pump-smartgyro\/\"]}]},{\"@type\":\"ImageObject\",\"inLanguage\":\"es\",\"@id\":\"https:\/\/360scooters.com\/es\/producto\/compresor-portatil-smart-air-pump-smartgyro\/#primaryimage\",\"url\":\"https:\/\/360scooters.com\/es\/wp-content\/uploads\/sites\/2\/2024\/12\/inflador-portatil-smart-air-pump.jpg\",\"contentUrl\":\"https:\/\/360scooters.com\/es\/wp-content\/uploads\/sites\/2\/2024\/12\/inflador-portatil-smart-air-pump.jpg\",\"width\":1500,\"height\":1500,\"caption\":\"Compresor port\u00e1til smart air pump smartGyro\"},{\"@type\":\"BreadcrumbList\",\"@id\":\"https:\/\/360scooters.com\/es\/producto\/compresor-portatil-smart-air-pump-smartgyro\/#breadcrumb\",\"itemListElement\":[{\"@type\":\"ListItem\",\"position\":1,\"name\":\"Portada\",\"item\":\"https:\/\/360scooters.com\/es\/\"},{\"@type\":\"ListItem\",\"position\":2,\"name\":\"Tienda\",\"item\":\"https:\/\/360scooters.com\/es\/tienda\/\"},{\"@type\":\"ListItem\",\"position\":3,\"name\":\"Compresor port\u00e1til smart air pump smartGyro\"}]},{\"@type\":\"WebSite\",\"@id\":\"https:\/\/360scooters.com\/es\/#website\",\"url\":\"https:\/\/360scooters.com\/es\/\",\"name\":\"360Scooters - Patinetes el\u00e9ctricos en Pen\u00ednsula y Baleares - Patinetes Madrid - Patinetes Alicante - Patinetes Barcelona\",\"description\":\"\",\"publisher\":{\"@id\":\"https:\/\/360scooters.com\/es\/#organization\"},\"potentialAction\":[{\"@type\":\"SearchAction\",\"target\":{\"@type\":\"EntryPoint\",\"urlTemplate\":\"https:\/\/360scooters.com\/es\/?s={search_term_string}\"},\"query-input\":{\"@type\":\"PropertyValueSpecification\",\"valueRequired\":true,\"valueName\":\"search_term_string\"}}],\"inLanguage\":\"es\"},{\"@type\":\"Organization\",\"@id\":\"https:\/\/360scooters.com\/es\/#organization\",\"name\":\"360Scooters - Patinetes el\u00e9ctricos en Pen\u00ednsula y Baleares - Patinetes Madrid - Patinetes Alicante - Patinetes Barcelona\",\"url\":\"https:\/\/360scooters.com\/es\/\",\"logo\":{\"@type\":\"ImageObject\",\"inLanguage\":\"es\",\"@id\":\"https:\/\/360scooters.com\/es\/#\/schema\/logo\/image\/\",\"url\":\"https:\/\/360scooters.com\/es\/wp-content\/uploads\/sites\/2\/2024\/02\/logo-claimweb-e1727166047230.png\",\"contentUrl\":\"https:\/\/360scooters.com\/es\/wp-content\/uploads\/sites\/2\/2024\/02\/logo-claimweb-e1727166047230.png\",\"width\":214,\"height\":54,\"caption\":\"360Scooters - Patinetes el\u00e9ctricos en Pen\u00ednsula y Baleares - Patinetes Madrid - Patinetes Alicante - Patinetes Barcelona\"},\"image\":{\"@id\":\"https:\/\/360scooters.com\/es\/#\/schema\/logo\/image\/\"}}]}<\/script>\n<!-- \/ Yoast SEO plugin. -->","yoast_head_json":{"title":"Compresor port\u00e1til smart air pump smartGyro - 360Scooters | Tienda-taller de patinetes el\u00e9ctricos","robots":{"index":"index","follow":"follow","max-snippet":"max-snippet:-1","max-image-preview":"max-image-preview:large","max-video-preview":"max-video-preview:-1"},"canonical":"https:\/\/360scooters.com\/es\/producto\/compresor-portatil-smart-air-pump-smartgyro\/","og_locale":"es_ES","og_type":"article","og_title":"Compresor port\u00e1til smart air pump smartGyro - 360Scooters | Tienda-taller de patinetes el\u00e9ctricos","og_description":"Bomba de Aire Inteligente con Man\u00f3metro y Bater\u00eda Bomba electr\u00f3nica de aire, inteligente y con man\u00f3metro.","og_url":"https:\/\/360scooters.com\/es\/producto\/compresor-portatil-smart-air-pump-smartgyro\/","og_site_name":"360Scooters | Tienda-taller de patinetes el\u00e9ctricos","article_modified_time":"2026-01-05T20:20:32+00:00","og_image":[{"width":1500,"height":1500,"url":"https:\/\/360scooters.com\/es\/wp-content\/uploads\/sites\/2\/2024\/12\/inflador-portatil-smart-air-pump.jpg","type":"image\/jpeg"}],"twitter_card":"summary_large_image","twitter_misc":{"Tiempo de lectura":"1 minuto"},"schema":{"@context":"https:\/\/schema.org","@graph":[{"@type":"WebPage","@id":"https:\/\/360scooters.com\/es\/producto\/compresor-portatil-smart-air-pump-smartgyro\/","url":"https:\/\/360scooters.com\/es\/producto\/compresor-portatil-smart-air-pump-smartgyro\/","name":"Compresor port\u00e1til smart air pump smartGyro - 360Scooters | Tienda-taller de patinetes el\u00e9ctricos","isPartOf":{"@id":"https:\/\/360scooters.com\/es\/#website"},"primaryImageOfPage":{"@id":"https:\/\/360scooters.com\/es\/producto\/compresor-portatil-smart-air-pump-smartgyro\/#primaryimage"},"image":{"@id":"https:\/\/360scooters.com\/es\/producto\/compresor-portatil-smart-air-pump-smartgyro\/#primaryimage"},"thumbnailUrl":"https:\/\/360scooters.com\/es\/wp-content\/uploads\/sites\/2\/2024\/12\/inflador-portatil-smart-air-pump.jpg","datePublished":"2024-12-06T12:26:59+00:00","dateModified":"2026-01-05T20:20:32+00:00","breadcrumb":{"@id":"https:\/\/360scooters.com\/es\/producto\/compresor-portatil-smart-air-pump-smartgyro\/#breadcrumb"},"inLanguage":"es","potentialAction":[{"@type":"ReadAction","target":["https:\/\/360scooters.com\/es\/producto\/compresor-portatil-smart-air-pump-smartgyro\/"]}]},{"@type":"ImageObject","inLanguage":"es","@id":"https:\/\/360scooters.com\/es\/producto\/compresor-portatil-smart-air-pump-smartgyro\/#primaryimage","url":"https:\/\/360scooters.com\/es\/wp-content\/uploads\/sites\/2\/2024\/12\/inflador-portatil-smart-air-pump.jpg","contentUrl":"https:\/\/360scooters.com\/es\/wp-content\/uploads\/sites\/2\/2024\/12\/inflador-portatil-smart-air-pump.jpg","width":1500,"height":1500,"caption":"Compresor port\u00e1til smart air pump smartGyro"},{"@type":"BreadcrumbList","@id":"https:\/\/360scooters.com\/es\/producto\/compresor-portatil-smart-air-pump-smartgyro\/#breadcrumb","itemListElement":[{"@type":"ListItem","position":1,"name":"Portada","item":"https:\/\/360scooters.com\/es\/"},{"@type":"ListItem","position":2,"name":"Tienda","item":"https:\/\/360scooters.com\/es\/tienda\/"},{"@type":"ListItem","position":3,"name":"Compresor port\u00e1til smart air pump smartGyro"}]},{"@type":"WebSite","@id":"https:\/\/360scooters.com\/es\/#website","url":"https:\/\/360scooters.com\/es\/","name":"360Scooters - Patinetes el\u00e9ctricos en Pen\u00ednsula y Baleares - Patinetes Madrid - Patinetes Alicante - Patinetes Barcelona","description":"","publisher":{"@id":"https:\/\/360scooters.com\/es\/#organization"},"potentialAction":[{"@type":"SearchAction","target":{"@type":"EntryPoint","urlTemplate":"https:\/\/360scooters.com\/es\/?s={search_term_string}"},"query-input":{"@type":"PropertyValueSpecification","valueRequired":true,"valueName":"search_term_string"}}],"inLanguage":"es"},{"@type":"Organization","@id":"https:\/\/360scooters.com\/es\/#organization","name":"360Scooters - Patinetes el\u00e9ctricos en Pen\u00ednsula y Baleares - Patinetes Madrid - Patinetes Alicante - Patinetes Barcelona","url":"https:\/\/360scooters.com\/es\/","logo":{"@type":"ImageObject","inLanguage":"es","@id":"https:\/\/360scooters.com\/es\/#\/schema\/logo\/image\/","url":"https:\/\/360scooters.com\/es\/wp-content\/uploads\/sites\/2\/2024\/02\/logo-claimweb-e1727166047230.png","contentUrl":"https:\/\/360scooters.com\/es\/wp-content\/uploads\/sites\/2\/2024\/02\/logo-claimweb-e1727166047230.png","width":214,"height":54,"caption":"360Scooters - Patinetes el\u00e9ctricos en Pen\u00ednsula y Baleares - Patinetes Madrid - Patinetes Alicante - Patinetes Barcelona"},"image":{"@id":"https:\/\/360scooters.com\/es\/#\/schema\/logo\/image\/"}}]}},"_links":{"self":[{"href":"https:\/\/360scooters.com\/es\/wp-json\/wp\/v2\/product\/5647","targetHints":{"allow":["GET"]}}],"collection":[{"href":"https:\/\/360scooters.com\/es\/wp-json\/wp\/v2\/product"}],"about":[{"href":"https:\/\/360scooters.com\/es\/wp-json\/wp\/v2\/types\/product"}],"version-history":[{"count":1,"href":"https:\/\/360scooters.com\/es\/wp-json\/wp\/v2\/product\/5647\/revisions"}],"predecessor-version":[{"id":5662,"href":"https:\/\/360scooters.com\/es\/wp-json\/wp\/v2\/product\/5647\/revisions\/5662"}],"wp:featuredmedia":[{"embeddable":true,"href":"https:\/\/360scooters.com\/es\/wp-json\/wp\/v2\/media\/5648"}],"wp:attachment":[{"href":"https:\/\/360scooters.com\/es\/wp-json\/wp\/v2\/media?parent=5647"}],"wp:term":[{"taxonomy":"product_brand","embeddable":true,"href":"https:\/\/360scooters.com\/es\/wp-json\/wp\/v2\/product_brand?post=5647"},{"taxonomy":"product_cat","embeddable":true,"href":"https:\/\/360scooters.com\/es\/wp-json\/wp\/v2\/product_cat?post=5647"},{"taxonomy":"product_tag","embeddable":true,"href":"https:\/\/360scooters.com\/es\/wp-json\/wp\/v2\/product_tag?post=5647"},{"taxonomy":"scooter_compatibility","embeddable":true,"href":"https:\/\/360scooters.com\/es\/wp-json\/wp\/v2\/scooter_compatibility?post=5647"}],"curies":[{"name":"wp","href":"https:\/\/api.w.org\/{rel}","templated":true}]}}