{"id":5428,"date":"2024-11-30T12:43:54","date_gmt":"2024-11-30T11:43:54","guid":{"rendered":"https:\/\/360scooters.com\/es\/?post_type=product&#038;p=5428"},"modified":"2025-07-23T19:47:57","modified_gmt":"2025-07-23T17:47:57","slug":"juego-de-luces-led-frontal-y-trasera-recargable-ewl002-de-alta-potencia-ewheel","status":"publish","type":"product","link":"https:\/\/360scooters.com\/es\/producto\/juego-de-luces-led-frontal-y-trasera-recargable-ewl002-de-alta-potencia-ewheel\/","title":{"rendered":"Juego de luces led frontal y trasera recargable EWL002 de alta potencia [Ewheel]"},"content":{"rendered":"<p><strong>Juego de luces led frontal y trasera recargable EWL002 de alta potencia<\/strong><\/p>\n<p>El <em>Juego de Luces LED Frontal y Trasera EWL002<\/em> es ideal para quienes buscan m\u00e1xima visibilidad y seguridad al conducir su patinete el\u00e9ctrico, especialmente durante la noche o en condiciones de baja visibilidad. Con una alta potencia de iluminaci\u00f3n, estas luces garantizan una visibilidad excelente tanto al frente como detr\u00e1s del veh\u00edculo. Adem\u00e1s, su dise\u00f1o recargable te permitir\u00e1 utilizarlas por m\u00e1s tiempo sin necesidad de cambiar las bater\u00edas. Son f\u00e1ciles de instalar y se adaptan a la mayor\u00eda de los patinetes el\u00e9ctricos, lo que las convierte en una opci\u00f3n vers\u00e1til. Equipadas con tecnolog\u00eda LED, estas luces tienen un bajo consumo energ\u00e9tico, por lo que no afectar\u00e1n la autonom\u00eda de tu patinete. Con este juego de luces podr\u00e1s sentirte seguro y visible en todo momento, ya sea en entornos urbanos o rurales. Adem\u00e1s, su estructura resistente asegura que el producto durar\u00e1 mucho tiempo en excelentes condiciones, incluso bajo condiciones meteorol\u00f3gicas adversas.<\/p>\n","protected":false},"excerpt":{"rendered":"<p>Aumenta tu seguridad con el <em>Juego de Luces LED Frontal y Trasera EWL002<\/em>. Recargables, de alta potencia, y con f\u00e1cil instalaci\u00f3n, te ofrecen visibilidad superior en tus trayectos nocturnos o en condiciones de baja visibilidad. Ideal para patinetes el\u00e9ctricos.<\/p>\n","protected":false},"featured_media":5429,"template":"","meta":[],"product_brand":[],"product_cat":[66],"product_tag":[],"scooter_compatibility":[],"class_list":{"0":"post-5428","1":"product","2":"type-product","3":"status-publish","4":"has-post-thumbnail","6":"product_cat-luminarias","7":"pa_marca-ewheel","9":"first","10":"instock","11":"taxable","12":"shipping-taxable","13":"purchasable","14":"product-type-simple"},"yoast_head":"<!-- This site is optimized with the Yoast SEO plugin v26.9 - https:\/\/yoast.com\/product\/yoast-seo-wordpress\/ -->\n<title>Juego de luces led frontal y trasera recargable EWL002 de alta potencia [Ewheel] - 360Scooters | Tienda-taller de patinetes el\u00e9ctricos<\/title>\n<meta name=\"robots\" content=\"index, follow, max-snippet:-1, max-image-preview:large, max-video-preview:-1\" \/>\n<link rel=\"canonical\" href=\"https:\/\/360scooters.com\/es\/producto\/juego-de-luces-led-frontal-y-trasera-recargable-ewl002-de-alta-potencia-ewheel\/\" \/>\n<meta property=\"og:locale\" content=\"es_ES\" \/>\n<meta property=\"og:type\" content=\"article\" \/>\n<meta property=\"og:title\" content=\"Juego de luces led frontal y trasera recargable EWL002 de alta potencia [Ewheel] - 360Scooters | Tienda-taller de patinetes el\u00e9ctricos\" \/>\n<meta property=\"og:description\" content=\"Aumenta tu seguridad con el Juego de Luces LED Frontal y Trasera EWL002. Recargables, de alta potencia, y con f\u00e1cil instalaci\u00f3n, te ofrecen visibilidad superior en tus trayectos nocturnos o en condiciones de baja visibilidad. Ideal para patinetes el\u00e9ctricos.\" \/>\n<meta property=\"og:url\" content=\"https:\/\/360scooters.com\/es\/producto\/juego-de-luces-led-frontal-y-trasera-recargable-ewl002-de-alta-potencia-ewheel\/\" \/>\n<meta property=\"og:site_name\" content=\"360Scooters | Tienda-taller de patinetes el\u00e9ctricos\" \/>\n<meta property=\"article:modified_time\" content=\"2025-07-23T17:47:57+00:00\" \/>\n<meta property=\"og:image\" content=\"https:\/\/360scooters.com\/es\/wp-content\/uploads\/sites\/2\/2024\/11\/juego-de-luces-led-frontal-y-trasera-recargable-ewl002-de-alta-potencia.jpg\" \/>\n\t<meta property=\"og:image:width\" content=\"800\" \/>\n\t<meta property=\"og:image:height\" content=\"800\" \/>\n\t<meta property=\"og:image:type\" content=\"image\/jpeg\" \/>\n<meta name=\"twitter:card\" content=\"summary_large_image\" \/>\n<meta name=\"twitter:label1\" content=\"Tiempo de lectura\" \/>\n\t<meta name=\"twitter:data1\" content=\"1 minuto\" \/>\n<script type=\"application\/ld+json\" class=\"yoast-schema-graph\">{\"@context\":\"https:\/\/schema.org\",\"@graph\":[{\"@type\":\"WebPage\",\"@id\":\"https:\/\/360scooters.com\/es\/producto\/juego-de-luces-led-frontal-y-trasera-recargable-ewl002-de-alta-potencia-ewheel\/\",\"url\":\"https:\/\/360scooters.com\/es\/producto\/juego-de-luces-led-frontal-y-trasera-recargable-ewl002-de-alta-potencia-ewheel\/\",\"name\":\"Juego de luces led frontal y trasera recargable EWL002 de alta potencia [Ewheel] - 360Scooters | Tienda-taller de patinetes el\u00e9ctricos\",\"isPartOf\":{\"@id\":\"https:\/\/360scooters.com\/es\/#website\"},\"primaryImageOfPage\":{\"@id\":\"https:\/\/360scooters.com\/es\/producto\/juego-de-luces-led-frontal-y-trasera-recargable-ewl002-de-alta-potencia-ewheel\/#primaryimage\"},\"image\":{\"@id\":\"https:\/\/360scooters.com\/es\/producto\/juego-de-luces-led-frontal-y-trasera-recargable-ewl002-de-alta-potencia-ewheel\/#primaryimage\"},\"thumbnailUrl\":\"https:\/\/360scooters.com\/es\/wp-content\/uploads\/sites\/2\/2024\/11\/juego-de-luces-led-frontal-y-trasera-recargable-ewl002-de-alta-potencia.jpg\",\"datePublished\":\"2024-11-30T11:43:54+00:00\",\"dateModified\":\"2025-07-23T17:47:57+00:00\",\"breadcrumb\":{\"@id\":\"https:\/\/360scooters.com\/es\/producto\/juego-de-luces-led-frontal-y-trasera-recargable-ewl002-de-alta-potencia-ewheel\/#breadcrumb\"},\"inLanguage\":\"es\",\"potentialAction\":[{\"@type\":\"ReadAction\",\"target\":[\"https:\/\/360scooters.com\/es\/producto\/juego-de-luces-led-frontal-y-trasera-recargable-ewl002-de-alta-potencia-ewheel\/\"]}]},{\"@type\":\"ImageObject\",\"inLanguage\":\"es\",\"@id\":\"https:\/\/360scooters.com\/es\/producto\/juego-de-luces-led-frontal-y-trasera-recargable-ewl002-de-alta-potencia-ewheel\/#primaryimage\",\"url\":\"https:\/\/360scooters.com\/es\/wp-content\/uploads\/sites\/2\/2024\/11\/juego-de-luces-led-frontal-y-trasera-recargable-ewl002-de-alta-potencia.jpg\",\"contentUrl\":\"https:\/\/360scooters.com\/es\/wp-content\/uploads\/sites\/2\/2024\/11\/juego-de-luces-led-frontal-y-trasera-recargable-ewl002-de-alta-potencia.jpg\",\"width\":800,\"height\":800,\"caption\":\"Juego de luces led frontal y trasera recargable EWL002 de alta potencia [Ewheel]\"},{\"@type\":\"BreadcrumbList\",\"@id\":\"https:\/\/360scooters.com\/es\/producto\/juego-de-luces-led-frontal-y-trasera-recargable-ewl002-de-alta-potencia-ewheel\/#breadcrumb\",\"itemListElement\":[{\"@type\":\"ListItem\",\"position\":1,\"name\":\"Portada\",\"item\":\"https:\/\/360scooters.com\/es\/\"},{\"@type\":\"ListItem\",\"position\":2,\"name\":\"Tienda\",\"item\":\"https:\/\/360scooters.com\/es\/tienda\/\"},{\"@type\":\"ListItem\",\"position\":3,\"name\":\"Juego de luces led frontal y trasera recargable EWL002 de alta potencia [Ewheel]\"}]},{\"@type\":\"WebSite\",\"@id\":\"https:\/\/360scooters.com\/es\/#website\",\"url\":\"https:\/\/360scooters.com\/es\/\",\"name\":\"360Scooters - Patinetes el\u00e9ctricos en Pen\u00ednsula y Baleares - Patinetes Madrid - Patinetes Alicante - Patinetes Barcelona\",\"description\":\"\",\"publisher\":{\"@id\":\"https:\/\/360scooters.com\/es\/#organization\"},\"potentialAction\":[{\"@type\":\"SearchAction\",\"target\":{\"@type\":\"EntryPoint\",\"urlTemplate\":\"https:\/\/360scooters.com\/es\/?s={search_term_string}\"},\"query-input\":{\"@type\":\"PropertyValueSpecification\",\"valueRequired\":true,\"valueName\":\"search_term_string\"}}],\"inLanguage\":\"es\"},{\"@type\":\"Organization\",\"@id\":\"https:\/\/360scooters.com\/es\/#organization\",\"name\":\"360Scooters - Patinetes el\u00e9ctricos en Pen\u00ednsula y Baleares - Patinetes Madrid - Patinetes Alicante - Patinetes Barcelona\",\"url\":\"https:\/\/360scooters.com\/es\/\",\"logo\":{\"@type\":\"ImageObject\",\"inLanguage\":\"es\",\"@id\":\"https:\/\/360scooters.com\/es\/#\/schema\/logo\/image\/\",\"url\":\"https:\/\/360scooters.com\/es\/wp-content\/uploads\/sites\/2\/2024\/02\/logo-claimweb-e1727166047230.png\",\"contentUrl\":\"https:\/\/360scooters.com\/es\/wp-content\/uploads\/sites\/2\/2024\/02\/logo-claimweb-e1727166047230.png\",\"width\":214,\"height\":54,\"caption\":\"360Scooters - Patinetes el\u00e9ctricos en Pen\u00ednsula y Baleares - Patinetes Madrid - Patinetes Alicante - Patinetes Barcelona\"},\"image\":{\"@id\":\"https:\/\/360scooters.com\/es\/#\/schema\/logo\/image\/\"}}]}<\/script>\n<!-- \/ Yoast SEO plugin. -->","yoast_head_json":{"title":"Juego de luces led frontal y trasera recargable EWL002 de alta potencia [Ewheel] - 360Scooters | Tienda-taller de patinetes el\u00e9ctricos","robots":{"index":"index","follow":"follow","max-snippet":"max-snippet:-1","max-image-preview":"max-image-preview:large","max-video-preview":"max-video-preview:-1"},"canonical":"https:\/\/360scooters.com\/es\/producto\/juego-de-luces-led-frontal-y-trasera-recargable-ewl002-de-alta-potencia-ewheel\/","og_locale":"es_ES","og_type":"article","og_title":"Juego de luces led frontal y trasera recargable EWL002 de alta potencia [Ewheel] - 360Scooters | Tienda-taller de patinetes el\u00e9ctricos","og_description":"Aumenta tu seguridad con el Juego de Luces LED Frontal y Trasera EWL002. Recargables, de alta potencia, y con f\u00e1cil instalaci\u00f3n, te ofrecen visibilidad superior en tus trayectos nocturnos o en condiciones de baja visibilidad. Ideal para patinetes el\u00e9ctricos.","og_url":"https:\/\/360scooters.com\/es\/producto\/juego-de-luces-led-frontal-y-trasera-recargable-ewl002-de-alta-potencia-ewheel\/","og_site_name":"360Scooters | Tienda-taller de patinetes el\u00e9ctricos","article_modified_time":"2025-07-23T17:47:57+00:00","og_image":[{"width":800,"height":800,"url":"https:\/\/360scooters.com\/es\/wp-content\/uploads\/sites\/2\/2024\/11\/juego-de-luces-led-frontal-y-trasera-recargable-ewl002-de-alta-potencia.jpg","type":"image\/jpeg"}],"twitter_card":"summary_large_image","twitter_misc":{"Tiempo de lectura":"1 minuto"},"schema":{"@context":"https:\/\/schema.org","@graph":[{"@type":"WebPage","@id":"https:\/\/360scooters.com\/es\/producto\/juego-de-luces-led-frontal-y-trasera-recargable-ewl002-de-alta-potencia-ewheel\/","url":"https:\/\/360scooters.com\/es\/producto\/juego-de-luces-led-frontal-y-trasera-recargable-ewl002-de-alta-potencia-ewheel\/","name":"Juego de luces led frontal y trasera recargable EWL002 de alta potencia [Ewheel] - 360Scooters | Tienda-taller de patinetes el\u00e9ctricos","isPartOf":{"@id":"https:\/\/360scooters.com\/es\/#website"},"primaryImageOfPage":{"@id":"https:\/\/360scooters.com\/es\/producto\/juego-de-luces-led-frontal-y-trasera-recargable-ewl002-de-alta-potencia-ewheel\/#primaryimage"},"image":{"@id":"https:\/\/360scooters.com\/es\/producto\/juego-de-luces-led-frontal-y-trasera-recargable-ewl002-de-alta-potencia-ewheel\/#primaryimage"},"thumbnailUrl":"https:\/\/360scooters.com\/es\/wp-content\/uploads\/sites\/2\/2024\/11\/juego-de-luces-led-frontal-y-trasera-recargable-ewl002-de-alta-potencia.jpg","datePublished":"2024-11-30T11:43:54+00:00","dateModified":"2025-07-23T17:47:57+00:00","breadcrumb":{"@id":"https:\/\/360scooters.com\/es\/producto\/juego-de-luces-led-frontal-y-trasera-recargable-ewl002-de-alta-potencia-ewheel\/#breadcrumb"},"inLanguage":"es","potentialAction":[{"@type":"ReadAction","target":["https:\/\/360scooters.com\/es\/producto\/juego-de-luces-led-frontal-y-trasera-recargable-ewl002-de-alta-potencia-ewheel\/"]}]},{"@type":"ImageObject","inLanguage":"es","@id":"https:\/\/360scooters.com\/es\/producto\/juego-de-luces-led-frontal-y-trasera-recargable-ewl002-de-alta-potencia-ewheel\/#primaryimage","url":"https:\/\/360scooters.com\/es\/wp-content\/uploads\/sites\/2\/2024\/11\/juego-de-luces-led-frontal-y-trasera-recargable-ewl002-de-alta-potencia.jpg","contentUrl":"https:\/\/360scooters.com\/es\/wp-content\/uploads\/sites\/2\/2024\/11\/juego-de-luces-led-frontal-y-trasera-recargable-ewl002-de-alta-potencia.jpg","width":800,"height":800,"caption":"Juego de luces led frontal y trasera recargable EWL002 de alta potencia [Ewheel]"},{"@type":"BreadcrumbList","@id":"https:\/\/360scooters.com\/es\/producto\/juego-de-luces-led-frontal-y-trasera-recargable-ewl002-de-alta-potencia-ewheel\/#breadcrumb","itemListElement":[{"@type":"ListItem","position":1,"name":"Portada","item":"https:\/\/360scooters.com\/es\/"},{"@type":"ListItem","position":2,"name":"Tienda","item":"https:\/\/360scooters.com\/es\/tienda\/"},{"@type":"ListItem","position":3,"name":"Juego de luces led frontal y trasera recargable EWL002 de alta potencia [Ewheel]"}]},{"@type":"WebSite","@id":"https:\/\/360scooters.com\/es\/#website","url":"https:\/\/360scooters.com\/es\/","name":"360Scooters - Patinetes el\u00e9ctricos en Pen\u00ednsula y Baleares - Patinetes Madrid - Patinetes Alicante - Patinetes Barcelona","description":"","publisher":{"@id":"https:\/\/360scooters.com\/es\/#organization"},"potentialAction":[{"@type":"SearchAction","target":{"@type":"EntryPoint","urlTemplate":"https:\/\/360scooters.com\/es\/?s={search_term_string}"},"query-input":{"@type":"PropertyValueSpecification","valueRequired":true,"valueName":"search_term_string"}}],"inLanguage":"es"},{"@type":"Organization","@id":"https:\/\/360scooters.com\/es\/#organization","name":"360Scooters - Patinetes el\u00e9ctricos en Pen\u00ednsula y Baleares - Patinetes Madrid - Patinetes Alicante - Patinetes Barcelona","url":"https:\/\/360scooters.com\/es\/","logo":{"@type":"ImageObject","inLanguage":"es","@id":"https:\/\/360scooters.com\/es\/#\/schema\/logo\/image\/","url":"https:\/\/360scooters.com\/es\/wp-content\/uploads\/sites\/2\/2024\/02\/logo-claimweb-e1727166047230.png","contentUrl":"https:\/\/360scooters.com\/es\/wp-content\/uploads\/sites\/2\/2024\/02\/logo-claimweb-e1727166047230.png","width":214,"height":54,"caption":"360Scooters - Patinetes el\u00e9ctricos en Pen\u00ednsula y Baleares - Patinetes Madrid - Patinetes Alicante - Patinetes Barcelona"},"image":{"@id":"https:\/\/360scooters.com\/es\/#\/schema\/logo\/image\/"}}]}},"_links":{"self":[{"href":"https:\/\/360scooters.com\/es\/wp-json\/wp\/v2\/product\/5428","targetHints":{"allow":["GET"]}}],"collection":[{"href":"https:\/\/360scooters.com\/es\/wp-json\/wp\/v2\/product"}],"about":[{"href":"https:\/\/360scooters.com\/es\/wp-json\/wp\/v2\/types\/product"}],"version-history":[{"count":1,"href":"https:\/\/360scooters.com\/es\/wp-json\/wp\/v2\/product\/5428\/revisions"}],"predecessor-version":[{"id":5435,"href":"https:\/\/360scooters.com\/es\/wp-json\/wp\/v2\/product\/5428\/revisions\/5435"}],"wp:featuredmedia":[{"embeddable":true,"href":"https:\/\/360scooters.com\/es\/wp-json\/wp\/v2\/media\/5429"}],"wp:attachment":[{"href":"https:\/\/360scooters.com\/es\/wp-json\/wp\/v2\/media?parent=5428"}],"wp:term":[{"taxonomy":"product_brand","embeddable":true,"href":"https:\/\/360scooters.com\/es\/wp-json\/wp\/v2\/product_brand?post=5428"},{"taxonomy":"product_cat","embeddable":true,"href":"https:\/\/360scooters.com\/es\/wp-json\/wp\/v2\/product_cat?post=5428"},{"taxonomy":"product_tag","embeddable":true,"href":"https:\/\/360scooters.com\/es\/wp-json\/wp\/v2\/product_tag?post=5428"},{"taxonomy":"scooter_compatibility","embeddable":true,"href":"https:\/\/360scooters.com\/es\/wp-json\/wp\/v2\/scooter_compatibility?post=5428"}],"curies":[{"name":"wp","href":"https:\/\/api.w.org\/{rel}","templated":true}]}}