{"id":4935,"date":"2025-12-01T10:00:08","date_gmt":"2025-12-01T09:00:08","guid":{"rendered":"https:\/\/360scooters.com\/es\/?post_type=product&#038;p=4935"},"modified":"2025-12-01T12:39:40","modified_gmt":"2025-12-01T11:39:40","slug":"patinete-shuttle-premium-para-ninos-con-humo","status":"publish","type":"product","link":"https:\/\/360scooters.com\/es\/producto\/patinete-shuttle-premium-para-ninos-con-humo\/","title":{"rendered":"Patinete Shuttle PREMIUM para ni\u00f1os con humo"},"content":{"rendered":"<h3>Patinete con vapor de agua Shuttle PREMIUM plegable y con luces en las ruedas<\/h3>\n<p>El\u00a0<strong>scooter infantil plegable Shuttle PREMIUM<\/strong>\u00a0est\u00e1 equipado con caracter\u00edsticas espectaculares, como: el sistema de humificador de agua que crea una estela de humo sorprendente mientras el ni\u00f1o se desplaza dando un visi\u00f3n espectacular e impactante. Las luces LED integradas en las ruedas crean un efecto deslumbrante que no dejar\u00e1 indiferente a nadie. Adem\u00e1s, este\u00a0<strong>patinete para ni\u00f1os cuenta con tecnolog\u00eda Bluetooth<\/strong>\u00a0que permite conectar tu dispositivo y disfrutar de tu m\u00fasica favorita.<\/p>\n<p>\u00a1Haz que los sue\u00f1os de tus hijos se hagan realidad con\u00a0el\u00a0<strong>patinete para ni\u00f1os plegable con humo Shuttle PREMIUM<\/strong>! Un mundo de diversi\u00f3n, color y estilo les espera. \u00a1No te pierdas esta oportunidad \u00fanica de\u00a0dar un toque m\u00e1gico a su tiempo de juego con el\u00a0<strong>patinete infantil Shuttle PREMIUM<\/strong>!<\/p>\n<p>&nbsp;<\/p>\n<p><strong>Caracter\u00edsticas espec\u00edficas del patinete con humo y luces Shuttle PREMIUM:<\/strong><\/p>\n<p>&#8211; Marca: ATAA<\/p>\n<p>&#8211; Modelo:\u00a0Shuttle PREMIUM<\/p>\n<p>&#8211; Bater\u00eda de litio recargable por USB.<\/p>\n<p>&#8211; Incluye SET de protecci\u00f3n con casco, rodilleras, coderas y mu\u00f1equeras.<\/p>\n<p>&#8211; Ruedas de PU antipinchazos.<\/p>\n<p>&#8211; Botones para accionar m\u00fasica, vapor y conexi\u00f3n Bluetooth.<\/p>\n<p>&#8211; Conexi\u00f3n Bluetooth manteniendo pulsado el bot\u00f3n azul unos segundos.<\/p>\n<p>&#8211; Pedal de freno trasero.<\/p>\n<p>&#8211;\u00a0Base del patinete con relieves antideslizantes.<\/p>\n<p>&#8211; Empu\u00f1aduras de goma.<\/p>\n<p>&#8211; Manillar ajustable en altura.<\/p>\n<p>&#8211; Plegable con un bot\u00f3n.<\/p>\n<p>&#8211; Propulsores de humo (funcionan con agua, convirti\u00e9ndola en vapor).<\/p>\n<p>&#8211; Preciosas luces LED en las\u00a0ruedas delanteras.<\/p>\n<p>&#8211; Luces LED en los propulsores de humo.<\/p>\n<p>&#8211; Dos ruedas delanteras para mayor estabilidad.<\/p>\n<p>&#8211; Sistema de direcci\u00f3n por gravedad para ejercitar el equilibrio de los ni\u00f1os, para girar los ni\u00f1os tienen que inclinarse.<\/p>\n<p>&#8211; Edad recomendada: a partir de 3 a\u00f1os aproximadamente.<\/p>\n<p>&#8211; Peso del patinete: 4.5 kg.<\/p>\n<p>&#8211; Medida del patinete m\u00edn.: 63x27x66.5 cm.<\/p>\n<p>&#8211; Medida del patinete m\u00e1x.: 63x27x80 cm.<\/p>\n<p>&#8211; Medidas del patinete plegado: 63x27x14 cm.<\/p>\n<p>&#8211; Peso m\u00e1ximo permitido del ni\u00f1o: 40 kg.<\/p>\n<p>&#8211; Certificados CE de seguridad en los juguetes.<\/p>\n<p>&#8211; Garant\u00eda 3 a\u00f1os.<\/p>\n","protected":false},"excerpt":{"rendered":"<h2>Patinete Shuttle categor\u00eda PREMIUM con divertidos dise\u00f1os y SET de protecci\u00f3n de regalo<\/h2>\n<p>\u00a1Descubre la magia sobre ruedas con el exclusivo\u00a0<strong>patinete para ni\u00f1os Shuttle categor\u00eda PREMIUM<\/strong>! Este incre\u00edble\u00a0<strong>scooter infantil<\/strong>\u00a0combina dise\u00f1os fascinantes con caracter\u00edsticas impresionantes, como humo y luces, para llevar la diversi\u00f3n al siguiente nivel.<\/p>\n","protected":false},"featured_media":4936,"template":"","meta":[],"product_brand":[],"product_cat":[75],"product_tag":[],"scooter_compatibility":[],"class_list":{"0":"post-4935","1":"product","2":"type-product","3":"status-publish","4":"has-post-thumbnail","6":"product_cat-infantil","7":"product_shipping_class-envio-paqueteria","9":"first","10":"instock","11":"sale","12":"taxable","13":"shipping-taxable","14":"purchasable","15":"product-type-simple"},"yoast_head":"<!-- This site is optimized with the Yoast SEO plugin v26.9 - https:\/\/yoast.com\/product\/yoast-seo-wordpress\/ -->\n<title>Patinete Shuttle PREMIUM para ni\u00f1os con humo - 360Scooters | Tienda-taller de patinetes el\u00e9ctricos<\/title>\n<meta name=\"robots\" content=\"index, follow, max-snippet:-1, max-image-preview:large, max-video-preview:-1\" \/>\n<link rel=\"canonical\" href=\"https:\/\/360scooters.com\/es\/producto\/patinete-shuttle-premium-para-ninos-con-humo\/\" \/>\n<meta property=\"og:locale\" content=\"es_ES\" \/>\n<meta property=\"og:type\" content=\"article\" \/>\n<meta property=\"og:title\" content=\"Patinete Shuttle PREMIUM para ni\u00f1os con humo - 360Scooters | Tienda-taller de patinetes el\u00e9ctricos\" \/>\n<meta property=\"og:description\" content=\"Patinete Shuttle categor\u00eda PREMIUM con divertidos dise\u00f1os y SET de protecci\u00f3n de regalo \u00a1Descubre la magia sobre ruedas con el exclusivo\u00a0patinete para ni\u00f1os Shuttle categor\u00eda PREMIUM! Este incre\u00edble\u00a0scooter infantil\u00a0combina dise\u00f1os fascinantes con caracter\u00edsticas impresionantes, como humo y luces, para llevar la diversi\u00f3n al siguiente nivel.\" \/>\n<meta property=\"og:url\" content=\"https:\/\/360scooters.com\/es\/producto\/patinete-shuttle-premium-para-ninos-con-humo\/\" \/>\n<meta property=\"og:site_name\" content=\"360Scooters | Tienda-taller de patinetes el\u00e9ctricos\" \/>\n<meta property=\"article:modified_time\" content=\"2025-12-01T11:39:40+00:00\" \/>\n<meta property=\"og:image\" content=\"https:\/\/360scooters.com\/es\/wp-content\/uploads\/sites\/2\/2024\/11\/patinete-shuttle-premium-para-ninos-con-humo-ataa.jpg\" \/>\n\t<meta property=\"og:image:width\" content=\"1200\" \/>\n\t<meta property=\"og:image:height\" content=\"1200\" \/>\n\t<meta property=\"og:image:type\" content=\"image\/jpeg\" \/>\n<meta name=\"twitter:card\" content=\"summary_large_image\" \/>\n<meta name=\"twitter:label1\" content=\"Tiempo de lectura\" \/>\n\t<meta name=\"twitter:data1\" content=\"2 minutos\" \/>\n<script type=\"application\/ld+json\" class=\"yoast-schema-graph\">{\"@context\":\"https:\/\/schema.org\",\"@graph\":[{\"@type\":\"WebPage\",\"@id\":\"https:\/\/360scooters.com\/es\/producto\/patinete-shuttle-premium-para-ninos-con-humo\/\",\"url\":\"https:\/\/360scooters.com\/es\/producto\/patinete-shuttle-premium-para-ninos-con-humo\/\",\"name\":\"Patinete Shuttle PREMIUM para ni\u00f1os con humo - 360Scooters | Tienda-taller de patinetes el\u00e9ctricos\",\"isPartOf\":{\"@id\":\"https:\/\/360scooters.com\/es\/#website\"},\"primaryImageOfPage\":{\"@id\":\"https:\/\/360scooters.com\/es\/producto\/patinete-shuttle-premium-para-ninos-con-humo\/#primaryimage\"},\"image\":{\"@id\":\"https:\/\/360scooters.com\/es\/producto\/patinete-shuttle-premium-para-ninos-con-humo\/#primaryimage\"},\"thumbnailUrl\":\"https:\/\/360scooters.com\/es\/wp-content\/uploads\/sites\/2\/2024\/11\/patinete-shuttle-premium-para-ninos-con-humo-ataa.jpg\",\"datePublished\":\"2025-12-01T09:00:08+00:00\",\"dateModified\":\"2025-12-01T11:39:40+00:00\",\"breadcrumb\":{\"@id\":\"https:\/\/360scooters.com\/es\/producto\/patinete-shuttle-premium-para-ninos-con-humo\/#breadcrumb\"},\"inLanguage\":\"es\",\"potentialAction\":[{\"@type\":\"ReadAction\",\"target\":[\"https:\/\/360scooters.com\/es\/producto\/patinete-shuttle-premium-para-ninos-con-humo\/\"]}]},{\"@type\":\"ImageObject\",\"inLanguage\":\"es\",\"@id\":\"https:\/\/360scooters.com\/es\/producto\/patinete-shuttle-premium-para-ninos-con-humo\/#primaryimage\",\"url\":\"https:\/\/360scooters.com\/es\/wp-content\/uploads\/sites\/2\/2024\/11\/patinete-shuttle-premium-para-ninos-con-humo-ataa.jpg\",\"contentUrl\":\"https:\/\/360scooters.com\/es\/wp-content\/uploads\/sites\/2\/2024\/11\/patinete-shuttle-premium-para-ninos-con-humo-ataa.jpg\",\"width\":1200,\"height\":1200,\"caption\":\"Patinete Shuttle PREMIUM para ni\u00f1os con humo\"},{\"@type\":\"BreadcrumbList\",\"@id\":\"https:\/\/360scooters.com\/es\/producto\/patinete-shuttle-premium-para-ninos-con-humo\/#breadcrumb\",\"itemListElement\":[{\"@type\":\"ListItem\",\"position\":1,\"name\":\"Portada\",\"item\":\"https:\/\/360scooters.com\/es\/\"},{\"@type\":\"ListItem\",\"position\":2,\"name\":\"Tienda\",\"item\":\"https:\/\/360scooters.com\/es\/tienda\/\"},{\"@type\":\"ListItem\",\"position\":3,\"name\":\"Patinete Shuttle PREMIUM para ni\u00f1os con humo\"}]},{\"@type\":\"WebSite\",\"@id\":\"https:\/\/360scooters.com\/es\/#website\",\"url\":\"https:\/\/360scooters.com\/es\/\",\"name\":\"360Scooters - Patinetes el\u00e9ctricos en Pen\u00ednsula y Baleares - Patinetes Madrid - Patinetes Alicante - Patinetes Barcelona\",\"description\":\"\",\"publisher\":{\"@id\":\"https:\/\/360scooters.com\/es\/#organization\"},\"potentialAction\":[{\"@type\":\"SearchAction\",\"target\":{\"@type\":\"EntryPoint\",\"urlTemplate\":\"https:\/\/360scooters.com\/es\/?s={search_term_string}\"},\"query-input\":{\"@type\":\"PropertyValueSpecification\",\"valueRequired\":true,\"valueName\":\"search_term_string\"}}],\"inLanguage\":\"es\"},{\"@type\":\"Organization\",\"@id\":\"https:\/\/360scooters.com\/es\/#organization\",\"name\":\"360Scooters - Patinetes el\u00e9ctricos en Pen\u00ednsula y Baleares - Patinetes Madrid - Patinetes Alicante - Patinetes Barcelona\",\"url\":\"https:\/\/360scooters.com\/es\/\",\"logo\":{\"@type\":\"ImageObject\",\"inLanguage\":\"es\",\"@id\":\"https:\/\/360scooters.com\/es\/#\/schema\/logo\/image\/\",\"url\":\"https:\/\/360scooters.com\/es\/wp-content\/uploads\/sites\/2\/2024\/02\/logo-claimweb-e1727166047230.png\",\"contentUrl\":\"https:\/\/360scooters.com\/es\/wp-content\/uploads\/sites\/2\/2024\/02\/logo-claimweb-e1727166047230.png\",\"width\":214,\"height\":54,\"caption\":\"360Scooters - Patinetes el\u00e9ctricos en Pen\u00ednsula y Baleares - Patinetes Madrid - Patinetes Alicante - Patinetes Barcelona\"},\"image\":{\"@id\":\"https:\/\/360scooters.com\/es\/#\/schema\/logo\/image\/\"}}]}<\/script>\n<!-- \/ Yoast SEO plugin. -->","yoast_head_json":{"title":"Patinete Shuttle PREMIUM para ni\u00f1os con humo - 360Scooters | Tienda-taller de patinetes el\u00e9ctricos","robots":{"index":"index","follow":"follow","max-snippet":"max-snippet:-1","max-image-preview":"max-image-preview:large","max-video-preview":"max-video-preview:-1"},"canonical":"https:\/\/360scooters.com\/es\/producto\/patinete-shuttle-premium-para-ninos-con-humo\/","og_locale":"es_ES","og_type":"article","og_title":"Patinete Shuttle PREMIUM para ni\u00f1os con humo - 360Scooters | Tienda-taller de patinetes el\u00e9ctricos","og_description":"Patinete Shuttle categor\u00eda PREMIUM con divertidos dise\u00f1os y SET de protecci\u00f3n de regalo \u00a1Descubre la magia sobre ruedas con el exclusivo\u00a0patinete para ni\u00f1os Shuttle categor\u00eda PREMIUM! Este incre\u00edble\u00a0scooter infantil\u00a0combina dise\u00f1os fascinantes con caracter\u00edsticas impresionantes, como humo y luces, para llevar la diversi\u00f3n al siguiente nivel.","og_url":"https:\/\/360scooters.com\/es\/producto\/patinete-shuttle-premium-para-ninos-con-humo\/","og_site_name":"360Scooters | Tienda-taller de patinetes el\u00e9ctricos","article_modified_time":"2025-12-01T11:39:40+00:00","og_image":[{"width":1200,"height":1200,"url":"https:\/\/360scooters.com\/es\/wp-content\/uploads\/sites\/2\/2024\/11\/patinete-shuttle-premium-para-ninos-con-humo-ataa.jpg","type":"image\/jpeg"}],"twitter_card":"summary_large_image","twitter_misc":{"Tiempo de lectura":"2 minutos"},"schema":{"@context":"https:\/\/schema.org","@graph":[{"@type":"WebPage","@id":"https:\/\/360scooters.com\/es\/producto\/patinete-shuttle-premium-para-ninos-con-humo\/","url":"https:\/\/360scooters.com\/es\/producto\/patinete-shuttle-premium-para-ninos-con-humo\/","name":"Patinete Shuttle PREMIUM para ni\u00f1os con humo - 360Scooters | Tienda-taller de patinetes el\u00e9ctricos","isPartOf":{"@id":"https:\/\/360scooters.com\/es\/#website"},"primaryImageOfPage":{"@id":"https:\/\/360scooters.com\/es\/producto\/patinete-shuttle-premium-para-ninos-con-humo\/#primaryimage"},"image":{"@id":"https:\/\/360scooters.com\/es\/producto\/patinete-shuttle-premium-para-ninos-con-humo\/#primaryimage"},"thumbnailUrl":"https:\/\/360scooters.com\/es\/wp-content\/uploads\/sites\/2\/2024\/11\/patinete-shuttle-premium-para-ninos-con-humo-ataa.jpg","datePublished":"2025-12-01T09:00:08+00:00","dateModified":"2025-12-01T11:39:40+00:00","breadcrumb":{"@id":"https:\/\/360scooters.com\/es\/producto\/patinete-shuttle-premium-para-ninos-con-humo\/#breadcrumb"},"inLanguage":"es","potentialAction":[{"@type":"ReadAction","target":["https:\/\/360scooters.com\/es\/producto\/patinete-shuttle-premium-para-ninos-con-humo\/"]}]},{"@type":"ImageObject","inLanguage":"es","@id":"https:\/\/360scooters.com\/es\/producto\/patinete-shuttle-premium-para-ninos-con-humo\/#primaryimage","url":"https:\/\/360scooters.com\/es\/wp-content\/uploads\/sites\/2\/2024\/11\/patinete-shuttle-premium-para-ninos-con-humo-ataa.jpg","contentUrl":"https:\/\/360scooters.com\/es\/wp-content\/uploads\/sites\/2\/2024\/11\/patinete-shuttle-premium-para-ninos-con-humo-ataa.jpg","width":1200,"height":1200,"caption":"Patinete Shuttle PREMIUM para ni\u00f1os con humo"},{"@type":"BreadcrumbList","@id":"https:\/\/360scooters.com\/es\/producto\/patinete-shuttle-premium-para-ninos-con-humo\/#breadcrumb","itemListElement":[{"@type":"ListItem","position":1,"name":"Portada","item":"https:\/\/360scooters.com\/es\/"},{"@type":"ListItem","position":2,"name":"Tienda","item":"https:\/\/360scooters.com\/es\/tienda\/"},{"@type":"ListItem","position":3,"name":"Patinete Shuttle PREMIUM para ni\u00f1os con humo"}]},{"@type":"WebSite","@id":"https:\/\/360scooters.com\/es\/#website","url":"https:\/\/360scooters.com\/es\/","name":"360Scooters - Patinetes el\u00e9ctricos en Pen\u00ednsula y Baleares - Patinetes Madrid - Patinetes Alicante - Patinetes Barcelona","description":"","publisher":{"@id":"https:\/\/360scooters.com\/es\/#organization"},"potentialAction":[{"@type":"SearchAction","target":{"@type":"EntryPoint","urlTemplate":"https:\/\/360scooters.com\/es\/?s={search_term_string}"},"query-input":{"@type":"PropertyValueSpecification","valueRequired":true,"valueName":"search_term_string"}}],"inLanguage":"es"},{"@type":"Organization","@id":"https:\/\/360scooters.com\/es\/#organization","name":"360Scooters - Patinetes el\u00e9ctricos en Pen\u00ednsula y Baleares - Patinetes Madrid - Patinetes Alicante - Patinetes Barcelona","url":"https:\/\/360scooters.com\/es\/","logo":{"@type":"ImageObject","inLanguage":"es","@id":"https:\/\/360scooters.com\/es\/#\/schema\/logo\/image\/","url":"https:\/\/360scooters.com\/es\/wp-content\/uploads\/sites\/2\/2024\/02\/logo-claimweb-e1727166047230.png","contentUrl":"https:\/\/360scooters.com\/es\/wp-content\/uploads\/sites\/2\/2024\/02\/logo-claimweb-e1727166047230.png","width":214,"height":54,"caption":"360Scooters - Patinetes el\u00e9ctricos en Pen\u00ednsula y Baleares - Patinetes Madrid - Patinetes Alicante - Patinetes Barcelona"},"image":{"@id":"https:\/\/360scooters.com\/es\/#\/schema\/logo\/image\/"}}]}},"_links":{"self":[{"href":"https:\/\/360scooters.com\/es\/wp-json\/wp\/v2\/product\/4935","targetHints":{"allow":["GET"]}}],"collection":[{"href":"https:\/\/360scooters.com\/es\/wp-json\/wp\/v2\/product"}],"about":[{"href":"https:\/\/360scooters.com\/es\/wp-json\/wp\/v2\/types\/product"}],"version-history":[{"count":2,"href":"https:\/\/360scooters.com\/es\/wp-json\/wp\/v2\/product\/4935\/revisions"}],"predecessor-version":[{"id":5483,"href":"https:\/\/360scooters.com\/es\/wp-json\/wp\/v2\/product\/4935\/revisions\/5483"}],"wp:featuredmedia":[{"embeddable":true,"href":"https:\/\/360scooters.com\/es\/wp-json\/wp\/v2\/media\/4936"}],"wp:attachment":[{"href":"https:\/\/360scooters.com\/es\/wp-json\/wp\/v2\/media?parent=4935"}],"wp:term":[{"taxonomy":"product_brand","embeddable":true,"href":"https:\/\/360scooters.com\/es\/wp-json\/wp\/v2\/product_brand?post=4935"},{"taxonomy":"product_cat","embeddable":true,"href":"https:\/\/360scooters.com\/es\/wp-json\/wp\/v2\/product_cat?post=4935"},{"taxonomy":"product_tag","embeddable":true,"href":"https:\/\/360scooters.com\/es\/wp-json\/wp\/v2\/product_tag?post=4935"},{"taxonomy":"scooter_compatibility","embeddable":true,"href":"https:\/\/360scooters.com\/es\/wp-json\/wp\/v2\/scooter_compatibility?post=4935"}],"curies":[{"name":"wp","href":"https:\/\/api.w.org\/{rel}","templated":true}]}}