{"id":4928,"date":"2025-12-01T10:00:55","date_gmt":"2025-12-01T09:00:55","guid":{"rendered":"https:\/\/360scooters.com\/es\/?post_type=product&#038;p=4928"},"modified":"2025-12-01T12:45:15","modified_gmt":"2025-12-01T11:45:15","slug":"tractor-infantil-ataa-ceres-con-remolque","status":"publish","type":"product","link":"https:\/\/360scooters.com\/es\/producto\/tractor-infantil-ataa-ceres-con-remolque\/","title":{"rendered":"Tractor infantil ATAA Ceres con remolque"},"content":{"rendered":"<h3>Tractor de bater\u00eda para ni\u00f1os ATAA Ceres con m\u00fasica, luces, mando control remoto y remolque desmontable<\/h3>\n<p><strong>El tractor infantil ATAA Ceres es muy completo<\/strong>, ofrece los mismos extras que un coche el\u00e9ctrico (m\u00fasica, luces, mando control remoto) pero, adem\u00e1s, incluye un remolque f\u00e1cil de poner y quitar. El\u00a0<strong>tractor ATAA Ceres es muy polivalente<\/strong>, los ni\u00f1os disfrutar\u00e1n jugando con \u00e9l y transportando sus juguetes y objetos en su gran remolque.<\/p>\n<p>Haz que tus hijos se lo pasen en grande mientras imaginan que hacen labores del campo o la granja en este fant\u00e1stico\u00a0<strong>tractor para ni\u00f1os el\u00e9ctrico<\/strong>. A los ni\u00f1os les divierte representar las actividades y labores de los m\u00e1s mayores, eso les hace crecer y desarrollar distintas habilidades psicomotrices.<\/p>\n<p><strong>Caracter\u00edsticas principales:<\/strong><\/p>\n<p>&#8211; Marca: ATAA<\/p>\n<p>&#8211; Modelo: Ceres<\/p>\n<p>&#8211; Bater\u00eda: 12 voltios 4.5 Ah.<\/p>\n<p>&#8211; Motor: 2 motores de 25 watios.<\/p>\n<p>&#8211; Mando control remoto 2.4G (anti-interferencias con otros coches) incluido.<\/p>\n<p>&#8211; El tractor tambi\u00e9n puede ser conducido por el ni\u00f1o manualmente con volante y pedal.<\/p>\n<p>&#8211; Palanca de cambio manual con dos velocidades hacia delante y una velocidad hacia atr\u00e1s (velocidad lenta 3km\/h, velocidad r\u00e1pida 5km\/h).<\/p>\n<p>&#8211; Salida ralentizada.<\/p>\n<p>&#8211; Luces LED en faros delanteros.<\/p>\n<p>&#8211; Las luces se pueden encender de forma independiente mediante bot\u00f3n en el salpicadero.<\/p>\n<p>&#8211; Indicador de nivel de bater\u00eda.<\/p>\n<p>&#8211; Reproductor MP3 integrado para reproducir su propia m\u00fasica mediante USB (tambi\u00e9n dispone de m\u00fasica preinstalada).<\/p>\n<p>&#8211; Bluetooth.<\/p>\n<p>&#8211; Cintur\u00f3n de seguridad dos puntos.<\/p>\n<p>&#8211; Volante con claxon tradicional.<\/p>\n<p>&#8211; Remolque f\u00e1cil de enganchar y desenganchar al tractor.<\/p>\n<p>&#8211; Peso del producto: 12,3 kilos.<\/p>\n<p>&#8211; Peso m\u00e1ximo de carga 30 kg.<\/p>\n<p>&#8211; Edad recomendada: hasta\u00a04 a\u00f1os aproximadamente.<\/p>\n<p>&#8211; Certificados CE de seguridad en los juguetes.<\/p>\n","protected":false},"excerpt":{"rendered":"<h2>Tractor el\u00e9ctrico para ni\u00f1os con remolque ATAA Ceres, bater\u00eda 12v y mando control remoto<\/h2>\n<p><strong>ATAA CARS nos presente este atractivo tractor de bater\u00eda para ni\u00f1os<\/strong>\u00a0con remolque desmontable. El\u00a0<strong>tractor ATAA Ceres para ni\u00f1os<\/strong>\u00a0es vers\u00e1til y robusto, con acabados de calidad y tantos extras como cualquier otro coche el\u00e9ctrico: luces, mando control remoto, etc.<\/p>\n","protected":false},"featured_media":4929,"template":"","meta":[],"product_brand":[],"product_cat":[75],"product_tag":[199],"scooter_compatibility":[],"class_list":{"0":"post-4928","1":"product","2":"type-product","3":"status-publish","4":"has-post-thumbnail","6":"product_cat-infantil","7":"product_tag-coche-infantil","9":"first","10":"instock","11":"sale","12":"taxable","13":"shipping-taxable","14":"purchasable","15":"product-type-simple"},"yoast_head":"<!-- This site is optimized with the Yoast SEO plugin v26.9 - https:\/\/yoast.com\/product\/yoast-seo-wordpress\/ -->\n<title>Tractor infantil ATAA Ceres con remolque - 360Scooters | Tienda-taller de patinetes el\u00e9ctricos<\/title>\n<meta name=\"robots\" content=\"index, follow, max-snippet:-1, max-image-preview:large, max-video-preview:-1\" \/>\n<link rel=\"canonical\" href=\"https:\/\/360scooters.com\/es\/producto\/tractor-infantil-ataa-ceres-con-remolque\/\" \/>\n<meta property=\"og:locale\" content=\"es_ES\" \/>\n<meta property=\"og:type\" content=\"article\" \/>\n<meta property=\"og:title\" content=\"Tractor infantil ATAA Ceres con remolque - 360Scooters | Tienda-taller de patinetes el\u00e9ctricos\" \/>\n<meta property=\"og:description\" content=\"Tractor el\u00e9ctrico para ni\u00f1os con remolque ATAA Ceres, bater\u00eda 12v y mando control remoto ATAA CARS nos presente este atractivo tractor de bater\u00eda para ni\u00f1os\u00a0con remolque desmontable. El\u00a0tractor ATAA Ceres para ni\u00f1os\u00a0es vers\u00e1til y robusto, con acabados de calidad y tantos extras como cualquier otro coche el\u00e9ctrico: luces, mando control remoto, etc.\" \/>\n<meta property=\"og:url\" content=\"https:\/\/360scooters.com\/es\/producto\/tractor-infantil-ataa-ceres-con-remolque\/\" \/>\n<meta property=\"og:site_name\" content=\"360Scooters | Tienda-taller de patinetes el\u00e9ctricos\" \/>\n<meta property=\"article:modified_time\" content=\"2025-12-01T11:45:15+00:00\" \/>\n<meta property=\"og:image\" content=\"https:\/\/360scooters.com\/es\/wp-content\/uploads\/sites\/2\/2024\/11\/tractor-ataa-ceres-con-remolque-ataa.jpg\" \/>\n\t<meta property=\"og:image:width\" content=\"1200\" \/>\n\t<meta property=\"og:image:height\" content=\"1200\" \/>\n\t<meta property=\"og:image:type\" content=\"image\/jpeg\" \/>\n<meta name=\"twitter:card\" content=\"summary_large_image\" \/>\n<meta name=\"twitter:label1\" content=\"Tiempo de lectura\" \/>\n\t<meta name=\"twitter:data1\" content=\"2 minutos\" \/>\n<script type=\"application\/ld+json\" class=\"yoast-schema-graph\">{\"@context\":\"https:\/\/schema.org\",\"@graph\":[{\"@type\":\"WebPage\",\"@id\":\"https:\/\/360scooters.com\/es\/producto\/tractor-infantil-ataa-ceres-con-remolque\/\",\"url\":\"https:\/\/360scooters.com\/es\/producto\/tractor-infantil-ataa-ceres-con-remolque\/\",\"name\":\"Tractor infantil ATAA Ceres con remolque - 360Scooters | Tienda-taller de patinetes el\u00e9ctricos\",\"isPartOf\":{\"@id\":\"https:\/\/360scooters.com\/es\/#website\"},\"primaryImageOfPage\":{\"@id\":\"https:\/\/360scooters.com\/es\/producto\/tractor-infantil-ataa-ceres-con-remolque\/#primaryimage\"},\"image\":{\"@id\":\"https:\/\/360scooters.com\/es\/producto\/tractor-infantil-ataa-ceres-con-remolque\/#primaryimage\"},\"thumbnailUrl\":\"https:\/\/360scooters.com\/es\/wp-content\/uploads\/sites\/2\/2024\/11\/tractor-ataa-ceres-con-remolque-ataa.jpg\",\"datePublished\":\"2025-12-01T09:00:55+00:00\",\"dateModified\":\"2025-12-01T11:45:15+00:00\",\"breadcrumb\":{\"@id\":\"https:\/\/360scooters.com\/es\/producto\/tractor-infantil-ataa-ceres-con-remolque\/#breadcrumb\"},\"inLanguage\":\"es\",\"potentialAction\":[{\"@type\":\"ReadAction\",\"target\":[\"https:\/\/360scooters.com\/es\/producto\/tractor-infantil-ataa-ceres-con-remolque\/\"]}]},{\"@type\":\"ImageObject\",\"inLanguage\":\"es\",\"@id\":\"https:\/\/360scooters.com\/es\/producto\/tractor-infantil-ataa-ceres-con-remolque\/#primaryimage\",\"url\":\"https:\/\/360scooters.com\/es\/wp-content\/uploads\/sites\/2\/2024\/11\/tractor-ataa-ceres-con-remolque-ataa.jpg\",\"contentUrl\":\"https:\/\/360scooters.com\/es\/wp-content\/uploads\/sites\/2\/2024\/11\/tractor-ataa-ceres-con-remolque-ataa.jpg\",\"width\":1200,\"height\":1200,\"caption\":\"Tractor infantil ATAA Ceres con remolque\"},{\"@type\":\"BreadcrumbList\",\"@id\":\"https:\/\/360scooters.com\/es\/producto\/tractor-infantil-ataa-ceres-con-remolque\/#breadcrumb\",\"itemListElement\":[{\"@type\":\"ListItem\",\"position\":1,\"name\":\"Portada\",\"item\":\"https:\/\/360scooters.com\/es\/\"},{\"@type\":\"ListItem\",\"position\":2,\"name\":\"Tienda\",\"item\":\"https:\/\/360scooters.com\/es\/tienda\/\"},{\"@type\":\"ListItem\",\"position\":3,\"name\":\"Tractor infantil ATAA Ceres con remolque\"}]},{\"@type\":\"WebSite\",\"@id\":\"https:\/\/360scooters.com\/es\/#website\",\"url\":\"https:\/\/360scooters.com\/es\/\",\"name\":\"360Scooters - Patinetes el\u00e9ctricos en Pen\u00ednsula y Baleares - Patinetes Madrid - Patinetes Alicante - Patinetes Barcelona\",\"description\":\"\",\"publisher\":{\"@id\":\"https:\/\/360scooters.com\/es\/#organization\"},\"potentialAction\":[{\"@type\":\"SearchAction\",\"target\":{\"@type\":\"EntryPoint\",\"urlTemplate\":\"https:\/\/360scooters.com\/es\/?s={search_term_string}\"},\"query-input\":{\"@type\":\"PropertyValueSpecification\",\"valueRequired\":true,\"valueName\":\"search_term_string\"}}],\"inLanguage\":\"es\"},{\"@type\":\"Organization\",\"@id\":\"https:\/\/360scooters.com\/es\/#organization\",\"name\":\"360Scooters - Patinetes el\u00e9ctricos en Pen\u00ednsula y Baleares - Patinetes Madrid - Patinetes Alicante - Patinetes Barcelona\",\"url\":\"https:\/\/360scooters.com\/es\/\",\"logo\":{\"@type\":\"ImageObject\",\"inLanguage\":\"es\",\"@id\":\"https:\/\/360scooters.com\/es\/#\/schema\/logo\/image\/\",\"url\":\"https:\/\/360scooters.com\/es\/wp-content\/uploads\/sites\/2\/2024\/02\/logo-claimweb-e1727166047230.png\",\"contentUrl\":\"https:\/\/360scooters.com\/es\/wp-content\/uploads\/sites\/2\/2024\/02\/logo-claimweb-e1727166047230.png\",\"width\":214,\"height\":54,\"caption\":\"360Scooters - Patinetes el\u00e9ctricos en Pen\u00ednsula y Baleares - Patinetes Madrid - Patinetes Alicante - Patinetes Barcelona\"},\"image\":{\"@id\":\"https:\/\/360scooters.com\/es\/#\/schema\/logo\/image\/\"}}]}<\/script>\n<!-- \/ Yoast SEO plugin. -->","yoast_head_json":{"title":"Tractor infantil ATAA Ceres con remolque - 360Scooters | Tienda-taller de patinetes el\u00e9ctricos","robots":{"index":"index","follow":"follow","max-snippet":"max-snippet:-1","max-image-preview":"max-image-preview:large","max-video-preview":"max-video-preview:-1"},"canonical":"https:\/\/360scooters.com\/es\/producto\/tractor-infantil-ataa-ceres-con-remolque\/","og_locale":"es_ES","og_type":"article","og_title":"Tractor infantil ATAA Ceres con remolque - 360Scooters | Tienda-taller de patinetes el\u00e9ctricos","og_description":"Tractor el\u00e9ctrico para ni\u00f1os con remolque ATAA Ceres, bater\u00eda 12v y mando control remoto ATAA CARS nos presente este atractivo tractor de bater\u00eda para ni\u00f1os\u00a0con remolque desmontable. El\u00a0tractor ATAA Ceres para ni\u00f1os\u00a0es vers\u00e1til y robusto, con acabados de calidad y tantos extras como cualquier otro coche el\u00e9ctrico: luces, mando control remoto, etc.","og_url":"https:\/\/360scooters.com\/es\/producto\/tractor-infantil-ataa-ceres-con-remolque\/","og_site_name":"360Scooters | Tienda-taller de patinetes el\u00e9ctricos","article_modified_time":"2025-12-01T11:45:15+00:00","og_image":[{"width":1200,"height":1200,"url":"https:\/\/360scooters.com\/es\/wp-content\/uploads\/sites\/2\/2024\/11\/tractor-ataa-ceres-con-remolque-ataa.jpg","type":"image\/jpeg"}],"twitter_card":"summary_large_image","twitter_misc":{"Tiempo de lectura":"2 minutos"},"schema":{"@context":"https:\/\/schema.org","@graph":[{"@type":"WebPage","@id":"https:\/\/360scooters.com\/es\/producto\/tractor-infantil-ataa-ceres-con-remolque\/","url":"https:\/\/360scooters.com\/es\/producto\/tractor-infantil-ataa-ceres-con-remolque\/","name":"Tractor infantil ATAA Ceres con remolque - 360Scooters | Tienda-taller de patinetes el\u00e9ctricos","isPartOf":{"@id":"https:\/\/360scooters.com\/es\/#website"},"primaryImageOfPage":{"@id":"https:\/\/360scooters.com\/es\/producto\/tractor-infantil-ataa-ceres-con-remolque\/#primaryimage"},"image":{"@id":"https:\/\/360scooters.com\/es\/producto\/tractor-infantil-ataa-ceres-con-remolque\/#primaryimage"},"thumbnailUrl":"https:\/\/360scooters.com\/es\/wp-content\/uploads\/sites\/2\/2024\/11\/tractor-ataa-ceres-con-remolque-ataa.jpg","datePublished":"2025-12-01T09:00:55+00:00","dateModified":"2025-12-01T11:45:15+00:00","breadcrumb":{"@id":"https:\/\/360scooters.com\/es\/producto\/tractor-infantil-ataa-ceres-con-remolque\/#breadcrumb"},"inLanguage":"es","potentialAction":[{"@type":"ReadAction","target":["https:\/\/360scooters.com\/es\/producto\/tractor-infantil-ataa-ceres-con-remolque\/"]}]},{"@type":"ImageObject","inLanguage":"es","@id":"https:\/\/360scooters.com\/es\/producto\/tractor-infantil-ataa-ceres-con-remolque\/#primaryimage","url":"https:\/\/360scooters.com\/es\/wp-content\/uploads\/sites\/2\/2024\/11\/tractor-ataa-ceres-con-remolque-ataa.jpg","contentUrl":"https:\/\/360scooters.com\/es\/wp-content\/uploads\/sites\/2\/2024\/11\/tractor-ataa-ceres-con-remolque-ataa.jpg","width":1200,"height":1200,"caption":"Tractor infantil ATAA Ceres con remolque"},{"@type":"BreadcrumbList","@id":"https:\/\/360scooters.com\/es\/producto\/tractor-infantil-ataa-ceres-con-remolque\/#breadcrumb","itemListElement":[{"@type":"ListItem","position":1,"name":"Portada","item":"https:\/\/360scooters.com\/es\/"},{"@type":"ListItem","position":2,"name":"Tienda","item":"https:\/\/360scooters.com\/es\/tienda\/"},{"@type":"ListItem","position":3,"name":"Tractor infantil ATAA Ceres con remolque"}]},{"@type":"WebSite","@id":"https:\/\/360scooters.com\/es\/#website","url":"https:\/\/360scooters.com\/es\/","name":"360Scooters - Patinetes el\u00e9ctricos en Pen\u00ednsula y Baleares - Patinetes Madrid - Patinetes Alicante - Patinetes Barcelona","description":"","publisher":{"@id":"https:\/\/360scooters.com\/es\/#organization"},"potentialAction":[{"@type":"SearchAction","target":{"@type":"EntryPoint","urlTemplate":"https:\/\/360scooters.com\/es\/?s={search_term_string}"},"query-input":{"@type":"PropertyValueSpecification","valueRequired":true,"valueName":"search_term_string"}}],"inLanguage":"es"},{"@type":"Organization","@id":"https:\/\/360scooters.com\/es\/#organization","name":"360Scooters - Patinetes el\u00e9ctricos en Pen\u00ednsula y Baleares - Patinetes Madrid - Patinetes Alicante - Patinetes Barcelona","url":"https:\/\/360scooters.com\/es\/","logo":{"@type":"ImageObject","inLanguage":"es","@id":"https:\/\/360scooters.com\/es\/#\/schema\/logo\/image\/","url":"https:\/\/360scooters.com\/es\/wp-content\/uploads\/sites\/2\/2024\/02\/logo-claimweb-e1727166047230.png","contentUrl":"https:\/\/360scooters.com\/es\/wp-content\/uploads\/sites\/2\/2024\/02\/logo-claimweb-e1727166047230.png","width":214,"height":54,"caption":"360Scooters - Patinetes el\u00e9ctricos en Pen\u00ednsula y Baleares - Patinetes Madrid - Patinetes Alicante - Patinetes Barcelona"},"image":{"@id":"https:\/\/360scooters.com\/es\/#\/schema\/logo\/image\/"}}]}},"_links":{"self":[{"href":"https:\/\/360scooters.com\/es\/wp-json\/wp\/v2\/product\/4928","targetHints":{"allow":["GET"]}}],"collection":[{"href":"https:\/\/360scooters.com\/es\/wp-json\/wp\/v2\/product"}],"about":[{"href":"https:\/\/360scooters.com\/es\/wp-json\/wp\/v2\/types\/product"}],"version-history":[{"count":1,"href":"https:\/\/360scooters.com\/es\/wp-json\/wp\/v2\/product\/4928\/revisions"}],"predecessor-version":[{"id":4934,"href":"https:\/\/360scooters.com\/es\/wp-json\/wp\/v2\/product\/4928\/revisions\/4934"}],"wp:featuredmedia":[{"embeddable":true,"href":"https:\/\/360scooters.com\/es\/wp-json\/wp\/v2\/media\/4929"}],"wp:attachment":[{"href":"https:\/\/360scooters.com\/es\/wp-json\/wp\/v2\/media?parent=4928"}],"wp:term":[{"taxonomy":"product_brand","embeddable":true,"href":"https:\/\/360scooters.com\/es\/wp-json\/wp\/v2\/product_brand?post=4928"},{"taxonomy":"product_cat","embeddable":true,"href":"https:\/\/360scooters.com\/es\/wp-json\/wp\/v2\/product_cat?post=4928"},{"taxonomy":"product_tag","embeddable":true,"href":"https:\/\/360scooters.com\/es\/wp-json\/wp\/v2\/product_tag?post=4928"},{"taxonomy":"scooter_compatibility","embeddable":true,"href":"https:\/\/360scooters.com\/es\/wp-json\/wp\/v2\/scooter_compatibility?post=4928"}],"curies":[{"name":"wp","href":"https:\/\/api.w.org\/{rel}","templated":true}]}}