{"id":4881,"date":"2025-12-01T10:00:03","date_gmt":"2025-12-01T09:00:03","guid":{"rendered":"https:\/\/360scooters.com\/es\/?post_type=product&#038;p=4881"},"modified":"2025-12-01T12:47:52","modified_gmt":"2025-12-01T11:47:52","slug":"moto-infantil-vespa-clasica-oficial-12v-licencia-piaggio-blanco-rosa-negro","status":"publish","type":"product","link":"https:\/\/360scooters.com\/es\/producto\/moto-infantil-vespa-clasica-oficial-12v-licencia-piaggio-blanco-rosa-negro\/","title":{"rendered":"Moto infantil Vespa cl\u00e1sica Oficial 12v Licencia Piaggio (blanco\/rosa\/negro)"},"content":{"rendered":"<h3>Moto el\u00e9ctrica para ni\u00f1os y ni\u00f1as a bater\u00eda 12v VESPA oficial &#8211; Piaggio<\/h3>\n<p><strong>La Vespa infantil para ni\u00f1os 12V<\/strong>\u00a0es una r\u00e9plica oficial con licencia Piaggio que cautivar\u00e1 a los peque\u00f1os moteros. Con detalles aut\u00e9nticos como emblemas, logotipos y acabados de la Vespa real, esta\u00a0<strong>motocicleta el\u00e9ctrica infantil<\/strong>\u00a0les har\u00e1 sentir como aut\u00e9nticos conductores. Con un arranque real mediante llave, los ni\u00f1os disfrutar\u00e1n encendiendo su propia moto. Adem\u00e1s, cuenta con un pr\u00e1ctico caj\u00f3n funcional en la parte delantera para llevar peque\u00f1os objetos o juguetes. Los detalles cromados en el motor, manetas y faros a\u00f1aden un toque de elegancia, mientras que la pantalla con indicador de carga de la bater\u00eda permite un seguimiento f\u00e1cil de la autonom\u00eda. Para una experiencia musical divertida,\u00a0<strong>la Vespa para ni\u00f1os viene equipada con altavoces y un reproductor MP3<\/strong>, que se puede conectar a trav\u00e9s de USB, tarjeta SD o mediante conexi\u00f3n Jack al m\u00f3vil. Para mayor seguridad, incorpora ruedines de apoyo que son desmontables y 2 velocidades ajustables, adapt\u00e1ndose as\u00ed a las habilidades de cada ni\u00f1o. Adem\u00e1s, cuenta con un caja porta equipajes trasero completamente funcional y desmontable. El asiento acolchado y revestido en piel (marr\u00f3n en la Vespa blanca,<strong>\u00a0blanco en la Vespa rosa y negro en la Vespa negra, roja y azul<\/strong>) brinda comodidad adicional a los peque\u00f1os conductores. Las luces en los faros delanteros y traseros aseguran una visibilidad adecuada, mientras que el acelerador en pedal proporciona una experiencia de conducci\u00f3n realista.\u00a0<strong>EL veh\u00edculo el\u00e9ctrico Vespa infantil para ni\u00f1os con bater\u00eda 12V combina diversi\u00f3n, estilo y seguridad<\/strong>\u00a0en una sola motocicleta. \u00a1Un regalo perfecto para los amantes de las aventuras sobre ruedas!<\/p>\n<p><strong>Caracter\u00edsticas de la vespa cl\u00e1sica el\u00e9ctrica con 12V:<\/strong><\/p>\n<p>&#8211; Vespa oficial con licencia Piaggio, con emblemas, logotipos y detalles de la Vespa real.<\/p>\n<p>&#8211; Arranque con llave real (le encanta a los ni\u00f1os, les encanta arrancar la moto con su propia llave).<\/p>\n<p>&#8211; Caj\u00f3n funcional en la parte delantera.<\/p>\n<p>&#8211; Detalles cromado en motor, manetas, faros etc.<\/p>\n<p>&#8211; Pantalla con indicador de carga de la bater\u00eda.<\/p>\n<p>&#8211; Altavoces y reproductor MP3 mediante USB, SDCARD o conexi\u00f3n Jack al m\u00f3vil.<\/p>\n<p><strong>&#8211; Ruedines de apoyo para los ni\u00f1os m\u00e1s peque\u00f1os (desmontables).<\/strong><\/p>\n<p><strong>&#8211; 2 Velocidades.<\/strong><\/p>\n<p>&#8211; Caja porta equipajes trasero completamente funcional y desmontable.<\/p>\n<p><strong>&#8211; Asiento acolchado y en piel\u00a0<\/strong>(asiento color marr\u00f3n en Vespa blanca, asiento color blanco en Vespa rosa y asiento color negro en Vespa negra) para m\u00e1s comodidad de los ni\u00f1os.<\/p>\n<p>&#8211; Luces en faros delanteros y traseros.<\/p>\n<p>&#8211; Acelerador en pedal.<\/p>\n<p>&#8211; Velocidad m\u00e1xima: 5 km\/h.<\/p>\n<p>&#8211; Dimensiones de la moto: 107x51x82 cm.<\/p>\n<p>&#8211; Sonidos de arranque al arrancar la moto y m\u00fasica preinstalada.<\/p>\n<p>&#8211; Marcha hacia delante y hacia atr\u00e1s.<\/p>\n<p><strong>&#8211; Bater\u00eda de alto rendimiento 12v 7ah.<\/strong><\/p>\n<p>&#8211; Dos Motores de 30W (60w total).<\/p>\n<p>&#8211; Instrucciones en Espa\u00f1ol.<\/p>\n<p>&#8211; Certificados CE.<\/p>\n<p>&#8211; Entrega en 24\/48\u00a0laborables.<\/p>\n","protected":false},"excerpt":{"rendered":"<h2>Moto el\u00e9ctrica para ni\u00f1os y ni\u00f1as a bater\u00eda 12v oficial Vespa &#8211; Piaggio<\/h2>\n<p>Flamante\u00a0<strong>moto oficial de la casa Piaggio, modelo Vespa cl\u00e1sica.<\/strong><\/p>\n<p>Moto cuidada hasta el \u00faltimo detalle, manetas y faros cromados, asiento acolchado y en piel para una mayor comodidad para el ni\u00f1o. Ruedines de apoyo extra\u00edbles. Maletero funcional trasero desmontable.<\/p>\n","protected":false},"featured_media":4885,"template":"","meta":[],"product_brand":[],"product_cat":[75],"product_tag":[203],"scooter_compatibility":[],"class_list":{"0":"post-4881","1":"product","2":"type-product","3":"status-publish","4":"has-post-thumbnail","6":"product_cat-infantil","7":"product_tag-moto-infantil","9":"first","10":"instock","11":"sale","12":"taxable","13":"shipping-taxable","14":"purchasable","15":"product-type-variable"},"yoast_head":"<!-- This site is optimized with the Yoast SEO plugin v26.9 - https:\/\/yoast.com\/product\/yoast-seo-wordpress\/ -->\n<title>Moto infantil Vespa cl\u00e1sica Oficial 12v Licencia Piaggio (blanco\/rosa\/negro) - 360Scooters | Tienda-taller de patinetes el\u00e9ctricos<\/title>\n<meta name=\"robots\" content=\"index, follow, max-snippet:-1, max-image-preview:large, max-video-preview:-1\" \/>\n<link rel=\"canonical\" href=\"https:\/\/360scooters.com\/es\/producto\/moto-infantil-vespa-clasica-oficial-12v-licencia-piaggio-blanco-rosa-negro\/\" \/>\n<meta property=\"og:locale\" content=\"es_ES\" \/>\n<meta property=\"og:type\" content=\"article\" \/>\n<meta property=\"og:title\" content=\"Moto infantil Vespa cl\u00e1sica Oficial 12v Licencia Piaggio (blanco\/rosa\/negro) - 360Scooters | Tienda-taller de patinetes el\u00e9ctricos\" \/>\n<meta property=\"og:description\" content=\"Moto el\u00e9ctrica para ni\u00f1os y ni\u00f1as a bater\u00eda 12v oficial Vespa - Piaggio Flamante\u00a0moto oficial de la casa Piaggio, modelo Vespa cl\u00e1sica.  Moto cuidada hasta el \u00faltimo detalle, manetas y faros cromados, asiento acolchado y en piel para una mayor comodidad para el ni\u00f1o. Ruedines de apoyo extra\u00edbles. Maletero funcional trasero desmontable.\" \/>\n<meta property=\"og:url\" content=\"https:\/\/360scooters.com\/es\/producto\/moto-infantil-vespa-clasica-oficial-12v-licencia-piaggio-blanco-rosa-negro\/\" \/>\n<meta property=\"og:site_name\" content=\"360Scooters | Tienda-taller de patinetes el\u00e9ctricos\" \/>\n<meta property=\"article:modified_time\" content=\"2025-12-01T11:47:52+00:00\" \/>\n<meta property=\"og:image\" content=\"https:\/\/360scooters.com\/es\/wp-content\/uploads\/sites\/2\/2024\/11\/vespa-clasica-oficial-12v-licencia-piaggio-ataa.jpg\" \/>\n\t<meta property=\"og:image:width\" content=\"1200\" \/>\n\t<meta property=\"og:image:height\" content=\"1200\" \/>\n\t<meta property=\"og:image:type\" content=\"image\/jpeg\" \/>\n<meta name=\"twitter:card\" content=\"summary_large_image\" \/>\n<meta name=\"twitter:label1\" content=\"Tiempo de lectura\" \/>\n\t<meta name=\"twitter:data1\" content=\"3 minutos\" \/>\n<script type=\"application\/ld+json\" class=\"yoast-schema-graph\">{\"@context\":\"https:\/\/schema.org\",\"@graph\":[{\"@type\":\"WebPage\",\"@id\":\"https:\/\/360scooters.com\/es\/producto\/moto-infantil-vespa-clasica-oficial-12v-licencia-piaggio-blanco-rosa-negro\/\",\"url\":\"https:\/\/360scooters.com\/es\/producto\/moto-infantil-vespa-clasica-oficial-12v-licencia-piaggio-blanco-rosa-negro\/\",\"name\":\"Moto infantil Vespa cl\u00e1sica Oficial 12v Licencia Piaggio (blanco\/rosa\/negro) - 360Scooters | Tienda-taller de patinetes el\u00e9ctricos\",\"isPartOf\":{\"@id\":\"https:\/\/360scooters.com\/es\/#website\"},\"primaryImageOfPage\":{\"@id\":\"https:\/\/360scooters.com\/es\/producto\/moto-infantil-vespa-clasica-oficial-12v-licencia-piaggio-blanco-rosa-negro\/#primaryimage\"},\"image\":{\"@id\":\"https:\/\/360scooters.com\/es\/producto\/moto-infantil-vespa-clasica-oficial-12v-licencia-piaggio-blanco-rosa-negro\/#primaryimage\"},\"thumbnailUrl\":\"https:\/\/360scooters.com\/es\/wp-content\/uploads\/sites\/2\/2024\/11\/vespa-clasica-oficial-12v-licencia-piaggio-ataa.jpg\",\"datePublished\":\"2025-12-01T09:00:03+00:00\",\"dateModified\":\"2025-12-01T11:47:52+00:00\",\"breadcrumb\":{\"@id\":\"https:\/\/360scooters.com\/es\/producto\/moto-infantil-vespa-clasica-oficial-12v-licencia-piaggio-blanco-rosa-negro\/#breadcrumb\"},\"inLanguage\":\"es\",\"potentialAction\":[{\"@type\":\"ReadAction\",\"target\":[\"https:\/\/360scooters.com\/es\/producto\/moto-infantil-vespa-clasica-oficial-12v-licencia-piaggio-blanco-rosa-negro\/\"]}]},{\"@type\":\"ImageObject\",\"inLanguage\":\"es\",\"@id\":\"https:\/\/360scooters.com\/es\/producto\/moto-infantil-vespa-clasica-oficial-12v-licencia-piaggio-blanco-rosa-negro\/#primaryimage\",\"url\":\"https:\/\/360scooters.com\/es\/wp-content\/uploads\/sites\/2\/2024\/11\/vespa-clasica-oficial-12v-licencia-piaggio-ataa.jpg\",\"contentUrl\":\"https:\/\/360scooters.com\/es\/wp-content\/uploads\/sites\/2\/2024\/11\/vespa-clasica-oficial-12v-licencia-piaggio-ataa.jpg\",\"width\":1200,\"height\":1200,\"caption\":\"Moto infantil Vespa cl\u00e1sica Oficial 12v Licencia Piaggio (blanco\/rosa\/negro)\"},{\"@type\":\"BreadcrumbList\",\"@id\":\"https:\/\/360scooters.com\/es\/producto\/moto-infantil-vespa-clasica-oficial-12v-licencia-piaggio-blanco-rosa-negro\/#breadcrumb\",\"itemListElement\":[{\"@type\":\"ListItem\",\"position\":1,\"name\":\"Portada\",\"item\":\"https:\/\/360scooters.com\/es\/\"},{\"@type\":\"ListItem\",\"position\":2,\"name\":\"Tienda\",\"item\":\"https:\/\/360scooters.com\/es\/tienda\/\"},{\"@type\":\"ListItem\",\"position\":3,\"name\":\"Moto infantil Vespa cl\u00e1sica Oficial 12v Licencia Piaggio (blanco\/rosa\/negro)\"}]},{\"@type\":\"WebSite\",\"@id\":\"https:\/\/360scooters.com\/es\/#website\",\"url\":\"https:\/\/360scooters.com\/es\/\",\"name\":\"360Scooters - Patinetes el\u00e9ctricos en Pen\u00ednsula y Baleares - Patinetes Madrid - Patinetes Alicante - Patinetes Barcelona\",\"description\":\"\",\"publisher\":{\"@id\":\"https:\/\/360scooters.com\/es\/#organization\"},\"potentialAction\":[{\"@type\":\"SearchAction\",\"target\":{\"@type\":\"EntryPoint\",\"urlTemplate\":\"https:\/\/360scooters.com\/es\/?s={search_term_string}\"},\"query-input\":{\"@type\":\"PropertyValueSpecification\",\"valueRequired\":true,\"valueName\":\"search_term_string\"}}],\"inLanguage\":\"es\"},{\"@type\":\"Organization\",\"@id\":\"https:\/\/360scooters.com\/es\/#organization\",\"name\":\"360Scooters - Patinetes el\u00e9ctricos en Pen\u00ednsula y Baleares - Patinetes Madrid - Patinetes Alicante - Patinetes Barcelona\",\"url\":\"https:\/\/360scooters.com\/es\/\",\"logo\":{\"@type\":\"ImageObject\",\"inLanguage\":\"es\",\"@id\":\"https:\/\/360scooters.com\/es\/#\/schema\/logo\/image\/\",\"url\":\"https:\/\/360scooters.com\/es\/wp-content\/uploads\/sites\/2\/2024\/02\/logo-claimweb-e1727166047230.png\",\"contentUrl\":\"https:\/\/360scooters.com\/es\/wp-content\/uploads\/sites\/2\/2024\/02\/logo-claimweb-e1727166047230.png\",\"width\":214,\"height\":54,\"caption\":\"360Scooters - Patinetes el\u00e9ctricos en Pen\u00ednsula y Baleares - Patinetes Madrid - Patinetes Alicante - Patinetes Barcelona\"},\"image\":{\"@id\":\"https:\/\/360scooters.com\/es\/#\/schema\/logo\/image\/\"}}]}<\/script>\n<!-- \/ Yoast SEO plugin. -->","yoast_head_json":{"title":"Moto infantil Vespa cl\u00e1sica Oficial 12v Licencia Piaggio (blanco\/rosa\/negro) - 360Scooters | Tienda-taller de patinetes el\u00e9ctricos","robots":{"index":"index","follow":"follow","max-snippet":"max-snippet:-1","max-image-preview":"max-image-preview:large","max-video-preview":"max-video-preview:-1"},"canonical":"https:\/\/360scooters.com\/es\/producto\/moto-infantil-vespa-clasica-oficial-12v-licencia-piaggio-blanco-rosa-negro\/","og_locale":"es_ES","og_type":"article","og_title":"Moto infantil Vespa cl\u00e1sica Oficial 12v Licencia Piaggio (blanco\/rosa\/negro) - 360Scooters | Tienda-taller de patinetes el\u00e9ctricos","og_description":"Moto el\u00e9ctrica para ni\u00f1os y ni\u00f1as a bater\u00eda 12v oficial Vespa - Piaggio Flamante\u00a0moto oficial de la casa Piaggio, modelo Vespa cl\u00e1sica.  Moto cuidada hasta el \u00faltimo detalle, manetas y faros cromados, asiento acolchado y en piel para una mayor comodidad para el ni\u00f1o. Ruedines de apoyo extra\u00edbles. Maletero funcional trasero desmontable.","og_url":"https:\/\/360scooters.com\/es\/producto\/moto-infantil-vespa-clasica-oficial-12v-licencia-piaggio-blanco-rosa-negro\/","og_site_name":"360Scooters | Tienda-taller de patinetes el\u00e9ctricos","article_modified_time":"2025-12-01T11:47:52+00:00","og_image":[{"width":1200,"height":1200,"url":"https:\/\/360scooters.com\/es\/wp-content\/uploads\/sites\/2\/2024\/11\/vespa-clasica-oficial-12v-licencia-piaggio-ataa.jpg","type":"image\/jpeg"}],"twitter_card":"summary_large_image","twitter_misc":{"Tiempo de lectura":"3 minutos"},"schema":{"@context":"https:\/\/schema.org","@graph":[{"@type":"WebPage","@id":"https:\/\/360scooters.com\/es\/producto\/moto-infantil-vespa-clasica-oficial-12v-licencia-piaggio-blanco-rosa-negro\/","url":"https:\/\/360scooters.com\/es\/producto\/moto-infantil-vespa-clasica-oficial-12v-licencia-piaggio-blanco-rosa-negro\/","name":"Moto infantil Vespa cl\u00e1sica Oficial 12v Licencia Piaggio (blanco\/rosa\/negro) - 360Scooters | Tienda-taller de patinetes el\u00e9ctricos","isPartOf":{"@id":"https:\/\/360scooters.com\/es\/#website"},"primaryImageOfPage":{"@id":"https:\/\/360scooters.com\/es\/producto\/moto-infantil-vespa-clasica-oficial-12v-licencia-piaggio-blanco-rosa-negro\/#primaryimage"},"image":{"@id":"https:\/\/360scooters.com\/es\/producto\/moto-infantil-vespa-clasica-oficial-12v-licencia-piaggio-blanco-rosa-negro\/#primaryimage"},"thumbnailUrl":"https:\/\/360scooters.com\/es\/wp-content\/uploads\/sites\/2\/2024\/11\/vespa-clasica-oficial-12v-licencia-piaggio-ataa.jpg","datePublished":"2025-12-01T09:00:03+00:00","dateModified":"2025-12-01T11:47:52+00:00","breadcrumb":{"@id":"https:\/\/360scooters.com\/es\/producto\/moto-infantil-vespa-clasica-oficial-12v-licencia-piaggio-blanco-rosa-negro\/#breadcrumb"},"inLanguage":"es","potentialAction":[{"@type":"ReadAction","target":["https:\/\/360scooters.com\/es\/producto\/moto-infantil-vespa-clasica-oficial-12v-licencia-piaggio-blanco-rosa-negro\/"]}]},{"@type":"ImageObject","inLanguage":"es","@id":"https:\/\/360scooters.com\/es\/producto\/moto-infantil-vespa-clasica-oficial-12v-licencia-piaggio-blanco-rosa-negro\/#primaryimage","url":"https:\/\/360scooters.com\/es\/wp-content\/uploads\/sites\/2\/2024\/11\/vespa-clasica-oficial-12v-licencia-piaggio-ataa.jpg","contentUrl":"https:\/\/360scooters.com\/es\/wp-content\/uploads\/sites\/2\/2024\/11\/vespa-clasica-oficial-12v-licencia-piaggio-ataa.jpg","width":1200,"height":1200,"caption":"Moto infantil Vespa cl\u00e1sica Oficial 12v Licencia Piaggio (blanco\/rosa\/negro)"},{"@type":"BreadcrumbList","@id":"https:\/\/360scooters.com\/es\/producto\/moto-infantil-vespa-clasica-oficial-12v-licencia-piaggio-blanco-rosa-negro\/#breadcrumb","itemListElement":[{"@type":"ListItem","position":1,"name":"Portada","item":"https:\/\/360scooters.com\/es\/"},{"@type":"ListItem","position":2,"name":"Tienda","item":"https:\/\/360scooters.com\/es\/tienda\/"},{"@type":"ListItem","position":3,"name":"Moto infantil Vespa cl\u00e1sica Oficial 12v Licencia Piaggio (blanco\/rosa\/negro)"}]},{"@type":"WebSite","@id":"https:\/\/360scooters.com\/es\/#website","url":"https:\/\/360scooters.com\/es\/","name":"360Scooters - Patinetes el\u00e9ctricos en Pen\u00ednsula y Baleares - Patinetes Madrid - Patinetes Alicante - Patinetes Barcelona","description":"","publisher":{"@id":"https:\/\/360scooters.com\/es\/#organization"},"potentialAction":[{"@type":"SearchAction","target":{"@type":"EntryPoint","urlTemplate":"https:\/\/360scooters.com\/es\/?s={search_term_string}"},"query-input":{"@type":"PropertyValueSpecification","valueRequired":true,"valueName":"search_term_string"}}],"inLanguage":"es"},{"@type":"Organization","@id":"https:\/\/360scooters.com\/es\/#organization","name":"360Scooters - Patinetes el\u00e9ctricos en Pen\u00ednsula y Baleares - Patinetes Madrid - Patinetes Alicante - Patinetes Barcelona","url":"https:\/\/360scooters.com\/es\/","logo":{"@type":"ImageObject","inLanguage":"es","@id":"https:\/\/360scooters.com\/es\/#\/schema\/logo\/image\/","url":"https:\/\/360scooters.com\/es\/wp-content\/uploads\/sites\/2\/2024\/02\/logo-claimweb-e1727166047230.png","contentUrl":"https:\/\/360scooters.com\/es\/wp-content\/uploads\/sites\/2\/2024\/02\/logo-claimweb-e1727166047230.png","width":214,"height":54,"caption":"360Scooters - Patinetes el\u00e9ctricos en Pen\u00ednsula y Baleares - Patinetes Madrid - Patinetes Alicante - Patinetes Barcelona"},"image":{"@id":"https:\/\/360scooters.com\/es\/#\/schema\/logo\/image\/"}}]}},"_links":{"self":[{"href":"https:\/\/360scooters.com\/es\/wp-json\/wp\/v2\/product\/4881","targetHints":{"allow":["GET"]}}],"collection":[{"href":"https:\/\/360scooters.com\/es\/wp-json\/wp\/v2\/product"}],"about":[{"href":"https:\/\/360scooters.com\/es\/wp-json\/wp\/v2\/types\/product"}],"version-history":[{"count":2,"href":"https:\/\/360scooters.com\/es\/wp-json\/wp\/v2\/product\/4881\/revisions"}],"predecessor-version":[{"id":9897,"href":"https:\/\/360scooters.com\/es\/wp-json\/wp\/v2\/product\/4881\/revisions\/9897"}],"wp:featuredmedia":[{"embeddable":true,"href":"https:\/\/360scooters.com\/es\/wp-json\/wp\/v2\/media\/4885"}],"wp:attachment":[{"href":"https:\/\/360scooters.com\/es\/wp-json\/wp\/v2\/media?parent=4881"}],"wp:term":[{"taxonomy":"product_brand","embeddable":true,"href":"https:\/\/360scooters.com\/es\/wp-json\/wp\/v2\/product_brand?post=4881"},{"taxonomy":"product_cat","embeddable":true,"href":"https:\/\/360scooters.com\/es\/wp-json\/wp\/v2\/product_cat?post=4881"},{"taxonomy":"product_tag","embeddable":true,"href":"https:\/\/360scooters.com\/es\/wp-json\/wp\/v2\/product_tag?post=4881"},{"taxonomy":"scooter_compatibility","embeddable":true,"href":"https:\/\/360scooters.com\/es\/wp-json\/wp\/v2\/scooter_compatibility?post=4881"}],"curies":[{"name":"wp","href":"https:\/\/api.w.org\/{rel}","templated":true}]}}